{"id":7070,"date":"2026-01-21T10:22:08","date_gmt":"2026-01-21T07:22:08","guid":{"rendered":"https:\/\/cubukled.com\/?post_type=product&#038;p=7070"},"modified":"2026-01-21T10:50:18","modified_gmt":"2026-01-21T07:50:18","slug":"sd-kartli-dmx512-artnet-kontrol-cihazi","status":"publish","type":"product","link":"https:\/\/cubukled.com\/ru\/sd-kartli-dmx512-artnet-kontrol-cihazi\/","title":{"rendered":"\u041a\u043e\u043d\u0442\u0440\u043e\u043b\u043b\u0435\u0440 DMX512 ARTNET \u0441 \u043f\u043e\u0434\u0434\u0435\u0440\u0436\u043a\u043e\u0439 SD-\u043a\u0430\u0440\u0442\u044b"},"content":{"rendered":"<p>\u041a\u043e\u043d\u0442\u0440\u043e\u043b\u043b\u0435\u0440 DMX512 ARTNET \u0441 \u043f\u043e\u0434\u0434\u0435\u0440\u0436\u043a\u043e\u0439 SD-\u043a\u0430\u0440\u0442 \u2014 \u044d\u0442\u043e \u0440\u0435\u0448\u0435\u043d\u0438\u0435 \u0434\u043b\u044f \u0432\u0430\u0448\u0438\u0445 \u043f\u0440\u043e\u0435\u043a\u0442\u043e\u0432 \u0441 8 \u0432\u0441\u0435\u043b\u0435\u043d\u043d\u044b\u043c\u0438, \u0433\u0434\u0435 \u0432\u044b \u043d\u0435 \u0445\u043e\u0442\u0438\u0442\u0435 \u0438\u0441\u043f\u043e\u043b\u044c\u0437\u043e\u0432\u0430\u0442\u044c \u043a\u043e\u043c\u043f\u044c\u044e\u0442\u0435\u0440. \u042d\u0442\u043e \u0443\u0441\u0442\u0440\u043e\u0439\u0441\u0442\u0432\u043e \u0438\u043c\u0435\u0435\u0442 8 \u043f\u043e\u0440\u0442\u043e\u0432 \u0438 \u043c\u043e\u0436\u0435\u0442 \u0443\u043f\u0440\u0430\u0432\u043b\u044f\u0442\u044c \u0432 \u043e\u0431\u0449\u0435\u0439 \u0441\u043b\u043e\u0436\u043d\u043e\u0441\u0442\u0438 8 \u0432\u0441\u0435\u043b\u0435\u043d\u043d\u044b\u043c\u0438. \u041e\u043d\u043e \u0442\u0430\u043a\u0436\u0435 \u043e\u0441\u043d\u0430\u0449\u0435\u043d\u043e \u043c\u043e\u0434\u0443\u043b\u0435\u043c Wi-Fi, \u043f\u043e\u0437\u0432\u043e\u043b\u044f\u044e\u0449\u0438\u043c \u043f\u043e\u0434\u043a\u043b\u044e\u0447\u0430\u0442\u044c\u0441\u044f \u043a \u0443\u0441\u0442\u0440\u043e\u0439\u0441\u0442\u0432\u0443 \u0447\u0435\u0440\u0435\u0437 Wi-Fi \u0441 \u0432\u0430\u0448\u0435\u0433\u043e \u043a\u043e\u043c\u043f\u044c\u044e\u0442\u0435\u0440\u0430. SD-\u043a\u0430\u0440\u0442\u0430 \u043f\u043e\u0437\u0432\u043e\u043b\u044f\u0435\u0442 \u0434\u043e\u0431\u0430\u0432\u043b\u044f\u0442\u044c \u0430\u043d\u0438\u043c\u0430\u0446\u0438\u043e\u043d\u043d\u044b\u0435 \u043f\u0430\u0442\u0447\u0438 \u0434\u043b\u044f \u0441\u0432\u0435\u0442\u043e\u0434\u0438\u043e\u0434\u043e\u0432. \u041a\u043e\u043d\u0442\u0440\u043e\u043b\u043b\u0435\u0440 DMX512 \u0441 \u043f\u043e\u0434\u0434\u0435\u0440\u0436\u043a\u043e\u0439 SD-\u043a\u0430\u0440\u0442\u044b \u0441\u0447\u0438\u0442\u044b\u0432\u0430\u0435\u0442 \u0438 \u043e\u0431\u0440\u0430\u0431\u0430\u0442\u044b\u0432\u0430\u0435\u0442 \u0430\u043d\u0438\u043c\u0430\u0446\u0438\u0438, \u0441\u043e\u0437\u0434\u0430\u043d\u043d\u044b\u0435 \u0432\u0430\u043c\u0438 \u0441 \u044d\u0442\u043e\u0439 \u043a\u0430\u0440\u0442\u044b.<\/p>\n<figure id=\"attachment_7074\" aria-describedby=\"caption-attachment-7074\" style=\"width: 400px\" class=\"wp-caption aligncenter\"><a href=\"https:\/\/cubukled.com\/wp-content\/uploads\/2026\/01\/sd-kartli-artnet-node8-dmx.jpg\"><img fetchpriority=\"high\" decoding=\"async\" class=\"size-full wp-image-7074\" src=\"https:\/\/cubukled.com\/wp-content\/uploads\/2026\/01\/sd-kartli-artnet-node8-dmx.jpg\" alt=\"sd kartl\u0131 artnet node8 dmx\" width=\"400\" height=\"400\" srcset=\"https:\/\/cubukled.com\/wp-content\/uploads\/2026\/01\/sd-kartli-artnet-node8-dmx.jpg 400w, https:\/\/cubukled.com\/wp-content\/uploads\/2026\/01\/sd-kartli-artnet-node8-dmx-300x300.jpg 300w, https:\/\/cubukled.com\/wp-content\/uploads\/2026\/01\/sd-kartli-artnet-node8-dmx-150x150.jpg 150w, https:\/\/cubukled.com\/wp-content\/uploads\/2026\/01\/sd-kartli-artnet-node8-dmx-12x12.jpg 12w, https:\/\/cubukled.com\/wp-content\/uploads\/2026\/01\/sd-kartli-artnet-node8-dmx-100x100.jpg 100w\" sizes=\"(max-width: 400px) 100vw, 400px\" \/><\/a><figcaption id=\"caption-attachment-7074\" class=\"wp-caption-text\">\u0423\u0441\u0442\u0440\u043e\u0439\u0441\u0442\u0432\u043e ARTNET node8 DMX \u0441 SD-\u043a\u0430\u0440\u0442\u043e\u0439<\/figcaption><\/figure>\n<p><strong>\u0422\u0435\u0445\u043d\u0438\u0447\u0435\u0441\u043a\u0438\u0435 \u0445\u0430\u0440\u0430\u043a\u0442\u0435\u0440\u0438\u0441\u0442\u0438\u043a\u0438<\/strong><\/p>\n<ul>\n<li>\u041e\u043d\u0430 \u0432\u043c\u0435\u0449\u0430\u0435\u0442 8 \u0412\u0441\u0435\u043b\u0435\u043d\u043d\u044b\u0445.<\/li>\n<li>\u041a\u0430\u0436\u0434\u044b\u0439 \u043f\u043e\u0440\u0442 \u043a\u043e\u043d\u0442\u0440\u043e\u043b\u0438\u0440\u0443\u0435\u0442 1 \u0412\u0441\u0435\u043b\u0435\u043d\u043d\u0443\u044e.<\/li>\n<li>\u042d\u0442\u043e \u043e\u0437\u043d\u0430\u0447\u0430\u0435\u0442, \u0447\u0442\u043e \u0441 \u043f\u043e\u043c\u043e\u0449\u044c\u044e \u043a\u0430\u0436\u0434\u043e\u0433\u043e \u043f\u043e\u0440\u0442\u0430 \u043c\u043e\u0436\u043d\u043e \u0443\u043f\u0440\u0430\u0432\u043b\u044f\u0442\u044c 512 \u043a\u0430\u043d\u0430\u043b\u0430\u043c\u0438.<\/li>\n<li>\u0423\u0441\u0442\u0440\u043e\u0439\u0441\u0442\u0432\u043e \u0440\u0430\u0431\u043e\u0442\u0430\u0435\u0442 \u043e\u0442 \u0438\u0441\u0442\u043e\u0447\u043d\u0438\u043a\u0430 \u043f\u043e\u0441\u0442\u043e\u044f\u043d\u043d\u043e\u0433\u043e \u0442\u043e\u043a\u0430 \u043d\u0430\u043f\u0440\u044f\u0436\u0435\u043d\u0438\u0435\u043c 24 \u0412.<\/li>\n<li>\u0418\u0437\u0434\u0435\u043b\u0438\u0435 \u043e\u0441\u043d\u0430\u0449\u0435\u043d\u043e \u0432\u0441\u0442\u0440\u043e\u0435\u043d\u043d\u044b\u043c \u043c\u043e\u0434\u0443\u043b\u0435\u043c Wi-Fi.<\/li>\n<li>\u0412 \u043d\u0451\u043c \u0435\u0441\u0442\u044c \u043e\u0434\u0438\u043d \u0441\u043b\u043e\u0442 \u0434\u043b\u044f SD-\u043a\u0430\u0440\u0442\u044b.<\/li>\n<\/ul>\n<p><strong>\u041f\u0440\u0438\u043c\u0435\u0440 \u0440\u0430\u0441\u0447\u0435\u0442\u043e\u0432 \u0434\u043b\u044f DMX RGB-\u0443\u0441\u0442\u0440\u043e\u0439\u0441\u0442\u0432\u0430:<\/strong><\/p>\n<ul>\n<li>\u0415\u0441\u043b\u0438 \u0432\u044b \u043e\u0431\u0435\u0441\u043f\u0435\u0447\u0438\u0432\u0430\u0435\u0442\u0435 \u0443\u043f\u0440\u0430\u0432\u043b\u0435\u043d\u0438\u0435 512\/3=170 \u043f\u0438\u043a\u0441\u0435\u043b\u044f\u043c\u0438 \u043d\u0430 \u043f\u043e\u0440\u0442 \u0434\u043b\u044f RGB-\u0443\u0441\u0442\u0440\u043e\u0439\u0441\u0442\u0432\u0430.<\/li>\n<li>\u0415\u0441\u043b\u0438 \u0432\u044b \u0438\u0441\u043f\u043e\u043b\u044c\u0437\u0443\u0435\u0442\u0435 \u043b\u0438\u043d\u0435\u0439\u043d\u044b\u0435 \u0441\u0432\u0435\u0442\u043e\u0434\u0438\u043e\u0434\u043d\u044b\u0435 DMX RGB-\u0438\u0437\u0434\u0435\u043b\u0438\u044f \u0441 \u043f\u043b\u043e\u0442\u043d\u043e\u0441\u0442\u044c\u044e 6 \u043f\u0438\u043a\u0441\u0435\u043b\u0435\u0439 \u043d\u0430 \u043c\u0435\u0442\u0440, \u044d\u0442\u043e \u043e\u0437\u043d\u0430\u0447\u0430\u0435\u0442, \u0447\u0442\u043e \u043d\u0430 \u043a\u0430\u0436\u0434\u044b\u0439 \u043f\u043e\u0440\u0442 \u043f\u043e\u0442\u0440\u0435\u0431\u0443\u0435\u0442\u0441\u044f 170\/6 = 28 \u043c\u0435\u0442\u0440\u043e\u0432.<\/li>\n<li>\u0412 \u0438\u0442\u043e\u0433\u0435, \u044d\u0442\u043e \u0443\u0441\u0442\u0440\u043e\u0439\u0441\u0442\u0432\u043e \u043f\u043e\u0437\u0432\u043e\u043b\u044f\u0435\u0442 \u0443\u043f\u0440\u0430\u0432\u043b\u044f\u0442\u044c \u043f\u0440\u0438\u043c\u0435\u0440\u043d\u043e 224 \u043c\u0435\u0442\u0440\u0430\u043c\u0438 \u043b\u0438\u043d\u0435\u0439\u043d\u044b\u0445 \u0441\u0432\u0435\u0442\u043e\u0434\u0438\u043e\u0434\u043e\u0432 DMX RGB.<\/li>\n<\/ul>\n<p><strong>\u0420\u0430\u0441\u0447\u0435\u0442 \u0434\u043b\u044f \u043f\u0440\u043e\u0434\u0443\u043a\u0442\u0430 DMX RGBW (\u043f\u0440\u0438\u043c\u0435\u0440):<\/strong><\/p>\n<ul>\n<li>\u0415\u0441\u043b\u0438 \u0432\u044b \u043e\u0431\u0435\u0441\u043f\u0435\u0447\u0438\u0432\u0430\u0435\u0442\u0435 \u0443\u043f\u0440\u0430\u0432\u043b\u0435\u043d\u0438\u0435 512\/4=128 \u043f\u0438\u043a\u0441\u0435\u043b\u044f\u043c\u0438 \u043d\u0430 \u043f\u043e\u0440\u0442 \u0434\u043b\u044f RGB-\u0443\u0441\u0442\u0440\u043e\u0439\u0441\u0442\u0432\u0430.<\/li>\n<li>\u0415\u0441\u043b\u0438 \u0432\u044b \u0438\u0441\u043f\u043e\u043b\u044c\u0437\u0443\u0435\u0442\u0435 \u043b\u0438\u043d\u0435\u0439\u043d\u044b\u0435 \u0441\u0432\u0435\u0442\u043e\u0434\u0438\u043e\u0434\u043d\u044b\u0435 DMX RGB-\u0438\u0437\u0434\u0435\u043b\u0438\u044f \u0441 \u043f\u043b\u043e\u0442\u043d\u043e\u0441\u0442\u044c\u044e 6 \u043f\u0438\u043a\u0441\u0435\u043b\u0435\u0439 \u043d\u0430 \u043c\u0435\u0442\u0440, \u044d\u0442\u043e \u043e\u0437\u043d\u0430\u0447\u0430\u0435\u0442 128\/6 = 21 \u043c\u0435\u0442\u0440 \u043d\u0430 \u043f\u043e\u0440\u0442.<\/li>\n<li>\u0412\u043a\u0440\u0430\u0442\u0446\u0435, \u0441 \u043f\u043e\u043c\u043e\u0449\u044c\u044e \u0443\u0441\u0442\u0440\u043e\u0439\u0441\u0442\u0432\u0430, \u043e\u0441\u043d\u0430\u0449\u0435\u043d\u043d\u043e\u0433\u043e SD-\u043a\u0430\u0440\u0442\u043e\u0439, \u0432\u044b \u043c\u043e\u0436\u0435\u0442\u0435 \u0443\u043f\u0440\u0430\u0432\u043b\u044f\u0442\u044c \u043f\u0440\u0438\u043c\u0435\u0440\u043d\u043e 168 \u043c\u0435\u0442\u0440\u0430\u043c\u0438 \u043b\u0438\u043d\u0435\u0439\u043d\u044b\u0445 \u0441\u0432\u0435\u0442\u043e\u0434\u0438\u043e\u0434\u043e\u0432 DMX RGBW.<\/li>\n<\/ul>\n<p>\u041f\u0440\u043e\u0434\u0443\u043a\u0442 ARTNET \u0441 \u043c\u043e\u0434\u0443\u043b\u0435\u043c Wi-Fi \u043c\u043e\u0436\u043d\u043e \u0438\u0441\u043f\u043e\u043b\u044c\u0437\u043e\u0432\u0430\u0442\u044c \u0432 \u043f\u0440\u043e\u0435\u043a\u0442\u0430\u0445 \u043f\u043e \u043e\u0441\u0432\u0435\u0449\u0435\u043d\u0438\u044e \u0444\u0430\u0441\u0430\u0434\u043e\u0432 \u043f\u043e\u043c\u0435\u0449\u0435\u043d\u0438\u0439 \u043f\u043e \u043f\u0440\u043e\u0442\u043e\u043a\u043e\u043b\u0443 DMX \u0438 \u0441\u0432\u0435\u0442\u043e\u0434\u0438\u043e\u0434\u043d\u043e\u0439 \u0430\u043d\u0438\u043c\u0430\u0446\u0438\u0438. \u042d\u0442\u043e \u043f\u043e\u0437\u0432\u043e\u043b\u044f\u0435\u0442 \u0441\u043e\u0437\u0434\u0430\u0432\u0430\u0442\u044c \u0430\u043d\u0438\u043c\u0430\u0446\u0438\u0438 \u0432 \u043f\u0440\u043e\u0435\u043a\u0442\u0430\u0445, \u0441\u043e\u0434\u0435\u0440\u0436\u0430\u0449\u0438\u0445 \u043d\u0435 \u0431\u043e\u043b\u0435\u0435 8 \u0432\u0441\u0435\u043b\u0435\u043d\u043d\u044b\u0445, \u0431\u0435\u0437 \u0438\u0441\u043f\u043e\u043b\u044c\u0437\u043e\u0432\u0430\u043d\u0438\u044f \u043a\u043e\u043c\u043f\u044c\u044e\u0442\u0435\u0440\u0430 \u0438\u043b\u0438 \u043f\u0440\u043e\u0433\u0440\u0430\u043c\u043c\u043d\u043e\u0433\u043e \u043e\u0431\u0435\u0441\u043f\u0435\u0447\u0435\u043d\u0438\u044f.<\/p>","protected":false},"excerpt":{"rendered":"<p><strong>\u041f\u0440\u043e\u0442\u043e\u043a\u043e\u043b:<\/strong> DMX512<\/p>\n<p><strong>\u0420\u0430\u0431\u043e\u0447\u0435\u0435 \u043d\u0430\u043f\u0440\u044f\u0436\u0435\u043d\u0438\u0435:<\/strong> 24 \u0412 \u043f\u043e\u0441\u0442\u043e\u044f\u043d\u043d\u043e\u0433\u043e \u0442\u043e\u043a\u0430<\/p>\n<p><strong>\u041a\u043e\u043d\u0442\u0440\u043e\u043b\u044c:<\/strong> 8 \u043f\u043e\u0440\u0442\u043e\u0432 x 512 \u043a\u0430\u043d\u0430\u043b\u043e\u0432<\/p>\n<p><strong>\u041a\u043e\u043c\u043c\u0443\u043d\u0438\u043a\u0430\u0446\u0438\u044f:<\/strong> 1 \u043c\u043e\u0434\u0443\u043b\u044c Wi-Fi<\/p>\n<p><strong>\u0412\u0445\u043e\u0434:<\/strong> 1 \u0441\u043b\u043e\u0442 \u0434\u043b\u044f SD-\u043a\u0430\u0440\u0442\u044b<\/p>","protected":false},"featured_media":7071,"template":"","meta":{"_joinchat":[]},"product_brand":[],"product_cat":[3411],"product_tag":[3450],"class_list":{"0":"post-7070","1":"product","2":"type-product","3":"status-publish","4":"has-post-thumbnail","6":"product_cat-dmx-kontrol-sistemleri","7":"product_tag-dmx512-artnet-kontrol-cihazi","9":"first","10":"instock","11":"sale","12":"taxable","13":"shipping-taxable","14":"purchasable","15":"product-type-simple","16":"customify-col"},"yoast_head":"<!-- This site is optimized with the Yoast SEO plugin v27.2 - https:\/\/yoast.com\/product\/yoast-seo-wordpress\/ -->\n<title>SD Kartl\u0131 DMX512 Artnet Kontrol Cihaz\u0131 - Wi-Fi Mod\u00fcll\u00fc<\/title>\n<meta name=\"description\" content=\"SD kartl\u0131 DMX512 ARTNET kontrol cihaz\u0131 8 evren \u00e7al\u0131\u015ft\u0131r\u0131r. Yani 8 adet 512 kanal kontrol vard\u0131r. \u00dcr\u00fcnde Wi-Fi mod\u00fcl de vard\u0131r.\" \/>\n<meta name=\"robots\" content=\"index, follow, max-snippet:-1, max-image-preview:large, max-video-preview:-1\" \/>\n<link rel=\"canonical\" href=\"https:\/\/cubukled.com\/ru\/sd-kartli-dmx512-artnet-kontrol-cihazi\/\" \/>\n<meta property=\"og:locale\" content=\"ru_RU\" \/>\n<meta property=\"og:type\" content=\"article\" \/>\n<meta property=\"og:title\" content=\"SD Kartl\u0131 DMX512 Artnet Kontrol Cihaz\u0131 - Wi-Fi Mod\u00fcll\u00fc\" \/>\n<meta property=\"og:description\" content=\"SD kartl\u0131 DMX512 ARTNET kontrol cihaz\u0131 8 evren \u00e7al\u0131\u015ft\u0131r\u0131r. Yani 8 adet 512 kanal kontrol vard\u0131r. \u00dcr\u00fcnde Wi-Fi mod\u00fcl de vard\u0131r.\" \/>\n<meta property=\"og:url\" content=\"https:\/\/cubukled.com\/ru\/sd-kartli-dmx512-artnet-kontrol-cihazi\/\" \/>\n<meta property=\"og:site_name\" content=\"\u00c7ubuk LED\" \/>\n<meta property=\"article:publisher\" content=\"https:\/\/www.facebook.com\/cubukled\" \/>\n<meta property=\"article:modified_time\" content=\"2026-01-21T07:50:18+00:00\" \/>\n<meta property=\"og:image\" content=\"https:\/\/cubukled.com\/wp-content\/uploads\/2026\/01\/sd-kartli-dmx512-artnet.jpg\" \/>\n\t<meta property=\"og:image:width\" content=\"600\" \/>\n\t<meta property=\"og:image:height\" content=\"600\" \/>\n\t<meta property=\"og:image:type\" content=\"image\/jpeg\" \/>\n<meta name=\"twitter:card\" content=\"summary_large_image\" \/>\n<meta name=\"twitter:site\" content=\"@cubukled\" \/>\n<meta name=\"twitter:label1\" content=\"\u041f\u0440\u0438\u043c\u0435\u0440\u043d\u043e\u0435 \u0432\u0440\u0435\u043c\u044f \u0434\u043b\u044f \u0447\u0442\u0435\u043d\u0438\u044f\" \/>\n\t<meta name=\"twitter:data1\" content=\"2 \u043c\u0438\u043d\u0443\u0442\u044b\" \/>\n<script type=\"application\/ld+json\" class=\"yoast-schema-graph\">{\"@context\":\"https:\/\/schema.org\",\"@graph\":[{\"@type\":[\"WebPage\",\"ItemPage\"],\"@id\":\"https:\/\/cubukled.com\/sd-kartli-dmx512-artnet-kontrol-cihazi\/\",\"url\":\"https:\/\/cubukled.com\/sd-kartli-dmx512-artnet-kontrol-cihazi\/\",\"name\":\"SD Kartl\u0131 DMX512 Artnet Kontrol Cihaz\u0131 - Wi-Fi Mod\u00fcll\u00fc\",\"isPartOf\":{\"@id\":\"https:\/\/cubukled.com\/#website\"},\"primaryImageOfPage\":{\"@id\":\"https:\/\/cubukled.com\/sd-kartli-dmx512-artnet-kontrol-cihazi\/#primaryimage\"},\"image\":{\"@id\":\"https:\/\/cubukled.com\/sd-kartli-dmx512-artnet-kontrol-cihazi\/#primaryimage\"},\"thumbnailUrl\":\"https:\/\/cubukled.com\/wp-content\/uploads\/2026\/01\/sd-kartli-dmx512-artnet.jpg\",\"datePublished\":\"2026-01-21T07:22:08+00:00\",\"dateModified\":\"2026-01-21T07:50:18+00:00\",\"description\":\"SD kartl\u0131 DMX512 ARTNET kontrol cihaz\u0131 8 evren \u00e7al\u0131\u015ft\u0131r\u0131r. Yani 8 adet 512 kanal kontrol vard\u0131r. \u00dcr\u00fcnde Wi-Fi mod\u00fcl de vard\u0131r.\",\"breadcrumb\":{\"@id\":\"https:\/\/cubukled.com\/sd-kartli-dmx512-artnet-kontrol-cihazi\/#breadcrumb\"},\"inLanguage\":\"ru-RU\",\"potentialAction\":[{\"@type\":\"ReadAction\",\"target\":[\"https:\/\/cubukled.com\/sd-kartli-dmx512-artnet-kontrol-cihazi\/\"]}]},{\"@type\":\"ImageObject\",\"inLanguage\":\"ru-RU\",\"@id\":\"https:\/\/cubukled.com\/sd-kartli-dmx512-artnet-kontrol-cihazi\/#primaryimage\",\"url\":\"https:\/\/cubukled.com\/wp-content\/uploads\/2026\/01\/sd-kartli-dmx512-artnet.jpg\",\"contentUrl\":\"https:\/\/cubukled.com\/wp-content\/uploads\/2026\/01\/sd-kartli-dmx512-artnet.jpg\",\"width\":600,\"height\":600,\"caption\":\"SD kartl\u0131 DMX512 artnet\"},{\"@type\":\"BreadcrumbList\",\"@id\":\"https:\/\/cubukled.com\/sd-kartli-dmx512-artnet-kontrol-cihazi\/#breadcrumb\",\"itemListElement\":[{\"@type\":\"ListItem\",\"position\":1,\"name\":\"Ana sayfa\",\"item\":\"https:\/\/cubukled.com\/\"},{\"@type\":\"ListItem\",\"position\":2,\"name\":\"Ma\u011faza\",\"item\":\"https:\/\/cubukled.com\/magaza\/\"},{\"@type\":\"ListItem\",\"position\":3,\"name\":\"SD KARTLI DMX512 ARTNET Kontrol Cihaz\u0131\"}]},{\"@type\":\"WebSite\",\"@id\":\"https:\/\/cubukled.com\/#website\",\"url\":\"https:\/\/cubukled.com\/\",\"name\":\"\u00c7ubuk LED\",\"description\":\"Cephe Ayd\u0131nlatma, Ayd\u0131nlatma Tasar\u0131m\u0131, D\u0131\u015f Mekan Animasyon Sistemleri, RGB DMX Cephe LED Animasyon\",\"publisher\":{\"@id\":\"https:\/\/cubukled.com\/#organization\"},\"alternateName\":\"cubukled\",\"potentialAction\":[{\"@type\":\"SearchAction\",\"target\":{\"@type\":\"EntryPoint\",\"urlTemplate\":\"https:\/\/cubukled.com\/?s={search_term_string}\"},\"query-input\":{\"@type\":\"PropertyValueSpecification\",\"valueRequired\":true,\"valueName\":\"search_term_string\"}}],\"inLanguage\":\"ru-RU\"},{\"@type\":\"Organization\",\"@id\":\"https:\/\/cubukled.com\/#organization\",\"name\":\"\u00c7ubuk LED\",\"alternateName\":\"cubukled\",\"url\":\"https:\/\/cubukled.com\/\",\"logo\":{\"@type\":\"ImageObject\",\"inLanguage\":\"ru-RU\",\"@id\":\"https:\/\/cubukled.com\/#\/schema\/logo\/image\/\",\"url\":\"https:\/\/cubukled.com\/wp-content\/uploads\/2020\/06\/cubukled-logo.jpeg\",\"contentUrl\":\"https:\/\/cubukled.com\/wp-content\/uploads\/2020\/06\/cubukled-logo.jpeg\",\"width\":1169,\"height\":669,\"caption\":\"\u00c7ubuk LED\"},\"image\":{\"@id\":\"https:\/\/cubukled.com\/#\/schema\/logo\/image\/\"},\"sameAs\":[\"https:\/\/www.facebook.com\/cubukled\",\"https:\/\/x.com\/cubukled\",\"https:\/\/tr.pinterest.com\/Cubuk_Led\/\",\"https:\/\/www.instagram.com\/cubukled\/\",\"https:\/\/www.linkedin.com\/company\/cubukled\",\"https:\/\/www.threads.net\/@cubukled\",\"https:\/\/www.youtube.com\/@cubukled\",\"https:\/\/twitter.com\/cubukled\"]}]}<\/script>\n<!-- \/ Yoast SEO plugin. -->","yoast_head_json":{"title":"SD Kartl\u0131 DMX512 Artnet Kontrol Cihaz\u0131 - Wi-Fi Mod\u00fcll\u00fc","description":"SD kartl\u0131 DMX512 ARTNET kontrol cihaz\u0131 8 evren \u00e7al\u0131\u015ft\u0131r\u0131r. Yani 8 adet 512 kanal kontrol vard\u0131r. \u00dcr\u00fcnde Wi-Fi mod\u00fcl de vard\u0131r.","robots":{"index":"index","follow":"follow","max-snippet":"max-snippet:-1","max-image-preview":"max-image-preview:large","max-video-preview":"max-video-preview:-1"},"canonical":"https:\/\/cubukled.com\/ru\/sd-kartli-dmx512-artnet-kontrol-cihazi\/","og_locale":"ru_RU","og_type":"article","og_title":"SD Kartl\u0131 DMX512 Artnet Kontrol Cihaz\u0131 - Wi-Fi Mod\u00fcll\u00fc","og_description":"SD kartl\u0131 DMX512 ARTNET kontrol cihaz\u0131 8 evren \u00e7al\u0131\u015ft\u0131r\u0131r. Yani 8 adet 512 kanal kontrol vard\u0131r. \u00dcr\u00fcnde Wi-Fi mod\u00fcl de vard\u0131r.","og_url":"https:\/\/cubukled.com\/ru\/sd-kartli-dmx512-artnet-kontrol-cihazi\/","og_site_name":"\u00c7ubuk LED","article_publisher":"https:\/\/www.facebook.com\/cubukled","article_modified_time":"2026-01-21T07:50:18+00:00","og_image":[{"width":600,"height":600,"url":"https:\/\/cubukled.com\/wp-content\/uploads\/2026\/01\/sd-kartli-dmx512-artnet.jpg","type":"image\/jpeg"}],"twitter_card":"summary_large_image","twitter_site":"@cubukled","twitter_misc":{"\u041f\u0440\u0438\u043c\u0435\u0440\u043d\u043e\u0435 \u0432\u0440\u0435\u043c\u044f \u0434\u043b\u044f \u0447\u0442\u0435\u043d\u0438\u044f":"2 \u043c\u0438\u043d\u0443\u0442\u044b"},"schema":{"@context":"https:\/\/schema.org","@graph":[{"@type":["WebPage","ItemPage"],"@id":"https:\/\/cubukled.com\/sd-kartli-dmx512-artnet-kontrol-cihazi\/","url":"https:\/\/cubukled.com\/sd-kartli-dmx512-artnet-kontrol-cihazi\/","name":"SD Kartl\u0131 DMX512 Artnet Kontrol Cihaz\u0131 - Wi-Fi Mod\u00fcll\u00fc","isPartOf":{"@id":"https:\/\/cubukled.com\/#website"},"primaryImageOfPage":{"@id":"https:\/\/cubukled.com\/sd-kartli-dmx512-artnet-kontrol-cihazi\/#primaryimage"},"image":{"@id":"https:\/\/cubukled.com\/sd-kartli-dmx512-artnet-kontrol-cihazi\/#primaryimage"},"thumbnailUrl":"https:\/\/cubukled.com\/wp-content\/uploads\/2026\/01\/sd-kartli-dmx512-artnet.jpg","datePublished":"2026-01-21T07:22:08+00:00","dateModified":"2026-01-21T07:50:18+00:00","description":"SD kartl\u0131 DMX512 ARTNET kontrol cihaz\u0131 8 evren \u00e7al\u0131\u015ft\u0131r\u0131r. Yani 8 adet 512 kanal kontrol vard\u0131r. \u00dcr\u00fcnde Wi-Fi mod\u00fcl de vard\u0131r.","breadcrumb":{"@id":"https:\/\/cubukled.com\/sd-kartli-dmx512-artnet-kontrol-cihazi\/#breadcrumb"},"inLanguage":"ru-RU","potentialAction":[{"@type":"ReadAction","target":["https:\/\/cubukled.com\/sd-kartli-dmx512-artnet-kontrol-cihazi\/"]}]},{"@type":"ImageObject","inLanguage":"ru-RU","@id":"https:\/\/cubukled.com\/sd-kartli-dmx512-artnet-kontrol-cihazi\/#primaryimage","url":"https:\/\/cubukled.com\/wp-content\/uploads\/2026\/01\/sd-kartli-dmx512-artnet.jpg","contentUrl":"https:\/\/cubukled.com\/wp-content\/uploads\/2026\/01\/sd-kartli-dmx512-artnet.jpg","width":600,"height":600,"caption":"SD kartl\u0131 DMX512 artnet"},{"@type":"BreadcrumbList","@id":"https:\/\/cubukled.com\/sd-kartli-dmx512-artnet-kontrol-cihazi\/#breadcrumb","itemListElement":[{"@type":"ListItem","position":1,"name":"Ana sayfa","item":"https:\/\/cubukled.com\/"},{"@type":"ListItem","position":2,"name":"Ma\u011faza","item":"https:\/\/cubukled.com\/magaza\/"},{"@type":"ListItem","position":3,"name":"SD KARTLI DMX512 ARTNET Kontrol Cihaz\u0131"}]},{"@type":"WebSite","@id":"https:\/\/cubukled.com\/#website","url":"https:\/\/cubukled.com\/","name":"\u0421\u0442\u0435\u0440\u0436\u043d\u0435\u0432\u043e\u0439 \u0441\u0432\u0435\u0442\u043e\u0434\u0438\u043e\u0434","description":"\u0424\u0430\u0441\u0430\u0434\u043d\u043e\u0435 \u043e\u0441\u0432\u0435\u0449\u0435\u043d\u0438\u0435, \u0434\u0438\u0437\u0430\u0439\u043d \u043e\u0441\u0432\u0435\u0449\u0435\u043d\u0438\u044f, \u0441\u0438\u0441\u0442\u0435\u043c\u044b \u043d\u0430\u0440\u0443\u0436\u043d\u043e\u0439 \u0430\u043d\u0438\u043c\u0430\u0446\u0438\u0438, \u0441\u0432\u0435\u0442\u043e\u0434\u0438\u043e\u0434\u043d\u0430\u044f \u0430\u043d\u0438\u043c\u0430\u0446\u0438\u044f \u0444\u0430\u0441\u0430\u0434\u0430 RGB DMX","publisher":{"@id":"https:\/\/cubukled.com\/#organization"},"alternateName":"cubukled","potentialAction":[{"@type":"SearchAction","target":{"@type":"EntryPoint","urlTemplate":"https:\/\/cubukled.com\/?s={search_term_string}"},"query-input":{"@type":"PropertyValueSpecification","valueRequired":true,"valueName":"search_term_string"}}],"inLanguage":"ru-RU"},{"@type":"Organization","@id":"https:\/\/cubukled.com\/#organization","name":"\u0421\u0442\u0435\u0440\u0436\u043d\u0435\u0432\u043e\u0439 \u0441\u0432\u0435\u0442\u043e\u0434\u0438\u043e\u0434","alternateName":"cubukled","url":"https:\/\/cubukled.com\/","logo":{"@type":"ImageObject","inLanguage":"ru-RU","@id":"https:\/\/cubukled.com\/#\/schema\/logo\/image\/","url":"https:\/\/cubukled.com\/wp-content\/uploads\/2020\/06\/cubukled-logo.jpeg","contentUrl":"https:\/\/cubukled.com\/wp-content\/uploads\/2020\/06\/cubukled-logo.jpeg","width":1169,"height":669,"caption":"\u00c7ubuk LED"},"image":{"@id":"https:\/\/cubukled.com\/#\/schema\/logo\/image\/"},"sameAs":["https:\/\/www.facebook.com\/cubukled","https:\/\/x.com\/cubukled","https:\/\/tr.pinterest.com\/Cubuk_Led\/","https:\/\/www.instagram.com\/cubukled\/","https:\/\/www.linkedin.com\/company\/cubukled","https:\/\/www.threads.net\/@cubukled","https:\/\/www.youtube.com\/@cubukled","https:\/\/twitter.com\/cubukled"]}]}},"_links":{"self":[{"href":"https:\/\/cubukled.com\/ru\/wp-json\/wp\/v2\/product\/7070","targetHints":{"allow":["GET"]}}],"collection":[{"href":"https:\/\/cubukled.com\/ru\/wp-json\/wp\/v2\/product"}],"about":[{"href":"https:\/\/cubukled.com\/ru\/wp-json\/wp\/v2\/types\/product"}],"wp:featuredmedia":[{"embeddable":true,"href":"https:\/\/cubukled.com\/ru\/wp-json\/wp\/v2\/media\/7071"}],"wp:attachment":[{"href":"https:\/\/cubukled.com\/ru\/wp-json\/wp\/v2\/media?parent=7070"}],"wp:term":[{"taxonomy":"product_brand","embeddable":true,"href":"https:\/\/cubukled.com\/ru\/wp-json\/wp\/v2\/product_brand?post=7070"},{"taxonomy":"product_cat","embeddable":true,"href":"https:\/\/cubukled.com\/ru\/wp-json\/wp\/v2\/product_cat?post=7070"},{"taxonomy":"product_tag","embeddable":true,"href":"https:\/\/cubukled.com\/ru\/wp-json\/wp\/v2\/product_tag?post=7070"}],"curies":[{"name":"WP","href":"https:\/\/api.w.org\/{rel}","templated":true}]}}