{"id":6874,"date":"2026-01-07T12:02:13","date_gmt":"2026-01-07T09:02:13","guid":{"rendered":"https:\/\/cubukled.com\/?post_type=product&#038;p=6874"},"modified":"2026-01-20T10:44:42","modified_gmt":"2026-01-20T07:44:42","slug":"bar-lun-79-serit-led","status":"publish","type":"product","link":"https:\/\/cubukled.com\/ru\/bar-lun-79-serit-led\/","title":{"rendered":"\u0421\u0432\u0435\u0442\u043e\u0434\u0438\u043e\u0434\u043d\u0430\u044f \u043b\u0435\u043d\u0442\u0430 BAR-LUN-79 \u2013 \u0443\u043b\u044c\u0442\u0440\u0430\u0442\u043e\u043d\u043a\u0430\u044f, 5 \u043c\u043c"},"content":{"rendered":"<p><strong>\u0421\u0432\u0435\u0442\u043e\u0434\u0438\u043e\u0434\u043d\u0430\u044f \u043b\u0435\u043d\u0442\u0430 BAR-LUN-79<\/strong> \u0411\u043b\u0430\u0433\u043e\u0434\u0430\u0440\u044f \u0448\u0438\u0440\u0438\u043d\u0435 5 \u043c\u043c, \u043e\u043d\u0430 \u043e\u0431\u0435\u0441\u043f\u0435\u0447\u0438\u0432\u0430\u0435\u0442 \u043e\u0447\u0435\u043d\u044c \u0442\u043e\u043d\u043a\u043e\u0435 \u043e\u0441\u0432\u0435\u0449\u0435\u043d\u0438\u0435. \u0421\u0432\u0435\u0442\u043e\u0434\u0438\u043e\u0434\u043d\u0430\u044f \u043b\u0435\u043d\u0442\u0430 \u043f\u043e\u0441\u0442\u0430\u0432\u043b\u044f\u0435\u0442\u0441\u044f \u0432 \u0441\u0442\u0430\u043d\u0434\u0430\u0440\u0442\u043d\u043e\u0439 \u043a\u043e\u043c\u043f\u043b\u0435\u043a\u0442\u0430\u0446\u0438\u0438 \u0432 \u0440\u0443\u043b\u043e\u043d\u0430\u0445 \u043f\u043e 5 \u043c\u0435\u0442\u0440\u043e\u0432. \u041d\u0430 \u043e\u0434\u043d\u043e\u043c \u043c\u0435\u0442\u0440\u0435 \u043d\u0430\u0445\u043e\u0434\u0438\u0442\u0441\u044f 120 \u0441\u0432\u0435\u0442\u043e\u0434\u0438\u043e\u0434\u043e\u0432. \u0418\u0437\u0434\u0435\u043b\u0438\u0435 \u043c\u043e\u0436\u043d\u043e \u0438\u0441\u043f\u043e\u043b\u044c\u0437\u043e\u0432\u0430\u0442\u044c \u0432\u043d\u0443\u0442\u0440\u0438 \u043f\u043e\u043c\u0435\u0449\u0435\u043d\u0438\u0439. \u0415\u0433\u043e \u043c\u043e\u0436\u043d\u043e \u043f\u0440\u0438\u043a\u0440\u0435\u043f\u0438\u0442\u044c \u043d\u0435\u043f\u043e\u0441\u0440\u0435\u0434\u0441\u0442\u0432\u0435\u043d\u043d\u043e \u0441 \u043f\u043e\u043c\u043e\u0449\u044c\u044e \u0434\u0432\u0443\u0441\u0442\u043e\u0440\u043e\u043d\u043d\u0435\u0439 \u043a\u043b\u0435\u0439\u043a\u043e\u0439 \u043b\u0435\u043d\u0442\u044b \u0438\u043b\u0438 \u0440\u0430\u0437\u043c\u0435\u0441\u0442\u0438\u0442\u044c \u0432\u043d\u0443\u0442\u0440\u0438 \u043f\u0440\u043e\u0444\u0438\u043b\u044f \u0448\u0438\u0440\u0438\u043d\u043e\u0439 7 \u043c\u043c.<\/p>\n<p>\u042d\u0442\u043e\u0442 \u043f\u0440\u043e\u0434\u0443\u043a\u0442 \u043c\u043e\u0436\u043d\u043e \u0438\u0441\u043f\u043e\u043b\u044c\u0437\u043e\u0432\u0430\u0442\u044c \u0432 \u0442\u0430\u043a\u0438\u0445 \u043e\u0431\u043b\u0430\u0441\u0442\u044f\u0445, \u043a\u0430\u043a \u0432\u0438\u0442\u0440\u0438\u043d\u044b, \u044f\u0449\u0438\u043a\u0438, \u043f\u043e\u043b\u043a\u0438, \u043f\u043e\u0442\u043e\u043b\u043a\u0438 Barrisol, \u043c\u0435\u0431\u0435\u043b\u044c, \u0448\u043a\u0430\u0444\u044b \u0438 \u0441\u043a\u0440\u044b\u0442\u044b\u0435 \u0441\u0432\u0435\u0442\u043e\u0432\u044b\u0435 \u043d\u0438\u0448\u0438. \u0421\u0435\u0440\u0438\u044f \u0441\u0432\u0435\u0442\u043e\u0434\u0438\u043e\u0434\u043d\u044b\u0445 \u043b\u0435\u043d\u0442 \u0432\u043a\u043b\u044e\u0447\u0430\u0435\u0442 \u043c\u043e\u0434\u0435\u043b\u0438, \u0441\u043e\u0432\u043c\u0435\u0441\u0442\u0438\u043c\u044b\u0435 \u0441 \u0434\u0440\u0430\u0439\u0432\u0435\u0440\u0430\u043c\u0438 \u0441\u0432\u0435\u0442\u043e\u0434\u0438\u043e\u0434\u043e\u0432 \u043f\u043e\u0441\u0442\u043e\u044f\u043d\u043d\u043e\u0433\u043e \u0442\u043e\u043a\u0430 \u043d\u0430 12 \u0438\u043b\u0438 24 \u0412.<\/p>\n<figure id=\"attachment_6875\" aria-describedby=\"caption-attachment-6875\" style=\"width: 400px\" class=\"wp-caption aligncenter\"><a href=\"https:\/\/cubukled.com\/wp-content\/uploads\/2026\/01\/5mm-serit-led-olculeri.jpg\"><img fetchpriority=\"high\" decoding=\"async\" class=\"size-full wp-image-6875\" src=\"https:\/\/cubukled.com\/wp-content\/uploads\/2026\/01\/5mm-serit-led-olculeri.jpg\" alt=\"5mm \u015ferit led \u00f6l\u00e7\u00fcleri\" width=\"400\" height=\"200\" srcset=\"https:\/\/cubukled.com\/wp-content\/uploads\/2026\/01\/5mm-serit-led-olculeri.jpg 400w, https:\/\/cubukled.com\/wp-content\/uploads\/2026\/01\/5mm-serit-led-olculeri-300x150.jpg 300w, https:\/\/cubukled.com\/wp-content\/uploads\/2026\/01\/5mm-serit-led-olculeri-18x9.jpg 18w\" sizes=\"(max-width: 400px) 100vw, 400px\" \/><\/a><figcaption id=\"caption-attachment-6875\" class=\"wp-caption-text\">\u0420\u0430\u0437\u043c\u0435\u0440\u044b \u0441\u0432\u0435\u0442\u043e\u0434\u0438\u043e\u0434\u043d\u043e\u0439 \u043b\u0435\u043d\u0442\u044b 5 \u043c\u043c<\/figcaption><\/figure>\n<h2>\u0421\u0432\u0435\u0442\u043e\u0434\u0438\u043e\u0434\u043d\u0430\u044f \u043b\u0435\u043d\u0442\u0430 BAR-LUN-79 5 \u043c\u043c<\/h2>\n<p><strong>\u0421\u0432\u0435\u0442\u043e\u0434\u0438\u043e\u0434\u043d\u0430\u044f \u043b\u0435\u043d\u0442\u0430 0,5 \u0441\u043c <\/strong>\u0434\u043b\u044f \u043c\u043e\u0434\u0435\u043b\u0438 <a href=\"https:\/\/cubukled.com\/ru\/bar-lun-79-led-profil\/\">\u041f\u0440\u043e\u0444\u0438\u043b\u044c \u0441\u0432\u0435\u0442\u043e\u0434\u0438\u043e\u0434\u0430 BAR-LUN-79<\/a> \u041c\u043e\u0436\u043d\u043e \u0438\u0441\u043f\u043e\u043b\u044c\u0437\u043e\u0432\u0430\u0442\u044c \u043f\u043b\u0430\u0441\u0442\u0438\u043a\u043e\u0432\u044b\u0439 \u043a\u043e\u0440\u043f\u0443\u0441. \u041f\u043e\u0441\u043a\u043e\u043b\u044c\u043a\u0443 \u0448\u0438\u0440\u0438\u043d\u0430 \u043a\u043e\u0440\u043f\u0443\u0441\u0430 \u0441\u043e\u0441\u0442\u0430\u0432\u043b\u044f\u0435\u0442 7 \u043c\u043c, \u0432\u043d\u0443\u0442\u0440\u0435\u043d\u043d\u044f\u044f \u043d\u0430\u043f\u0440\u0430\u0432\u043b\u044f\u044e\u0449\u0430\u044f \u043f\u043e\u0434\u043e\u0439\u0434\u0435\u0442 \u0434\u043b\u044f \u044d\u0442\u043e\u0439 \u0441\u0432\u0435\u0442\u043e\u0434\u0438\u043e\u0434\u043d\u043e\u0439 \u043b\u0435\u043d\u0442\u044b.<\/p>\n<table width=\"637\">\n<tbody>\n<tr>\n<td width=\"166\"><strong>\u041f\u0440\u043e\u0434\u0443\u043a\u0442<\/strong><\/td>\n<td width=\"206\"><strong>\u0418\u0441\u0442\u043e\u0447\u043d\u0438\u043a \u043f\u0438\u0442\u0430\u043d\u0438\u044f<\/strong><\/td>\n<td width=\"71\"><strong>\u041a\u043e\u043b\u0438\u0447\u0435\u0441\u0442\u0432\u043e \u0441\u0432\u0435\u0442\u043e\u0434\u0438\u043e\u0434\u043e\u0432<\/strong><\/td>\n<td width=\"130\"><strong>\u0412\u0430\u0440\u0438\u0430\u043d\u0442\u044b \u043e\u0441\u0432\u0435\u0449\u0435\u043d\u0438\u044f<\/strong><\/td>\n<td width=\"64\"><strong>\u0418\u0437\u043c\u0435\u0440\u0438\u0442\u044c<\/strong><\/td>\n<\/tr>\n<tr>\n<td>\u0421\u0432\u0435\u0442\u043e\u0434\u0438\u043e\u0434\u043d\u0430\u044f \u043b\u0435\u043d\u0442\u0430 BAR-LUN-79 5 \u043c\u043c<\/td>\n<td>\u041f\u043e\u0441\u0442\u043e\u044f\u043d\u043d\u043e\u0435 \u043d\u0430\u043f\u0440\u044f\u0436\u0435\u043d\u0438\u0435 12 \u0412 \u043f\u043e\u0441\u0442\u043e\u044f\u043d\u043d\u043e\u0433\u043e \u0442\u043e\u043a\u0430 \u0438\u043b\u0438 24 \u0412 \u043f\u043e\u0441\u0442\u043e\u044f\u043d\u043d\u043e\u0433\u043e \u0442\u043e\u043a\u0430<\/td>\n<td>120 \u0448\u0442\u0443\u043a\/\u043c\u0435\u0442\u0440 2835 \u0447\u0438\u043f\u0441\u043e\u0432<\/td>\n<td>3000K, 4000K, 6500K<\/td>\n<td>0,5 \u0441\u043c<\/td>\n<\/tr>\n<\/tbody>\n<\/table>\n<h2>\u041a\u0430\u043a \u0432\u044b\u0431\u0440\u0430\u0442\u044c \u0442\u0440\u0430\u043d\u0441\u0444\u043e\u0440\u043c\u0430\u0442\u043e\u0440 \u0434\u043b\u044f \u0441\u0432\u0435\u0442\u043e\u0434\u0438\u043e\u0434\u043e\u0432?<\/h2>\n<ul>\n<li>\u0415\u0441\u043b\u0438 \u0438\u0437\u0434\u0435\u043b\u0438\u0435 \u0440\u0430\u0431\u043e\u0442\u0430\u0435\u0442 \u043e\u0442 \u043f\u043e\u0441\u0442\u043e\u044f\u043d\u043d\u043e\u0433\u043e \u0442\u043e\u043a\u0430 12 \u0412 \u0438 \u043f\u043e\u0442\u0440\u0435\u0431\u043b\u044f\u0435\u0442 9,6 \u0412\u0442\/\u043c \u043c\u043e\u0449\u043d\u043e\u0441\u0442\u0438, \u043c\u043e\u0436\u043d\u043e \u0440\u0430\u0441\u0441\u043c\u043e\u0442\u0440\u0435\u0442\u044c \u0431\u043b\u043e\u043a \u043f\u0438\u0442\u0430\u043d\u0438\u044f \u043d\u0430 1 \u0430\u043c\u043f\u0435\u0440 \u043d\u0430 \u043c\u0435\u0442\u0440. \u041f\u043e\u0441\u043a\u043e\u043b\u044c\u043a\u0443 9,6 \u0412\u0442 \/ 12 \u0412 = 800 \u043c\u0410, \u0441\u043b\u0435\u0434\u0443\u0435\u0442 \u0432\u044b\u0431\u0440\u0430\u0442\u044c \u0437\u043d\u0430\u0447\u0435\u043d\u0438\u0435 \u043d\u0430 \u0435\u0434\u0438\u043d\u0438\u0446\u0443 \u0431\u043e\u043b\u044c\u0448\u0435 \u044d\u0442\u043e\u0433\u043e. \u0412\u043e \u0438\u0437\u0431\u0435\u0436\u0430\u043d\u0438\u0435 \u043f\u0430\u0434\u0435\u043d\u0438\u044f \u043d\u0430\u043f\u0440\u044f\u0436\u0435\u043d\u0438\u044f \u0432 \u043f\u043e\u0441\u043b\u0435\u0434\u043e\u0432\u0430\u0442\u0435\u043b\u044c\u043d\u044b\u0445 \u0441\u043e\u0435\u0434\u0438\u043d\u0435\u043d\u0438\u044f\u0445 \u0434\u043b\u0438\u043d\u0430 \u043a\u0430\u0431\u0435\u043b\u044f \u043d\u0435 \u0434\u043e\u043b\u0436\u043d\u0430 \u043f\u0440\u0435\u0432\u044b\u0448\u0430\u0442\u044c 4 \u043c\u0435\u0442\u0440\u0430.<\/li>\n<li>\u0415\u0441\u043b\u0438 \u0438\u0437\u0434\u0435\u043b\u0438\u0435 \u0440\u0430\u0431\u043e\u0442\u0430\u0435\u0442 \u043e\u0442 \u043f\u043e\u0441\u0442\u043e\u044f\u043d\u043d\u043e\u0433\u043e \u0442\u043e\u043a\u0430 24 \u0412 \u0438 \u043f\u043e\u0442\u0440\u0435\u0431\u043b\u044f\u0435\u0442 9,6 \u0412\u0442\/\u043c\u00b2, \u043c\u043e\u0436\u043d\u043e \u0438\u0441\u043f\u043e\u043b\u044c\u0437\u043e\u0432\u0430\u0442\u044c \u0431\u043b\u043e\u043a \u043f\u0438\u0442\u0430\u043d\u0438\u044f \u043d\u0430 1 \u0430\u043c\u043f\u0435\u0440 \u043d\u0430 \u043a\u0430\u0436\u0434\u044b\u0435 \u0434\u0432\u0430 \u043c\u0435\u0442\u0440\u0430. \u041f\u043e\u0441\u043a\u043e\u043b\u044c\u043a\u0443 9,6 \u0412\u0442 \/ 24 \u0412 = 400 \u043c\u0410, \u0442\u043e \u043d\u0430 \u0434\u0432\u0430 \u043c\u0435\u0442\u0440\u0430 \u043f\u043e\u0442\u0440\u0435\u0431\u043b\u044f\u0435\u0442\u0441\u044f 800 \u043c\u0410. \u0421\u043b\u0435\u0434\u0443\u044e\u0449\u0438\u0439 \u043f\u043e \u0432\u0435\u043b\u0438\u0447\u0438\u043d\u0435 \u0430\u043c\u043f\u0435\u0440 \u2014 1 \u0430\u043c\u043f\u0435\u0440. \u0410\u043d\u0430\u043b\u043e\u0433\u0438\u0447\u043d\u043e, \u0447\u0442\u043e\u0431\u044b \u0438\u0437\u0431\u0435\u0436\u0430\u0442\u044c \u043f\u0430\u0434\u0435\u043d\u0438\u044f \u043d\u0430\u043f\u0440\u044f\u0436\u0435\u043d\u0438\u044f \u0432 \u043f\u043e\u0441\u043b\u0435\u0434\u043e\u0432\u0430\u0442\u0435\u043b\u044c\u043d\u044b\u0445 \u0441\u043e\u0435\u0434\u0438\u043d\u0435\u043d\u0438\u044f\u0445, \u0434\u043b\u0438\u043d\u0430 \u043a\u0430\u0431\u0435\u043b\u044f \u043d\u0435 \u0434\u043e\u043b\u0436\u043d\u0430 \u043f\u0440\u0435\u0432\u044b\u0448\u0430\u0442\u044c 4 \u043c\u0435\u0442\u0440\u0430.<\/li>\n<\/ul>\n<p>\u041d\u0430\u043f\u0440\u0438\u043c\u0435\u0440, \u043f\u0440\u0435\u0434\u043f\u043e\u043b\u043e\u0436\u0438\u043c, \u043c\u044b \u043a\u0443\u043f\u0438\u043b\u0438 \u0441\u0432\u0435\u0442\u043e\u0434\u0438\u043e\u0434\u043d\u0443\u044e \u043b\u0435\u043d\u0442\u0443 \u043d\u0430 12 \u0412 \u043f\u043e\u0441\u0442\u043e\u044f\u043d\u043d\u043e\u0433\u043e \u0442\u043e\u043a\u0430. \u0415\u0441\u043b\u0438 \u043c\u043e\u0449\u043d\u043e\u0441\u0442\u044c \u044d\u0442\u043e\u0433\u043e \u0441\u0432\u0435\u0442\u043e\u0434\u0438\u043e\u0434\u0430 \u0441\u043e\u0441\u0442\u0430\u0432\u043b\u044f\u0435\u0442 9,6 \u0412\u0442\/\u043c, \u0442\u043e \u043d\u0430 4 \u043c\u0435\u0442\u0440\u0430 \u043e\u0431\u0449\u0435\u0435 \u044d\u043d\u0435\u0440\u0433\u043e\u043f\u043e\u0442\u0440\u0435\u0431\u043b\u0435\u043d\u0438\u0435 \u0441\u043e\u0441\u0442\u0430\u0432\u0438\u0442 38,4 \u0412\u0442. \u0420\u0430\u0441\u0441\u0447\u0438\u0442\u044b\u0432\u0430\u044f, 38,4 \/ 12 \u043f\u043e\u043b\u0443\u0447\u0430\u0435\u043c 3,2 \u0430\u043c\u043f\u0435\u0440\u0430. \u042d\u0442\u043e \u043e\u0437\u043d\u0430\u0447\u0430\u0435\u0442, \u0447\u0442\u043e \u0432\u0430\u043c \u043f\u043e\u0442\u0440\u0435\u0431\u0443\u0435\u0442\u0441\u044f \u0431\u043b\u043e\u043a \u043f\u0438\u0442\u0430\u043d\u0438\u044f \u043d\u0430 4 \u0430\u043c\u043f\u0435\u0440\u0430.<\/p>","protected":false},"excerpt":{"rendered":"<p><em><strong>*\u041f\u0440\u0438\u043c\u0435\u0447\u0430\u043d\u0438\u044f:<\/strong> \u0426\u0435\u043d\u0430 \u0437\u0430\u0432\u0438\u0441\u0438\u0442 \u043e\u0442 \u043f\u0440\u043e\u0435\u043a\u0442\u0430. \u0414\u043b\u044f \u043f\u043e\u043b\u0443\u0447\u0435\u043d\u0438\u044f \u0431\u043e\u043b\u0435\u0435 \u043f\u043e\u0434\u0440\u043e\u0431\u043d\u043e\u0439 \u0438\u043d\u0444\u043e\u0440\u043c\u0430\u0446\u0438\u0438, \u043f\u043e\u0436\u0430\u043b\u0443\u0439\u0441\u0442\u0430, \u0441\u0432\u044f\u0436\u0438\u0442\u0435\u0441\u044c \u0441 \u043d\u0430\u043c\u0438. <a href=\"https:\/\/cubukled.com\/ru\/cubuk-led-iletisim\/\">\u041f\u043e\u0436\u0430\u043b\u0443\u0439\u0441\u0442\u0430, \u0441\u0432\u044f\u0436\u0438\u0442\u0435\u0441\u044c \u0441 \u043d\u0430\u043c\u0438.<\/a><\/em><\/p>\n<p><strong>\u041f\u043e\u0442\u0440\u0435\u0431\u043b\u044f\u0435\u043c\u0430\u044f \u043c\u043e\u0449\u043d\u043e\u0441\u0442\u044c:<\/strong> 12 \u0412 \u043f\u043e\u0441\u0442\u043e\u044f\u043d\u043d\u043e\u0433\u043e \u0442\u043e\u043a\u0430 \u0438\u043b\u0438 24 \u0412 \u043f\u043e\u0441\u0442\u043e\u044f\u043d\u043d\u043e\u0433\u043e \u0442\u043e\u043a\u0430<\/p>\n<p><strong>\u0412\u0430\u0440\u0438\u0430\u043d\u0442\u044b \u0446\u0432\u0435\u0442\u0430:<\/strong> 3000K, 4000K, 6500K<\/p>\n<p><strong>\u041a\u043e\u043b\u0438\u0447\u0435\u0441\u0442\u0432\u043e \u0441\u0432\u0435\u0442\u043e\u0434\u0438\u043e\u0434\u043e\u0432:<\/strong> 120 \u0448\u0442\/\u043c\u0442<\/p>\n<p><strong>\u0420\u0430\u0437\u043c\u0435\u0440\u044b \u0431\u0430\u0437\u043e\u0432\u043e\u0439 \u043f\u0435\u0447\u0430\u0442\u043d\u043e\u0439 \u043f\u043b\u0430\u0442\u044b:<\/strong> 5 \u043c\u043c<\/p>","protected":false},"featured_media":6866,"template":"","meta":{"_joinchat":[]},"product_brand":[],"product_cat":[109,3336],"product_tag":[2411,3179,3178,131],"class_list":{"0":"post-6874","1":"product","2":"type-product","3":"status-publish","4":"has-post-thumbnail","6":"product_cat-aydinlatma-urunleri","7":"product_cat-sabit-gerilim-serit-led","8":"product_tag-led-bar","9":"product_tag-led-bar-aydinlatma","10":"product_tag-led-bar-sp70","11":"product_tag-sp70","12":"pa_gucgirisi-12vdc","13":"pa_gucgirisi-24vdc","14":"pa_isikrengi-3000kelvin","15":"pa_isikrengi-4000kelvin","16":"pa_isikrengi-6500kelvin","17":"pa_ledmiktari-120-led","18":"pa_tabanpcbolculeri-5mm-led","20":"first","21":"instock","22":"sale","23":"taxable","24":"shipping-taxable","25":"purchasable","26":"product-type-simple","27":"customify-col","28":"product-has-gallery"},"yoast_head":"<!-- This site is optimized with the Yoast SEO plugin v27.2 - https:\/\/yoast.com\/product\/yoast-seo-wordpress\/ -->\n<title>BAR-LUN-79 \u015eerit LED 5MM<\/title>\n<meta name=\"description\" content=\"BAR-LUN-79 \u015ferit LED 5mm ince bir yap\u0131ya sahiptir. Bu \u00fcr\u00fcn\u00fc i\u00e7 mekanda zarif dekoratif uygulamalarda kullanabilirsiniz. Profil i\u00e7erisine de koyabilirsiniz.\" \/>\n<meta name=\"robots\" content=\"index, follow, max-snippet:-1, max-image-preview:large, max-video-preview:-1\" \/>\n<link rel=\"canonical\" href=\"https:\/\/cubukled.com\/ru\/bar-lun-79-serit-led\/\" \/>\n<meta property=\"og:locale\" content=\"ru_RU\" \/>\n<meta property=\"og:type\" content=\"article\" \/>\n<meta property=\"og:title\" content=\"BAR-LUN-79 \u015eerit LED 5MM\" \/>\n<meta property=\"og:description\" content=\"BAR-LUN-79 \u015ferit LED 5mm ince bir yap\u0131ya sahiptir. Bu \u00fcr\u00fcn\u00fc i\u00e7 mekanda zarif dekoratif uygulamalarda kullanabilirsiniz. Profil i\u00e7erisine de koyabilirsiniz.\" \/>\n<meta property=\"og:url\" content=\"https:\/\/cubukled.com\/ru\/bar-lun-79-serit-led\/\" \/>\n<meta property=\"og:site_name\" content=\"\u00c7ubuk LED\" \/>\n<meta property=\"article:publisher\" content=\"https:\/\/www.facebook.com\/cubukled\" \/>\n<meta property=\"article:modified_time\" content=\"2026-01-20T07:44:42+00:00\" \/>\n<meta property=\"og:image\" content=\"https:\/\/cubukled.com\/wp-content\/uploads\/2026\/01\/bar-lun-serit-led.jpg\" \/>\n\t<meta property=\"og:image:width\" content=\"1000\" \/>\n\t<meta property=\"og:image:height\" content=\"1000\" \/>\n\t<meta property=\"og:image:type\" content=\"image\/jpeg\" \/>\n<meta name=\"twitter:card\" content=\"summary_large_image\" \/>\n<meta name=\"twitter:site\" content=\"@cubukled\" \/>\n<meta name=\"twitter:label1\" content=\"\u041f\u0440\u0438\u043c\u0435\u0440\u043d\u043e\u0435 \u0432\u0440\u0435\u043c\u044f \u0434\u043b\u044f \u0447\u0442\u0435\u043d\u0438\u044f\" \/>\n\t<meta name=\"twitter:data1\" content=\"3 \u043c\u0438\u043d\u0443\u0442\u044b\" \/>\n<script type=\"application\/ld+json\" class=\"yoast-schema-graph\">{\"@context\":\"https:\/\/schema.org\",\"@graph\":[{\"@type\":[\"WebPage\",\"ItemPage\"],\"@id\":\"https:\/\/cubukled.com\/bar-lun-79-serit-led\/\",\"url\":\"https:\/\/cubukled.com\/bar-lun-79-serit-led\/\",\"name\":\"BAR-LUN-79 \u015eerit LED 5MM\",\"isPartOf\":{\"@id\":\"https:\/\/cubukled.com\/#website\"},\"primaryImageOfPage\":{\"@id\":\"https:\/\/cubukled.com\/bar-lun-79-serit-led\/#primaryimage\"},\"image\":{\"@id\":\"https:\/\/cubukled.com\/bar-lun-79-serit-led\/#primaryimage\"},\"thumbnailUrl\":\"https:\/\/cubukled.com\/wp-content\/uploads\/2026\/01\/bar-lun-serit-led.jpg\",\"datePublished\":\"2026-01-07T09:02:13+00:00\",\"dateModified\":\"2026-01-20T07:44:42+00:00\",\"description\":\"BAR-LUN-79 \u015ferit LED 5mm ince bir yap\u0131ya sahiptir. Bu \u00fcr\u00fcn\u00fc i\u00e7 mekanda zarif dekoratif uygulamalarda kullanabilirsiniz. Profil i\u00e7erisine de koyabilirsiniz.\",\"breadcrumb\":{\"@id\":\"https:\/\/cubukled.com\/bar-lun-79-serit-led\/#breadcrumb\"},\"inLanguage\":\"ru-RU\",\"potentialAction\":[{\"@type\":\"ReadAction\",\"target\":[\"https:\/\/cubukled.com\/bar-lun-79-serit-led\/\"]}]},{\"@type\":\"ImageObject\",\"inLanguage\":\"ru-RU\",\"@id\":\"https:\/\/cubukled.com\/bar-lun-79-serit-led\/#primaryimage\",\"url\":\"https:\/\/cubukled.com\/wp-content\/uploads\/2026\/01\/bar-lun-serit-led.jpg\",\"contentUrl\":\"https:\/\/cubukled.com\/wp-content\/uploads\/2026\/01\/bar-lun-serit-led.jpg\",\"width\":1000,\"height\":1000,\"caption\":\"BAR-LUN \u015ferit led\"},{\"@type\":\"BreadcrumbList\",\"@id\":\"https:\/\/cubukled.com\/bar-lun-79-serit-led\/#breadcrumb\",\"itemListElement\":[{\"@type\":\"ListItem\",\"position\":1,\"name\":\"Ana sayfa\",\"item\":\"https:\/\/cubukled.com\/\"},{\"@type\":\"ListItem\",\"position\":2,\"name\":\"Ma\u011faza\",\"item\":\"https:\/\/cubukled.com\/magaza\/\"},{\"@type\":\"ListItem\",\"position\":3,\"name\":\"BAR-LUN-79 \u015eerit LED &#8211; Ultra \u0130nce 5mm\"}]},{\"@type\":\"WebSite\",\"@id\":\"https:\/\/cubukled.com\/#website\",\"url\":\"https:\/\/cubukled.com\/\",\"name\":\"\u00c7ubuk LED\",\"description\":\"Cephe Ayd\u0131nlatma, Ayd\u0131nlatma Tasar\u0131m\u0131, D\u0131\u015f Mekan Animasyon Sistemleri, RGB DMX Cephe LED Animasyon\",\"publisher\":{\"@id\":\"https:\/\/cubukled.com\/#organization\"},\"alternateName\":\"cubukled\",\"potentialAction\":[{\"@type\":\"SearchAction\",\"target\":{\"@type\":\"EntryPoint\",\"urlTemplate\":\"https:\/\/cubukled.com\/?s={search_term_string}\"},\"query-input\":{\"@type\":\"PropertyValueSpecification\",\"valueRequired\":true,\"valueName\":\"search_term_string\"}}],\"inLanguage\":\"ru-RU\"},{\"@type\":\"Organization\",\"@id\":\"https:\/\/cubukled.com\/#organization\",\"name\":\"\u00c7ubuk LED\",\"alternateName\":\"cubukled\",\"url\":\"https:\/\/cubukled.com\/\",\"logo\":{\"@type\":\"ImageObject\",\"inLanguage\":\"ru-RU\",\"@id\":\"https:\/\/cubukled.com\/#\/schema\/logo\/image\/\",\"url\":\"https:\/\/cubukled.com\/wp-content\/uploads\/2020\/06\/cubukled-logo.jpeg\",\"contentUrl\":\"https:\/\/cubukled.com\/wp-content\/uploads\/2020\/06\/cubukled-logo.jpeg\",\"width\":1169,\"height\":669,\"caption\":\"\u00c7ubuk LED\"},\"image\":{\"@id\":\"https:\/\/cubukled.com\/#\/schema\/logo\/image\/\"},\"sameAs\":[\"https:\/\/www.facebook.com\/cubukled\",\"https:\/\/x.com\/cubukled\",\"https:\/\/tr.pinterest.com\/Cubuk_Led\/\",\"https:\/\/www.instagram.com\/cubukled\/\",\"https:\/\/www.linkedin.com\/company\/cubukled\",\"https:\/\/www.threads.net\/@cubukled\",\"https:\/\/www.youtube.com\/@cubukled\",\"https:\/\/twitter.com\/cubukled\"]}]}<\/script>\n<!-- \/ Yoast SEO plugin. -->","yoast_head_json":{"title":"\u0421\u0432\u0435\u0442\u043e\u0434\u0438\u043e\u0434\u043d\u0430\u044f \u043b\u0435\u043d\u0442\u0430 BAR-LUN-79 5 \u043c\u043c","description":"BAR-LUN-79 \u015ferit LED 5mm ince bir yap\u0131ya sahiptir. Bu \u00fcr\u00fcn\u00fc i\u00e7 mekanda zarif dekoratif uygulamalarda kullanabilirsiniz. Profil i\u00e7erisine de koyabilirsiniz.","robots":{"index":"index","follow":"follow","max-snippet":"max-snippet:-1","max-image-preview":"max-image-preview:large","max-video-preview":"max-video-preview:-1"},"canonical":"https:\/\/cubukled.com\/ru\/bar-lun-79-serit-led\/","og_locale":"ru_RU","og_type":"article","og_title":"BAR-LUN-79 \u015eerit LED 5MM","og_description":"BAR-LUN-79 \u015ferit LED 5mm ince bir yap\u0131ya sahiptir. Bu \u00fcr\u00fcn\u00fc i\u00e7 mekanda zarif dekoratif uygulamalarda kullanabilirsiniz. Profil i\u00e7erisine de koyabilirsiniz.","og_url":"https:\/\/cubukled.com\/ru\/bar-lun-79-serit-led\/","og_site_name":"\u00c7ubuk LED","article_publisher":"https:\/\/www.facebook.com\/cubukled","article_modified_time":"2026-01-20T07:44:42+00:00","og_image":[{"width":1000,"height":1000,"url":"https:\/\/cubukled.com\/wp-content\/uploads\/2026\/01\/bar-lun-serit-led.jpg","type":"image\/jpeg"}],"twitter_card":"summary_large_image","twitter_site":"@cubukled","twitter_misc":{"\u041f\u0440\u0438\u043c\u0435\u0440\u043d\u043e\u0435 \u0432\u0440\u0435\u043c\u044f \u0434\u043b\u044f \u0447\u0442\u0435\u043d\u0438\u044f":"3 \u043c\u0438\u043d\u0443\u0442\u044b"},"schema":{"@context":"https:\/\/schema.org","@graph":[{"@type":["WebPage","ItemPage"],"@id":"https:\/\/cubukled.com\/bar-lun-79-serit-led\/","url":"https:\/\/cubukled.com\/bar-lun-79-serit-led\/","name":"\u0421\u0432\u0435\u0442\u043e\u0434\u0438\u043e\u0434\u043d\u0430\u044f \u043b\u0435\u043d\u0442\u0430 BAR-LUN-79 5 \u043c\u043c","isPartOf":{"@id":"https:\/\/cubukled.com\/#website"},"primaryImageOfPage":{"@id":"https:\/\/cubukled.com\/bar-lun-79-serit-led\/#primaryimage"},"image":{"@id":"https:\/\/cubukled.com\/bar-lun-79-serit-led\/#primaryimage"},"thumbnailUrl":"https:\/\/cubukled.com\/wp-content\/uploads\/2026\/01\/bar-lun-serit-led.jpg","datePublished":"2026-01-07T09:02:13+00:00","dateModified":"2026-01-20T07:44:42+00:00","description":"BAR-LUN-79 \u015ferit LED 5mm ince bir yap\u0131ya sahiptir. Bu \u00fcr\u00fcn\u00fc i\u00e7 mekanda zarif dekoratif uygulamalarda kullanabilirsiniz. Profil i\u00e7erisine de koyabilirsiniz.","breadcrumb":{"@id":"https:\/\/cubukled.com\/bar-lun-79-serit-led\/#breadcrumb"},"inLanguage":"ru-RU","potentialAction":[{"@type":"ReadAction","target":["https:\/\/cubukled.com\/bar-lun-79-serit-led\/"]}]},{"@type":"ImageObject","inLanguage":"ru-RU","@id":"https:\/\/cubukled.com\/bar-lun-79-serit-led\/#primaryimage","url":"https:\/\/cubukled.com\/wp-content\/uploads\/2026\/01\/bar-lun-serit-led.jpg","contentUrl":"https:\/\/cubukled.com\/wp-content\/uploads\/2026\/01\/bar-lun-serit-led.jpg","width":1000,"height":1000,"caption":"BAR-LUN \u015ferit led"},{"@type":"BreadcrumbList","@id":"https:\/\/cubukled.com\/bar-lun-79-serit-led\/#breadcrumb","itemListElement":[{"@type":"ListItem","position":1,"name":"Ana sayfa","item":"https:\/\/cubukled.com\/"},{"@type":"ListItem","position":2,"name":"Ma\u011faza","item":"https:\/\/cubukled.com\/magaza\/"},{"@type":"ListItem","position":3,"name":"BAR-LUN-79 \u015eerit LED &#8211; Ultra \u0130nce 5mm"}]},{"@type":"WebSite","@id":"https:\/\/cubukled.com\/#website","url":"https:\/\/cubukled.com\/","name":"\u0421\u0442\u0435\u0440\u0436\u043d\u0435\u0432\u043e\u0439 \u0441\u0432\u0435\u0442\u043e\u0434\u0438\u043e\u0434","description":"\u0424\u0430\u0441\u0430\u0434\u043d\u043e\u0435 \u043e\u0441\u0432\u0435\u0449\u0435\u043d\u0438\u0435, \u0434\u0438\u0437\u0430\u0439\u043d \u043e\u0441\u0432\u0435\u0449\u0435\u043d\u0438\u044f, \u0441\u0438\u0441\u0442\u0435\u043c\u044b \u043d\u0430\u0440\u0443\u0436\u043d\u043e\u0439 \u0430\u043d\u0438\u043c\u0430\u0446\u0438\u0438, \u0441\u0432\u0435\u0442\u043e\u0434\u0438\u043e\u0434\u043d\u0430\u044f \u0430\u043d\u0438\u043c\u0430\u0446\u0438\u044f \u0444\u0430\u0441\u0430\u0434\u0430 RGB DMX","publisher":{"@id":"https:\/\/cubukled.com\/#organization"},"alternateName":"cubukled","potentialAction":[{"@type":"SearchAction","target":{"@type":"EntryPoint","urlTemplate":"https:\/\/cubukled.com\/?s={search_term_string}"},"query-input":{"@type":"PropertyValueSpecification","valueRequired":true,"valueName":"search_term_string"}}],"inLanguage":"ru-RU"},{"@type":"Organization","@id":"https:\/\/cubukled.com\/#organization","name":"\u0421\u0442\u0435\u0440\u0436\u043d\u0435\u0432\u043e\u0439 \u0441\u0432\u0435\u0442\u043e\u0434\u0438\u043e\u0434","alternateName":"cubukled","url":"https:\/\/cubukled.com\/","logo":{"@type":"ImageObject","inLanguage":"ru-RU","@id":"https:\/\/cubukled.com\/#\/schema\/logo\/image\/","url":"https:\/\/cubukled.com\/wp-content\/uploads\/2020\/06\/cubukled-logo.jpeg","contentUrl":"https:\/\/cubukled.com\/wp-content\/uploads\/2020\/06\/cubukled-logo.jpeg","width":1169,"height":669,"caption":"\u00c7ubuk LED"},"image":{"@id":"https:\/\/cubukled.com\/#\/schema\/logo\/image\/"},"sameAs":["https:\/\/www.facebook.com\/cubukled","https:\/\/x.com\/cubukled","https:\/\/tr.pinterest.com\/Cubuk_Led\/","https:\/\/www.instagram.com\/cubukled\/","https:\/\/www.linkedin.com\/company\/cubukled","https:\/\/www.threads.net\/@cubukled","https:\/\/www.youtube.com\/@cubukled","https:\/\/twitter.com\/cubukled"]}]}},"_links":{"self":[{"href":"https:\/\/cubukled.com\/ru\/wp-json\/wp\/v2\/product\/6874","targetHints":{"allow":["GET"]}}],"collection":[{"href":"https:\/\/cubukled.com\/ru\/wp-json\/wp\/v2\/product"}],"about":[{"href":"https:\/\/cubukled.com\/ru\/wp-json\/wp\/v2\/types\/product"}],"wp:featuredmedia":[{"embeddable":true,"href":"https:\/\/cubukled.com\/ru\/wp-json\/wp\/v2\/media\/6866"}],"wp:attachment":[{"href":"https:\/\/cubukled.com\/ru\/wp-json\/wp\/v2\/media?parent=6874"}],"wp:term":[{"taxonomy":"product_brand","embeddable":true,"href":"https:\/\/cubukled.com\/ru\/wp-json\/wp\/v2\/product_brand?post=6874"},{"taxonomy":"product_cat","embeddable":true,"href":"https:\/\/cubukled.com\/ru\/wp-json\/wp\/v2\/product_cat?post=6874"},{"taxonomy":"product_tag","embeddable":true,"href":"https:\/\/cubukled.com\/ru\/wp-json\/wp\/v2\/product_tag?post=6874"}],"curies":[{"name":"WP","href":"https:\/\/api.w.org\/{rel}","templated":true}]}}