{"id":5301,"date":"2025-08-21T22:50:33","date_gmt":"2025-08-21T19:50:33","guid":{"rendered":"https:\/\/cubukled.com\/?post_type=product&#038;p=5301"},"modified":"2025-09-09T11:48:51","modified_gmt":"2025-09-09T08:48:51","slug":"ln34-led-profil","status":"publish","type":"product","link":"https:\/\/cubukled.com\/fr\/ln34-led-profil\/","title":{"rendered":"Profil\u00e9 LED LN34"},"content":{"rendered":"<p><strong>Profil\u00e9 LED LN34<\/strong> Voici un bo\u00eetier LED en aluminium. C&#039;est la solution id\u00e9ale pour la r\u00e9alisation de luminaires LED lin\u00e9aires. Les caches lat\u00e9raux, le diffuseur et la visserie de montage sont inclus. Son format est extr\u00eamement fin. Il est compatible avec les barres LED. Pour d\u00e9couvrir tous nos autres profil\u00e9s LED, cliquez sur ce lien\u00a0: <strong><a href=\"https:\/\/cubukled.com\/wp-content\/uploads\/2024\/04\/linear-profiles.pdf\"><span style=\"color: #0000ff;\">Catalogue PDF des dimensions des profil\u00e9s LED lin\u00e9aires<\/span><\/a><\/strong><\/p>\n<h2>Cr\u00e9ez des \u00e9clairages lin\u00e9aires \u00e0 LED avec le profil\u00e9 LED LN34.<\/h2>\n<p>Vous b\u00e9n\u00e9ficiez d&#039;un \u00e9clairage lin\u00e9aire avec un bo\u00eetier LED en aluminium. Plus de d\u00e9tails ci-dessous.<\/p>\n<h3>Caract\u00e9ristiques corporelles<\/h3>\n<ul>\n<li>Le profil\u00e9 LED est dot\u00e9 d&#039;un bo\u00eetier en aluminium extrud\u00e9. Ce bo\u00eetier, conducteur de chaleur, assure le refroidissement de la LED. De plus, la l\u00e9g\u00e8ret\u00e9 de l&#039;aluminium facilite le transport et r\u00e9duit le poids sur le lieu d&#039;installation.<\/li>\n<li>Notre profil\u00e9, con\u00e7u avec pr\u00e9cision, pr\u00e9sente un espace sur toute sa longueur \u00e0 l&#039;arri\u00e8re. Cette section permet de dissimuler les c\u00e2bles et les fixations, ne laissant appara\u00eetre que le profil\u00e9 lin\u00e9aire. Ainsi, l&#039;esth\u00e9tique reste \u00e9pur\u00e9e.<\/li>\n<li>Vous pouvez acheter des profil\u00e9s en aluminium bruts, non peints, ou peints selon le code RAL sp\u00e9cifique \u00e0 votre projet. Mes couleurs les plus demand\u00e9es sont le noir, le blanc, l&#039;anthracite et l&#039;anodis\u00e9.<\/li>\n<\/ul>\n<h3>Avantages des couvercles de diffuseur<\/h3>\n<ul>\n<li>Il ne jaunit pas au soleil car il est prot\u00e9g\u00e9 contre les UV.<\/li>\n<li>Il est r\u00e9sistant aux chocs car il est fabriqu\u00e9 en PMMA (polym\u00e9thacrylate de m\u00e9thyle). C&#039;est un polym\u00e8re thermoplastique translucide, dur et l\u00e9ger. C&#039;est un plastique rigide.<\/li>\n<li>Elle r\u00e9partit la lumi\u00e8re uniform\u00e9ment.<\/li>\n<li>Il s&#039;ins\u00e8re parfaitement dans l&#039;\u00e9tui car il est parfaitement adapt\u00e9. De plus, vous pouvez facilement le retirer si n\u00e9cessaire.<\/li>\n<\/ul>\n<h3>Couvercle lat\u00e9ral<\/h3>\n<ul>\n<li>Les panneaux lat\u00e9raux opaques laissent passer une quantit\u00e9 mod\u00e9r\u00e9e de lumi\u00e8re, assurant ainsi un \u00e9clairage lin\u00e9aire continu. Lorsqu&#039;une source lumineuse adapt\u00e9e est utilis\u00e9e \u00e0 l&#039;int\u00e9rieur et que la lumi\u00e8re est allum\u00e9e, les joints des rang\u00e9es de profil\u00e9s restent invisibles.<\/li>\n<\/ul>\n<h3>Support de montage<\/h3>\n<ul>\n<li>Le profil\u00e9 LED LN34 est dot\u00e9 de supports de montage enti\u00e8rement compatibles. Ces supports s&#039;enclenchent facilement dans l&#039;ouverture situ\u00e9e \u00e0 l&#039;arri\u00e8re du bo\u00eetier. L&#039;objectif est de simplifier l&#039;installation.<\/li>\n<li>Il est fabriqu\u00e9 en aluminium. Il est pr\u00e9-perc\u00e9 et pr\u00eat \u00e0 \u00eatre assembl\u00e9.<\/li>\n<li>Trois supports de fixation sont id\u00e9aux pour chaque 2 m\u00e8tres de peinture.<\/li>\n<\/ul>\n<p>En int\u00e9grant des bandes LED mod\u00e8le SP70, vous pouvez obtenir un \u00e9clairage marche\/arr\u00eat. Vous pouvez ainsi obtenir des tons blancs, ambr\u00e9s, rouges, verts ou bleus dans la plage de temp\u00e9ratures de 2\u00a0200\u00a0K \u00e0 6\u00a0500\u00a0K. Avec un circuit imprim\u00e9 o\u00f9 l&#039;on m\u00e9lange du bleu et du vert, on obtient un bleu turquoise. En d\u00e9posant du polym\u00e8re\/silicium sur un circuit imprim\u00e9 de 6\u00a0500\u00a0K, on obtient une lumi\u00e8re bleu glacier.<\/p>\n<p>En int\u00e9grant des barres LED DMX, vous pouvez cr\u00e9er des effets lumineux dynamiques tels que RGB, RGBW, r\u00e9glables et monochromes. Notre produit est un bo\u00eetier complet pour barres LED. Ainsi, les bo\u00eetiers en aluminium que vous achetez pour vos barres LED captivent par leur lumi\u00e8re lin\u00e9aire. Compatible avec les profil\u00e9s LED LN34. <a href=\"https:\/\/cubukled.com\/fr\/cubuk-led-iletisim\/\">veuillez nous contacter<\/a>.<\/p>","protected":false},"excerpt":{"rendered":"<p><em><strong>*Remarques\u00a0:<\/strong> Le prix est \u00e9tabli en fonction du projet. Pour plus de d\u00e9tails, veuillez nous contacter. <a href=\"https:\/\/cubukled.com\/fr\/cubuk-led-iletisim\/\">Veuillez nous contacter.<\/a><\/em><\/p>\n<p><strong>Mesures:<\/strong> 2,8 cm x 4,0 cm<\/p>\n<p><strong>Longueur:<\/strong> 6,10 m<\/p>\n<p><strong>Utilisation :<\/strong> LED lin\u00e9aire<\/p>\n<p><strong>Le corps :<\/strong> Corps en aluminium extrud\u00e9<\/p>\n<p><strong>Couvercle du diffuseur :<\/strong> Plastique rigide PMMA r\u00e9sistant aux UV et aux chocs.<\/p>\n<p><strong>Contenu:<\/strong> Profil\u00e9, caches lat\u00e9raux opaques, supports de montage en aluminium, couvercle de diffuseur.<\/p>","protected":false},"featured_media":5312,"template":"","meta":{"_joinchat":[]},"product_brand":[],"product_cat":[3133,109],"product_tag":[1853,3137,3135,3136,1427,3134,3138],"class_list":{"0":"post-5301","1":"product","2":"type-product","3":"status-publish","4":"has-post-thumbnail","6":"product_cat-aluminyum-led-profilleri","7":"product_cat-aydinlatma-urunleri","8":"product_tag-bar-led-kasasi","9":"product_tag-led-bar-kasasi","10":"product_tag-led-kasa","11":"product_tag-led-kasasi","12":"product_tag-led-profil","13":"product_tag-ln34-led-profil","14":"product_tag-profil-led","16":"first","17":"instock","18":"sale","19":"taxable","20":"shipping-taxable","21":"purchasable","22":"product-type-simple","23":"customify-col","24":"product-has-gallery"},"yoast_head":"<!-- This site is optimized with the Yoast SEO plugin v27.2 - https:\/\/yoast.com\/product\/yoast-seo-wordpress\/ -->\n<title>LN34 LED Profil - Lineer LED I\u015f\u0131k<\/title>\n<meta name=\"description\" content=\"LN34 LED profil al\u00fcminyum kasa, dif\u00fcz\u00f6r kapak, yan kapaklar ve montaj aparatlar\u0131 dahildir. Bar led, neon led, hortum led koyarak lineer \u0131\u015f\u0131k yapabilirsiniz.\" \/>\n<meta name=\"robots\" content=\"index, follow, max-snippet:-1, max-image-preview:large, max-video-preview:-1\" \/>\n<link rel=\"canonical\" href=\"https:\/\/cubukled.com\/fr\/ln34-led-profil\/\" \/>\n<meta property=\"og:locale\" content=\"fr_FR\" \/>\n<meta property=\"og:type\" content=\"article\" \/>\n<meta property=\"og:title\" content=\"LN34 LED Profil - Lineer LED I\u015f\u0131k\" \/>\n<meta property=\"og:description\" content=\"LN34 LED profil al\u00fcminyum kasa, dif\u00fcz\u00f6r kapak, yan kapaklar ve montaj aparatlar\u0131 dahildir. Bar led, neon led, hortum led koyarak lineer \u0131\u015f\u0131k yapabilirsiniz.\" \/>\n<meta property=\"og:url\" content=\"https:\/\/cubukled.com\/fr\/ln34-led-profil\/\" \/>\n<meta property=\"og:site_name\" content=\"\u00c7ubuk LED\" \/>\n<meta property=\"article:publisher\" content=\"https:\/\/www.facebook.com\/cubukled\" \/>\n<meta property=\"article:modified_time\" content=\"2025-09-09T08:48:51+00:00\" \/>\n<meta property=\"og:image\" content=\"https:\/\/cubukled.com\/wp-content\/uploads\/2025\/08\/ln34-led-profil.jpg\" \/>\n\t<meta property=\"og:image:width\" content=\"1000\" \/>\n\t<meta property=\"og:image:height\" content=\"1000\" \/>\n\t<meta property=\"og:image:type\" content=\"image\/jpeg\" \/>\n<meta name=\"twitter:card\" content=\"summary_large_image\" \/>\n<meta name=\"twitter:site\" content=\"@cubukled\" \/>\n<meta name=\"twitter:label1\" content=\"Dur\u00e9e de lecture estim\u00e9e\" \/>\n\t<meta name=\"twitter:data1\" content=\"3 minutes\" \/>\n<script type=\"application\/ld+json\" class=\"yoast-schema-graph\">{\"@context\":\"https:\/\/schema.org\",\"@graph\":[{\"@type\":[\"WebPage\",\"ItemPage\"],\"@id\":\"https:\/\/cubukled.com\/ln34-led-profil\/\",\"url\":\"https:\/\/cubukled.com\/ln34-led-profil\/\",\"name\":\"LN34 LED Profil - Lineer LED I\u015f\u0131k\",\"isPartOf\":{\"@id\":\"https:\/\/cubukled.com\/#website\"},\"primaryImageOfPage\":{\"@id\":\"https:\/\/cubukled.com\/ln34-led-profil\/#primaryimage\"},\"image\":{\"@id\":\"https:\/\/cubukled.com\/ln34-led-profil\/#primaryimage\"},\"thumbnailUrl\":\"https:\/\/cubukled.com\/wp-content\/uploads\/2025\/08\/ln34-led-profil.jpg\",\"datePublished\":\"2025-08-21T19:50:33+00:00\",\"dateModified\":\"2025-09-09T08:48:51+00:00\",\"description\":\"LN34 LED profil al\u00fcminyum kasa, dif\u00fcz\u00f6r kapak, yan kapaklar ve montaj aparatlar\u0131 dahildir. Bar led, neon led, hortum led koyarak lineer \u0131\u015f\u0131k yapabilirsiniz.\",\"breadcrumb\":{\"@id\":\"https:\/\/cubukled.com\/ln34-led-profil\/#breadcrumb\"},\"inLanguage\":\"fr-FR\",\"potentialAction\":[{\"@type\":\"ReadAction\",\"target\":[\"https:\/\/cubukled.com\/ln34-led-profil\/\"]}]},{\"@type\":\"ImageObject\",\"inLanguage\":\"fr-FR\",\"@id\":\"https:\/\/cubukled.com\/ln34-led-profil\/#primaryimage\",\"url\":\"https:\/\/cubukled.com\/wp-content\/uploads\/2025\/08\/ln34-led-profil.jpg\",\"contentUrl\":\"https:\/\/cubukled.com\/wp-content\/uploads\/2025\/08\/ln34-led-profil.jpg\",\"width\":1000,\"height\":1000,\"caption\":\"LN34 LED profil \u015f\u0131k ve dayan\u0131kl\u0131 al\u00fcminyum led kanal\u0131 ve montaj aparat\u0131\"},{\"@type\":\"BreadcrumbList\",\"@id\":\"https:\/\/cubukled.com\/ln34-led-profil\/#breadcrumb\",\"itemListElement\":[{\"@type\":\"ListItem\",\"position\":1,\"name\":\"Ana sayfa\",\"item\":\"https:\/\/cubukled.com\/\"},{\"@type\":\"ListItem\",\"position\":2,\"name\":\"Ma\u011faza\",\"item\":\"https:\/\/cubukled.com\/magaza\/\"},{\"@type\":\"ListItem\",\"position\":3,\"name\":\"LN34 LED Profil\"}]},{\"@type\":\"WebSite\",\"@id\":\"https:\/\/cubukled.com\/#website\",\"url\":\"https:\/\/cubukled.com\/\",\"name\":\"\u00c7ubuk LED\",\"description\":\"Cephe Ayd\u0131nlatma, Ayd\u0131nlatma Tasar\u0131m\u0131, D\u0131\u015f Mekan Animasyon Sistemleri, RGB DMX Cephe LED Animasyon\",\"publisher\":{\"@id\":\"https:\/\/cubukled.com\/#organization\"},\"alternateName\":\"cubukled\",\"potentialAction\":[{\"@type\":\"SearchAction\",\"target\":{\"@type\":\"EntryPoint\",\"urlTemplate\":\"https:\/\/cubukled.com\/?s={search_term_string}\"},\"query-input\":{\"@type\":\"PropertyValueSpecification\",\"valueRequired\":true,\"valueName\":\"search_term_string\"}}],\"inLanguage\":\"fr-FR\"},{\"@type\":\"Organization\",\"@id\":\"https:\/\/cubukled.com\/#organization\",\"name\":\"\u00c7ubuk LED\",\"alternateName\":\"cubukled\",\"url\":\"https:\/\/cubukled.com\/\",\"logo\":{\"@type\":\"ImageObject\",\"inLanguage\":\"fr-FR\",\"@id\":\"https:\/\/cubukled.com\/#\/schema\/logo\/image\/\",\"url\":\"https:\/\/cubukled.com\/wp-content\/uploads\/2020\/06\/cubukled-logo.jpeg\",\"contentUrl\":\"https:\/\/cubukled.com\/wp-content\/uploads\/2020\/06\/cubukled-logo.jpeg\",\"width\":1169,\"height\":669,\"caption\":\"\u00c7ubuk LED\"},\"image\":{\"@id\":\"https:\/\/cubukled.com\/#\/schema\/logo\/image\/\"},\"sameAs\":[\"https:\/\/www.facebook.com\/cubukled\",\"https:\/\/x.com\/cubukled\",\"https:\/\/tr.pinterest.com\/Cubuk_Led\/\",\"https:\/\/www.instagram.com\/cubukled\/\",\"https:\/\/www.linkedin.com\/company\/cubukled\",\"https:\/\/www.threads.net\/@cubukled\",\"https:\/\/www.youtube.com\/@cubukled\",\"https:\/\/twitter.com\/cubukled\"]}]}<\/script>\n<!-- \/ Yoast SEO plugin. -->","yoast_head_json":{"title":"LN34 LED Profil - Lineer LED I\u015f\u0131k","description":"LN34 LED profil al\u00fcminyum kasa, dif\u00fcz\u00f6r kapak, yan kapaklar ve montaj aparatlar\u0131 dahildir. Bar led, neon led, hortum led koyarak lineer \u0131\u015f\u0131k yapabilirsiniz.","robots":{"index":"index","follow":"follow","max-snippet":"max-snippet:-1","max-image-preview":"max-image-preview:large","max-video-preview":"max-video-preview:-1"},"canonical":"https:\/\/cubukled.com\/fr\/ln34-led-profil\/","og_locale":"fr_FR","og_type":"article","og_title":"LN34 LED Profil - Lineer LED I\u015f\u0131k","og_description":"LN34 LED profil al\u00fcminyum kasa, dif\u00fcz\u00f6r kapak, yan kapaklar ve montaj aparatlar\u0131 dahildir. Bar led, neon led, hortum led koyarak lineer \u0131\u015f\u0131k yapabilirsiniz.","og_url":"https:\/\/cubukled.com\/fr\/ln34-led-profil\/","og_site_name":"\u00c7ubuk LED","article_publisher":"https:\/\/www.facebook.com\/cubukled","article_modified_time":"2025-09-09T08:48:51+00:00","og_image":[{"width":1000,"height":1000,"url":"https:\/\/cubukled.com\/wp-content\/uploads\/2025\/08\/ln34-led-profil.jpg","type":"image\/jpeg"}],"twitter_card":"summary_large_image","twitter_site":"@cubukled","twitter_misc":{"Dur\u00e9e de lecture estim\u00e9e":"3 minutes"},"schema":{"@context":"https:\/\/schema.org","@graph":[{"@type":["WebPage","ItemPage"],"@id":"https:\/\/cubukled.com\/ln34-led-profil\/","url":"https:\/\/cubukled.com\/ln34-led-profil\/","name":"LN34 LED Profil - Lineer LED I\u015f\u0131k","isPartOf":{"@id":"https:\/\/cubukled.com\/#website"},"primaryImageOfPage":{"@id":"https:\/\/cubukled.com\/ln34-led-profil\/#primaryimage"},"image":{"@id":"https:\/\/cubukled.com\/ln34-led-profil\/#primaryimage"},"thumbnailUrl":"https:\/\/cubukled.com\/wp-content\/uploads\/2025\/08\/ln34-led-profil.jpg","datePublished":"2025-08-21T19:50:33+00:00","dateModified":"2025-09-09T08:48:51+00:00","description":"LN34 LED profil al\u00fcminyum kasa, dif\u00fcz\u00f6r kapak, yan kapaklar ve montaj aparatlar\u0131 dahildir. Bar led, neon led, hortum led koyarak lineer \u0131\u015f\u0131k yapabilirsiniz.","breadcrumb":{"@id":"https:\/\/cubukled.com\/ln34-led-profil\/#breadcrumb"},"inLanguage":"fr-FR","potentialAction":[{"@type":"ReadAction","target":["https:\/\/cubukled.com\/ln34-led-profil\/"]}]},{"@type":"ImageObject","inLanguage":"fr-FR","@id":"https:\/\/cubukled.com\/ln34-led-profil\/#primaryimage","url":"https:\/\/cubukled.com\/wp-content\/uploads\/2025\/08\/ln34-led-profil.jpg","contentUrl":"https:\/\/cubukled.com\/wp-content\/uploads\/2025\/08\/ln34-led-profil.jpg","width":1000,"height":1000,"caption":"LN34 LED profil \u015f\u0131k ve dayan\u0131kl\u0131 al\u00fcminyum led kanal\u0131 ve montaj aparat\u0131"},{"@type":"BreadcrumbList","@id":"https:\/\/cubukled.com\/ln34-led-profil\/#breadcrumb","itemListElement":[{"@type":"ListItem","position":1,"name":"Ana sayfa","item":"https:\/\/cubukled.com\/"},{"@type":"ListItem","position":2,"name":"Ma\u011faza","item":"https:\/\/cubukled.com\/magaza\/"},{"@type":"ListItem","position":3,"name":"LN34 LED Profil"}]},{"@type":"WebSite","@id":"https:\/\/cubukled.com\/#website","url":"https:\/\/cubukled.com\/","name":"Tige LED","description":"Eclairage de fa\u00e7ade, Conception d'\u00e9clairage, Syst\u00e8mes d'animation ext\u00e9rieure, Animation LED RVB DMX de fa\u00e7ade","publisher":{"@id":"https:\/\/cubukled.com\/#organization"},"alternateName":"cubukled","potentialAction":[{"@type":"SearchAction","target":{"@type":"EntryPoint","urlTemplate":"https:\/\/cubukled.com\/?s={search_term_string}"},"query-input":{"@type":"PropertyValueSpecification","valueRequired":true,"valueName":"search_term_string"}}],"inLanguage":"fr-FR"},{"@type":"Organization","@id":"https:\/\/cubukled.com\/#organization","name":"Tige LED","alternateName":"cubukled","url":"https:\/\/cubukled.com\/","logo":{"@type":"ImageObject","inLanguage":"fr-FR","@id":"https:\/\/cubukled.com\/#\/schema\/logo\/image\/","url":"https:\/\/cubukled.com\/wp-content\/uploads\/2020\/06\/cubukled-logo.jpeg","contentUrl":"https:\/\/cubukled.com\/wp-content\/uploads\/2020\/06\/cubukled-logo.jpeg","width":1169,"height":669,"caption":"\u00c7ubuk LED"},"image":{"@id":"https:\/\/cubukled.com\/#\/schema\/logo\/image\/"},"sameAs":["https:\/\/www.facebook.com\/cubukled","https:\/\/x.com\/cubukled","https:\/\/tr.pinterest.com\/Cubuk_Led\/","https:\/\/www.instagram.com\/cubukled\/","https:\/\/www.linkedin.com\/company\/cubukled","https:\/\/www.threads.net\/@cubukled","https:\/\/www.youtube.com\/@cubukled","https:\/\/twitter.com\/cubukled"]}]}},"_links":{"self":[{"href":"https:\/\/cubukled.com\/fr\/wp-json\/wp\/v2\/product\/5301","targetHints":{"allow":["GET"]}}],"collection":[{"href":"https:\/\/cubukled.com\/fr\/wp-json\/wp\/v2\/product"}],"about":[{"href":"https:\/\/cubukled.com\/fr\/wp-json\/wp\/v2\/types\/product"}],"wp:featuredmedia":[{"embeddable":true,"href":"https:\/\/cubukled.com\/fr\/wp-json\/wp\/v2\/media\/5312"}],"wp:attachment":[{"href":"https:\/\/cubukled.com\/fr\/wp-json\/wp\/v2\/media?parent=5301"}],"wp:term":[{"taxonomy":"product_brand","embeddable":true,"href":"https:\/\/cubukled.com\/fr\/wp-json\/wp\/v2\/product_brand?post=5301"},{"taxonomy":"product_cat","embeddable":true,"href":"https:\/\/cubukled.com\/fr\/wp-json\/wp\/v2\/product_cat?post=5301"},{"taxonomy":"product_tag","embeddable":true,"href":"https:\/\/cubukled.com\/fr\/wp-json\/wp\/v2\/product_tag?post=5301"}],"curies":[{"name":"wp","href":"https:\/\/api.w.org\/{rel}","templated":true}]}}