{"id":4946,"date":"2025-07-24T13:25:21","date_gmt":"2025-07-24T10:25:21","guid":{"rendered":"https:\/\/cubukled.com\/?post_type=product&#038;p=4946"},"modified":"2025-09-09T11:46:52","modified_gmt":"2025-09-09T08:46:52","slug":"ln35","status":"publish","type":"product","link":"https:\/\/cubukled.com\/fr\/ln35\/","title":{"rendered":"\u00c9clairage de fa\u00e7ade LEDLine LN35"},"content":{"rendered":"<p><strong>LN35<\/strong> L&#039;\u00e9clairage lin\u00e9aire LED apporte de la couleur \u00e0 vos projets. Il s&#039;int\u00e8gre facilement \u00e0 l&#039;\u00e9clairage de fa\u00e7ade. Gr\u00e2ce \u00e0 sa forme lin\u00e9aire et \u00e0 son design \u00e9l\u00e9gant, il offre \u00e9galement des solutions d&#039;\u00e9clairage int\u00e9rieur. Son profil profond et large en fait une alternative aux autres mod\u00e8les pour diff\u00e9rentes structures architecturales. L&#039;espacement accru entre le circuit imprim\u00e9 et le diffuseur assure une diffusion plus homog\u00e8ne de la lumi\u00e8re LED. Avec ce mod\u00e8le\u2026 <a href=\"https:\/\/cubukled.com\/fr\/lineer-led-aydinlatma-ve-dmx\/\">\u00e9clairage lin\u00e9aire \u00e0 leds et dmx<\/a> Il se distingue par son \u00e9clairage ext\u00e9rieur fixe. Gr\u00e2ce \u00e0 ses nombreuses options d&#039;\u00e9clairage, ce produit vous permet de concr\u00e9tiser facilement l&#039;\u00e9clairage de vos r\u00eaves.<\/p>\n<h2>LN35\u00a0: Options d\u2019\u00e9clairage lin\u00e9aire sp\u00e9cifiques \u00e0 la fa\u00e7ade<\/h2>\n<p>Le bo\u00eetier de ce luminaire lin\u00e9aire \u00e0 LED est r\u00e9alis\u00e9 en profil\u00e9 d&#039;aluminium. Ce profil\u00e9 absorbe la chaleur g\u00e9n\u00e9r\u00e9e par le luminaire et la dissipe naturellement dans l&#039;atmosph\u00e8re, assurant ainsi son refroidissement. Robuste et l\u00e9ger, il est particuli\u00e8rement adapt\u00e9 \u00e0 une installation en fa\u00e7ade.<\/p>\n<p><a href=\"https:\/\/cubukled.com\/fr\/cephe-animasyon-ledline\/\"><img fetchpriority=\"high\" decoding=\"async\" class=\"size-full wp-image-4947 aligncenter\" src=\"https:\/\/cubukled.com\/wp-content\/uploads\/2025\/07\/lineer-led-ln35-olcu.jpg\" alt=\"ledline ln35 \u00f6l\u00e7\u00fc\" width=\"300\" height=\"300\" srcset=\"https:\/\/cubukled.com\/wp-content\/uploads\/2025\/07\/lineer-led-ln35-olcu.jpg 300w, https:\/\/cubukled.com\/wp-content\/uploads\/2025\/07\/lineer-led-ln35-olcu-150x150.jpg 150w, https:\/\/cubukled.com\/wp-content\/uploads\/2025\/07\/lineer-led-ln35-olcu-12x12.jpg 12w, https:\/\/cubukled.com\/wp-content\/uploads\/2025\/07\/lineer-led-ln35-olcu-100x100.jpg 100w\" sizes=\"(max-width: 300px) 100vw, 300px\" \/><\/a><\/p>\n<p>Un espace est pr\u00e9vu au bas du bo\u00eetier. Vous pouvez y dissimuler le c\u00e2ble d&#039;alimentation ou, s&#039;il s&#039;agit d&#039;un produit DMX, les c\u00e2bles d&#039;adressage et de donn\u00e9es. Cet espace sert en quelque sorte de goulotte. Le support de fixation est \u00e9galement dissimul\u00e9 dans cette goulotte. Gr\u00e2ce \u00e0 sa conception fonctionnelle, le mod\u00e8le de luminaire lin\u00e9aire LED en saillie s&#039;int\u00e8gre parfaitement \u00e0 la fa\u00e7ade. Diff\u00e9rentes couleurs de profil\u00e9s RAL sont disponibles. En r\u00e9sum\u00e9, nous d\u00e9terminons ensemble le produit qui s&#039;harmonise le mieux avec la structure architecturale et la couleur de la fa\u00e7ade.<\/p>\n<p>Le bo\u00eetier de la LED contient une carte de circuit imprim\u00e9 en aluminium. Cette carte \u00e9lectronique, appel\u00e9e barre LED, int\u00e8gre des composants \u00e9lectroniques et des puces LED. Pour une utilisation ext\u00e9rieure, un rev\u00eatement polym\u00e8re\/silicone\/\u00e9poxy est appliqu\u00e9 \u00e0 l&#039;int\u00e9rieur du bo\u00eetier. Ce rev\u00eatement prot\u00e8ge le produit des infiltrations d&#039;eau. Ce proc\u00e9d\u00e9 n&#039;est \u00e9videmment pas n\u00e9cessaire pour l&#039;\u00e9clairage int\u00e9rieur. Vous trouverez ci-dessous une photo du produit\u00a0:<\/p>\n<figure id=\"attachment_4955\" aria-describedby=\"caption-attachment-4955\" style=\"width: 300px\" class=\"wp-caption aligncenter\"><a href=\"https:\/\/cubukled.com\/wp-content\/uploads\/2025\/07\/ln35-lineer-led-modeli.jpg\"><img decoding=\"async\" class=\"wp-image-4955 size-full\" src=\"https:\/\/cubukled.com\/wp-content\/uploads\/2025\/07\/ln35-lineer-led-modeli.jpg\" alt=\"ln35 linear led modeli\" width=\"300\" height=\"300\" srcset=\"https:\/\/cubukled.com\/wp-content\/uploads\/2025\/07\/ln35-lineer-led-modeli.jpg 300w, https:\/\/cubukled.com\/wp-content\/uploads\/2025\/07\/ln35-lineer-led-modeli-150x150.jpg 150w, https:\/\/cubukled.com\/wp-content\/uploads\/2025\/07\/ln35-lineer-led-modeli-12x12.jpg 12w, https:\/\/cubukled.com\/wp-content\/uploads\/2025\/07\/ln35-lineer-led-modeli-100x100.jpg 100w\" sizes=\"(max-width: 300px) 100vw, 300px\" \/><\/a><figcaption id=\"caption-attachment-4955\" class=\"wp-caption-text\">LEDLine LN35 Marche\/Arr\u00eat 3000K 8W\/m<\/figcaption><\/figure>\n<p>Le diffuseur utilis\u00e9 pour une r\u00e9partition homog\u00e8ne de la lumi\u00e8re est fabriqu\u00e9 en PMMA. Sa structure rigide lui conf\u00e8re une grande r\u00e9sistance aux chocs. De plus, son rev\u00eatement sup\u00e9rieur trait\u00e9 anti-UV pr\u00e9vient la d\u00e9coloration de la fa\u00e7ade au soleil. Ce diffuseur est parfaitement compatible avec le corps en aluminium. Son syst\u00e8me de fixation pratique permet une installation et un retrait ais\u00e9s.<\/p>\n<ul>\n<li><strong>Lumi\u00e8re constante (syst\u00e8me marche\/arr\u00eat)\u00a0:<\/strong> Il existe des options de lumi\u00e8re blanche allant de 3\u00a0000 \u00e0 6\u00a0500 kelvins. Des lumi\u00e8res color\u00e9es sont \u00e9galement disponibles, comme l\u2019ambre, le rouge, le vert, le bleu, le bleu glacier ou le turquoise (bleu-vert).<\/li>\n<li><strong>\u00c9clairage DMX (syst\u00e8me d&#039;animation) :<\/strong> Il s&#039;agit d&#039;un projecteur \u00e0 lumi\u00e8re mobile. On le conna\u00eet sous le nom de projecteur LED \u00e0 effet de glissement ou \u00e0 effet de mouvement. Vous pouvez cr\u00e9er des effets lumineux dynamiques gr\u00e2ce aux options RGB, RGBW, blanc r\u00e9glable, blanc monochrome et couleur monochrome. Nos mod\u00e8les d&#039;animation LED sont compatibles avec les contr\u00f4leurs DMX512.<\/li>\n<\/ul>\n<p><a href=\"https:\/\/cubukled.com\/fr\/cephe-animasyon-ledline\/\">Ligne LED d&#039;animation de fa\u00e7ade<\/a> Dans ce mod\u00e8le, le flux lumineux est continu. Pour un \u00e9clairage constant, installez le mod\u00e8le LEDLine de mani\u00e8re \u00e0 ce que les caches lat\u00e9raux soient parfaitement align\u00e9s. En effet, l&#039;opacit\u00e9 des caches lat\u00e9raux permet d&#039;obtenir un faisceau lumineux lin\u00e9aire continu la nuit. N&#039;h\u00e9sitez donc pas \u00e0 nous contacter si vous souhaitez concevoir un syst\u00e8me d&#039;\u00e9clairage avec ce luminaire lin\u00e9aire LEDLine. <a href=\"https:\/\/cubukled.com\/fr\/cubuk-led-iletisim\/\">Vous pouvez nous contacter.<\/a><\/p>","protected":false},"excerpt":{"rendered":"<p><em><strong>*Remarques\u00a0:<\/strong> Le prix est \u00e9tabli en fonction du projet. Pour plus de d\u00e9tails, veuillez nous contacter. <a href=\"https:\/\/cubukled.com\/fr\/cubuk-led-iletisim\/\">Veuillez nous contacter.<\/a><\/em><\/p>\n<p><strong>Couleur\/Contr\u00f4le de la lumi\u00e8re\u00a0:<\/strong> Lumi\u00e8re fixe marche\/arr\u00eat, animation DMX<\/p>\n<p><strong>Mesures:<\/strong> 3,4 cm x 5,0 cm<\/p>\n<p><strong>Utilisation :<\/strong> \u00c9clairage int\u00e9rieur et ext\u00e9rieur<\/p>\n<p><strong>Le corps :<\/strong> Aluminium<\/p>\n<p><strong>Alimentation \u00e9lectrique :<\/strong> Tension constante, 24 V CC<\/p>\n<p><strong>Marche\/Arr\u00eat :<\/strong> 70 LED\/m\u00e8tre<\/p>\n<p><strong>DMX RGB :<\/strong> 6 px\/m, 36 LED RVB\/m<\/p>\n<p><strong>DMX RGBW\u00a0:<\/strong> 6 px\/m, 36 LED RVB\/m + 36 LED blanches\/m<\/p>","protected":false},"featured_media":4948,"template":"","meta":{"_joinchat":[]},"product_brand":[],"product_cat":[109,3088],"product_tag":[3093,3089,3094,3090,3095],"class_list":{"0":"post-4946","1":"product","2":"type-product","3":"status-publish","4":"has-post-thumbnail","6":"product_cat-aydinlatma-urunleri","7":"product_cat-ledline","8":"product_tag-led-lineer","9":"product_tag-ledline","10":"product_tag-ledline-ln35","11":"product_tag-lineer-led","12":"product_tag-ln35","13":"pa_gucgirisi-24vdc","14":"pa_isikrengi-3000kelvin","15":"pa_isikrengi-4000kelvin","16":"pa_isikrengi-5000kelvin","17":"pa_isikrengi-6500kelvin","18":"pa_isikrengi-amber","19":"pa_isikrengi-dmxmono","20":"pa_isikrengi-dmxrgb","21":"pa_isikrengi-dmxrgbw","22":"pa_isikrengi-dmxtunable","23":"pa_isikrengi-kirmizi","24":"pa_isikrengi-mavi","25":"pa_isikrengi-rgb","26":"pa_isikrengi-yesil","28":"first","29":"instock","30":"sale","31":"taxable","32":"shipping-taxable","33":"purchasable","34":"product-type-simple","35":"customify-col","36":"product-has-gallery"},"yoast_head":"<!-- This site is optimized with the Yoast SEO plugin v27.2 - https:\/\/yoast.com\/product\/yoast-seo-wordpress\/ -->\n<title>LN35 - Lineer LED D\u0131\u015f Cephe Ayd\u0131nlatma<\/title>\n<meta name=\"description\" content=\"LN35 LEDLine - Al\u00fcminyum kasa profilli led ile linear led \u0131\u015f\u0131k formu - DMX RGB cephe ayd\u0131nlatma - Sabit \u0131\u015f\u0131k on\/off ayd\u0131nlatma\" \/>\n<meta name=\"robots\" content=\"index, follow, max-snippet:-1, max-image-preview:large, max-video-preview:-1\" \/>\n<link rel=\"canonical\" href=\"https:\/\/cubukled.com\/fr\/ln35\/\" \/>\n<meta property=\"og:locale\" content=\"fr_FR\" \/>\n<meta property=\"og:type\" content=\"article\" \/>\n<meta property=\"og:title\" content=\"LN35 - Lineer LED D\u0131\u015f Cephe Ayd\u0131nlatma\" \/>\n<meta property=\"og:description\" content=\"LN35 LEDLine - Al\u00fcminyum kasa profilli led ile linear led \u0131\u015f\u0131k formu - DMX RGB cephe ayd\u0131nlatma - Sabit \u0131\u015f\u0131k on\/off ayd\u0131nlatma\" \/>\n<meta property=\"og:url\" content=\"https:\/\/cubukled.com\/fr\/ln35\/\" \/>\n<meta property=\"og:site_name\" content=\"\u00c7ubuk LED\" \/>\n<meta property=\"article:publisher\" content=\"https:\/\/www.facebook.com\/cubukled\" \/>\n<meta property=\"article:modified_time\" content=\"2025-09-09T08:46:52+00:00\" \/>\n<meta property=\"og:image\" content=\"https:\/\/cubukled.com\/wp-content\/uploads\/2025\/07\/ledline-ln35.jpg\" \/>\n\t<meta property=\"og:image:width\" content=\"1280\" \/>\n\t<meta property=\"og:image:height\" content=\"1280\" \/>\n\t<meta property=\"og:image:type\" content=\"image\/jpeg\" \/>\n<meta name=\"twitter:card\" content=\"summary_large_image\" \/>\n<meta name=\"twitter:site\" content=\"@cubukled\" \/>\n<meta name=\"twitter:label1\" content=\"Dur\u00e9e de lecture estim\u00e9e\" \/>\n\t<meta name=\"twitter:data1\" content=\"4 minutes\" \/>\n<script type=\"application\/ld+json\" class=\"yoast-schema-graph\">{\"@context\":\"https:\/\/schema.org\",\"@graph\":[{\"@type\":[\"WebPage\",\"ItemPage\"],\"@id\":\"https:\/\/cubukled.com\/ln35\/\",\"url\":\"https:\/\/cubukled.com\/ln35\/\",\"name\":\"LN35 - Lineer LED D\u0131\u015f Cephe Ayd\u0131nlatma\",\"isPartOf\":{\"@id\":\"https:\/\/cubukled.com\/#website\"},\"primaryImageOfPage\":{\"@id\":\"https:\/\/cubukled.com\/ln35\/#primaryimage\"},\"image\":{\"@id\":\"https:\/\/cubukled.com\/ln35\/#primaryimage\"},\"thumbnailUrl\":\"https:\/\/cubukled.com\/wp-content\/uploads\/2025\/07\/ledline-ln35.jpg\",\"datePublished\":\"2025-07-24T10:25:21+00:00\",\"dateModified\":\"2025-09-09T08:46:52+00:00\",\"description\":\"LN35 LEDLine - Al\u00fcminyum kasa profilli led ile linear led \u0131\u015f\u0131k formu - DMX RGB cephe ayd\u0131nlatma - Sabit \u0131\u015f\u0131k on\/off ayd\u0131nlatma\",\"breadcrumb\":{\"@id\":\"https:\/\/cubukled.com\/ln35\/#breadcrumb\"},\"inLanguage\":\"fr-FR\",\"potentialAction\":[{\"@type\":\"ReadAction\",\"target\":[\"https:\/\/cubukled.com\/ln35\/\"]}]},{\"@type\":\"ImageObject\",\"inLanguage\":\"fr-FR\",\"@id\":\"https:\/\/cubukled.com\/ln35\/#primaryimage\",\"url\":\"https:\/\/cubukled.com\/wp-content\/uploads\/2025\/07\/ledline-ln35.jpg\",\"contentUrl\":\"https:\/\/cubukled.com\/wp-content\/uploads\/2025\/07\/ledline-ln35.jpg\",\"width\":1280,\"height\":1280,\"caption\":\"ln35 ledline\"},{\"@type\":\"BreadcrumbList\",\"@id\":\"https:\/\/cubukled.com\/ln35\/#breadcrumb\",\"itemListElement\":[{\"@type\":\"ListItem\",\"position\":1,\"name\":\"Ana sayfa\",\"item\":\"https:\/\/cubukled.com\/\"},{\"@type\":\"ListItem\",\"position\":2,\"name\":\"Ma\u011faza\",\"item\":\"https:\/\/cubukled.com\/magaza\/\"},{\"@type\":\"ListItem\",\"position\":3,\"name\":\"LN35 LEDLine Cephe Ayd\u0131nlatma\"}]},{\"@type\":\"WebSite\",\"@id\":\"https:\/\/cubukled.com\/#website\",\"url\":\"https:\/\/cubukled.com\/\",\"name\":\"\u00c7ubuk LED\",\"description\":\"Cephe Ayd\u0131nlatma, Ayd\u0131nlatma Tasar\u0131m\u0131, D\u0131\u015f Mekan Animasyon Sistemleri, RGB DMX Cephe LED Animasyon\",\"publisher\":{\"@id\":\"https:\/\/cubukled.com\/#organization\"},\"alternateName\":\"cubukled\",\"potentialAction\":[{\"@type\":\"SearchAction\",\"target\":{\"@type\":\"EntryPoint\",\"urlTemplate\":\"https:\/\/cubukled.com\/?s={search_term_string}\"},\"query-input\":{\"@type\":\"PropertyValueSpecification\",\"valueRequired\":true,\"valueName\":\"search_term_string\"}}],\"inLanguage\":\"fr-FR\"},{\"@type\":\"Organization\",\"@id\":\"https:\/\/cubukled.com\/#organization\",\"name\":\"\u00c7ubuk LED\",\"alternateName\":\"cubukled\",\"url\":\"https:\/\/cubukled.com\/\",\"logo\":{\"@type\":\"ImageObject\",\"inLanguage\":\"fr-FR\",\"@id\":\"https:\/\/cubukled.com\/#\/schema\/logo\/image\/\",\"url\":\"https:\/\/cubukled.com\/wp-content\/uploads\/2020\/06\/cubukled-logo.jpeg\",\"contentUrl\":\"https:\/\/cubukled.com\/wp-content\/uploads\/2020\/06\/cubukled-logo.jpeg\",\"width\":1169,\"height\":669,\"caption\":\"\u00c7ubuk LED\"},\"image\":{\"@id\":\"https:\/\/cubukled.com\/#\/schema\/logo\/image\/\"},\"sameAs\":[\"https:\/\/www.facebook.com\/cubukled\",\"https:\/\/x.com\/cubukled\",\"https:\/\/tr.pinterest.com\/Cubuk_Led\/\",\"https:\/\/www.instagram.com\/cubukled\/\",\"https:\/\/www.linkedin.com\/company\/cubukled\",\"https:\/\/www.threads.net\/@cubukled\",\"https:\/\/www.youtube.com\/@cubukled\",\"https:\/\/twitter.com\/cubukled\"]}]}<\/script>\n<!-- \/ Yoast SEO plugin. -->","yoast_head_json":{"title":"LN35 - Lineer LED D\u0131\u015f Cephe Ayd\u0131nlatma","description":"LN35 LEDLine - Al\u00fcminyum kasa profilli led ile linear led \u0131\u015f\u0131k formu - DMX RGB cephe ayd\u0131nlatma - Sabit \u0131\u015f\u0131k on\/off ayd\u0131nlatma","robots":{"index":"index","follow":"follow","max-snippet":"max-snippet:-1","max-image-preview":"max-image-preview:large","max-video-preview":"max-video-preview:-1"},"canonical":"https:\/\/cubukled.com\/fr\/ln35\/","og_locale":"fr_FR","og_type":"article","og_title":"LN35 - Lineer LED D\u0131\u015f Cephe Ayd\u0131nlatma","og_description":"LN35 LEDLine - Al\u00fcminyum kasa profilli led ile linear led \u0131\u015f\u0131k formu - DMX RGB cephe ayd\u0131nlatma - Sabit \u0131\u015f\u0131k on\/off ayd\u0131nlatma","og_url":"https:\/\/cubukled.com\/fr\/ln35\/","og_site_name":"\u00c7ubuk LED","article_publisher":"https:\/\/www.facebook.com\/cubukled","article_modified_time":"2025-09-09T08:46:52+00:00","og_image":[{"width":1280,"height":1280,"url":"https:\/\/cubukled.com\/wp-content\/uploads\/2025\/07\/ledline-ln35.jpg","type":"image\/jpeg"}],"twitter_card":"summary_large_image","twitter_site":"@cubukled","twitter_misc":{"Dur\u00e9e de lecture estim\u00e9e":"4 minutes"},"schema":{"@context":"https:\/\/schema.org","@graph":[{"@type":["WebPage","ItemPage"],"@id":"https:\/\/cubukled.com\/ln35\/","url":"https:\/\/cubukled.com\/ln35\/","name":"LN35 - Lineer LED D\u0131\u015f Cephe Ayd\u0131nlatma","isPartOf":{"@id":"https:\/\/cubukled.com\/#website"},"primaryImageOfPage":{"@id":"https:\/\/cubukled.com\/ln35\/#primaryimage"},"image":{"@id":"https:\/\/cubukled.com\/ln35\/#primaryimage"},"thumbnailUrl":"https:\/\/cubukled.com\/wp-content\/uploads\/2025\/07\/ledline-ln35.jpg","datePublished":"2025-07-24T10:25:21+00:00","dateModified":"2025-09-09T08:46:52+00:00","description":"LN35 LEDLine - Al\u00fcminyum kasa profilli led ile linear led \u0131\u015f\u0131k formu - DMX RGB cephe ayd\u0131nlatma - Sabit \u0131\u015f\u0131k on\/off ayd\u0131nlatma","breadcrumb":{"@id":"https:\/\/cubukled.com\/ln35\/#breadcrumb"},"inLanguage":"fr-FR","potentialAction":[{"@type":"ReadAction","target":["https:\/\/cubukled.com\/ln35\/"]}]},{"@type":"ImageObject","inLanguage":"fr-FR","@id":"https:\/\/cubukled.com\/ln35\/#primaryimage","url":"https:\/\/cubukled.com\/wp-content\/uploads\/2025\/07\/ledline-ln35.jpg","contentUrl":"https:\/\/cubukled.com\/wp-content\/uploads\/2025\/07\/ledline-ln35.jpg","width":1280,"height":1280,"caption":"ln35 ledline"},{"@type":"BreadcrumbList","@id":"https:\/\/cubukled.com\/ln35\/#breadcrumb","itemListElement":[{"@type":"ListItem","position":1,"name":"Ana sayfa","item":"https:\/\/cubukled.com\/"},{"@type":"ListItem","position":2,"name":"Ma\u011faza","item":"https:\/\/cubukled.com\/magaza\/"},{"@type":"ListItem","position":3,"name":"LN35 LEDLine Cephe Ayd\u0131nlatma"}]},{"@type":"WebSite","@id":"https:\/\/cubukled.com\/#website","url":"https:\/\/cubukled.com\/","name":"Tige LED","description":"Eclairage de fa\u00e7ade, Conception d'\u00e9clairage, Syst\u00e8mes d'animation ext\u00e9rieure, Animation LED RVB DMX de fa\u00e7ade","publisher":{"@id":"https:\/\/cubukled.com\/#organization"},"alternateName":"cubukled","potentialAction":[{"@type":"SearchAction","target":{"@type":"EntryPoint","urlTemplate":"https:\/\/cubukled.com\/?s={search_term_string}"},"query-input":{"@type":"PropertyValueSpecification","valueRequired":true,"valueName":"search_term_string"}}],"inLanguage":"fr-FR"},{"@type":"Organization","@id":"https:\/\/cubukled.com\/#organization","name":"Tige LED","alternateName":"cubukled","url":"https:\/\/cubukled.com\/","logo":{"@type":"ImageObject","inLanguage":"fr-FR","@id":"https:\/\/cubukled.com\/#\/schema\/logo\/image\/","url":"https:\/\/cubukled.com\/wp-content\/uploads\/2020\/06\/cubukled-logo.jpeg","contentUrl":"https:\/\/cubukled.com\/wp-content\/uploads\/2020\/06\/cubukled-logo.jpeg","width":1169,"height":669,"caption":"\u00c7ubuk LED"},"image":{"@id":"https:\/\/cubukled.com\/#\/schema\/logo\/image\/"},"sameAs":["https:\/\/www.facebook.com\/cubukled","https:\/\/x.com\/cubukled","https:\/\/tr.pinterest.com\/Cubuk_Led\/","https:\/\/www.instagram.com\/cubukled\/","https:\/\/www.linkedin.com\/company\/cubukled","https:\/\/www.threads.net\/@cubukled","https:\/\/www.youtube.com\/@cubukled","https:\/\/twitter.com\/cubukled"]}]}},"_links":{"self":[{"href":"https:\/\/cubukled.com\/fr\/wp-json\/wp\/v2\/product\/4946","targetHints":{"allow":["GET"]}}],"collection":[{"href":"https:\/\/cubukled.com\/fr\/wp-json\/wp\/v2\/product"}],"about":[{"href":"https:\/\/cubukled.com\/fr\/wp-json\/wp\/v2\/types\/product"}],"wp:featuredmedia":[{"embeddable":true,"href":"https:\/\/cubukled.com\/fr\/wp-json\/wp\/v2\/media\/4948"}],"wp:attachment":[{"href":"https:\/\/cubukled.com\/fr\/wp-json\/wp\/v2\/media?parent=4946"}],"wp:term":[{"taxonomy":"product_brand","embeddable":true,"href":"https:\/\/cubukled.com\/fr\/wp-json\/wp\/v2\/product_brand?post=4946"},{"taxonomy":"product_cat","embeddable":true,"href":"https:\/\/cubukled.com\/fr\/wp-json\/wp\/v2\/product_cat?post=4946"},{"taxonomy":"product_tag","embeddable":true,"href":"https:\/\/cubukled.com\/fr\/wp-json\/wp\/v2\/product_tag?post=4946"}],"curies":[{"name":"wp","href":"https:\/\/api.w.org\/{rel}","templated":true}]}}