{"id":2246,"date":"2023-12-22T21:58:28","date_gmt":"2023-12-22T18:58:28","guid":{"rendered":"https:\/\/cubukled.com\/?post_type=product&#038;p=2246"},"modified":"2025-09-09T16:30:26","modified_gmt":"2025-09-09T13:30:26","slug":"wallwasher-ledi-sp12","status":"publish","type":"product","link":"https:\/\/cubukled.com\/fr\/wallwasher-ledi-sp12\/","title":{"rendered":"SP12"},"content":{"rendered":"<p><strong>Projecteur LED mural<\/strong> <strong>SP12<\/strong> Il s&#039;agit essentiellement d&#039;un ruban LED \u00e0 base d&#039;aluminium. Cependant, les LED utilis\u00e9es dans ce produit sont des LED haute puissance. Ces derni\u00e8res sont class\u00e9es en trois cat\u00e9gories dans la litt\u00e9rature\u00a0:.<\/p>\n<ul>\n<li>Puissance moyenne,<\/li>\n<li>Semi-puissance,<\/li>\n<li>Haute puissance.<\/li>\n<\/ul>\n<p>Ce produit utilise des LED semi-puissantes d&#039;une puissance maximale de 1 watt. Il mesure 1,6 cm de large et 30 cm de long. Chaque mod\u00e8le SP12 est \u00e9quip\u00e9 de 12 LED et produit donc une puissance maximale de 12 watts. Vous pouvez raccourcir le produit en aluminium en le coupant par sections de 5 cm, ou l&#039;\u00e9tendre d&#039;un bout \u00e0 l&#039;autre comme les autres mod\u00e8les.<\/p>\n<table style=\"height: 112px;\" width=\"620\">\n<tbody>\n<tr>\n<td style=\"text-align: center;\" width=\"111\"><strong>Code produit<\/strong><\/td>\n<td style=\"text-align: center;\" width=\"142\"><strong>Alimentation \u00e9lectrique<\/strong><\/td>\n<td style=\"text-align: center;\" width=\"82\"><strong>Quantit\u00e9 de LED<\/strong><\/td>\n<td style=\"text-align: center;\" width=\"117\"><strong>Intervalle d'interruption<\/strong><\/td>\n<td style=\"text-align: center;\" width=\"99\"><strong>Mesure<\/strong><\/td>\n<\/tr>\n<tr>\n<td style=\"text-align: center;\">SP12<\/td>\n<td style=\"text-align: center;\">Courant constant<\/td>\n<td style=\"text-align: center;\">12 pcs\/30cm<\/td>\n<td style=\"text-align: center;\">5cm<\/td>\n<td style=\"text-align: center;\">16 mm x 30 cm<\/td>\n<\/tr>\n<\/tbody>\n<\/table>\n<h2><img fetchpriority=\"high\" decoding=\"async\" class=\"size-full wp-image-2254 aligncenter\" src=\"https:\/\/cubukled.com\/wp-content\/uploads\/2023\/12\/volvosir-ledi-sp12-1.jpg\" alt=\"wallwasher cubuk led teknik cizim\" width=\"2094\" height=\"266\" srcset=\"https:\/\/cubukled.com\/wp-content\/uploads\/2023\/12\/volvosir-ledi-sp12-1.jpg 2094w, https:\/\/cubukled.com\/wp-content\/uploads\/2023\/12\/volvosir-ledi-sp12-1-300x38.jpg 300w, https:\/\/cubukled.com\/wp-content\/uploads\/2023\/12\/volvosir-ledi-sp12-1-1024x130.jpg 1024w, https:\/\/cubukled.com\/wp-content\/uploads\/2023\/12\/volvosir-ledi-sp12-1-768x98.jpg 768w, https:\/\/cubukled.com\/wp-content\/uploads\/2023\/12\/volvosir-ledi-sp12-1-1536x195.jpg 1536w, https:\/\/cubukled.com\/wp-content\/uploads\/2023\/12\/volvosir-ledi-sp12-1-2048x260.jpg 2048w, https:\/\/cubukled.com\/wp-content\/uploads\/2023\/12\/volvosir-ledi-sp12-1-600x76.jpg 600w\" sizes=\"(max-width: 2094px) 100vw, 2094px\" \/><\/h2>\n<p>Vous remarquerez que la forme de ce produit diff\u00e8re de celle des rubans LED classiques. Il n&#039;est pas droit. Car\u2026 <strong>Peinture murale LED<\/strong> Ce produit, \u00e0 placer dans un bo\u00eetier, a \u00e9t\u00e9 con\u00e7u avec cette forme pour faciliter la fixation par vis. Il fonctionne avec un driver \u00e0 courant constant. Avec ce produit\u2026 <a href=\"https:\/\/cubukled.com\/fr\/wallwasher-led-aydinlatma\/\">Eclairage LED Wallwasher<\/a> Vous pouvez fabriquer les produits.<\/p>\n<h2><strong>Projecteur LED mural : SP12<\/strong><\/h2>\n<p><strong>Volvoshir LED<\/strong> Largement utilis\u00e9s pour l&#039;\u00e9clairage des fa\u00e7ades, les luminaires LED Wallwasher illuminent murs, arbres, mosqu\u00e9es et autres surfaces d&#039;une lumi\u00e8re blanche ou color\u00e9e. Compos\u00e9s g\u00e9n\u00e9ralement de LED haute intensit\u00e9 dispos\u00e9es en ligne, ils cr\u00e9ent une ambiance esth\u00e9tique et saisissante, notamment dans les galeries d&#039;art, les h\u00f4tels et les centres commerciaux.<\/p>\n<p>SP12 avec bande LED <strong>Volvoshir 30 cm<\/strong> Oui, c&#039;est possible. La mesure de longueur des LED Volvo SIR est compatible. Gr\u00e2ce \u00e0 nos produits \u00e9conomiques et de haute qualit\u00e9. <strong>Volvoshir <a href=\"https:\/\/cubukled.com\/fr\/\">prix des LED<\/a><\/strong> La comp\u00e9tition sera \u00e9galement rude.<\/p>\n<p>Les luminaires Volvoshir se d\u00e9clinent en diff\u00e9rentes tailles, couleurs et puissances. Leur prix varie en fonction de ces caract\u00e9ristiques. Par exemple, un mod\u00e8le Volvoshir de 60 cm n\u00e9cessite deux unit\u00e9s, ce qui influe sur la puissance et le prix. Les luminaires Volvoshir sont disponibles dans une large palette de couleurs, telles que l&#039;ambre, le blanc, le bleu, le rouge, le vert ou le RGB. Ils diffusent une lumi\u00e8re homog\u00e8ne et dynamisent l&#039;espace o\u00f9 ils sont install\u00e9s.<\/p>\n<h2>Comment calculer la puissance requise pour un driver \u00e0 courant constant\u00a0?<\/h2>\n<p>Par exemple, si vous souhaitez r\u00e9aliser un projecteur mural de 30 cm de haut et d&#039;une puissance de 12 W, notre produit comprend 30 LED semi-puissantes de 30 x 30 mm, 1 W et 6 V. Dans ce cas, vous devrez alimenter chaque LED avec un courant de 1 W \/ 6 V = 0,16 A, soit environ 150 mA.<\/p>\n<p>Dans notre conception, deux LED sont connect\u00e9es en parall\u00e8le et six en s\u00e9rie. Cela n\u00e9cessite une tension de 36 V. Pour un projecteur mural de 12 W, 12 W \/ 36 V = 0,3 A, soit environ 300 mA. Le driver \u00e0 courant constant choisi doit fournir au moins 300 mA et supporter une tension d&#039;alimentation de 36 V.<\/p>\n<p>Par exemple, un driver peut indiquer 40 W, 500 mA et 48-80 V. Il supporte un courant de 300 mA, mais ne r\u00e9pond pas \u00e0 la plage de tension sp\u00e9cifi\u00e9e de 36 V. Il vous faudra donc choisir un autre driver. Un autre driver, par exemple, pourrait indiquer 24,5 W, 350 mA et 25-70 V. Ce driver conviendrait \u00e0 la fois \u00e0 une tension de 36 V et \u00e0 un courant de 300 mA.<\/p>\n<p><strong>Note<\/strong> \u201c\u00a0Volvoshir\u00a0\u201d est une prononciation de \u201c\u00a0Wallwasher\u00a0\u201d. Cependant, si ce terme appara\u00eet ainsi dans ce texte, c\u2019est en raison de son usage courant sur Internet. L\u2019orthographe correcte est \u201c\u00a0Wallwasher\u00a0\u201d.<\/p>","protected":false},"excerpt":{"rendered":"<p><em><strong>*Remarques\u00a0:<\/strong> Le prix est \u00e9tabli en fonction du projet. Pour plus de d\u00e9tails, veuillez nous contacter. <a href=\"https:\/\/cubukled.com\/fr\/cubuk-led-iletisim\/\">Veuillez nous contacter.<\/a><\/em><\/p>\n<p><strong>Alimentation \u00e9lectrique :<\/strong> Courant constant<\/p>\n<p><strong>Options de couleur\u00a0:<\/strong>\u00a02200K, 2700K, 3000K, 4000K, 5000K, 6500K, Rouge, Vert, Bleu, Ambre<\/p>\n<p><strong>Quantit\u00e9 de LED :<\/strong> 12 pcs\/30cm<\/p>\n<p><strong>Dimensions de la carte de circuit imprim\u00e9 de base :<\/strong> Aluminium 16 x 300 mm<\/p>\n<p><strong>Intervalle d'interruption :<\/strong> 5 cm<\/p>\n<p><strong>En vedette :<\/strong> LED d'alimentation<\/p>\n<p><strong>Utilisation :<\/strong> Lave-muraille<\/p>\n<p><strong>LED Options de la marque :<\/strong> CREE, OSRAM, SAMSUNG, NICHIA, SEOUL, PHILIPS, LUMILEDS<\/p>","protected":false},"featured_media":2249,"template":"","meta":{"_joinchat":[]},"product_brand":[],"product_cat":[109,286],"product_tag":[2687,2685,2684,2686,2688,2683],"class_list":{"0":"post-2246","1":"product","2":"type-product","3":"status-publish","4":"has-post-thumbnail","6":"product_cat-aydinlatma-urunleri","7":"product_cat-sabit-akim-cubuk-led","8":"product_tag-30-cm-volvosir","9":"product_tag-duvar-boyama-ledi","10":"product_tag-sp12","11":"product_tag-volvosir-led","12":"product_tag-volvosir-led-fiyatlari","13":"product_tag-wallwasher-ledi","14":"pa_gucgirisi-sabitakim","15":"pa_isikrengi-2200kelvin","16":"pa_isikrengi-2700kelvin","17":"pa_isikrengi-3000kelvin","18":"pa_isikrengi-4000kelvin","19":"pa_isikrengi-5000kelvin","20":"pa_isikrengi-6500kelvin","21":"pa_isikrengi-amber","22":"pa_isikrengi-kirmizi","23":"pa_isikrengi-mavi","24":"pa_isikrengi-rgb","25":"pa_isikrengi-yesil","26":"pa_kesilmearaligi-5cm","27":"pa_ledmarka-led-markasi-cree","28":"pa_ledmarka-lumileds","29":"pa_ledmarka-nichia","30":"pa_ledmarka-osram","31":"pa_ledmarka-philips","32":"pa_ledmarka-led-markasi-samsung","33":"pa_ledmarka-led-markasi-seoul","34":"pa_ledmiktari-12-led","35":"pa_onecikanozellik-power-led","36":"pa_tabanpcbolculeri-16x300mm","38":"first","39":"instock","40":"taxable","41":"shipping-taxable","42":"product-type-simple","43":"customify-col","44":"product-has-gallery"},"yoast_head":"<!-- This site is optimized with the Yoast SEO plugin v27.2 - https:\/\/yoast.com\/product\/yoast-seo-wordpress\/ -->\n<title>Wallwasher Ledi - SP12 - 16mmx30cm Al\u00fcminyum PCB Taban \u00c7ubuk LED<\/title>\n<meta name=\"description\" content=\"Wallwasher Ledi - 30 cm i\u00e7in; 12 adet Power LED - Renk Se\u00e7enekleri- Al\u00fcminyum PCB \u00d6l\u00e7\u00fcs\u00fc: 16mm x 30cm - Sabit Ak\u0131m \u00c7ubuk LED Mod\u00fcl ile Wallwasher yap!\" \/>\n<meta name=\"robots\" content=\"index, follow, max-snippet:-1, max-image-preview:large, max-video-preview:-1\" \/>\n<link rel=\"canonical\" href=\"https:\/\/cubukled.com\/fr\/wallwasher-ledi-sp12\/\" \/>\n<meta property=\"og:locale\" content=\"fr_FR\" \/>\n<meta property=\"og:type\" content=\"article\" \/>\n<meta property=\"og:title\" content=\"Wallwasher Ledi - SP12 - 16mmx30cm Al\u00fcminyum PCB Taban \u00c7ubuk LED\" \/>\n<meta property=\"og:description\" content=\"Wallwasher Ledi - 30 cm i\u00e7in; 12 adet Power LED - Renk Se\u00e7enekleri- Al\u00fcminyum PCB \u00d6l\u00e7\u00fcs\u00fc: 16mm x 30cm - Sabit Ak\u0131m \u00c7ubuk LED Mod\u00fcl ile Wallwasher yap!\" \/>\n<meta property=\"og:url\" content=\"https:\/\/cubukled.com\/fr\/wallwasher-ledi-sp12\/\" \/>\n<meta property=\"og:site_name\" content=\"\u00c7ubuk LED\" \/>\n<meta property=\"article:publisher\" content=\"https:\/\/www.facebook.com\/cubukled\" \/>\n<meta property=\"article:modified_time\" content=\"2025-09-09T13:30:26+00:00\" \/>\n<meta property=\"og:image\" content=\"https:\/\/cubukled.com\/wp-content\/uploads\/2023\/12\/wallwasher-ledi-SP12.jpg\" \/>\n\t<meta property=\"og:image:width\" content=\"1280\" \/>\n\t<meta property=\"og:image:height\" content=\"792\" \/>\n\t<meta property=\"og:image:type\" content=\"image\/jpeg\" \/>\n<meta name=\"twitter:card\" content=\"summary_large_image\" \/>\n<meta name=\"twitter:site\" content=\"@cubukled\" \/>\n<meta name=\"twitter:label1\" content=\"Dur\u00e9e de lecture estim\u00e9e\" \/>\n\t<meta name=\"twitter:data1\" content=\"3 minutes\" \/>\n<script type=\"application\/ld+json\" class=\"yoast-schema-graph\">{\"@context\":\"https:\/\/schema.org\",\"@graph\":[{\"@type\":[\"WebPage\",\"ItemPage\"],\"@id\":\"https:\/\/cubukled.com\/wallwasher-ledi-sp12\/\",\"url\":\"https:\/\/cubukled.com\/wallwasher-ledi-sp12\/\",\"name\":\"Wallwasher Ledi - SP12 - 16mmx30cm Al\u00fcminyum PCB Taban \u00c7ubuk LED\",\"isPartOf\":{\"@id\":\"https:\/\/cubukled.com\/#website\"},\"primaryImageOfPage\":{\"@id\":\"https:\/\/cubukled.com\/wallwasher-ledi-sp12\/#primaryimage\"},\"image\":{\"@id\":\"https:\/\/cubukled.com\/wallwasher-ledi-sp12\/#primaryimage\"},\"thumbnailUrl\":\"https:\/\/cubukled.com\/wp-content\/uploads\/2023\/12\/wallwasher-ledi-SP12.jpg\",\"datePublished\":\"2023-12-22T18:58:28+00:00\",\"dateModified\":\"2025-09-09T13:30:26+00:00\",\"description\":\"Wallwasher Ledi - 30 cm i\u00e7in; 12 adet Power LED - Renk Se\u00e7enekleri- Al\u00fcminyum PCB \u00d6l\u00e7\u00fcs\u00fc: 16mm x 30cm - Sabit Ak\u0131m \u00c7ubuk LED Mod\u00fcl ile Wallwasher yap!\",\"breadcrumb\":{\"@id\":\"https:\/\/cubukled.com\/wallwasher-ledi-sp12\/#breadcrumb\"},\"inLanguage\":\"fr-FR\",\"potentialAction\":[{\"@type\":\"ReadAction\",\"target\":[\"https:\/\/cubukled.com\/wallwasher-ledi-sp12\/\"]}]},{\"@type\":\"ImageObject\",\"inLanguage\":\"fr-FR\",\"@id\":\"https:\/\/cubukled.com\/wallwasher-ledi-sp12\/#primaryimage\",\"url\":\"https:\/\/cubukled.com\/wp-content\/uploads\/2023\/12\/wallwasher-ledi-SP12.jpg\",\"contentUrl\":\"https:\/\/cubukled.com\/wp-content\/uploads\/2023\/12\/wallwasher-ledi-SP12.jpg\",\"width\":1280,\"height\":792},{\"@type\":\"BreadcrumbList\",\"@id\":\"https:\/\/cubukled.com\/wallwasher-ledi-sp12\/#breadcrumb\",\"itemListElement\":[{\"@type\":\"ListItem\",\"position\":1,\"name\":\"Ana sayfa\",\"item\":\"https:\/\/cubukled.com\/\"},{\"@type\":\"ListItem\",\"position\":2,\"name\":\"Ma\u011faza\",\"item\":\"https:\/\/cubukled.com\/magaza\/\"},{\"@type\":\"ListItem\",\"position\":3,\"name\":\"SP12\"}]},{\"@type\":\"WebSite\",\"@id\":\"https:\/\/cubukled.com\/#website\",\"url\":\"https:\/\/cubukled.com\/\",\"name\":\"\u00c7ubuk LED\",\"description\":\"Cephe Ayd\u0131nlatma, Ayd\u0131nlatma Tasar\u0131m\u0131, D\u0131\u015f Mekan Animasyon Sistemleri, RGB DMX Cephe LED Animasyon\",\"publisher\":{\"@id\":\"https:\/\/cubukled.com\/#organization\"},\"alternateName\":\"cubukled\",\"potentialAction\":[{\"@type\":\"SearchAction\",\"target\":{\"@type\":\"EntryPoint\",\"urlTemplate\":\"https:\/\/cubukled.com\/?s={search_term_string}\"},\"query-input\":{\"@type\":\"PropertyValueSpecification\",\"valueRequired\":true,\"valueName\":\"search_term_string\"}}],\"inLanguage\":\"fr-FR\"},{\"@type\":\"Organization\",\"@id\":\"https:\/\/cubukled.com\/#organization\",\"name\":\"\u00c7ubuk LED\",\"alternateName\":\"cubukled\",\"url\":\"https:\/\/cubukled.com\/\",\"logo\":{\"@type\":\"ImageObject\",\"inLanguage\":\"fr-FR\",\"@id\":\"https:\/\/cubukled.com\/#\/schema\/logo\/image\/\",\"url\":\"https:\/\/cubukled.com\/wp-content\/uploads\/2020\/06\/cubukled-logo.jpeg\",\"contentUrl\":\"https:\/\/cubukled.com\/wp-content\/uploads\/2020\/06\/cubukled-logo.jpeg\",\"width\":1169,\"height\":669,\"caption\":\"\u00c7ubuk LED\"},\"image\":{\"@id\":\"https:\/\/cubukled.com\/#\/schema\/logo\/image\/\"},\"sameAs\":[\"https:\/\/www.facebook.com\/cubukled\",\"https:\/\/x.com\/cubukled\",\"https:\/\/tr.pinterest.com\/Cubuk_Led\/\",\"https:\/\/www.instagram.com\/cubukled\/\",\"https:\/\/www.linkedin.com\/company\/cubukled\",\"https:\/\/www.threads.net\/@cubukled\",\"https:\/\/www.youtube.com\/@cubukled\",\"https:\/\/twitter.com\/cubukled\"]}]}<\/script>\n<!-- \/ Yoast SEO plugin. -->","yoast_head_json":{"title":"Wallwasher Ledi - SP12 - 16mmx30cm Al\u00fcminyum PCB Taban \u00c7ubuk LED","description":"Wallwasher Ledi - 30 cm i\u00e7in; 12 adet Power LED - Renk Se\u00e7enekleri- Al\u00fcminyum PCB \u00d6l\u00e7\u00fcs\u00fc: 16mm x 30cm - Sabit Ak\u0131m \u00c7ubuk LED Mod\u00fcl ile Wallwasher yap!","robots":{"index":"index","follow":"follow","max-snippet":"max-snippet:-1","max-image-preview":"max-image-preview:large","max-video-preview":"max-video-preview:-1"},"canonical":"https:\/\/cubukled.com\/fr\/wallwasher-ledi-sp12\/","og_locale":"fr_FR","og_type":"article","og_title":"Wallwasher Ledi - SP12 - 16mmx30cm Al\u00fcminyum PCB Taban \u00c7ubuk LED","og_description":"Wallwasher Ledi - 30 cm i\u00e7in; 12 adet Power LED - Renk Se\u00e7enekleri- Al\u00fcminyum PCB \u00d6l\u00e7\u00fcs\u00fc: 16mm x 30cm - Sabit Ak\u0131m \u00c7ubuk LED Mod\u00fcl ile Wallwasher yap!","og_url":"https:\/\/cubukled.com\/fr\/wallwasher-ledi-sp12\/","og_site_name":"\u00c7ubuk LED","article_publisher":"https:\/\/www.facebook.com\/cubukled","article_modified_time":"2025-09-09T13:30:26+00:00","og_image":[{"width":1280,"height":792,"url":"https:\/\/cubukled.com\/wp-content\/uploads\/2023\/12\/wallwasher-ledi-SP12.jpg","type":"image\/jpeg"}],"twitter_card":"summary_large_image","twitter_site":"@cubukled","twitter_misc":{"Dur\u00e9e de lecture estim\u00e9e":"3 minutes"},"schema":{"@context":"https:\/\/schema.org","@graph":[{"@type":["WebPage","ItemPage"],"@id":"https:\/\/cubukled.com\/wallwasher-ledi-sp12\/","url":"https:\/\/cubukled.com\/wallwasher-ledi-sp12\/","name":"Wallwasher Ledi - SP12 - 16mmx30cm Al\u00fcminyum PCB Taban \u00c7ubuk LED","isPartOf":{"@id":"https:\/\/cubukled.com\/#website"},"primaryImageOfPage":{"@id":"https:\/\/cubukled.com\/wallwasher-ledi-sp12\/#primaryimage"},"image":{"@id":"https:\/\/cubukled.com\/wallwasher-ledi-sp12\/#primaryimage"},"thumbnailUrl":"https:\/\/cubukled.com\/wp-content\/uploads\/2023\/12\/wallwasher-ledi-SP12.jpg","datePublished":"2023-12-22T18:58:28+00:00","dateModified":"2025-09-09T13:30:26+00:00","description":"Wallwasher Ledi - 30 cm i\u00e7in; 12 adet Power LED - Renk Se\u00e7enekleri- Al\u00fcminyum PCB \u00d6l\u00e7\u00fcs\u00fc: 16mm x 30cm - Sabit Ak\u0131m \u00c7ubuk LED Mod\u00fcl ile Wallwasher yap!","breadcrumb":{"@id":"https:\/\/cubukled.com\/wallwasher-ledi-sp12\/#breadcrumb"},"inLanguage":"fr-FR","potentialAction":[{"@type":"ReadAction","target":["https:\/\/cubukled.com\/wallwasher-ledi-sp12\/"]}]},{"@type":"ImageObject","inLanguage":"fr-FR","@id":"https:\/\/cubukled.com\/wallwasher-ledi-sp12\/#primaryimage","url":"https:\/\/cubukled.com\/wp-content\/uploads\/2023\/12\/wallwasher-ledi-SP12.jpg","contentUrl":"https:\/\/cubukled.com\/wp-content\/uploads\/2023\/12\/wallwasher-ledi-SP12.jpg","width":1280,"height":792},{"@type":"BreadcrumbList","@id":"https:\/\/cubukled.com\/wallwasher-ledi-sp12\/#breadcrumb","itemListElement":[{"@type":"ListItem","position":1,"name":"Ana sayfa","item":"https:\/\/cubukled.com\/"},{"@type":"ListItem","position":2,"name":"Ma\u011faza","item":"https:\/\/cubukled.com\/magaza\/"},{"@type":"ListItem","position":3,"name":"SP12"}]},{"@type":"WebSite","@id":"https:\/\/cubukled.com\/#website","url":"https:\/\/cubukled.com\/","name":"Tige LED","description":"Eclairage de fa\u00e7ade, Conception d'\u00e9clairage, Syst\u00e8mes d'animation ext\u00e9rieure, Animation LED RVB DMX de fa\u00e7ade","publisher":{"@id":"https:\/\/cubukled.com\/#organization"},"alternateName":"cubukled","potentialAction":[{"@type":"SearchAction","target":{"@type":"EntryPoint","urlTemplate":"https:\/\/cubukled.com\/?s={search_term_string}"},"query-input":{"@type":"PropertyValueSpecification","valueRequired":true,"valueName":"search_term_string"}}],"inLanguage":"fr-FR"},{"@type":"Organization","@id":"https:\/\/cubukled.com\/#organization","name":"Tige LED","alternateName":"cubukled","url":"https:\/\/cubukled.com\/","logo":{"@type":"ImageObject","inLanguage":"fr-FR","@id":"https:\/\/cubukled.com\/#\/schema\/logo\/image\/","url":"https:\/\/cubukled.com\/wp-content\/uploads\/2020\/06\/cubukled-logo.jpeg","contentUrl":"https:\/\/cubukled.com\/wp-content\/uploads\/2020\/06\/cubukled-logo.jpeg","width":1169,"height":669,"caption":"\u00c7ubuk LED"},"image":{"@id":"https:\/\/cubukled.com\/#\/schema\/logo\/image\/"},"sameAs":["https:\/\/www.facebook.com\/cubukled","https:\/\/x.com\/cubukled","https:\/\/tr.pinterest.com\/Cubuk_Led\/","https:\/\/www.instagram.com\/cubukled\/","https:\/\/www.linkedin.com\/company\/cubukled","https:\/\/www.threads.net\/@cubukled","https:\/\/www.youtube.com\/@cubukled","https:\/\/twitter.com\/cubukled"]}]}},"_links":{"self":[{"href":"https:\/\/cubukled.com\/fr\/wp-json\/wp\/v2\/product\/2246","targetHints":{"allow":["GET"]}}],"collection":[{"href":"https:\/\/cubukled.com\/fr\/wp-json\/wp\/v2\/product"}],"about":[{"href":"https:\/\/cubukled.com\/fr\/wp-json\/wp\/v2\/types\/product"}],"wp:featuredmedia":[{"embeddable":true,"href":"https:\/\/cubukled.com\/fr\/wp-json\/wp\/v2\/media\/2249"}],"wp:attachment":[{"href":"https:\/\/cubukled.com\/fr\/wp-json\/wp\/v2\/media?parent=2246"}],"wp:term":[{"taxonomy":"product_brand","embeddable":true,"href":"https:\/\/cubukled.com\/fr\/wp-json\/wp\/v2\/product_brand?post=2246"},{"taxonomy":"product_cat","embeddable":true,"href":"https:\/\/cubukled.com\/fr\/wp-json\/wp\/v2\/product_cat?post=2246"},{"taxonomy":"product_tag","embeddable":true,"href":"https:\/\/cubukled.com\/fr\/wp-json\/wp\/v2\/product_tag?post=2246"}],"curies":[{"name":"wp","href":"https:\/\/api.w.org\/{rel}","templated":true}]}}