{"id":7182,"date":"2026-01-27T15:18:15","date_gmt":"2026-01-27T12:18:15","guid":{"rendered":"https:\/\/cubukled.com\/?post_type=product&#038;p=7182"},"modified":"2026-01-27T15:48:57","modified_gmt":"2026-01-27T12:48:57","slug":"lpv-60-24-guc-kaynagi","status":"publish","type":"product","link":"https:\/\/cubukled.com\/en\/lpv-60-24-guc-kaynagi\/","title":{"rendered":"LPV 60 24 Power Supply"},"content":{"rendered":"<p>The LPV 60 24 power supply is an outdoor product. It is an IP67 rated product from the Mean Well brand. This LED driver output is 24V. The 60W LPV series LED transformer model provides a maximum current of 2.5A. This LED motor model converts 220V AC electricity to 24V DC electricity and powers LEDs.<\/p>\n<p><strong>Electrical Properties:<\/strong><\/p>\n<ul>\n<li>Power: 60 W<\/li>\n<li>Output Voltage: 24 V DC<\/li>\n<li>Output Current: 2.5 A<\/li>\n<\/ul>\n<p><strong>Dimensions:<\/strong><\/p>\n<ul>\n<li>Length: 162.5 mm<\/li>\n<li>Width: 42.5 mm<\/li>\n<li>Height: 32 mm<!--EndFragment --><\/li>\n<\/ul>\n<p><strong>Usage:<\/strong><\/p>\n<ul>\n<li>Outdoor IP67<\/li>\n<\/ul>","protected":false},"excerpt":{"rendered":"<p><em><strong>*Notes:<\/strong>\u00a0Pricing is based on the project. For details, please contact us.\u00a0<a href=\"https:\/\/cubukled.com\/en\/cubuk-led-iletisim\/\">Please contact us.<\/a><\/em><\/p>\n<p><strong>Strength:<\/strong> 60 W<\/p>\n<p><strong>Output Voltage:<\/strong> 24V DC<\/p>\n<p><strong>Output Current:<\/strong> 2.5 A<\/p>\n<p><strong>Dimensions: <\/strong>(LxWxH) 162.5\u00d742.5\u00d732 mm<\/p>\n<p><strong>Usage:<\/strong> Outdoor<\/p>","protected":false},"featured_media":7183,"template":"","meta":{"_joinchat":[]},"product_brand":[],"product_cat":[3415],"product_tag":[3464,3463,3465,3466,3467,3468,3469,3470,3471],"class_list":{"0":"post-7182","1":"product","2":"type-product","3":"status-publish","4":"has-post-thumbnail","6":"product_cat-dis-mekan-led-driver","7":"product_tag-dis-mekan-guc-kaynagi","8":"product_tag-dis-mekan-led-trafo","9":"product_tag-ip67-led-trafo","10":"product_tag-lpv-60-24","11":"product_tag-mean-well-lpv-60-24","12":"product_tag-mean-well-lpv-60w-24v","13":"product_tag-meanwell-lpv-60-24","14":"product_tag-meanwell-lpv60-24","15":"product_tag-mw-lpv-60-24","17":"first","18":"instock","19":"sale","20":"taxable","21":"shipping-taxable","22":"purchasable","23":"product-type-simple","24":"customify-col"},"yoast_head":"<!-- This site is optimized with the Yoast SEO plugin v27.2 - https:\/\/yoast.com\/product\/yoast-seo-wordpress\/ -->\n<title>LPV 60 24 Mean Well - IP67 D\u0131\u015f Mekan LED Trafo<\/title>\n<meta name=\"description\" content=\"LPV 60 24 Mean Well LED driver 60w g\u00fcc\u00fcndedir. 24V DC elektrik sa\u011flar. G\u00fc\u00e7 kayna\u011f\u0131 maksimum 2,5A ak\u0131m verir. \u00d6l\u00e7\u00fcleri: 162,5x42,5x32 mm\" \/>\n<meta name=\"robots\" content=\"index, follow, max-snippet:-1, max-image-preview:large, max-video-preview:-1\" \/>\n<link rel=\"canonical\" href=\"https:\/\/cubukled.com\/en\/lpv-60-24-guc-kaynagi\/\" \/>\n<meta property=\"og:locale\" content=\"en_GB\" \/>\n<meta property=\"og:type\" content=\"article\" \/>\n<meta property=\"og:title\" content=\"LPV 60 24 Mean Well - IP67 D\u0131\u015f Mekan LED Trafo\" \/>\n<meta property=\"og:description\" content=\"LPV 60 24 Mean Well LED driver 60w g\u00fcc\u00fcndedir. 24V DC elektrik sa\u011flar. G\u00fc\u00e7 kayna\u011f\u0131 maksimum 2,5A ak\u0131m verir. \u00d6l\u00e7\u00fcleri: 162,5x42,5x32 mm\" \/>\n<meta property=\"og:url\" content=\"https:\/\/cubukled.com\/en\/lpv-60-24-guc-kaynagi\/\" \/>\n<meta property=\"og:site_name\" content=\"\u00c7ubuk LED\" \/>\n<meta property=\"article:publisher\" content=\"https:\/\/www.facebook.com\/cubukled\" \/>\n<meta property=\"article:modified_time\" content=\"2026-01-27T12:48:57+00:00\" \/>\n<meta property=\"og:image\" content=\"https:\/\/cubukled.com\/wp-content\/uploads\/2026\/01\/lpv-60-24.jpg\" \/>\n\t<meta property=\"og:image:width\" content=\"600\" \/>\n\t<meta property=\"og:image:height\" content=\"600\" \/>\n\t<meta property=\"og:image:type\" content=\"image\/jpeg\" \/>\n<meta name=\"twitter:card\" content=\"summary_large_image\" \/>\n<meta name=\"twitter:site\" content=\"@cubukled\" \/>\n<meta name=\"twitter:label1\" content=\"Estimated reading time\" \/>\n\t<meta name=\"twitter:data1\" content=\"1 minute\" \/>\n<script type=\"application\/ld+json\" class=\"yoast-schema-graph\">{\"@context\":\"https:\/\/schema.org\",\"@graph\":[{\"@type\":[\"WebPage\",\"ItemPage\"],\"@id\":\"https:\/\/cubukled.com\/lpv-60-24-guc-kaynagi\/\",\"url\":\"https:\/\/cubukled.com\/lpv-60-24-guc-kaynagi\/\",\"name\":\"LPV 60 24 Mean Well - IP67 D\u0131\u015f Mekan LED Trafo\",\"isPartOf\":{\"@id\":\"https:\/\/cubukled.com\/#website\"},\"primaryImageOfPage\":{\"@id\":\"https:\/\/cubukled.com\/lpv-60-24-guc-kaynagi\/#primaryimage\"},\"image\":{\"@id\":\"https:\/\/cubukled.com\/lpv-60-24-guc-kaynagi\/#primaryimage\"},\"thumbnailUrl\":\"https:\/\/cubukled.com\/wp-content\/uploads\/2026\/01\/lpv-60-24.jpg\",\"datePublished\":\"2026-01-27T12:18:15+00:00\",\"dateModified\":\"2026-01-27T12:48:57+00:00\",\"description\":\"LPV 60 24 Mean Well LED driver 60w g\u00fcc\u00fcndedir. 24V DC elektrik sa\u011flar. G\u00fc\u00e7 kayna\u011f\u0131 maksimum 2,5A ak\u0131m verir. \u00d6l\u00e7\u00fcleri: 162,5x42,5x32 mm\",\"breadcrumb\":{\"@id\":\"https:\/\/cubukled.com\/lpv-60-24-guc-kaynagi\/#breadcrumb\"},\"inLanguage\":\"en-GB\",\"potentialAction\":[{\"@type\":\"ReadAction\",\"target\":[\"https:\/\/cubukled.com\/lpv-60-24-guc-kaynagi\/\"]}]},{\"@type\":\"ImageObject\",\"inLanguage\":\"en-GB\",\"@id\":\"https:\/\/cubukled.com\/lpv-60-24-guc-kaynagi\/#primaryimage\",\"url\":\"https:\/\/cubukled.com\/wp-content\/uploads\/2026\/01\/lpv-60-24.jpg\",\"contentUrl\":\"https:\/\/cubukled.com\/wp-content\/uploads\/2026\/01\/lpv-60-24.jpg\",\"width\":600,\"height\":600,\"caption\":\"lpv 60 24\"},{\"@type\":\"BreadcrumbList\",\"@id\":\"https:\/\/cubukled.com\/lpv-60-24-guc-kaynagi\/#breadcrumb\",\"itemListElement\":[{\"@type\":\"ListItem\",\"position\":1,\"name\":\"Ana sayfa\",\"item\":\"https:\/\/cubukled.com\/\"},{\"@type\":\"ListItem\",\"position\":2,\"name\":\"Ma\u011faza\",\"item\":\"https:\/\/cubukled.com\/magaza\/\"},{\"@type\":\"ListItem\",\"position\":3,\"name\":\"LPV 60 24 G\u00fc\u00e7 Kayna\u011f\u0131\"}]},{\"@type\":\"WebSite\",\"@id\":\"https:\/\/cubukled.com\/#website\",\"url\":\"https:\/\/cubukled.com\/\",\"name\":\"\u00c7ubuk LED\",\"description\":\"Cephe Ayd\u0131nlatma, Ayd\u0131nlatma Tasar\u0131m\u0131, D\u0131\u015f Mekan Animasyon Sistemleri, RGB DMX Cephe LED Animasyon\",\"publisher\":{\"@id\":\"https:\/\/cubukled.com\/#organization\"},\"alternateName\":\"cubukled\",\"potentialAction\":[{\"@type\":\"SearchAction\",\"target\":{\"@type\":\"EntryPoint\",\"urlTemplate\":\"https:\/\/cubukled.com\/?s={search_term_string}\"},\"query-input\":{\"@type\":\"PropertyValueSpecification\",\"valueRequired\":true,\"valueName\":\"search_term_string\"}}],\"inLanguage\":\"en-GB\"},{\"@type\":\"Organization\",\"@id\":\"https:\/\/cubukled.com\/#organization\",\"name\":\"\u00c7ubuk LED\",\"alternateName\":\"cubukled\",\"url\":\"https:\/\/cubukled.com\/\",\"logo\":{\"@type\":\"ImageObject\",\"inLanguage\":\"en-GB\",\"@id\":\"https:\/\/cubukled.com\/#\/schema\/logo\/image\/\",\"url\":\"https:\/\/cubukled.com\/wp-content\/uploads\/2020\/06\/cubukled-logo.jpeg\",\"contentUrl\":\"https:\/\/cubukled.com\/wp-content\/uploads\/2020\/06\/cubukled-logo.jpeg\",\"width\":1169,\"height\":669,\"caption\":\"\u00c7ubuk LED\"},\"image\":{\"@id\":\"https:\/\/cubukled.com\/#\/schema\/logo\/image\/\"},\"sameAs\":[\"https:\/\/www.facebook.com\/cubukled\",\"https:\/\/x.com\/cubukled\",\"https:\/\/tr.pinterest.com\/Cubuk_Led\/\",\"https:\/\/www.instagram.com\/cubukled\/\",\"https:\/\/www.linkedin.com\/company\/cubukled\",\"https:\/\/www.threads.net\/@cubukled\",\"https:\/\/www.youtube.com\/@cubukled\",\"https:\/\/twitter.com\/cubukled\"]}]}<\/script>\n<!-- \/ Yoast SEO plugin. -->","yoast_head_json":{"title":"LPV 60 24 Mean Well - IP67 D\u0131\u015f Mekan LED Trafo","description":"LPV 60 24 Mean Well LED driver 60w g\u00fcc\u00fcndedir. 24V DC elektrik sa\u011flar. G\u00fc\u00e7 kayna\u011f\u0131 maksimum 2,5A ak\u0131m verir. \u00d6l\u00e7\u00fcleri: 162,5x42,5x32 mm","robots":{"index":"index","follow":"follow","max-snippet":"max-snippet:-1","max-image-preview":"max-image-preview:large","max-video-preview":"max-video-preview:-1"},"canonical":"https:\/\/cubukled.com\/en\/lpv-60-24-guc-kaynagi\/","og_locale":"en_GB","og_type":"article","og_title":"LPV 60 24 Mean Well - IP67 D\u0131\u015f Mekan LED Trafo","og_description":"LPV 60 24 Mean Well LED driver 60w g\u00fcc\u00fcndedir. 24V DC elektrik sa\u011flar. G\u00fc\u00e7 kayna\u011f\u0131 maksimum 2,5A ak\u0131m verir. \u00d6l\u00e7\u00fcleri: 162,5x42,5x32 mm","og_url":"https:\/\/cubukled.com\/en\/lpv-60-24-guc-kaynagi\/","og_site_name":"\u00c7ubuk LED","article_publisher":"https:\/\/www.facebook.com\/cubukled","article_modified_time":"2026-01-27T12:48:57+00:00","og_image":[{"width":600,"height":600,"url":"https:\/\/cubukled.com\/wp-content\/uploads\/2026\/01\/lpv-60-24.jpg","type":"image\/jpeg"}],"twitter_card":"summary_large_image","twitter_site":"@cubukled","twitter_misc":{"Estimated reading time":"1 minute"},"schema":{"@context":"https:\/\/schema.org","@graph":[{"@type":["WebPage","ItemPage"],"@id":"https:\/\/cubukled.com\/lpv-60-24-guc-kaynagi\/","url":"https:\/\/cubukled.com\/lpv-60-24-guc-kaynagi\/","name":"LPV 60 24 Mean Well - IP67 D\u0131\u015f Mekan LED Trafo","isPartOf":{"@id":"https:\/\/cubukled.com\/#website"},"primaryImageOfPage":{"@id":"https:\/\/cubukled.com\/lpv-60-24-guc-kaynagi\/#primaryimage"},"image":{"@id":"https:\/\/cubukled.com\/lpv-60-24-guc-kaynagi\/#primaryimage"},"thumbnailUrl":"https:\/\/cubukled.com\/wp-content\/uploads\/2026\/01\/lpv-60-24.jpg","datePublished":"2026-01-27T12:18:15+00:00","dateModified":"2026-01-27T12:48:57+00:00","description":"LPV 60 24 Mean Well LED driver 60w g\u00fcc\u00fcndedir. 24V DC elektrik sa\u011flar. G\u00fc\u00e7 kayna\u011f\u0131 maksimum 2,5A ak\u0131m verir. \u00d6l\u00e7\u00fcleri: 162,5x42,5x32 mm","breadcrumb":{"@id":"https:\/\/cubukled.com\/lpv-60-24-guc-kaynagi\/#breadcrumb"},"inLanguage":"en-GB","potentialAction":[{"@type":"ReadAction","target":["https:\/\/cubukled.com\/lpv-60-24-guc-kaynagi\/"]}]},{"@type":"ImageObject","inLanguage":"en-GB","@id":"https:\/\/cubukled.com\/lpv-60-24-guc-kaynagi\/#primaryimage","url":"https:\/\/cubukled.com\/wp-content\/uploads\/2026\/01\/lpv-60-24.jpg","contentUrl":"https:\/\/cubukled.com\/wp-content\/uploads\/2026\/01\/lpv-60-24.jpg","width":600,"height":600,"caption":"lpv 60 24"},{"@type":"BreadcrumbList","@id":"https:\/\/cubukled.com\/lpv-60-24-guc-kaynagi\/#breadcrumb","itemListElement":[{"@type":"ListItem","position":1,"name":"Ana sayfa","item":"https:\/\/cubukled.com\/"},{"@type":"ListItem","position":2,"name":"Ma\u011faza","item":"https:\/\/cubukled.com\/magaza\/"},{"@type":"ListItem","position":3,"name":"LPV 60 24 G\u00fc\u00e7 Kayna\u011f\u0131"}]},{"@type":"WebSite","@id":"https:\/\/cubukled.com\/#website","url":"https:\/\/cubukled.com\/","name":"Rod LED","description":"Facade Lighting, Lighting Design, Outdoor Animation Systems, RGB DMX Facade LED Animation","publisher":{"@id":"https:\/\/cubukled.com\/#organization"},"alternateName":"cubukled","potentialAction":[{"@type":"SearchAction","target":{"@type":"EntryPoint","urlTemplate":"https:\/\/cubukled.com\/?s={search_term_string}"},"query-input":{"@type":"PropertyValueSpecification","valueRequired":true,"valueName":"search_term_string"}}],"inLanguage":"en-GB"},{"@type":"Organization","@id":"https:\/\/cubukled.com\/#organization","name":"Rod LED","alternateName":"cubukled","url":"https:\/\/cubukled.com\/","logo":{"@type":"ImageObject","inLanguage":"en-GB","@id":"https:\/\/cubukled.com\/#\/schema\/logo\/image\/","url":"https:\/\/cubukled.com\/wp-content\/uploads\/2020\/06\/cubukled-logo.jpeg","contentUrl":"https:\/\/cubukled.com\/wp-content\/uploads\/2020\/06\/cubukled-logo.jpeg","width":1169,"height":669,"caption":"\u00c7ubuk LED"},"image":{"@id":"https:\/\/cubukled.com\/#\/schema\/logo\/image\/"},"sameAs":["https:\/\/www.facebook.com\/cubukled","https:\/\/x.com\/cubukled","https:\/\/tr.pinterest.com\/Cubuk_Led\/","https:\/\/www.instagram.com\/cubukled\/","https:\/\/www.linkedin.com\/company\/cubukled","https:\/\/www.threads.net\/@cubukled","https:\/\/www.youtube.com\/@cubukled","https:\/\/twitter.com\/cubukled"]}]}},"_links":{"self":[{"href":"https:\/\/cubukled.com\/en\/wp-json\/wp\/v2\/product\/7182","targetHints":{"allow":["GET"]}}],"collection":[{"href":"https:\/\/cubukled.com\/en\/wp-json\/wp\/v2\/product"}],"about":[{"href":"https:\/\/cubukled.com\/en\/wp-json\/wp\/v2\/types\/product"}],"wp:featuredmedia":[{"embeddable":true,"href":"https:\/\/cubukled.com\/en\/wp-json\/wp\/v2\/media\/7183"}],"wp:attachment":[{"href":"https:\/\/cubukled.com\/en\/wp-json\/wp\/v2\/media?parent=7182"}],"wp:term":[{"taxonomy":"product_brand","embeddable":true,"href":"https:\/\/cubukled.com\/en\/wp-json\/wp\/v2\/product_brand?post=7182"},{"taxonomy":"product_cat","embeddable":true,"href":"https:\/\/cubukled.com\/en\/wp-json\/wp\/v2\/product_cat?post=7182"},{"taxonomy":"product_tag","embeddable":true,"href":"https:\/\/cubukled.com\/en\/wp-json\/wp\/v2\/product_tag?post=7182"}],"curies":[{"name":"wp","href":"https:\/\/api.w.org\/{rel}","templated":true}]}}