{"id":7062,"date":"2026-01-20T16:59:17","date_gmt":"2026-01-20T13:59:17","guid":{"rendered":"https:\/\/cubukled.com\/?post_type=product&#038;p=7062"},"modified":"2026-01-20T17:29:33","modified_gmt":"2026-01-20T14:29:33","slug":"dmx512-bluetoothlu-kontrol-cihazi","status":"publish","type":"product","link":"https:\/\/cubukled.com\/en\/dmx512-bluetoothlu-kontrol-cihazi\/","title":{"rendered":"DMX512 Bluetooth Controller"},"content":{"rendered":"<p>The DMX512 Bluetooth controller is ideal for your mini projects.<\/p>\n<p><strong>Technical Specifications<\/strong><\/p>\n<ul>\n<li>It has a capacity of 1 Universe.<\/li>\n<li>You will have control over 512 channels.<\/li>\n<li>It operates on 24V DC power.<\/li>\n<li>It has a plastic casing.<\/li>\n<\/ul>\n<p><strong>Calculations for a DMX RGB Product Example:<\/strong><\/p>\n<ul>\n<li>If you control 512\/3=170 pixels for the RGB product.<\/li>\n<li>If you are using 6 pixels per meter DMX RGB linear LED products, then 170\/6 = 28 meters.<\/li>\n<li>You can connect to the device and control the animations using the Android mobile application.<\/li>\n<\/ul>\n<p><strong>Calculation for DMX RGBW Product Example:<\/strong><\/p>\n<ul>\n<li>If you control 512\/4=128 pixels for the RGB product.<\/li>\n<li>If you are using 6 pixels per meter DMX RGB linear LED products, then 128\/6 = 21 meters.<\/li>\n<li>You can connect to the device and control the animations using the Android application.<\/li>\n<\/ul>\n<p>You can use this product for sign lighting, shop window lighting, and advertising billboards. It&#039;s also practical for commercial spaces like cafes, bars, and restaurants. With this product, you can create colorful light shows for special events.<\/p>","protected":false},"excerpt":{"rendered":"<p><strong>Protocol:<\/strong> DMX512<\/p>\n<p><strong>Operating Voltage:<\/strong> 24V DC<\/p>\n<p><strong>Control:<\/strong> 512 Channels<\/p>","protected":false},"featured_media":7063,"template":"","meta":{"_joinchat":[]},"product_brand":[],"product_cat":[3411],"product_tag":[3449],"class_list":{"0":"post-7062","1":"product","2":"type-product","3":"status-publish","4":"has-post-thumbnail","6":"product_cat-dmx-kontrol-sistemleri","7":"product_tag-dmx512-bluetoothlu-kontrol-cihazi","9":"first","10":"instock","11":"sale","12":"taxable","13":"shipping-taxable","14":"purchasable","15":"product-type-simple","16":"customify-col"},"yoast_head":"<!-- This site is optimized with the Yoast SEO plugin v27.2 - https:\/\/yoast.com\/product\/yoast-seo-wordpress\/ -->\n<title>DMX512 Bluetooth&#039;lu Kontrol Cihaz\u0131 - 1 Universe<\/title>\n<meta name=\"description\" content=\"DMX512 Bluetooth&#039;lu Kontrol Cihaz\u0131 1 evren \u00e7al\u0131\u015ft\u0131r\u0131r. Yani 512 kanal kontrol edebilirsiniz. LED animasyon i\u00e7in uygundur.\" \/>\n<meta name=\"robots\" content=\"index, follow, max-snippet:-1, max-image-preview:large, max-video-preview:-1\" \/>\n<link rel=\"canonical\" href=\"https:\/\/cubukled.com\/en\/dmx512-bluetoothlu-kontrol-cihazi\/\" \/>\n<meta property=\"og:locale\" content=\"en_GB\" \/>\n<meta property=\"og:type\" content=\"article\" \/>\n<meta property=\"og:title\" content=\"DMX512 Bluetooth&#039;lu Kontrol Cihaz\u0131 - 1 Universe\" \/>\n<meta property=\"og:description\" content=\"DMX512 Bluetooth&#039;lu Kontrol Cihaz\u0131 1 evren \u00e7al\u0131\u015ft\u0131r\u0131r. Yani 512 kanal kontrol edebilirsiniz. LED animasyon i\u00e7in uygundur.\" \/>\n<meta property=\"og:url\" content=\"https:\/\/cubukled.com\/en\/dmx512-bluetoothlu-kontrol-cihazi\/\" \/>\n<meta property=\"og:site_name\" content=\"\u00c7ubuk LED\" \/>\n<meta property=\"article:publisher\" content=\"https:\/\/www.facebook.com\/cubukled\" \/>\n<meta property=\"article:modified_time\" content=\"2026-01-20T14:29:33+00:00\" \/>\n<meta property=\"og:image\" content=\"https:\/\/cubukled.com\/wp-content\/uploads\/2026\/01\/dmx512-bluetooth-lu-kontrol-cihazi.jpg\" \/>\n\t<meta property=\"og:image:width\" content=\"1080\" \/>\n\t<meta property=\"og:image:height\" content=\"1080\" \/>\n\t<meta property=\"og:image:type\" content=\"image\/jpeg\" \/>\n<meta name=\"twitter:card\" content=\"summary_large_image\" \/>\n<meta name=\"twitter:site\" content=\"@cubukled\" \/>\n<meta name=\"twitter:label1\" content=\"Estimated reading time\" \/>\n\t<meta name=\"twitter:data1\" content=\"1 minute\" \/>\n<script type=\"application\/ld+json\" class=\"yoast-schema-graph\">{\"@context\":\"https:\/\/schema.org\",\"@graph\":[{\"@type\":[\"WebPage\",\"ItemPage\"],\"@id\":\"https:\/\/cubukled.com\/dmx512-bluetoothlu-kontrol-cihazi\/\",\"url\":\"https:\/\/cubukled.com\/dmx512-bluetoothlu-kontrol-cihazi\/\",\"name\":\"DMX512 Bluetooth'lu Kontrol Cihaz\u0131 - 1 Universe\",\"isPartOf\":{\"@id\":\"https:\/\/cubukled.com\/#website\"},\"primaryImageOfPage\":{\"@id\":\"https:\/\/cubukled.com\/dmx512-bluetoothlu-kontrol-cihazi\/#primaryimage\"},\"image\":{\"@id\":\"https:\/\/cubukled.com\/dmx512-bluetoothlu-kontrol-cihazi\/#primaryimage\"},\"thumbnailUrl\":\"https:\/\/cubukled.com\/wp-content\/uploads\/2026\/01\/dmx512-bluetooth-lu-kontrol-cihazi.jpg\",\"datePublished\":\"2026-01-20T13:59:17+00:00\",\"dateModified\":\"2026-01-20T14:29:33+00:00\",\"description\":\"DMX512 Bluetooth'lu Kontrol Cihaz\u0131 1 evren \u00e7al\u0131\u015ft\u0131r\u0131r. Yani 512 kanal kontrol edebilirsiniz. LED animasyon i\u00e7in uygundur.\",\"breadcrumb\":{\"@id\":\"https:\/\/cubukled.com\/dmx512-bluetoothlu-kontrol-cihazi\/#breadcrumb\"},\"inLanguage\":\"en-GB\",\"potentialAction\":[{\"@type\":\"ReadAction\",\"target\":[\"https:\/\/cubukled.com\/dmx512-bluetoothlu-kontrol-cihazi\/\"]}]},{\"@type\":\"ImageObject\",\"inLanguage\":\"en-GB\",\"@id\":\"https:\/\/cubukled.com\/dmx512-bluetoothlu-kontrol-cihazi\/#primaryimage\",\"url\":\"https:\/\/cubukled.com\/wp-content\/uploads\/2026\/01\/dmx512-bluetooth-lu-kontrol-cihazi.jpg\",\"contentUrl\":\"https:\/\/cubukled.com\/wp-content\/uploads\/2026\/01\/dmx512-bluetooth-lu-kontrol-cihazi.jpg\",\"width\":1080,\"height\":1080,\"caption\":\"DMX512 Bluetooth'lu Kontrol Cihaz\u0131\"},{\"@type\":\"BreadcrumbList\",\"@id\":\"https:\/\/cubukled.com\/dmx512-bluetoothlu-kontrol-cihazi\/#breadcrumb\",\"itemListElement\":[{\"@type\":\"ListItem\",\"position\":1,\"name\":\"Ana sayfa\",\"item\":\"https:\/\/cubukled.com\/\"},{\"@type\":\"ListItem\",\"position\":2,\"name\":\"Ma\u011faza\",\"item\":\"https:\/\/cubukled.com\/magaza\/\"},{\"@type\":\"ListItem\",\"position\":3,\"name\":\"DMX512 Bluetooth&#8217;lu Kontrol Cihaz\u0131\"}]},{\"@type\":\"WebSite\",\"@id\":\"https:\/\/cubukled.com\/#website\",\"url\":\"https:\/\/cubukled.com\/\",\"name\":\"\u00c7ubuk LED\",\"description\":\"Cephe Ayd\u0131nlatma, Ayd\u0131nlatma Tasar\u0131m\u0131, D\u0131\u015f Mekan Animasyon Sistemleri, RGB DMX Cephe LED Animasyon\",\"publisher\":{\"@id\":\"https:\/\/cubukled.com\/#organization\"},\"alternateName\":\"cubukled\",\"potentialAction\":[{\"@type\":\"SearchAction\",\"target\":{\"@type\":\"EntryPoint\",\"urlTemplate\":\"https:\/\/cubukled.com\/?s={search_term_string}\"},\"query-input\":{\"@type\":\"PropertyValueSpecification\",\"valueRequired\":true,\"valueName\":\"search_term_string\"}}],\"inLanguage\":\"en-GB\"},{\"@type\":\"Organization\",\"@id\":\"https:\/\/cubukled.com\/#organization\",\"name\":\"\u00c7ubuk LED\",\"alternateName\":\"cubukled\",\"url\":\"https:\/\/cubukled.com\/\",\"logo\":{\"@type\":\"ImageObject\",\"inLanguage\":\"en-GB\",\"@id\":\"https:\/\/cubukled.com\/#\/schema\/logo\/image\/\",\"url\":\"https:\/\/cubukled.com\/wp-content\/uploads\/2020\/06\/cubukled-logo.jpeg\",\"contentUrl\":\"https:\/\/cubukled.com\/wp-content\/uploads\/2020\/06\/cubukled-logo.jpeg\",\"width\":1169,\"height\":669,\"caption\":\"\u00c7ubuk LED\"},\"image\":{\"@id\":\"https:\/\/cubukled.com\/#\/schema\/logo\/image\/\"},\"sameAs\":[\"https:\/\/www.facebook.com\/cubukled\",\"https:\/\/x.com\/cubukled\",\"https:\/\/tr.pinterest.com\/Cubuk_Led\/\",\"https:\/\/www.instagram.com\/cubukled\/\",\"https:\/\/www.linkedin.com\/company\/cubukled\",\"https:\/\/www.threads.net\/@cubukled\",\"https:\/\/www.youtube.com\/@cubukled\",\"https:\/\/twitter.com\/cubukled\"]}]}<\/script>\n<!-- \/ Yoast SEO plugin. -->","yoast_head_json":{"title":"DMX512 Bluetooth'lu Kontrol Cihaz\u0131 - 1 Universe","description":"DMX512 Bluetooth'lu Kontrol Cihaz\u0131 1 evren \u00e7al\u0131\u015ft\u0131r\u0131r. Yani 512 kanal kontrol edebilirsiniz. LED animasyon i\u00e7in uygundur.","robots":{"index":"index","follow":"follow","max-snippet":"max-snippet:-1","max-image-preview":"max-image-preview:large","max-video-preview":"max-video-preview:-1"},"canonical":"https:\/\/cubukled.com\/en\/dmx512-bluetoothlu-kontrol-cihazi\/","og_locale":"en_GB","og_type":"article","og_title":"DMX512 Bluetooth'lu Kontrol Cihaz\u0131 - 1 Universe","og_description":"DMX512 Bluetooth'lu Kontrol Cihaz\u0131 1 evren \u00e7al\u0131\u015ft\u0131r\u0131r. Yani 512 kanal kontrol edebilirsiniz. LED animasyon i\u00e7in uygundur.","og_url":"https:\/\/cubukled.com\/en\/dmx512-bluetoothlu-kontrol-cihazi\/","og_site_name":"\u00c7ubuk LED","article_publisher":"https:\/\/www.facebook.com\/cubukled","article_modified_time":"2026-01-20T14:29:33+00:00","og_image":[{"width":1080,"height":1080,"url":"https:\/\/cubukled.com\/wp-content\/uploads\/2026\/01\/dmx512-bluetooth-lu-kontrol-cihazi.jpg","type":"image\/jpeg"}],"twitter_card":"summary_large_image","twitter_site":"@cubukled","twitter_misc":{"Estimated reading time":"1 minute"},"schema":{"@context":"https:\/\/schema.org","@graph":[{"@type":["WebPage","ItemPage"],"@id":"https:\/\/cubukled.com\/dmx512-bluetoothlu-kontrol-cihazi\/","url":"https:\/\/cubukled.com\/dmx512-bluetoothlu-kontrol-cihazi\/","name":"DMX512 Bluetooth'lu Kontrol Cihaz\u0131 - 1 Universe","isPartOf":{"@id":"https:\/\/cubukled.com\/#website"},"primaryImageOfPage":{"@id":"https:\/\/cubukled.com\/dmx512-bluetoothlu-kontrol-cihazi\/#primaryimage"},"image":{"@id":"https:\/\/cubukled.com\/dmx512-bluetoothlu-kontrol-cihazi\/#primaryimage"},"thumbnailUrl":"https:\/\/cubukled.com\/wp-content\/uploads\/2026\/01\/dmx512-bluetooth-lu-kontrol-cihazi.jpg","datePublished":"2026-01-20T13:59:17+00:00","dateModified":"2026-01-20T14:29:33+00:00","description":"DMX512 Bluetooth'lu Kontrol Cihaz\u0131 1 evren \u00e7al\u0131\u015ft\u0131r\u0131r. Yani 512 kanal kontrol edebilirsiniz. LED animasyon i\u00e7in uygundur.","breadcrumb":{"@id":"https:\/\/cubukled.com\/dmx512-bluetoothlu-kontrol-cihazi\/#breadcrumb"},"inLanguage":"en-GB","potentialAction":[{"@type":"ReadAction","target":["https:\/\/cubukled.com\/dmx512-bluetoothlu-kontrol-cihazi\/"]}]},{"@type":"ImageObject","inLanguage":"en-GB","@id":"https:\/\/cubukled.com\/dmx512-bluetoothlu-kontrol-cihazi\/#primaryimage","url":"https:\/\/cubukled.com\/wp-content\/uploads\/2026\/01\/dmx512-bluetooth-lu-kontrol-cihazi.jpg","contentUrl":"https:\/\/cubukled.com\/wp-content\/uploads\/2026\/01\/dmx512-bluetooth-lu-kontrol-cihazi.jpg","width":1080,"height":1080,"caption":"DMX512 Bluetooth'lu Kontrol Cihaz\u0131"},{"@type":"BreadcrumbList","@id":"https:\/\/cubukled.com\/dmx512-bluetoothlu-kontrol-cihazi\/#breadcrumb","itemListElement":[{"@type":"ListItem","position":1,"name":"Ana sayfa","item":"https:\/\/cubukled.com\/"},{"@type":"ListItem","position":2,"name":"Ma\u011faza","item":"https:\/\/cubukled.com\/magaza\/"},{"@type":"ListItem","position":3,"name":"DMX512 Bluetooth&#8217;lu Kontrol Cihaz\u0131"}]},{"@type":"WebSite","@id":"https:\/\/cubukled.com\/#website","url":"https:\/\/cubukled.com\/","name":"Rod LED","description":"Facade Lighting, Lighting Design, Outdoor Animation Systems, RGB DMX Facade LED Animation","publisher":{"@id":"https:\/\/cubukled.com\/#organization"},"alternateName":"cubukled","potentialAction":[{"@type":"SearchAction","target":{"@type":"EntryPoint","urlTemplate":"https:\/\/cubukled.com\/?s={search_term_string}"},"query-input":{"@type":"PropertyValueSpecification","valueRequired":true,"valueName":"search_term_string"}}],"inLanguage":"en-GB"},{"@type":"Organization","@id":"https:\/\/cubukled.com\/#organization","name":"Rod LED","alternateName":"cubukled","url":"https:\/\/cubukled.com\/","logo":{"@type":"ImageObject","inLanguage":"en-GB","@id":"https:\/\/cubukled.com\/#\/schema\/logo\/image\/","url":"https:\/\/cubukled.com\/wp-content\/uploads\/2020\/06\/cubukled-logo.jpeg","contentUrl":"https:\/\/cubukled.com\/wp-content\/uploads\/2020\/06\/cubukled-logo.jpeg","width":1169,"height":669,"caption":"\u00c7ubuk LED"},"image":{"@id":"https:\/\/cubukled.com\/#\/schema\/logo\/image\/"},"sameAs":["https:\/\/www.facebook.com\/cubukled","https:\/\/x.com\/cubukled","https:\/\/tr.pinterest.com\/Cubuk_Led\/","https:\/\/www.instagram.com\/cubukled\/","https:\/\/www.linkedin.com\/company\/cubukled","https:\/\/www.threads.net\/@cubukled","https:\/\/www.youtube.com\/@cubukled","https:\/\/twitter.com\/cubukled"]}]}},"_links":{"self":[{"href":"https:\/\/cubukled.com\/en\/wp-json\/wp\/v2\/product\/7062","targetHints":{"allow":["GET"]}}],"collection":[{"href":"https:\/\/cubukled.com\/en\/wp-json\/wp\/v2\/product"}],"about":[{"href":"https:\/\/cubukled.com\/en\/wp-json\/wp\/v2\/types\/product"}],"wp:featuredmedia":[{"embeddable":true,"href":"https:\/\/cubukled.com\/en\/wp-json\/wp\/v2\/media\/7063"}],"wp:attachment":[{"href":"https:\/\/cubukled.com\/en\/wp-json\/wp\/v2\/media?parent=7062"}],"wp:term":[{"taxonomy":"product_brand","embeddable":true,"href":"https:\/\/cubukled.com\/en\/wp-json\/wp\/v2\/product_brand?post=7062"},{"taxonomy":"product_cat","embeddable":true,"href":"https:\/\/cubukled.com\/en\/wp-json\/wp\/v2\/product_cat?post=7062"},{"taxonomy":"product_tag","embeddable":true,"href":"https:\/\/cubukled.com\/en\/wp-json\/wp\/v2\/product_tag?post=7062"}],"curies":[{"name":"wp","href":"https:\/\/api.w.org\/{rel}","templated":true}]}}