{"id":5301,"date":"2025-08-21T22:50:33","date_gmt":"2025-08-21T19:50:33","guid":{"rendered":"https:\/\/cubukled.com\/?post_type=product&#038;p=5301"},"modified":"2026-04-30T10:06:23","modified_gmt":"2026-04-30T07:06:23","slug":"ln34-led-profil","status":"publish","type":"product","link":"https:\/\/cubukled.com\/en\/ln34-led-profil\/","title":{"rendered":"LN34 LED Profile"},"content":{"rendered":"<p><strong>LN34 LED profile<\/strong> This is an aluminum LED housing model. It&#039;s a perfect solution for making linear LED lights. Side covers, diffuser cover, and mounting hardware are included. It has an optimally slim form factor. It is compatible with bar LED models. For all our other LED profile sizes, you can click on this link: <strong><a href=\"https:\/\/cubukled.com\/wp-content\/uploads\/2024\/04\/linear-profiles.pdf\"><span style=\"color: #0000ff;\">Linear LED Profile Dimensions PDF Catalog File<\/span><\/a><\/strong><\/p>\n<h2>Create linear LED lights with the LN34 LED Profile.<\/h2>\n<p>You get linear lighting with an aluminum LED housing. Details are below.<\/p>\n<h3>Body Features<\/h3>\n<ul>\n<li>The LED profile model features an aluminum extrusion housing. This heat-conducting housing acts as a cooling agent for the LED. Additionally, the lightweight nature of aluminum makes it easy to transport and reduces weight at the installation site.<\/li>\n<li>Our meticulously designed profile features a full-length gap at the back. This section allows you to conceal cables and mounting hardware, ensuring only the linear profile is visible on the surface. As a result, there is no visual clutter.<\/li>\n<li>You can purchase aluminum profile models either raw, unpainted, or painted according to your project&#039;s specific RAL code. My most popular colors are black, white, anthracite, or anodized.<\/li>\n<\/ul>\n<h3>Advantages of Diffuser Covers<\/h3>\n<ul>\n<li>It doesn&#039;t yellow in the sun because it has UV protection.<\/li>\n<li>It is impact resistant because it is made of PMMA material. PMMA stands for Poly Methyl Methacrylate. It is a translucent, hard, and lightweight thermoplastic polymer. It is a rigid plastic.<\/li>\n<li>It distributes light evenly.<\/li>\n<li>It fits perfectly into the case because it&#039;s a perfect match. Plus, you can easily remove it if needed.<\/li>\n<\/ul>\n<h3>Side Cover<\/h3>\n<ul>\n<li>Opaque side panels allow a moderate amount of light to pass through. Therefore, you obtain uninterrupted linear light. When a suitable light source is used inside and the light is on, the joints of the rows of profiles are not visible.<\/li>\n<\/ul>\n<h3>Mounting Bracket<\/h3>\n<ul>\n<li>The LN34 LED profile has fully compatible mounting brackets. The mounting brackets snap into place within the opening at the back of the housing. Easy installation is the goal.<\/li>\n<li>It is made of aluminum. It comes pre-drilled and ready for assembly.<\/li>\n<li>Three mounting brackets are ideal for every 2 meters of paint.<\/li>\n<\/ul>\n<p>If you place SP70 model LED strips inside, you can obtain on\/off lighting. You can achieve white tones, amber, red, green, or blue colors in the 2200K to 6500K range. With a PCB where we mix blue and green colors, you can obtain a bluish turquoise. When we pour polymer\/silicon onto a 6500K PCB, an ice blue light emerges.<\/p>\n<p>By placing DMX bar LEDs inside, you can create dynamic lighting effects such as RGB, RGBW, Tunable, and Mono. Our product is a complete housing for LED bar models. As a result, the aluminum housings you purchase as LED housings captivate with their linear light. For LN34 LED profile. <a href=\"https:\/\/cubukled.com\/en\/cubuk-led-iletisim\/\">please contact us<\/a>.<\/p>","protected":false},"excerpt":{"rendered":"<p><em><strong>*Notes:<\/strong> Pricing is based on the project. For details, please contact us. <a href=\"https:\/\/cubukled.com\/en\/cubuk-led-iletisim\/\">Please contact us.<\/a><\/em><\/p>\n<p><strong>Measurement:<\/strong> 2.8cm x 4.0cm<\/p>\n<p><strong>Length:<\/strong> 6.10m<\/p>\n<p><strong>Usage:<\/strong> Linear LED<\/p>\n<p><strong>Body:<\/strong> Aluminum extrusion body<\/p>\n<p><strong>Diffuser Cover:<\/strong> UV-protected and impact-resistant PMMA hard plastic.<\/p>\n<p><strong>Contents:<\/strong> Profile, opaque side covers, aluminum mounting brackets, diffuser cover.<\/p>","protected":false},"featured_media":5312,"template":"","meta":{"_joinchat":[]},"product_brand":[],"product_cat":[3133,109],"product_tag":[1853,3137,3135,3136,1427,3134,3138],"class_list":{"0":"post-5301","1":"product","2":"type-product","3":"status-publish","4":"has-post-thumbnail","6":"product_cat-aluminyum-led-profilleri","7":"product_cat-aydinlatma-urunleri","8":"product_tag-bar-led-kasasi","9":"product_tag-led-bar-kasasi","10":"product_tag-led-kasa","11":"product_tag-led-kasasi","12":"product_tag-led-profil","13":"product_tag-ln34-led-profil","14":"product_tag-profil-led","16":"first","17":"instock","18":"sale","19":"taxable","20":"shipping-taxable","21":"purchasable","22":"product-type-simple","23":"customify-col","24":"product-has-gallery"},"yoast_head":"<!-- This site is optimized with the Yoast SEO plugin v27.2 - https:\/\/yoast.com\/product\/yoast-seo-wordpress\/ -->\n<title>LN34 LED Profil - Lineer LED I\u015f\u0131k<\/title>\n<meta name=\"description\" content=\"LN34 LED profil al\u00fcminyum kasa, dif\u00fcz\u00f6r kapak, yan kapaklar ve montaj aparatlar\u0131 dahildir. Bar led, neon led, hortum led koyarak lineer \u0131\u015f\u0131k yapabilirsiniz.\" \/>\n<meta name=\"robots\" content=\"index, follow, max-snippet:-1, max-image-preview:large, max-video-preview:-1\" \/>\n<link rel=\"canonical\" href=\"https:\/\/cubukled.com\/en\/ln34-led-profil\/\" \/>\n<meta property=\"og:locale\" content=\"en_GB\" \/>\n<meta property=\"og:type\" content=\"article\" \/>\n<meta property=\"og:title\" content=\"LN34 LED Profil - Lineer LED I\u015f\u0131k\" \/>\n<meta property=\"og:description\" content=\"LN34 LED profil al\u00fcminyum kasa, dif\u00fcz\u00f6r kapak, yan kapaklar ve montaj aparatlar\u0131 dahildir. Bar led, neon led, hortum led koyarak lineer \u0131\u015f\u0131k yapabilirsiniz.\" \/>\n<meta property=\"og:url\" content=\"https:\/\/cubukled.com\/en\/ln34-led-profil\/\" \/>\n<meta property=\"og:site_name\" content=\"\u00c7ubuk LED\" \/>\n<meta property=\"article:publisher\" content=\"https:\/\/www.facebook.com\/cubukled\" \/>\n<meta property=\"article:modified_time\" content=\"2026-04-30T07:06:23+00:00\" \/>\n<meta property=\"og:image\" content=\"https:\/\/cubukled.com\/wp-content\/uploads\/2025\/08\/ln34-led-profil.jpg\" \/>\n\t<meta property=\"og:image:width\" content=\"1000\" \/>\n\t<meta property=\"og:image:height\" content=\"1000\" \/>\n\t<meta property=\"og:image:type\" content=\"image\/jpeg\" \/>\n<meta name=\"twitter:card\" content=\"summary_large_image\" \/>\n<meta name=\"twitter:site\" content=\"@cubukled\" \/>\n<meta name=\"twitter:label1\" content=\"Estimated reading time\" \/>\n\t<meta name=\"twitter:data1\" content=\"3 minutes\" \/>\n<script type=\"application\/ld+json\" class=\"yoast-schema-graph\">{\"@context\":\"https:\/\/schema.org\",\"@graph\":[{\"@type\":[\"WebPage\",\"ItemPage\"],\"@id\":\"https:\/\/cubukled.com\/ln34-led-profil\/\",\"url\":\"https:\/\/cubukled.com\/ln34-led-profil\/\",\"name\":\"LN34 LED Profil - Lineer LED I\u015f\u0131k\",\"isPartOf\":{\"@id\":\"https:\/\/cubukled.com\/#website\"},\"primaryImageOfPage\":{\"@id\":\"https:\/\/cubukled.com\/ln34-led-profil\/#primaryimage\"},\"image\":{\"@id\":\"https:\/\/cubukled.com\/ln34-led-profil\/#primaryimage\"},\"thumbnailUrl\":\"https:\/\/cubukled.com\/wp-content\/uploads\/2025\/08\/ln34-led-profil.jpg\",\"datePublished\":\"2025-08-21T19:50:33+00:00\",\"dateModified\":\"2026-04-30T07:06:23+00:00\",\"description\":\"LN34 LED profil al\u00fcminyum kasa, dif\u00fcz\u00f6r kapak, yan kapaklar ve montaj aparatlar\u0131 dahildir. Bar led, neon led, hortum led koyarak lineer \u0131\u015f\u0131k yapabilirsiniz.\",\"breadcrumb\":{\"@id\":\"https:\/\/cubukled.com\/ln34-led-profil\/#breadcrumb\"},\"inLanguage\":\"en-GB\",\"potentialAction\":[{\"@type\":\"ReadAction\",\"target\":[\"https:\/\/cubukled.com\/ln34-led-profil\/\"]}]},{\"@type\":\"ImageObject\",\"inLanguage\":\"en-GB\",\"@id\":\"https:\/\/cubukled.com\/ln34-led-profil\/#primaryimage\",\"url\":\"https:\/\/cubukled.com\/wp-content\/uploads\/2025\/08\/ln34-led-profil.jpg\",\"contentUrl\":\"https:\/\/cubukled.com\/wp-content\/uploads\/2025\/08\/ln34-led-profil.jpg\",\"width\":1000,\"height\":1000,\"caption\":\"LN34 LED profil \u015f\u0131k ve dayan\u0131kl\u0131 al\u00fcminyum led kanal\u0131 ve montaj aparat\u0131\"},{\"@type\":\"BreadcrumbList\",\"@id\":\"https:\/\/cubukled.com\/ln34-led-profil\/#breadcrumb\",\"itemListElement\":[{\"@type\":\"ListItem\",\"position\":1,\"name\":\"Ana sayfa\",\"item\":\"https:\/\/cubukled.com\/\"},{\"@type\":\"ListItem\",\"position\":2,\"name\":\"Ma\u011faza\",\"item\":\"https:\/\/cubukled.com\/magaza\/\"},{\"@type\":\"ListItem\",\"position\":3,\"name\":\"LN34 LED Profil\"}]},{\"@type\":\"WebSite\",\"@id\":\"https:\/\/cubukled.com\/#website\",\"url\":\"https:\/\/cubukled.com\/\",\"name\":\"\u00c7ubuk LED\",\"description\":\"Cephe Ayd\u0131nlatma, Ayd\u0131nlatma Tasar\u0131m\u0131, D\u0131\u015f Mekan Animasyon Sistemleri, RGB DMX Cephe LED Animasyon\",\"publisher\":{\"@id\":\"https:\/\/cubukled.com\/#organization\"},\"alternateName\":\"cubukled\",\"potentialAction\":[{\"@type\":\"SearchAction\",\"target\":{\"@type\":\"EntryPoint\",\"urlTemplate\":\"https:\/\/cubukled.com\/?s={search_term_string}\"},\"query-input\":{\"@type\":\"PropertyValueSpecification\",\"valueRequired\":true,\"valueName\":\"search_term_string\"}}],\"inLanguage\":\"en-GB\"},{\"@type\":\"Organization\",\"@id\":\"https:\/\/cubukled.com\/#organization\",\"name\":\"\u00c7ubuk LED\",\"alternateName\":\"cubukled\",\"url\":\"https:\/\/cubukled.com\/\",\"logo\":{\"@type\":\"ImageObject\",\"inLanguage\":\"en-GB\",\"@id\":\"https:\/\/cubukled.com\/#\/schema\/logo\/image\/\",\"url\":\"https:\/\/cubukled.com\/wp-content\/uploads\/2020\/06\/cubukled-logo.jpeg\",\"contentUrl\":\"https:\/\/cubukled.com\/wp-content\/uploads\/2020\/06\/cubukled-logo.jpeg\",\"width\":1169,\"height\":669,\"caption\":\"\u00c7ubuk LED\"},\"image\":{\"@id\":\"https:\/\/cubukled.com\/#\/schema\/logo\/image\/\"},\"sameAs\":[\"https:\/\/www.facebook.com\/cubukled\",\"https:\/\/x.com\/cubukled\",\"https:\/\/tr.pinterest.com\/Cubuk_Led\/\",\"https:\/\/www.instagram.com\/cubukled\/\",\"https:\/\/www.linkedin.com\/company\/cubukled\",\"https:\/\/www.threads.net\/@cubukled\",\"https:\/\/www.youtube.com\/@cubukled\",\"https:\/\/twitter.com\/cubukled\"]}]}<\/script>\n<!-- \/ Yoast SEO plugin. -->","yoast_head_json":{"title":"LN34 LED Profil - Lineer LED I\u015f\u0131k","description":"LN34 LED profil al\u00fcminyum kasa, dif\u00fcz\u00f6r kapak, yan kapaklar ve montaj aparatlar\u0131 dahildir. Bar led, neon led, hortum led koyarak lineer \u0131\u015f\u0131k yapabilirsiniz.","robots":{"index":"index","follow":"follow","max-snippet":"max-snippet:-1","max-image-preview":"max-image-preview:large","max-video-preview":"max-video-preview:-1"},"canonical":"https:\/\/cubukled.com\/en\/ln34-led-profil\/","og_locale":"en_GB","og_type":"article","og_title":"LN34 LED Profil - Lineer LED I\u015f\u0131k","og_description":"LN34 LED profil al\u00fcminyum kasa, dif\u00fcz\u00f6r kapak, yan kapaklar ve montaj aparatlar\u0131 dahildir. Bar led, neon led, hortum led koyarak lineer \u0131\u015f\u0131k yapabilirsiniz.","og_url":"https:\/\/cubukled.com\/en\/ln34-led-profil\/","og_site_name":"\u00c7ubuk LED","article_publisher":"https:\/\/www.facebook.com\/cubukled","article_modified_time":"2026-04-30T07:06:23+00:00","og_image":[{"width":1000,"height":1000,"url":"https:\/\/cubukled.com\/wp-content\/uploads\/2025\/08\/ln34-led-profil.jpg","type":"image\/jpeg"}],"twitter_card":"summary_large_image","twitter_site":"@cubukled","twitter_misc":{"Estimated reading time":"3 minutes"},"schema":{"@context":"https:\/\/schema.org","@graph":[{"@type":["WebPage","ItemPage"],"@id":"https:\/\/cubukled.com\/ln34-led-profil\/","url":"https:\/\/cubukled.com\/ln34-led-profil\/","name":"LN34 LED Profil - Lineer LED I\u015f\u0131k","isPartOf":{"@id":"https:\/\/cubukled.com\/#website"},"primaryImageOfPage":{"@id":"https:\/\/cubukled.com\/ln34-led-profil\/#primaryimage"},"image":{"@id":"https:\/\/cubukled.com\/ln34-led-profil\/#primaryimage"},"thumbnailUrl":"https:\/\/cubukled.com\/wp-content\/uploads\/2025\/08\/ln34-led-profil.jpg","datePublished":"2025-08-21T19:50:33+00:00","dateModified":"2026-04-30T07:06:23+00:00","description":"LN34 LED profil al\u00fcminyum kasa, dif\u00fcz\u00f6r kapak, yan kapaklar ve montaj aparatlar\u0131 dahildir. Bar led, neon led, hortum led koyarak lineer \u0131\u015f\u0131k yapabilirsiniz.","breadcrumb":{"@id":"https:\/\/cubukled.com\/ln34-led-profil\/#breadcrumb"},"inLanguage":"en-GB","potentialAction":[{"@type":"ReadAction","target":["https:\/\/cubukled.com\/ln34-led-profil\/"]}]},{"@type":"ImageObject","inLanguage":"en-GB","@id":"https:\/\/cubukled.com\/ln34-led-profil\/#primaryimage","url":"https:\/\/cubukled.com\/wp-content\/uploads\/2025\/08\/ln34-led-profil.jpg","contentUrl":"https:\/\/cubukled.com\/wp-content\/uploads\/2025\/08\/ln34-led-profil.jpg","width":1000,"height":1000,"caption":"LN34 LED profil \u015f\u0131k ve dayan\u0131kl\u0131 al\u00fcminyum led kanal\u0131 ve montaj aparat\u0131"},{"@type":"BreadcrumbList","@id":"https:\/\/cubukled.com\/ln34-led-profil\/#breadcrumb","itemListElement":[{"@type":"ListItem","position":1,"name":"Ana sayfa","item":"https:\/\/cubukled.com\/"},{"@type":"ListItem","position":2,"name":"Ma\u011faza","item":"https:\/\/cubukled.com\/magaza\/"},{"@type":"ListItem","position":3,"name":"LN34 LED Profil"}]},{"@type":"WebSite","@id":"https:\/\/cubukled.com\/#website","url":"https:\/\/cubukled.com\/","name":"Rod LED","description":"Facade Lighting, Lighting Design, Outdoor Animation Systems, RGB DMX Facade LED Animation","publisher":{"@id":"https:\/\/cubukled.com\/#organization"},"alternateName":"cubukled","potentialAction":[{"@type":"SearchAction","target":{"@type":"EntryPoint","urlTemplate":"https:\/\/cubukled.com\/?s={search_term_string}"},"query-input":{"@type":"PropertyValueSpecification","valueRequired":true,"valueName":"search_term_string"}}],"inLanguage":"en-GB"},{"@type":"Organization","@id":"https:\/\/cubukled.com\/#organization","name":"Rod LED","alternateName":"cubukled","url":"https:\/\/cubukled.com\/","logo":{"@type":"ImageObject","inLanguage":"en-GB","@id":"https:\/\/cubukled.com\/#\/schema\/logo\/image\/","url":"https:\/\/cubukled.com\/wp-content\/uploads\/2020\/06\/cubukled-logo.jpeg","contentUrl":"https:\/\/cubukled.com\/wp-content\/uploads\/2020\/06\/cubukled-logo.jpeg","width":1169,"height":669,"caption":"\u00c7ubuk LED"},"image":{"@id":"https:\/\/cubukled.com\/#\/schema\/logo\/image\/"},"sameAs":["https:\/\/www.facebook.com\/cubukled","https:\/\/x.com\/cubukled","https:\/\/tr.pinterest.com\/Cubuk_Led\/","https:\/\/www.instagram.com\/cubukled\/","https:\/\/www.linkedin.com\/company\/cubukled","https:\/\/www.threads.net\/@cubukled","https:\/\/www.youtube.com\/@cubukled","https:\/\/twitter.com\/cubukled"]}]}},"_links":{"self":[{"href":"https:\/\/cubukled.com\/en\/wp-json\/wp\/v2\/product\/5301","targetHints":{"allow":["GET"]}}],"collection":[{"href":"https:\/\/cubukled.com\/en\/wp-json\/wp\/v2\/product"}],"about":[{"href":"https:\/\/cubukled.com\/en\/wp-json\/wp\/v2\/types\/product"}],"wp:featuredmedia":[{"embeddable":true,"href":"https:\/\/cubukled.com\/en\/wp-json\/wp\/v2\/media\/5312"}],"wp:attachment":[{"href":"https:\/\/cubukled.com\/en\/wp-json\/wp\/v2\/media?parent=5301"}],"wp:term":[{"taxonomy":"product_brand","embeddable":true,"href":"https:\/\/cubukled.com\/en\/wp-json\/wp\/v2\/product_brand?post=5301"},{"taxonomy":"product_cat","embeddable":true,"href":"https:\/\/cubukled.com\/en\/wp-json\/wp\/v2\/product_cat?post=5301"},{"taxonomy":"product_tag","embeddable":true,"href":"https:\/\/cubukled.com\/en\/wp-json\/wp\/v2\/product_tag?post=5301"}],"curies":[{"name":"wp","href":"https:\/\/api.w.org\/{rel}","templated":true}]}}