{"id":4987,"date":"2025-07-29T13:28:01","date_gmt":"2025-07-29T10:28:01","guid":{"rendered":"https:\/\/cubukled.com\/?post_type=product&#038;p=4987"},"modified":"2025-09-15T13:51:04","modified_gmt":"2025-09-15T10:51:04","slug":"dot85","status":"publish","type":"product","link":"https:\/\/cubukled.com\/en\/dot85\/","title":{"rendered":"DOT85-INOX DOTLED Facade Lighting"},"content":{"rendered":"<p><strong>DOT85-INOX<\/strong> This model belongs to the dot LED series. It provides point-shaped lighting on the surface. It can be used in many applications such as facade lighting, interior lighting, or bridge lighting. Thanks to its stainless steel construction, it is very robust. Its impact resistance makes it an alternative for low-lying areas. This model is suitable for architectural applications. <a href=\"https:\/\/cubukled.com\/en\/cephe-animasyon-dotled\/\">dotled facade animation<\/a> You can do the study.<\/p>\n<h2>Durable Facade Lighting with DOT85-INOX Model DOT LED<\/h2>\n<figure id=\"attachment_5002\" aria-describedby=\"caption-attachment-5002\" style=\"width: 300px\" class=\"wp-caption aligncenter\"><a href=\"https:\/\/cubukled.com\/wp-content\/uploads\/2025\/07\/dot85-inox-model-dot-led.jpg\"><img fetchpriority=\"high\" decoding=\"async\" class=\"size-full wp-image-5002\" src=\"https:\/\/cubukled.com\/wp-content\/uploads\/2025\/07\/dot85-inox-model-dot-led.jpg\" alt=\"dot85 inox model dotled\" width=\"300\" height=\"300\" srcset=\"https:\/\/cubukled.com\/wp-content\/uploads\/2025\/07\/dot85-inox-model-dot-led.jpg 300w, https:\/\/cubukled.com\/wp-content\/uploads\/2025\/07\/dot85-inox-model-dot-led-150x150.jpg 150w, https:\/\/cubukled.com\/wp-content\/uploads\/2025\/07\/dot85-inox-model-dot-led-12x12.jpg 12w, https:\/\/cubukled.com\/wp-content\/uploads\/2025\/07\/dot85-inox-model-dot-led-100x100.jpg 100w\" sizes=\"(max-width: 300px) 100vw, 300px\" \/><\/a><figcaption id=\"caption-attachment-5002\" class=\"wp-caption-text\">DOT85 dot LED bridge lighting project<\/figcaption><\/figure>\n<p>The Dot LED series features an inox housing, meaning it has a metal body. This makes it more durable, making it suitable for areas with harsh weather conditions. <a href=\"https:\/\/cubukled.com\/en\/dotled-aydinlatma\/\">dot LED lighting<\/a> You can use it for this purpose. We can customize the body color according to your desired RAL code, depending on the order quantity. There is a cable between each spot light fixture. We will make this cable length according to your request.<\/p>\n<p>For example, consider a dotted light chain. You might request a 30-meter chain with a dotted light every 25cm. These dimensions are entirely specific to your project. You can then hang these chains from a facade or a bridge cable. Of course, indoor use is also possible. The product becomes an option for your planned lighting design.<\/p>\n<p>The DOT85 Inox model has a larger structure. We produce it with an average diameter of 8.5cm. In the DMX RGB model, each part has 1 pixel, and each pixel has 6 LEDs. We can also create colorful light shows that are responsive to music thanks to the DMX control software. This allows you to achieve very stylish effect flows, especially in entertainment venues.<\/p>\n<p><a href=\"https:\/\/cubukled.com\/wp-content\/uploads\/2025\/07\/dot85-inox-dotled-olcusu.jpg\"><img decoding=\"async\" class=\"size-full wp-image-5001 aligncenter\" src=\"https:\/\/cubukled.com\/wp-content\/uploads\/2025\/07\/dot85-inox-dotled-olcusu.jpg\" alt=\"dot85 inox dot led \u00f6l\u00e7\u00fcs\u00fc\" width=\"300\" height=\"300\" srcset=\"https:\/\/cubukled.com\/wp-content\/uploads\/2025\/07\/dot85-inox-dotled-olcusu.jpg 300w, https:\/\/cubukled.com\/wp-content\/uploads\/2025\/07\/dot85-inox-dotled-olcusu-150x150.jpg 150w, https:\/\/cubukled.com\/wp-content\/uploads\/2025\/07\/dot85-inox-dotled-olcusu-12x12.jpg 12w, https:\/\/cubukled.com\/wp-content\/uploads\/2025\/07\/dot85-inox-dotled-olcusu-100x100.jpg 100w\" sizes=\"(max-width: 300px) 100vw, 300px\" \/><\/a><\/p>\n<p>The model features a hard plastic diffuser cover. We manufacture this impact-resistant cover from PMMA material. The cover, which fits the body, also helps the light to be visible from the side. If you would like to use a metal-cased dotled dot85 for lighting, contact us immediately. <a href=\"https:\/\/cubukled.com\/en\/cubuk-led-iletisim\/\">You can contact us.<\/a> Let us select the right dot LED product for your project. If necessary, we can create a lighting design video.<\/p>\n<p>In conclusion, the dot LED model, with its customizable structure, is a lighting solution that will add value to your projects. It withstands the harsh conditions of outdoor environments. You may also want to create an impressive atmosphere indoors with this product. The DMX dot LED model offers flexibility and aesthetics together. Let&#039;s create a stunning lighting design together!<\/p>","protected":false},"excerpt":{"rendered":"<p><em><strong>*Notes:<\/strong> Pricing is based on the project. For details, please contact us. <a href=\"https:\/\/cubukled.com\/en\/cubuk-led-iletisim\/\">Please contact us.<\/a><\/em><\/p>\n<p><strong>Light Color:<\/strong> On\/Off Constant Light, DMX Animation<\/p>\n<p><strong>Measurement:<\/strong> 8.5cm Diameter<\/p>\n<p><strong>Usage:<\/strong> Interior and Exterior Lighting<\/p>\n<p><strong>Body:<\/strong> Polycarbonate Injection<\/p>\n<p><strong>Operating Voltage:<\/strong> Constant voltage, 24V DC<\/p>\n<p><strong>On\/Off:<\/strong> 6 LEDs\/piece<\/p>\n<p><strong>DMX RGB:<\/strong> 1 px\/ad, 6 RGB led\/ad<\/p>","protected":false},"featured_media":4996,"template":"","meta":{"_joinchat":[]},"product_brand":[],"product_cat":[109,3101],"product_tag":[3104,3109,3116,3115,3118,3117,3110,3105,3111,3112,3114,3113],"class_list":{"0":"post-4987","1":"product","2":"type-product","3":"status-publish","4":"has-post-thumbnail","6":"product_cat-aydinlatma-urunleri","7":"product_cat-dotled","8":"product_tag-dot-led","9":"product_tag-dot85","10":"product_tag-dot85-dot-led","11":"product_tag-dot85-dotled","12":"product_tag-dot85-inox-dot-led","13":"product_tag-dot85-inox-dotled","14":"product_tag-dot85-inox","15":"product_tag-dotled","16":"product_tag-inox-dot-led","17":"product_tag-inox-dotled","18":"product_tag-metal-dot-led","19":"product_tag-metal-dotled","20":"pa_gucgirisi-24vdc","21":"pa_isikrengi-3000kelvin","22":"pa_isikrengi-4000kelvin","23":"pa_isikrengi-5000kelvin","24":"pa_isikrengi-6500kelvin","25":"pa_isikrengi-amber","26":"pa_isikrengi-dmxmono","27":"pa_isikrengi-dmxrgb","28":"pa_isikrengi-dmxrgbw","29":"pa_isikrengi-dmxtunable","30":"pa_isikrengi-kirmizi","31":"pa_isikrengi-mavi","32":"pa_isikrengi-rgb","33":"pa_isikrengi-yesil","35":"first","36":"instock","37":"sale","38":"taxable","39":"shipping-taxable","40":"purchasable","41":"product-type-simple","42":"customify-col","43":"product-has-gallery"},"yoast_head":"<!-- This site is optimized with the Yoast SEO plugin v27.2 - https:\/\/yoast.com\/product\/yoast-seo-wordpress\/ -->\n<title>Dot85-INOX G\u00f6vde Dot LED D\u0131\u015f Cephe Ayd\u0131nlatma<\/title>\n<meta name=\"description\" content=\"Dot85 INOX DOTLED - INOX g\u00f6vdeli noktasal \u0131\u015f\u0131k formu - DMX RGB cephe ayd\u0131nlatma - Kendinden kablolu dot led - LED animasyon \u0131\u015f\u0131k efektleri\" \/>\n<meta name=\"robots\" content=\"index, follow, max-snippet:-1, max-image-preview:large, max-video-preview:-1\" \/>\n<link rel=\"canonical\" href=\"https:\/\/cubukled.com\/en\/dot85\/\" \/>\n<meta property=\"og:locale\" content=\"en_GB\" \/>\n<meta property=\"og:type\" content=\"article\" \/>\n<meta property=\"og:title\" content=\"Dot85-INOX G\u00f6vde Dot LED D\u0131\u015f Cephe Ayd\u0131nlatma\" \/>\n<meta property=\"og:description\" content=\"Dot85 INOX DOTLED - INOX g\u00f6vdeli noktasal \u0131\u015f\u0131k formu - DMX RGB cephe ayd\u0131nlatma - Kendinden kablolu dot led - LED animasyon \u0131\u015f\u0131k efektleri\" \/>\n<meta property=\"og:url\" content=\"https:\/\/cubukled.com\/en\/dot85\/\" \/>\n<meta property=\"og:site_name\" content=\"\u00c7ubuk LED\" \/>\n<meta property=\"article:publisher\" content=\"https:\/\/www.facebook.com\/cubukled\" \/>\n<meta property=\"article:modified_time\" content=\"2025-09-15T10:51:04+00:00\" \/>\n<meta property=\"og:image\" content=\"https:\/\/cubukled.com\/wp-content\/uploads\/2025\/07\/dotled-dot85-inox.jpg\" \/>\n\t<meta property=\"og:image:width\" content=\"1280\" \/>\n\t<meta property=\"og:image:height\" content=\"1280\" \/>\n\t<meta property=\"og:image:type\" content=\"image\/jpeg\" \/>\n<meta name=\"twitter:card\" content=\"summary_large_image\" \/>\n<meta name=\"twitter:site\" content=\"@cubukled\" \/>\n<meta name=\"twitter:label1\" content=\"Estimated reading time\" \/>\n\t<meta name=\"twitter:data1\" content=\"3 minutes\" \/>\n<script type=\"application\/ld+json\" class=\"yoast-schema-graph\">{\"@context\":\"https:\/\/schema.org\",\"@graph\":[{\"@type\":[\"WebPage\",\"ItemPage\"],\"@id\":\"https:\/\/cubukled.com\/dot85\/\",\"url\":\"https:\/\/cubukled.com\/dot85\/\",\"name\":\"Dot85-INOX G\u00f6vde Dot LED D\u0131\u015f Cephe Ayd\u0131nlatma\",\"isPartOf\":{\"@id\":\"https:\/\/cubukled.com\/#website\"},\"primaryImageOfPage\":{\"@id\":\"https:\/\/cubukled.com\/dot85\/#primaryimage\"},\"image\":{\"@id\":\"https:\/\/cubukled.com\/dot85\/#primaryimage\"},\"thumbnailUrl\":\"https:\/\/cubukled.com\/wp-content\/uploads\/2025\/07\/dotled-dot85-inox.jpg\",\"datePublished\":\"2025-07-29T10:28:01+00:00\",\"dateModified\":\"2025-09-15T10:51:04+00:00\",\"description\":\"Dot85 INOX DOTLED - INOX g\u00f6vdeli noktasal \u0131\u015f\u0131k formu - DMX RGB cephe ayd\u0131nlatma - Kendinden kablolu dot led - LED animasyon \u0131\u015f\u0131k efektleri\",\"breadcrumb\":{\"@id\":\"https:\/\/cubukled.com\/dot85\/#breadcrumb\"},\"inLanguage\":\"en-GB\",\"potentialAction\":[{\"@type\":\"ReadAction\",\"target\":[\"https:\/\/cubukled.com\/dot85\/\"]}]},{\"@type\":\"ImageObject\",\"inLanguage\":\"en-GB\",\"@id\":\"https:\/\/cubukled.com\/dot85\/#primaryimage\",\"url\":\"https:\/\/cubukled.com\/wp-content\/uploads\/2025\/07\/dotled-dot85-inox.jpg\",\"contentUrl\":\"https:\/\/cubukled.com\/wp-content\/uploads\/2025\/07\/dotled-dot85-inox.jpg\",\"width\":1280,\"height\":1280,\"caption\":\"dot85 inox dotled\"},{\"@type\":\"BreadcrumbList\",\"@id\":\"https:\/\/cubukled.com\/dot85\/#breadcrumb\",\"itemListElement\":[{\"@type\":\"ListItem\",\"position\":1,\"name\":\"Ana sayfa\",\"item\":\"https:\/\/cubukled.com\/\"},{\"@type\":\"ListItem\",\"position\":2,\"name\":\"Ma\u011faza\",\"item\":\"https:\/\/cubukled.com\/magaza\/\"},{\"@type\":\"ListItem\",\"position\":3,\"name\":\"DOT85-INOX DOTLED Cephe Ayd\u0131nlatma\"}]},{\"@type\":\"WebSite\",\"@id\":\"https:\/\/cubukled.com\/#website\",\"url\":\"https:\/\/cubukled.com\/\",\"name\":\"\u00c7ubuk LED\",\"description\":\"Cephe Ayd\u0131nlatma, Ayd\u0131nlatma Tasar\u0131m\u0131, D\u0131\u015f Mekan Animasyon Sistemleri, RGB DMX Cephe LED Animasyon\",\"publisher\":{\"@id\":\"https:\/\/cubukled.com\/#organization\"},\"alternateName\":\"cubukled\",\"potentialAction\":[{\"@type\":\"SearchAction\",\"target\":{\"@type\":\"EntryPoint\",\"urlTemplate\":\"https:\/\/cubukled.com\/?s={search_term_string}\"},\"query-input\":{\"@type\":\"PropertyValueSpecification\",\"valueRequired\":true,\"valueName\":\"search_term_string\"}}],\"inLanguage\":\"en-GB\"},{\"@type\":\"Organization\",\"@id\":\"https:\/\/cubukled.com\/#organization\",\"name\":\"\u00c7ubuk LED\",\"alternateName\":\"cubukled\",\"url\":\"https:\/\/cubukled.com\/\",\"logo\":{\"@type\":\"ImageObject\",\"inLanguage\":\"en-GB\",\"@id\":\"https:\/\/cubukled.com\/#\/schema\/logo\/image\/\",\"url\":\"https:\/\/cubukled.com\/wp-content\/uploads\/2020\/06\/cubukled-logo.jpeg\",\"contentUrl\":\"https:\/\/cubukled.com\/wp-content\/uploads\/2020\/06\/cubukled-logo.jpeg\",\"width\":1169,\"height\":669,\"caption\":\"\u00c7ubuk LED\"},\"image\":{\"@id\":\"https:\/\/cubukled.com\/#\/schema\/logo\/image\/\"},\"sameAs\":[\"https:\/\/www.facebook.com\/cubukled\",\"https:\/\/x.com\/cubukled\",\"https:\/\/tr.pinterest.com\/Cubuk_Led\/\",\"https:\/\/www.instagram.com\/cubukled\/\",\"https:\/\/www.linkedin.com\/company\/cubukled\",\"https:\/\/www.threads.net\/@cubukled\",\"https:\/\/www.youtube.com\/@cubukled\",\"https:\/\/twitter.com\/cubukled\"]}]}<\/script>\n<!-- \/ Yoast SEO plugin. -->","yoast_head_json":{"title":"Dot85-INOX G\u00f6vde Dot LED D\u0131\u015f Cephe Ayd\u0131nlatma","description":"Dot85 INOX DOTLED - INOX g\u00f6vdeli noktasal \u0131\u015f\u0131k formu - DMX RGB cephe ayd\u0131nlatma - Kendinden kablolu dot led - LED animasyon \u0131\u015f\u0131k efektleri","robots":{"index":"index","follow":"follow","max-snippet":"max-snippet:-1","max-image-preview":"max-image-preview:large","max-video-preview":"max-video-preview:-1"},"canonical":"https:\/\/cubukled.com\/en\/dot85\/","og_locale":"en_GB","og_type":"article","og_title":"Dot85-INOX G\u00f6vde Dot LED D\u0131\u015f Cephe Ayd\u0131nlatma","og_description":"Dot85 INOX DOTLED - INOX g\u00f6vdeli noktasal \u0131\u015f\u0131k formu - DMX RGB cephe ayd\u0131nlatma - Kendinden kablolu dot led - LED animasyon \u0131\u015f\u0131k efektleri","og_url":"https:\/\/cubukled.com\/en\/dot85\/","og_site_name":"\u00c7ubuk LED","article_publisher":"https:\/\/www.facebook.com\/cubukled","article_modified_time":"2025-09-15T10:51:04+00:00","og_image":[{"width":1280,"height":1280,"url":"https:\/\/cubukled.com\/wp-content\/uploads\/2025\/07\/dotled-dot85-inox.jpg","type":"image\/jpeg"}],"twitter_card":"summary_large_image","twitter_site":"@cubukled","twitter_misc":{"Estimated reading time":"3 minutes"},"schema":{"@context":"https:\/\/schema.org","@graph":[{"@type":["WebPage","ItemPage"],"@id":"https:\/\/cubukled.com\/dot85\/","url":"https:\/\/cubukled.com\/dot85\/","name":"Dot85-INOX G\u00f6vde Dot LED D\u0131\u015f Cephe Ayd\u0131nlatma","isPartOf":{"@id":"https:\/\/cubukled.com\/#website"},"primaryImageOfPage":{"@id":"https:\/\/cubukled.com\/dot85\/#primaryimage"},"image":{"@id":"https:\/\/cubukled.com\/dot85\/#primaryimage"},"thumbnailUrl":"https:\/\/cubukled.com\/wp-content\/uploads\/2025\/07\/dotled-dot85-inox.jpg","datePublished":"2025-07-29T10:28:01+00:00","dateModified":"2025-09-15T10:51:04+00:00","description":"Dot85 INOX DOTLED - INOX g\u00f6vdeli noktasal \u0131\u015f\u0131k formu - DMX RGB cephe ayd\u0131nlatma - Kendinden kablolu dot led - LED animasyon \u0131\u015f\u0131k efektleri","breadcrumb":{"@id":"https:\/\/cubukled.com\/dot85\/#breadcrumb"},"inLanguage":"en-GB","potentialAction":[{"@type":"ReadAction","target":["https:\/\/cubukled.com\/dot85\/"]}]},{"@type":"ImageObject","inLanguage":"en-GB","@id":"https:\/\/cubukled.com\/dot85\/#primaryimage","url":"https:\/\/cubukled.com\/wp-content\/uploads\/2025\/07\/dotled-dot85-inox.jpg","contentUrl":"https:\/\/cubukled.com\/wp-content\/uploads\/2025\/07\/dotled-dot85-inox.jpg","width":1280,"height":1280,"caption":"dot85 inox dotled"},{"@type":"BreadcrumbList","@id":"https:\/\/cubukled.com\/dot85\/#breadcrumb","itemListElement":[{"@type":"ListItem","position":1,"name":"Ana sayfa","item":"https:\/\/cubukled.com\/"},{"@type":"ListItem","position":2,"name":"Ma\u011faza","item":"https:\/\/cubukled.com\/magaza\/"},{"@type":"ListItem","position":3,"name":"DOT85-INOX DOTLED Cephe Ayd\u0131nlatma"}]},{"@type":"WebSite","@id":"https:\/\/cubukled.com\/#website","url":"https:\/\/cubukled.com\/","name":"Rod LED","description":"Facade Lighting, Lighting Design, Outdoor Animation Systems, RGB DMX Facade LED Animation","publisher":{"@id":"https:\/\/cubukled.com\/#organization"},"alternateName":"cubukled","potentialAction":[{"@type":"SearchAction","target":{"@type":"EntryPoint","urlTemplate":"https:\/\/cubukled.com\/?s={search_term_string}"},"query-input":{"@type":"PropertyValueSpecification","valueRequired":true,"valueName":"search_term_string"}}],"inLanguage":"en-GB"},{"@type":"Organization","@id":"https:\/\/cubukled.com\/#organization","name":"Rod LED","alternateName":"cubukled","url":"https:\/\/cubukled.com\/","logo":{"@type":"ImageObject","inLanguage":"en-GB","@id":"https:\/\/cubukled.com\/#\/schema\/logo\/image\/","url":"https:\/\/cubukled.com\/wp-content\/uploads\/2020\/06\/cubukled-logo.jpeg","contentUrl":"https:\/\/cubukled.com\/wp-content\/uploads\/2020\/06\/cubukled-logo.jpeg","width":1169,"height":669,"caption":"\u00c7ubuk LED"},"image":{"@id":"https:\/\/cubukled.com\/#\/schema\/logo\/image\/"},"sameAs":["https:\/\/www.facebook.com\/cubukled","https:\/\/x.com\/cubukled","https:\/\/tr.pinterest.com\/Cubuk_Led\/","https:\/\/www.instagram.com\/cubukled\/","https:\/\/www.linkedin.com\/company\/cubukled","https:\/\/www.threads.net\/@cubukled","https:\/\/www.youtube.com\/@cubukled","https:\/\/twitter.com\/cubukled"]}]}},"_links":{"self":[{"href":"https:\/\/cubukled.com\/en\/wp-json\/wp\/v2\/product\/4987","targetHints":{"allow":["GET"]}}],"collection":[{"href":"https:\/\/cubukled.com\/en\/wp-json\/wp\/v2\/product"}],"about":[{"href":"https:\/\/cubukled.com\/en\/wp-json\/wp\/v2\/types\/product"}],"wp:featuredmedia":[{"embeddable":true,"href":"https:\/\/cubukled.com\/en\/wp-json\/wp\/v2\/media\/4996"}],"wp:attachment":[{"href":"https:\/\/cubukled.com\/en\/wp-json\/wp\/v2\/media?parent=4987"}],"wp:term":[{"taxonomy":"product_brand","embeddable":true,"href":"https:\/\/cubukled.com\/en\/wp-json\/wp\/v2\/product_brand?post=4987"},{"taxonomy":"product_cat","embeddable":true,"href":"https:\/\/cubukled.com\/en\/wp-json\/wp\/v2\/product_cat?post=4987"},{"taxonomy":"product_tag","embeddable":true,"href":"https:\/\/cubukled.com\/en\/wp-json\/wp\/v2\/product_tag?post=4987"}],"curies":[{"name":"wp","href":"https:\/\/api.w.org\/{rel}","templated":true}]}}