{"id":4971,"date":"2025-07-26T18:19:54","date_gmt":"2025-07-26T15:19:54","guid":{"rendered":"https:\/\/cubukled.com\/?post_type=product&#038;p=4971"},"modified":"2026-01-20T10:19:46","modified_gmt":"2026-01-20T07:19:46","slug":"dot60","status":"publish","type":"product","link":"https:\/\/cubukled.com\/en\/dot60\/","title":{"rendered":"DOT60 DOTLED Facade Lighting"},"content":{"rendered":"<p><strong>DOT60<\/strong> <a href=\"https:\/\/cubukled.com\/en\/dotled-aydinlatma\/\">dot LED lighting<\/a> It is one of the models. Thanks to its point light form, you can achieve light effects in indoor or outdoor lighting. It is also an alternative decorative product in architectural lighting. Its self-wired structure with specific intervals allows for flexible mounting. It has black or white body color options. We also offer it with different power options.<\/p>\n<h2>DOT60 Model DOT LED: Spot Effects in Exterior Lighting<\/h2>\n<figure id=\"attachment_4978\" aria-describedby=\"caption-attachment-4978\" style=\"width: 300px\" class=\"wp-caption aligncenter\"><a href=\"https:\/\/cubukled.com\/wp-content\/uploads\/2025\/07\/dot60-model-dot-led.jpg\"><img fetchpriority=\"high\" decoding=\"async\" class=\"size-full wp-image-4978\" src=\"https:\/\/cubukled.com\/wp-content\/uploads\/2025\/07\/dot60-model-dot-led.jpg\" alt=\"dot60 model dotled\" width=\"300\" height=\"300\" srcset=\"https:\/\/cubukled.com\/wp-content\/uploads\/2025\/07\/dot60-model-dot-led.jpg 300w, https:\/\/cubukled.com\/wp-content\/uploads\/2025\/07\/dot60-model-dot-led-150x150.jpg 150w, https:\/\/cubukled.com\/wp-content\/uploads\/2025\/07\/dot60-model-dot-led-12x12.jpg 12w, https:\/\/cubukled.com\/wp-content\/uploads\/2025\/07\/dot60-model-dot-led-100x100.jpg 100w\" sizes=\"(max-width: 300px) 100vw, 300px\" \/><\/a><figcaption id=\"caption-attachment-4978\" class=\"wp-caption-text\">Bridge lighting with DOT LEDs.<\/figcaption><\/figure>\n<p>The dot LED model features a polycarbonate injection-molded housing. The housing color can be black or white. There is a specific length of cable between each dot. We customize these cable lengths for you. For example, depending on your project requirements, we can place a dot LED every 30cm. We call each self-cabling component a chain. For example, we can produce a 20-meter cable with a dot LED every 50cm along a bridge cable.<\/p>\n<p><a style=\"font-size: 16px;\" href=\"https:\/\/cubukled.com\/wp-content\/uploads\/2025\/07\/dotled-montaj-aparati.jpg\"><img decoding=\"async\" class=\"wp-image-4983 size-full aligncenter\" src=\"https:\/\/cubukled.com\/wp-content\/uploads\/2025\/07\/dotled-montaj-aparati.jpg\" alt=\"dot led montaj aparat\u0131\" width=\"300\" height=\"300\" srcset=\"https:\/\/cubukled.com\/wp-content\/uploads\/2025\/07\/dotled-montaj-aparati.jpg 300w, https:\/\/cubukled.com\/wp-content\/uploads\/2025\/07\/dotled-montaj-aparati-150x150.jpg 150w, https:\/\/cubukled.com\/wp-content\/uploads\/2025\/07\/dotled-montaj-aparati-12x12.jpg 12w, https:\/\/cubukled.com\/wp-content\/uploads\/2025\/07\/dotled-montaj-aparati-100x100.jpg 100w\" sizes=\"(max-width: 300px) 100vw, 300px\" \/><\/a><\/p>\n<p>Dot LED tele mounting bracket. Dot LEDs have data and power cables. Each dot LED represents 1 pixel. Each pixel consists of 6 LEDs. Controlled via DMX512 protocol, this product provides RGB lighting. For example, dot LEDs mounted horizontally on the exterior of a building will create light transitions according to animation, adding ambiance to the environment.<\/p>\n<figure id=\"attachment_4980\" aria-describedby=\"caption-attachment-4980\" style=\"width: 300px\" class=\"wp-caption aligncenter\"><a href=\"https:\/\/cubukled.com\/wp-content\/uploads\/2025\/07\/dot60-dot-led-cephe-aydinlatma.jpg\"><img decoding=\"async\" class=\"wp-image-4980 size-full\" src=\"https:\/\/cubukled.com\/wp-content\/uploads\/2025\/07\/dot60-dot-led-cephe-aydinlatma.jpg\" alt=\"dot60 dotled cephe ayd\u0131nlatma\" width=\"300\" height=\"300\" srcset=\"https:\/\/cubukled.com\/wp-content\/uploads\/2025\/07\/dot60-dot-led-cephe-aydinlatma.jpg 300w, https:\/\/cubukled.com\/wp-content\/uploads\/2025\/07\/dot60-dot-led-cephe-aydinlatma-150x150.jpg 150w, https:\/\/cubukled.com\/wp-content\/uploads\/2025\/07\/dot60-dot-led-cephe-aydinlatma-12x12.jpg 12w, https:\/\/cubukled.com\/wp-content\/uploads\/2025\/07\/dot60-dot-led-cephe-aydinlatma-100x100.jpg 100w\" sizes=\"(max-width: 300px) 100vw, 300px\" \/><\/a><figcaption id=\"caption-attachment-4980\" class=\"wp-caption-text\">Dot LED and DMX RGB facade lighting project<\/figcaption><\/figure>\n<p>You can create spectacular light shows for interior spaces. For example, you can create music-activated lights on the interior walls of an entertainment venue. Sound-sensitive DMX512 RGB animations change the atmosphere of the venue. An entertainment venue with an energetic atmosphere becomes more attractive to customers. Your brand value and commercial revenue will increase.<\/p>\n<figure id=\"attachment_4981\" aria-describedby=\"caption-attachment-4981\" style=\"width: 300px\" class=\"wp-caption aligncenter\"><a href=\"https:\/\/cubukled.com\/wp-content\/uploads\/2025\/07\/dotled-duvar-aydinlatma.jpg\"><img loading=\"lazy\" decoding=\"async\" class=\"size-full wp-image-4981\" src=\"https:\/\/cubukled.com\/wp-content\/uploads\/2025\/07\/dotled-duvar-aydinlatma.jpg\" alt=\"dotled i\u00e7 mekan ayd\u0131nlatma\" width=\"300\" height=\"300\" srcset=\"https:\/\/cubukled.com\/wp-content\/uploads\/2025\/07\/dotled-duvar-aydinlatma.jpg 300w, https:\/\/cubukled.com\/wp-content\/uploads\/2025\/07\/dotled-duvar-aydinlatma-150x150.jpg 150w, https:\/\/cubukled.com\/wp-content\/uploads\/2025\/07\/dotled-duvar-aydinlatma-12x12.jpg 12w, https:\/\/cubukled.com\/wp-content\/uploads\/2025\/07\/dotled-duvar-aydinlatma-100x100.jpg 100w\" sizes=\"(max-width: 300px) 100vw, 300px\" \/><\/a><figcaption id=\"caption-attachment-4981\" class=\"wp-caption-text\">Indoor DMX RGB lighting with dot LEDs.<\/figcaption><\/figure>\n<p>Its lightweight design makes this dot light model easy to transport, offering convenience even on challenging facades. We also provide a special mounting bracket for steel cable dot LED installations, allowing you to incorporate dot LED chains into your design as desired. The product is protected against water, moisture, and dust, and comes with a UV-protected and impact-resistant PMMA diffuser cover. Thanks to its domed shape, the lights are visible from the side as well.<\/p>\n<p><a href=\"https:\/\/cubukled.com\/wp-content\/uploads\/2025\/07\/dotled-dot60-olcu.jpg\"><img loading=\"lazy\" decoding=\"async\" class=\"size-full wp-image-4982 aligncenter\" src=\"https:\/\/cubukled.com\/wp-content\/uploads\/2025\/07\/dotled-dot60-olcu.jpg\" alt=\"dot60 dotled \u00f6l\u00e7\u00fcs\u00fc\" width=\"300\" height=\"300\" srcset=\"https:\/\/cubukled.com\/wp-content\/uploads\/2025\/07\/dotled-dot60-olcu.jpg 300w, https:\/\/cubukled.com\/wp-content\/uploads\/2025\/07\/dotled-dot60-olcu-150x150.jpg 150w, https:\/\/cubukled.com\/wp-content\/uploads\/2025\/07\/dotled-dot60-olcu-12x12.jpg 12w, https:\/\/cubukled.com\/wp-content\/uploads\/2025\/07\/dotled-dot60-olcu-100x100.jpg 100w\" sizes=\"(max-width: 300px) 100vw, 300px\" \/><\/a><\/p>\n<p>If you also want to use dot60 and dot LED lighting, contact us now! <a href=\"https:\/\/cubukled.com\/en\/cubuk-led-iletisim\/\">You can contact us.<\/a><\/p>","protected":false},"excerpt":{"rendered":"<p><em><strong>*Notes:<\/strong> Pricing is based on the project. For details, please contact us. <a href=\"https:\/\/cubukled.com\/en\/cubuk-led-iletisim\/\">Please contact us.<\/a><\/em><\/p>\n<p><strong>Light Color:<\/strong> On\/Off Constant Light, DMX Animation<\/p>\n<p><strong>Measurement:<\/strong> 6.4cm Diameter<\/p>\n<p><strong>Usage:<\/strong> Interior and Exterior Lighting<\/p>\n<p><strong>Body:<\/strong> Polycarbonate Injection<\/p>\n<p><strong>Operating Voltage:<\/strong> Constant voltage, 24V DC<\/p>\n<p><strong>On\/Off:<\/strong> 6 LEDs\/piece<\/p>\n<p><strong>DMX RGB:<\/strong> 1 px\/ad, 6 RGB led\/ad<\/p>","protected":false},"featured_media":4972,"template":"","meta":{"_joinchat":[]},"product_brand":[],"product_cat":[109,3101],"product_tag":[3104,3106,3108,3107,3105],"class_list":{"0":"post-4971","1":"product","2":"type-product","3":"status-publish","4":"has-post-thumbnail","6":"product_cat-aydinlatma-urunleri","7":"product_cat-dotled","8":"product_tag-dot-led","9":"product_tag-dot60","10":"product_tag-dot60-dot-led","11":"product_tag-dot60-dotled","12":"product_tag-dotled","13":"pa_gucgirisi-24vdc","14":"pa_isikrengi-3000kelvin","15":"pa_isikrengi-4000kelvin","16":"pa_isikrengi-5000kelvin","17":"pa_isikrengi-6500kelvin","18":"pa_isikrengi-amber","19":"pa_isikrengi-dmxmono","20":"pa_isikrengi-dmxrgb","21":"pa_isikrengi-dmxrgbw","22":"pa_isikrengi-dmxtunable","23":"pa_isikrengi-kirmizi","24":"pa_isikrengi-mavi","25":"pa_isikrengi-rgb","26":"pa_isikrengi-yesil","28":"first","29":"instock","30":"sale","31":"taxable","32":"shipping-taxable","33":"purchasable","34":"product-type-simple","35":"customify-col","36":"product-has-gallery"},"yoast_head":"<!-- This site is optimized with the Yoast SEO plugin v27.2 - https:\/\/yoast.com\/product\/yoast-seo-wordpress\/ -->\n<title>Dot60 - Dot LED D\u0131\u015f Cephe Ayd\u0131nlatma<\/title>\n<meta name=\"description\" content=\"Dot60 DOTLED - Polikarbon enjeksiyon g\u00f6vde ile noktasal \u0131\u015f\u0131k formu - DMX RGB cephe ayd\u0131nlatma - Kendinden kablolu dot led - LED animasyon\" \/>\n<meta name=\"robots\" content=\"index, follow, max-snippet:-1, max-image-preview:large, max-video-preview:-1\" \/>\n<link rel=\"canonical\" href=\"https:\/\/cubukled.com\/en\/dot60\/\" \/>\n<meta property=\"og:locale\" content=\"en_GB\" \/>\n<meta property=\"og:type\" content=\"article\" \/>\n<meta property=\"og:title\" content=\"Dot60 - Dot LED D\u0131\u015f Cephe Ayd\u0131nlatma\" \/>\n<meta property=\"og:description\" content=\"Dot60 DOTLED - Polikarbon enjeksiyon g\u00f6vde ile noktasal \u0131\u015f\u0131k formu - DMX RGB cephe ayd\u0131nlatma - Kendinden kablolu dot led - LED animasyon\" \/>\n<meta property=\"og:url\" content=\"https:\/\/cubukled.com\/en\/dot60\/\" \/>\n<meta property=\"og:site_name\" content=\"\u00c7ubuk LED\" \/>\n<meta property=\"article:publisher\" content=\"https:\/\/www.facebook.com\/cubukled\" \/>\n<meta property=\"article:modified_time\" content=\"2026-01-20T07:19:46+00:00\" \/>\n<meta property=\"og:image\" content=\"https:\/\/cubukled.com\/wp-content\/uploads\/2025\/07\/dotled-dot60.jpg\" \/>\n\t<meta property=\"og:image:width\" content=\"1280\" \/>\n\t<meta property=\"og:image:height\" content=\"1280\" \/>\n\t<meta property=\"og:image:type\" content=\"image\/jpeg\" \/>\n<meta name=\"twitter:card\" content=\"summary_large_image\" \/>\n<meta name=\"twitter:site\" content=\"@cubukled\" \/>\n<meta name=\"twitter:label1\" content=\"Estimated reading time\" \/>\n\t<meta name=\"twitter:data1\" content=\"4 minutes\" \/>\n<script type=\"application\/ld+json\" class=\"yoast-schema-graph\">{\"@context\":\"https:\/\/schema.org\",\"@graph\":[{\"@type\":[\"WebPage\",\"ItemPage\"],\"@id\":\"https:\/\/cubukled.com\/dot60\/\",\"url\":\"https:\/\/cubukled.com\/dot60\/\",\"name\":\"Dot60 - Dot LED D\u0131\u015f Cephe Ayd\u0131nlatma\",\"isPartOf\":{\"@id\":\"https:\/\/cubukled.com\/#website\"},\"primaryImageOfPage\":{\"@id\":\"https:\/\/cubukled.com\/dot60\/#primaryimage\"},\"image\":{\"@id\":\"https:\/\/cubukled.com\/dot60\/#primaryimage\"},\"thumbnailUrl\":\"https:\/\/cubukled.com\/wp-content\/uploads\/2025\/07\/dotled-dot60.jpg\",\"datePublished\":\"2025-07-26T15:19:54+00:00\",\"dateModified\":\"2026-01-20T07:19:46+00:00\",\"description\":\"Dot60 DOTLED - Polikarbon enjeksiyon g\u00f6vde ile noktasal \u0131\u015f\u0131k formu - DMX RGB cephe ayd\u0131nlatma - Kendinden kablolu dot led - LED animasyon\",\"breadcrumb\":{\"@id\":\"https:\/\/cubukled.com\/dot60\/#breadcrumb\"},\"inLanguage\":\"en-GB\",\"potentialAction\":[{\"@type\":\"ReadAction\",\"target\":[\"https:\/\/cubukled.com\/dot60\/\"]}]},{\"@type\":\"ImageObject\",\"inLanguage\":\"en-GB\",\"@id\":\"https:\/\/cubukled.com\/dot60\/#primaryimage\",\"url\":\"https:\/\/cubukled.com\/wp-content\/uploads\/2025\/07\/dotled-dot60.jpg\",\"contentUrl\":\"https:\/\/cubukled.com\/wp-content\/uploads\/2025\/07\/dotled-dot60.jpg\",\"width\":1280,\"height\":1280,\"caption\":\"dot60 dotled\"},{\"@type\":\"BreadcrumbList\",\"@id\":\"https:\/\/cubukled.com\/dot60\/#breadcrumb\",\"itemListElement\":[{\"@type\":\"ListItem\",\"position\":1,\"name\":\"Ana sayfa\",\"item\":\"https:\/\/cubukled.com\/\"},{\"@type\":\"ListItem\",\"position\":2,\"name\":\"Ma\u011faza\",\"item\":\"https:\/\/cubukled.com\/magaza\/\"},{\"@type\":\"ListItem\",\"position\":3,\"name\":\"DOT60 DOTLED Cephe Ayd\u0131nlatma\"}]},{\"@type\":\"WebSite\",\"@id\":\"https:\/\/cubukled.com\/#website\",\"url\":\"https:\/\/cubukled.com\/\",\"name\":\"\u00c7ubuk LED\",\"description\":\"Cephe Ayd\u0131nlatma, Ayd\u0131nlatma Tasar\u0131m\u0131, D\u0131\u015f Mekan Animasyon Sistemleri, RGB DMX Cephe LED Animasyon\",\"publisher\":{\"@id\":\"https:\/\/cubukled.com\/#organization\"},\"alternateName\":\"cubukled\",\"potentialAction\":[{\"@type\":\"SearchAction\",\"target\":{\"@type\":\"EntryPoint\",\"urlTemplate\":\"https:\/\/cubukled.com\/?s={search_term_string}\"},\"query-input\":{\"@type\":\"PropertyValueSpecification\",\"valueRequired\":true,\"valueName\":\"search_term_string\"}}],\"inLanguage\":\"en-GB\"},{\"@type\":\"Organization\",\"@id\":\"https:\/\/cubukled.com\/#organization\",\"name\":\"\u00c7ubuk LED\",\"alternateName\":\"cubukled\",\"url\":\"https:\/\/cubukled.com\/\",\"logo\":{\"@type\":\"ImageObject\",\"inLanguage\":\"en-GB\",\"@id\":\"https:\/\/cubukled.com\/#\/schema\/logo\/image\/\",\"url\":\"https:\/\/cubukled.com\/wp-content\/uploads\/2020\/06\/cubukled-logo.jpeg\",\"contentUrl\":\"https:\/\/cubukled.com\/wp-content\/uploads\/2020\/06\/cubukled-logo.jpeg\",\"width\":1169,\"height\":669,\"caption\":\"\u00c7ubuk LED\"},\"image\":{\"@id\":\"https:\/\/cubukled.com\/#\/schema\/logo\/image\/\"},\"sameAs\":[\"https:\/\/www.facebook.com\/cubukled\",\"https:\/\/x.com\/cubukled\",\"https:\/\/tr.pinterest.com\/Cubuk_Led\/\",\"https:\/\/www.instagram.com\/cubukled\/\",\"https:\/\/www.linkedin.com\/company\/cubukled\",\"https:\/\/www.threads.net\/@cubukled\",\"https:\/\/www.youtube.com\/@cubukled\",\"https:\/\/twitter.com\/cubukled\"]}]}<\/script>\n<!-- \/ Yoast SEO plugin. -->","yoast_head_json":{"title":"Dot60 - Dot LED D\u0131\u015f Cephe Ayd\u0131nlatma","description":"Dot60 DOTLED - Polikarbon enjeksiyon g\u00f6vde ile noktasal \u0131\u015f\u0131k formu - DMX RGB cephe ayd\u0131nlatma - Kendinden kablolu dot led - LED animasyon","robots":{"index":"index","follow":"follow","max-snippet":"max-snippet:-1","max-image-preview":"max-image-preview:large","max-video-preview":"max-video-preview:-1"},"canonical":"https:\/\/cubukled.com\/en\/dot60\/","og_locale":"en_GB","og_type":"article","og_title":"Dot60 - Dot LED D\u0131\u015f Cephe Ayd\u0131nlatma","og_description":"Dot60 DOTLED - Polikarbon enjeksiyon g\u00f6vde ile noktasal \u0131\u015f\u0131k formu - DMX RGB cephe ayd\u0131nlatma - Kendinden kablolu dot led - LED animasyon","og_url":"https:\/\/cubukled.com\/en\/dot60\/","og_site_name":"\u00c7ubuk LED","article_publisher":"https:\/\/www.facebook.com\/cubukled","article_modified_time":"2026-01-20T07:19:46+00:00","og_image":[{"width":1280,"height":1280,"url":"https:\/\/cubukled.com\/wp-content\/uploads\/2025\/07\/dotled-dot60.jpg","type":"image\/jpeg"}],"twitter_card":"summary_large_image","twitter_site":"@cubukled","twitter_misc":{"Estimated reading time":"4 minutes"},"schema":{"@context":"https:\/\/schema.org","@graph":[{"@type":["WebPage","ItemPage"],"@id":"https:\/\/cubukled.com\/dot60\/","url":"https:\/\/cubukled.com\/dot60\/","name":"Dot60 - Dot LED D\u0131\u015f Cephe Ayd\u0131nlatma","isPartOf":{"@id":"https:\/\/cubukled.com\/#website"},"primaryImageOfPage":{"@id":"https:\/\/cubukled.com\/dot60\/#primaryimage"},"image":{"@id":"https:\/\/cubukled.com\/dot60\/#primaryimage"},"thumbnailUrl":"https:\/\/cubukled.com\/wp-content\/uploads\/2025\/07\/dotled-dot60.jpg","datePublished":"2025-07-26T15:19:54+00:00","dateModified":"2026-01-20T07:19:46+00:00","description":"Dot60 DOTLED - Polikarbon enjeksiyon g\u00f6vde ile noktasal \u0131\u015f\u0131k formu - DMX RGB cephe ayd\u0131nlatma - Kendinden kablolu dot led - LED animasyon","breadcrumb":{"@id":"https:\/\/cubukled.com\/dot60\/#breadcrumb"},"inLanguage":"en-GB","potentialAction":[{"@type":"ReadAction","target":["https:\/\/cubukled.com\/dot60\/"]}]},{"@type":"ImageObject","inLanguage":"en-GB","@id":"https:\/\/cubukled.com\/dot60\/#primaryimage","url":"https:\/\/cubukled.com\/wp-content\/uploads\/2025\/07\/dotled-dot60.jpg","contentUrl":"https:\/\/cubukled.com\/wp-content\/uploads\/2025\/07\/dotled-dot60.jpg","width":1280,"height":1280,"caption":"dot60 dotled"},{"@type":"BreadcrumbList","@id":"https:\/\/cubukled.com\/dot60\/#breadcrumb","itemListElement":[{"@type":"ListItem","position":1,"name":"Ana sayfa","item":"https:\/\/cubukled.com\/"},{"@type":"ListItem","position":2,"name":"Ma\u011faza","item":"https:\/\/cubukled.com\/magaza\/"},{"@type":"ListItem","position":3,"name":"DOT60 DOTLED Cephe Ayd\u0131nlatma"}]},{"@type":"WebSite","@id":"https:\/\/cubukled.com\/#website","url":"https:\/\/cubukled.com\/","name":"Rod LED","description":"Facade Lighting, Lighting Design, Outdoor Animation Systems, RGB DMX Facade LED Animation","publisher":{"@id":"https:\/\/cubukled.com\/#organization"},"alternateName":"cubukled","potentialAction":[{"@type":"SearchAction","target":{"@type":"EntryPoint","urlTemplate":"https:\/\/cubukled.com\/?s={search_term_string}"},"query-input":{"@type":"PropertyValueSpecification","valueRequired":true,"valueName":"search_term_string"}}],"inLanguage":"en-GB"},{"@type":"Organization","@id":"https:\/\/cubukled.com\/#organization","name":"Rod LED","alternateName":"cubukled","url":"https:\/\/cubukled.com\/","logo":{"@type":"ImageObject","inLanguage":"en-GB","@id":"https:\/\/cubukled.com\/#\/schema\/logo\/image\/","url":"https:\/\/cubukled.com\/wp-content\/uploads\/2020\/06\/cubukled-logo.jpeg","contentUrl":"https:\/\/cubukled.com\/wp-content\/uploads\/2020\/06\/cubukled-logo.jpeg","width":1169,"height":669,"caption":"\u00c7ubuk LED"},"image":{"@id":"https:\/\/cubukled.com\/#\/schema\/logo\/image\/"},"sameAs":["https:\/\/www.facebook.com\/cubukled","https:\/\/x.com\/cubukled","https:\/\/tr.pinterest.com\/Cubuk_Led\/","https:\/\/www.instagram.com\/cubukled\/","https:\/\/www.linkedin.com\/company\/cubukled","https:\/\/www.threads.net\/@cubukled","https:\/\/www.youtube.com\/@cubukled","https:\/\/twitter.com\/cubukled"]}]}},"_links":{"self":[{"href":"https:\/\/cubukled.com\/en\/wp-json\/wp\/v2\/product\/4971","targetHints":{"allow":["GET"]}}],"collection":[{"href":"https:\/\/cubukled.com\/en\/wp-json\/wp\/v2\/product"}],"about":[{"href":"https:\/\/cubukled.com\/en\/wp-json\/wp\/v2\/types\/product"}],"wp:featuredmedia":[{"embeddable":true,"href":"https:\/\/cubukled.com\/en\/wp-json\/wp\/v2\/media\/4972"}],"wp:attachment":[{"href":"https:\/\/cubukled.com\/en\/wp-json\/wp\/v2\/media?parent=4971"}],"wp:term":[{"taxonomy":"product_brand","embeddable":true,"href":"https:\/\/cubukled.com\/en\/wp-json\/wp\/v2\/product_brand?post=4971"},{"taxonomy":"product_cat","embeddable":true,"href":"https:\/\/cubukled.com\/en\/wp-json\/wp\/v2\/product_cat?post=4971"},{"taxonomy":"product_tag","embeddable":true,"href":"https:\/\/cubukled.com\/en\/wp-json\/wp\/v2\/product_tag?post=4971"}],"curies":[{"name":"wp","href":"https:\/\/api.w.org\/{rel}","templated":true}]}}