{"id":2246,"date":"2023-12-22T21:58:28","date_gmt":"2023-12-22T18:58:28","guid":{"rendered":"https:\/\/cubukled.com\/?post_type=product&#038;p=2246"},"modified":"2025-09-09T16:30:26","modified_gmt":"2025-09-09T13:30:26","slug":"wallwasher-ledi-sp12","status":"publish","type":"product","link":"https:\/\/cubukled.com\/en\/wallwasher-ledi-sp12\/","title":{"rendered":"SP12"},"content":{"rendered":"<p><strong>Wallwasher led<\/strong> <strong>SP12<\/strong> is basically an aluminium based bar LED product. But the LEDs we use on the product are Power LEDs, ie power LEDs. Power LEDs are divided into 3 in the literature as follows.<\/p>\n<ul>\n<li>Mid-power,<\/li>\n<li>Semi-power,<\/li>\n<li>High-power.<\/li>\n<\/ul>\n<p>In this product, we use Semi-Power LEDs with a maximum power of 1 Watt. Our product is 1.6 cm wide and 30 cm long. There are 12 LEDs on 1 SP12 model. The model therefore generates up to a maximum power of 12 watts. You can shorten the aluminium product by cutting it at 5 cm intervals. Or you can extend it end to end like others.<\/p>\n<table style=\"height: 112px;\" width=\"620\">\n<tbody>\n<tr>\n<td style=\"text-align: center;\" width=\"111\"><strong>Product Code<\/strong><\/td>\n<td style=\"text-align: center;\" width=\"142\"><strong>Power Supply<\/strong><\/td>\n<td style=\"text-align: center;\" width=\"82\"><strong>LED Quantity<\/strong><\/td>\n<td style=\"text-align: center;\" width=\"117\"><strong>Interruption Interval<\/strong><\/td>\n<td style=\"text-align: center;\" width=\"99\"><strong>Measure<\/strong><\/td>\n<\/tr>\n<tr>\n<td style=\"text-align: center;\">SP12<\/td>\n<td style=\"text-align: center;\">Constant Current<\/td>\n<td style=\"text-align: center;\">12 pcs\/30cm<\/td>\n<td style=\"text-align: center;\">5cm<\/td>\n<td style=\"text-align: center;\">16mmx30cm<\/td>\n<\/tr>\n<\/tbody>\n<\/table>\n<h2><img fetchpriority=\"high\" decoding=\"async\" class=\"size-full wp-image-2254 aligncenter\" src=\"https:\/\/cubukled.com\/wp-content\/uploads\/2023\/12\/volvosir-ledi-sp12-1.jpg\" alt=\"wallwasher cubuk led teknik cizim\" width=\"2094\" height=\"266\" srcset=\"https:\/\/cubukled.com\/wp-content\/uploads\/2023\/12\/volvosir-ledi-sp12-1.jpg 2094w, https:\/\/cubukled.com\/wp-content\/uploads\/2023\/12\/volvosir-ledi-sp12-1-300x38.jpg 300w, https:\/\/cubukled.com\/wp-content\/uploads\/2023\/12\/volvosir-ledi-sp12-1-1024x130.jpg 1024w, https:\/\/cubukled.com\/wp-content\/uploads\/2023\/12\/volvosir-ledi-sp12-1-768x98.jpg 768w, https:\/\/cubukled.com\/wp-content\/uploads\/2023\/12\/volvosir-ledi-sp12-1-1536x195.jpg 1536w, https:\/\/cubukled.com\/wp-content\/uploads\/2023\/12\/volvosir-ledi-sp12-1-2048x260.jpg 2048w, https:\/\/cubukled.com\/wp-content\/uploads\/2023\/12\/volvosir-ledi-sp12-1-600x76.jpg 600w\" sizes=\"(max-width: 2094px) 100vw, 2094px\" \/><\/h2>\n<p>If you pay attention, the form of the product is different from classic bar LEDs. It is not straight. Because <strong>wall painting led<\/strong> We have produced this product, which you will place in a safe, in this form for easy screwing places. The product works with constant current driver. With this product <a href=\"https:\/\/cubukled.com\/en\/wallwasher-led-aydinlatma\/\">Wallwasher LED lighting<\/a> can manufacture products.<\/p>\n<h2><strong>Wallwasher Ledi: SP12<\/strong><\/h2>\n<p><strong>Volvoshir LED<\/strong> is widely used for exterior wall lighting. Finished Wallwasher LED lighting products paint walls, trees, mosques and other surfaces with coloured or white light. Wallwasher usually consists of high intensity LEDs placed in a linear mould. It creates an aesthetic and impressive atmosphere especially in places such as galleries, hotels and shopping centres.<\/p>\n<p>With SP12 bar LED <strong>30 cm flywheel<\/strong> you can do it. Because the volvosity led length size fits. Thanks to our economic and quality products <strong>volvosaurus <a href=\"https:\/\/cubukled.com\/en\/\">led prices<\/a><\/strong> it would also be highly competitive.<\/p>\n<p>Volvoshire lighting comes in different sizes, colours and powers. Volvoshir price level also depends on this. For example, in the 60 cm volvoshir model, you need to use 2 pieces of this product. This changes both power and price. There are volvoshir light models in many different colours such as amber, white, blue, red, green or RGB. The models spread the light homogeneously and add vitality to the place you install.<\/p>\n<h2>How to Calculate Constant Current Driver Power?<\/h2>\n<p>For example, you want to make a wallwasher 30cm long and 12W power. Therefore, our product has Semi-Power LEDs with 30\u00d730, 1W and 6V values. Then you need to drive 1 LED 1W\/6V = 0.16A, ie approximately 150mA current.<\/p>\n<p>In our design, 2 LEDs are connected in parallel and 6 of them are connected in series. So 36V voltage is required. For a wallwasher with 12W power, 12W \/ 36V = 0.3A, ie an average current of 300mA is required. The constant current driver you choose must be at least 300mA and the voltage range must cover 36V.<\/p>\n<p>For example, 40W, 500mA and 48-80V are written on a driver. The current meets 300mA, but 36V does not fall within the range of voltage values given. You need to look for another driver. Another driver is 24.5W, 350mA and 25-70V. This driver is suitable for both 36V and 300mA.<\/p>\n<p><strong>Note<\/strong> The word \"Volvo\u015f\u0131r\" is the pronunciation of Wallwasher. However, the reason why it is also referred to as \"Volvo\u015f\u0131r\" in this article is because it is widely used on the internet. The correct spelling is \"Wallwasher\".<\/p>","protected":false},"excerpt":{"rendered":"<p><em><strong>*Notes:<\/strong> Pricing is based on the project. For details, please contact us. <a href=\"https:\/\/cubukled.com\/en\/cubuk-led-iletisim\/\">Please contact us.<\/a><\/em><\/p>\n<p><strong>Power Input:<\/strong> Constant Current<\/p>\n<p><strong>Color Options:<\/strong>\u00a02200K, 2700K, 3000K, 4000K, 5000K, 6500K, Red, Green, Blue, Amber<\/p>\n<p><strong>LED Quantity:<\/strong> 12 pcs\/30cm<\/p>\n<p><strong>Base PCB Dimensions:<\/strong> 16 x 300 mm aluminium<\/p>\n<p><strong>Interruption Interval:<\/strong> 5 cm<\/p>\n<p><strong>Featured Feature:<\/strong> Power LED<\/p>\n<p><strong>Usage:<\/strong> Wallwasher<\/p>\n<p><strong>LED Brand Options:<\/strong> CREE, OSRAM, SAMSUNG, NICHIA, SEOUL, PHILIPS, LUMILEDS<\/p>","protected":false},"featured_media":2249,"template":"","meta":{"_joinchat":[]},"product_brand":[],"product_cat":[109,286],"product_tag":[2687,2685,2684,2686,2688,2683],"class_list":{"0":"post-2246","1":"product","2":"type-product","3":"status-publish","4":"has-post-thumbnail","6":"product_cat-aydinlatma-urunleri","7":"product_cat-sabit-akim-cubuk-led","8":"product_tag-30-cm-volvosir","9":"product_tag-duvar-boyama-ledi","10":"product_tag-sp12","11":"product_tag-volvosir-led","12":"product_tag-volvosir-led-fiyatlari","13":"product_tag-wallwasher-ledi","14":"pa_gucgirisi-sabitakim","15":"pa_isikrengi-2200kelvin","16":"pa_isikrengi-2700kelvin","17":"pa_isikrengi-3000kelvin","18":"pa_isikrengi-4000kelvin","19":"pa_isikrengi-5000kelvin","20":"pa_isikrengi-6500kelvin","21":"pa_isikrengi-amber","22":"pa_isikrengi-kirmizi","23":"pa_isikrengi-mavi","24":"pa_isikrengi-rgb","25":"pa_isikrengi-yesil","26":"pa_kesilmearaligi-5cm","27":"pa_ledmarka-led-markasi-cree","28":"pa_ledmarka-lumileds","29":"pa_ledmarka-nichia","30":"pa_ledmarka-osram","31":"pa_ledmarka-philips","32":"pa_ledmarka-led-markasi-samsung","33":"pa_ledmarka-led-markasi-seoul","34":"pa_ledmiktari-12-led","35":"pa_onecikanozellik-power-led","36":"pa_tabanpcbolculeri-16x300mm","38":"first","39":"instock","40":"taxable","41":"shipping-taxable","42":"product-type-simple","43":"customify-col","44":"product-has-gallery"},"yoast_head":"<!-- This site is optimized with the Yoast SEO plugin v27.2 - https:\/\/yoast.com\/product\/yoast-seo-wordpress\/ -->\n<title>Wallwasher Ledi - SP12 - 16mmx30cm Al\u00fcminyum PCB Taban \u00c7ubuk LED<\/title>\n<meta name=\"description\" content=\"Wallwasher Ledi - 30 cm i\u00e7in; 12 adet Power LED - Renk Se\u00e7enekleri- Al\u00fcminyum PCB \u00d6l\u00e7\u00fcs\u00fc: 16mm x 30cm - Sabit Ak\u0131m \u00c7ubuk LED Mod\u00fcl ile Wallwasher yap!\" \/>\n<meta name=\"robots\" content=\"index, follow, max-snippet:-1, max-image-preview:large, max-video-preview:-1\" \/>\n<link rel=\"canonical\" href=\"https:\/\/cubukled.com\/en\/wallwasher-ledi-sp12\/\" \/>\n<meta property=\"og:locale\" content=\"en_GB\" \/>\n<meta property=\"og:type\" content=\"article\" \/>\n<meta property=\"og:title\" content=\"Wallwasher Ledi - SP12 - 16mmx30cm Al\u00fcminyum PCB Taban \u00c7ubuk LED\" \/>\n<meta property=\"og:description\" content=\"Wallwasher Ledi - 30 cm i\u00e7in; 12 adet Power LED - Renk Se\u00e7enekleri- Al\u00fcminyum PCB \u00d6l\u00e7\u00fcs\u00fc: 16mm x 30cm - Sabit Ak\u0131m \u00c7ubuk LED Mod\u00fcl ile Wallwasher yap!\" \/>\n<meta property=\"og:url\" content=\"https:\/\/cubukled.com\/en\/wallwasher-ledi-sp12\/\" \/>\n<meta property=\"og:site_name\" content=\"\u00c7ubuk LED\" \/>\n<meta property=\"article:publisher\" content=\"https:\/\/www.facebook.com\/cubukled\" \/>\n<meta property=\"article:modified_time\" content=\"2025-09-09T13:30:26+00:00\" \/>\n<meta property=\"og:image\" content=\"https:\/\/cubukled.com\/wp-content\/uploads\/2023\/12\/wallwasher-ledi-SP12.jpg\" \/>\n\t<meta property=\"og:image:width\" content=\"1280\" \/>\n\t<meta property=\"og:image:height\" content=\"792\" \/>\n\t<meta property=\"og:image:type\" content=\"image\/jpeg\" \/>\n<meta name=\"twitter:card\" content=\"summary_large_image\" \/>\n<meta name=\"twitter:site\" content=\"@cubukled\" \/>\n<meta name=\"twitter:label1\" content=\"Estimated reading time\" \/>\n\t<meta name=\"twitter:data1\" content=\"3 minutes\" \/>\n<script type=\"application\/ld+json\" class=\"yoast-schema-graph\">{\"@context\":\"https:\/\/schema.org\",\"@graph\":[{\"@type\":[\"WebPage\",\"ItemPage\"],\"@id\":\"https:\/\/cubukled.com\/wallwasher-ledi-sp12\/\",\"url\":\"https:\/\/cubukled.com\/wallwasher-ledi-sp12\/\",\"name\":\"Wallwasher Ledi - SP12 - 16mmx30cm Al\u00fcminyum PCB Taban \u00c7ubuk LED\",\"isPartOf\":{\"@id\":\"https:\/\/cubukled.com\/#website\"},\"primaryImageOfPage\":{\"@id\":\"https:\/\/cubukled.com\/wallwasher-ledi-sp12\/#primaryimage\"},\"image\":{\"@id\":\"https:\/\/cubukled.com\/wallwasher-ledi-sp12\/#primaryimage\"},\"thumbnailUrl\":\"https:\/\/cubukled.com\/wp-content\/uploads\/2023\/12\/wallwasher-ledi-SP12.jpg\",\"datePublished\":\"2023-12-22T18:58:28+00:00\",\"dateModified\":\"2025-09-09T13:30:26+00:00\",\"description\":\"Wallwasher Ledi - 30 cm i\u00e7in; 12 adet Power LED - Renk Se\u00e7enekleri- Al\u00fcminyum PCB \u00d6l\u00e7\u00fcs\u00fc: 16mm x 30cm - Sabit Ak\u0131m \u00c7ubuk LED Mod\u00fcl ile Wallwasher yap!\",\"breadcrumb\":{\"@id\":\"https:\/\/cubukled.com\/wallwasher-ledi-sp12\/#breadcrumb\"},\"inLanguage\":\"en-GB\",\"potentialAction\":[{\"@type\":\"ReadAction\",\"target\":[\"https:\/\/cubukled.com\/wallwasher-ledi-sp12\/\"]}]},{\"@type\":\"ImageObject\",\"inLanguage\":\"en-GB\",\"@id\":\"https:\/\/cubukled.com\/wallwasher-ledi-sp12\/#primaryimage\",\"url\":\"https:\/\/cubukled.com\/wp-content\/uploads\/2023\/12\/wallwasher-ledi-SP12.jpg\",\"contentUrl\":\"https:\/\/cubukled.com\/wp-content\/uploads\/2023\/12\/wallwasher-ledi-SP12.jpg\",\"width\":1280,\"height\":792},{\"@type\":\"BreadcrumbList\",\"@id\":\"https:\/\/cubukled.com\/wallwasher-ledi-sp12\/#breadcrumb\",\"itemListElement\":[{\"@type\":\"ListItem\",\"position\":1,\"name\":\"Ana sayfa\",\"item\":\"https:\/\/cubukled.com\/\"},{\"@type\":\"ListItem\",\"position\":2,\"name\":\"Ma\u011faza\",\"item\":\"https:\/\/cubukled.com\/magaza\/\"},{\"@type\":\"ListItem\",\"position\":3,\"name\":\"SP12\"}]},{\"@type\":\"WebSite\",\"@id\":\"https:\/\/cubukled.com\/#website\",\"url\":\"https:\/\/cubukled.com\/\",\"name\":\"\u00c7ubuk LED\",\"description\":\"Cephe Ayd\u0131nlatma, Ayd\u0131nlatma Tasar\u0131m\u0131, D\u0131\u015f Mekan Animasyon Sistemleri, RGB DMX Cephe LED Animasyon\",\"publisher\":{\"@id\":\"https:\/\/cubukled.com\/#organization\"},\"alternateName\":\"cubukled\",\"potentialAction\":[{\"@type\":\"SearchAction\",\"target\":{\"@type\":\"EntryPoint\",\"urlTemplate\":\"https:\/\/cubukled.com\/?s={search_term_string}\"},\"query-input\":{\"@type\":\"PropertyValueSpecification\",\"valueRequired\":true,\"valueName\":\"search_term_string\"}}],\"inLanguage\":\"en-GB\"},{\"@type\":\"Organization\",\"@id\":\"https:\/\/cubukled.com\/#organization\",\"name\":\"\u00c7ubuk LED\",\"alternateName\":\"cubukled\",\"url\":\"https:\/\/cubukled.com\/\",\"logo\":{\"@type\":\"ImageObject\",\"inLanguage\":\"en-GB\",\"@id\":\"https:\/\/cubukled.com\/#\/schema\/logo\/image\/\",\"url\":\"https:\/\/cubukled.com\/wp-content\/uploads\/2020\/06\/cubukled-logo.jpeg\",\"contentUrl\":\"https:\/\/cubukled.com\/wp-content\/uploads\/2020\/06\/cubukled-logo.jpeg\",\"width\":1169,\"height\":669,\"caption\":\"\u00c7ubuk LED\"},\"image\":{\"@id\":\"https:\/\/cubukled.com\/#\/schema\/logo\/image\/\"},\"sameAs\":[\"https:\/\/www.facebook.com\/cubukled\",\"https:\/\/x.com\/cubukled\",\"https:\/\/tr.pinterest.com\/Cubuk_Led\/\",\"https:\/\/www.instagram.com\/cubukled\/\",\"https:\/\/www.linkedin.com\/company\/cubukled\",\"https:\/\/www.threads.net\/@cubukled\",\"https:\/\/www.youtube.com\/@cubukled\",\"https:\/\/twitter.com\/cubukled\"]}]}<\/script>\n<!-- \/ Yoast SEO plugin. -->","yoast_head_json":{"title":"Wallwasher LED - SP12 - 16mmx30cm Aluminium PCB Base Bar LED","description":"Wallwasher LED - for 30 cm; 12 pcs Power LED - Colour Options - Aluminium PCB Size: 16mm x 30cm - Make Wallwasher with Constant Current Bar LED Module!","robots":{"index":"index","follow":"follow","max-snippet":"max-snippet:-1","max-image-preview":"max-image-preview:large","max-video-preview":"max-video-preview:-1"},"canonical":"https:\/\/cubukled.com\/en\/wallwasher-ledi-sp12\/","og_locale":"en_GB","og_type":"article","og_title":"Wallwasher Ledi - SP12 - 16mmx30cm Al\u00fcminyum PCB Taban \u00c7ubuk LED","og_description":"Wallwasher Ledi - 30 cm i\u00e7in; 12 adet Power LED - Renk Se\u00e7enekleri- Al\u00fcminyum PCB \u00d6l\u00e7\u00fcs\u00fc: 16mm x 30cm - Sabit Ak\u0131m \u00c7ubuk LED Mod\u00fcl ile Wallwasher yap!","og_url":"https:\/\/cubukled.com\/en\/wallwasher-ledi-sp12\/","og_site_name":"\u00c7ubuk LED","article_publisher":"https:\/\/www.facebook.com\/cubukled","article_modified_time":"2025-09-09T13:30:26+00:00","og_image":[{"width":1280,"height":792,"url":"https:\/\/cubukled.com\/wp-content\/uploads\/2023\/12\/wallwasher-ledi-SP12.jpg","type":"image\/jpeg"}],"twitter_card":"summary_large_image","twitter_site":"@cubukled","twitter_misc":{"Estimated reading time":"3 minutes"},"schema":{"@context":"https:\/\/schema.org","@graph":[{"@type":["WebPage","ItemPage"],"@id":"https:\/\/cubukled.com\/wallwasher-ledi-sp12\/","url":"https:\/\/cubukled.com\/wallwasher-ledi-sp12\/","name":"Wallwasher LED - SP12 - 16mmx30cm Aluminium PCB Base Bar LED","isPartOf":{"@id":"https:\/\/cubukled.com\/#website"},"primaryImageOfPage":{"@id":"https:\/\/cubukled.com\/wallwasher-ledi-sp12\/#primaryimage"},"image":{"@id":"https:\/\/cubukled.com\/wallwasher-ledi-sp12\/#primaryimage"},"thumbnailUrl":"https:\/\/cubukled.com\/wp-content\/uploads\/2023\/12\/wallwasher-ledi-SP12.jpg","datePublished":"2023-12-22T18:58:28+00:00","dateModified":"2025-09-09T13:30:26+00:00","description":"Wallwasher LED - for 30 cm; 12 pcs Power LED - Colour Options - Aluminium PCB Size: 16mm x 30cm - Make Wallwasher with Constant Current Bar LED Module!","breadcrumb":{"@id":"https:\/\/cubukled.com\/wallwasher-ledi-sp12\/#breadcrumb"},"inLanguage":"en-GB","potentialAction":[{"@type":"ReadAction","target":["https:\/\/cubukled.com\/wallwasher-ledi-sp12\/"]}]},{"@type":"ImageObject","inLanguage":"en-GB","@id":"https:\/\/cubukled.com\/wallwasher-ledi-sp12\/#primaryimage","url":"https:\/\/cubukled.com\/wp-content\/uploads\/2023\/12\/wallwasher-ledi-SP12.jpg","contentUrl":"https:\/\/cubukled.com\/wp-content\/uploads\/2023\/12\/wallwasher-ledi-SP12.jpg","width":1280,"height":792},{"@type":"BreadcrumbList","@id":"https:\/\/cubukled.com\/wallwasher-ledi-sp12\/#breadcrumb","itemListElement":[{"@type":"ListItem","position":1,"name":"Ana sayfa","item":"https:\/\/cubukled.com\/"},{"@type":"ListItem","position":2,"name":"Ma\u011faza","item":"https:\/\/cubukled.com\/magaza\/"},{"@type":"ListItem","position":3,"name":"SP12"}]},{"@type":"WebSite","@id":"https:\/\/cubukled.com\/#website","url":"https:\/\/cubukled.com\/","name":"Rod LED","description":"Facade Lighting, Lighting Design, Outdoor Animation Systems, RGB DMX Facade LED Animation","publisher":{"@id":"https:\/\/cubukled.com\/#organization"},"alternateName":"cubukled","potentialAction":[{"@type":"SearchAction","target":{"@type":"EntryPoint","urlTemplate":"https:\/\/cubukled.com\/?s={search_term_string}"},"query-input":{"@type":"PropertyValueSpecification","valueRequired":true,"valueName":"search_term_string"}}],"inLanguage":"en-GB"},{"@type":"Organization","@id":"https:\/\/cubukled.com\/#organization","name":"Rod LED","alternateName":"cubukled","url":"https:\/\/cubukled.com\/","logo":{"@type":"ImageObject","inLanguage":"en-GB","@id":"https:\/\/cubukled.com\/#\/schema\/logo\/image\/","url":"https:\/\/cubukled.com\/wp-content\/uploads\/2020\/06\/cubukled-logo.jpeg","contentUrl":"https:\/\/cubukled.com\/wp-content\/uploads\/2020\/06\/cubukled-logo.jpeg","width":1169,"height":669,"caption":"\u00c7ubuk LED"},"image":{"@id":"https:\/\/cubukled.com\/#\/schema\/logo\/image\/"},"sameAs":["https:\/\/www.facebook.com\/cubukled","https:\/\/x.com\/cubukled","https:\/\/tr.pinterest.com\/Cubuk_Led\/","https:\/\/www.instagram.com\/cubukled\/","https:\/\/www.linkedin.com\/company\/cubukled","https:\/\/www.threads.net\/@cubukled","https:\/\/www.youtube.com\/@cubukled","https:\/\/twitter.com\/cubukled"]}]}},"_links":{"self":[{"href":"https:\/\/cubukled.com\/en\/wp-json\/wp\/v2\/product\/2246","targetHints":{"allow":["GET"]}}],"collection":[{"href":"https:\/\/cubukled.com\/en\/wp-json\/wp\/v2\/product"}],"about":[{"href":"https:\/\/cubukled.com\/en\/wp-json\/wp\/v2\/types\/product"}],"wp:featuredmedia":[{"embeddable":true,"href":"https:\/\/cubukled.com\/en\/wp-json\/wp\/v2\/media\/2249"}],"wp:attachment":[{"href":"https:\/\/cubukled.com\/en\/wp-json\/wp\/v2\/media?parent=2246"}],"wp:term":[{"taxonomy":"product_brand","embeddable":true,"href":"https:\/\/cubukled.com\/en\/wp-json\/wp\/v2\/product_brand?post=2246"},{"taxonomy":"product_cat","embeddable":true,"href":"https:\/\/cubukled.com\/en\/wp-json\/wp\/v2\/product_cat?post=2246"},{"taxonomy":"product_tag","embeddable":true,"href":"https:\/\/cubukled.com\/en\/wp-json\/wp\/v2\/product_tag?post=2246"}],"curies":[{"name":"wp","href":"https:\/\/api.w.org\/{rel}","templated":true}]}}