{"id":7229,"date":"2026-02-03T12:08:17","date_gmt":"2026-02-03T09:08:17","guid":{"rendered":"https:\/\/cubukled.com\/?page_id=7229"},"modified":"2026-02-03T17:08:53","modified_gmt":"2026-02-03T14:08:53","slug":"kvkk-aydinlatma-metni","status":"publish","type":"page","link":"https:\/\/cubukled.com\/en\/kvkk-aydinlatma-metni\/","title":{"rendered":"Personal Data Protection Law (KVKK) Information Text"},"content":{"rendered":"<p data-path-to-node=\"5\">In accordance with the Law No. 6698 on the Protection of Personal Data (\u201cKVKK\u201d), as the data controller and subsidiary of \u00c7UBUK LED, we attach great importance to the security of your personal data.<\/p>\n<p data-path-to-node=\"6\"><b data-path-to-node=\"6\" data-index-in-node=\"0\">1. Purpose of Processing Personal Data:<\/b><\/p>\n<p data-path-to-node=\"6\">Your personal data that you share with us through our website, such as your name, surname, company name, telephone number, address, and email address;<\/p>\n<ul data-path-to-node=\"7\">\n<li>\n<p data-path-to-node=\"7,0,0\">Creating a custom lighting design and technical calculations for your project.,<\/p>\n<\/li>\n<li>\n<p data-path-to-node=\"7,1,0\">Coordination of production processes with our manufacturing partner, \u0130KON Lighting,<\/p>\n<\/li>\n<li>\n<p data-path-to-node=\"7,2,0\">On-site support or logistics processes are managed through our dealer partner, Enerva Engineering.,<\/p>\n<\/li>\n<li>\n<p data-path-to-node=\"7,3,0\">The data is processed for the purpose of issuing invoices and fulfilling legal obligations.<\/p>\n<\/li>\n<\/ul>\n<p data-path-to-node=\"8\"><b data-path-to-node=\"8\" data-index-in-node=\"0\">2. Transfer of Processed Personal Data:<\/b><\/p>\n<p data-path-to-node=\"8\">Your personal data may be transferred to our solution partners, shipping companies and legal authorities (upon request) only for the purposes stated above.<\/p>\n<p data-path-to-node=\"9\"><b data-path-to-node=\"9\" data-index-in-node=\"0\">3. Method and Legal Basis for Personal Data Collection:<\/b><\/p>\n<p data-path-to-node=\"9\">Your data is collected through contact forms on our website, our WhatsApp support line, or via email, solely on the legal ground of being &quot;directly related to the establishment or performance of a contract.&quot;.<\/p>\n<p data-path-to-node=\"10\"><b data-path-to-node=\"10\" data-index-in-node=\"0\">4. Data Subject Rights:<\/b><\/p>\n<p data-path-to-node=\"10\">In accordance with Article 11 of the Turkish Personal Data Protection Law (KVKK), you have the right to inquire whether your data is being processed, to request information if it is being processed, to request correction if it is inaccurate, and to request the deletion of your data by contacting us. You can send your requests to info@cubukled.com.<\/p>\n<p data-path-to-node=\"11\"><b data-path-to-node=\"11\" data-index-in-node=\"0\">5. Data Controller Information:<\/b><\/p>\n<p data-path-to-node=\"11\"><strong>Commercial<\/strong> <b data-path-to-node=\"11\" data-index-in-node=\"26\">Title:<\/b> LED strip lights<\/p>\n<p data-path-to-node=\"11\"><b data-path-to-node=\"11\" data-index-in-node=\"58\">Province:<\/b> <span class=\"fontstyle0\">Ankara<\/span><\/p>\n<p data-path-to-node=\"11\"><b data-path-to-node=\"11\" data-index-in-node=\"102\">Email:<\/b> info@cubukled.com<\/p>","protected":false},"excerpt":{"rendered":"<p>6698 Say\u0131l\u0131 Ki\u015fisel Verilerin Korunmas\u0131 Kanunu (\u201cKVKK\u201d) uyar\u0131nca, veri sorumlusu s\u0131fat\u0131yla \u00c7UBUK LED i\u015ftiraki olarak, ki\u015fisel verilerinizin g\u00fcvenli\u011fine b\u00fcy\u00fck \u00f6nem veriyoruz. 1. Ki\u015fisel Verilerin \u0130\u015flenme&hellip;<\/p>","protected":false},"author":1,"featured_media":0,"parent":0,"menu_order":0,"comment_status":"closed","ping_status":"closed","template":"","meta":{"_joinchat":[],"footnotes":""},"class_list":["post-7229","page","type-page","status-publish","hentry"],"yoast_head":"<!-- This site is optimized with the Yoast SEO plugin v27.2 - https:\/\/yoast.com\/product\/yoast-seo-wordpress\/ -->\n<title>KVKK Ayd\u0131nlatma Metni<\/title>\n<meta name=\"description\" content=\"KVKK Ayd\u0131nlatma Metni - Veriler fatura ve yasal y\u00fck\u00fcml\u00fcl\u00fcklerin yerine getirilmesi amac\u0131yla i\u015flenmektedir. Ayr\u0131ca \u00e7\u00f6z\u00fcm ortaklar\u0131m\u0131za ...\" \/>\n<meta name=\"robots\" content=\"index, follow, max-snippet:-1, max-image-preview:large, max-video-preview:-1\" \/>\n<link rel=\"canonical\" href=\"https:\/\/cubukled.com\/en\/kvkk-aydinlatma-metni\/\" \/>\n<meta property=\"og:locale\" content=\"en_GB\" \/>\n<meta property=\"og:type\" content=\"article\" \/>\n<meta property=\"og:title\" content=\"KVKK Ayd\u0131nlatma Metni\" \/>\n<meta property=\"og:description\" content=\"KVKK Ayd\u0131nlatma Metni - Veriler fatura ve yasal y\u00fck\u00fcml\u00fcl\u00fcklerin yerine getirilmesi amac\u0131yla i\u015flenmektedir. Ayr\u0131ca \u00e7\u00f6z\u00fcm ortaklar\u0131m\u0131za ...\" \/>\n<meta property=\"og:url\" content=\"https:\/\/cubukled.com\/en\/kvkk-aydinlatma-metni\/\" \/>\n<meta property=\"og:site_name\" content=\"\u00c7ubuk LED\" \/>\n<meta property=\"article:publisher\" content=\"https:\/\/www.facebook.com\/cubukled\" \/>\n<meta property=\"article:modified_time\" content=\"2026-02-03T14:08:53+00:00\" \/>\n<meta property=\"og:image\" content=\"https:\/\/cubukled.com\/wp-content\/uploads\/2024\/01\/cubukled-gorsel.jpg\" \/>\n\t<meta property=\"og:image:width\" content=\"1200\" \/>\n\t<meta property=\"og:image:height\" content=\"675\" \/>\n\t<meta property=\"og:image:type\" content=\"image\/jpeg\" \/>\n<meta name=\"twitter:card\" content=\"summary_large_image\" \/>\n<meta name=\"twitter:site\" content=\"@cubukled\" \/>\n<meta name=\"twitter:label1\" content=\"Estimated reading time\" \/>\n\t<meta name=\"twitter:data1\" content=\"2 minutes\" \/>\n<script type=\"application\/ld+json\" class=\"yoast-schema-graph\">{\"@context\":\"https:\/\/schema.org\",\"@graph\":[{\"@type\":\"WebPage\",\"@id\":\"https:\/\/cubukled.com\/kvkk-aydinlatma-metni\/\",\"url\":\"https:\/\/cubukled.com\/kvkk-aydinlatma-metni\/\",\"name\":\"KVKK Ayd\u0131nlatma Metni\",\"isPartOf\":{\"@id\":\"https:\/\/cubukled.com\/#website\"},\"datePublished\":\"2026-02-03T09:08:17+00:00\",\"dateModified\":\"2026-02-03T14:08:53+00:00\",\"description\":\"KVKK Ayd\u0131nlatma Metni - Veriler fatura ve yasal y\u00fck\u00fcml\u00fcl\u00fcklerin yerine getirilmesi amac\u0131yla i\u015flenmektedir. Ayr\u0131ca \u00e7\u00f6z\u00fcm ortaklar\u0131m\u0131za ...\",\"breadcrumb\":{\"@id\":\"https:\/\/cubukled.com\/kvkk-aydinlatma-metni\/#breadcrumb\"},\"inLanguage\":\"en-GB\",\"potentialAction\":[{\"@type\":\"ReadAction\",\"target\":[\"https:\/\/cubukled.com\/kvkk-aydinlatma-metni\/\"]}]},{\"@type\":\"BreadcrumbList\",\"@id\":\"https:\/\/cubukled.com\/kvkk-aydinlatma-metni\/#breadcrumb\",\"itemListElement\":[{\"@type\":\"ListItem\",\"position\":1,\"name\":\"Ana sayfa\",\"item\":\"https:\/\/cubukled.com\/\"},{\"@type\":\"ListItem\",\"position\":2,\"name\":\"KVKK Ayd\u0131nlatma Metni\"}]},{\"@type\":\"WebSite\",\"@id\":\"https:\/\/cubukled.com\/#website\",\"url\":\"https:\/\/cubukled.com\/\",\"name\":\"\u00c7ubuk LED\",\"description\":\"Cephe Ayd\u0131nlatma, Ayd\u0131nlatma Tasar\u0131m\u0131, D\u0131\u015f Mekan Animasyon Sistemleri, RGB DMX Cephe LED Animasyon\",\"publisher\":{\"@id\":\"https:\/\/cubukled.com\/#organization\"},\"alternateName\":\"cubukled\",\"potentialAction\":[{\"@type\":\"SearchAction\",\"target\":{\"@type\":\"EntryPoint\",\"urlTemplate\":\"https:\/\/cubukled.com\/?s={search_term_string}\"},\"query-input\":{\"@type\":\"PropertyValueSpecification\",\"valueRequired\":true,\"valueName\":\"search_term_string\"}}],\"inLanguage\":\"en-GB\"},{\"@type\":\"Organization\",\"@id\":\"https:\/\/cubukled.com\/#organization\",\"name\":\"\u00c7ubuk LED\",\"alternateName\":\"cubukled\",\"url\":\"https:\/\/cubukled.com\/\",\"logo\":{\"@type\":\"ImageObject\",\"inLanguage\":\"en-GB\",\"@id\":\"https:\/\/cubukled.com\/#\/schema\/logo\/image\/\",\"url\":\"https:\/\/cubukled.com\/wp-content\/uploads\/2020\/06\/cubukled-logo.jpeg\",\"contentUrl\":\"https:\/\/cubukled.com\/wp-content\/uploads\/2020\/06\/cubukled-logo.jpeg\",\"width\":1169,\"height\":669,\"caption\":\"\u00c7ubuk LED\"},\"image\":{\"@id\":\"https:\/\/cubukled.com\/#\/schema\/logo\/image\/\"},\"sameAs\":[\"https:\/\/www.facebook.com\/cubukled\",\"https:\/\/x.com\/cubukled\",\"https:\/\/tr.pinterest.com\/Cubuk_Led\/\",\"https:\/\/www.instagram.com\/cubukled\/\",\"https:\/\/www.linkedin.com\/company\/cubukled\",\"https:\/\/www.threads.net\/@cubukled\",\"https:\/\/www.youtube.com\/@cubukled\",\"https:\/\/twitter.com\/cubukled\"]}]}<\/script>\n<!-- \/ Yoast SEO plugin. -->","yoast_head_json":{"title":"Personal Data Protection Law (KVKK) Information Text","description":"KVKK Ayd\u0131nlatma Metni - Veriler fatura ve yasal y\u00fck\u00fcml\u00fcl\u00fcklerin yerine getirilmesi amac\u0131yla i\u015flenmektedir. Ayr\u0131ca \u00e7\u00f6z\u00fcm ortaklar\u0131m\u0131za ...","robots":{"index":"index","follow":"follow","max-snippet":"max-snippet:-1","max-image-preview":"max-image-preview:large","max-video-preview":"max-video-preview:-1"},"canonical":"https:\/\/cubukled.com\/en\/kvkk-aydinlatma-metni\/","og_locale":"en_GB","og_type":"article","og_title":"KVKK Ayd\u0131nlatma Metni","og_description":"KVKK Ayd\u0131nlatma Metni - Veriler fatura ve yasal y\u00fck\u00fcml\u00fcl\u00fcklerin yerine getirilmesi amac\u0131yla i\u015flenmektedir. Ayr\u0131ca \u00e7\u00f6z\u00fcm ortaklar\u0131m\u0131za ...","og_url":"https:\/\/cubukled.com\/en\/kvkk-aydinlatma-metni\/","og_site_name":"\u00c7ubuk LED","article_publisher":"https:\/\/www.facebook.com\/cubukled","article_modified_time":"2026-02-03T14:08:53+00:00","og_image":[{"width":1200,"height":675,"url":"https:\/\/cubukled.com\/wp-content\/uploads\/2024\/01\/cubukled-gorsel.jpg","type":"image\/jpeg"}],"twitter_card":"summary_large_image","twitter_site":"@cubukled","twitter_misc":{"Estimated reading time":"2 minutes"},"schema":{"@context":"https:\/\/schema.org","@graph":[{"@type":"WebPage","@id":"https:\/\/cubukled.com\/kvkk-aydinlatma-metni\/","url":"https:\/\/cubukled.com\/kvkk-aydinlatma-metni\/","name":"Personal Data Protection Law (KVKK) Information Text","isPartOf":{"@id":"https:\/\/cubukled.com\/#website"},"datePublished":"2026-02-03T09:08:17+00:00","dateModified":"2026-02-03T14:08:53+00:00","description":"KVKK Ayd\u0131nlatma Metni - Veriler fatura ve yasal y\u00fck\u00fcml\u00fcl\u00fcklerin yerine getirilmesi amac\u0131yla i\u015flenmektedir. Ayr\u0131ca \u00e7\u00f6z\u00fcm ortaklar\u0131m\u0131za ...","breadcrumb":{"@id":"https:\/\/cubukled.com\/kvkk-aydinlatma-metni\/#breadcrumb"},"inLanguage":"en-GB","potentialAction":[{"@type":"ReadAction","target":["https:\/\/cubukled.com\/kvkk-aydinlatma-metni\/"]}]},{"@type":"BreadcrumbList","@id":"https:\/\/cubukled.com\/kvkk-aydinlatma-metni\/#breadcrumb","itemListElement":[{"@type":"ListItem","position":1,"name":"Ana sayfa","item":"https:\/\/cubukled.com\/"},{"@type":"ListItem","position":2,"name":"KVKK Ayd\u0131nlatma Metni"}]},{"@type":"WebSite","@id":"https:\/\/cubukled.com\/#website","url":"https:\/\/cubukled.com\/","name":"Rod LED","description":"Facade Lighting, Lighting Design, Outdoor Animation Systems, RGB DMX Facade LED Animation","publisher":{"@id":"https:\/\/cubukled.com\/#organization"},"alternateName":"cubukled","potentialAction":[{"@type":"SearchAction","target":{"@type":"EntryPoint","urlTemplate":"https:\/\/cubukled.com\/?s={search_term_string}"},"query-input":{"@type":"PropertyValueSpecification","valueRequired":true,"valueName":"search_term_string"}}],"inLanguage":"en-GB"},{"@type":"Organization","@id":"https:\/\/cubukled.com\/#organization","name":"Rod LED","alternateName":"cubukled","url":"https:\/\/cubukled.com\/","logo":{"@type":"ImageObject","inLanguage":"en-GB","@id":"https:\/\/cubukled.com\/#\/schema\/logo\/image\/","url":"https:\/\/cubukled.com\/wp-content\/uploads\/2020\/06\/cubukled-logo.jpeg","contentUrl":"https:\/\/cubukled.com\/wp-content\/uploads\/2020\/06\/cubukled-logo.jpeg","width":1169,"height":669,"caption":"\u00c7ubuk LED"},"image":{"@id":"https:\/\/cubukled.com\/#\/schema\/logo\/image\/"},"sameAs":["https:\/\/www.facebook.com\/cubukled","https:\/\/x.com\/cubukled","https:\/\/tr.pinterest.com\/Cubuk_Led\/","https:\/\/www.instagram.com\/cubukled\/","https:\/\/www.linkedin.com\/company\/cubukled","https:\/\/www.threads.net\/@cubukled","https:\/\/www.youtube.com\/@cubukled","https:\/\/twitter.com\/cubukled"]}]}},"_links":{"self":[{"href":"https:\/\/cubukled.com\/en\/wp-json\/wp\/v2\/pages\/7229","targetHints":{"allow":["GET"]}}],"collection":[{"href":"https:\/\/cubukled.com\/en\/wp-json\/wp\/v2\/pages"}],"about":[{"href":"https:\/\/cubukled.com\/en\/wp-json\/wp\/v2\/types\/page"}],"author":[{"embeddable":true,"href":"https:\/\/cubukled.com\/en\/wp-json\/wp\/v2\/users\/1"}],"replies":[{"embeddable":true,"href":"https:\/\/cubukled.com\/en\/wp-json\/wp\/v2\/comments?post=7229"}],"version-history":[{"count":5,"href":"https:\/\/cubukled.com\/en\/wp-json\/wp\/v2\/pages\/7229\/revisions"}],"predecessor-version":[{"id":7234,"href":"https:\/\/cubukled.com\/en\/wp-json\/wp\/v2\/pages\/7229\/revisions\/7234"}],"wp:attachment":[{"href":"https:\/\/cubukled.com\/en\/wp-json\/wp\/v2\/media?parent=7229"}],"curies":[{"name":"wp","href":"https:\/\/api.w.org\/{rel}","templated":true}]}}