{"id":6911,"date":"2026-01-07T15:27:24","date_gmt":"2026-01-07T12:27:24","guid":{"rendered":"https:\/\/cubukled.com\/?page_id=6911"},"modified":"2026-01-07T15:35:02","modified_gmt":"2026-01-07T12:35:02","slug":"serit-led-modelleri","status":"publish","type":"page","link":"https:\/\/cubukled.com\/en\/serit-led-modelleri\/","title":{"rendered":"LED Strip Models"},"content":{"rendered":"<div data-elementor-type=\"wp-page\" data-elementor-id=\"6911\" class=\"elementor elementor-6911\">\n\t\t\t\t<div class=\"elementor-element elementor-element-59f1fc7 e-flex e-con-boxed e-con e-parent\" data-id=\"59f1fc7\" data-element_type=\"container\" data-e-type=\"container\">\n\t\t\t\t\t<div class=\"e-con-inner\">\n\t\t\t\t<div class=\"elementor-element elementor-element-cf8fd2f elementor-widget elementor-widget-heading\" data-id=\"cf8fd2f\" data-element_type=\"widget\" data-e-type=\"widget\" data-widget_type=\"heading.default\">\n\t\t\t\t<div class=\"elementor-widget-container\">\n\t\t\t\t\t<h1 class=\"elementor-heading-title elementor-size-default\">LED Strip Models<\/h1>\t\t\t\t<\/div>\n\t\t\t\t<\/div>\n\t\t\t\t<div class=\"elementor-element elementor-element-80b42e2 elementor-widget elementor-widget-text-editor\" data-id=\"80b42e2\" data-element_type=\"widget\" data-e-type=\"widget\" data-widget_type=\"text-editor.default\">\n\t\t\t\t<div class=\"elementor-widget-container\">\n\t\t\t\t\t\t\t\t\t<p style=\"text-align: center;\">The specifications of LED strip models are listed below.\u00a0<\/p>\t\t\t\t\t\t\t\t<\/div>\n\t\t\t\t<\/div>\n\t\t<div class=\"elementor-element elementor-element-b693ce4 e-con-full e-flex e-con e-child\" data-id=\"b693ce4\" data-element_type=\"container\" data-e-type=\"container\">\n\t\t\t\t<div class=\"elementor-element elementor-element-fd2b6d0 elementor-widget elementor-widget-heading\" data-id=\"fd2b6d0\" data-element_type=\"widget\" data-e-type=\"widget\" data-widget_type=\"heading.default\">\n\t\t\t\t<div class=\"elementor-widget-container\">\n\t\t\t\t\t<h2 class=\"elementor-heading-title elementor-size-default\">BAR-LUN-79 LED Strip 5MM<\/h2>\t\t\t\t<\/div>\n\t\t\t\t<\/div>\n\t\t<div class=\"elementor-element elementor-element-f0dfa77 e-con-full e-grid e-con e-child\" data-id=\"f0dfa77\" data-element_type=\"container\" data-e-type=\"container\">\n\t\t\t\t<div class=\"elementor-element elementor-element-f89a909 elementor-arrows-position-inside elementor-pagination-position-outside elementor-widget elementor-widget-image-carousel\" data-id=\"f89a909\" data-element_type=\"widget\" data-e-type=\"widget\" data-settings=\"{&quot;slides_to_show&quot;:&quot;1&quot;,&quot;navigation&quot;:&quot;both&quot;,&quot;effect&quot;:&quot;slide&quot;,&quot;speed&quot;:500}\" data-widget_type=\"image-carousel.default\">\n\t\t\t\t<div class=\"elementor-widget-container\">\n\t\t\t\t\t\t\t<div class=\"elementor-image-carousel-wrapper swiper\" role=\"region\" aria-roledescription=\"carousel\" aria-label=\"Image Loop\" dir=\"ltr\">\n\t\t\t<div class=\"elementor-image-carousel swiper-wrapper\" aria-live=\"polite\">\n\t\t\t\t\t\t\t\t<div class=\"swiper-slide\" role=\"group\" aria-roledescription=\"slide\" aria-label=\"1 von 2\" data-no-translation-aria-label=\"\"><a data-elementor-open-lightbox=\"yes\" data-elementor-lightbox-slideshow=\"f89a909\" data-elementor-lightbox-title=\"BAR-LUN-79 \u015eerit LED 5MM\" data-elementor-lightbox-description=\"BAR-LUN-79 \u015eerit LED 5MM\" data-e-action-hash=\"#elementor-action%3Aaction%3Dlightbox%26settings%3DeyJpZCI6Njg3MCwidXJsIjoiaHR0cHM6XC9cL2N1YnVrbGVkLmNvbVwvd3AtY29udGVudFwvdXBsb2Fkc1wvMjAyNlwvMDFcL2Jhci1sdW4tNzktc2VyaXQtbGVkLTVtbS5qcGciLCJzbGlkZXNob3ciOiJmODlhOTA5In0%3D\" href=\"https:\/\/cubukled.com\/wp-content\/uploads\/2026\/01\/bar-lun-79-serit-led-5mm.jpg\"><figure class=\"swiper-slide-inner\"><img decoding=\"async\" class=\"swiper-slide-image\" src=\"https:\/\/cubukled.com\/wp-content\/uploads\/2026\/01\/bar-lun-79-serit-led-5mm.jpg\" alt=\"BAR-LUN-79 \u015eerit LED 0,5CM\" \/><\/figure><\/a><\/div><div class=\"swiper-slide\" role=\"group\" aria-roledescription=\"slide\" aria-label=\"2 von 2\" data-no-translation-aria-label=\"\"><a data-elementor-open-lightbox=\"yes\" data-elementor-lightbox-slideshow=\"f89a909\" data-elementor-lightbox-title=\"BAR-LUN \u015ferit led\" data-elementor-lightbox-description=\"BAR-LUN \u015ferit led\" data-e-action-hash=\"#elementor-action%3Aaction%3Dlightbox%26settings%3DeyJpZCI6Njg2NiwidXJsIjoiaHR0cHM6XC9cL2N1YnVrbGVkLmNvbVwvd3AtY29udGVudFwvdXBsb2Fkc1wvMjAyNlwvMDFcL2Jhci1sdW4tc2VyaXQtbGVkLmpwZyIsInNsaWRlc2hvdyI6ImY4OWE5MDkifQ%3D%3D\" href=\"https:\/\/cubukled.com\/wp-content\/uploads\/2026\/01\/bar-lun-serit-led.jpg\"><figure class=\"swiper-slide-inner\"><img decoding=\"async\" class=\"swiper-slide-image\" src=\"https:\/\/cubukled.com\/wp-content\/uploads\/2026\/01\/bar-lun-serit-led.jpg\" alt=\"BAR-LUN \u015ferit led\" \/><\/figure><\/a><\/div>\t\t\t<\/div>\n\t\t\t\t\t\t\t\t\t\t\t\t<div class=\"elementor-swiper-button elementor-swiper-button-prev\" role=\"button\" tabindex=\"0\">\n\t\t\t\t\t\t<i aria-hidden=\"true\" class=\"eicon-chevron-left\"><\/i>\t\t\t\t\t<\/div>\n\t\t\t\t\t<div class=\"elementor-swiper-button elementor-swiper-button-next\" role=\"button\" tabindex=\"0\">\n\t\t\t\t\t\t<i aria-hidden=\"true\" class=\"eicon-chevron-right\"><\/i>\t\t\t\t\t<\/div>\n\t\t\t\t\n\t\t\t\t\t\t\t\t\t<div class=\"swiper-pagination\"><\/div>\n\t\t\t\t\t\t\t\t\t<\/div>\n\t\t\t\t\t\t<\/div>\n\t\t\t\t<\/div>\n\t\t<div class=\"elementor-element elementor-element-f297d8b e-con-full e-flex e-con e-child\" data-id=\"f297d8b\" data-element_type=\"container\" data-e-type=\"container\">\n\t\t<div class=\"elementor-element elementor-element-74b3d9b e-con-full e-flex e-con e-child\" data-id=\"74b3d9b\" data-element_type=\"container\" data-e-type=\"container\">\n\t\t\t\t<div class=\"elementor-element elementor-element-01e3070 elementor-widget elementor-widget-heading\" data-id=\"01e3070\" data-element_type=\"widget\" data-e-type=\"widget\" data-widget_type=\"heading.default\">\n\t\t\t\t<div class=\"elementor-widget-container\">\n\t\t\t\t\t<h3 class=\"elementor-heading-title elementor-size-default\">BAR-LUN-79 LED Strip Specifications<\/h3>\t\t\t\t<\/div>\n\t\t\t\t<\/div>\n\t\t\t\t<div class=\"elementor-element elementor-element-9fd7a9d elementor-widget elementor-widget-html\" data-id=\"9fd7a9d\" data-element_type=\"widget\" data-e-type=\"widget\" data-widget_type=\"html.default\">\n\t\t\t\t<div class=\"elementor-widget-container\">\n\t\t\t\t\t<table>\n<caption>BAR-LUN-79 LED Strip Technical Details<\/caption>\n  <tr>\n    <td><h4>Dimensions (Width)<\/h4><\/td>\n    <td><p>5mm<\/p><\/td>\n  <\/tr>\n  \n    <tr>\n    <td><h4>Light Color Options<\/h4><\/td>\n    <td><p>3000K, 4000K, 6500K<\/p><\/td>\n  <\/tr>\n  \n   <tr>\n    <td><h4>Power Options<\/h4><\/td>\n    <td><p>12V DC, 24V DC<\/p><\/td>\n  <\/tr>\n  \n     <tr>\n    <td><h4>Number of LEDs<\/h4><\/td>\n    <td><p>120 LED\/m<\/p><\/td>\n  <\/tr>\n  \n  \n  <tr>\n    <td><h4>Length<\/h4><\/td>\n    <td><p>5m<\/p><\/td>\n  <\/tr>\n  <tr>\n    <td><h4>Use<\/h4><\/td>\n    <td><p>Indoor, Linear LED<\/p><\/td>\n  <\/tr>\n  \n    <tr>\n  <td><h4>Contents<\/h4><\/td>\n  <td><p>LED strips wound on a reel.<\/p><\/td>\n<\/tr>\n<\/table>\n<p><em>*This is the reel size.<\/em><\/p>\n\n\n<style>\n  table {\n    width: 100%;\n    border-collapse: collapse;\n  }\n  td {\n    vertical-align: top;\n    padding: 6px 12px;\n    width: 50%;\n  }\n  h4, p {\n    margin: 0;\n    font-size: 1em;\n  }\n  em {\n    display: block;\n    margin-top: 8px;\n    font-size: 0.9em;\n    color: #666;\n  }\n\n<\/style>\t\t\t\t<\/div>\n\t\t\t\t<\/div>\n\t\t\t\t<div class=\"elementor-element elementor-element-5765fd9 elementor-align-center elementor-widget elementor-widget-button\" data-id=\"5765fd9\" data-element_type=\"widget\" data-e-type=\"widget\" data-widget_type=\"button.default\">\n\t\t\t\t<div class=\"elementor-widget-container\">\n\t\t\t\t\t\t\t\t\t<div class=\"elementor-button-wrapper\">\n\t\t\t\t\t<a class=\"elementor-button elementor-button-link elementor-size-sm\" href=\"https:\/\/cubukled.com\/en\/bar-lun-79-serit-led\/\" target=\"_blank\">\n\t\t\t\t\t\t<span class=\"elementor-button-content-wrapper\">\n\t\t\t\t\t\t\t\t\t<span class=\"elementor-button-text\">Click here for the product page.<\/span>\n\t\t\t\t\t<\/span>\n\t\t\t\t\t<\/a>\n\t\t\t\t<\/div>\n\t\t\t\t\t\t\t\t<\/div>\n\t\t\t\t<\/div>\n\t\t\t\t<\/div>\n\t\t\t\t<\/div>\n\t\t\t\t<\/div>\n\t\t\t\t<\/div>\n\t\t<div class=\"elementor-element elementor-element-0e8f257 e-con-full e-flex e-con e-child\" data-id=\"0e8f257\" data-element_type=\"container\" data-e-type=\"container\">\n\t\t\t\t<div class=\"elementor-element elementor-element-9077bd6 elementor-widget elementor-widget-heading\" data-id=\"9077bd6\" data-element_type=\"widget\" data-e-type=\"widget\" data-widget_type=\"heading.default\">\n\t\t\t\t<div class=\"elementor-widget-container\">\n\t\t\t\t\t<h2 class=\"elementor-heading-title elementor-size-default\">LED Strip Comparison Chart<\/h2>\t\t\t\t<\/div>\n\t\t\t\t<\/div>\n\t\t<div class=\"elementor-element elementor-element-a003f27 e-con-full e-flex e-con e-child\" data-id=\"a003f27\" data-element_type=\"container\" data-e-type=\"container\">\n\t\t\t\t<div class=\"elementor-element elementor-element-585fb0d elementor-widget elementor-widget-html\" data-id=\"585fb0d\" data-element_type=\"widget\" data-e-type=\"widget\" data-widget_type=\"html.default\">\n\t\t\t\t<div class=\"elementor-widget-container\">\n\t\t\t\t\t<table id=\"serit-led-karsilastirma-tablosu\" aria-label=\"Comparison of Technical Specifications of LED Strip Models\">\n  <caption>Comparison of Technical Specifications of LED Strip Models<\/caption>\n  <thead>\n    <tr>\n      <th>LED Strip Model<\/th>\n      <th>Dimensions (Width)<\/th>\n      <th>Operating Voltage<\/th>\n      <th>LED<\/th>\n      <th>Use<\/th>\n    <\/tr>\n  <\/thead>\n  <tbody>\n    <tr>\n      <td>BAR-LUN-79 LED Strip<\/td>\n      <td>5mm<\/td>\n      <td>12V DC \/ 24V DC<\/td>\n      <td>120 pcs\/meter, SMD<\/td>\n      <td>Linear LED<\/td>\n    <\/tr>\n   \n    \n  <\/tbody>\n<\/table>\n\n<style>\n@media screen and (max-width: 768px) {\n  #karsilastirma-tablosu {\n    display: block;\n    overflow-x: auto;\n  }\n\n  #karsilastirma-tablosu th,\n  #karsilastirma-tablosu td {\n    padding: 6px 8px;\n    font-size: 0.85em;\n    white-space: nowrap;\n  }\n\n  #karsilastirma-tablosu td ul {\n    padding-left: 12px;\n    margin: 4px 0;\n  }\n}\n<\/style>\n\n\t\t\t\t<\/div>\n\t\t\t\t<\/div>\n\t\t\t\t<\/div>\n\t\t\t\t<\/div>\n\t\t<div class=\"elementor-element elementor-element-7c38af0 e-con-full e-flex e-con e-child\" data-id=\"7c38af0\" data-element_type=\"container\" data-e-type=\"container\">\n\t\t\t\t<div class=\"elementor-element elementor-element-f78769e elementor-widget elementor-widget-eael-cta-box\" data-id=\"f78769e\" data-element_type=\"widget\" data-e-type=\"widget\" data-widget_type=\"eael-cta-box.default\">\n\t\t\t\t<div class=\"elementor-widget-container\">\n\t\t\t\t\t\t\t\t\t<div class=\"eael-call-to-action cta-icon-flex bg-lite cta-preset-1\">\n\t    <div class=\"icon\">\n\t\t\t\t\t\t\t<i class=\"fas fa-phone-alt\"><\/i>\t    <\/div>\n\t    <div class=\"content\">\n            <h2 class=\"title eael-cta-heading\">Please contact us to get a price<\/h2><p>Let us be your solution partner for lighting design and all LED products. Please contact us for catalogue, reference list, technical support, exploration, project or price study.<\/p>\t    <\/div>\n\t    <div class=\"action\">\n            <a href=\"https:\/\/cubukled.com\/en\/cubuk-led-iletisim\/\" class=\"cta-button cta-preset-1\">Click Here<\/a>\t    <\/div>\n\t<\/div>\n\t\t\t\t\t\t<\/div>\n\t\t\t\t<\/div>\n\t\t\t\t<\/div>\n\t\t\t\t\t<\/div>\n\t\t\t\t<\/div>\n\t\t\t\t<\/div>","protected":false},"excerpt":{"rendered":"<p>\u015eerit LED Modelleri \u015eerit LED modellerinin \u00f6zellikleri a\u015fa\u011f\u0131dad\u0131r.\u00a0 BAR-LUN-79 \u015eerit LED 5MM BAR-LUN-79 \u015eerit LED Teknik \u00d6zellikler BAR-LUN-79 \u015eerit LED Teknik Detaylar\u0131 \u00d6l\u00e7\u00fc (Geni\u015flik) 5mm&hellip;<\/p>","protected":false},"author":1,"featured_media":0,"parent":0,"menu_order":0,"comment_status":"closed","ping_status":"closed","template":"","meta":{"_joinchat":[],"footnotes":""},"class_list":["post-6911","page","type-page","status-publish","hentry"],"yoast_head":"<!-- This site is optimized with the Yoast SEO plugin v27.2 - https:\/\/yoast.com\/product\/yoast-seo-wordpress\/ -->\n<title>\u015eerit LED Modelleri<\/title>\n<meta name=\"description\" content=\"\u015eerit LED Modelleri ile i\u00e7 mekan dekoratif ayd\u0131nlatma yap\u0131n. Gizli \u0131\u015f\u0131k tavan ayd\u0131nlatma, merdiven ayd\u0131nlatma, raf ve mobilya ayd\u0131nlatma\" \/>\n<meta name=\"robots\" content=\"index, follow, max-snippet:-1, max-image-preview:large, max-video-preview:-1\" \/>\n<link rel=\"canonical\" href=\"https:\/\/cubukled.com\/en\/serit-led-modelleri\/\" \/>\n<meta property=\"og:locale\" content=\"en_GB\" \/>\n<meta property=\"og:type\" content=\"article\" \/>\n<meta property=\"og:title\" content=\"\u015eerit LED Modelleri\" \/>\n<meta property=\"og:description\" content=\"\u015eerit LED Modelleri ile i\u00e7 mekan dekoratif ayd\u0131nlatma yap\u0131n. Gizli \u0131\u015f\u0131k tavan ayd\u0131nlatma, merdiven ayd\u0131nlatma, raf ve mobilya ayd\u0131nlatma\" \/>\n<meta property=\"og:url\" content=\"https:\/\/cubukled.com\/en\/serit-led-modelleri\/\" \/>\n<meta property=\"og:site_name\" content=\"\u00c7ubuk LED\" \/>\n<meta property=\"article:publisher\" content=\"https:\/\/www.facebook.com\/cubukled\" \/>\n<meta property=\"article:modified_time\" content=\"2026-01-07T12:35:02+00:00\" \/>\n<meta property=\"og:image\" content=\"https:\/\/cubukled.com\/wp-content\/uploads\/2026\/01\/bar-lun-79-serit-led-5mm.jpg\" \/>\n<meta name=\"twitter:card\" content=\"summary_large_image\" \/>\n<meta name=\"twitter:site\" content=\"@cubukled\" \/>\n<meta name=\"twitter:label1\" content=\"Estimated reading time\" \/>\n\t<meta name=\"twitter:data1\" content=\"2 minutes\" \/>\n<script type=\"application\/ld+json\" class=\"yoast-schema-graph\">{\"@context\":\"https:\/\/schema.org\",\"@graph\":[{\"@type\":[\"WebPage\",\"CollectionPage\"],\"@id\":\"https:\/\/cubukled.com\/serit-led-modelleri\/\",\"url\":\"https:\/\/cubukled.com\/serit-led-modelleri\/\",\"name\":\"\u015eerit LED Modelleri\",\"isPartOf\":{\"@id\":\"https:\/\/cubukled.com\/#website\"},\"primaryImageOfPage\":{\"@id\":\"https:\/\/cubukled.com\/serit-led-modelleri\/#primaryimage\"},\"image\":{\"@id\":\"https:\/\/cubukled.com\/serit-led-modelleri\/#primaryimage\"},\"thumbnailUrl\":\"https:\/\/cubukled.com\/wp-content\/uploads\/2026\/01\/bar-lun-79-serit-led-5mm.jpg\",\"datePublished\":\"2026-01-07T12:27:24+00:00\",\"dateModified\":\"2026-01-07T12:35:02+00:00\",\"description\":\"\u015eerit LED Modelleri ile i\u00e7 mekan dekoratif ayd\u0131nlatma yap\u0131n. Gizli \u0131\u015f\u0131k tavan ayd\u0131nlatma, merdiven ayd\u0131nlatma, raf ve mobilya ayd\u0131nlatma\",\"breadcrumb\":{\"@id\":\"https:\/\/cubukled.com\/serit-led-modelleri\/#breadcrumb\"},\"inLanguage\":\"en-GB\"},{\"@type\":\"ImageObject\",\"inLanguage\":\"en-GB\",\"@id\":\"https:\/\/cubukled.com\/serit-led-modelleri\/#primaryimage\",\"url\":\"https:\/\/cubukled.com\/wp-content\/uploads\/2026\/01\/bar-lun-79-serit-led-5mm.jpg\",\"contentUrl\":\"https:\/\/cubukled.com\/wp-content\/uploads\/2026\/01\/bar-lun-79-serit-led-5mm.jpg\"},{\"@type\":\"BreadcrumbList\",\"@id\":\"https:\/\/cubukled.com\/serit-led-modelleri\/#breadcrumb\",\"itemListElement\":[{\"@type\":\"ListItem\",\"position\":1,\"name\":\"Ana sayfa\",\"item\":\"https:\/\/cubukled.com\/\"},{\"@type\":\"ListItem\",\"position\":2,\"name\":\"\u015eerit LED Modelleri\"}]},{\"@type\":\"WebSite\",\"@id\":\"https:\/\/cubukled.com\/#website\",\"url\":\"https:\/\/cubukled.com\/\",\"name\":\"\u00c7ubuk LED\",\"description\":\"Cephe Ayd\u0131nlatma, Ayd\u0131nlatma Tasar\u0131m\u0131, D\u0131\u015f Mekan Animasyon Sistemleri, RGB DMX Cephe LED Animasyon\",\"publisher\":{\"@id\":\"https:\/\/cubukled.com\/#organization\"},\"alternateName\":\"cubukled\",\"potentialAction\":[{\"@type\":\"SearchAction\",\"target\":{\"@type\":\"EntryPoint\",\"urlTemplate\":\"https:\/\/cubukled.com\/?s={search_term_string}\"},\"query-input\":{\"@type\":\"PropertyValueSpecification\",\"valueRequired\":true,\"valueName\":\"search_term_string\"}}],\"inLanguage\":\"en-GB\"},{\"@type\":\"Organization\",\"@id\":\"https:\/\/cubukled.com\/#organization\",\"name\":\"\u00c7ubuk LED\",\"alternateName\":\"cubukled\",\"url\":\"https:\/\/cubukled.com\/\",\"logo\":{\"@type\":\"ImageObject\",\"inLanguage\":\"en-GB\",\"@id\":\"https:\/\/cubukled.com\/#\/schema\/logo\/image\/\",\"url\":\"https:\/\/cubukled.com\/wp-content\/uploads\/2020\/06\/cubukled-logo.jpeg\",\"contentUrl\":\"https:\/\/cubukled.com\/wp-content\/uploads\/2020\/06\/cubukled-logo.jpeg\",\"width\":1169,\"height\":669,\"caption\":\"\u00c7ubuk LED\"},\"image\":{\"@id\":\"https:\/\/cubukled.com\/#\/schema\/logo\/image\/\"},\"sameAs\":[\"https:\/\/www.facebook.com\/cubukled\",\"https:\/\/x.com\/cubukled\",\"https:\/\/tr.pinterest.com\/Cubuk_Led\/\",\"https:\/\/www.instagram.com\/cubukled\/\",\"https:\/\/www.linkedin.com\/company\/cubukled\",\"https:\/\/www.threads.net\/@cubukled\",\"https:\/\/www.youtube.com\/@cubukled\",\"https:\/\/twitter.com\/cubukled\"]}]}<\/script>\n<!-- \/ Yoast SEO plugin. -->","yoast_head_json":{"title":"LED Strip Models","description":"\u015eerit LED Modelleri ile i\u00e7 mekan dekoratif ayd\u0131nlatma yap\u0131n. Gizli \u0131\u015f\u0131k tavan ayd\u0131nlatma, merdiven ayd\u0131nlatma, raf ve mobilya ayd\u0131nlatma","robots":{"index":"index","follow":"follow","max-snippet":"max-snippet:-1","max-image-preview":"max-image-preview:large","max-video-preview":"max-video-preview:-1"},"canonical":"https:\/\/cubukled.com\/en\/serit-led-modelleri\/","og_locale":"en_GB","og_type":"article","og_title":"\u015eerit LED Modelleri","og_description":"\u015eerit LED Modelleri ile i\u00e7 mekan dekoratif ayd\u0131nlatma yap\u0131n. Gizli \u0131\u015f\u0131k tavan ayd\u0131nlatma, merdiven ayd\u0131nlatma, raf ve mobilya ayd\u0131nlatma","og_url":"https:\/\/cubukled.com\/en\/serit-led-modelleri\/","og_site_name":"\u00c7ubuk LED","article_publisher":"https:\/\/www.facebook.com\/cubukled","article_modified_time":"2026-01-07T12:35:02+00:00","og_image":[{"url":"https:\/\/cubukled.com\/wp-content\/uploads\/2026\/01\/bar-lun-79-serit-led-5mm.jpg","type":"","width":"","height":""}],"twitter_card":"summary_large_image","twitter_site":"@cubukled","twitter_misc":{"Estimated reading time":"2 minutes"},"schema":{"@context":"https:\/\/schema.org","@graph":[{"@type":["WebPage","CollectionPage"],"@id":"https:\/\/cubukled.com\/serit-led-modelleri\/","url":"https:\/\/cubukled.com\/serit-led-modelleri\/","name":"LED Strip Models","isPartOf":{"@id":"https:\/\/cubukled.com\/#website"},"primaryImageOfPage":{"@id":"https:\/\/cubukled.com\/serit-led-modelleri\/#primaryimage"},"image":{"@id":"https:\/\/cubukled.com\/serit-led-modelleri\/#primaryimage"},"thumbnailUrl":"https:\/\/cubukled.com\/wp-content\/uploads\/2026\/01\/bar-lun-79-serit-led-5mm.jpg","datePublished":"2026-01-07T12:27:24+00:00","dateModified":"2026-01-07T12:35:02+00:00","description":"\u015eerit LED Modelleri ile i\u00e7 mekan dekoratif ayd\u0131nlatma yap\u0131n. Gizli \u0131\u015f\u0131k tavan ayd\u0131nlatma, merdiven ayd\u0131nlatma, raf ve mobilya ayd\u0131nlatma","breadcrumb":{"@id":"https:\/\/cubukled.com\/serit-led-modelleri\/#breadcrumb"},"inLanguage":"en-GB"},{"@type":"ImageObject","inLanguage":"en-GB","@id":"https:\/\/cubukled.com\/serit-led-modelleri\/#primaryimage","url":"https:\/\/cubukled.com\/wp-content\/uploads\/2026\/01\/bar-lun-79-serit-led-5mm.jpg","contentUrl":"https:\/\/cubukled.com\/wp-content\/uploads\/2026\/01\/bar-lun-79-serit-led-5mm.jpg"},{"@type":"BreadcrumbList","@id":"https:\/\/cubukled.com\/serit-led-modelleri\/#breadcrumb","itemListElement":[{"@type":"ListItem","position":1,"name":"Ana sayfa","item":"https:\/\/cubukled.com\/"},{"@type":"ListItem","position":2,"name":"\u015eerit LED Modelleri"}]},{"@type":"WebSite","@id":"https:\/\/cubukled.com\/#website","url":"https:\/\/cubukled.com\/","name":"Rod LED","description":"Facade Lighting, Lighting Design, Outdoor Animation Systems, RGB DMX Facade LED Animation","publisher":{"@id":"https:\/\/cubukled.com\/#organization"},"alternateName":"cubukled","potentialAction":[{"@type":"SearchAction","target":{"@type":"EntryPoint","urlTemplate":"https:\/\/cubukled.com\/?s={search_term_string}"},"query-input":{"@type":"PropertyValueSpecification","valueRequired":true,"valueName":"search_term_string"}}],"inLanguage":"en-GB"},{"@type":"Organization","@id":"https:\/\/cubukled.com\/#organization","name":"Rod LED","alternateName":"cubukled","url":"https:\/\/cubukled.com\/","logo":{"@type":"ImageObject","inLanguage":"en-GB","@id":"https:\/\/cubukled.com\/#\/schema\/logo\/image\/","url":"https:\/\/cubukled.com\/wp-content\/uploads\/2020\/06\/cubukled-logo.jpeg","contentUrl":"https:\/\/cubukled.com\/wp-content\/uploads\/2020\/06\/cubukled-logo.jpeg","width":1169,"height":669,"caption":"\u00c7ubuk LED"},"image":{"@id":"https:\/\/cubukled.com\/#\/schema\/logo\/image\/"},"sameAs":["https:\/\/www.facebook.com\/cubukled","https:\/\/x.com\/cubukled","https:\/\/tr.pinterest.com\/Cubuk_Led\/","https:\/\/www.instagram.com\/cubukled\/","https:\/\/www.linkedin.com\/company\/cubukled","https:\/\/www.threads.net\/@cubukled","https:\/\/www.youtube.com\/@cubukled","https:\/\/twitter.com\/cubukled"]}]}},"_links":{"self":[{"href":"https:\/\/cubukled.com\/en\/wp-json\/wp\/v2\/pages\/6911","targetHints":{"allow":["GET"]}}],"collection":[{"href":"https:\/\/cubukled.com\/en\/wp-json\/wp\/v2\/pages"}],"about":[{"href":"https:\/\/cubukled.com\/en\/wp-json\/wp\/v2\/types\/page"}],"author":[{"embeddable":true,"href":"https:\/\/cubukled.com\/en\/wp-json\/wp\/v2\/users\/1"}],"replies":[{"embeddable":true,"href":"https:\/\/cubukled.com\/en\/wp-json\/wp\/v2\/comments?post=6911"}],"version-history":[{"count":8,"href":"https:\/\/cubukled.com\/en\/wp-json\/wp\/v2\/pages\/6911\/revisions"}],"predecessor-version":[{"id":6924,"href":"https:\/\/cubukled.com\/en\/wp-json\/wp\/v2\/pages\/6911\/revisions\/6924"}],"wp:attachment":[{"href":"https:\/\/cubukled.com\/en\/wp-json\/wp\/v2\/media?parent=6911"}],"curies":[{"name":"wp","href":"https:\/\/api.w.org\/{rel}","templated":true}]}}