{"id":750,"date":"2020-06-30T14:21:46","date_gmt":"2020-06-30T11:21:46","guid":{"rendered":"https:\/\/cubukled.com\/?post_type=product&#038;p=750"},"modified":"2025-09-09T17:10:23","modified_gmt":"2025-09-09T14:10:23","slug":"mp60","status":"publish","type":"product","link":"https:\/\/cubukled.com\/de\/mp60\/","title":{"rendered":"MP60"},"content":{"rendered":"<p><strong>LED-Satz <\/strong><strong>MP60<\/strong> Diese Leuchte eignet sich ideal als Arbeitsfl\u00e4chenbeleuchtung in Werkst\u00e4tten, Laboren und Arbeitsr\u00e4umen. Sie ist perfekt f\u00fcr Ausstellungsfl\u00e4chen, Regale, Messehallen, Kunstgalerien und andere Orte, an denen Sie Aufmerksamkeit erregen m\u00f6chten. Auch f\u00fcr die indirekte Beleuchtung ist sie bestens geeignet.<\/p>\n<p>Aluminium-Leiterplattenmodell <strong>LED-Satz<\/strong> Wir schlie\u00dfen die Montage mit unserer Maschine ab. Dank der einfachen Montage passt sich das Produkt nahezu jedem Raum an. Das Modell, das ohne Profile oder Verkleidung im Innenbereich eingesetzt werden kann, ist besonders wirtschaftlich. F\u00fcr den Au\u00dfenbereich statten wir das silikonbeschichtete Produkt mit einem Aluminiumprofil und einer Diffusorabdeckung aus. Dadurch ist das Produkt optimal vor Feuchtigkeit und Staub gesch\u00fctzt.<\/p>\n<h2>LED-Array MP60<\/h2>\n<p>Das Produkt <strong>LED-Satz <\/strong>Sie k\u00f6nnen dieses Produkt \u00fcber unsere Website beziehen, die zu den f\u00fchrenden Anbietern unter den Herstellern z\u00e4hlt. Das Modell MP60 ist in Versionen f\u00fcr 12-Volt- oder 24-Volt-LED-Adapter erh\u00e4ltlich. Wir verwenden f\u00fcr dieses Produkt hochwertige LEDs von Marken wie CREE, NICHIA, PHILIPS, SEOUL, SAMSUNG, OSRAM und LUMILEDS und statten es speziell f\u00fcr Ihr Projekt aus. Marke und Typ der LED beeinflussen dabei direkt den Stromverbrauch.<\/p>\n<p>LED-Baugruppen-Leiterplatten haben in der Serienfertigung standardm\u00e4\u00dfig eine Leistung von 16 Watt. Wir k\u00f6nnen sie jedoch gem\u00e4\u00df Ihren Anforderungen mit einer Leistung zwischen 6 und 16 Watt pro Meter fertigen. Die Leiterplatten sind 1,2 cm breit. <strong>LED-Satz<\/strong> Sie ist einen halben Meter lang. Die 12 mm breite Aluminiumplatte enth\u00e4lt 60 LED-Chips.<\/p>\n<table width=\"783\">\n<tbody>\n<tr>\n<td width=\"111\"><strong>Produkt-Code<\/strong><\/td>\n<td width=\"142\"><strong>Betriebsspannung<\/strong><\/td>\n<td width=\"82\"><strong>LED Anzahl<\/strong><\/td>\n<td width=\"117\"><strong>Lichtstrom<\/strong><\/td>\n<td width=\"88\"><strong>Stromverbrauch<\/strong><\/td>\n<td width=\"101\"><strong>Unterbrechung Intervall<\/strong><\/td>\n<td width=\"43\"><strong>Farbe<\/strong><\/td>\n<td width=\"99\"><strong>Ma\u00dfnahme<\/strong><\/td>\n<\/tr>\n<tr>\n<td>MP60<\/td>\n<td>12 V Gleichspannung oder 24 V Gleichspannung (Konstantspannung)<\/td>\n<td>60 St\u00fcck\/mt<\/td>\n<td>720 - 3300 lm\/mt<\/td>\n<td>6-16 W\/mt<\/td>\n<td>5 cm oder 10 cm<\/td>\n<td>Optional<\/td>\n<td>12x500mm<\/td>\n<\/tr>\n<\/tbody>\n<\/table>\n<p>Wenn Sie das Produkt in einer L\u00e4nge von weniger als einem halben Meter verwenden m\u00f6chten, k\u00f6nnen Sie es entlang der markierten Abschnitte k\u00fcrzen. Diese sind je nach Modell alle 5 cm oder 10 cm vorgesehen. F\u00fcr l\u00e4ngere Installationen k\u00f6nnen Sie die Produkte an den Anoden- (+) und Kathodenpolen (-) an beiden Enden mit L\u00f6t- oder Kabelverbindungen verbinden. F\u00fcr Kunden, die eine praktische L\u00f6sung bevorzugen, bieten wir Optionen wie Steckdose\/Stecker oder Steckdose\/Kabel an.<\/p>\n<p>SMD <strong>LED-Satz<\/strong> Es erzeugt Licht mit hoher Effizienz. Dank der Vorteile der LED-Technologie mit Leiterplattenbest\u00fcckung verbraucht es keine unn\u00f6tige Energie. Sie k\u00f6nnen dieses Produkt auch f\u00fcr Deckenbeleuchtung wie Lichtvouten, Barisols und indirekte Beleuchtung verwenden. <a href=\"https:\/\/cubukled.com\/de\/\">LED-Preis<\/a> F\u00fcr weitere Informationen k\u00f6nnen Sie uns kontaktieren.<\/p>\n<h2>Wie berechne ich die Kosten eines LED-Adapters?<\/h2>\n<ul>\n<li>Geben Sie die Anzahl der MP60-LED-Arrays an.<\/li>\n<\/ul>\n<p>Beispiel: Sind 20 Einheiten in Reihe geschaltet, dann sind 20 Einheiten x 0,5 m = 10 m.<\/p>\n<ul>\n<li>Multiplizieren Sie die Leistung des gekauften Produkts in Watt pro Meter mit der Gesamtl\u00e4nge in Metern.<\/li>\n<\/ul>\n<p>Beispiel: Angenommen, das von Ihnen verwendete LED-Modell verbraucht 16 Watt Strom pro Meter. Der Gesamtverbrauch betr\u00e4gt dann 10 Meter x 16 Watt = 160 Watt.<\/p>\n<ul>\n<li>Sie sollten einen DC-LED-Adapter verwenden, der mindestens diese Leistung liefern kann.<\/li>\n<\/ul>\n<p>Beispiel: Sie sollten einen 12-Volt- oder 24-Volt-Gleichstrom-LED-Adapter mit konstanter Spannung ausw\u00e4hlen, indem Sie auf Modelle achten, die eine Mindestleistung von 160 Watt erzeugen k\u00f6nnen.<\/p>","protected":false},"excerpt":{"rendered":"<p><em><strong>*Anmerkungen:<\/strong> Die Preisgestaltung richtet sich nach dem jeweiligen Projekt. F\u00fcr weitere Informationen kontaktieren Sie uns bitte. <a href=\"https:\/\/cubukled.com\/de\/cubuk-led-iletisim\/\">Bitte kontaktieren Sie uns.<\/a><\/em><\/p>\n<p><strong>Leistungsaufnahme:<\/strong> 12 V DC \/ 24 V DC<\/p>\n<p><strong>Farboptionen:<\/strong>\u00a02200 K, 2700 K, 3000 K, 4000 K, 5000 K, 6500 K, Rot, Gr\u00fcn, Blau, Bernstein<\/p>\n<p><strong>LED Anzahl:<\/strong> 60 St\u00fcck\/mt<\/p>\n<p><strong>Abmessungen der Basisplatine:<\/strong> 12 x 500 mm Aluminium<\/p>\n<p><strong>Unterbrechung Intervall: <\/strong>5 cm, 10 cm<\/p>\n<p><strong>Besonderes Merkmal:<\/strong> Wirtschaftlich, spannungsgesch\u00fctzt<\/p>\n<p><strong>LED Marke Optionen:<\/strong> CREE, OSRAM, SAMSUNG, NICHIA, SEOUL, PHILIPS, LUMILEDS<\/p>","protected":false},"featured_media":6079,"template":"","meta":{"_joinchat":[]},"product_brand":[],"product_cat":[109,287],"product_tag":[2513,2511,2514,2512,354,2515,2516],"class_list":{"0":"post-750","1":"product","2":"type-product","3":"status-publish","4":"has-post-thumbnail","6":"product_cat-aydinlatma-urunleri","7":"product_cat-sabit-gerilim-cubuk-led","8":"product_tag-led-dizgi","9":"product_tag-led-dizgi-makinesi","10":"product_tag-led-dizgi-yapan-firmalar","11":"product_tag-led-dizgili-hazir-pcb","12":"product_tag-mp60-12v-6500k","13":"product_tag-pcb-led-dizgi","14":"product_tag-smd-led-dizgi","15":"pa_gucgirisi-12vdc","16":"pa_gucgirisi-24vdc","17":"pa_isikrengi-2200kelvin","18":"pa_isikrengi-2700kelvin","19":"pa_isikrengi-3000kelvin","20":"pa_isikrengi-4000kelvin","21":"pa_isikrengi-5000kelvin","22":"pa_isikrengi-6500kelvin","23":"pa_isikrengi-amber","24":"pa_isikrengi-kirmizi","25":"pa_isikrengi-mavi","26":"pa_isikrengi-yesil","27":"pa_kesilmearaligi-10cm","28":"pa_kesilmearaligi-5cm","29":"pa_ledmarka-led-markasi-cree","30":"pa_ledmarka-lumileds","31":"pa_ledmarka-nichia","32":"pa_ledmarka-osram","33":"pa_ledmarka-philips","34":"pa_ledmarka-led-markasi-samsung","35":"pa_ledmarka-led-markasi-seoul","36":"pa_ledmiktari-60-led","37":"pa_onecikanozellik-ekonomik","38":"pa_onecikanozellik-voltajkorumali","39":"pa_tabanpcbolculeri-50cm-led","41":"first","42":"instock","43":"sale","44":"taxable","45":"shipping-taxable","46":"purchasable","47":"product-type-simple","48":"customify-col","49":"product-has-gallery"},"yoast_head":"<!-- This site is optimized with the Yoast SEO plugin v27.2 - https:\/\/yoast.com\/product\/yoast-seo-wordpress\/ -->\n<title>LED dizgi MP60<\/title>\n<meta name=\"description\" content=\"LED dizgi MP60 - 1 metre i\u00e7in 60 adet LED - \u00c7ok say\u0131da \u0131\u015f\u0131k rengi se\u00e7enekleri - Al\u00fcminyum PCB \u00d6l\u00e7\u00fcs\u00fc:12mmx50cm - 12 Volt veya 24 Volt\" \/>\n<meta name=\"robots\" content=\"index, follow, max-snippet:-1, max-image-preview:large, max-video-preview:-1\" \/>\n<link rel=\"canonical\" href=\"https:\/\/cubukled.com\/de\/mp60\/\" \/>\n<meta property=\"og:locale\" content=\"de_DE\" \/>\n<meta property=\"og:type\" content=\"article\" \/>\n<meta property=\"og:title\" content=\"LED dizgi MP60\" \/>\n<meta property=\"og:description\" content=\"LED dizgi MP60 - 1 metre i\u00e7in 60 adet LED - \u00c7ok say\u0131da \u0131\u015f\u0131k rengi se\u00e7enekleri - Al\u00fcminyum PCB \u00d6l\u00e7\u00fcs\u00fc:12mmx50cm - 12 Volt veya 24 Volt\" \/>\n<meta property=\"og:url\" content=\"https:\/\/cubukled.com\/de\/mp60\/\" \/>\n<meta property=\"og:site_name\" content=\"\u00c7ubuk LED\" \/>\n<meta property=\"article:publisher\" content=\"https:\/\/www.facebook.com\/cubukled\" \/>\n<meta property=\"article:modified_time\" content=\"2025-09-09T14:10:23+00:00\" \/>\n<meta property=\"og:image\" content=\"https:\/\/cubukled.com\/wp-content\/uploads\/2020\/06\/mp60-led-dizgi-1.jpg\" \/>\n\t<meta property=\"og:image:width\" content=\"1000\" \/>\n\t<meta property=\"og:image:height\" content=\"1000\" \/>\n\t<meta property=\"og:image:type\" content=\"image\/jpeg\" \/>\n<meta name=\"twitter:card\" content=\"summary_large_image\" \/>\n<meta name=\"twitter:site\" content=\"@cubukled\" \/>\n<meta name=\"twitter:label1\" content=\"Gesch\u00e4tzte Lesezeit\" \/>\n\t<meta name=\"twitter:data1\" content=\"3\u00a0Minuten\" \/>\n<script type=\"application\/ld+json\" class=\"yoast-schema-graph\">{\"@context\":\"https:\/\/schema.org\",\"@graph\":[{\"@type\":[\"WebPage\",\"ItemPage\"],\"@id\":\"https:\/\/cubukled.com\/mp60\/\",\"url\":\"https:\/\/cubukled.com\/mp60\/\",\"name\":\"LED dizgi MP60\",\"isPartOf\":{\"@id\":\"https:\/\/cubukled.com\/#website\"},\"primaryImageOfPage\":{\"@id\":\"https:\/\/cubukled.com\/mp60\/#primaryimage\"},\"image\":{\"@id\":\"https:\/\/cubukled.com\/mp60\/#primaryimage\"},\"thumbnailUrl\":\"https:\/\/cubukled.com\/wp-content\/uploads\/2020\/06\/mp60-led-dizgi-1.jpg\",\"datePublished\":\"2020-06-30T11:21:46+00:00\",\"dateModified\":\"2025-09-09T14:10:23+00:00\",\"description\":\"LED dizgi MP60 - 1 metre i\u00e7in 60 adet LED - \u00c7ok say\u0131da \u0131\u015f\u0131k rengi se\u00e7enekleri - Al\u00fcminyum PCB \u00d6l\u00e7\u00fcs\u00fc:12mmx50cm - 12 Volt veya 24 Volt\",\"breadcrumb\":{\"@id\":\"https:\/\/cubukled.com\/mp60\/#breadcrumb\"},\"inLanguage\":\"de\",\"potentialAction\":[{\"@type\":\"ReadAction\",\"target\":[\"https:\/\/cubukled.com\/mp60\/\"]}]},{\"@type\":\"ImageObject\",\"inLanguage\":\"de\",\"@id\":\"https:\/\/cubukled.com\/mp60\/#primaryimage\",\"url\":\"https:\/\/cubukled.com\/wp-content\/uploads\/2020\/06\/mp60-led-dizgi-1.jpg\",\"contentUrl\":\"https:\/\/cubukled.com\/wp-content\/uploads\/2020\/06\/mp60-led-dizgi-1.jpg\",\"width\":1000,\"height\":1000,\"caption\":\"MP60 LED Dizgi I\u015f\u0131k\"},{\"@type\":\"BreadcrumbList\",\"@id\":\"https:\/\/cubukled.com\/mp60\/#breadcrumb\",\"itemListElement\":[{\"@type\":\"ListItem\",\"position\":1,\"name\":\"Ana sayfa\",\"item\":\"https:\/\/cubukled.com\/\"},{\"@type\":\"ListItem\",\"position\":2,\"name\":\"Ma\u011faza\",\"item\":\"https:\/\/cubukled.com\/magaza\/\"},{\"@type\":\"ListItem\",\"position\":3,\"name\":\"MP60\"}]},{\"@type\":\"WebSite\",\"@id\":\"https:\/\/cubukled.com\/#website\",\"url\":\"https:\/\/cubukled.com\/\",\"name\":\"\u00c7ubuk LED\",\"description\":\"Cephe Ayd\u0131nlatma, Ayd\u0131nlatma Tasar\u0131m\u0131, D\u0131\u015f Mekan Animasyon Sistemleri, RGB DMX Cephe LED Animasyon\",\"publisher\":{\"@id\":\"https:\/\/cubukled.com\/#organization\"},\"alternateName\":\"cubukled\",\"potentialAction\":[{\"@type\":\"SearchAction\",\"target\":{\"@type\":\"EntryPoint\",\"urlTemplate\":\"https:\/\/cubukled.com\/?s={search_term_string}\"},\"query-input\":{\"@type\":\"PropertyValueSpecification\",\"valueRequired\":true,\"valueName\":\"search_term_string\"}}],\"inLanguage\":\"de\"},{\"@type\":\"Organization\",\"@id\":\"https:\/\/cubukled.com\/#organization\",\"name\":\"\u00c7ubuk LED\",\"alternateName\":\"cubukled\",\"url\":\"https:\/\/cubukled.com\/\",\"logo\":{\"@type\":\"ImageObject\",\"inLanguage\":\"de\",\"@id\":\"https:\/\/cubukled.com\/#\/schema\/logo\/image\/\",\"url\":\"https:\/\/cubukled.com\/wp-content\/uploads\/2020\/06\/cubukled-logo.jpeg\",\"contentUrl\":\"https:\/\/cubukled.com\/wp-content\/uploads\/2020\/06\/cubukled-logo.jpeg\",\"width\":1169,\"height\":669,\"caption\":\"\u00c7ubuk LED\"},\"image\":{\"@id\":\"https:\/\/cubukled.com\/#\/schema\/logo\/image\/\"},\"sameAs\":[\"https:\/\/www.facebook.com\/cubukled\",\"https:\/\/x.com\/cubukled\",\"https:\/\/tr.pinterest.com\/Cubuk_Led\/\",\"https:\/\/www.instagram.com\/cubukled\/\",\"https:\/\/www.linkedin.com\/company\/cubukled\",\"https:\/\/www.threads.net\/@cubukled\",\"https:\/\/www.youtube.com\/@cubukled\",\"https:\/\/twitter.com\/cubukled\"]}]}<\/script>\n<!-- \/ Yoast SEO plugin. -->","yoast_head_json":{"title":"LED dizgi MP60","description":"LED dizgi MP60 - 1 metre i\u00e7in 60 adet LED - \u00c7ok say\u0131da \u0131\u015f\u0131k rengi se\u00e7enekleri - Al\u00fcminyum PCB \u00d6l\u00e7\u00fcs\u00fc:12mmx50cm - 12 Volt veya 24 Volt","robots":{"index":"index","follow":"follow","max-snippet":"max-snippet:-1","max-image-preview":"max-image-preview:large","max-video-preview":"max-video-preview:-1"},"canonical":"https:\/\/cubukled.com\/de\/mp60\/","og_locale":"de_DE","og_type":"article","og_title":"LED dizgi MP60","og_description":"LED dizgi MP60 - 1 metre i\u00e7in 60 adet LED - \u00c7ok say\u0131da \u0131\u015f\u0131k rengi se\u00e7enekleri - Al\u00fcminyum PCB \u00d6l\u00e7\u00fcs\u00fc:12mmx50cm - 12 Volt veya 24 Volt","og_url":"https:\/\/cubukled.com\/de\/mp60\/","og_site_name":"\u00c7ubuk LED","article_publisher":"https:\/\/www.facebook.com\/cubukled","article_modified_time":"2025-09-09T14:10:23+00:00","og_image":[{"width":1000,"height":1000,"url":"https:\/\/cubukled.com\/wp-content\/uploads\/2020\/06\/mp60-led-dizgi-1.jpg","type":"image\/jpeg"}],"twitter_card":"summary_large_image","twitter_site":"@cubukled","twitter_misc":{"Gesch\u00e4tzte Lesezeit":"3\u00a0Minuten"},"schema":{"@context":"https:\/\/schema.org","@graph":[{"@type":["WebPage","ItemPage"],"@id":"https:\/\/cubukled.com\/mp60\/","url":"https:\/\/cubukled.com\/mp60\/","name":"LED dizgi MP60","isPartOf":{"@id":"https:\/\/cubukled.com\/#website"},"primaryImageOfPage":{"@id":"https:\/\/cubukled.com\/mp60\/#primaryimage"},"image":{"@id":"https:\/\/cubukled.com\/mp60\/#primaryimage"},"thumbnailUrl":"https:\/\/cubukled.com\/wp-content\/uploads\/2020\/06\/mp60-led-dizgi-1.jpg","datePublished":"2020-06-30T11:21:46+00:00","dateModified":"2025-09-09T14:10:23+00:00","description":"LED dizgi MP60 - 1 metre i\u00e7in 60 adet LED - \u00c7ok say\u0131da \u0131\u015f\u0131k rengi se\u00e7enekleri - Al\u00fcminyum PCB \u00d6l\u00e7\u00fcs\u00fc:12mmx50cm - 12 Volt veya 24 Volt","breadcrumb":{"@id":"https:\/\/cubukled.com\/mp60\/#breadcrumb"},"inLanguage":"de","potentialAction":[{"@type":"ReadAction","target":["https:\/\/cubukled.com\/mp60\/"]}]},{"@type":"ImageObject","inLanguage":"de","@id":"https:\/\/cubukled.com\/mp60\/#primaryimage","url":"https:\/\/cubukled.com\/wp-content\/uploads\/2020\/06\/mp60-led-dizgi-1.jpg","contentUrl":"https:\/\/cubukled.com\/wp-content\/uploads\/2020\/06\/mp60-led-dizgi-1.jpg","width":1000,"height":1000,"caption":"MP60 LED Dizgi I\u015f\u0131k"},{"@type":"BreadcrumbList","@id":"https:\/\/cubukled.com\/mp60\/#breadcrumb","itemListElement":[{"@type":"ListItem","position":1,"name":"Ana sayfa","item":"https:\/\/cubukled.com\/"},{"@type":"ListItem","position":2,"name":"Ma\u011faza","item":"https:\/\/cubukled.com\/magaza\/"},{"@type":"ListItem","position":3,"name":"MP60"}]},{"@type":"WebSite","@id":"https:\/\/cubukled.com\/#website","url":"https:\/\/cubukled.com\/","name":"Stab-LED","description":"Fassadenbeleuchtung, Lichtdesign, Au\u00dfenanimationssysteme, RGB DMX Fassaden-LED-Animation","publisher":{"@id":"https:\/\/cubukled.com\/#organization"},"alternateName":"cubukled","potentialAction":[{"@type":"SearchAction","target":{"@type":"EntryPoint","urlTemplate":"https:\/\/cubukled.com\/?s={search_term_string}"},"query-input":{"@type":"PropertyValueSpecification","valueRequired":true,"valueName":"search_term_string"}}],"inLanguage":"de"},{"@type":"Organization","@id":"https:\/\/cubukled.com\/#organization","name":"Stab-LED","alternateName":"cubukled","url":"https:\/\/cubukled.com\/","logo":{"@type":"ImageObject","inLanguage":"de","@id":"https:\/\/cubukled.com\/#\/schema\/logo\/image\/","url":"https:\/\/cubukled.com\/wp-content\/uploads\/2020\/06\/cubukled-logo.jpeg","contentUrl":"https:\/\/cubukled.com\/wp-content\/uploads\/2020\/06\/cubukled-logo.jpeg","width":1169,"height":669,"caption":"\u00c7ubuk LED"},"image":{"@id":"https:\/\/cubukled.com\/#\/schema\/logo\/image\/"},"sameAs":["https:\/\/www.facebook.com\/cubukled","https:\/\/x.com\/cubukled","https:\/\/tr.pinterest.com\/Cubuk_Led\/","https:\/\/www.instagram.com\/cubukled\/","https:\/\/www.linkedin.com\/company\/cubukled","https:\/\/www.threads.net\/@cubukled","https:\/\/www.youtube.com\/@cubukled","https:\/\/twitter.com\/cubukled"]}]}},"_links":{"self":[{"href":"https:\/\/cubukled.com\/de\/wp-json\/wp\/v2\/product\/750","targetHints":{"allow":["GET"]}}],"collection":[{"href":"https:\/\/cubukled.com\/de\/wp-json\/wp\/v2\/product"}],"about":[{"href":"https:\/\/cubukled.com\/de\/wp-json\/wp\/v2\/types\/product"}],"wp:featuredmedia":[{"embeddable":true,"href":"https:\/\/cubukled.com\/de\/wp-json\/wp\/v2\/media\/6079"}],"wp:attachment":[{"href":"https:\/\/cubukled.com\/de\/wp-json\/wp\/v2\/media?parent=750"}],"wp:term":[{"taxonomy":"product_brand","embeddable":true,"href":"https:\/\/cubukled.com\/de\/wp-json\/wp\/v2\/product_brand?post=750"},{"taxonomy":"product_cat","embeddable":true,"href":"https:\/\/cubukled.com\/de\/wp-json\/wp\/v2\/product_cat?post=750"},{"taxonomy":"product_tag","embeddable":true,"href":"https:\/\/cubukled.com\/de\/wp-json\/wp\/v2\/product_tag?post=750"}],"curies":[{"name":"wp","href":"https:\/\/api.w.org\/{rel}","templated":true}]}}