{"id":7068,"date":"2026-01-20T22:46:14","date_gmt":"2026-01-20T19:46:14","guid":{"rendered":"https:\/\/cubukled.com\/?post_type=product&#038;p=7068"},"modified":"2026-01-21T10:51:17","modified_gmt":"2026-01-21T07:51:17","slug":"dmx512-artnet-kontrol-cihazi","status":"publish","type":"product","link":"https:\/\/cubukled.com\/de\/dmx512-artnet-kontrol-cihazi\/","title":{"rendered":"DMX512 ARTNET Controller"},"content":{"rendered":"<p>Der DMX512 ARTNET-Controller eignet sich ideal f\u00fcr Gro\u00dfprojekte. Ein Ger\u00e4t steuert bis zu acht Universen. Bei steigender Anzahl oder L\u00e4nge der DMX-LEDs k\u00f6nnen Sie weitere Ger\u00e4te hinzuf\u00fcgen. Die Ger\u00e4te werden \u00fcber ein Ethernet-Cat6-Netzwerk mit einem Switch verbunden. Anschlie\u00dfend k\u00f6nnen Sie sie per DMX-Steuerungssoftware von Ihrem PC aus steuern. Alternativ ist die Steuerung auch \u00fcber einen Master-Controller mit SD-Karte m\u00f6glich.<\/p>\n<figure id=\"attachment_7075\" aria-describedby=\"caption-attachment-7075\" style=\"width: 400px\" class=\"wp-caption aligncenter\"><a href=\"https:\/\/cubukled.com\/wp-content\/uploads\/2026\/01\/artnet-node8-dmx.jpg\"><img fetchpriority=\"high\" decoding=\"async\" class=\"size-full wp-image-7075\" src=\"https:\/\/cubukled.com\/wp-content\/uploads\/2026\/01\/artnet-node8-dmx.jpg\" alt=\"artnet node8 dmx\" width=\"400\" height=\"400\" srcset=\"https:\/\/cubukled.com\/wp-content\/uploads\/2026\/01\/artnet-node8-dmx.jpg 400w, https:\/\/cubukled.com\/wp-content\/uploads\/2026\/01\/artnet-node8-dmx-300x300.jpg 300w, https:\/\/cubukled.com\/wp-content\/uploads\/2026\/01\/artnet-node8-dmx-150x150.jpg 150w, https:\/\/cubukled.com\/wp-content\/uploads\/2026\/01\/artnet-node8-dmx-12x12.jpg 12w, https:\/\/cubukled.com\/wp-content\/uploads\/2026\/01\/artnet-node8-dmx-100x100.jpg 100w\" sizes=\"(max-width: 400px) 100vw, 400px\" \/><\/a><figcaption id=\"caption-attachment-7075\" class=\"wp-caption-text\">ARNET node8 DMX-Ger\u00e4t<\/figcaption><\/figure>\n<p><strong>Technische Spezifikationen<\/strong><\/p>\n<ul>\n<li>Es hat eine Kapazit\u00e4t von 8 Universen.<\/li>\n<li>Jeder Port steuert 1 Universum.<\/li>\n<li>Das bedeutet, dass Sie mit jedem Port 512 Kan\u00e4le steuern k\u00f6nnen.<\/li>\n<li>Das Ger\u00e4t wird mit 24V Gleichstrom betrieben.<\/li>\n<\/ul>\n<p><strong>Berechnungen f\u00fcr ein DMX RGB-Produktbeispiel:<\/strong><\/p>\n<ul>\n<li>Wenn Sie die Steuerung von 512\/3=170 Pixeln pro Port f\u00fcr das RGB-Produkt erm\u00f6glichen.<\/li>\n<li>Bei Verwendung von linearen DMX RGB LED-Produkten mit 6 Pixeln pro Meter ergibt das 170\/6 = 28 Meter pro Anschluss.<\/li>\n<li>In diesem Fall k\u00f6nnen Sie mit einem Ger\u00e4t etwa 224 Meter lineare DMX RGB-LEDs steuern.<\/li>\n<\/ul>\n<p><strong>Berechnungsbeispiel f\u00fcr ein DMX RGBW-Produkt:<\/strong><\/p>\n<ul>\n<li>Wenn Sie die Steuerung von 512\/4=128 Pixeln pro Port f\u00fcr das RGB-Produkt erm\u00f6glichen.<\/li>\n<li>Bei Verwendung von linearen DMX RGB LED-Produkten mit 6 Pixeln pro Meter ergibt das 128\/6 = 21 Meter pro Port.<\/li>\n<li>Kurz gesagt, k\u00f6nnen Sie mit nur einem Ger\u00e4t durchschnittlich 168 Meter DMX RGBW-LED-Linearleuchten steuern.<\/li>\n<\/ul>\n<p>Dieses Produkt eignet sich f\u00fcr Fassadenbeleuchtung, LED-Animationen oder DMX-Innenbeleuchtung.<\/p>","protected":false},"excerpt":{"rendered":"<p><strong>Protokoll:<\/strong> DMX512<\/p>\n<p><strong>Betriebsspannung:<\/strong> 24 V Gleichstrom<\/p>\n<p><strong>Kontrolle:<\/strong> 8 Ports x 512 Kan\u00e4le<\/p>\n<p><strong>Kommunikation:<\/strong> 1 Ethernet-Anschluss<\/p>","protected":false},"featured_media":7069,"template":"","meta":{"_joinchat":[]},"product_brand":[],"product_cat":[3411],"product_tag":[3450],"class_list":{"0":"post-7068","1":"product","2":"type-product","3":"status-publish","4":"has-post-thumbnail","6":"product_cat-dmx-kontrol-sistemleri","7":"product_tag-dmx512-artnet-kontrol-cihazi","9":"first","10":"instock","11":"sale","12":"taxable","13":"shipping-taxable","14":"purchasable","15":"product-type-simple","16":"customify-col"},"yoast_head":"<!-- This site is optimized with the Yoast SEO plugin v27.2 - https:\/\/yoast.com\/product\/yoast-seo-wordpress\/ -->\n<title>DMX512 Artnet Kontrol Cihaz\u0131 - 8 Universe<\/title>\n<meta name=\"description\" content=\"DMX512 ARTNET Kontrol Cihaz\u0131 8 evren \u00e7al\u0131\u015ft\u0131r\u0131r. Yani 8 adet 512 kanal kontrol edebilirsiniz. B\u00fcy\u00fck kapsaml\u0131 LED animasyon projeleriniz i\u00e7in uygundur.\" \/>\n<meta name=\"robots\" content=\"index, follow, max-snippet:-1, max-image-preview:large, max-video-preview:-1\" \/>\n<link rel=\"canonical\" href=\"https:\/\/cubukled.com\/de\/dmx512-artnet-kontrol-cihazi\/\" \/>\n<meta property=\"og:locale\" content=\"de_DE\" \/>\n<meta property=\"og:type\" content=\"article\" \/>\n<meta property=\"og:title\" content=\"DMX512 Artnet Kontrol Cihaz\u0131 - 8 Universe\" \/>\n<meta property=\"og:description\" content=\"DMX512 ARTNET Kontrol Cihaz\u0131 8 evren \u00e7al\u0131\u015ft\u0131r\u0131r. Yani 8 adet 512 kanal kontrol edebilirsiniz. B\u00fcy\u00fck kapsaml\u0131 LED animasyon projeleriniz i\u00e7in uygundur.\" \/>\n<meta property=\"og:url\" content=\"https:\/\/cubukled.com\/de\/dmx512-artnet-kontrol-cihazi\/\" \/>\n<meta property=\"og:site_name\" content=\"\u00c7ubuk LED\" \/>\n<meta property=\"article:publisher\" content=\"https:\/\/www.facebook.com\/cubukled\" \/>\n<meta property=\"article:modified_time\" content=\"2026-01-21T07:51:17+00:00\" \/>\n<meta property=\"og:image\" content=\"https:\/\/cubukled.com\/wp-content\/uploads\/2026\/01\/dmx512-artnet-kontrol-cihazi.jpg\" \/>\n\t<meta property=\"og:image:width\" content=\"600\" \/>\n\t<meta property=\"og:image:height\" content=\"600\" \/>\n\t<meta property=\"og:image:type\" content=\"image\/jpeg\" \/>\n<meta name=\"twitter:card\" content=\"summary_large_image\" \/>\n<meta name=\"twitter:site\" content=\"@cubukled\" \/>\n<meta name=\"twitter:label1\" content=\"Gesch\u00e4tzte Lesezeit\" \/>\n\t<meta name=\"twitter:data1\" content=\"2\u00a0Minuten\" \/>\n<script type=\"application\/ld+json\" class=\"yoast-schema-graph\">{\"@context\":\"https:\/\/schema.org\",\"@graph\":[{\"@type\":[\"WebPage\",\"ItemPage\"],\"@id\":\"https:\/\/cubukled.com\/dmx512-artnet-kontrol-cihazi\/\",\"url\":\"https:\/\/cubukled.com\/dmx512-artnet-kontrol-cihazi\/\",\"name\":\"DMX512 Artnet Kontrol Cihaz\u0131 - 8 Universe\",\"isPartOf\":{\"@id\":\"https:\/\/cubukled.com\/#website\"},\"primaryImageOfPage\":{\"@id\":\"https:\/\/cubukled.com\/dmx512-artnet-kontrol-cihazi\/#primaryimage\"},\"image\":{\"@id\":\"https:\/\/cubukled.com\/dmx512-artnet-kontrol-cihazi\/#primaryimage\"},\"thumbnailUrl\":\"https:\/\/cubukled.com\/wp-content\/uploads\/2026\/01\/dmx512-artnet-kontrol-cihazi.jpg\",\"datePublished\":\"2026-01-20T19:46:14+00:00\",\"dateModified\":\"2026-01-21T07:51:17+00:00\",\"description\":\"DMX512 ARTNET Kontrol Cihaz\u0131 8 evren \u00e7al\u0131\u015ft\u0131r\u0131r. Yani 8 adet 512 kanal kontrol edebilirsiniz. B\u00fcy\u00fck kapsaml\u0131 LED animasyon projeleriniz i\u00e7in uygundur.\",\"breadcrumb\":{\"@id\":\"https:\/\/cubukled.com\/dmx512-artnet-kontrol-cihazi\/#breadcrumb\"},\"inLanguage\":\"de\",\"potentialAction\":[{\"@type\":\"ReadAction\",\"target\":[\"https:\/\/cubukled.com\/dmx512-artnet-kontrol-cihazi\/\"]}]},{\"@type\":\"ImageObject\",\"inLanguage\":\"de\",\"@id\":\"https:\/\/cubukled.com\/dmx512-artnet-kontrol-cihazi\/#primaryimage\",\"url\":\"https:\/\/cubukled.com\/wp-content\/uploads\/2026\/01\/dmx512-artnet-kontrol-cihazi.jpg\",\"contentUrl\":\"https:\/\/cubukled.com\/wp-content\/uploads\/2026\/01\/dmx512-artnet-kontrol-cihazi.jpg\",\"width\":600,\"height\":600,\"caption\":\"DMX512 ARTNET Kontrol Cihaz\u0131\"},{\"@type\":\"BreadcrumbList\",\"@id\":\"https:\/\/cubukled.com\/dmx512-artnet-kontrol-cihazi\/#breadcrumb\",\"itemListElement\":[{\"@type\":\"ListItem\",\"position\":1,\"name\":\"Ana sayfa\",\"item\":\"https:\/\/cubukled.com\/\"},{\"@type\":\"ListItem\",\"position\":2,\"name\":\"Ma\u011faza\",\"item\":\"https:\/\/cubukled.com\/magaza\/\"},{\"@type\":\"ListItem\",\"position\":3,\"name\":\"DMX512 ARTNET Kontrol Cihaz\u0131\"}]},{\"@type\":\"WebSite\",\"@id\":\"https:\/\/cubukled.com\/#website\",\"url\":\"https:\/\/cubukled.com\/\",\"name\":\"\u00c7ubuk LED\",\"description\":\"Cephe Ayd\u0131nlatma, Ayd\u0131nlatma Tasar\u0131m\u0131, D\u0131\u015f Mekan Animasyon Sistemleri, RGB DMX Cephe LED Animasyon\",\"publisher\":{\"@id\":\"https:\/\/cubukled.com\/#organization\"},\"alternateName\":\"cubukled\",\"potentialAction\":[{\"@type\":\"SearchAction\",\"target\":{\"@type\":\"EntryPoint\",\"urlTemplate\":\"https:\/\/cubukled.com\/?s={search_term_string}\"},\"query-input\":{\"@type\":\"PropertyValueSpecification\",\"valueRequired\":true,\"valueName\":\"search_term_string\"}}],\"inLanguage\":\"de\"},{\"@type\":\"Organization\",\"@id\":\"https:\/\/cubukled.com\/#organization\",\"name\":\"\u00c7ubuk LED\",\"alternateName\":\"cubukled\",\"url\":\"https:\/\/cubukled.com\/\",\"logo\":{\"@type\":\"ImageObject\",\"inLanguage\":\"de\",\"@id\":\"https:\/\/cubukled.com\/#\/schema\/logo\/image\/\",\"url\":\"https:\/\/cubukled.com\/wp-content\/uploads\/2020\/06\/cubukled-logo.jpeg\",\"contentUrl\":\"https:\/\/cubukled.com\/wp-content\/uploads\/2020\/06\/cubukled-logo.jpeg\",\"width\":1169,\"height\":669,\"caption\":\"\u00c7ubuk LED\"},\"image\":{\"@id\":\"https:\/\/cubukled.com\/#\/schema\/logo\/image\/\"},\"sameAs\":[\"https:\/\/www.facebook.com\/cubukled\",\"https:\/\/x.com\/cubukled\",\"https:\/\/tr.pinterest.com\/Cubuk_Led\/\",\"https:\/\/www.instagram.com\/cubukled\/\",\"https:\/\/www.linkedin.com\/company\/cubukled\",\"https:\/\/www.threads.net\/@cubukled\",\"https:\/\/www.youtube.com\/@cubukled\",\"https:\/\/twitter.com\/cubukled\"]}]}<\/script>\n<!-- \/ Yoast SEO plugin. -->","yoast_head_json":{"title":"DMX512 Artnet Kontrol Cihaz\u0131 - 8 Universe","description":"DMX512 ARTNET Kontrol Cihaz\u0131 8 evren \u00e7al\u0131\u015ft\u0131r\u0131r. Yani 8 adet 512 kanal kontrol edebilirsiniz. B\u00fcy\u00fck kapsaml\u0131 LED animasyon projeleriniz i\u00e7in uygundur.","robots":{"index":"index","follow":"follow","max-snippet":"max-snippet:-1","max-image-preview":"max-image-preview:large","max-video-preview":"max-video-preview:-1"},"canonical":"https:\/\/cubukled.com\/de\/dmx512-artnet-kontrol-cihazi\/","og_locale":"de_DE","og_type":"article","og_title":"DMX512 Artnet Kontrol Cihaz\u0131 - 8 Universe","og_description":"DMX512 ARTNET Kontrol Cihaz\u0131 8 evren \u00e7al\u0131\u015ft\u0131r\u0131r. Yani 8 adet 512 kanal kontrol edebilirsiniz. B\u00fcy\u00fck kapsaml\u0131 LED animasyon projeleriniz i\u00e7in uygundur.","og_url":"https:\/\/cubukled.com\/de\/dmx512-artnet-kontrol-cihazi\/","og_site_name":"\u00c7ubuk LED","article_publisher":"https:\/\/www.facebook.com\/cubukled","article_modified_time":"2026-01-21T07:51:17+00:00","og_image":[{"width":600,"height":600,"url":"https:\/\/cubukled.com\/wp-content\/uploads\/2026\/01\/dmx512-artnet-kontrol-cihazi.jpg","type":"image\/jpeg"}],"twitter_card":"summary_large_image","twitter_site":"@cubukled","twitter_misc":{"Gesch\u00e4tzte Lesezeit":"2\u00a0Minuten"},"schema":{"@context":"https:\/\/schema.org","@graph":[{"@type":["WebPage","ItemPage"],"@id":"https:\/\/cubukled.com\/dmx512-artnet-kontrol-cihazi\/","url":"https:\/\/cubukled.com\/dmx512-artnet-kontrol-cihazi\/","name":"DMX512 Artnet Kontrol Cihaz\u0131 - 8 Universe","isPartOf":{"@id":"https:\/\/cubukled.com\/#website"},"primaryImageOfPage":{"@id":"https:\/\/cubukled.com\/dmx512-artnet-kontrol-cihazi\/#primaryimage"},"image":{"@id":"https:\/\/cubukled.com\/dmx512-artnet-kontrol-cihazi\/#primaryimage"},"thumbnailUrl":"https:\/\/cubukled.com\/wp-content\/uploads\/2026\/01\/dmx512-artnet-kontrol-cihazi.jpg","datePublished":"2026-01-20T19:46:14+00:00","dateModified":"2026-01-21T07:51:17+00:00","description":"DMX512 ARTNET Kontrol Cihaz\u0131 8 evren \u00e7al\u0131\u015ft\u0131r\u0131r. Yani 8 adet 512 kanal kontrol edebilirsiniz. B\u00fcy\u00fck kapsaml\u0131 LED animasyon projeleriniz i\u00e7in uygundur.","breadcrumb":{"@id":"https:\/\/cubukled.com\/dmx512-artnet-kontrol-cihazi\/#breadcrumb"},"inLanguage":"de","potentialAction":[{"@type":"ReadAction","target":["https:\/\/cubukled.com\/dmx512-artnet-kontrol-cihazi\/"]}]},{"@type":"ImageObject","inLanguage":"de","@id":"https:\/\/cubukled.com\/dmx512-artnet-kontrol-cihazi\/#primaryimage","url":"https:\/\/cubukled.com\/wp-content\/uploads\/2026\/01\/dmx512-artnet-kontrol-cihazi.jpg","contentUrl":"https:\/\/cubukled.com\/wp-content\/uploads\/2026\/01\/dmx512-artnet-kontrol-cihazi.jpg","width":600,"height":600,"caption":"DMX512 ARTNET Kontrol Cihaz\u0131"},{"@type":"BreadcrumbList","@id":"https:\/\/cubukled.com\/dmx512-artnet-kontrol-cihazi\/#breadcrumb","itemListElement":[{"@type":"ListItem","position":1,"name":"Ana sayfa","item":"https:\/\/cubukled.com\/"},{"@type":"ListItem","position":2,"name":"Ma\u011faza","item":"https:\/\/cubukled.com\/magaza\/"},{"@type":"ListItem","position":3,"name":"DMX512 ARTNET Kontrol Cihaz\u0131"}]},{"@type":"WebSite","@id":"https:\/\/cubukled.com\/#website","url":"https:\/\/cubukled.com\/","name":"Stab-LED","description":"Fassadenbeleuchtung, Lichtdesign, Au\u00dfenanimationssysteme, RGB DMX Fassaden-LED-Animation","publisher":{"@id":"https:\/\/cubukled.com\/#organization"},"alternateName":"cubukled","potentialAction":[{"@type":"SearchAction","target":{"@type":"EntryPoint","urlTemplate":"https:\/\/cubukled.com\/?s={search_term_string}"},"query-input":{"@type":"PropertyValueSpecification","valueRequired":true,"valueName":"search_term_string"}}],"inLanguage":"de"},{"@type":"Organization","@id":"https:\/\/cubukled.com\/#organization","name":"Stab-LED","alternateName":"cubukled","url":"https:\/\/cubukled.com\/","logo":{"@type":"ImageObject","inLanguage":"de","@id":"https:\/\/cubukled.com\/#\/schema\/logo\/image\/","url":"https:\/\/cubukled.com\/wp-content\/uploads\/2020\/06\/cubukled-logo.jpeg","contentUrl":"https:\/\/cubukled.com\/wp-content\/uploads\/2020\/06\/cubukled-logo.jpeg","width":1169,"height":669,"caption":"\u00c7ubuk LED"},"image":{"@id":"https:\/\/cubukled.com\/#\/schema\/logo\/image\/"},"sameAs":["https:\/\/www.facebook.com\/cubukled","https:\/\/x.com\/cubukled","https:\/\/tr.pinterest.com\/Cubuk_Led\/","https:\/\/www.instagram.com\/cubukled\/","https:\/\/www.linkedin.com\/company\/cubukled","https:\/\/www.threads.net\/@cubukled","https:\/\/www.youtube.com\/@cubukled","https:\/\/twitter.com\/cubukled"]}]}},"_links":{"self":[{"href":"https:\/\/cubukled.com\/de\/wp-json\/wp\/v2\/product\/7068","targetHints":{"allow":["GET"]}}],"collection":[{"href":"https:\/\/cubukled.com\/de\/wp-json\/wp\/v2\/product"}],"about":[{"href":"https:\/\/cubukled.com\/de\/wp-json\/wp\/v2\/types\/product"}],"wp:featuredmedia":[{"embeddable":true,"href":"https:\/\/cubukled.com\/de\/wp-json\/wp\/v2\/media\/7069"}],"wp:attachment":[{"href":"https:\/\/cubukled.com\/de\/wp-json\/wp\/v2\/media?parent=7068"}],"wp:term":[{"taxonomy":"product_brand","embeddable":true,"href":"https:\/\/cubukled.com\/de\/wp-json\/wp\/v2\/product_brand?post=7068"},{"taxonomy":"product_cat","embeddable":true,"href":"https:\/\/cubukled.com\/de\/wp-json\/wp\/v2\/product_cat?post=7068"},{"taxonomy":"product_tag","embeddable":true,"href":"https:\/\/cubukled.com\/de\/wp-json\/wp\/v2\/product_tag?post=7068"}],"curies":[{"name":"wp","href":"https:\/\/api.w.org\/{rel}","templated":true}]}}