{"id":7037,"date":"2026-01-20T13:45:52","date_gmt":"2026-01-20T10:45:52","guid":{"rendered":"https:\/\/cubukled.com\/?post_type=product&#038;p=7037"},"modified":"2026-01-22T16:40:46","modified_gmt":"2026-01-22T13:40:46","slug":"lrs-100-24-guc-kaynagi","status":"publish","type":"product","link":"https:\/\/cubukled.com\/de\/lrs-100-24-guc-kaynagi\/","title":{"rendered":"LRS 100 24 Netzteil"},"content":{"rendered":"<p>Das Netzteil LRS 100 24 ist ein Produkt der Marke Mean Well. Dieser LED-Treiber liefert 24 V. Das 100-W-LED-Transformatormodell der LRS-Serie liefert einen maximalen Strom von 4,5 A. Dieses LED-Motormodell wandelt 220 V Wechselstrom in 24 V Gleichstrom um und versorgt LEDs mit Strom.<\/p>\n<p><strong>Elektrische Eigenschaften:<\/strong><\/p>\n<ul>\n<li>Leistung: 100 W<\/li>\n<li>Ausgangsspannung: 24 V DC<\/li>\n<li>Ausgangsstrom: 4,5 A<\/li>\n<\/ul>\n<p><strong>Abmessungen:<\/strong><\/p>\n<ul>\n<li>L\u00e4nge: 129 mm<\/li>\n<li>Breite: 97 mm<\/li>\n<li>H\u00f6he: 30 mm<!--EndFragment --><\/li>\n<\/ul>\n<p><strong>Verwendung:<\/strong><\/p>\n<ul>\n<li>Innenraum<\/li>\n<\/ul>","protected":false},"excerpt":{"rendered":"<p><em><strong>*Anmerkungen:<\/strong>\u00a0Die Preisgestaltung richtet sich nach dem jeweiligen Projekt. F\u00fcr weitere Informationen kontaktieren Sie uns bitte.\u00a0<a href=\"https:\/\/cubukled.com\/de\/cubuk-led-iletisim\/\">Bitte kontaktieren Sie uns.<\/a><\/em><\/p>\n<p><strong>St\u00e4rke:<\/strong> 100 W<\/p>\n<p><strong>Ausgangsspannung:<\/strong> 24 V Gleichstrom<\/p>\n<p><strong>Ausgangsstrom:<\/strong> 4,5 A<\/p>\n<p><strong>Abmessungen: <\/strong>(L x B x H) 129 x 97 x 30 mm<\/p>\n<p><strong>Verwendung:<\/strong> Innenraum<\/p>","protected":false},"featured_media":7038,"template":"","meta":{"_joinchat":[]},"product_brand":[],"product_cat":[3414],"product_tag":[3436,3437,3440,3438,3439,3441],"class_list":{"0":"post-7037","1":"product","2":"type-product","3":"status-publish","4":"has-post-thumbnail","6":"product_cat-ic-mekan-led-driver","7":"product_tag-lrs-100-24","8":"product_tag-mean-well-lrs-100-24","9":"product_tag-mean-well-lrs-100w-24v","10":"product_tag-meanwell-lrs-100-24","11":"product_tag-meanwell-lrs100-24","12":"product_tag-mw-lrs-100-24","14":"first","15":"instock","16":"sale","17":"taxable","18":"shipping-taxable","19":"purchasable","20":"product-type-simple","21":"customify-col"},"yoast_head":"<!-- This site is optimized with the Yoast SEO plugin v27.2 - https:\/\/yoast.com\/product\/yoast-seo-wordpress\/ -->\n<title>LRS 100 24 Mean Well - LED Trafo<\/title>\n<meta name=\"description\" content=\"LRS 100 24 Mean Well LED driver 100w g\u00fcc\u00fcndedir. 24V DC elektrik sa\u011flar. G\u00fc\u00e7 kayna\u011f\u0131 maksimum 4,5A ak\u0131m verir. \u00d6l\u00e7\u00fcleri: 159x97x30mm\" \/>\n<meta name=\"robots\" content=\"index, follow, max-snippet:-1, max-image-preview:large, max-video-preview:-1\" \/>\n<link rel=\"canonical\" href=\"https:\/\/cubukled.com\/de\/lrs-100-24-guc-kaynagi\/\" \/>\n<meta property=\"og:locale\" content=\"de_DE\" \/>\n<meta property=\"og:type\" content=\"article\" \/>\n<meta property=\"og:title\" content=\"LRS 100 24 Mean Well - LED Trafo\" \/>\n<meta property=\"og:description\" content=\"LRS 100 24 Mean Well LED driver 100w g\u00fcc\u00fcndedir. 24V DC elektrik sa\u011flar. G\u00fc\u00e7 kayna\u011f\u0131 maksimum 4,5A ak\u0131m verir. \u00d6l\u00e7\u00fcleri: 159x97x30mm\" \/>\n<meta property=\"og:url\" content=\"https:\/\/cubukled.com\/de\/lrs-100-24-guc-kaynagi\/\" \/>\n<meta property=\"og:site_name\" content=\"\u00c7ubuk LED\" \/>\n<meta property=\"article:publisher\" content=\"https:\/\/www.facebook.com\/cubukled\" \/>\n<meta property=\"article:modified_time\" content=\"2026-01-22T13:40:46+00:00\" \/>\n<meta property=\"og:image\" content=\"https:\/\/cubukled.com\/wp-content\/uploads\/2026\/01\/lrs-100-24.jpg\" \/>\n\t<meta property=\"og:image:width\" content=\"600\" \/>\n\t<meta property=\"og:image:height\" content=\"600\" \/>\n\t<meta property=\"og:image:type\" content=\"image\/jpeg\" \/>\n<meta name=\"twitter:card\" content=\"summary_large_image\" \/>\n<meta name=\"twitter:site\" content=\"@cubukled\" \/>\n<meta name=\"twitter:label1\" content=\"Gesch\u00e4tzte Lesezeit\" \/>\n\t<meta name=\"twitter:data1\" content=\"1\u00a0Minute\" \/>\n<script type=\"application\/ld+json\" class=\"yoast-schema-graph\">{\"@context\":\"https:\/\/schema.org\",\"@graph\":[{\"@type\":[\"WebPage\",\"ItemPage\"],\"@id\":\"https:\/\/cubukled.com\/lrs-100-24-guc-kaynagi\/\",\"url\":\"https:\/\/cubukled.com\/lrs-100-24-guc-kaynagi\/\",\"name\":\"LRS 100 24 Mean Well - LED Trafo\",\"isPartOf\":{\"@id\":\"https:\/\/cubukled.com\/#website\"},\"primaryImageOfPage\":{\"@id\":\"https:\/\/cubukled.com\/lrs-100-24-guc-kaynagi\/#primaryimage\"},\"image\":{\"@id\":\"https:\/\/cubukled.com\/lrs-100-24-guc-kaynagi\/#primaryimage\"},\"thumbnailUrl\":\"https:\/\/cubukled.com\/wp-content\/uploads\/2026\/01\/lrs-100-24.jpg\",\"datePublished\":\"2026-01-20T10:45:52+00:00\",\"dateModified\":\"2026-01-22T13:40:46+00:00\",\"description\":\"LRS 100 24 Mean Well LED driver 100w g\u00fcc\u00fcndedir. 24V DC elektrik sa\u011flar. G\u00fc\u00e7 kayna\u011f\u0131 maksimum 4,5A ak\u0131m verir. \u00d6l\u00e7\u00fcleri: 159x97x30mm\",\"breadcrumb\":{\"@id\":\"https:\/\/cubukled.com\/lrs-100-24-guc-kaynagi\/#breadcrumb\"},\"inLanguage\":\"de\",\"potentialAction\":[{\"@type\":\"ReadAction\",\"target\":[\"https:\/\/cubukled.com\/lrs-100-24-guc-kaynagi\/\"]}]},{\"@type\":\"ImageObject\",\"inLanguage\":\"de\",\"@id\":\"https:\/\/cubukled.com\/lrs-100-24-guc-kaynagi\/#primaryimage\",\"url\":\"https:\/\/cubukled.com\/wp-content\/uploads\/2026\/01\/lrs-100-24.jpg\",\"contentUrl\":\"https:\/\/cubukled.com\/wp-content\/uploads\/2026\/01\/lrs-100-24.jpg\",\"width\":600,\"height\":600,\"caption\":\"lrs 100 24\"},{\"@type\":\"BreadcrumbList\",\"@id\":\"https:\/\/cubukled.com\/lrs-100-24-guc-kaynagi\/#breadcrumb\",\"itemListElement\":[{\"@type\":\"ListItem\",\"position\":1,\"name\":\"Ana sayfa\",\"item\":\"https:\/\/cubukled.com\/\"},{\"@type\":\"ListItem\",\"position\":2,\"name\":\"Ma\u011faza\",\"item\":\"https:\/\/cubukled.com\/magaza\/\"},{\"@type\":\"ListItem\",\"position\":3,\"name\":\"LRS 100 24 G\u00fc\u00e7 Kayna\u011f\u0131\"}]},{\"@type\":\"WebSite\",\"@id\":\"https:\/\/cubukled.com\/#website\",\"url\":\"https:\/\/cubukled.com\/\",\"name\":\"\u00c7ubuk LED\",\"description\":\"Cephe Ayd\u0131nlatma, Ayd\u0131nlatma Tasar\u0131m\u0131, D\u0131\u015f Mekan Animasyon Sistemleri, RGB DMX Cephe LED Animasyon\",\"publisher\":{\"@id\":\"https:\/\/cubukled.com\/#organization\"},\"alternateName\":\"cubukled\",\"potentialAction\":[{\"@type\":\"SearchAction\",\"target\":{\"@type\":\"EntryPoint\",\"urlTemplate\":\"https:\/\/cubukled.com\/?s={search_term_string}\"},\"query-input\":{\"@type\":\"PropertyValueSpecification\",\"valueRequired\":true,\"valueName\":\"search_term_string\"}}],\"inLanguage\":\"de\"},{\"@type\":\"Organization\",\"@id\":\"https:\/\/cubukled.com\/#organization\",\"name\":\"\u00c7ubuk LED\",\"alternateName\":\"cubukled\",\"url\":\"https:\/\/cubukled.com\/\",\"logo\":{\"@type\":\"ImageObject\",\"inLanguage\":\"de\",\"@id\":\"https:\/\/cubukled.com\/#\/schema\/logo\/image\/\",\"url\":\"https:\/\/cubukled.com\/wp-content\/uploads\/2020\/06\/cubukled-logo.jpeg\",\"contentUrl\":\"https:\/\/cubukled.com\/wp-content\/uploads\/2020\/06\/cubukled-logo.jpeg\",\"width\":1169,\"height\":669,\"caption\":\"\u00c7ubuk LED\"},\"image\":{\"@id\":\"https:\/\/cubukled.com\/#\/schema\/logo\/image\/\"},\"sameAs\":[\"https:\/\/www.facebook.com\/cubukled\",\"https:\/\/x.com\/cubukled\",\"https:\/\/tr.pinterest.com\/Cubuk_Led\/\",\"https:\/\/www.instagram.com\/cubukled\/\",\"https:\/\/www.linkedin.com\/company\/cubukled\",\"https:\/\/www.threads.net\/@cubukled\",\"https:\/\/www.youtube.com\/@cubukled\",\"https:\/\/twitter.com\/cubukled\"]}]}<\/script>\n<!-- \/ Yoast SEO plugin. -->","yoast_head_json":{"title":"LRS 100 24 Mean Well - LED Trafo","description":"LRS 100 24 Mean Well LED driver 100w g\u00fcc\u00fcndedir. 24V DC elektrik sa\u011flar. G\u00fc\u00e7 kayna\u011f\u0131 maksimum 4,5A ak\u0131m verir. \u00d6l\u00e7\u00fcleri: 159x97x30mm","robots":{"index":"index","follow":"follow","max-snippet":"max-snippet:-1","max-image-preview":"max-image-preview:large","max-video-preview":"max-video-preview:-1"},"canonical":"https:\/\/cubukled.com\/de\/lrs-100-24-guc-kaynagi\/","og_locale":"de_DE","og_type":"article","og_title":"LRS 100 24 Mean Well - LED Trafo","og_description":"LRS 100 24 Mean Well LED driver 100w g\u00fcc\u00fcndedir. 24V DC elektrik sa\u011flar. G\u00fc\u00e7 kayna\u011f\u0131 maksimum 4,5A ak\u0131m verir. \u00d6l\u00e7\u00fcleri: 159x97x30mm","og_url":"https:\/\/cubukled.com\/de\/lrs-100-24-guc-kaynagi\/","og_site_name":"\u00c7ubuk LED","article_publisher":"https:\/\/www.facebook.com\/cubukled","article_modified_time":"2026-01-22T13:40:46+00:00","og_image":[{"width":600,"height":600,"url":"https:\/\/cubukled.com\/wp-content\/uploads\/2026\/01\/lrs-100-24.jpg","type":"image\/jpeg"}],"twitter_card":"summary_large_image","twitter_site":"@cubukled","twitter_misc":{"Gesch\u00e4tzte Lesezeit":"1\u00a0Minute"},"schema":{"@context":"https:\/\/schema.org","@graph":[{"@type":["WebPage","ItemPage"],"@id":"https:\/\/cubukled.com\/lrs-100-24-guc-kaynagi\/","url":"https:\/\/cubukled.com\/lrs-100-24-guc-kaynagi\/","name":"LRS 100 24 Mean Well - LED Trafo","isPartOf":{"@id":"https:\/\/cubukled.com\/#website"},"primaryImageOfPage":{"@id":"https:\/\/cubukled.com\/lrs-100-24-guc-kaynagi\/#primaryimage"},"image":{"@id":"https:\/\/cubukled.com\/lrs-100-24-guc-kaynagi\/#primaryimage"},"thumbnailUrl":"https:\/\/cubukled.com\/wp-content\/uploads\/2026\/01\/lrs-100-24.jpg","datePublished":"2026-01-20T10:45:52+00:00","dateModified":"2026-01-22T13:40:46+00:00","description":"LRS 100 24 Mean Well LED driver 100w g\u00fcc\u00fcndedir. 24V DC elektrik sa\u011flar. G\u00fc\u00e7 kayna\u011f\u0131 maksimum 4,5A ak\u0131m verir. \u00d6l\u00e7\u00fcleri: 159x97x30mm","breadcrumb":{"@id":"https:\/\/cubukled.com\/lrs-100-24-guc-kaynagi\/#breadcrumb"},"inLanguage":"de","potentialAction":[{"@type":"ReadAction","target":["https:\/\/cubukled.com\/lrs-100-24-guc-kaynagi\/"]}]},{"@type":"ImageObject","inLanguage":"de","@id":"https:\/\/cubukled.com\/lrs-100-24-guc-kaynagi\/#primaryimage","url":"https:\/\/cubukled.com\/wp-content\/uploads\/2026\/01\/lrs-100-24.jpg","contentUrl":"https:\/\/cubukled.com\/wp-content\/uploads\/2026\/01\/lrs-100-24.jpg","width":600,"height":600,"caption":"lrs 100 24"},{"@type":"BreadcrumbList","@id":"https:\/\/cubukled.com\/lrs-100-24-guc-kaynagi\/#breadcrumb","itemListElement":[{"@type":"ListItem","position":1,"name":"Ana sayfa","item":"https:\/\/cubukled.com\/"},{"@type":"ListItem","position":2,"name":"Ma\u011faza","item":"https:\/\/cubukled.com\/magaza\/"},{"@type":"ListItem","position":3,"name":"LRS 100 24 G\u00fc\u00e7 Kayna\u011f\u0131"}]},{"@type":"WebSite","@id":"https:\/\/cubukled.com\/#website","url":"https:\/\/cubukled.com\/","name":"Stab-LED","description":"Fassadenbeleuchtung, Lichtdesign, Au\u00dfenanimationssysteme, RGB DMX Fassaden-LED-Animation","publisher":{"@id":"https:\/\/cubukled.com\/#organization"},"alternateName":"cubukled","potentialAction":[{"@type":"SearchAction","target":{"@type":"EntryPoint","urlTemplate":"https:\/\/cubukled.com\/?s={search_term_string}"},"query-input":{"@type":"PropertyValueSpecification","valueRequired":true,"valueName":"search_term_string"}}],"inLanguage":"de"},{"@type":"Organization","@id":"https:\/\/cubukled.com\/#organization","name":"Stab-LED","alternateName":"cubukled","url":"https:\/\/cubukled.com\/","logo":{"@type":"ImageObject","inLanguage":"de","@id":"https:\/\/cubukled.com\/#\/schema\/logo\/image\/","url":"https:\/\/cubukled.com\/wp-content\/uploads\/2020\/06\/cubukled-logo.jpeg","contentUrl":"https:\/\/cubukled.com\/wp-content\/uploads\/2020\/06\/cubukled-logo.jpeg","width":1169,"height":669,"caption":"\u00c7ubuk LED"},"image":{"@id":"https:\/\/cubukled.com\/#\/schema\/logo\/image\/"},"sameAs":["https:\/\/www.facebook.com\/cubukled","https:\/\/x.com\/cubukled","https:\/\/tr.pinterest.com\/Cubuk_Led\/","https:\/\/www.instagram.com\/cubukled\/","https:\/\/www.linkedin.com\/company\/cubukled","https:\/\/www.threads.net\/@cubukled","https:\/\/www.youtube.com\/@cubukled","https:\/\/twitter.com\/cubukled"]}]}},"_links":{"self":[{"href":"https:\/\/cubukled.com\/de\/wp-json\/wp\/v2\/product\/7037","targetHints":{"allow":["GET"]}}],"collection":[{"href":"https:\/\/cubukled.com\/de\/wp-json\/wp\/v2\/product"}],"about":[{"href":"https:\/\/cubukled.com\/de\/wp-json\/wp\/v2\/types\/product"}],"wp:featuredmedia":[{"embeddable":true,"href":"https:\/\/cubukled.com\/de\/wp-json\/wp\/v2\/media\/7038"}],"wp:attachment":[{"href":"https:\/\/cubukled.com\/de\/wp-json\/wp\/v2\/media?parent=7037"}],"wp:term":[{"taxonomy":"product_brand","embeddable":true,"href":"https:\/\/cubukled.com\/de\/wp-json\/wp\/v2\/product_brand?post=7037"},{"taxonomy":"product_cat","embeddable":true,"href":"https:\/\/cubukled.com\/de\/wp-json\/wp\/v2\/product_cat?post=7037"},{"taxonomy":"product_tag","embeddable":true,"href":"https:\/\/cubukled.com\/de\/wp-json\/wp\/v2\/product_tag?post=7037"}],"curies":[{"name":"wp","href":"https:\/\/api.w.org\/{rel}","templated":true}]}}