{"id":6874,"date":"2026-01-07T12:02:13","date_gmt":"2026-01-07T09:02:13","guid":{"rendered":"https:\/\/cubukled.com\/?post_type=product&#038;p=6874"},"modified":"2026-01-20T10:44:42","modified_gmt":"2026-01-20T07:44:42","slug":"bar-lun-79-serit-led","status":"publish","type":"product","link":"https:\/\/cubukled.com\/de\/bar-lun-79-serit-led\/","title":{"rendered":"BAR-LUN-79 LED-Streifen \u2013 Ultrad\u00fcnn, 5 mm"},"content":{"rendered":"<p><strong>BAR-LUN-79 LED-Streifen<\/strong> Mit einer Breite von nur 5 mm bietet es ein sehr d\u00fcnnes Licht. Das LED-Streifenmodell ist standardm\u00e4\u00dfig in 5-Meter-Rollen erh\u00e4ltlich. Es verf\u00fcgt \u00fcber 120 LEDs pro Meter. Das Produkt ist f\u00fcr den Innenbereich geeignet. Die Anbringung erfolgt direkt mit doppelseitigem Klebeband oder in einem 7 mm breiten Profil.<\/p>\n<p>Das Produkt eignet sich f\u00fcr Anwendungen wie Vitrinen, Schubladen, Regale, Barrisol-Decken, M\u00f6bel, Schr\u00e4nke und Einbauleuchten. Die LED-Streifen-Serie umfasst Modelle, die mit 12-Volt- oder 24-Volt-Gleichstrom-LED-Treibern kompatibel sind.<\/p>\n<figure id=\"attachment_6875\" aria-describedby=\"caption-attachment-6875\" style=\"width: 400px\" class=\"wp-caption aligncenter\"><a href=\"https:\/\/cubukled.com\/wp-content\/uploads\/2026\/01\/5mm-serit-led-olculeri.jpg\"><img fetchpriority=\"high\" decoding=\"async\" class=\"size-full wp-image-6875\" src=\"https:\/\/cubukled.com\/wp-content\/uploads\/2026\/01\/5mm-serit-led-olculeri.jpg\" alt=\"5mm \u015ferit led \u00f6l\u00e7\u00fcleri\" width=\"400\" height=\"200\" srcset=\"https:\/\/cubukled.com\/wp-content\/uploads\/2026\/01\/5mm-serit-led-olculeri.jpg 400w, https:\/\/cubukled.com\/wp-content\/uploads\/2026\/01\/5mm-serit-led-olculeri-300x150.jpg 300w, https:\/\/cubukled.com\/wp-content\/uploads\/2026\/01\/5mm-serit-led-olculeri-18x9.jpg 18w\" sizes=\"(max-width: 400px) 100vw, 400px\" \/><\/a><figcaption id=\"caption-attachment-6875\" class=\"wp-caption-text\">Abmessungen des 5-mm-LED-Streifens<\/figcaption><\/figure>\n<h2>BAR-LUN-79 LED-Streifen 5 mm<\/h2>\n<p><strong>0,5 cm LED-Streifen <\/strong>f\u00fcr das Modell <a href=\"https:\/\/cubukled.com\/de\/bar-lun-79-led-profil\/\">BAR-LUN-79 LED-Profil<\/a> Sie k\u00f6nnen das Kunststoffgeh\u00e4use verwenden. Da das Geh\u00e4use 7 mm breit ist, passt die Schiene im Inneren f\u00fcr diesen LED-Streifen.<\/p>\n<table width=\"637\">\n<tbody>\n<tr>\n<td width=\"166\"><strong>Produkt<\/strong><\/td>\n<td width=\"206\"><strong>Stromversorgung<\/strong><\/td>\n<td width=\"71\"><strong>LED Anzahl<\/strong><\/td>\n<td width=\"130\"><strong>Leichte Optionen<\/strong><\/td>\n<td width=\"64\"><strong>Ma\u00dfnahme<\/strong><\/td>\n<\/tr>\n<tr>\n<td>BAR-LUN-79 LED-Streifen 5 mm<\/td>\n<td>12 V Gleichspannung oder 24 V Gleichspannung (Konstantspannung)<\/td>\n<td>120 St\u00fcck\/Meter 2835 Chips<\/td>\n<td>3000K, 4000K, 6500K<\/td>\n<td>0,5 cm<\/td>\n<\/tr>\n<\/tbody>\n<\/table>\n<h2>Wie w\u00e4hlt man einen LED-Transformator aus?<\/h2>\n<ul>\n<li>Wenn das Produkt mit 12 V Gleichstrom betrieben wird und 9,6 W\/m verbraucht, k\u00f6nnen Sie ein Netzteil mit 1 A pro Meter verwenden. Da 9,6 W \/ 12 V = 800 mA, sollten Sie einen h\u00f6heren Wert w\u00e4hlen. Um Spannungsabf\u00e4lle bei Reihenschaltungen zu vermeiden, sollte die maximale Gesamtl\u00e4nge 4 Meter nicht \u00fcberschreiten.<\/li>\n<li>Wenn das Produkt mit 24 V Gleichstrom betrieben wird und 9,6 W\/m verbraucht, k\u00f6nnen Sie f\u00fcr je zwei Meter ein 1-A-Netzteil verwenden. Denn 9,6 W \/ 24 V = 400 mA, was bedeutet, dass es auf zwei Metern 800 mA verbraucht. Die n\u00e4chsth\u00f6here Amperezahl betr\u00e4gt 1 A. Um Spannungsabf\u00e4lle bei Reihenschaltungen zu vermeiden, sollte die maximale Gesamtl\u00e4nge 4 Meter nicht \u00fcberschreiten.<\/li>\n<\/ul>\n<p>Nehmen wir beispielsweise an, wir haben einen 12-V-Gleichstrom-LED-Streifen gekauft. Wenn dieser LED-Streifen eine Leistung von 9,6 W\/m hat, betr\u00e4gt der Gesamtstromverbrauch bei einer L\u00e4nge von 4 Metern 38,4 W. Die Rechnung 38,4 W \/ 12 ergibt 3,2 Ampere. Das bedeutet, dass Sie ein 4-Ampere-Netzteil ben\u00f6tigen.<\/p>","protected":false},"excerpt":{"rendered":"<p><em><strong>*Anmerkungen:<\/strong> Die Preisgestaltung richtet sich nach dem jeweiligen Projekt. F\u00fcr weitere Informationen kontaktieren Sie uns bitte. <a href=\"https:\/\/cubukled.com\/de\/cubuk-led-iletisim\/\">Bitte kontaktieren Sie uns.<\/a><\/em><\/p>\n<p><strong>Leistungsaufnahme:<\/strong> 12 V Gleichstrom oder 24 V Gleichstrom<\/p>\n<p><strong>Farboptionen:<\/strong> 3000K, 4000K, 6500K<\/p>\n<p><strong>LED Anzahl:<\/strong> 120 St\u00fcck\/mt<\/p>\n<p><strong>Abmessungen der Basisplatine:<\/strong> 5 mm<\/p>","protected":false},"featured_media":6866,"template":"","meta":{"_joinchat":[]},"product_brand":[],"product_cat":[109,3336],"product_tag":[2411,3179,3178,131],"class_list":{"0":"post-6874","1":"product","2":"type-product","3":"status-publish","4":"has-post-thumbnail","6":"product_cat-aydinlatma-urunleri","7":"product_cat-sabit-gerilim-serit-led","8":"product_tag-led-bar","9":"product_tag-led-bar-aydinlatma","10":"product_tag-led-bar-sp70","11":"product_tag-sp70","12":"pa_gucgirisi-12vdc","13":"pa_gucgirisi-24vdc","14":"pa_isikrengi-3000kelvin","15":"pa_isikrengi-4000kelvin","16":"pa_isikrengi-6500kelvin","17":"pa_ledmiktari-120-led","18":"pa_tabanpcbolculeri-5mm-led","20":"first","21":"instock","22":"sale","23":"taxable","24":"shipping-taxable","25":"purchasable","26":"product-type-simple","27":"customify-col","28":"product-has-gallery"},"yoast_head":"<!-- This site is optimized with the Yoast SEO plugin v27.2 - https:\/\/yoast.com\/product\/yoast-seo-wordpress\/ -->\n<title>BAR-LUN-79 \u015eerit LED 5MM<\/title>\n<meta name=\"description\" content=\"BAR-LUN-79 \u015ferit LED 5mm ince bir yap\u0131ya sahiptir. Bu \u00fcr\u00fcn\u00fc i\u00e7 mekanda zarif dekoratif uygulamalarda kullanabilirsiniz. Profil i\u00e7erisine de koyabilirsiniz.\" \/>\n<meta name=\"robots\" content=\"index, follow, max-snippet:-1, max-image-preview:large, max-video-preview:-1\" \/>\n<link rel=\"canonical\" href=\"https:\/\/cubukled.com\/de\/bar-lun-79-serit-led\/\" \/>\n<meta property=\"og:locale\" content=\"de_DE\" \/>\n<meta property=\"og:type\" content=\"article\" \/>\n<meta property=\"og:title\" content=\"BAR-LUN-79 \u015eerit LED 5MM\" \/>\n<meta property=\"og:description\" content=\"BAR-LUN-79 \u015ferit LED 5mm ince bir yap\u0131ya sahiptir. Bu \u00fcr\u00fcn\u00fc i\u00e7 mekanda zarif dekoratif uygulamalarda kullanabilirsiniz. Profil i\u00e7erisine de koyabilirsiniz.\" \/>\n<meta property=\"og:url\" content=\"https:\/\/cubukled.com\/de\/bar-lun-79-serit-led\/\" \/>\n<meta property=\"og:site_name\" content=\"\u00c7ubuk LED\" \/>\n<meta property=\"article:publisher\" content=\"https:\/\/www.facebook.com\/cubukled\" \/>\n<meta property=\"article:modified_time\" content=\"2026-01-20T07:44:42+00:00\" \/>\n<meta property=\"og:image\" content=\"https:\/\/cubukled.com\/wp-content\/uploads\/2026\/01\/bar-lun-serit-led.jpg\" \/>\n\t<meta property=\"og:image:width\" content=\"1000\" \/>\n\t<meta property=\"og:image:height\" content=\"1000\" \/>\n\t<meta property=\"og:image:type\" content=\"image\/jpeg\" \/>\n<meta name=\"twitter:card\" content=\"summary_large_image\" \/>\n<meta name=\"twitter:site\" content=\"@cubukled\" \/>\n<meta name=\"twitter:label1\" content=\"Gesch\u00e4tzte Lesezeit\" \/>\n\t<meta name=\"twitter:data1\" content=\"3\u00a0Minuten\" \/>\n<script type=\"application\/ld+json\" class=\"yoast-schema-graph\">{\"@context\":\"https:\/\/schema.org\",\"@graph\":[{\"@type\":[\"WebPage\",\"ItemPage\"],\"@id\":\"https:\/\/cubukled.com\/bar-lun-79-serit-led\/\",\"url\":\"https:\/\/cubukled.com\/bar-lun-79-serit-led\/\",\"name\":\"BAR-LUN-79 \u015eerit LED 5MM\",\"isPartOf\":{\"@id\":\"https:\/\/cubukled.com\/#website\"},\"primaryImageOfPage\":{\"@id\":\"https:\/\/cubukled.com\/bar-lun-79-serit-led\/#primaryimage\"},\"image\":{\"@id\":\"https:\/\/cubukled.com\/bar-lun-79-serit-led\/#primaryimage\"},\"thumbnailUrl\":\"https:\/\/cubukled.com\/wp-content\/uploads\/2026\/01\/bar-lun-serit-led.jpg\",\"datePublished\":\"2026-01-07T09:02:13+00:00\",\"dateModified\":\"2026-01-20T07:44:42+00:00\",\"description\":\"BAR-LUN-79 \u015ferit LED 5mm ince bir yap\u0131ya sahiptir. Bu \u00fcr\u00fcn\u00fc i\u00e7 mekanda zarif dekoratif uygulamalarda kullanabilirsiniz. Profil i\u00e7erisine de koyabilirsiniz.\",\"breadcrumb\":{\"@id\":\"https:\/\/cubukled.com\/bar-lun-79-serit-led\/#breadcrumb\"},\"inLanguage\":\"de\",\"potentialAction\":[{\"@type\":\"ReadAction\",\"target\":[\"https:\/\/cubukled.com\/bar-lun-79-serit-led\/\"]}]},{\"@type\":\"ImageObject\",\"inLanguage\":\"de\",\"@id\":\"https:\/\/cubukled.com\/bar-lun-79-serit-led\/#primaryimage\",\"url\":\"https:\/\/cubukled.com\/wp-content\/uploads\/2026\/01\/bar-lun-serit-led.jpg\",\"contentUrl\":\"https:\/\/cubukled.com\/wp-content\/uploads\/2026\/01\/bar-lun-serit-led.jpg\",\"width\":1000,\"height\":1000,\"caption\":\"BAR-LUN \u015ferit led\"},{\"@type\":\"BreadcrumbList\",\"@id\":\"https:\/\/cubukled.com\/bar-lun-79-serit-led\/#breadcrumb\",\"itemListElement\":[{\"@type\":\"ListItem\",\"position\":1,\"name\":\"Ana sayfa\",\"item\":\"https:\/\/cubukled.com\/\"},{\"@type\":\"ListItem\",\"position\":2,\"name\":\"Ma\u011faza\",\"item\":\"https:\/\/cubukled.com\/magaza\/\"},{\"@type\":\"ListItem\",\"position\":3,\"name\":\"BAR-LUN-79 \u015eerit LED &#8211; Ultra \u0130nce 5mm\"}]},{\"@type\":\"WebSite\",\"@id\":\"https:\/\/cubukled.com\/#website\",\"url\":\"https:\/\/cubukled.com\/\",\"name\":\"\u00c7ubuk LED\",\"description\":\"Cephe Ayd\u0131nlatma, Ayd\u0131nlatma Tasar\u0131m\u0131, D\u0131\u015f Mekan Animasyon Sistemleri, RGB DMX Cephe LED Animasyon\",\"publisher\":{\"@id\":\"https:\/\/cubukled.com\/#organization\"},\"alternateName\":\"cubukled\",\"potentialAction\":[{\"@type\":\"SearchAction\",\"target\":{\"@type\":\"EntryPoint\",\"urlTemplate\":\"https:\/\/cubukled.com\/?s={search_term_string}\"},\"query-input\":{\"@type\":\"PropertyValueSpecification\",\"valueRequired\":true,\"valueName\":\"search_term_string\"}}],\"inLanguage\":\"de\"},{\"@type\":\"Organization\",\"@id\":\"https:\/\/cubukled.com\/#organization\",\"name\":\"\u00c7ubuk LED\",\"alternateName\":\"cubukled\",\"url\":\"https:\/\/cubukled.com\/\",\"logo\":{\"@type\":\"ImageObject\",\"inLanguage\":\"de\",\"@id\":\"https:\/\/cubukled.com\/#\/schema\/logo\/image\/\",\"url\":\"https:\/\/cubukled.com\/wp-content\/uploads\/2020\/06\/cubukled-logo.jpeg\",\"contentUrl\":\"https:\/\/cubukled.com\/wp-content\/uploads\/2020\/06\/cubukled-logo.jpeg\",\"width\":1169,\"height\":669,\"caption\":\"\u00c7ubuk LED\"},\"image\":{\"@id\":\"https:\/\/cubukled.com\/#\/schema\/logo\/image\/\"},\"sameAs\":[\"https:\/\/www.facebook.com\/cubukled\",\"https:\/\/x.com\/cubukled\",\"https:\/\/tr.pinterest.com\/Cubuk_Led\/\",\"https:\/\/www.instagram.com\/cubukled\/\",\"https:\/\/www.linkedin.com\/company\/cubukled\",\"https:\/\/www.threads.net\/@cubukled\",\"https:\/\/www.youtube.com\/@cubukled\",\"https:\/\/twitter.com\/cubukled\"]}]}<\/script>\n<!-- \/ Yoast SEO plugin. -->","yoast_head_json":{"title":"BAR-LUN-79 LED-Streifen 5 mm","description":"BAR-LUN-79 \u015ferit LED 5mm ince bir yap\u0131ya sahiptir. Bu \u00fcr\u00fcn\u00fc i\u00e7 mekanda zarif dekoratif uygulamalarda kullanabilirsiniz. Profil i\u00e7erisine de koyabilirsiniz.","robots":{"index":"index","follow":"follow","max-snippet":"max-snippet:-1","max-image-preview":"max-image-preview:large","max-video-preview":"max-video-preview:-1"},"canonical":"https:\/\/cubukled.com\/de\/bar-lun-79-serit-led\/","og_locale":"de_DE","og_type":"article","og_title":"BAR-LUN-79 \u015eerit LED 5MM","og_description":"BAR-LUN-79 \u015ferit LED 5mm ince bir yap\u0131ya sahiptir. Bu \u00fcr\u00fcn\u00fc i\u00e7 mekanda zarif dekoratif uygulamalarda kullanabilirsiniz. Profil i\u00e7erisine de koyabilirsiniz.","og_url":"https:\/\/cubukled.com\/de\/bar-lun-79-serit-led\/","og_site_name":"\u00c7ubuk LED","article_publisher":"https:\/\/www.facebook.com\/cubukled","article_modified_time":"2026-01-20T07:44:42+00:00","og_image":[{"width":1000,"height":1000,"url":"https:\/\/cubukled.com\/wp-content\/uploads\/2026\/01\/bar-lun-serit-led.jpg","type":"image\/jpeg"}],"twitter_card":"summary_large_image","twitter_site":"@cubukled","twitter_misc":{"Gesch\u00e4tzte Lesezeit":"3\u00a0Minuten"},"schema":{"@context":"https:\/\/schema.org","@graph":[{"@type":["WebPage","ItemPage"],"@id":"https:\/\/cubukled.com\/bar-lun-79-serit-led\/","url":"https:\/\/cubukled.com\/bar-lun-79-serit-led\/","name":"BAR-LUN-79 LED-Streifen 5 mm","isPartOf":{"@id":"https:\/\/cubukled.com\/#website"},"primaryImageOfPage":{"@id":"https:\/\/cubukled.com\/bar-lun-79-serit-led\/#primaryimage"},"image":{"@id":"https:\/\/cubukled.com\/bar-lun-79-serit-led\/#primaryimage"},"thumbnailUrl":"https:\/\/cubukled.com\/wp-content\/uploads\/2026\/01\/bar-lun-serit-led.jpg","datePublished":"2026-01-07T09:02:13+00:00","dateModified":"2026-01-20T07:44:42+00:00","description":"BAR-LUN-79 \u015ferit LED 5mm ince bir yap\u0131ya sahiptir. Bu \u00fcr\u00fcn\u00fc i\u00e7 mekanda zarif dekoratif uygulamalarda kullanabilirsiniz. Profil i\u00e7erisine de koyabilirsiniz.","breadcrumb":{"@id":"https:\/\/cubukled.com\/bar-lun-79-serit-led\/#breadcrumb"},"inLanguage":"de","potentialAction":[{"@type":"ReadAction","target":["https:\/\/cubukled.com\/bar-lun-79-serit-led\/"]}]},{"@type":"ImageObject","inLanguage":"de","@id":"https:\/\/cubukled.com\/bar-lun-79-serit-led\/#primaryimage","url":"https:\/\/cubukled.com\/wp-content\/uploads\/2026\/01\/bar-lun-serit-led.jpg","contentUrl":"https:\/\/cubukled.com\/wp-content\/uploads\/2026\/01\/bar-lun-serit-led.jpg","width":1000,"height":1000,"caption":"BAR-LUN \u015ferit led"},{"@type":"BreadcrumbList","@id":"https:\/\/cubukled.com\/bar-lun-79-serit-led\/#breadcrumb","itemListElement":[{"@type":"ListItem","position":1,"name":"Ana sayfa","item":"https:\/\/cubukled.com\/"},{"@type":"ListItem","position":2,"name":"Ma\u011faza","item":"https:\/\/cubukled.com\/magaza\/"},{"@type":"ListItem","position":3,"name":"BAR-LUN-79 \u015eerit LED &#8211; Ultra \u0130nce 5mm"}]},{"@type":"WebSite","@id":"https:\/\/cubukled.com\/#website","url":"https:\/\/cubukled.com\/","name":"Stab-LED","description":"Fassadenbeleuchtung, Lichtdesign, Au\u00dfenanimationssysteme, RGB DMX Fassaden-LED-Animation","publisher":{"@id":"https:\/\/cubukled.com\/#organization"},"alternateName":"cubukled","potentialAction":[{"@type":"SearchAction","target":{"@type":"EntryPoint","urlTemplate":"https:\/\/cubukled.com\/?s={search_term_string}"},"query-input":{"@type":"PropertyValueSpecification","valueRequired":true,"valueName":"search_term_string"}}],"inLanguage":"de"},{"@type":"Organization","@id":"https:\/\/cubukled.com\/#organization","name":"Stab-LED","alternateName":"cubukled","url":"https:\/\/cubukled.com\/","logo":{"@type":"ImageObject","inLanguage":"de","@id":"https:\/\/cubukled.com\/#\/schema\/logo\/image\/","url":"https:\/\/cubukled.com\/wp-content\/uploads\/2020\/06\/cubukled-logo.jpeg","contentUrl":"https:\/\/cubukled.com\/wp-content\/uploads\/2020\/06\/cubukled-logo.jpeg","width":1169,"height":669,"caption":"\u00c7ubuk LED"},"image":{"@id":"https:\/\/cubukled.com\/#\/schema\/logo\/image\/"},"sameAs":["https:\/\/www.facebook.com\/cubukled","https:\/\/x.com\/cubukled","https:\/\/tr.pinterest.com\/Cubuk_Led\/","https:\/\/www.instagram.com\/cubukled\/","https:\/\/www.linkedin.com\/company\/cubukled","https:\/\/www.threads.net\/@cubukled","https:\/\/www.youtube.com\/@cubukled","https:\/\/twitter.com\/cubukled"]}]}},"_links":{"self":[{"href":"https:\/\/cubukled.com\/de\/wp-json\/wp\/v2\/product\/6874","targetHints":{"allow":["GET"]}}],"collection":[{"href":"https:\/\/cubukled.com\/de\/wp-json\/wp\/v2\/product"}],"about":[{"href":"https:\/\/cubukled.com\/de\/wp-json\/wp\/v2\/types\/product"}],"wp:featuredmedia":[{"embeddable":true,"href":"https:\/\/cubukled.com\/de\/wp-json\/wp\/v2\/media\/6866"}],"wp:attachment":[{"href":"https:\/\/cubukled.com\/de\/wp-json\/wp\/v2\/media?parent=6874"}],"wp:term":[{"taxonomy":"product_brand","embeddable":true,"href":"https:\/\/cubukled.com\/de\/wp-json\/wp\/v2\/product_brand?post=6874"},{"taxonomy":"product_cat","embeddable":true,"href":"https:\/\/cubukled.com\/de\/wp-json\/wp\/v2\/product_cat?post=6874"},{"taxonomy":"product_tag","embeddable":true,"href":"https:\/\/cubukled.com\/de\/wp-json\/wp\/v2\/product_tag?post=6874"}],"curies":[{"name":"wp","href":"https:\/\/api.w.org\/{rel}","templated":true}]}}