{"id":4957,"date":"2025-07-25T09:33:08","date_gmt":"2025-07-25T06:33:08","guid":{"rendered":"https:\/\/cubukled.com\/?post_type=product&#038;p=4957"},"modified":"2025-09-09T11:46:54","modified_gmt":"2025-09-09T08:46:54","slug":"ln54","status":"publish","type":"product","link":"https:\/\/cubukled.com\/de\/ln54\/","title":{"rendered":"LN54 LEDLine Fassadenbeleuchtung"},"content":{"rendered":"<p><strong>LN54<\/strong> Der auff\u00e4lligste Unterschied dieses Profils ist seine flache Diffusorabdeckung. Als Alternative zu Modellen mit gew\u00f6lbter Abdeckung konzipiert, zeichnet sich dieses Modell durch seine breite Bauform aus. Es eignet sich sowohl f\u00fcr die Au\u00dfenbeleuchtung als auch f\u00fcr Innenr\u00e4ume. Dank seiner linearen Struktur erzeugt es ein linienf\u00f6rmiges Lichtmuster. Es bietet eine L\u00f6sung f\u00fcr die Architekturbeleuchtung mit vielf\u00e4ltigen Lichtoptionen. Die Geh\u00e4usefarbe kann entsprechend Ihrem gew\u00fcnschten RAL-Code und den jeweiligen L\u00e4ngen angepasst werden. So ist das LEDline-Modell mit seinen individuellen Gestaltungsm\u00f6glichkeiten optimal auf Ihre Bed\u00fcrfnisse zugeschnitten.<\/p>\n<h2>LN54 Fassadenbeleuchtungsmodell<\/h2>\n<p>Das Produkt mit Aluminiumgeh\u00e4use ist robust und leicht. Ein weiterer Vorteil ist seine K\u00fchlleistung. Das nat\u00fcrliche K\u00fchlsystem verl\u00e4ngert die Lebensdauer der LEDs. Zus\u00e4tzlich befindet sich unter dem Aluminiumprofil ein Hohlraum. Dieser eignet sich f\u00fcr Ein-\/Ausschaltfunktionen mit angeschlossenem Stromkabel. <a href=\"https:\/\/cubukled.com\/de\/dmx-aydinlatma\/\">DMX-Beleuchtung<\/a> Die Systeme umfassen auch Datenkabel. Diese d\u00fcrfen daher an der Fassade nicht sichtbar sein. Dank des darunterliegenden Kabelkanals sind die Kabel und Montagehalterungen nicht erkennbar.<\/p>\n<p><a href=\"https:\/\/cubukled.com\/wp-content\/uploads\/2025\/07\/lineer-led-ln54-olcu.jpg\"><img fetchpriority=\"high\" decoding=\"async\" class=\"size-full wp-image-4963 aligncenter\" src=\"https:\/\/cubukled.com\/wp-content\/uploads\/2025\/07\/lineer-led-ln54-olcu.jpg\" alt=\"ledline ln54 \u00f6l\u00e7\u00fc\" width=\"300\" height=\"300\" srcset=\"https:\/\/cubukled.com\/wp-content\/uploads\/2025\/07\/lineer-led-ln54-olcu.jpg 300w, https:\/\/cubukled.com\/wp-content\/uploads\/2025\/07\/lineer-led-ln54-olcu-150x150.jpg 150w, https:\/\/cubukled.com\/wp-content\/uploads\/2025\/07\/lineer-led-ln54-olcu-12x12.jpg 12w, https:\/\/cubukled.com\/wp-content\/uploads\/2025\/07\/lineer-led-ln54-olcu-100x100.jpg 100w\" sizes=\"(max-width: 300px) 100vw, 300px\" \/><\/a><\/p>\n<p>Je nach Lichtfarbe verf\u00fcgt das Modell \u00fcber eine LED-Leiste aus Aluminium\/FR4-Leiterplatte. Die LED-Chips sind auf dieser Platine in einem elektronischen Schaltkreis angeordnet. F\u00fcr die Au\u00dfenbeleuchtung wird eine Silikonbeschichtung aufgetragen, um diesen Bereich vor Wasser zu sch\u00fctzen. Um Farbver\u00e4nderungen zu vermeiden, muss die Beschichtung gleichm\u00e4\u00dfig und homogen aufgetragen werden. Dies erreichen wir durch den Einsatz einer CNC-Maschine f\u00fcr gleichm\u00e4\u00dfiges Gie\u00dfen. Dadurch ist die mit Polymer beschichtete LED-Leiste vor Wasser gesch\u00fctzt. Unten sehen Sie ein Beispielfoto des LED-Leisten-Modells:<\/p>\n<figure id=\"attachment_4964\" aria-describedby=\"caption-attachment-4964\" style=\"width: 300px\" class=\"wp-caption aligncenter\"><a href=\"https:\/\/cubukled.com\/wp-content\/uploads\/2025\/07\/ln54-lineer-led-modeli.jpg\"><img decoding=\"async\" class=\"wp-image-4964 size-full\" src=\"https:\/\/cubukled.com\/wp-content\/uploads\/2025\/07\/ln54-lineer-led-modeli.jpg\" alt=\"ln54 model linear led\" width=\"300\" height=\"300\" srcset=\"https:\/\/cubukled.com\/wp-content\/uploads\/2025\/07\/ln54-lineer-led-modeli.jpg 300w, https:\/\/cubukled.com\/wp-content\/uploads\/2025\/07\/ln54-lineer-led-modeli-150x150.jpg 150w, https:\/\/cubukled.com\/wp-content\/uploads\/2025\/07\/ln54-lineer-led-modeli-12x12.jpg 12w, https:\/\/cubukled.com\/wp-content\/uploads\/2025\/07\/ln54-lineer-led-modeli-100x100.jpg 100w\" sizes=\"(max-width: 300px) 100vw, 300px\" \/><\/a><figcaption id=\"caption-attachment-4964\" class=\"wp-caption-text\">LEDLine LN54 Ein\/Aus 3000K 6W\/M<\/figcaption><\/figure>\n<p>Das Produkt verf\u00fcgt \u00fcber eine sto\u00dffeste PMMA-Abdeckung, auch Diffusor genannt. Die UV-gesch\u00fctzte Abdeckung verhindert ein Vergilben durch Sonneneinstrahlung. Dank des flachen Designs eignet es sich auch f\u00fcr architektonische Gestaltungen. Mit linearen LEDs lassen sich moderne Dekorationsideen umsetzen.<\/p>\n<p>Die Optionen f\u00fcr Dauerlicht\/Dauerausschaltung und dynamische Beleuchtung sind unten aufgef\u00fchrt:<\/p>\n<ul>\n<li><strong>Wei\u00dfe:<\/strong> 3000k \u2013 6500k Bereich,<\/li>\n<li><strong>Sie sind farbig:<\/strong> rot, gr\u00fcn, blau, eisblau, bernsteinfarben, t\u00fcrkis (blaugr\u00fcn),<\/li>\n<li><strong>DMX-Animation:<\/strong> RGB, einfarbiges, bewegtes Licht in Wei\u00dft\u00f6nen.<\/li>\n<\/ul>\n<p>Lineare LED-Leuchten sind entweder mit einer Aluminiumabdeckung oder einer blickdichten Seitenabdeckung erh\u00e4ltlich. In manchen Projekten bietet die flache Diffusorabdeckung den Vorteil, dass sie bei kurzen Profilen mit einer einteiligen Abdeckung f\u00fcr ein harmonischeres und nahtloseres Erscheinungsbild sorgt. Wenn Sie also lineare LED-Leuchten mit flacher Abdeckung f\u00fcr Ihr Beleuchtungsprojekt verwenden m\u00f6chten, kontaktieren Sie uns jetzt. <a href=\"https:\/\/cubukled.com\/de\/cubuk-led-iletisim\/\">Sie k\u00f6nnen uns kontaktieren.<\/a><\/p>","protected":false},"excerpt":{"rendered":"<p><em><strong>*Anmerkungen:<\/strong> Die Preisgestaltung richtet sich nach dem jeweiligen Projekt. F\u00fcr weitere Informationen kontaktieren Sie uns bitte. <a href=\"https:\/\/cubukled.com\/de\/cubuk-led-iletisim\/\">Bitte kontaktieren Sie uns.<\/a><\/em><\/p>\n<p><strong>Lichtfarbe\/Steuerung:<\/strong> Dauerlicht ein\/aus, DMX-Animation<\/p>\n<p><strong>Messung:<\/strong> 5,0 cm x 4,0 cm<\/p>\n<p><strong>Verwendung:<\/strong> Innen- und Au\u00dfenbeleuchtung<\/p>\n<p><strong>K\u00f6rper:<\/strong> Aluminium<\/p>\n<p><strong>Leistungsaufnahme:<\/strong> Konstante Spannung, 24 V Gleichstrom<\/p>\n<p><strong>Ein\/Aus:<\/strong> 70 LEDs\/Meter<\/p>\n<p><strong>DMX RGB:<\/strong> 6 Pixel\/m, 36 RGB-LEDs\/m<\/p>\n<p><strong>DMX RGBW:<\/strong> 6 Pixel\/m, 36 RGB-LEDs\/m + 36 wei\u00dfe LEDs\/m<\/p>","protected":false},"featured_media":4958,"template":"","meta":{"_joinchat":[]},"product_brand":[],"product_cat":[109,3088],"product_tag":[3093,3089,3096,3090,3097],"class_list":{"0":"post-4957","1":"product","2":"type-product","3":"status-publish","4":"has-post-thumbnail","6":"product_cat-aydinlatma-urunleri","7":"product_cat-ledline","8":"product_tag-led-lineer","9":"product_tag-ledline","10":"product_tag-ledline-ln54","11":"product_tag-lineer-led","12":"product_tag-ln54","13":"pa_gucgirisi-24vdc","14":"pa_isikrengi-3000kelvin","15":"pa_isikrengi-4000kelvin","16":"pa_isikrengi-5000kelvin","17":"pa_isikrengi-6500kelvin","18":"pa_isikrengi-amber","19":"pa_isikrengi-dmxmono","20":"pa_isikrengi-dmxrgb","21":"pa_isikrengi-dmxrgbw","22":"pa_isikrengi-dmxtunable","23":"pa_isikrengi-kirmizi","24":"pa_isikrengi-mavi","25":"pa_isikrengi-rgb","26":"pa_isikrengi-yesil","28":"first","29":"instock","30":"sale","31":"taxable","32":"shipping-taxable","33":"purchasable","34":"product-type-simple","35":"customify-col","36":"product-has-gallery"},"yoast_head":"<!-- This site is optimized with the Yoast SEO plugin v27.2 - https:\/\/yoast.com\/product\/yoast-seo-wordpress\/ -->\n<title>LN54 - Lineer LED D\u0131\u015f Cephe Ayd\u0131nlatma<\/title>\n<meta name=\"description\" content=\"LN54 LEDLine - Al\u00fcminyum kasa led profil ile linear led \u0131\u015f\u0131k formu - DMX RGB cephe ayd\u0131nlatma - Sabit \u0131\u015f\u0131k on\/off renkli ayd\u0131nlatma\" \/>\n<meta name=\"robots\" content=\"index, follow, max-snippet:-1, max-image-preview:large, max-video-preview:-1\" \/>\n<link rel=\"canonical\" href=\"https:\/\/cubukled.com\/de\/ln54\/\" \/>\n<meta property=\"og:locale\" content=\"de_DE\" \/>\n<meta property=\"og:type\" content=\"article\" \/>\n<meta property=\"og:title\" content=\"LN54 - Lineer LED D\u0131\u015f Cephe Ayd\u0131nlatma\" \/>\n<meta property=\"og:description\" content=\"LN54 LEDLine - Al\u00fcminyum kasa led profil ile linear led \u0131\u015f\u0131k formu - DMX RGB cephe ayd\u0131nlatma - Sabit \u0131\u015f\u0131k on\/off renkli ayd\u0131nlatma\" \/>\n<meta property=\"og:url\" content=\"https:\/\/cubukled.com\/de\/ln54\/\" \/>\n<meta property=\"og:site_name\" content=\"\u00c7ubuk LED\" \/>\n<meta property=\"article:publisher\" content=\"https:\/\/www.facebook.com\/cubukled\" \/>\n<meta property=\"article:modified_time\" content=\"2025-09-09T08:46:54+00:00\" \/>\n<meta property=\"og:image\" content=\"https:\/\/cubukled.com\/wp-content\/uploads\/2025\/07\/ledline-ln54.jpg\" \/>\n\t<meta property=\"og:image:width\" content=\"1280\" \/>\n\t<meta property=\"og:image:height\" content=\"1280\" \/>\n\t<meta property=\"og:image:type\" content=\"image\/jpeg\" \/>\n<meta name=\"twitter:card\" content=\"summary_large_image\" \/>\n<meta name=\"twitter:site\" content=\"@cubukled\" \/>\n<meta name=\"twitter:label1\" content=\"Gesch\u00e4tzte Lesezeit\" \/>\n\t<meta name=\"twitter:data1\" content=\"3\u00a0Minuten\" \/>\n<script type=\"application\/ld+json\" class=\"yoast-schema-graph\">{\"@context\":\"https:\/\/schema.org\",\"@graph\":[{\"@type\":[\"WebPage\",\"ItemPage\"],\"@id\":\"https:\/\/cubukled.com\/ln54\/\",\"url\":\"https:\/\/cubukled.com\/ln54\/\",\"name\":\"LN54 - Lineer LED D\u0131\u015f Cephe Ayd\u0131nlatma\",\"isPartOf\":{\"@id\":\"https:\/\/cubukled.com\/#website\"},\"primaryImageOfPage\":{\"@id\":\"https:\/\/cubukled.com\/ln54\/#primaryimage\"},\"image\":{\"@id\":\"https:\/\/cubukled.com\/ln54\/#primaryimage\"},\"thumbnailUrl\":\"https:\/\/cubukled.com\/wp-content\/uploads\/2025\/07\/ledline-ln54.jpg\",\"datePublished\":\"2025-07-25T06:33:08+00:00\",\"dateModified\":\"2025-09-09T08:46:54+00:00\",\"description\":\"LN54 LEDLine - Al\u00fcminyum kasa led profil ile linear led \u0131\u015f\u0131k formu - DMX RGB cephe ayd\u0131nlatma - Sabit \u0131\u015f\u0131k on\/off renkli ayd\u0131nlatma\",\"breadcrumb\":{\"@id\":\"https:\/\/cubukled.com\/ln54\/#breadcrumb\"},\"inLanguage\":\"de\",\"potentialAction\":[{\"@type\":\"ReadAction\",\"target\":[\"https:\/\/cubukled.com\/ln54\/\"]}]},{\"@type\":\"ImageObject\",\"inLanguage\":\"de\",\"@id\":\"https:\/\/cubukled.com\/ln54\/#primaryimage\",\"url\":\"https:\/\/cubukled.com\/wp-content\/uploads\/2025\/07\/ledline-ln54.jpg\",\"contentUrl\":\"https:\/\/cubukled.com\/wp-content\/uploads\/2025\/07\/ledline-ln54.jpg\",\"width\":1280,\"height\":1280,\"caption\":\"ln54 ledline\"},{\"@type\":\"BreadcrumbList\",\"@id\":\"https:\/\/cubukled.com\/ln54\/#breadcrumb\",\"itemListElement\":[{\"@type\":\"ListItem\",\"position\":1,\"name\":\"Ana sayfa\",\"item\":\"https:\/\/cubukled.com\/\"},{\"@type\":\"ListItem\",\"position\":2,\"name\":\"Ma\u011faza\",\"item\":\"https:\/\/cubukled.com\/magaza\/\"},{\"@type\":\"ListItem\",\"position\":3,\"name\":\"LN54 LEDLine Cephe Ayd\u0131nlatma\"}]},{\"@type\":\"WebSite\",\"@id\":\"https:\/\/cubukled.com\/#website\",\"url\":\"https:\/\/cubukled.com\/\",\"name\":\"\u00c7ubuk LED\",\"description\":\"Cephe Ayd\u0131nlatma, Ayd\u0131nlatma Tasar\u0131m\u0131, D\u0131\u015f Mekan Animasyon Sistemleri, RGB DMX Cephe LED Animasyon\",\"publisher\":{\"@id\":\"https:\/\/cubukled.com\/#organization\"},\"alternateName\":\"cubukled\",\"potentialAction\":[{\"@type\":\"SearchAction\",\"target\":{\"@type\":\"EntryPoint\",\"urlTemplate\":\"https:\/\/cubukled.com\/?s={search_term_string}\"},\"query-input\":{\"@type\":\"PropertyValueSpecification\",\"valueRequired\":true,\"valueName\":\"search_term_string\"}}],\"inLanguage\":\"de\"},{\"@type\":\"Organization\",\"@id\":\"https:\/\/cubukled.com\/#organization\",\"name\":\"\u00c7ubuk LED\",\"alternateName\":\"cubukled\",\"url\":\"https:\/\/cubukled.com\/\",\"logo\":{\"@type\":\"ImageObject\",\"inLanguage\":\"de\",\"@id\":\"https:\/\/cubukled.com\/#\/schema\/logo\/image\/\",\"url\":\"https:\/\/cubukled.com\/wp-content\/uploads\/2020\/06\/cubukled-logo.jpeg\",\"contentUrl\":\"https:\/\/cubukled.com\/wp-content\/uploads\/2020\/06\/cubukled-logo.jpeg\",\"width\":1169,\"height\":669,\"caption\":\"\u00c7ubuk LED\"},\"image\":{\"@id\":\"https:\/\/cubukled.com\/#\/schema\/logo\/image\/\"},\"sameAs\":[\"https:\/\/www.facebook.com\/cubukled\",\"https:\/\/x.com\/cubukled\",\"https:\/\/tr.pinterest.com\/Cubuk_Led\/\",\"https:\/\/www.instagram.com\/cubukled\/\",\"https:\/\/www.linkedin.com\/company\/cubukled\",\"https:\/\/www.threads.net\/@cubukled\",\"https:\/\/www.youtube.com\/@cubukled\",\"https:\/\/twitter.com\/cubukled\"]}]}<\/script>\n<!-- \/ Yoast SEO plugin. -->","yoast_head_json":{"title":"LN54 - Lineer LED D\u0131\u015f Cephe Ayd\u0131nlatma","description":"LN54 LEDLine - Al\u00fcminyum kasa led profil ile linear led \u0131\u015f\u0131k formu - DMX RGB cephe ayd\u0131nlatma - Sabit \u0131\u015f\u0131k on\/off renkli ayd\u0131nlatma","robots":{"index":"index","follow":"follow","max-snippet":"max-snippet:-1","max-image-preview":"max-image-preview:large","max-video-preview":"max-video-preview:-1"},"canonical":"https:\/\/cubukled.com\/de\/ln54\/","og_locale":"de_DE","og_type":"article","og_title":"LN54 - Lineer LED D\u0131\u015f Cephe Ayd\u0131nlatma","og_description":"LN54 LEDLine - Al\u00fcminyum kasa led profil ile linear led \u0131\u015f\u0131k formu - DMX RGB cephe ayd\u0131nlatma - Sabit \u0131\u015f\u0131k on\/off renkli ayd\u0131nlatma","og_url":"https:\/\/cubukled.com\/de\/ln54\/","og_site_name":"\u00c7ubuk LED","article_publisher":"https:\/\/www.facebook.com\/cubukled","article_modified_time":"2025-09-09T08:46:54+00:00","og_image":[{"width":1280,"height":1280,"url":"https:\/\/cubukled.com\/wp-content\/uploads\/2025\/07\/ledline-ln54.jpg","type":"image\/jpeg"}],"twitter_card":"summary_large_image","twitter_site":"@cubukled","twitter_misc":{"Gesch\u00e4tzte Lesezeit":"3\u00a0Minuten"},"schema":{"@context":"https:\/\/schema.org","@graph":[{"@type":["WebPage","ItemPage"],"@id":"https:\/\/cubukled.com\/ln54\/","url":"https:\/\/cubukled.com\/ln54\/","name":"LN54 - Lineer LED D\u0131\u015f Cephe Ayd\u0131nlatma","isPartOf":{"@id":"https:\/\/cubukled.com\/#website"},"primaryImageOfPage":{"@id":"https:\/\/cubukled.com\/ln54\/#primaryimage"},"image":{"@id":"https:\/\/cubukled.com\/ln54\/#primaryimage"},"thumbnailUrl":"https:\/\/cubukled.com\/wp-content\/uploads\/2025\/07\/ledline-ln54.jpg","datePublished":"2025-07-25T06:33:08+00:00","dateModified":"2025-09-09T08:46:54+00:00","description":"LN54 LEDLine - Al\u00fcminyum kasa led profil ile linear led \u0131\u015f\u0131k formu - DMX RGB cephe ayd\u0131nlatma - Sabit \u0131\u015f\u0131k on\/off renkli ayd\u0131nlatma","breadcrumb":{"@id":"https:\/\/cubukled.com\/ln54\/#breadcrumb"},"inLanguage":"de","potentialAction":[{"@type":"ReadAction","target":["https:\/\/cubukled.com\/ln54\/"]}]},{"@type":"ImageObject","inLanguage":"de","@id":"https:\/\/cubukled.com\/ln54\/#primaryimage","url":"https:\/\/cubukled.com\/wp-content\/uploads\/2025\/07\/ledline-ln54.jpg","contentUrl":"https:\/\/cubukled.com\/wp-content\/uploads\/2025\/07\/ledline-ln54.jpg","width":1280,"height":1280,"caption":"ln54 ledline"},{"@type":"BreadcrumbList","@id":"https:\/\/cubukled.com\/ln54\/#breadcrumb","itemListElement":[{"@type":"ListItem","position":1,"name":"Ana sayfa","item":"https:\/\/cubukled.com\/"},{"@type":"ListItem","position":2,"name":"Ma\u011faza","item":"https:\/\/cubukled.com\/magaza\/"},{"@type":"ListItem","position":3,"name":"LN54 LEDLine Cephe Ayd\u0131nlatma"}]},{"@type":"WebSite","@id":"https:\/\/cubukled.com\/#website","url":"https:\/\/cubukled.com\/","name":"Stab-LED","description":"Fassadenbeleuchtung, Lichtdesign, Au\u00dfenanimationssysteme, RGB DMX Fassaden-LED-Animation","publisher":{"@id":"https:\/\/cubukled.com\/#organization"},"alternateName":"cubukled","potentialAction":[{"@type":"SearchAction","target":{"@type":"EntryPoint","urlTemplate":"https:\/\/cubukled.com\/?s={search_term_string}"},"query-input":{"@type":"PropertyValueSpecification","valueRequired":true,"valueName":"search_term_string"}}],"inLanguage":"de"},{"@type":"Organization","@id":"https:\/\/cubukled.com\/#organization","name":"Stab-LED","alternateName":"cubukled","url":"https:\/\/cubukled.com\/","logo":{"@type":"ImageObject","inLanguage":"de","@id":"https:\/\/cubukled.com\/#\/schema\/logo\/image\/","url":"https:\/\/cubukled.com\/wp-content\/uploads\/2020\/06\/cubukled-logo.jpeg","contentUrl":"https:\/\/cubukled.com\/wp-content\/uploads\/2020\/06\/cubukled-logo.jpeg","width":1169,"height":669,"caption":"\u00c7ubuk LED"},"image":{"@id":"https:\/\/cubukled.com\/#\/schema\/logo\/image\/"},"sameAs":["https:\/\/www.facebook.com\/cubukled","https:\/\/x.com\/cubukled","https:\/\/tr.pinterest.com\/Cubuk_Led\/","https:\/\/www.instagram.com\/cubukled\/","https:\/\/www.linkedin.com\/company\/cubukled","https:\/\/www.threads.net\/@cubukled","https:\/\/www.youtube.com\/@cubukled","https:\/\/twitter.com\/cubukled"]}]}},"_links":{"self":[{"href":"https:\/\/cubukled.com\/de\/wp-json\/wp\/v2\/product\/4957","targetHints":{"allow":["GET"]}}],"collection":[{"href":"https:\/\/cubukled.com\/de\/wp-json\/wp\/v2\/product"}],"about":[{"href":"https:\/\/cubukled.com\/de\/wp-json\/wp\/v2\/types\/product"}],"wp:featuredmedia":[{"embeddable":true,"href":"https:\/\/cubukled.com\/de\/wp-json\/wp\/v2\/media\/4958"}],"wp:attachment":[{"href":"https:\/\/cubukled.com\/de\/wp-json\/wp\/v2\/media?parent=4957"}],"wp:term":[{"taxonomy":"product_brand","embeddable":true,"href":"https:\/\/cubukled.com\/de\/wp-json\/wp\/v2\/product_brand?post=4957"},{"taxonomy":"product_cat","embeddable":true,"href":"https:\/\/cubukled.com\/de\/wp-json\/wp\/v2\/product_cat?post=4957"},{"taxonomy":"product_tag","embeddable":true,"href":"https:\/\/cubukled.com\/de\/wp-json\/wp\/v2\/product_tag?post=4957"}],"curies":[{"name":"wp","href":"https:\/\/api.w.org\/{rel}","templated":true}]}}