{"id":4946,"date":"2025-07-24T13:25:21","date_gmt":"2025-07-24T10:25:21","guid":{"rendered":"https:\/\/cubukled.com\/?post_type=product&#038;p=4946"},"modified":"2025-09-09T11:46:52","modified_gmt":"2025-09-09T08:46:52","slug":"ln35","status":"publish","type":"product","link":"https:\/\/cubukled.com\/de\/ln35\/","title":{"rendered":"LN35 LEDLine Fassadenbeleuchtung"},"content":{"rendered":"<p><strong>LN35<\/strong> Lineare LED-Beleuchtung bringt Farbe in Ihre Projekte. Sie eignet sich ideal f\u00fcr die Fassadenbeleuchtung. Dank ihrer linearen Lichtform und des eleganten Designs bietet sie auch L\u00f6sungen f\u00fcr die Innenbeleuchtung. Mit ihrem tiefen und breiten Profil ist sie eine Alternative zu anderen Modellen f\u00fcr verschiedene Architekturstile. Durch den gr\u00f6\u00dferen Abstand zwischen Leiterplatte und Diffusorabdeckung wirkt das LED-Licht homogener. Mit diesem Modell\u2026 <a href=\"https:\/\/cubukled.com\/de\/lineer-led-aydinlatma-ve-dmx\/\">lineare led-beleuchtung und dmx<\/a> Es zeichnet sich durch seine fest installierte Au\u00dfenbeleuchtung aus. Dank der vielf\u00e4ltigen Beleuchtungsoptionen dieses Produkts l\u00e4sst sich Ihr Wunschbeleuchtungskonzept problemlos verwirklichen.<\/p>\n<h2>LN35: Fassadenspezifische lineare Beleuchtungsoptionen<\/h2>\n<p>Das Geh\u00e4use dieser linearen LED-Leuchte besteht aus Aluminiumprofilen. Das Aluminium-Strangpressprofil nimmt die in der Leuchte entstehende W\u00e4rme auf und gibt sie auf nat\u00fcrliche Weise an die Umgebung ab. Dadurch dient das Geh\u00e4use gleichzeitig als K\u00fchlsystem. Es ist robust und gleichzeitig leicht. Dieses geringe Gewicht ist ein wesentlicher Vorteil bei der Fassadenmontage.<\/p>\n<p><a href=\"https:\/\/cubukled.com\/de\/cephe-animasyon-ledline\/\"><img fetchpriority=\"high\" decoding=\"async\" class=\"size-full wp-image-4947 aligncenter\" src=\"https:\/\/cubukled.com\/wp-content\/uploads\/2025\/07\/lineer-led-ln35-olcu.jpg\" alt=\"ledline ln35 \u00f6l\u00e7\u00fc\" width=\"300\" height=\"300\" srcset=\"https:\/\/cubukled.com\/wp-content\/uploads\/2025\/07\/lineer-led-ln35-olcu.jpg 300w, https:\/\/cubukled.com\/wp-content\/uploads\/2025\/07\/lineer-led-ln35-olcu-150x150.jpg 150w, https:\/\/cubukled.com\/wp-content\/uploads\/2025\/07\/lineer-led-ln35-olcu-12x12.jpg 12w, https:\/\/cubukled.com\/wp-content\/uploads\/2025\/07\/lineer-led-ln35-olcu-100x100.jpg 100w\" sizes=\"(max-width: 300px) 100vw, 300px\" \/><\/a><\/p>\n<p>Am unteren Rand des Geh\u00e4uses befindet sich ein Hohlraum. Hier k\u00f6nnen Sie das Stromkabel oder, falls es sich um ein DMX-f\u00e4higes Produkt handelt, die Adressierungs- und Datenkabel verbergen. Er dient somit als Kabelkanal. Auch die Montagehalterung ist in diesem Kanal verborgen. Dank seines funktionalen Designs wirkt das aufputzmontierte lineare LED-Modell an der Fassade sehr elegant. Verschiedene RAL-Profilfarben stehen zur Auswahl. Kurz gesagt: Wir finden gemeinsam das Produkt, das am besten zur Architektur und Fassadenfarbe passt.<\/p>\n<p>Das LED-Geh\u00e4use enth\u00e4lt eine Aluminium-Leiterplatte. Diese Leiterplatte ist eine Elektronikplatine und wird als LED-Leiste bezeichnet. Elektronische Bauteile und LED-Chips sind auf der Platine angeordnet. F\u00fcr den Au\u00dfenbereich wird die Platine im Inneren des Geh\u00e4uses mit einem polymer-\/silikon-\/epoxid\u00e4hnlichen Material beschichtet. Diese Beschichtung sch\u00fctzt das Produkt vor eindringendem Wasser. F\u00fcr die Innenbeleuchtung ist dieser Prozess selbstverst\u00e4ndlich nicht erforderlich. Ein Beispielfoto des Produkts sehen Sie unten:<\/p>\n<figure id=\"attachment_4955\" aria-describedby=\"caption-attachment-4955\" style=\"width: 300px\" class=\"wp-caption aligncenter\"><a href=\"https:\/\/cubukled.com\/wp-content\/uploads\/2025\/07\/ln35-lineer-led-modeli.jpg\"><img decoding=\"async\" class=\"wp-image-4955 size-full\" src=\"https:\/\/cubukled.com\/wp-content\/uploads\/2025\/07\/ln35-lineer-led-modeli.jpg\" alt=\"ln35 linear led modeli\" width=\"300\" height=\"300\" srcset=\"https:\/\/cubukled.com\/wp-content\/uploads\/2025\/07\/ln35-lineer-led-modeli.jpg 300w, https:\/\/cubukled.com\/wp-content\/uploads\/2025\/07\/ln35-lineer-led-modeli-150x150.jpg 150w, https:\/\/cubukled.com\/wp-content\/uploads\/2025\/07\/ln35-lineer-led-modeli-12x12.jpg 12w, https:\/\/cubukled.com\/wp-content\/uploads\/2025\/07\/ln35-lineer-led-modeli-100x100.jpg 100w\" sizes=\"(max-width: 300px) 100vw, 300px\" \/><\/a><figcaption id=\"caption-attachment-4955\" class=\"wp-caption-text\">LEDLine LN35 Ein\/Aus 3000K 8W\/M<\/figcaption><\/figure>\n<p>Die von uns verwendete Diffusorabdeckung f\u00fcr eine gleichm\u00e4\u00dfige Lichtverteilung besteht aus PMMA. Dank ihrer robusten Konstruktion ist sie sto\u00dffest. Die UV-gesch\u00fctzte Oberseite verhindert zudem ein Ausbleichen der Fassadenfarbe durch Sonneneinstrahlung. Die Abdeckung ist optimal auf den Aluminiumk\u00f6rper abgestimmt. Dank ihrer praktischen Montage l\u00e4sst sie sich m\u00fchelos anbringen und bei Bedarf ebenso leicht wieder entfernen.<\/p>\n<ul>\n<li><strong>Dauerlicht (Ein\/Aus-System):<\/strong> Es gibt verschiedene Wei\u00dflichtoptionen von 3000 Kelvin bis 6500 Kelvin. Au\u00dferdem gibt es farbiges Licht in Farben wie Bernstein, Rot, Gr\u00fcn, Blau, Eisblau oder T\u00fcrkis (Blaugr\u00fcn).<\/li>\n<li><strong>DMX-Beleuchtung (Animationssystem):<\/strong> Es handelt sich um eine bewegliche Leuchte. Im Handel ist sie als Sliding-LED oder Flowing-LED bekannt. Dynamische Lichteffekte lassen sich mit den Optionen RGB, RGBW, Tunable White, Mono White und Mono Color erzielen. Unsere LED-Animationsleuchten sind mit DMX512-Controllern kompatibel.<\/li>\n<\/ul>\n<p><a href=\"https:\/\/cubukled.com\/de\/cephe-animasyon-ledline\/\">Fassadenanimations-LED-Linie<\/a> Bei diesem Modell ist der Lichtstrom kontinuierlich. F\u00fcr ein gleichm\u00e4\u00dfiges Licht montieren Sie die LEDLine-Leuchte so, dass die Seitenabdeckungen b\u00fcndig abschlie\u00dfen. Die blickdichten Seitenabdeckungen sorgen f\u00fcr eine durchgehende, linienf\u00f6rmige Lichtverteilung bei Nacht. Wenn Sie ein Beleuchtungssystem mit dieser LEDLine-Linearleuchte planen m\u00f6chten, kontaktieren Sie uns gerne. <a href=\"https:\/\/cubukled.com\/de\/cubuk-led-iletisim\/\">Sie k\u00f6nnen uns kontaktieren.<\/a><\/p>","protected":false},"excerpt":{"rendered":"<p><em><strong>*Anmerkungen:<\/strong> Die Preisgestaltung richtet sich nach dem jeweiligen Projekt. F\u00fcr weitere Informationen kontaktieren Sie uns bitte. <a href=\"https:\/\/cubukled.com\/de\/cubuk-led-iletisim\/\">Bitte kontaktieren Sie uns.<\/a><\/em><\/p>\n<p><strong>Lichtfarbe\/Steuerung:<\/strong> Dauerlicht ein\/aus, DMX-Animation<\/p>\n<p><strong>Messung:<\/strong> 3,4 cm x 5,0 cm<\/p>\n<p><strong>Verwendung:<\/strong> Innen- und Au\u00dfenbeleuchtung<\/p>\n<p><strong>K\u00f6rper:<\/strong> Aluminium<\/p>\n<p><strong>Leistungsaufnahme:<\/strong> Konstante Spannung, 24 V Gleichstrom<\/p>\n<p><strong>Ein\/Aus:<\/strong> 70 LEDs\/Meter<\/p>\n<p><strong>DMX RGB:<\/strong> 6 Pixel\/m, 36 RGB-LEDs\/m<\/p>\n<p><strong>DMX RGBW:<\/strong> 6 Pixel\/m, 36 RGB-LEDs\/m + 36 wei\u00dfe LEDs\/m<\/p>","protected":false},"featured_media":4948,"template":"","meta":{"_joinchat":[]},"product_brand":[],"product_cat":[109,3088],"product_tag":[3093,3089,3094,3090,3095],"class_list":{"0":"post-4946","1":"product","2":"type-product","3":"status-publish","4":"has-post-thumbnail","6":"product_cat-aydinlatma-urunleri","7":"product_cat-ledline","8":"product_tag-led-lineer","9":"product_tag-ledline","10":"product_tag-ledline-ln35","11":"product_tag-lineer-led","12":"product_tag-ln35","13":"pa_gucgirisi-24vdc","14":"pa_isikrengi-3000kelvin","15":"pa_isikrengi-4000kelvin","16":"pa_isikrengi-5000kelvin","17":"pa_isikrengi-6500kelvin","18":"pa_isikrengi-amber","19":"pa_isikrengi-dmxmono","20":"pa_isikrengi-dmxrgb","21":"pa_isikrengi-dmxrgbw","22":"pa_isikrengi-dmxtunable","23":"pa_isikrengi-kirmizi","24":"pa_isikrengi-mavi","25":"pa_isikrengi-rgb","26":"pa_isikrengi-yesil","28":"first","29":"instock","30":"sale","31":"taxable","32":"shipping-taxable","33":"purchasable","34":"product-type-simple","35":"customify-col","36":"product-has-gallery"},"yoast_head":"<!-- This site is optimized with the Yoast SEO plugin v27.2 - https:\/\/yoast.com\/product\/yoast-seo-wordpress\/ -->\n<title>LN35 - Lineer LED D\u0131\u015f Cephe Ayd\u0131nlatma<\/title>\n<meta name=\"description\" content=\"LN35 LEDLine - Al\u00fcminyum kasa profilli led ile linear led \u0131\u015f\u0131k formu - DMX RGB cephe ayd\u0131nlatma - Sabit \u0131\u015f\u0131k on\/off ayd\u0131nlatma\" \/>\n<meta name=\"robots\" content=\"index, follow, max-snippet:-1, max-image-preview:large, max-video-preview:-1\" \/>\n<link rel=\"canonical\" href=\"https:\/\/cubukled.com\/de\/ln35\/\" \/>\n<meta property=\"og:locale\" content=\"de_DE\" \/>\n<meta property=\"og:type\" content=\"article\" \/>\n<meta property=\"og:title\" content=\"LN35 - Lineer LED D\u0131\u015f Cephe Ayd\u0131nlatma\" \/>\n<meta property=\"og:description\" content=\"LN35 LEDLine - Al\u00fcminyum kasa profilli led ile linear led \u0131\u015f\u0131k formu - DMX RGB cephe ayd\u0131nlatma - Sabit \u0131\u015f\u0131k on\/off ayd\u0131nlatma\" \/>\n<meta property=\"og:url\" content=\"https:\/\/cubukled.com\/de\/ln35\/\" \/>\n<meta property=\"og:site_name\" content=\"\u00c7ubuk LED\" \/>\n<meta property=\"article:publisher\" content=\"https:\/\/www.facebook.com\/cubukled\" \/>\n<meta property=\"article:modified_time\" content=\"2025-09-09T08:46:52+00:00\" \/>\n<meta property=\"og:image\" content=\"https:\/\/cubukled.com\/wp-content\/uploads\/2025\/07\/ledline-ln35.jpg\" \/>\n\t<meta property=\"og:image:width\" content=\"1280\" \/>\n\t<meta property=\"og:image:height\" content=\"1280\" \/>\n\t<meta property=\"og:image:type\" content=\"image\/jpeg\" \/>\n<meta name=\"twitter:card\" content=\"summary_large_image\" \/>\n<meta name=\"twitter:site\" content=\"@cubukled\" \/>\n<meta name=\"twitter:label1\" content=\"Gesch\u00e4tzte Lesezeit\" \/>\n\t<meta name=\"twitter:data1\" content=\"4\u00a0Minuten\" \/>\n<script type=\"application\/ld+json\" class=\"yoast-schema-graph\">{\"@context\":\"https:\/\/schema.org\",\"@graph\":[{\"@type\":[\"WebPage\",\"ItemPage\"],\"@id\":\"https:\/\/cubukled.com\/ln35\/\",\"url\":\"https:\/\/cubukled.com\/ln35\/\",\"name\":\"LN35 - Lineer LED D\u0131\u015f Cephe Ayd\u0131nlatma\",\"isPartOf\":{\"@id\":\"https:\/\/cubukled.com\/#website\"},\"primaryImageOfPage\":{\"@id\":\"https:\/\/cubukled.com\/ln35\/#primaryimage\"},\"image\":{\"@id\":\"https:\/\/cubukled.com\/ln35\/#primaryimage\"},\"thumbnailUrl\":\"https:\/\/cubukled.com\/wp-content\/uploads\/2025\/07\/ledline-ln35.jpg\",\"datePublished\":\"2025-07-24T10:25:21+00:00\",\"dateModified\":\"2025-09-09T08:46:52+00:00\",\"description\":\"LN35 LEDLine - Al\u00fcminyum kasa profilli led ile linear led \u0131\u015f\u0131k formu - DMX RGB cephe ayd\u0131nlatma - Sabit \u0131\u015f\u0131k on\/off ayd\u0131nlatma\",\"breadcrumb\":{\"@id\":\"https:\/\/cubukled.com\/ln35\/#breadcrumb\"},\"inLanguage\":\"de\",\"potentialAction\":[{\"@type\":\"ReadAction\",\"target\":[\"https:\/\/cubukled.com\/ln35\/\"]}]},{\"@type\":\"ImageObject\",\"inLanguage\":\"de\",\"@id\":\"https:\/\/cubukled.com\/ln35\/#primaryimage\",\"url\":\"https:\/\/cubukled.com\/wp-content\/uploads\/2025\/07\/ledline-ln35.jpg\",\"contentUrl\":\"https:\/\/cubukled.com\/wp-content\/uploads\/2025\/07\/ledline-ln35.jpg\",\"width\":1280,\"height\":1280,\"caption\":\"ln35 ledline\"},{\"@type\":\"BreadcrumbList\",\"@id\":\"https:\/\/cubukled.com\/ln35\/#breadcrumb\",\"itemListElement\":[{\"@type\":\"ListItem\",\"position\":1,\"name\":\"Ana sayfa\",\"item\":\"https:\/\/cubukled.com\/\"},{\"@type\":\"ListItem\",\"position\":2,\"name\":\"Ma\u011faza\",\"item\":\"https:\/\/cubukled.com\/magaza\/\"},{\"@type\":\"ListItem\",\"position\":3,\"name\":\"LN35 LEDLine Cephe Ayd\u0131nlatma\"}]},{\"@type\":\"WebSite\",\"@id\":\"https:\/\/cubukled.com\/#website\",\"url\":\"https:\/\/cubukled.com\/\",\"name\":\"\u00c7ubuk LED\",\"description\":\"Cephe Ayd\u0131nlatma, Ayd\u0131nlatma Tasar\u0131m\u0131, D\u0131\u015f Mekan Animasyon Sistemleri, RGB DMX Cephe LED Animasyon\",\"publisher\":{\"@id\":\"https:\/\/cubukled.com\/#organization\"},\"alternateName\":\"cubukled\",\"potentialAction\":[{\"@type\":\"SearchAction\",\"target\":{\"@type\":\"EntryPoint\",\"urlTemplate\":\"https:\/\/cubukled.com\/?s={search_term_string}\"},\"query-input\":{\"@type\":\"PropertyValueSpecification\",\"valueRequired\":true,\"valueName\":\"search_term_string\"}}],\"inLanguage\":\"de\"},{\"@type\":\"Organization\",\"@id\":\"https:\/\/cubukled.com\/#organization\",\"name\":\"\u00c7ubuk LED\",\"alternateName\":\"cubukled\",\"url\":\"https:\/\/cubukled.com\/\",\"logo\":{\"@type\":\"ImageObject\",\"inLanguage\":\"de\",\"@id\":\"https:\/\/cubukled.com\/#\/schema\/logo\/image\/\",\"url\":\"https:\/\/cubukled.com\/wp-content\/uploads\/2020\/06\/cubukled-logo.jpeg\",\"contentUrl\":\"https:\/\/cubukled.com\/wp-content\/uploads\/2020\/06\/cubukled-logo.jpeg\",\"width\":1169,\"height\":669,\"caption\":\"\u00c7ubuk LED\"},\"image\":{\"@id\":\"https:\/\/cubukled.com\/#\/schema\/logo\/image\/\"},\"sameAs\":[\"https:\/\/www.facebook.com\/cubukled\",\"https:\/\/x.com\/cubukled\",\"https:\/\/tr.pinterest.com\/Cubuk_Led\/\",\"https:\/\/www.instagram.com\/cubukled\/\",\"https:\/\/www.linkedin.com\/company\/cubukled\",\"https:\/\/www.threads.net\/@cubukled\",\"https:\/\/www.youtube.com\/@cubukled\",\"https:\/\/twitter.com\/cubukled\"]}]}<\/script>\n<!-- \/ Yoast SEO plugin. -->","yoast_head_json":{"title":"LN35 - Lineer LED D\u0131\u015f Cephe Ayd\u0131nlatma","description":"LN35 LEDLine - Al\u00fcminyum kasa profilli led ile linear led \u0131\u015f\u0131k formu - DMX RGB cephe ayd\u0131nlatma - Sabit \u0131\u015f\u0131k on\/off ayd\u0131nlatma","robots":{"index":"index","follow":"follow","max-snippet":"max-snippet:-1","max-image-preview":"max-image-preview:large","max-video-preview":"max-video-preview:-1"},"canonical":"https:\/\/cubukled.com\/de\/ln35\/","og_locale":"de_DE","og_type":"article","og_title":"LN35 - Lineer LED D\u0131\u015f Cephe Ayd\u0131nlatma","og_description":"LN35 LEDLine - Al\u00fcminyum kasa profilli led ile linear led \u0131\u015f\u0131k formu - DMX RGB cephe ayd\u0131nlatma - Sabit \u0131\u015f\u0131k on\/off ayd\u0131nlatma","og_url":"https:\/\/cubukled.com\/de\/ln35\/","og_site_name":"\u00c7ubuk LED","article_publisher":"https:\/\/www.facebook.com\/cubukled","article_modified_time":"2025-09-09T08:46:52+00:00","og_image":[{"width":1280,"height":1280,"url":"https:\/\/cubukled.com\/wp-content\/uploads\/2025\/07\/ledline-ln35.jpg","type":"image\/jpeg"}],"twitter_card":"summary_large_image","twitter_site":"@cubukled","twitter_misc":{"Gesch\u00e4tzte Lesezeit":"4\u00a0Minuten"},"schema":{"@context":"https:\/\/schema.org","@graph":[{"@type":["WebPage","ItemPage"],"@id":"https:\/\/cubukled.com\/ln35\/","url":"https:\/\/cubukled.com\/ln35\/","name":"LN35 - Lineer LED D\u0131\u015f Cephe Ayd\u0131nlatma","isPartOf":{"@id":"https:\/\/cubukled.com\/#website"},"primaryImageOfPage":{"@id":"https:\/\/cubukled.com\/ln35\/#primaryimage"},"image":{"@id":"https:\/\/cubukled.com\/ln35\/#primaryimage"},"thumbnailUrl":"https:\/\/cubukled.com\/wp-content\/uploads\/2025\/07\/ledline-ln35.jpg","datePublished":"2025-07-24T10:25:21+00:00","dateModified":"2025-09-09T08:46:52+00:00","description":"LN35 LEDLine - Al\u00fcminyum kasa profilli led ile linear led \u0131\u015f\u0131k formu - DMX RGB cephe ayd\u0131nlatma - Sabit \u0131\u015f\u0131k on\/off ayd\u0131nlatma","breadcrumb":{"@id":"https:\/\/cubukled.com\/ln35\/#breadcrumb"},"inLanguage":"de","potentialAction":[{"@type":"ReadAction","target":["https:\/\/cubukled.com\/ln35\/"]}]},{"@type":"ImageObject","inLanguage":"de","@id":"https:\/\/cubukled.com\/ln35\/#primaryimage","url":"https:\/\/cubukled.com\/wp-content\/uploads\/2025\/07\/ledline-ln35.jpg","contentUrl":"https:\/\/cubukled.com\/wp-content\/uploads\/2025\/07\/ledline-ln35.jpg","width":1280,"height":1280,"caption":"ln35 ledline"},{"@type":"BreadcrumbList","@id":"https:\/\/cubukled.com\/ln35\/#breadcrumb","itemListElement":[{"@type":"ListItem","position":1,"name":"Ana sayfa","item":"https:\/\/cubukled.com\/"},{"@type":"ListItem","position":2,"name":"Ma\u011faza","item":"https:\/\/cubukled.com\/magaza\/"},{"@type":"ListItem","position":3,"name":"LN35 LEDLine Cephe Ayd\u0131nlatma"}]},{"@type":"WebSite","@id":"https:\/\/cubukled.com\/#website","url":"https:\/\/cubukled.com\/","name":"Stab-LED","description":"Fassadenbeleuchtung, Lichtdesign, Au\u00dfenanimationssysteme, RGB DMX Fassaden-LED-Animation","publisher":{"@id":"https:\/\/cubukled.com\/#organization"},"alternateName":"cubukled","potentialAction":[{"@type":"SearchAction","target":{"@type":"EntryPoint","urlTemplate":"https:\/\/cubukled.com\/?s={search_term_string}"},"query-input":{"@type":"PropertyValueSpecification","valueRequired":true,"valueName":"search_term_string"}}],"inLanguage":"de"},{"@type":"Organization","@id":"https:\/\/cubukled.com\/#organization","name":"Stab-LED","alternateName":"cubukled","url":"https:\/\/cubukled.com\/","logo":{"@type":"ImageObject","inLanguage":"de","@id":"https:\/\/cubukled.com\/#\/schema\/logo\/image\/","url":"https:\/\/cubukled.com\/wp-content\/uploads\/2020\/06\/cubukled-logo.jpeg","contentUrl":"https:\/\/cubukled.com\/wp-content\/uploads\/2020\/06\/cubukled-logo.jpeg","width":1169,"height":669,"caption":"\u00c7ubuk LED"},"image":{"@id":"https:\/\/cubukled.com\/#\/schema\/logo\/image\/"},"sameAs":["https:\/\/www.facebook.com\/cubukled","https:\/\/x.com\/cubukled","https:\/\/tr.pinterest.com\/Cubuk_Led\/","https:\/\/www.instagram.com\/cubukled\/","https:\/\/www.linkedin.com\/company\/cubukled","https:\/\/www.threads.net\/@cubukled","https:\/\/www.youtube.com\/@cubukled","https:\/\/twitter.com\/cubukled"]}]}},"_links":{"self":[{"href":"https:\/\/cubukled.com\/de\/wp-json\/wp\/v2\/product\/4946","targetHints":{"allow":["GET"]}}],"collection":[{"href":"https:\/\/cubukled.com\/de\/wp-json\/wp\/v2\/product"}],"about":[{"href":"https:\/\/cubukled.com\/de\/wp-json\/wp\/v2\/types\/product"}],"wp:featuredmedia":[{"embeddable":true,"href":"https:\/\/cubukled.com\/de\/wp-json\/wp\/v2\/media\/4948"}],"wp:attachment":[{"href":"https:\/\/cubukled.com\/de\/wp-json\/wp\/v2\/media?parent=4946"}],"wp:term":[{"taxonomy":"product_brand","embeddable":true,"href":"https:\/\/cubukled.com\/de\/wp-json\/wp\/v2\/product_brand?post=4946"},{"taxonomy":"product_cat","embeddable":true,"href":"https:\/\/cubukled.com\/de\/wp-json\/wp\/v2\/product_cat?post=4946"},{"taxonomy":"product_tag","embeddable":true,"href":"https:\/\/cubukled.com\/de\/wp-json\/wp\/v2\/product_tag?post=4946"}],"curies":[{"name":"wp","href":"https:\/\/api.w.org\/{rel}","templated":true}]}}