{"id":4863,"date":"2025-07-23T15:09:05","date_gmt":"2025-07-23T12:09:05","guid":{"rendered":"https:\/\/cubukled.com\/?post_type=product&#038;p=4863"},"modified":"2025-09-09T11:46:47","modified_gmt":"2025-09-09T08:46:47","slug":"ln34","status":"publish","type":"product","link":"https:\/\/cubukled.com\/de\/ln34\/","title":{"rendered":"LN34 LEDLine Fassadenbeleuchtung"},"content":{"rendered":"<p><strong>LN34<\/strong> Lineare LED-Beleuchtung erzeugt ein geradliniges Licht. Dank ihrer schlanken Form eignet sie sich f\u00fcr viele Projekte und kann sowohl in der Innen- als auch in der Au\u00dfenbeleuchtung eingesetzt werden. Mit verschiedenen Lichtoptionen bietet sie L\u00f6sungen f\u00fcr exzellente Lichtkonzepte. Das Modell LN34 aus der LEDLine-Serie besticht in Architekturbeleuchtungsprojekten durch seine \u00e4sthetische Wirkung und technische Leistungsf\u00e4higkeit.<\/p>\n<h2>LN34 Fassadenbeleuchtung: Maximale Wirkung, kompatibel mit Oberfl\u00e4chen<\/h2>\n<p>Das Modell verf\u00fcgt \u00fcber ein Geh\u00e4use aus Aluminium-Strangpressprofilen. Dieses Geh\u00e4use leitet die von den LED-Chips erzeugte W\u00e4rme ab, optimiert so den Prozess und verl\u00e4ngert die Lebensdauer des Produkts. Dank seiner leichten Bauweise ist es auch bei Arbeiten in der H\u00f6he mit Ger\u00fcsten oder Hubarbeitsb\u00fchnen leicht zu transportieren.<\/p>\n<p><a href=\"https:\/\/cubukled.com\/de\/cephe-animasyon-ledline\/\"><img fetchpriority=\"high\" decoding=\"async\" class=\"size-full wp-image-4887 aligncenter\" src=\"https:\/\/cubukled.com\/wp-content\/uploads\/2025\/07\/ledline-ln34-olcu.jpg\" alt=\"lineer led ln34 \u00f6l\u00e7\u00fc \" width=\"300\" height=\"300\" srcset=\"https:\/\/cubukled.com\/wp-content\/uploads\/2025\/07\/ledline-ln34-olcu.jpg 300w, https:\/\/cubukled.com\/wp-content\/uploads\/2025\/07\/ledline-ln34-olcu-150x150.jpg 150w, https:\/\/cubukled.com\/wp-content\/uploads\/2025\/07\/ledline-ln34-olcu-12x12.jpg 12w, https:\/\/cubukled.com\/wp-content\/uploads\/2025\/07\/ledline-ln34-olcu-100x100.jpg 100w\" sizes=\"(max-width: 300px) 100vw, 300px\" \/><\/a><\/p>\n<p>Dank der speziellen Konstruktion lassen sich Strom- und Datenkabel im unteren Bereich verbergen. Auch die Montagehalterung kann dort versteckt werden. Dadurch entsteht ein fl\u00e4chenb\u00fcndiges Erscheinungsbild. Die Profile sind in den Farben Schwarz, Wei\u00df, Anthrazit oder eloxiert erh\u00e4ltlich. F\u00fcr gr\u00f6\u00dfere L\u00e4ngen bieten wir zudem Lackierungen nach individuellen RAL-Farbcodes an. Dies gew\u00e4hrleistet eine perfekte Farbanpassung bei Aufputzmontage.<\/p>\n<p>Die UV-gesch\u00fctzte PMMA-Diffusorabdeckung erm\u00f6glicht jahrelange Nutzung ohne Vergilbung durch Sonneneinstrahlung. Diese Abdeckung besteht aus robustem Kunststoff und ist daher sto\u00dffest. Die Diffusorabdeckung, die das Licht homogen verteilt, ist in das Aluminiumgeh\u00e4use integriert und l\u00e4sst sich beim Ein- und Ausrasten einfach befestigen. Ein Beispielbild des Modells ledline ist unten abgebildet.<\/p>\n<figure id=\"attachment_4956\" aria-describedby=\"caption-attachment-4956\" style=\"width: 300px\" class=\"wp-caption aligncenter\"><a href=\"https:\/\/cubukled.com\/wp-content\/uploads\/2025\/07\/ln34-lineer-led-modeli.jpg\"><img decoding=\"async\" class=\"size-full wp-image-4956\" src=\"https:\/\/cubukled.com\/wp-content\/uploads\/2025\/07\/ln34-lineer-led-modeli.jpg\" alt=\"ln34 model linear led\" width=\"300\" height=\"300\" srcset=\"https:\/\/cubukled.com\/wp-content\/uploads\/2025\/07\/ln34-lineer-led-modeli.jpg 300w, https:\/\/cubukled.com\/wp-content\/uploads\/2025\/07\/ln34-lineer-led-modeli-150x150.jpg 150w, https:\/\/cubukled.com\/wp-content\/uploads\/2025\/07\/ln34-lineer-led-modeli-12x12.jpg 12w, https:\/\/cubukled.com\/wp-content\/uploads\/2025\/07\/ln34-lineer-led-modeli-100x100.jpg 100w\" sizes=\"(max-width: 300px) 100vw, 300px\" \/><\/a><figcaption id=\"caption-attachment-4956\" class=\"wp-caption-text\">LEDLine LN34 DMX RGB<\/figcaption><\/figure>\n<p>Das Profil enth\u00e4lt eine Leiterplatte aus Aluminium oder FR4. Diese Leiterplatte beherbergt die LED-Chips und weitere notwendige elektronische Bauteile. Hocheffiziente SMD-LEDs arbeiten zuverl\u00e4ssig im Innen- und Au\u00dfenbereich. F\u00fcr Produkte im Au\u00dfenbereich verwenden wir eine Polymer-\/Silizium-Vergussmasse im Geh\u00e4useinneren, d. h. direkt auf der Leiterplatte.<\/p>\n<p>Mit linearen LED-Modellen erzielen Sie einen schlichten und eleganten Look mit festen Farben und Wei\u00dft\u00f6nen. Die Wei\u00dft\u00f6ne reichen von 3000 Kelvin bis 6500 Kelvin und bieten somit Optionen von warmen bis k\u00fchlen Farben. Farbige Lichter sind in Bernstein, Rot, Gr\u00fcn oder Blau erh\u00e4ltlich. Wir bieten auch eisblaues Licht mit \u00fcber 6500 Kelvin an. Durch die Kombination von blauen und gr\u00fcnen LEDs entsteht ein bl\u00e4ulich-t\u00fcrkisfarbenes LED-Licht.<\/p>\n<p>Abgesehen von der Ein-\/Ausschaltfunktion sind unsere Modelle mit LED-Animation, variabler Intensit\u00e4t und spezifischem Ablauf \u00fcber DMX512 gesteuert. Mit dem Modell... <a href=\"https:\/\/cubukled.com\/de\/rgb-led-nedir\/\">Was sind RGB-LEDs?<\/a> Sie erhalten eine umfassende Antwort auf diese Frage. Denn mit DMX-kompatiblen RGB- und RGBW-Optionen bietet es dynamische Leistung. <a href=\"https:\/\/cubukled.com\/de\/cephe-animasyon-ledline\/\">fassade animation ledline<\/a> Sie k\u00f6nnen Designs erstellen. Die Option \u201eDMX Tunable White\u201c bietet Moving Lights in verschiedenen Wei\u00dft\u00f6nen. Wir bieten au\u00dferdem einfarbige Moving Lights mit dem DMX-Mono-Modell an. Bei der Mono-Option leuchtet das Licht entweder in einem der Wei\u00dft\u00f6ne oder in einer der Farben.<\/p>\n<p>Wenn Sie auch eine optisch ansprechende und dekorative Fassadenbeleuchtung mit linearen LEDs w\u00fcnschen, kontaktieren Sie uns bitte. <a href=\"https:\/\/cubukled.com\/de\/cubuk-led-iletisim\/\">Bitte kontaktieren Sie uns.<\/a><\/p>","protected":false},"excerpt":{"rendered":"<p><em><strong>*Anmerkungen:<\/strong> Die Preisgestaltung richtet sich nach dem jeweiligen Projekt. F\u00fcr weitere Informationen kontaktieren Sie uns bitte. <a href=\"https:\/\/cubukled.com\/de\/cubuk-led-iletisim\/\">Bitte kontaktieren Sie uns.<\/a><\/em><\/p>\n<p><strong>Lichtfarbe\/Steuerung:<\/strong> Dauerlicht ein\/aus, DMX-Animation<\/p>\n<p><strong>Messung:<\/strong> 2,8 cm x 4,0 cm<\/p>\n<p><strong>Verwendung:<\/strong> Innen- und Au\u00dfenbeleuchtung<\/p>\n<p><strong>K\u00f6rper:<\/strong> Aluminium<\/p>\n<p><strong>Leistungsaufnahme:<\/strong> Konstante Spannung, 24 V Gleichstrom<\/p>\n<p><strong>Ein\/Aus:<\/strong> 70 LEDs\/Meter<\/p>\n<p><strong>DMX RGB:<\/strong> 6 Pixel\/m, 36 RGB-LEDs\/m<\/p>\n<p><strong>DMX RGBW:<\/strong> 6 Pixel\/m, 36 RGB-LEDs\/m + 36 wei\u00dfe LEDs\/m<\/p>","protected":false},"featured_media":4879,"template":"","meta":{"_joinchat":[]},"product_brand":[],"product_cat":[109,3088],"product_tag":[3093,3089,3092,3090,3091],"class_list":{"0":"post-4863","1":"product","2":"type-product","3":"status-publish","4":"has-post-thumbnail","6":"product_cat-aydinlatma-urunleri","7":"product_cat-ledline","8":"product_tag-led-lineer","9":"product_tag-ledline","10":"product_tag-ledline-ln34","11":"product_tag-lineer-led","12":"product_tag-ln34","13":"pa_gucgirisi-24vdc","14":"pa_isikrengi-3000kelvin","15":"pa_isikrengi-4000kelvin","16":"pa_isikrengi-5000kelvin","17":"pa_isikrengi-6500kelvin","18":"pa_isikrengi-amber","19":"pa_isikrengi-dmxmono","20":"pa_isikrengi-dmxrgb","21":"pa_isikrengi-dmxrgbw","22":"pa_isikrengi-dmxtunable","23":"pa_isikrengi-kirmizi","24":"pa_isikrengi-mavi","25":"pa_isikrengi-rgb","26":"pa_isikrengi-yesil","28":"first","29":"instock","30":"sale","31":"taxable","32":"shipping-taxable","33":"purchasable","34":"product-type-simple","35":"customify-col","36":"product-has-gallery"},"yoast_head":"<!-- This site is optimized with the Yoast SEO plugin v27.2 - https:\/\/yoast.com\/product\/yoast-seo-wordpress\/ -->\n<title>LN34 - Lineer LED D\u0131\u015f Cephe Ayd\u0131nlatma<\/title>\n<meta name=\"description\" content=\"LN34 LEDLine - Al\u00fcminyum kasal\u0131 lineer led ile \u00e7izgisel led \u0131\u015f\u0131k - Sabit \u0131\u015f\u0131k on\/off ayd\u0131nlatma - DMX RGB cephe ayd\u0131nlatma\" \/>\n<meta name=\"robots\" content=\"index, follow, max-snippet:-1, max-image-preview:large, max-video-preview:-1\" \/>\n<link rel=\"canonical\" href=\"https:\/\/cubukled.com\/de\/ln34\/\" \/>\n<meta property=\"og:locale\" content=\"de_DE\" \/>\n<meta property=\"og:type\" content=\"article\" \/>\n<meta property=\"og:title\" content=\"LN34 - Lineer LED D\u0131\u015f Cephe Ayd\u0131nlatma\" \/>\n<meta property=\"og:description\" content=\"LN34 LEDLine - Al\u00fcminyum kasal\u0131 lineer led ile \u00e7izgisel led \u0131\u015f\u0131k - Sabit \u0131\u015f\u0131k on\/off ayd\u0131nlatma - DMX RGB cephe ayd\u0131nlatma\" \/>\n<meta property=\"og:url\" content=\"https:\/\/cubukled.com\/de\/ln34\/\" \/>\n<meta property=\"og:site_name\" content=\"\u00c7ubuk LED\" \/>\n<meta property=\"article:publisher\" content=\"https:\/\/www.facebook.com\/cubukled\" \/>\n<meta property=\"article:modified_time\" content=\"2025-09-09T08:46:47+00:00\" \/>\n<meta property=\"og:image\" content=\"https:\/\/cubukled.com\/wp-content\/uploads\/2025\/07\/ledline-ln34.jpg\" \/>\n\t<meta property=\"og:image:width\" content=\"1280\" \/>\n\t<meta property=\"og:image:height\" content=\"1280\" \/>\n\t<meta property=\"og:image:type\" content=\"image\/jpeg\" \/>\n<meta name=\"twitter:card\" content=\"summary_large_image\" \/>\n<meta name=\"twitter:site\" content=\"@cubukled\" \/>\n<meta name=\"twitter:label1\" content=\"Gesch\u00e4tzte Lesezeit\" \/>\n\t<meta name=\"twitter:data1\" content=\"3\u00a0Minuten\" \/>\n<script type=\"application\/ld+json\" class=\"yoast-schema-graph\">{\"@context\":\"https:\/\/schema.org\",\"@graph\":[{\"@type\":[\"WebPage\",\"ItemPage\"],\"@id\":\"https:\/\/cubukled.com\/ln34\/\",\"url\":\"https:\/\/cubukled.com\/ln34\/\",\"name\":\"LN34 - Lineer LED D\u0131\u015f Cephe Ayd\u0131nlatma\",\"isPartOf\":{\"@id\":\"https:\/\/cubukled.com\/#website\"},\"primaryImageOfPage\":{\"@id\":\"https:\/\/cubukled.com\/ln34\/#primaryimage\"},\"image\":{\"@id\":\"https:\/\/cubukled.com\/ln34\/#primaryimage\"},\"thumbnailUrl\":\"https:\/\/cubukled.com\/wp-content\/uploads\/2025\/07\/ledline-ln34.jpg\",\"datePublished\":\"2025-07-23T12:09:05+00:00\",\"dateModified\":\"2025-09-09T08:46:47+00:00\",\"description\":\"LN34 LEDLine - Al\u00fcminyum kasal\u0131 lineer led ile \u00e7izgisel led \u0131\u015f\u0131k - Sabit \u0131\u015f\u0131k on\/off ayd\u0131nlatma - DMX RGB cephe ayd\u0131nlatma\",\"breadcrumb\":{\"@id\":\"https:\/\/cubukled.com\/ln34\/#breadcrumb\"},\"inLanguage\":\"de\",\"potentialAction\":[{\"@type\":\"ReadAction\",\"target\":[\"https:\/\/cubukled.com\/ln34\/\"]}]},{\"@type\":\"ImageObject\",\"inLanguage\":\"de\",\"@id\":\"https:\/\/cubukled.com\/ln34\/#primaryimage\",\"url\":\"https:\/\/cubukled.com\/wp-content\/uploads\/2025\/07\/ledline-ln34.jpg\",\"contentUrl\":\"https:\/\/cubukled.com\/wp-content\/uploads\/2025\/07\/ledline-ln34.jpg\",\"width\":1280,\"height\":1280,\"caption\":\"ln34 ledline\"},{\"@type\":\"BreadcrumbList\",\"@id\":\"https:\/\/cubukled.com\/ln34\/#breadcrumb\",\"itemListElement\":[{\"@type\":\"ListItem\",\"position\":1,\"name\":\"Ana sayfa\",\"item\":\"https:\/\/cubukled.com\/\"},{\"@type\":\"ListItem\",\"position\":2,\"name\":\"Ma\u011faza\",\"item\":\"https:\/\/cubukled.com\/magaza\/\"},{\"@type\":\"ListItem\",\"position\":3,\"name\":\"LN34 LEDLine Cephe Ayd\u0131nlatma\"}]},{\"@type\":\"WebSite\",\"@id\":\"https:\/\/cubukled.com\/#website\",\"url\":\"https:\/\/cubukled.com\/\",\"name\":\"\u00c7ubuk LED\",\"description\":\"Cephe Ayd\u0131nlatma, Ayd\u0131nlatma Tasar\u0131m\u0131, D\u0131\u015f Mekan Animasyon Sistemleri, RGB DMX Cephe LED Animasyon\",\"publisher\":{\"@id\":\"https:\/\/cubukled.com\/#organization\"},\"alternateName\":\"cubukled\",\"potentialAction\":[{\"@type\":\"SearchAction\",\"target\":{\"@type\":\"EntryPoint\",\"urlTemplate\":\"https:\/\/cubukled.com\/?s={search_term_string}\"},\"query-input\":{\"@type\":\"PropertyValueSpecification\",\"valueRequired\":true,\"valueName\":\"search_term_string\"}}],\"inLanguage\":\"de\"},{\"@type\":\"Organization\",\"@id\":\"https:\/\/cubukled.com\/#organization\",\"name\":\"\u00c7ubuk LED\",\"alternateName\":\"cubukled\",\"url\":\"https:\/\/cubukled.com\/\",\"logo\":{\"@type\":\"ImageObject\",\"inLanguage\":\"de\",\"@id\":\"https:\/\/cubukled.com\/#\/schema\/logo\/image\/\",\"url\":\"https:\/\/cubukled.com\/wp-content\/uploads\/2020\/06\/cubukled-logo.jpeg\",\"contentUrl\":\"https:\/\/cubukled.com\/wp-content\/uploads\/2020\/06\/cubukled-logo.jpeg\",\"width\":1169,\"height\":669,\"caption\":\"\u00c7ubuk LED\"},\"image\":{\"@id\":\"https:\/\/cubukled.com\/#\/schema\/logo\/image\/\"},\"sameAs\":[\"https:\/\/www.facebook.com\/cubukled\",\"https:\/\/x.com\/cubukled\",\"https:\/\/tr.pinterest.com\/Cubuk_Led\/\",\"https:\/\/www.instagram.com\/cubukled\/\",\"https:\/\/www.linkedin.com\/company\/cubukled\",\"https:\/\/www.threads.net\/@cubukled\",\"https:\/\/www.youtube.com\/@cubukled\",\"https:\/\/twitter.com\/cubukled\"]}]}<\/script>\n<!-- \/ Yoast SEO plugin. -->","yoast_head_json":{"title":"LN34 - Lineer LED D\u0131\u015f Cephe Ayd\u0131nlatma","description":"LN34 LEDLine - Al\u00fcminyum kasal\u0131 lineer led ile \u00e7izgisel led \u0131\u015f\u0131k - Sabit \u0131\u015f\u0131k on\/off ayd\u0131nlatma - DMX RGB cephe ayd\u0131nlatma","robots":{"index":"index","follow":"follow","max-snippet":"max-snippet:-1","max-image-preview":"max-image-preview:large","max-video-preview":"max-video-preview:-1"},"canonical":"https:\/\/cubukled.com\/de\/ln34\/","og_locale":"de_DE","og_type":"article","og_title":"LN34 - Lineer LED D\u0131\u015f Cephe Ayd\u0131nlatma","og_description":"LN34 LEDLine - Al\u00fcminyum kasal\u0131 lineer led ile \u00e7izgisel led \u0131\u015f\u0131k - Sabit \u0131\u015f\u0131k on\/off ayd\u0131nlatma - DMX RGB cephe ayd\u0131nlatma","og_url":"https:\/\/cubukled.com\/de\/ln34\/","og_site_name":"\u00c7ubuk LED","article_publisher":"https:\/\/www.facebook.com\/cubukled","article_modified_time":"2025-09-09T08:46:47+00:00","og_image":[{"width":1280,"height":1280,"url":"https:\/\/cubukled.com\/wp-content\/uploads\/2025\/07\/ledline-ln34.jpg","type":"image\/jpeg"}],"twitter_card":"summary_large_image","twitter_site":"@cubukled","twitter_misc":{"Gesch\u00e4tzte Lesezeit":"3\u00a0Minuten"},"schema":{"@context":"https:\/\/schema.org","@graph":[{"@type":["WebPage","ItemPage"],"@id":"https:\/\/cubukled.com\/ln34\/","url":"https:\/\/cubukled.com\/ln34\/","name":"LN34 - Lineer LED D\u0131\u015f Cephe Ayd\u0131nlatma","isPartOf":{"@id":"https:\/\/cubukled.com\/#website"},"primaryImageOfPage":{"@id":"https:\/\/cubukled.com\/ln34\/#primaryimage"},"image":{"@id":"https:\/\/cubukled.com\/ln34\/#primaryimage"},"thumbnailUrl":"https:\/\/cubukled.com\/wp-content\/uploads\/2025\/07\/ledline-ln34.jpg","datePublished":"2025-07-23T12:09:05+00:00","dateModified":"2025-09-09T08:46:47+00:00","description":"LN34 LEDLine - Al\u00fcminyum kasal\u0131 lineer led ile \u00e7izgisel led \u0131\u015f\u0131k - Sabit \u0131\u015f\u0131k on\/off ayd\u0131nlatma - DMX RGB cephe ayd\u0131nlatma","breadcrumb":{"@id":"https:\/\/cubukled.com\/ln34\/#breadcrumb"},"inLanguage":"de","potentialAction":[{"@type":"ReadAction","target":["https:\/\/cubukled.com\/ln34\/"]}]},{"@type":"ImageObject","inLanguage":"de","@id":"https:\/\/cubukled.com\/ln34\/#primaryimage","url":"https:\/\/cubukled.com\/wp-content\/uploads\/2025\/07\/ledline-ln34.jpg","contentUrl":"https:\/\/cubukled.com\/wp-content\/uploads\/2025\/07\/ledline-ln34.jpg","width":1280,"height":1280,"caption":"ln34 ledline"},{"@type":"BreadcrumbList","@id":"https:\/\/cubukled.com\/ln34\/#breadcrumb","itemListElement":[{"@type":"ListItem","position":1,"name":"Ana sayfa","item":"https:\/\/cubukled.com\/"},{"@type":"ListItem","position":2,"name":"Ma\u011faza","item":"https:\/\/cubukled.com\/magaza\/"},{"@type":"ListItem","position":3,"name":"LN34 LEDLine Cephe Ayd\u0131nlatma"}]},{"@type":"WebSite","@id":"https:\/\/cubukled.com\/#website","url":"https:\/\/cubukled.com\/","name":"Stab-LED","description":"Fassadenbeleuchtung, Lichtdesign, Au\u00dfenanimationssysteme, RGB DMX Fassaden-LED-Animation","publisher":{"@id":"https:\/\/cubukled.com\/#organization"},"alternateName":"cubukled","potentialAction":[{"@type":"SearchAction","target":{"@type":"EntryPoint","urlTemplate":"https:\/\/cubukled.com\/?s={search_term_string}"},"query-input":{"@type":"PropertyValueSpecification","valueRequired":true,"valueName":"search_term_string"}}],"inLanguage":"de"},{"@type":"Organization","@id":"https:\/\/cubukled.com\/#organization","name":"Stab-LED","alternateName":"cubukled","url":"https:\/\/cubukled.com\/","logo":{"@type":"ImageObject","inLanguage":"de","@id":"https:\/\/cubukled.com\/#\/schema\/logo\/image\/","url":"https:\/\/cubukled.com\/wp-content\/uploads\/2020\/06\/cubukled-logo.jpeg","contentUrl":"https:\/\/cubukled.com\/wp-content\/uploads\/2020\/06\/cubukled-logo.jpeg","width":1169,"height":669,"caption":"\u00c7ubuk LED"},"image":{"@id":"https:\/\/cubukled.com\/#\/schema\/logo\/image\/"},"sameAs":["https:\/\/www.facebook.com\/cubukled","https:\/\/x.com\/cubukled","https:\/\/tr.pinterest.com\/Cubuk_Led\/","https:\/\/www.instagram.com\/cubukled\/","https:\/\/www.linkedin.com\/company\/cubukled","https:\/\/www.threads.net\/@cubukled","https:\/\/www.youtube.com\/@cubukled","https:\/\/twitter.com\/cubukled"]}]}},"_links":{"self":[{"href":"https:\/\/cubukled.com\/de\/wp-json\/wp\/v2\/product\/4863","targetHints":{"allow":["GET"]}}],"collection":[{"href":"https:\/\/cubukled.com\/de\/wp-json\/wp\/v2\/product"}],"about":[{"href":"https:\/\/cubukled.com\/de\/wp-json\/wp\/v2\/types\/product"}],"wp:featuredmedia":[{"embeddable":true,"href":"https:\/\/cubukled.com\/de\/wp-json\/wp\/v2\/media\/4879"}],"wp:attachment":[{"href":"https:\/\/cubukled.com\/de\/wp-json\/wp\/v2\/media?parent=4863"}],"wp:term":[{"taxonomy":"product_brand","embeddable":true,"href":"https:\/\/cubukled.com\/de\/wp-json\/wp\/v2\/product_brand?post=4863"},{"taxonomy":"product_cat","embeddable":true,"href":"https:\/\/cubukled.com\/de\/wp-json\/wp\/v2\/product_cat?post=4863"},{"taxonomy":"product_tag","embeddable":true,"href":"https:\/\/cubukled.com\/de\/wp-json\/wp\/v2\/product_tag?post=4863"}],"curies":[{"name":"wp","href":"https:\/\/api.w.org\/{rel}","templated":true}]}}