{"id":2255,"date":"2023-12-22T23:22:41","date_gmt":"2023-12-22T20:22:41","guid":{"rendered":"https:\/\/cubukled.com\/?post_type=product&#038;p=2255"},"modified":"2025-09-09T16:30:36","modified_gmt":"2025-09-09T13:30:36","slug":"projektor-ledi-hp12","status":"publish","type":"product","link":"https:\/\/cubukled.com\/de\/projektor-ledi-hp12\/","title":{"rendered":"HP12"},"content":{"rendered":"<p><strong>Projektor gef\u00fchrt<\/strong> <strong>HP12<\/strong> ist eigentlich ein LED-Leistenprodukt auf Aluminiumbasis. Aber es wird auch als Modul-LED auf dem Markt bezeichnet. Wir haben Power-LEDs (Leistungs-LEDs) auf der Produktplatine angeordnet. Diese geben ein st\u00e4rkeres Licht als normale LEDs.<\/p>\n<p>In der allgemeinen Kodierung gibt es Mid-Power LED, Semi-Power LED und High-Power LED Typen. In diesem Produkt verwenden wir den High-Power-Typ, der bis zu 5 Watt Leistung liefern kann. Die Abmessungen der Leiterplatte sind 1,6 cm x 30 cm. Es gibt 12 LEDs in 1 L\u00e4nge von 30 cm.<\/p>\n<p>Dieses Produkt erreicht eine maximale Leistung von bis zu 60 Watt. Sie k\u00f6nnen das Aluminiumprodukt auch alle 2,5 cm schneiden, wie in der technischen Zeichnung vorgesehen. Nat\u00fcrlich k\u00f6nnen Sie es auch verl\u00e4ngern, indem Sie es wie bei anderen Produkten aneinanderreihen.<\/p>\n<p>Ein St\u00fcck 30 cm LED-Balken, <strong>50 watt projektor led<\/strong> oder als <strong>30 watt projektor led<\/strong> k\u00f6nnen Sie es in Form eines Projektors verwenden. Mit diesem Modul LED, k\u00f6nnen Sie eine sehr hohe Qualit\u00e4t Projektor herzustellen. Weil Sie so ein starkes Licht f\u00fcr Projektor-Beleuchtung ben\u00f6tigen.<\/p>\n<table style=\"height: 112px;\" width=\"620\">\n<tbody>\n<tr>\n<td style=\"text-align: center;\" width=\"111\"><strong>Produkt-Code<\/strong><\/td>\n<td style=\"text-align: center;\" width=\"142\"><strong>Stromversorgung<\/strong><\/td>\n<td style=\"text-align: center;\" width=\"82\"><strong>LED Anzahl<\/strong><\/td>\n<td style=\"text-align: center;\" width=\"117\"><strong>Unterbrechung Intervall<\/strong><\/td>\n<td style=\"text-align: center;\" width=\"99\"><strong>Ma\u00dfnahme<\/strong><\/td>\n<\/tr>\n<tr>\n<td style=\"text-align: center;\">HP12<\/td>\n<td style=\"text-align: center;\">Konstanter Strom<\/td>\n<td style=\"text-align: center;\">12 St\u00fcck\/30cm<\/td>\n<td style=\"text-align: center;\">2,5 cm<\/td>\n<td style=\"text-align: center;\">16mmx30cm<\/td>\n<\/tr>\n<\/tbody>\n<\/table>\n<h2><img fetchpriority=\"high\" decoding=\"async\" class=\"alignnone size-full wp-image-2256\" src=\"https:\/\/cubukled.com\/wp-content\/uploads\/2023\/12\/led-projektor-ledi-hp12.jpg\" alt=\"projektor ledi\" width=\"2106\" height=\"278\" srcset=\"https:\/\/cubukled.com\/wp-content\/uploads\/2023\/12\/led-projektor-ledi-hp12.jpg 2106w, https:\/\/cubukled.com\/wp-content\/uploads\/2023\/12\/led-projektor-ledi-hp12-300x40.jpg 300w, https:\/\/cubukled.com\/wp-content\/uploads\/2023\/12\/led-projektor-ledi-hp12-1024x135.jpg 1024w, https:\/\/cubukled.com\/wp-content\/uploads\/2023\/12\/led-projektor-ledi-hp12-768x101.jpg 768w, https:\/\/cubukled.com\/wp-content\/uploads\/2023\/12\/led-projektor-ledi-hp12-1536x203.jpg 1536w, https:\/\/cubukled.com\/wp-content\/uploads\/2023\/12\/led-projektor-ledi-hp12-2048x270.jpg 2048w, https:\/\/cubukled.com\/wp-content\/uploads\/2023\/12\/led-projektor-ledi-hp12-600x79.jpg 600w\" sizes=\"(max-width: 2106px) 100vw, 2106px\" \/><\/h2>\n<p><strong>Projektor gef\u00fchrt<\/strong> sieht anders aus als herk\u00f6mmliche LED-Balkenvarianten. Das liegt an den allgemein akzeptierten Befestigungsmethoden. So k\u00f6nnen Sie die Aussparungen auf der Platine zum Verschrauben nutzen. <strong>Led-Projektor gef\u00fchrt<\/strong> leuchtet bei konstanter Stromzufuhr.<\/p>\n<h2><strong>Projektor Led HP12<\/strong><\/h2>\n<p>Die von uns f\u00fcr die Flutlichtbeleuchtung entwickelten LED-St\u00e4be beleuchten viel gr\u00f6\u00dfere Fl\u00e4chen. Diese Produkte verf\u00fcgen \u00fcber einen Reflektor und eine Linse, die das Licht in die gew\u00fcnschte Richtung b\u00fcndelt und verteilt. Sie k\u00f6nnen sie f\u00fcr Au\u00dfenbereiche, Sportpl\u00e4tze, Parks, Geb\u00e4ude, Werbetafeln, Totems usw. w\u00e4hlen. Sie k\u00f6nnen auch in Hangars, Werkst\u00e4tten und Lagerhallen mit hohen Decken installiert werden.<\/p>\n<p>Das Preisniveau f\u00fcr Projektor-LEDs h\u00e4ngt von der Leistung der Leiterplatte, der Lichtfarbe und der LED-Marke ab. Dies bestimmt das Preisniveau des Projektors. Die Lichtfarbe des Projektors ist ein Faktor, der die Atmosph\u00e4re des Raums beeinflusst. Es gibt verschiedene Farboptionen wie Wei\u00df, Tageslicht, Gelb, Gr\u00fcn, Blau und Rot.<\/p>\n<h2>Wie berechnet man die Leistung eines Konstantstromtreibers?<\/h2>\n<p>Bei Konstantstromversorgungen gibt es Ampere- und Volt-Werte. Die Spannung wird f\u00fcr einen bestimmten Bereich angegeben. Zum Beispiel steht da 48-80V. Das Produkt muss einer Spannung in diesem Bereich entsprechen. Au\u00dferdem muss die Stromst\u00e4rke des Netzteils mindestens dem Amperewert entsprechen, mit dem Sie die Lichtleiste betreiben werden.<\/p>\n<h2>Was sind die Vorteile der Konstantstrom-LED?<\/h2>\n<p>LEDs sind stromempfindliche Dioden. Ihr Widerstand \u00e4ndert sich bei Erw\u00e4rmung oder Abk\u00fchlung, je nach Herstellungsverfahren. Wir sollten nicht vergessen, dass LEDs empfindlich auf Strom\u00e4nderungen reagieren. Wenn der Strom steigt, erw\u00e4rmt sich die Diode, und wenn sie sich erw\u00e4rmt, sinkt ihr Widerstand. Dies kann dazu f\u00fchren, dass mehr Strom durch die LEDs flie\u00dft und sie sich \u00fcberhitzen. Dadurch verk\u00fcrzt sich die Lebensdauer der LEDs und die Lichtqualit\u00e4t nimmt ab.<\/p>\n<p>Daher ist es notwendig, einen konstanten Strom zu liefern, damit die LEDs nicht nachlassen und die gleiche Lichtst\u00e4rke liefern. Durch den Einsatz eines Konstantstromnetzteils in der Power LED-Serie k\u00f6nnen Sie die Helligkeit und Farbtemperatur der LEDs konstant auf dem gew\u00fcnschten Niveau halten. Dar\u00fcber hinaus verbessert die Konstantstromversorgung die Energieeffizienz der LEDs und verringert die W\u00e4rmeabgabe.<\/p>\n<p>Sie auch. <a href=\"https:\/\/cubukled.com\/de\/led-projektor-cesitleri\/\">Projektortypen<\/a> wenn Sie unser leistungsf\u00e4higes Modell HP12 Stab herstellen wollen <a href=\"https:\/\/cubukled.com\/de\/\">LED-Preis<\/a> und Sie k\u00f6nnen es einfach kaufen.<\/p>","protected":false},"excerpt":{"rendered":"<p><em><strong>*Anmerkungen:<\/strong> Die Preisgestaltung richtet sich nach dem jeweiligen Projekt. F\u00fcr weitere Informationen kontaktieren Sie uns bitte. <a href=\"https:\/\/cubukled.com\/de\/cubuk-led-iletisim\/\">Bitte kontaktieren Sie uns.<\/a><\/em><\/p>\n<p><strong>Leistungsaufnahme:<\/strong> Konstanter Strom<\/p>\n<p><strong>Farboptionen:<\/strong>\u00a02200 K, 2700 K, 3000 K, 4000 K, 5000 K, 6500 K, Rot, Gr\u00fcn, Blau, Bernstein<\/p>\n<p><strong>LED Anzahl:<\/strong> 12 St\u00fcck\/30cm<\/p>\n<p><strong>Abmessungen der Basisplatine:<\/strong> 16 x 300 mm Aluminium<\/p>\n<p><strong>Unterbrechung Intervall:<\/strong> 2,5 cm<\/p>\n<p><strong>Besonderes Merkmal:<\/strong> Power-LED<\/p>\n<p><strong>Verwendung:<\/strong> Projektor<\/p>\n<p><strong>LED Marke Optionen:<\/strong> CREE, OSRAM, SAMSUNG, NICHIA, SEOUL, PHILIPS, LUMILEDS<\/p>","protected":false},"featured_media":2261,"template":"","meta":{"_joinchat":[]},"product_brand":[],"product_cat":[109,286],"product_tag":[2693,2692,2690,2691,2689],"class_list":{"0":"post-2255","1":"product","2":"type-product","3":"status-publish","4":"has-post-thumbnail","6":"product_cat-aydinlatma-urunleri","7":"product_cat-sabit-akim-cubuk-led","8":"product_tag-30-watt-projektor-ledi","9":"product_tag-50-watt-projektor-ledi","10":"product_tag-hp12","11":"product_tag-led-projektor-ledi","12":"product_tag-projektor-ledi","13":"pa_gucgirisi-sabitakim","14":"pa_isikrengi-2200kelvin","15":"pa_isikrengi-2700kelvin","16":"pa_isikrengi-3000kelvin","17":"pa_isikrengi-4000kelvin","18":"pa_isikrengi-5000kelvin","19":"pa_isikrengi-6500kelvin","20":"pa_isikrengi-amber","21":"pa_isikrengi-kirmizi","22":"pa_isikrengi-mavi","23":"pa_isikrengi-rgb","24":"pa_isikrengi-yesil","25":"pa_kesilmearaligi-25cm","26":"pa_ledmarka-led-markasi-cree","27":"pa_ledmarka-lumileds","28":"pa_ledmarka-nichia","29":"pa_ledmarka-osram","30":"pa_ledmarka-philips","31":"pa_ledmarka-led-markasi-samsung","32":"pa_ledmarka-led-markasi-seoul","33":"pa_ledmiktari-12-led","34":"pa_onecikanozellik-power-led","35":"pa_tabanpcbolculeri-16x300mm","37":"first","38":"instock","39":"taxable","40":"shipping-taxable","41":"product-type-simple","42":"customify-col","43":"product-has-gallery"},"yoast_head":"<!-- This site is optimized with the Yoast SEO plugin v27.2 - https:\/\/yoast.com\/product\/yoast-seo-wordpress\/ -->\n<title>Projekt\u00f6r Ledi - HP12 - 16mmx30cm Al\u00fcminyum PCB Taban \u00c7ubuk LED<\/title>\n<meta name=\"description\" content=\"Projekt\u00f6r Ledi- 30 cm i\u00e7in 12 adet Power LED- Renk Se\u00e7enekleri- Al\u00fcminyum PCB \u00d6l\u00e7\u00fcs\u00fc: 16mm x 30cm - Sabit Ak\u0131m \u00c7ubuk LED Mod\u00fcl ile Projekt\u00f6r yap!\" \/>\n<meta name=\"robots\" content=\"index, follow, max-snippet:-1, max-image-preview:large, max-video-preview:-1\" \/>\n<link rel=\"canonical\" href=\"https:\/\/cubukled.com\/de\/projektor-ledi-hp12\/\" \/>\n<meta property=\"og:locale\" content=\"de_DE\" \/>\n<meta property=\"og:type\" content=\"article\" \/>\n<meta property=\"og:title\" content=\"Projekt\u00f6r Ledi - HP12 - 16mmx30cm Al\u00fcminyum PCB Taban \u00c7ubuk LED\" \/>\n<meta property=\"og:description\" content=\"Projekt\u00f6r Ledi- 30 cm i\u00e7in 12 adet Power LED- Renk Se\u00e7enekleri- Al\u00fcminyum PCB \u00d6l\u00e7\u00fcs\u00fc: 16mm x 30cm - Sabit Ak\u0131m \u00c7ubuk LED Mod\u00fcl ile Projekt\u00f6r yap!\" \/>\n<meta property=\"og:url\" content=\"https:\/\/cubukled.com\/de\/projektor-ledi-hp12\/\" \/>\n<meta property=\"og:site_name\" content=\"\u00c7ubuk LED\" \/>\n<meta property=\"article:publisher\" content=\"https:\/\/www.facebook.com\/cubukled\" \/>\n<meta property=\"article:modified_time\" content=\"2025-09-09T13:30:36+00:00\" \/>\n<meta property=\"og:image\" content=\"https:\/\/cubukled.com\/wp-content\/uploads\/2023\/12\/projektor-ledi-hp12.jpg\" \/>\n\t<meta property=\"og:image:width\" content=\"1280\" \/>\n\t<meta property=\"og:image:height\" content=\"792\" \/>\n\t<meta property=\"og:image:type\" content=\"image\/jpeg\" \/>\n<meta name=\"twitter:card\" content=\"summary_large_image\" \/>\n<meta name=\"twitter:site\" content=\"@cubukled\" \/>\n<meta name=\"twitter:label1\" content=\"Gesch\u00e4tzte Lesezeit\" \/>\n\t<meta name=\"twitter:data1\" content=\"4\u00a0Minuten\" \/>\n<script type=\"application\/ld+json\" class=\"yoast-schema-graph\">{\"@context\":\"https:\/\/schema.org\",\"@graph\":[{\"@type\":[\"WebPage\",\"ItemPage\"],\"@id\":\"https:\/\/cubukled.com\/projektor-ledi-hp12\/\",\"url\":\"https:\/\/cubukled.com\/projektor-ledi-hp12\/\",\"name\":\"Projekt\u00f6r Ledi - HP12 - 16mmx30cm Al\u00fcminyum PCB Taban \u00c7ubuk LED\",\"isPartOf\":{\"@id\":\"https:\/\/cubukled.com\/#website\"},\"primaryImageOfPage\":{\"@id\":\"https:\/\/cubukled.com\/projektor-ledi-hp12\/#primaryimage\"},\"image\":{\"@id\":\"https:\/\/cubukled.com\/projektor-ledi-hp12\/#primaryimage\"},\"thumbnailUrl\":\"https:\/\/cubukled.com\/wp-content\/uploads\/2023\/12\/projektor-ledi-hp12.jpg\",\"datePublished\":\"2023-12-22T20:22:41+00:00\",\"dateModified\":\"2025-09-09T13:30:36+00:00\",\"description\":\"Projekt\u00f6r Ledi- 30 cm i\u00e7in 12 adet Power LED- Renk Se\u00e7enekleri- Al\u00fcminyum PCB \u00d6l\u00e7\u00fcs\u00fc: 16mm x 30cm - Sabit Ak\u0131m \u00c7ubuk LED Mod\u00fcl ile Projekt\u00f6r yap!\",\"breadcrumb\":{\"@id\":\"https:\/\/cubukled.com\/projektor-ledi-hp12\/#breadcrumb\"},\"inLanguage\":\"de\",\"potentialAction\":[{\"@type\":\"ReadAction\",\"target\":[\"https:\/\/cubukled.com\/projektor-ledi-hp12\/\"]}]},{\"@type\":\"ImageObject\",\"inLanguage\":\"de\",\"@id\":\"https:\/\/cubukled.com\/projektor-ledi-hp12\/#primaryimage\",\"url\":\"https:\/\/cubukled.com\/wp-content\/uploads\/2023\/12\/projektor-ledi-hp12.jpg\",\"contentUrl\":\"https:\/\/cubukled.com\/wp-content\/uploads\/2023\/12\/projektor-ledi-hp12.jpg\",\"width\":1280,\"height\":792,\"caption\":\"projektor modul ledi\"},{\"@type\":\"BreadcrumbList\",\"@id\":\"https:\/\/cubukled.com\/projektor-ledi-hp12\/#breadcrumb\",\"itemListElement\":[{\"@type\":\"ListItem\",\"position\":1,\"name\":\"Ana sayfa\",\"item\":\"https:\/\/cubukled.com\/\"},{\"@type\":\"ListItem\",\"position\":2,\"name\":\"Ma\u011faza\",\"item\":\"https:\/\/cubukled.com\/magaza\/\"},{\"@type\":\"ListItem\",\"position\":3,\"name\":\"HP12\"}]},{\"@type\":\"WebSite\",\"@id\":\"https:\/\/cubukled.com\/#website\",\"url\":\"https:\/\/cubukled.com\/\",\"name\":\"\u00c7ubuk LED\",\"description\":\"Cephe Ayd\u0131nlatma, Ayd\u0131nlatma Tasar\u0131m\u0131, D\u0131\u015f Mekan Animasyon Sistemleri, RGB DMX Cephe LED Animasyon\",\"publisher\":{\"@id\":\"https:\/\/cubukled.com\/#organization\"},\"alternateName\":\"cubukled\",\"potentialAction\":[{\"@type\":\"SearchAction\",\"target\":{\"@type\":\"EntryPoint\",\"urlTemplate\":\"https:\/\/cubukled.com\/?s={search_term_string}\"},\"query-input\":{\"@type\":\"PropertyValueSpecification\",\"valueRequired\":true,\"valueName\":\"search_term_string\"}}],\"inLanguage\":\"de\"},{\"@type\":\"Organization\",\"@id\":\"https:\/\/cubukled.com\/#organization\",\"name\":\"\u00c7ubuk LED\",\"alternateName\":\"cubukled\",\"url\":\"https:\/\/cubukled.com\/\",\"logo\":{\"@type\":\"ImageObject\",\"inLanguage\":\"de\",\"@id\":\"https:\/\/cubukled.com\/#\/schema\/logo\/image\/\",\"url\":\"https:\/\/cubukled.com\/wp-content\/uploads\/2020\/06\/cubukled-logo.jpeg\",\"contentUrl\":\"https:\/\/cubukled.com\/wp-content\/uploads\/2020\/06\/cubukled-logo.jpeg\",\"width\":1169,\"height\":669,\"caption\":\"\u00c7ubuk LED\"},\"image\":{\"@id\":\"https:\/\/cubukled.com\/#\/schema\/logo\/image\/\"},\"sameAs\":[\"https:\/\/www.facebook.com\/cubukled\",\"https:\/\/x.com\/cubukled\",\"https:\/\/tr.pinterest.com\/Cubuk_Led\/\",\"https:\/\/www.instagram.com\/cubukled\/\",\"https:\/\/www.linkedin.com\/company\/cubukled\",\"https:\/\/www.threads.net\/@cubukled\",\"https:\/\/www.youtube.com\/@cubukled\",\"https:\/\/twitter.com\/cubukled\"]}]}<\/script>\n<!-- \/ Yoast SEO plugin. -->","yoast_head_json":{"title":"Projektor LED - HP12 - 16mmx30cm Aluminium PCB Basis Stab LED","description":"Projektor LED- 12 St\u00fcck Power LED f\u00fcr 30 cm- Farboptionen- Aluminium PCB Gr\u00f6\u00dfe: 16mm x 30cm - Bauen Sie einen Projektor mit Constant Current Bar LED Modul!","robots":{"index":"index","follow":"follow","max-snippet":"max-snippet:-1","max-image-preview":"max-image-preview:large","max-video-preview":"max-video-preview:-1"},"canonical":"https:\/\/cubukled.com\/de\/projektor-ledi-hp12\/","og_locale":"de_DE","og_type":"article","og_title":"Projekt\u00f6r Ledi - HP12 - 16mmx30cm Al\u00fcminyum PCB Taban \u00c7ubuk LED","og_description":"Projekt\u00f6r Ledi- 30 cm i\u00e7in 12 adet Power LED- Renk Se\u00e7enekleri- Al\u00fcminyum PCB \u00d6l\u00e7\u00fcs\u00fc: 16mm x 30cm - Sabit Ak\u0131m \u00c7ubuk LED Mod\u00fcl ile Projekt\u00f6r yap!","og_url":"https:\/\/cubukled.com\/de\/projektor-ledi-hp12\/","og_site_name":"\u00c7ubuk LED","article_publisher":"https:\/\/www.facebook.com\/cubukled","article_modified_time":"2025-09-09T13:30:36+00:00","og_image":[{"width":1280,"height":792,"url":"https:\/\/cubukled.com\/wp-content\/uploads\/2023\/12\/projektor-ledi-hp12.jpg","type":"image\/jpeg"}],"twitter_card":"summary_large_image","twitter_site":"@cubukled","twitter_misc":{"Gesch\u00e4tzte Lesezeit":"4\u00a0Minuten"},"schema":{"@context":"https:\/\/schema.org","@graph":[{"@type":["WebPage","ItemPage"],"@id":"https:\/\/cubukled.com\/projektor-ledi-hp12\/","url":"https:\/\/cubukled.com\/projektor-ledi-hp12\/","name":"Projektor LED - HP12 - 16mmx30cm Aluminium PCB Basis Stab LED","isPartOf":{"@id":"https:\/\/cubukled.com\/#website"},"primaryImageOfPage":{"@id":"https:\/\/cubukled.com\/projektor-ledi-hp12\/#primaryimage"},"image":{"@id":"https:\/\/cubukled.com\/projektor-ledi-hp12\/#primaryimage"},"thumbnailUrl":"https:\/\/cubukled.com\/wp-content\/uploads\/2023\/12\/projektor-ledi-hp12.jpg","datePublished":"2023-12-22T20:22:41+00:00","dateModified":"2025-09-09T13:30:36+00:00","description":"Projektor LED- 12 St\u00fcck Power LED f\u00fcr 30 cm- Farboptionen- Aluminium PCB Gr\u00f6\u00dfe: 16mm x 30cm - Bauen Sie einen Projektor mit Constant Current Bar LED Modul!","breadcrumb":{"@id":"https:\/\/cubukled.com\/projektor-ledi-hp12\/#breadcrumb"},"inLanguage":"de","potentialAction":[{"@type":"ReadAction","target":["https:\/\/cubukled.com\/projektor-ledi-hp12\/"]}]},{"@type":"ImageObject","inLanguage":"de","@id":"https:\/\/cubukled.com\/projektor-ledi-hp12\/#primaryimage","url":"https:\/\/cubukled.com\/wp-content\/uploads\/2023\/12\/projektor-ledi-hp12.jpg","contentUrl":"https:\/\/cubukled.com\/wp-content\/uploads\/2023\/12\/projektor-ledi-hp12.jpg","width":1280,"height":792,"caption":"projektor modul ledi"},{"@type":"BreadcrumbList","@id":"https:\/\/cubukled.com\/projektor-ledi-hp12\/#breadcrumb","itemListElement":[{"@type":"ListItem","position":1,"name":"Ana sayfa","item":"https:\/\/cubukled.com\/"},{"@type":"ListItem","position":2,"name":"Ma\u011faza","item":"https:\/\/cubukled.com\/magaza\/"},{"@type":"ListItem","position":3,"name":"HP12"}]},{"@type":"WebSite","@id":"https:\/\/cubukled.com\/#website","url":"https:\/\/cubukled.com\/","name":"Stab-LED","description":"Fassadenbeleuchtung, Lichtdesign, Au\u00dfenanimationssysteme, RGB DMX Fassaden-LED-Animation","publisher":{"@id":"https:\/\/cubukled.com\/#organization"},"alternateName":"cubukled","potentialAction":[{"@type":"SearchAction","target":{"@type":"EntryPoint","urlTemplate":"https:\/\/cubukled.com\/?s={search_term_string}"},"query-input":{"@type":"PropertyValueSpecification","valueRequired":true,"valueName":"search_term_string"}}],"inLanguage":"de"},{"@type":"Organization","@id":"https:\/\/cubukled.com\/#organization","name":"Stab-LED","alternateName":"cubukled","url":"https:\/\/cubukled.com\/","logo":{"@type":"ImageObject","inLanguage":"de","@id":"https:\/\/cubukled.com\/#\/schema\/logo\/image\/","url":"https:\/\/cubukled.com\/wp-content\/uploads\/2020\/06\/cubukled-logo.jpeg","contentUrl":"https:\/\/cubukled.com\/wp-content\/uploads\/2020\/06\/cubukled-logo.jpeg","width":1169,"height":669,"caption":"\u00c7ubuk LED"},"image":{"@id":"https:\/\/cubukled.com\/#\/schema\/logo\/image\/"},"sameAs":["https:\/\/www.facebook.com\/cubukled","https:\/\/x.com\/cubukled","https:\/\/tr.pinterest.com\/Cubuk_Led\/","https:\/\/www.instagram.com\/cubukled\/","https:\/\/www.linkedin.com\/company\/cubukled","https:\/\/www.threads.net\/@cubukled","https:\/\/www.youtube.com\/@cubukled","https:\/\/twitter.com\/cubukled"]}]}},"_links":{"self":[{"href":"https:\/\/cubukled.com\/de\/wp-json\/wp\/v2\/product\/2255","targetHints":{"allow":["GET"]}}],"collection":[{"href":"https:\/\/cubukled.com\/de\/wp-json\/wp\/v2\/product"}],"about":[{"href":"https:\/\/cubukled.com\/de\/wp-json\/wp\/v2\/types\/product"}],"wp:featuredmedia":[{"embeddable":true,"href":"https:\/\/cubukled.com\/de\/wp-json\/wp\/v2\/media\/2261"}],"wp:attachment":[{"href":"https:\/\/cubukled.com\/de\/wp-json\/wp\/v2\/media?parent=2255"}],"wp:term":[{"taxonomy":"product_brand","embeddable":true,"href":"https:\/\/cubukled.com\/de\/wp-json\/wp\/v2\/product_brand?post=2255"},{"taxonomy":"product_cat","embeddable":true,"href":"https:\/\/cubukled.com\/de\/wp-json\/wp\/v2\/product_cat?post=2255"},{"taxonomy":"product_tag","embeddable":true,"href":"https:\/\/cubukled.com\/de\/wp-json\/wp\/v2\/product_tag?post=2255"}],"curies":[{"name":"wp","href":"https:\/\/api.w.org\/{rel}","templated":true}]}}