{"id":2246,"date":"2023-12-22T21:58:28","date_gmt":"2023-12-22T18:58:28","guid":{"rendered":"https:\/\/cubukled.com\/?post_type=product&#038;p=2246"},"modified":"2025-09-09T16:30:26","modified_gmt":"2025-09-09T13:30:26","slug":"wallwasher-ledi-sp12","status":"publish","type":"product","link":"https:\/\/cubukled.com\/de\/wallwasher-ledi-sp12\/","title":{"rendered":"SP12"},"content":{"rendered":"<p><strong>Wandfluter gef\u00fchrt<\/strong> <strong>SP12<\/strong> ist im Grunde ein LED-Leistenprodukt auf Aluminiumbasis. Aber die LEDs, die wir f\u00fcr das Produkt verwenden, sind Power-LEDs, d.h. Leistungs-LEDs. Power-LEDs sind in der Literatur in 3 unterteilt wie folgt.<\/p>\n<ul>\n<li>Mittlere Leistung,<\/li>\n<li>Semi-Power,<\/li>\n<li>Hohe Leistung.<\/li>\n<\/ul>\n<p>In diesem Produkt verwenden wir Semi-Power-LEDs mit einer maximalen Leistung von 1 Watt. Unser Produkt ist 1,6 cm breit und 30 cm lang. 1 SP12-Modell hat 12 LEDs. Daher erzeugt das Modell eine maximale Leistung von 12 Watt. Sie k\u00f6nnen das Aluminiumprodukt k\u00fcrzen, indem Sie es im Abstand von 5 cm abschneiden. Sie k\u00f6nnen es aber auch wie andere Modelle verl\u00e4ngern.<\/p>\n<table style=\"height: 112px;\" width=\"620\">\n<tbody>\n<tr>\n<td style=\"text-align: center;\" width=\"111\"><strong>Produkt-Code<\/strong><\/td>\n<td style=\"text-align: center;\" width=\"142\"><strong>Stromversorgung<\/strong><\/td>\n<td style=\"text-align: center;\" width=\"82\"><strong>LED Anzahl<\/strong><\/td>\n<td style=\"text-align: center;\" width=\"117\"><strong>Unterbrechung Intervall<\/strong><\/td>\n<td style=\"text-align: center;\" width=\"99\"><strong>Ma\u00dfnahme<\/strong><\/td>\n<\/tr>\n<tr>\n<td style=\"text-align: center;\">SP12<\/td>\n<td style=\"text-align: center;\">Konstanter Strom<\/td>\n<td style=\"text-align: center;\">12 St\u00fcck\/30cm<\/td>\n<td style=\"text-align: center;\">5 cm<\/td>\n<td style=\"text-align: center;\">16mmx30cm<\/td>\n<\/tr>\n<\/tbody>\n<\/table>\n<h2><img fetchpriority=\"high\" decoding=\"async\" class=\"size-full wp-image-2254 aligncenter\" src=\"https:\/\/cubukled.com\/wp-content\/uploads\/2023\/12\/volvosir-ledi-sp12-1.jpg\" alt=\"wallwasher cubuk led teknik cizim\" width=\"2094\" height=\"266\" srcset=\"https:\/\/cubukled.com\/wp-content\/uploads\/2023\/12\/volvosir-ledi-sp12-1.jpg 2094w, https:\/\/cubukled.com\/wp-content\/uploads\/2023\/12\/volvosir-ledi-sp12-1-300x38.jpg 300w, https:\/\/cubukled.com\/wp-content\/uploads\/2023\/12\/volvosir-ledi-sp12-1-1024x130.jpg 1024w, https:\/\/cubukled.com\/wp-content\/uploads\/2023\/12\/volvosir-ledi-sp12-1-768x98.jpg 768w, https:\/\/cubukled.com\/wp-content\/uploads\/2023\/12\/volvosir-ledi-sp12-1-1536x195.jpg 1536w, https:\/\/cubukled.com\/wp-content\/uploads\/2023\/12\/volvosir-ledi-sp12-1-2048x260.jpg 2048w, https:\/\/cubukled.com\/wp-content\/uploads\/2023\/12\/volvosir-ledi-sp12-1-600x76.jpg 600w\" sizes=\"(max-width: 2094px) 100vw, 2094px\" \/><\/h2>\n<p>Wenn Sie darauf achten, ist die Form des Produkts anders als bei klassischen LED-St\u00e4ben. Sie ist nicht gerade. Weil <strong>Wandmalerei gef\u00fchrt<\/strong> Wir haben dieses Produkt, das Sie in einen Tresor legen werden, in dieser Form f\u00fcr einfache Schraubstellen hergestellt. Das Produkt arbeitet mit Konstantstromtreiber. Mit diesem Produkt <a href=\"https:\/\/cubukled.com\/de\/wallwasher-led-aydinlatma\/\">Wallwasher LED-Beleuchtung<\/a> Produkte herstellen k\u00f6nnen.<\/p>\n<h2><strong>Wandfluter Ledi: SP12<\/strong><\/h2>\n<p><strong>Volvoshir LED<\/strong> wird h\u00e4ufig f\u00fcr die Au\u00dfenwandbeleuchtung verwendet. Fertige Wallwasher-LED-Beleuchtungsprodukte bemalen W\u00e4nde, B\u00e4ume, Moscheen und andere Oberfl\u00e4chen mit farbigem oder wei\u00dfem Licht. Wallwasher bestehen in der Regel aus hochintensiven LEDs, die in einer linearen Form angeordnet sind. Sie schaffen eine \u00e4sthetische und beeindruckende Atmosph\u00e4re, vor allem an Orten wie Galerien, Hotels und Einkaufszentren.<\/p>\n<p>Mit SP12 bar LED <strong>30 cm Schwungrad<\/strong> Sie k\u00f6nnen es tun. Weil die volvosity f\u00fchrte L\u00e4nge Gr\u00f6\u00dfe passt. Dank unserer wirtschaftlichen und qualitativ hochwertigen Produkte <strong>Volvosaurus <a href=\"https:\/\/cubukled.com\/de\/\">Preise f\u00fchren<\/a><\/strong> es w\u00e4re auch sehr wettbewerbsf\u00e4hig.<\/p>\n<p>Volvoshire Beleuchtung kommt in verschiedenen Gr\u00f6\u00dfen, Farben und Leistungen. Volvoshir Preisniveau h\u00e4ngt auch von diesem. Zum Beispiel, in der 60 cm volvoshir Modell, m\u00fcssen Sie 2 St\u00fcck dieses Produkts zu verwenden. Dadurch \u00e4ndern sich sowohl die Leistung als auch der Preis. Es gibt volvoshir Lichtmodelle in vielen verschiedenen Farben wie Bernstein, Wei\u00df, Blau, Rot, Gr\u00fcn oder RGB. Die Modelle verbreiten das Licht gleichm\u00e4\u00dfig und verleihen dem Ort, den Sie installieren, mehr Lebendigkeit.<\/p>\n<h2>Wie berechnet man die Leistung eines Konstantstromtreibers?<\/h2>\n<p>Sie m\u00f6chten zum Beispiel einen Wandfluter von 30 cm L\u00e4nge und 12 W Leistung herstellen. Daher hat unser Produkt Semi-Power-LEDs mit 30\u00d730, 1W und 6V Werten. Dann m\u00fcssen Sie 1 LED 1W\/6V = 0,16A, d.h. etwa 150mA Strom zu fahren.<\/p>\n<p>In unserem Entwurf sind 2 LEDs parallel und 6 davon in Reihe geschaltet. Es wird also eine Spannung von 36V ben\u00f6tigt. F\u00fcr einen 12W-Wandfluter sind 12W\/36V = 0,3A, d.h. es wird ein durchschnittlicher Strom von 300mA ben\u00f6tigt. Der von Ihnen gew\u00e4hlte Konstantstromtreiber muss mindestens 300mA liefern und der Spannungsbereich muss 36V abdecken.<\/p>\n<p>Zum Beispiel sind 40W, 500mA und 48-80V auf einem Treiber angegeben. Der Strom entspricht 300 mA, aber 36 V fallen nicht in den Bereich der angegebenen Spannungswerte. Sie m\u00fcssen sich nach einem anderen Treiber umsehen. Ein anderer Treiber hat 24,5 W, 350 mA und 25-70 V. Dieser Treiber ist sowohl f\u00fcr 36V als auch f\u00fcr 300mA geeignet.<\/p>\n<p><strong>Hinweis<\/strong> Das Wort \"Volvo\u015f\u0131r\" ist die Aussprache von Wallwasher. Der Grund, warum es in diesem Artikel auch als \"Volvo\u015f\u0131r\" bezeichnet wird, ist jedoch, dass es im Internet weit verbreitet ist. Die richtige Schreibweise ist \"Wallwasher\".<\/p>","protected":false},"excerpt":{"rendered":"<p><em><strong>*Anmerkungen:<\/strong> Die Preisgestaltung richtet sich nach dem jeweiligen Projekt. F\u00fcr weitere Informationen kontaktieren Sie uns bitte. <a href=\"https:\/\/cubukled.com\/de\/cubuk-led-iletisim\/\">Bitte kontaktieren Sie uns.<\/a><\/em><\/p>\n<p><strong>Leistungsaufnahme:<\/strong> Konstanter Strom<\/p>\n<p><strong>Farboptionen:<\/strong>\u00a02200 K, 2700 K, 3000 K, 4000 K, 5000 K, 6500 K, Rot, Gr\u00fcn, Blau, Bernstein<\/p>\n<p><strong>LED Anzahl:<\/strong> 12 St\u00fcck\/30cm<\/p>\n<p><strong>Abmessungen der Basisplatine:<\/strong> 16 x 300 mm Aluminium<\/p>\n<p><strong>Unterbrechung Intervall:<\/strong> 5 cm<\/p>\n<p><strong>Besonderes Merkmal:<\/strong> Power-LED<\/p>\n<p><strong>Verwendung:<\/strong> Wandfluter<\/p>\n<p><strong>LED Marke Optionen:<\/strong> CREE, OSRAM, SAMSUNG, NICHIA, SEOUL, PHILIPS, LUMILEDS<\/p>","protected":false},"featured_media":2249,"template":"","meta":{"_joinchat":[]},"product_brand":[],"product_cat":[109,286],"product_tag":[2687,2685,2684,2686,2688,2683],"class_list":{"0":"post-2246","1":"product","2":"type-product","3":"status-publish","4":"has-post-thumbnail","6":"product_cat-aydinlatma-urunleri","7":"product_cat-sabit-akim-cubuk-led","8":"product_tag-30-cm-volvosir","9":"product_tag-duvar-boyama-ledi","10":"product_tag-sp12","11":"product_tag-volvosir-led","12":"product_tag-volvosir-led-fiyatlari","13":"product_tag-wallwasher-ledi","14":"pa_gucgirisi-sabitakim","15":"pa_isikrengi-2200kelvin","16":"pa_isikrengi-2700kelvin","17":"pa_isikrengi-3000kelvin","18":"pa_isikrengi-4000kelvin","19":"pa_isikrengi-5000kelvin","20":"pa_isikrengi-6500kelvin","21":"pa_isikrengi-amber","22":"pa_isikrengi-kirmizi","23":"pa_isikrengi-mavi","24":"pa_isikrengi-rgb","25":"pa_isikrengi-yesil","26":"pa_kesilmearaligi-5cm","27":"pa_ledmarka-led-markasi-cree","28":"pa_ledmarka-lumileds","29":"pa_ledmarka-nichia","30":"pa_ledmarka-osram","31":"pa_ledmarka-philips","32":"pa_ledmarka-led-markasi-samsung","33":"pa_ledmarka-led-markasi-seoul","34":"pa_ledmiktari-12-led","35":"pa_onecikanozellik-power-led","36":"pa_tabanpcbolculeri-16x300mm","38":"first","39":"instock","40":"taxable","41":"shipping-taxable","42":"product-type-simple","43":"customify-col","44":"product-has-gallery"},"yoast_head":"<!-- This site is optimized with the Yoast SEO plugin v27.2 - https:\/\/yoast.com\/product\/yoast-seo-wordpress\/ -->\n<title>Wallwasher Ledi - SP12 - 16mmx30cm Al\u00fcminyum PCB Taban \u00c7ubuk LED<\/title>\n<meta name=\"description\" content=\"Wallwasher Ledi - 30 cm i\u00e7in; 12 adet Power LED - Renk Se\u00e7enekleri- Al\u00fcminyum PCB \u00d6l\u00e7\u00fcs\u00fc: 16mm x 30cm - Sabit Ak\u0131m \u00c7ubuk LED Mod\u00fcl ile Wallwasher yap!\" \/>\n<meta name=\"robots\" content=\"index, follow, max-snippet:-1, max-image-preview:large, max-video-preview:-1\" \/>\n<link rel=\"canonical\" href=\"https:\/\/cubukled.com\/de\/wallwasher-ledi-sp12\/\" \/>\n<meta property=\"og:locale\" content=\"de_DE\" \/>\n<meta property=\"og:type\" content=\"article\" \/>\n<meta property=\"og:title\" content=\"Wallwasher Ledi - SP12 - 16mmx30cm Al\u00fcminyum PCB Taban \u00c7ubuk LED\" \/>\n<meta property=\"og:description\" content=\"Wallwasher Ledi - 30 cm i\u00e7in; 12 adet Power LED - Renk Se\u00e7enekleri- Al\u00fcminyum PCB \u00d6l\u00e7\u00fcs\u00fc: 16mm x 30cm - Sabit Ak\u0131m \u00c7ubuk LED Mod\u00fcl ile Wallwasher yap!\" \/>\n<meta property=\"og:url\" content=\"https:\/\/cubukled.com\/de\/wallwasher-ledi-sp12\/\" \/>\n<meta property=\"og:site_name\" content=\"\u00c7ubuk LED\" \/>\n<meta property=\"article:publisher\" content=\"https:\/\/www.facebook.com\/cubukled\" \/>\n<meta property=\"article:modified_time\" content=\"2025-09-09T13:30:26+00:00\" \/>\n<meta property=\"og:image\" content=\"https:\/\/cubukled.com\/wp-content\/uploads\/2023\/12\/wallwasher-ledi-SP12.jpg\" \/>\n\t<meta property=\"og:image:width\" content=\"1280\" \/>\n\t<meta property=\"og:image:height\" content=\"792\" \/>\n\t<meta property=\"og:image:type\" content=\"image\/jpeg\" \/>\n<meta name=\"twitter:card\" content=\"summary_large_image\" \/>\n<meta name=\"twitter:site\" content=\"@cubukled\" \/>\n<meta name=\"twitter:label1\" content=\"Gesch\u00e4tzte Lesezeit\" \/>\n\t<meta name=\"twitter:data1\" content=\"3\u00a0Minuten\" \/>\n<script type=\"application\/ld+json\" class=\"yoast-schema-graph\">{\"@context\":\"https:\/\/schema.org\",\"@graph\":[{\"@type\":[\"WebPage\",\"ItemPage\"],\"@id\":\"https:\/\/cubukled.com\/wallwasher-ledi-sp12\/\",\"url\":\"https:\/\/cubukled.com\/wallwasher-ledi-sp12\/\",\"name\":\"Wallwasher Ledi - SP12 - 16mmx30cm Al\u00fcminyum PCB Taban \u00c7ubuk LED\",\"isPartOf\":{\"@id\":\"https:\/\/cubukled.com\/#website\"},\"primaryImageOfPage\":{\"@id\":\"https:\/\/cubukled.com\/wallwasher-ledi-sp12\/#primaryimage\"},\"image\":{\"@id\":\"https:\/\/cubukled.com\/wallwasher-ledi-sp12\/#primaryimage\"},\"thumbnailUrl\":\"https:\/\/cubukled.com\/wp-content\/uploads\/2023\/12\/wallwasher-ledi-SP12.jpg\",\"datePublished\":\"2023-12-22T18:58:28+00:00\",\"dateModified\":\"2025-09-09T13:30:26+00:00\",\"description\":\"Wallwasher Ledi - 30 cm i\u00e7in; 12 adet Power LED - Renk Se\u00e7enekleri- Al\u00fcminyum PCB \u00d6l\u00e7\u00fcs\u00fc: 16mm x 30cm - Sabit Ak\u0131m \u00c7ubuk LED Mod\u00fcl ile Wallwasher yap!\",\"breadcrumb\":{\"@id\":\"https:\/\/cubukled.com\/wallwasher-ledi-sp12\/#breadcrumb\"},\"inLanguage\":\"de\",\"potentialAction\":[{\"@type\":\"ReadAction\",\"target\":[\"https:\/\/cubukled.com\/wallwasher-ledi-sp12\/\"]}]},{\"@type\":\"ImageObject\",\"inLanguage\":\"de\",\"@id\":\"https:\/\/cubukled.com\/wallwasher-ledi-sp12\/#primaryimage\",\"url\":\"https:\/\/cubukled.com\/wp-content\/uploads\/2023\/12\/wallwasher-ledi-SP12.jpg\",\"contentUrl\":\"https:\/\/cubukled.com\/wp-content\/uploads\/2023\/12\/wallwasher-ledi-SP12.jpg\",\"width\":1280,\"height\":792},{\"@type\":\"BreadcrumbList\",\"@id\":\"https:\/\/cubukled.com\/wallwasher-ledi-sp12\/#breadcrumb\",\"itemListElement\":[{\"@type\":\"ListItem\",\"position\":1,\"name\":\"Ana sayfa\",\"item\":\"https:\/\/cubukled.com\/\"},{\"@type\":\"ListItem\",\"position\":2,\"name\":\"Ma\u011faza\",\"item\":\"https:\/\/cubukled.com\/magaza\/\"},{\"@type\":\"ListItem\",\"position\":3,\"name\":\"SP12\"}]},{\"@type\":\"WebSite\",\"@id\":\"https:\/\/cubukled.com\/#website\",\"url\":\"https:\/\/cubukled.com\/\",\"name\":\"\u00c7ubuk LED\",\"description\":\"Cephe Ayd\u0131nlatma, Ayd\u0131nlatma Tasar\u0131m\u0131, D\u0131\u015f Mekan Animasyon Sistemleri, RGB DMX Cephe LED Animasyon\",\"publisher\":{\"@id\":\"https:\/\/cubukled.com\/#organization\"},\"alternateName\":\"cubukled\",\"potentialAction\":[{\"@type\":\"SearchAction\",\"target\":{\"@type\":\"EntryPoint\",\"urlTemplate\":\"https:\/\/cubukled.com\/?s={search_term_string}\"},\"query-input\":{\"@type\":\"PropertyValueSpecification\",\"valueRequired\":true,\"valueName\":\"search_term_string\"}}],\"inLanguage\":\"de\"},{\"@type\":\"Organization\",\"@id\":\"https:\/\/cubukled.com\/#organization\",\"name\":\"\u00c7ubuk LED\",\"alternateName\":\"cubukled\",\"url\":\"https:\/\/cubukled.com\/\",\"logo\":{\"@type\":\"ImageObject\",\"inLanguage\":\"de\",\"@id\":\"https:\/\/cubukled.com\/#\/schema\/logo\/image\/\",\"url\":\"https:\/\/cubukled.com\/wp-content\/uploads\/2020\/06\/cubukled-logo.jpeg\",\"contentUrl\":\"https:\/\/cubukled.com\/wp-content\/uploads\/2020\/06\/cubukled-logo.jpeg\",\"width\":1169,\"height\":669,\"caption\":\"\u00c7ubuk LED\"},\"image\":{\"@id\":\"https:\/\/cubukled.com\/#\/schema\/logo\/image\/\"},\"sameAs\":[\"https:\/\/www.facebook.com\/cubukled\",\"https:\/\/x.com\/cubukled\",\"https:\/\/tr.pinterest.com\/Cubuk_Led\/\",\"https:\/\/www.instagram.com\/cubukled\/\",\"https:\/\/www.linkedin.com\/company\/cubukled\",\"https:\/\/www.threads.net\/@cubukled\",\"https:\/\/www.youtube.com\/@cubukled\",\"https:\/\/twitter.com\/cubukled\"]}]}<\/script>\n<!-- \/ Yoast SEO plugin. -->","yoast_head_json":{"title":"Wallwasher Ledi - SP12 - 16mmx30cm Al\u00fcminyum PCB Taban \u00c7ubuk LED","description":"Wallwasher Ledi - 30 cm i\u00e7in; 12 adet Power LED - Renk Se\u00e7enekleri- Al\u00fcminyum PCB \u00d6l\u00e7\u00fcs\u00fc: 16mm x 30cm - Sabit Ak\u0131m \u00c7ubuk LED Mod\u00fcl ile Wallwasher yap!","robots":{"index":"index","follow":"follow","max-snippet":"max-snippet:-1","max-image-preview":"max-image-preview:large","max-video-preview":"max-video-preview:-1"},"canonical":"https:\/\/cubukled.com\/de\/wallwasher-ledi-sp12\/","og_locale":"de_DE","og_type":"article","og_title":"Wallwasher Ledi - SP12 - 16mmx30cm Al\u00fcminyum PCB Taban \u00c7ubuk LED","og_description":"Wallwasher Ledi - 30 cm i\u00e7in; 12 adet Power LED - Renk Se\u00e7enekleri- Al\u00fcminyum PCB \u00d6l\u00e7\u00fcs\u00fc: 16mm x 30cm - Sabit Ak\u0131m \u00c7ubuk LED Mod\u00fcl ile Wallwasher yap!","og_url":"https:\/\/cubukled.com\/de\/wallwasher-ledi-sp12\/","og_site_name":"\u00c7ubuk LED","article_publisher":"https:\/\/www.facebook.com\/cubukled","article_modified_time":"2025-09-09T13:30:26+00:00","og_image":[{"width":1280,"height":792,"url":"https:\/\/cubukled.com\/wp-content\/uploads\/2023\/12\/wallwasher-ledi-SP12.jpg","type":"image\/jpeg"}],"twitter_card":"summary_large_image","twitter_site":"@cubukled","twitter_misc":{"Gesch\u00e4tzte Lesezeit":"3\u00a0Minuten"},"schema":{"@context":"https:\/\/schema.org","@graph":[{"@type":["WebPage","ItemPage"],"@id":"https:\/\/cubukled.com\/wallwasher-ledi-sp12\/","url":"https:\/\/cubukled.com\/wallwasher-ledi-sp12\/","name":"Wallwasher Ledi - SP12 - 16mmx30cm Al\u00fcminyum PCB Taban \u00c7ubuk LED","isPartOf":{"@id":"https:\/\/cubukled.com\/#website"},"primaryImageOfPage":{"@id":"https:\/\/cubukled.com\/wallwasher-ledi-sp12\/#primaryimage"},"image":{"@id":"https:\/\/cubukled.com\/wallwasher-ledi-sp12\/#primaryimage"},"thumbnailUrl":"https:\/\/cubukled.com\/wp-content\/uploads\/2023\/12\/wallwasher-ledi-SP12.jpg","datePublished":"2023-12-22T18:58:28+00:00","dateModified":"2025-09-09T13:30:26+00:00","description":"Wallwasher Ledi - 30 cm i\u00e7in; 12 adet Power LED - Renk Se\u00e7enekleri- Al\u00fcminyum PCB \u00d6l\u00e7\u00fcs\u00fc: 16mm x 30cm - Sabit Ak\u0131m \u00c7ubuk LED Mod\u00fcl ile Wallwasher yap!","breadcrumb":{"@id":"https:\/\/cubukled.com\/wallwasher-ledi-sp12\/#breadcrumb"},"inLanguage":"de","potentialAction":[{"@type":"ReadAction","target":["https:\/\/cubukled.com\/wallwasher-ledi-sp12\/"]}]},{"@type":"ImageObject","inLanguage":"de","@id":"https:\/\/cubukled.com\/wallwasher-ledi-sp12\/#primaryimage","url":"https:\/\/cubukled.com\/wp-content\/uploads\/2023\/12\/wallwasher-ledi-SP12.jpg","contentUrl":"https:\/\/cubukled.com\/wp-content\/uploads\/2023\/12\/wallwasher-ledi-SP12.jpg","width":1280,"height":792},{"@type":"BreadcrumbList","@id":"https:\/\/cubukled.com\/wallwasher-ledi-sp12\/#breadcrumb","itemListElement":[{"@type":"ListItem","position":1,"name":"Ana sayfa","item":"https:\/\/cubukled.com\/"},{"@type":"ListItem","position":2,"name":"Ma\u011faza","item":"https:\/\/cubukled.com\/magaza\/"},{"@type":"ListItem","position":3,"name":"SP12"}]},{"@type":"WebSite","@id":"https:\/\/cubukled.com\/#website","url":"https:\/\/cubukled.com\/","name":"Stab-LED","description":"Fassadenbeleuchtung, Lichtdesign, Au\u00dfenanimationssysteme, RGB DMX Fassaden-LED-Animation","publisher":{"@id":"https:\/\/cubukled.com\/#organization"},"alternateName":"cubukled","potentialAction":[{"@type":"SearchAction","target":{"@type":"EntryPoint","urlTemplate":"https:\/\/cubukled.com\/?s={search_term_string}"},"query-input":{"@type":"PropertyValueSpecification","valueRequired":true,"valueName":"search_term_string"}}],"inLanguage":"de"},{"@type":"Organization","@id":"https:\/\/cubukled.com\/#organization","name":"Stab-LED","alternateName":"cubukled","url":"https:\/\/cubukled.com\/","logo":{"@type":"ImageObject","inLanguage":"de","@id":"https:\/\/cubukled.com\/#\/schema\/logo\/image\/","url":"https:\/\/cubukled.com\/wp-content\/uploads\/2020\/06\/cubukled-logo.jpeg","contentUrl":"https:\/\/cubukled.com\/wp-content\/uploads\/2020\/06\/cubukled-logo.jpeg","width":1169,"height":669,"caption":"\u00c7ubuk LED"},"image":{"@id":"https:\/\/cubukled.com\/#\/schema\/logo\/image\/"},"sameAs":["https:\/\/www.facebook.com\/cubukled","https:\/\/x.com\/cubukled","https:\/\/tr.pinterest.com\/Cubuk_Led\/","https:\/\/www.instagram.com\/cubukled\/","https:\/\/www.linkedin.com\/company\/cubukled","https:\/\/www.threads.net\/@cubukled","https:\/\/www.youtube.com\/@cubukled","https:\/\/twitter.com\/cubukled"]}]}},"_links":{"self":[{"href":"https:\/\/cubukled.com\/de\/wp-json\/wp\/v2\/product\/2246","targetHints":{"allow":["GET"]}}],"collection":[{"href":"https:\/\/cubukled.com\/de\/wp-json\/wp\/v2\/product"}],"about":[{"href":"https:\/\/cubukled.com\/de\/wp-json\/wp\/v2\/types\/product"}],"wp:featuredmedia":[{"embeddable":true,"href":"https:\/\/cubukled.com\/de\/wp-json\/wp\/v2\/media\/2249"}],"wp:attachment":[{"href":"https:\/\/cubukled.com\/de\/wp-json\/wp\/v2\/media?parent=2246"}],"wp:term":[{"taxonomy":"product_brand","embeddable":true,"href":"https:\/\/cubukled.com\/de\/wp-json\/wp\/v2\/product_brand?post=2246"},{"taxonomy":"product_cat","embeddable":true,"href":"https:\/\/cubukled.com\/de\/wp-json\/wp\/v2\/product_cat?post=2246"},{"taxonomy":"product_tag","embeddable":true,"href":"https:\/\/cubukled.com\/de\/wp-json\/wp\/v2\/product_tag?post=2246"}],"curies":[{"name":"wp","href":"https:\/\/api.w.org\/{rel}","templated":true}]}}