{"id":2100,"date":"2023-12-01T11:45:48","date_gmt":"2023-12-01T08:45:48","guid":{"rendered":"https:\/\/cubukled.com\/?post_type=product&#038;p=2100"},"modified":"2025-09-09T16:40:23","modified_gmt":"2025-09-09T13:40:23","slug":"fls","status":"publish","type":"product","link":"https:\/\/cubukled.com\/de\/fls\/","title":{"rendered":"FLS"},"content":{"rendered":"<p><strong>LED-Leiste<\/strong>\u00a0<strong>FLS<\/strong> Wir bieten diese Modelle mit einer breiten Palette an Lichtfarben an. Das Produkt eignet sich ideal f\u00fcr Spanndecken und Trockenbaudeckenbeleuchtung. Dar\u00fcber hinaus l\u00e4sst es sich nahezu \u00fcberall problemlos einsetzen, beispielsweise zur indirekten Beleuchtung hinter M\u00f6beln, Tischen, Schr\u00e4nken oder Spiegeln.<\/p>\n<p>LED-Streifen sind mit 12-Volt- oder 24-Volt-Netzteilen erh\u00e4ltlich. Diese g\u00e4ngigen Spannungspegel erm\u00f6glichen eine einfache Anwendung. Die FLS-Serie umfasst Modelle mit Strom- oder Spannungsschutz. Dadurch werden unerw\u00fcnschte Spannungsschwankungen problemlos ausgeglichen. Dies verhindert Sch\u00e4den am Produkt durch Netzstrom oder Spannungsschwankungen. Mit diesem Produkt lassen sich langlebige LED-Beleuchtungsprojekte realisieren.<\/p>\n<p>FLS, das ohne Beschichtung im Innenbereich eingesetzt werden kann, ist sehr wirtschaftlich. F\u00fcr die Au\u00dfenmontage ist das polymerbeschichtete LED-Streifenmodell in einem Aluminiumgeh\u00e4use vollst\u00e4ndig vor Wasser, Feuchtigkeit und Staub gesch\u00fctzt. So entsteht eine fertige lineare LED-Leuchte.<\/p>\n<h2>LED-Lichtleiste FLS (mit verschiedenen Lichtfarbenoptionen)<\/h2>\n<p><a href=\"https:\/\/cubukled.com\/de\/\">Gro\u00dfhandel mit LEDs<\/a> Sie k\u00f6nnen das FLS-Modell, das Sie \u00fcber cubukled.com bezogen haben, in Ihren Projekten verwenden. Die Leiterplatte des Modells ist 1,2 cm breit und 1 Meter lang. Sie k\u00f6nnen das Produkt in Betrieb nehmen, indem Sie es \u00fcber die Plus- und Minuspole an beiden Enden an ein Netzteil anschlie\u00dfen. Bitte erfragen Sie Informationen zur Leistungsaufnahme Ihres Netzteils.<\/p>\n<table width=\"593\">\n<tbody>\n<tr>\n<td width=\"111\">Produkt-Code<\/td>\n<td width=\"192\">Optionen f\u00fcr die Betriebsspannung<\/td>\n<td width=\"75\">LED Anzahl<\/td>\n<td width=\"114\">Unterbrechung Intervall<\/td>\n<td width=\"101\">Ma\u00dfnahme<\/td>\n<\/tr>\n<tr>\n<td>FLS<\/td>\n<td>12 V Gleichspannung oder 24 V Gleichspannung (Konstantspannung)<\/td>\n<td>60<\/td>\n<td>5 cm, 10 cm oder 20 cm<\/td>\n<td>12\u00d71000 mm<\/td>\n<\/tr>\n<\/tbody>\n<\/table>\n<p>Das LED-Lichtleistenmodell verf\u00fcgt \u00fcber 60 Leuchtdioden pro Meter. Die hocheffiziente FLS-Serie bietet eine wirtschaftliche L\u00f6sung f\u00fcr Ihre dekorativen Beleuchtungskonzepte. So k\u00f6nnen Sie beispielsweise verschiedenfarbige Modelle an unterschiedlichen Schichten von Gipskartondecken anbringen.<\/p>\n<p>Der Hauptunterschied zwischen diesem Produkt und LED-Streifen liegt in der Art der verwendeten Leiterplatte. LED-Streifen bestehen aus zahlreichen elektronischen Bauteilen auf einer flexiblen Leiterplatte. FLS hingegen besteht aus Bauteilen auf einer Aluminium-Leiterplatte. Daher ist es im Wesentlichen eine fortschrittlichere und robustere Version von LED-Streifen. Die Aluminiumbasis verhindert n\u00e4mlich eine \u00dcberhitzung der LEDs und verl\u00e4ngert so deren Lebensdauer. Zudem ist die Installation einfacher und stabiler.<\/p>","protected":false},"excerpt":{"rendered":"<p><em><strong>*Anmerkungen:<\/strong> Die Preisgestaltung richtet sich nach dem jeweiligen Projekt. F\u00fcr weitere Informationen kontaktieren Sie uns bitte. <a href=\"https:\/\/cubukled.com\/de\/cubuk-led-iletisim\/\">Bitte kontaktieren Sie uns.<\/a><\/em><\/p>\n<p><strong>Leistungsaufnahme:<\/strong> 12 V DC \/ 24 V DC<\/p>\n<p><strong>Farboptionen:<\/strong>\u00a02200 K, 2700 K, 3000 K, 4000 K, 5000 K, 6500 K, Rot, Gr\u00fcn, Blau, Bernstein<\/p>\n<p><strong>LED Anzahl:<\/strong> 60 St\u00fcck\/Meter, 30 St\u00fcck\/Meter<\/p>\n<p><strong>Abmessungen der Basisplatine:<\/strong> 12 x 1000 mm Aluminium<\/p>\n<p><strong>Unterbrechung Intervall: <\/strong>5 cm, 10 cm, 20 cm<\/p>\n<p><strong>Besonderes Merkmal:<\/strong> Wirtschaftlich, spannungsgesch\u00fctzt, stromgesch\u00fctzt<\/p>","protected":false},"featured_media":6078,"template":"","meta":{"_joinchat":[]},"product_brand":[],"product_cat":[109,287],"product_tag":[3181,2573,2574,2576],"class_list":{"0":"post-2100","1":"product","2":"type-product","3":"status-publish","4":"has-post-thumbnail","6":"product_cat-aydinlatma-urunleri","7":"product_cat-sabit-gerilim-cubuk-led","8":"product_tag-fls","9":"product_tag-led-cubuk","10":"product_tag-led-cubuk-aydinlatma","11":"product_tag-led-cubuk-isik","12":"pa_gucgirisi-12vdc","13":"pa_gucgirisi-24vdc","14":"pa_kesilmearaligi-10cm","15":"pa_kesilmearaligi-20cm","16":"pa_kesilmearaligi-5cm","17":"pa_ledmarka-led-markasi-cree","18":"pa_ledmarka-lumileds","19":"pa_ledmarka-nichia","20":"pa_ledmarka-osram","21":"pa_ledmarka-philips","22":"pa_ledmarka-led-markasi-samsung","23":"pa_ledmarka-led-markasi-seoul","24":"pa_ledmiktari-30-led","25":"pa_ledmiktari-60-led","26":"pa_onecikanozellik-akimkorumali","27":"pa_onecikanozellik-ekonomik","28":"pa_onecikanozellik-voltajkorumali","29":"pa_tabanpcbolculeri-1-metre-led","31":"first","32":"instock","33":"sale","34":"taxable","35":"shipping-taxable","36":"purchasable","37":"product-type-simple","38":"customify-col"},"yoast_head":"<!-- This site is optimized with the Yoast SEO plugin v27.2 - https:\/\/yoast.com\/product\/yoast-seo-wordpress\/ -->\n<title>LED \u00c7ubuk FLS Serisi<\/title>\n<meta name=\"description\" content=\"LED \u00c7ubuk FLS - 1 metre i\u00e7in 30 veya 60 adet LED - \u00c7ok say\u0131da \u0131\u015f\u0131k rengi se\u00e7enekleri - Al\u00fcminyum PCB \u00d6l\u00e7\u00fcs\u00fc:12mmx1mt - 12 Volt veya 24 Volt\" \/>\n<meta name=\"robots\" content=\"index, follow, max-snippet:-1, max-image-preview:large, max-video-preview:-1\" \/>\n<link rel=\"canonical\" href=\"https:\/\/cubukled.com\/de\/fls\/\" \/>\n<meta property=\"og:locale\" content=\"de_DE\" \/>\n<meta property=\"og:type\" content=\"article\" \/>\n<meta property=\"og:title\" content=\"LED \u00c7ubuk FLS Serisi\" \/>\n<meta property=\"og:description\" content=\"LED \u00c7ubuk FLS - 1 metre i\u00e7in 30 veya 60 adet LED - \u00c7ok say\u0131da \u0131\u015f\u0131k rengi se\u00e7enekleri - Al\u00fcminyum PCB \u00d6l\u00e7\u00fcs\u00fc:12mmx1mt - 12 Volt veya 24 Volt\" \/>\n<meta property=\"og:url\" content=\"https:\/\/cubukled.com\/de\/fls\/\" \/>\n<meta property=\"og:site_name\" content=\"\u00c7ubuk LED\" \/>\n<meta property=\"article:publisher\" content=\"https:\/\/www.facebook.com\/cubukled\" \/>\n<meta property=\"article:modified_time\" content=\"2025-09-09T13:40:23+00:00\" \/>\n<meta property=\"og:image\" content=\"https:\/\/cubukled.com\/wp-content\/uploads\/2023\/12\/fls-led-cubuk.jpg\" \/>\n\t<meta property=\"og:image:width\" content=\"1000\" \/>\n\t<meta property=\"og:image:height\" content=\"1000\" \/>\n\t<meta property=\"og:image:type\" content=\"image\/jpeg\" \/>\n<meta name=\"twitter:card\" content=\"summary_large_image\" \/>\n<meta name=\"twitter:site\" content=\"@cubukled\" \/>\n<meta name=\"twitter:label1\" content=\"Gesch\u00e4tzte Lesezeit\" \/>\n\t<meta name=\"twitter:data1\" content=\"3\u00a0Minuten\" \/>\n<script type=\"application\/ld+json\" class=\"yoast-schema-graph\">{\"@context\":\"https:\/\/schema.org\",\"@graph\":[{\"@type\":[\"WebPage\",\"ItemPage\"],\"@id\":\"https:\/\/cubukled.com\/fls\/\",\"url\":\"https:\/\/cubukled.com\/fls\/\",\"name\":\"LED \u00c7ubuk FLS Serisi\",\"isPartOf\":{\"@id\":\"https:\/\/cubukled.com\/#website\"},\"primaryImageOfPage\":{\"@id\":\"https:\/\/cubukled.com\/fls\/#primaryimage\"},\"image\":{\"@id\":\"https:\/\/cubukled.com\/fls\/#primaryimage\"},\"thumbnailUrl\":\"https:\/\/cubukled.com\/wp-content\/uploads\/2023\/12\/fls-led-cubuk.jpg\",\"datePublished\":\"2023-12-01T08:45:48+00:00\",\"dateModified\":\"2025-09-09T13:40:23+00:00\",\"description\":\"LED \u00c7ubuk FLS - 1 metre i\u00e7in 30 veya 60 adet LED - \u00c7ok say\u0131da \u0131\u015f\u0131k rengi se\u00e7enekleri - Al\u00fcminyum PCB \u00d6l\u00e7\u00fcs\u00fc:12mmx1mt - 12 Volt veya 24 Volt\",\"breadcrumb\":{\"@id\":\"https:\/\/cubukled.com\/fls\/#breadcrumb\"},\"inLanguage\":\"de\",\"potentialAction\":[{\"@type\":\"ReadAction\",\"target\":[\"https:\/\/cubukled.com\/fls\/\"]}]},{\"@type\":\"ImageObject\",\"inLanguage\":\"de\",\"@id\":\"https:\/\/cubukled.com\/fls\/#primaryimage\",\"url\":\"https:\/\/cubukled.com\/wp-content\/uploads\/2023\/12\/fls-led-cubuk.jpg\",\"contentUrl\":\"https:\/\/cubukled.com\/wp-content\/uploads\/2023\/12\/fls-led-cubuk.jpg\",\"width\":1000,\"height\":1000,\"caption\":\"FLS LED \u00c7ubuk I\u015f\u0131k\"},{\"@type\":\"BreadcrumbList\",\"@id\":\"https:\/\/cubukled.com\/fls\/#breadcrumb\",\"itemListElement\":[{\"@type\":\"ListItem\",\"position\":1,\"name\":\"Ana sayfa\",\"item\":\"https:\/\/cubukled.com\/\"},{\"@type\":\"ListItem\",\"position\":2,\"name\":\"Ma\u011faza\",\"item\":\"https:\/\/cubukled.com\/magaza\/\"},{\"@type\":\"ListItem\",\"position\":3,\"name\":\"FLS\"}]},{\"@type\":\"WebSite\",\"@id\":\"https:\/\/cubukled.com\/#website\",\"url\":\"https:\/\/cubukled.com\/\",\"name\":\"\u00c7ubuk LED\",\"description\":\"Cephe Ayd\u0131nlatma, Ayd\u0131nlatma Tasar\u0131m\u0131, D\u0131\u015f Mekan Animasyon Sistemleri, RGB DMX Cephe LED Animasyon\",\"publisher\":{\"@id\":\"https:\/\/cubukled.com\/#organization\"},\"alternateName\":\"cubukled\",\"potentialAction\":[{\"@type\":\"SearchAction\",\"target\":{\"@type\":\"EntryPoint\",\"urlTemplate\":\"https:\/\/cubukled.com\/?s={search_term_string}\"},\"query-input\":{\"@type\":\"PropertyValueSpecification\",\"valueRequired\":true,\"valueName\":\"search_term_string\"}}],\"inLanguage\":\"de\"},{\"@type\":\"Organization\",\"@id\":\"https:\/\/cubukled.com\/#organization\",\"name\":\"\u00c7ubuk LED\",\"alternateName\":\"cubukled\",\"url\":\"https:\/\/cubukled.com\/\",\"logo\":{\"@type\":\"ImageObject\",\"inLanguage\":\"de\",\"@id\":\"https:\/\/cubukled.com\/#\/schema\/logo\/image\/\",\"url\":\"https:\/\/cubukled.com\/wp-content\/uploads\/2020\/06\/cubukled-logo.jpeg\",\"contentUrl\":\"https:\/\/cubukled.com\/wp-content\/uploads\/2020\/06\/cubukled-logo.jpeg\",\"width\":1169,\"height\":669,\"caption\":\"\u00c7ubuk LED\"},\"image\":{\"@id\":\"https:\/\/cubukled.com\/#\/schema\/logo\/image\/\"},\"sameAs\":[\"https:\/\/www.facebook.com\/cubukled\",\"https:\/\/x.com\/cubukled\",\"https:\/\/tr.pinterest.com\/Cubuk_Led\/\",\"https:\/\/www.instagram.com\/cubukled\/\",\"https:\/\/www.linkedin.com\/company\/cubukled\",\"https:\/\/www.threads.net\/@cubukled\",\"https:\/\/www.youtube.com\/@cubukled\",\"https:\/\/twitter.com\/cubukled\"]}]}<\/script>\n<!-- \/ Yoast SEO plugin. -->","yoast_head_json":{"title":"LED \u00c7ubuk FLS Serisi","description":"LED \u00c7ubuk FLS - 1 metre i\u00e7in 30 veya 60 adet LED - \u00c7ok say\u0131da \u0131\u015f\u0131k rengi se\u00e7enekleri - Al\u00fcminyum PCB \u00d6l\u00e7\u00fcs\u00fc:12mmx1mt - 12 Volt veya 24 Volt","robots":{"index":"index","follow":"follow","max-snippet":"max-snippet:-1","max-image-preview":"max-image-preview:large","max-video-preview":"max-video-preview:-1"},"canonical":"https:\/\/cubukled.com\/de\/fls\/","og_locale":"de_DE","og_type":"article","og_title":"LED \u00c7ubuk FLS Serisi","og_description":"LED \u00c7ubuk FLS - 1 metre i\u00e7in 30 veya 60 adet LED - \u00c7ok say\u0131da \u0131\u015f\u0131k rengi se\u00e7enekleri - Al\u00fcminyum PCB \u00d6l\u00e7\u00fcs\u00fc:12mmx1mt - 12 Volt veya 24 Volt","og_url":"https:\/\/cubukled.com\/de\/fls\/","og_site_name":"\u00c7ubuk LED","article_publisher":"https:\/\/www.facebook.com\/cubukled","article_modified_time":"2025-09-09T13:40:23+00:00","og_image":[{"width":1000,"height":1000,"url":"https:\/\/cubukled.com\/wp-content\/uploads\/2023\/12\/fls-led-cubuk.jpg","type":"image\/jpeg"}],"twitter_card":"summary_large_image","twitter_site":"@cubukled","twitter_misc":{"Gesch\u00e4tzte Lesezeit":"3\u00a0Minuten"},"schema":{"@context":"https:\/\/schema.org","@graph":[{"@type":["WebPage","ItemPage"],"@id":"https:\/\/cubukled.com\/fls\/","url":"https:\/\/cubukled.com\/fls\/","name":"LED \u00c7ubuk FLS Serisi","isPartOf":{"@id":"https:\/\/cubukled.com\/#website"},"primaryImageOfPage":{"@id":"https:\/\/cubukled.com\/fls\/#primaryimage"},"image":{"@id":"https:\/\/cubukled.com\/fls\/#primaryimage"},"thumbnailUrl":"https:\/\/cubukled.com\/wp-content\/uploads\/2023\/12\/fls-led-cubuk.jpg","datePublished":"2023-12-01T08:45:48+00:00","dateModified":"2025-09-09T13:40:23+00:00","description":"LED \u00c7ubuk FLS - 1 metre i\u00e7in 30 veya 60 adet LED - \u00c7ok say\u0131da \u0131\u015f\u0131k rengi se\u00e7enekleri - Al\u00fcminyum PCB \u00d6l\u00e7\u00fcs\u00fc:12mmx1mt - 12 Volt veya 24 Volt","breadcrumb":{"@id":"https:\/\/cubukled.com\/fls\/#breadcrumb"},"inLanguage":"de","potentialAction":[{"@type":"ReadAction","target":["https:\/\/cubukled.com\/fls\/"]}]},{"@type":"ImageObject","inLanguage":"de","@id":"https:\/\/cubukled.com\/fls\/#primaryimage","url":"https:\/\/cubukled.com\/wp-content\/uploads\/2023\/12\/fls-led-cubuk.jpg","contentUrl":"https:\/\/cubukled.com\/wp-content\/uploads\/2023\/12\/fls-led-cubuk.jpg","width":1000,"height":1000,"caption":"FLS LED \u00c7ubuk I\u015f\u0131k"},{"@type":"BreadcrumbList","@id":"https:\/\/cubukled.com\/fls\/#breadcrumb","itemListElement":[{"@type":"ListItem","position":1,"name":"Ana sayfa","item":"https:\/\/cubukled.com\/"},{"@type":"ListItem","position":2,"name":"Ma\u011faza","item":"https:\/\/cubukled.com\/magaza\/"},{"@type":"ListItem","position":3,"name":"FLS"}]},{"@type":"WebSite","@id":"https:\/\/cubukled.com\/#website","url":"https:\/\/cubukled.com\/","name":"Stab-LED","description":"Fassadenbeleuchtung, Lichtdesign, Au\u00dfenanimationssysteme, RGB DMX Fassaden-LED-Animation","publisher":{"@id":"https:\/\/cubukled.com\/#organization"},"alternateName":"cubukled","potentialAction":[{"@type":"SearchAction","target":{"@type":"EntryPoint","urlTemplate":"https:\/\/cubukled.com\/?s={search_term_string}"},"query-input":{"@type":"PropertyValueSpecification","valueRequired":true,"valueName":"search_term_string"}}],"inLanguage":"de"},{"@type":"Organization","@id":"https:\/\/cubukled.com\/#organization","name":"Stab-LED","alternateName":"cubukled","url":"https:\/\/cubukled.com\/","logo":{"@type":"ImageObject","inLanguage":"de","@id":"https:\/\/cubukled.com\/#\/schema\/logo\/image\/","url":"https:\/\/cubukled.com\/wp-content\/uploads\/2020\/06\/cubukled-logo.jpeg","contentUrl":"https:\/\/cubukled.com\/wp-content\/uploads\/2020\/06\/cubukled-logo.jpeg","width":1169,"height":669,"caption":"\u00c7ubuk LED"},"image":{"@id":"https:\/\/cubukled.com\/#\/schema\/logo\/image\/"},"sameAs":["https:\/\/www.facebook.com\/cubukled","https:\/\/x.com\/cubukled","https:\/\/tr.pinterest.com\/Cubuk_Led\/","https:\/\/www.instagram.com\/cubukled\/","https:\/\/www.linkedin.com\/company\/cubukled","https:\/\/www.threads.net\/@cubukled","https:\/\/www.youtube.com\/@cubukled","https:\/\/twitter.com\/cubukled"]}]}},"_links":{"self":[{"href":"https:\/\/cubukled.com\/de\/wp-json\/wp\/v2\/product\/2100","targetHints":{"allow":["GET"]}}],"collection":[{"href":"https:\/\/cubukled.com\/de\/wp-json\/wp\/v2\/product"}],"about":[{"href":"https:\/\/cubukled.com\/de\/wp-json\/wp\/v2\/types\/product"}],"wp:featuredmedia":[{"embeddable":true,"href":"https:\/\/cubukled.com\/de\/wp-json\/wp\/v2\/media\/6078"}],"wp:attachment":[{"href":"https:\/\/cubukled.com\/de\/wp-json\/wp\/v2\/media?parent=2100"}],"wp:term":[{"taxonomy":"product_brand","embeddable":true,"href":"https:\/\/cubukled.com\/de\/wp-json\/wp\/v2\/product_brand?post=2100"},{"taxonomy":"product_cat","embeddable":true,"href":"https:\/\/cubukled.com\/de\/wp-json\/wp\/v2\/product_cat?post=2100"},{"taxonomy":"product_tag","embeddable":true,"href":"https:\/\/cubukled.com\/de\/wp-json\/wp\/v2\/product_tag?post=2100"}],"curies":[{"name":"wp","href":"https:\/\/api.w.org\/{rel}","templated":true}]}}