{"id":1658,"date":"2022-06-01T13:04:58","date_gmt":"2022-06-01T10:04:58","guid":{"rendered":"https:\/\/cubukled.com\/?post_type=product&#038;p=1658"},"modified":"2025-09-12T12:38:45","modified_gmt":"2025-09-12T09:38:45","slug":"mp70","status":"publish","type":"product","link":"https:\/\/cubukled.com\/de\/mp70\/","title":{"rendered":"MP70"},"content":{"rendered":"<p><strong>Bar LED<\/strong> Modell <strong>MP70<\/strong> Es funktioniert mit 24-Volt-Gleichstromnetzteilen. Diese Netzteile sind im Handel als 24-Volt-LED-Transformatoren erh\u00e4ltlich. LED-Transformatoren wandeln 220-Volt-Wechselstrom in 24-Volt-Gleichstrom um und reduzieren so die Installationskosten dank des geringen Stromverbrauchs. Daher werden LED-Leisten aufgrund ihrer 24-Volt-Technologie h\u00e4ufiger bevorzugt.<\/p>\n<p>Die aus Aluminium gefertigte Leiterplatte bildet die Basis des Produkts. Der Sockel, der elektrische Leitungseigenschaften hat, leitet auch erfolgreich W\u00e4rme ab. Das hei\u00dft, die unerw\u00fcnschte W\u00e4rme, die von den lichtemittierenden LEDs erzeugt wird, wird im Sockelbereich abgestrahlt. Dank der nat\u00fcrlichen Luftzirkulation wird dieser W\u00e4rmebalken von der LED abgeleitet. Dadurch wird die Gesamtlebensdauer des Produkts verl\u00e4ngert.<\/p>\n<h2>LED-Leiste MP70<\/h2>\n<p>Das LED-Leuchtenmodell MP70 zeichnet sich durch einfache Installation aus und bietet verschiedene Lichtfarben. Zudem stehen unterschiedliche Leistungs- und Lichtstromoptionen zur Verf\u00fcgung, sodass Sie die optimale L\u00f6sung f\u00fcr Ihre Bed\u00fcrfnisse finden.<\/p>\n<table width=\"808\">\n<tbody>\n<tr>\n<td width=\"111\"><strong>Produkt-Code<\/strong><\/td>\n<td width=\"142\"><strong>Betriebsspannung<\/strong><\/td>\n<td width=\"82\"><strong>LED Anzahl<\/strong><\/td>\n<td width=\"117\"><strong>Lichtstrom<\/strong><\/td>\n<td width=\"88\"><strong>Stromverbrauch<\/strong><\/td>\n<td width=\"101\"><strong>Unterbrechung Intervall<\/strong><\/td>\n<td width=\"68\"><strong>Farbe<\/strong><\/td>\n<td width=\"99\"><strong>Ma\u00dfnahme<\/strong><\/td>\n<\/tr>\n<tr>\n<td>MP70<\/td>\n<td>24 V Gleichspannung<\/td>\n<td>70 St\u00fcck\/mt<\/td>\n<td>720 - 3300 lm\/mt<\/td>\n<td>6-16 W\/mt<\/td>\n<td>10 cm<\/td>\n<td>Optional<\/td>\n<td>12x500mm<\/td>\n<\/tr>\n<\/tbody>\n<\/table>\n<p>Das Produkt MP70 mit einer Breite von 12 mm wird standardm\u00e4\u00dfig in einer L\u00e4nge von 0,5 Metern gefertigt. Es kann in 10-cm-Schritten gek\u00fcrzt oder durch Verbinden der Enden verl\u00e4ngert werden. Zum Verbinden stehen L\u00f6ten, kundenspezifische Kabel oder Steckverbinder zur Verf\u00fcgung. <a href=\"https:\/\/cubukled.com\/de\/cubuk-led-birbirine-nasil-eklenir\/\">Wie verbinde ich eine LED-Leiste miteinander?<\/a> Ausf\u00fchrliche Informationen finden Sie in unserem Artikel.<\/p>\n<p><a href=\"https:\/\/cubukled.com\/wp-content\/uploads\/2022\/06\/mp70-teknik-cizim.jpg\"><img fetchpriority=\"high\" decoding=\"async\" class=\"alignnone size-full wp-image-2310\" src=\"https:\/\/cubukled.com\/wp-content\/uploads\/2022\/06\/mp70-teknik-cizim.jpg\" alt=\"bar led teknik cizim\" width=\"2096\" height=\"186\" srcset=\"https:\/\/cubukled.com\/wp-content\/uploads\/2022\/06\/mp70-teknik-cizim.jpg 2096w, https:\/\/cubukled.com\/wp-content\/uploads\/2022\/06\/mp70-teknik-cizim-300x27.jpg 300w, https:\/\/cubukled.com\/wp-content\/uploads\/2022\/06\/mp70-teknik-cizim-1024x91.jpg 1024w, https:\/\/cubukled.com\/wp-content\/uploads\/2022\/06\/mp70-teknik-cizim-768x68.jpg 768w, https:\/\/cubukled.com\/wp-content\/uploads\/2022\/06\/mp70-teknik-cizim-1536x136.jpg 1536w, https:\/\/cubukled.com\/wp-content\/uploads\/2022\/06\/mp70-teknik-cizim-2048x182.jpg 2048w, https:\/\/cubukled.com\/wp-content\/uploads\/2022\/06\/mp70-teknik-cizim-600x53.jpg 600w\" sizes=\"(max-width: 2096px) 100vw, 2096px\" \/><\/a><\/p>\n<p>Die Serie MP70 ist in zwei getrennte Versionen mit Stromschutz- und Spannungsschutzfunktionen unterteilt. Die technischen Daten dieser Versionen, wie z. B. Strom- und Spannungswerte, Schutzstufen, Stromverbrauch und Leistungsparameter, erhalten Sie bei uns auf Anfrage.<\/p>\n<p>Das LED-Leistenmodell MP70 verf\u00fcgt \u00fcber 70 LEDs pro Meter. Die kosteng\u00fcnstigen Modelle der MP70-Serie erzielen mit ihrer 1,2 cm\u00b2 gro\u00dfen Leiterplatte eine h\u00f6here Lichtausbeute. Sie sind kompatibel mit Marken wie NICHIA, SEOUL, CREE, OSRAM, SAMSUNG, LUMILEDS und PHILIPS. <a href=\"https:\/\/cubukled.com\/de\/\">cubukled.com<\/a>, Wir bieten Ihnen einen qualit\u00e4tsorientierten Service. Als f\u00fchrender Hersteller von LED-Leuchten f\u00fcr den Gro\u00dfhandel erhalten Sie von uns technischen Support. Jedes gew\u00fcnschte Modell k\u00f6nnen Sie sofort bestellen.<\/p>\n<h2>Wie sollte man einen 24 Volt LED-Transformator berechnen?<\/h2>\n<ul>\n<li>Messen Sie die Gesamtl\u00e4nge der von Ihnen verwendeten MP70-LED-Leiste. Wie lang ist die Gesamtl\u00e4nge in Metern?<\/li>\n<\/ul>\n<p>Beispiel: Werden 20 Einheiten des Produkts in Reihe geschaltet, dann sind 20 Einheiten x 0,5 Meter = 10 Meter.<\/p>\n<ul>\n<li>Multiplizieren Sie den Verbrauch pro 1 Meter der von Ihnen installierten LED-Leiste mit dem Gesamtmeter. Wie viel Watt ist die Gesamtleistung?<\/li>\n<\/ul>\n<p>Beispiel: Angenommen, das bestellte MP70 verbraucht 10 Watt Strom pro Meter. Die Gesamtleistungsaufnahme betr\u00e4gt dann 10 Meter x 10 Watt = 100 Watt.<\/p>\n<ul>\n<li>DC 24 Volt LED Transformator sollte verwendet werden, um diese minimale berechnete Leistung zu liefern. Wie viel Watt betr\u00e4gt die Leistung eines 24-Volt-LED-Transformators?<\/li>\n<\/ul>\n<p>Beispiel: Mindestens 100 Watt Leistung 24 Volt DC Konstantspannungsnetzteil sollte bevorzugt werden.<\/p>","protected":false},"excerpt":{"rendered":"<p><em><strong>*Anmerkungen:<\/strong> Die Preisgestaltung richtet sich nach dem jeweiligen Projekt. F\u00fcr weitere Informationen kontaktieren Sie uns bitte. <a href=\"https:\/\/cubukled.com\/de\/cubuk-led-iletisim\/\">Bitte kontaktieren Sie uns.<\/a><\/em><\/p>\n<p><strong>Leistungsaufnahme:<\/strong> 24 V Gleichstrom<\/p>\n<p><strong>Farboptionen:<\/strong>\u00a02200 K, 2700 K, 3000 K, 4000 K, 5000 K, 6500 K, Rot, Gr\u00fcn, Blau, Bernstein<\/p>\n<p><strong>LED Anzahl:<\/strong> 70 St\u00fcck\/mt<\/p>\n<p><strong>Abmessungen der Basisplatine:<\/strong> 12 x 500 mm Aluminium<\/p>\n<p><strong>Unterbrechung Intervall:<\/strong> 10 cm<\/p>\n<p><strong>Besonderes Merkmal:<\/strong> Wirtschaftlich, stromgesch\u00fctzt oder spannungsgesch\u00fctzt<\/p>\n<p><strong>LED Marke Optionen:<\/strong> CREE, OSRAM, SAMSUNG, NICHIA, SEOUL, PHILIPS, LUMILEDS<\/p>","protected":false},"featured_media":6068,"template":"","meta":{"_joinchat":[]},"product_brand":[],"product_cat":[109,287],"product_tag":[2419,2416,3176,3177,2421],"class_list":{"0":"post-1658","1":"product","2":"type-product","3":"status-publish","4":"has-post-thumbnail","6":"product_cat-aydinlatma-urunleri","7":"product_cat-sabit-gerilim-cubuk-led","8":"product_tag-bar-led","9":"product_tag-bar-led-imalatci","10":"product_tag-mp70","11":"product_tag-mp70-bar-led","12":"product_tag-toptan-bar-led-satisi","13":"pa_gucgirisi-24vdc","14":"pa_isikrengi-2200kelvin","15":"pa_isikrengi-2700kelvin","16":"pa_isikrengi-3000kelvin","17":"pa_isikrengi-4000kelvin","18":"pa_isikrengi-5000kelvin","19":"pa_isikrengi-6500kelvin","20":"pa_isikrengi-amber","21":"pa_isikrengi-kirmizi","22":"pa_isikrengi-mavi","23":"pa_isikrengi-yesil","24":"pa_kesilmearaligi-10cm","25":"pa_ledmarka-led-markasi-cree","26":"pa_ledmarka-lumileds","27":"pa_ledmarka-nichia","28":"pa_ledmarka-osram","29":"pa_ledmarka-philips","30":"pa_ledmarka-led-markasi-samsung","31":"pa_ledmarka-led-markasi-seoul","32":"pa_ledmiktari-70-led","33":"pa_onecikanozellik-akimkorumali","34":"pa_onecikanozellik-ekonomik","35":"pa_onecikanozellik-voltajkorumali","36":"pa_tabanpcbolculeri-50cm-led","38":"first","39":"instock","40":"sale","41":"taxable","42":"shipping-taxable","43":"purchasable","44":"product-type-simple","45":"customify-col","46":"product-has-gallery"},"yoast_head":"<!-- This site is optimized with the Yoast SEO plugin v27.2 - https:\/\/yoast.com\/product\/yoast-seo-wordpress\/ -->\n<title>Bar LED MP70<\/title>\n<meta name=\"description\" content=\"Bar LED MP70 - 1 metre i\u00e7in 70 adet LED - Farkl\u0131 Watt, Lumen ve I\u015f\u0131k Rengi Se\u00e7enekleri - \u00d6l\u00e7\u00fc:12mmx50cm - DC 24 Volt Bar LED\" \/>\n<meta name=\"robots\" content=\"index, follow, max-snippet:-1, max-image-preview:large, max-video-preview:-1\" \/>\n<link rel=\"canonical\" href=\"https:\/\/cubukled.com\/de\/mp70\/\" \/>\n<meta property=\"og:locale\" content=\"de_DE\" \/>\n<meta property=\"og:type\" content=\"article\" \/>\n<meta property=\"og:title\" content=\"Bar LED MP70\" \/>\n<meta property=\"og:description\" content=\"Bar LED MP70 - 1 metre i\u00e7in 70 adet LED - Farkl\u0131 Watt, Lumen ve I\u015f\u0131k Rengi Se\u00e7enekleri - \u00d6l\u00e7\u00fc:12mmx50cm - DC 24 Volt Bar LED\" \/>\n<meta property=\"og:url\" content=\"https:\/\/cubukled.com\/de\/mp70\/\" \/>\n<meta property=\"og:site_name\" content=\"\u00c7ubuk LED\" \/>\n<meta property=\"article:publisher\" content=\"https:\/\/www.facebook.com\/cubukled\" \/>\n<meta property=\"article:modified_time\" content=\"2025-09-12T09:38:45+00:00\" \/>\n<meta property=\"og:image\" content=\"https:\/\/cubukled.com\/wp-content\/uploads\/2022\/06\/mp70-bar-led-1.jpg\" \/>\n\t<meta property=\"og:image:width\" content=\"1000\" \/>\n\t<meta property=\"og:image:height\" content=\"1000\" \/>\n\t<meta property=\"og:image:type\" content=\"image\/jpeg\" \/>\n<meta name=\"twitter:card\" content=\"summary_large_image\" \/>\n<meta name=\"twitter:site\" content=\"@cubukled\" \/>\n<meta name=\"twitter:label1\" content=\"Gesch\u00e4tzte Lesezeit\" \/>\n\t<meta name=\"twitter:data1\" content=\"3\u00a0Minuten\" \/>\n<script type=\"application\/ld+json\" class=\"yoast-schema-graph\">{\"@context\":\"https:\/\/schema.org\",\"@graph\":[{\"@type\":[\"WebPage\",\"ItemPage\"],\"@id\":\"https:\/\/cubukled.com\/mp70\/\",\"url\":\"https:\/\/cubukled.com\/mp70\/\",\"name\":\"Bar LED MP70\",\"isPartOf\":{\"@id\":\"https:\/\/cubukled.com\/#website\"},\"primaryImageOfPage\":{\"@id\":\"https:\/\/cubukled.com\/mp70\/#primaryimage\"},\"image\":{\"@id\":\"https:\/\/cubukled.com\/mp70\/#primaryimage\"},\"thumbnailUrl\":\"https:\/\/cubukled.com\/wp-content\/uploads\/2022\/06\/mp70-bar-led-1.jpg\",\"datePublished\":\"2022-06-01T10:04:58+00:00\",\"dateModified\":\"2025-09-12T09:38:45+00:00\",\"description\":\"Bar LED MP70 - 1 metre i\u00e7in 70 adet LED - Farkl\u0131 Watt, Lumen ve I\u015f\u0131k Rengi Se\u00e7enekleri - \u00d6l\u00e7\u00fc:12mmx50cm - DC 24 Volt Bar LED\",\"breadcrumb\":{\"@id\":\"https:\/\/cubukled.com\/mp70\/#breadcrumb\"},\"inLanguage\":\"de\",\"potentialAction\":[{\"@type\":\"ReadAction\",\"target\":[\"https:\/\/cubukled.com\/mp70\/\"]}]},{\"@type\":\"ImageObject\",\"inLanguage\":\"de\",\"@id\":\"https:\/\/cubukled.com\/mp70\/#primaryimage\",\"url\":\"https:\/\/cubukled.com\/wp-content\/uploads\/2022\/06\/mp70-bar-led-1.jpg\",\"contentUrl\":\"https:\/\/cubukled.com\/wp-content\/uploads\/2022\/06\/mp70-bar-led-1.jpg\",\"width\":1000,\"height\":1000,\"caption\":\"MP70 Bar LED I\u015f\u0131k\"},{\"@type\":\"BreadcrumbList\",\"@id\":\"https:\/\/cubukled.com\/mp70\/#breadcrumb\",\"itemListElement\":[{\"@type\":\"ListItem\",\"position\":1,\"name\":\"Ana sayfa\",\"item\":\"https:\/\/cubukled.com\/\"},{\"@type\":\"ListItem\",\"position\":2,\"name\":\"Ma\u011faza\",\"item\":\"https:\/\/cubukled.com\/magaza\/\"},{\"@type\":\"ListItem\",\"position\":3,\"name\":\"MP70\"}]},{\"@type\":\"WebSite\",\"@id\":\"https:\/\/cubukled.com\/#website\",\"url\":\"https:\/\/cubukled.com\/\",\"name\":\"\u00c7ubuk LED\",\"description\":\"Cephe Ayd\u0131nlatma, Ayd\u0131nlatma Tasar\u0131m\u0131, D\u0131\u015f Mekan Animasyon Sistemleri, RGB DMX Cephe LED Animasyon\",\"publisher\":{\"@id\":\"https:\/\/cubukled.com\/#organization\"},\"alternateName\":\"cubukled\",\"potentialAction\":[{\"@type\":\"SearchAction\",\"target\":{\"@type\":\"EntryPoint\",\"urlTemplate\":\"https:\/\/cubukled.com\/?s={search_term_string}\"},\"query-input\":{\"@type\":\"PropertyValueSpecification\",\"valueRequired\":true,\"valueName\":\"search_term_string\"}}],\"inLanguage\":\"de\"},{\"@type\":\"Organization\",\"@id\":\"https:\/\/cubukled.com\/#organization\",\"name\":\"\u00c7ubuk LED\",\"alternateName\":\"cubukled\",\"url\":\"https:\/\/cubukled.com\/\",\"logo\":{\"@type\":\"ImageObject\",\"inLanguage\":\"de\",\"@id\":\"https:\/\/cubukled.com\/#\/schema\/logo\/image\/\",\"url\":\"https:\/\/cubukled.com\/wp-content\/uploads\/2020\/06\/cubukled-logo.jpeg\",\"contentUrl\":\"https:\/\/cubukled.com\/wp-content\/uploads\/2020\/06\/cubukled-logo.jpeg\",\"width\":1169,\"height\":669,\"caption\":\"\u00c7ubuk LED\"},\"image\":{\"@id\":\"https:\/\/cubukled.com\/#\/schema\/logo\/image\/\"},\"sameAs\":[\"https:\/\/www.facebook.com\/cubukled\",\"https:\/\/x.com\/cubukled\",\"https:\/\/tr.pinterest.com\/Cubuk_Led\/\",\"https:\/\/www.instagram.com\/cubukled\/\",\"https:\/\/www.linkedin.com\/company\/cubukled\",\"https:\/\/www.threads.net\/@cubukled\",\"https:\/\/www.youtube.com\/@cubukled\",\"https:\/\/twitter.com\/cubukled\"]}]}<\/script>\n<!-- \/ Yoast SEO plugin. -->","yoast_head_json":{"title":"LED-Leiste MP70","description":"Bar LED MP70 - 1 metre i\u00e7in 70 adet LED - Farkl\u0131 Watt, Lumen ve I\u015f\u0131k Rengi Se\u00e7enekleri - \u00d6l\u00e7\u00fc:12mmx50cm - DC 24 Volt Bar LED","robots":{"index":"index","follow":"follow","max-snippet":"max-snippet:-1","max-image-preview":"max-image-preview:large","max-video-preview":"max-video-preview:-1"},"canonical":"https:\/\/cubukled.com\/de\/mp70\/","og_locale":"de_DE","og_type":"article","og_title":"Bar LED MP70","og_description":"Bar LED MP70 - 1 metre i\u00e7in 70 adet LED - Farkl\u0131 Watt, Lumen ve I\u015f\u0131k Rengi Se\u00e7enekleri - \u00d6l\u00e7\u00fc:12mmx50cm - DC 24 Volt Bar LED","og_url":"https:\/\/cubukled.com\/de\/mp70\/","og_site_name":"\u00c7ubuk LED","article_publisher":"https:\/\/www.facebook.com\/cubukled","article_modified_time":"2025-09-12T09:38:45+00:00","og_image":[{"width":1000,"height":1000,"url":"https:\/\/cubukled.com\/wp-content\/uploads\/2022\/06\/mp70-bar-led-1.jpg","type":"image\/jpeg"}],"twitter_card":"summary_large_image","twitter_site":"@cubukled","twitter_misc":{"Gesch\u00e4tzte Lesezeit":"3\u00a0Minuten"},"schema":{"@context":"https:\/\/schema.org","@graph":[{"@type":["WebPage","ItemPage"],"@id":"https:\/\/cubukled.com\/mp70\/","url":"https:\/\/cubukled.com\/mp70\/","name":"LED-Leiste MP70","isPartOf":{"@id":"https:\/\/cubukled.com\/#website"},"primaryImageOfPage":{"@id":"https:\/\/cubukled.com\/mp70\/#primaryimage"},"image":{"@id":"https:\/\/cubukled.com\/mp70\/#primaryimage"},"thumbnailUrl":"https:\/\/cubukled.com\/wp-content\/uploads\/2022\/06\/mp70-bar-led-1.jpg","datePublished":"2022-06-01T10:04:58+00:00","dateModified":"2025-09-12T09:38:45+00:00","description":"Bar LED MP70 - 1 metre i\u00e7in 70 adet LED - Farkl\u0131 Watt, Lumen ve I\u015f\u0131k Rengi Se\u00e7enekleri - \u00d6l\u00e7\u00fc:12mmx50cm - DC 24 Volt Bar LED","breadcrumb":{"@id":"https:\/\/cubukled.com\/mp70\/#breadcrumb"},"inLanguage":"de","potentialAction":[{"@type":"ReadAction","target":["https:\/\/cubukled.com\/mp70\/"]}]},{"@type":"ImageObject","inLanguage":"de","@id":"https:\/\/cubukled.com\/mp70\/#primaryimage","url":"https:\/\/cubukled.com\/wp-content\/uploads\/2022\/06\/mp70-bar-led-1.jpg","contentUrl":"https:\/\/cubukled.com\/wp-content\/uploads\/2022\/06\/mp70-bar-led-1.jpg","width":1000,"height":1000,"caption":"MP70 Bar LED I\u015f\u0131k"},{"@type":"BreadcrumbList","@id":"https:\/\/cubukled.com\/mp70\/#breadcrumb","itemListElement":[{"@type":"ListItem","position":1,"name":"Ana sayfa","item":"https:\/\/cubukled.com\/"},{"@type":"ListItem","position":2,"name":"Ma\u011faza","item":"https:\/\/cubukled.com\/magaza\/"},{"@type":"ListItem","position":3,"name":"MP70"}]},{"@type":"WebSite","@id":"https:\/\/cubukled.com\/#website","url":"https:\/\/cubukled.com\/","name":"Stab-LED","description":"Fassadenbeleuchtung, Lichtdesign, Au\u00dfenanimationssysteme, RGB DMX Fassaden-LED-Animation","publisher":{"@id":"https:\/\/cubukled.com\/#organization"},"alternateName":"cubukled","potentialAction":[{"@type":"SearchAction","target":{"@type":"EntryPoint","urlTemplate":"https:\/\/cubukled.com\/?s={search_term_string}"},"query-input":{"@type":"PropertyValueSpecification","valueRequired":true,"valueName":"search_term_string"}}],"inLanguage":"de"},{"@type":"Organization","@id":"https:\/\/cubukled.com\/#organization","name":"Stab-LED","alternateName":"cubukled","url":"https:\/\/cubukled.com\/","logo":{"@type":"ImageObject","inLanguage":"de","@id":"https:\/\/cubukled.com\/#\/schema\/logo\/image\/","url":"https:\/\/cubukled.com\/wp-content\/uploads\/2020\/06\/cubukled-logo.jpeg","contentUrl":"https:\/\/cubukled.com\/wp-content\/uploads\/2020\/06\/cubukled-logo.jpeg","width":1169,"height":669,"caption":"\u00c7ubuk LED"},"image":{"@id":"https:\/\/cubukled.com\/#\/schema\/logo\/image\/"},"sameAs":["https:\/\/www.facebook.com\/cubukled","https:\/\/x.com\/cubukled","https:\/\/tr.pinterest.com\/Cubuk_Led\/","https:\/\/www.instagram.com\/cubukled\/","https:\/\/www.linkedin.com\/company\/cubukled","https:\/\/www.threads.net\/@cubukled","https:\/\/www.youtube.com\/@cubukled","https:\/\/twitter.com\/cubukled"]}]}},"_links":{"self":[{"href":"https:\/\/cubukled.com\/de\/wp-json\/wp\/v2\/product\/1658","targetHints":{"allow":["GET"]}}],"collection":[{"href":"https:\/\/cubukled.com\/de\/wp-json\/wp\/v2\/product"}],"about":[{"href":"https:\/\/cubukled.com\/de\/wp-json\/wp\/v2\/types\/product"}],"wp:featuredmedia":[{"embeddable":true,"href":"https:\/\/cubukled.com\/de\/wp-json\/wp\/v2\/media\/6068"}],"wp:attachment":[{"href":"https:\/\/cubukled.com\/de\/wp-json\/wp\/v2\/media?parent=1658"}],"wp:term":[{"taxonomy":"product_brand","embeddable":true,"href":"https:\/\/cubukled.com\/de\/wp-json\/wp\/v2\/product_brand?post=1658"},{"taxonomy":"product_cat","embeddable":true,"href":"https:\/\/cubukled.com\/de\/wp-json\/wp\/v2\/product_cat?post=1658"},{"taxonomy":"product_tag","embeddable":true,"href":"https:\/\/cubukled.com\/de\/wp-json\/wp\/v2\/product_tag?post=1658"}],"curies":[{"name":"wp","href":"https:\/\/api.w.org\/{rel}","templated":true}]}}