{"id":7226,"date":"2026-02-03T12:00:19","date_gmt":"2026-02-03T09:00:19","guid":{"rendered":"https:\/\/cubukled.com\/?page_id=7226"},"modified":"2026-02-03T12:25:25","modified_gmt":"2026-02-03T09:25:25","slug":"iptal-ve-iade-kosullari","status":"publish","type":"page","link":"https:\/\/cubukled.com\/de\/iptal-ve-iade-kosullari\/","title":{"rendered":"STORNIERUNGS- UND R\u00dcCKERSTATTUNGSBEDINGUNGEN"},"content":{"rendered":"<p>Die meisten Produkte, die \u00fcber cubukled.com gekauft werden (Linear-LEDs, LED-Streifen, individuell zugeschnittene Aluminiumprofile usw.), werden auf bestimmte Abmessungen zugeschnitten, in bestimmten Farben lackiert, mit bestimmten Watt- oder Lumenwerten ausgelegt, in bestimmten Lichtfarben ausgew\u00e4hlt und gem\u00e4\u00df den W\u00fcnschen unserer Kunden installiert.<\/p>\n<p>Ausnahme vom Widerrufsrecht: Gem\u00e4\u00df Artikel 15(b) der Verordnung \u00fcber Fernabsatzvertr\u00e4ge Nr. 29188 besteht f\u00fcr Verbraucher kein Widerrufsrecht bei Vertr\u00e4gen \u00fcber Waren, die nach ihren W\u00fcnschen oder pers\u00f6nlichen Bed\u00fcrfnissen angefertigt wurden. In diesem Zusammenhang sind R\u00fcckgaben und Stornierungen von Produkten, die individuell zugeschnitten, montiert oder nach Ihren Vorgaben lackiert wurden, nicht m\u00f6glich.<\/p>\n<p><strong>Fehlerhafte oder besch\u00e4digte Produkte:<\/strong> Sie haben das Recht, Produkte mit Herstellungsfehlern oder Transportsch\u00e4den innerhalb von 14 Tagen umzutauschen oder reparieren zu lassen. In diesem Fall \u00fcbernehmen wir die Versandkosten.<\/p>\n<p><strong>Standardprodukte:<\/strong> Die R\u00fcckgabe von unverarbeiteten, standardm\u00e4\u00dfig verpackten Lagerware ist innerhalb von 14 Tagen m\u00f6glich, vorausgesetzt, die Verpackung ist unge\u00f6ffnet und das Produkt befindet sich in einem wiederverkaufsf\u00e4higen Zustand.<\/p>\n<p><strong>R\u00fcckgabeprozess:<\/strong> Sie k\u00f6nnen Ihre R\u00fcckgabe- oder Umtauschanfragen per E-Mail an info@cubukled.com oder telefonisch an uns richten.<\/p>","protected":false},"excerpt":{"rendered":"<p>cubukled.com \u00fczerinden sat\u0131n al\u0131nan \u00fcr\u00fcnlerin b\u00fcy\u00fck bir b\u00f6l\u00fcm\u00fc (Lineer LED, \u00c7ubuk LED, \u00d6zel Kesim Al\u00fcminyum Profiller vb.), m\u00fc\u015fterilerimizin talebi do\u011frultusunda belirli \u00f6l\u00e7\u00fclere g\u00f6re kesilmekte, belirli&hellip;<\/p>","protected":false},"author":1,"featured_media":0,"parent":0,"menu_order":0,"comment_status":"closed","ping_status":"closed","template":"","meta":{"_joinchat":[],"footnotes":""},"class_list":["post-7226","page","type-page","status-publish","hentry"],"yoast_head":"<!-- This site is optimized with the Yoast SEO plugin v27.2 - https:\/\/yoast.com\/product\/yoast-seo-wordpress\/ -->\n<title>\u0130ptal ve \u0130ade Ko\u015fullar\u0131<\/title>\n<meta name=\"description\" content=\"\u0130ptal ve \u0130ade Ko\u015fullar\u0131 - \u00dcr\u00fcnlerin m\u00fc\u015fterilerimizin talebi do\u011frultusunda tasarlanmaktad\u0131r. \u00d6l\u00e7\u00fc, profil rengi, Watt, \u0131\u015f\u0131k rengi ...\" \/>\n<meta name=\"robots\" content=\"index, follow, max-snippet:-1, max-image-preview:large, max-video-preview:-1\" \/>\n<link rel=\"canonical\" href=\"https:\/\/cubukled.com\/de\/iptal-ve-iade-kosullari\/\" \/>\n<meta property=\"og:locale\" content=\"de_DE\" \/>\n<meta property=\"og:type\" content=\"article\" \/>\n<meta property=\"og:title\" content=\"\u0130ptal ve \u0130ade Ko\u015fullar\u0131\" \/>\n<meta property=\"og:description\" content=\"\u0130ptal ve \u0130ade Ko\u015fullar\u0131 - \u00dcr\u00fcnlerin m\u00fc\u015fterilerimizin talebi do\u011frultusunda tasarlanmaktad\u0131r. \u00d6l\u00e7\u00fc, profil rengi, Watt, \u0131\u015f\u0131k rengi ...\" \/>\n<meta property=\"og:url\" content=\"https:\/\/cubukled.com\/de\/iptal-ve-iade-kosullari\/\" \/>\n<meta property=\"og:site_name\" content=\"\u00c7ubuk LED\" \/>\n<meta property=\"article:publisher\" content=\"https:\/\/www.facebook.com\/cubukled\" \/>\n<meta property=\"article:modified_time\" content=\"2026-02-03T09:25:25+00:00\" \/>\n<meta property=\"og:image\" content=\"https:\/\/cubukled.com\/wp-content\/uploads\/2024\/01\/cubukled-gorsel.jpg\" \/>\n\t<meta property=\"og:image:width\" content=\"1200\" \/>\n\t<meta property=\"og:image:height\" content=\"675\" \/>\n\t<meta property=\"og:image:type\" content=\"image\/jpeg\" \/>\n<meta name=\"twitter:card\" content=\"summary_large_image\" \/>\n<meta name=\"twitter:site\" content=\"@cubukled\" \/>\n<meta name=\"twitter:label1\" content=\"Gesch\u00e4tzte Lesezeit\" \/>\n\t<meta name=\"twitter:data1\" content=\"1\u00a0Minute\" \/>\n<script type=\"application\/ld+json\" class=\"yoast-schema-graph\">{\"@context\":\"https:\/\/schema.org\",\"@graph\":[{\"@type\":\"WebPage\",\"@id\":\"https:\/\/cubukled.com\/iptal-ve-iade-kosullari\/\",\"url\":\"https:\/\/cubukled.com\/iptal-ve-iade-kosullari\/\",\"name\":\"\u0130ptal ve \u0130ade Ko\u015fullar\u0131\",\"isPartOf\":{\"@id\":\"https:\/\/cubukled.com\/#website\"},\"datePublished\":\"2026-02-03T09:00:19+00:00\",\"dateModified\":\"2026-02-03T09:25:25+00:00\",\"description\":\"\u0130ptal ve \u0130ade Ko\u015fullar\u0131 - \u00dcr\u00fcnlerin m\u00fc\u015fterilerimizin talebi do\u011frultusunda tasarlanmaktad\u0131r. \u00d6l\u00e7\u00fc, profil rengi, Watt, \u0131\u015f\u0131k rengi ...\",\"breadcrumb\":{\"@id\":\"https:\/\/cubukled.com\/iptal-ve-iade-kosullari\/#breadcrumb\"},\"inLanguage\":\"de\",\"potentialAction\":[{\"@type\":\"ReadAction\",\"target\":[\"https:\/\/cubukled.com\/iptal-ve-iade-kosullari\/\"]}]},{\"@type\":\"BreadcrumbList\",\"@id\":\"https:\/\/cubukled.com\/iptal-ve-iade-kosullari\/#breadcrumb\",\"itemListElement\":[{\"@type\":\"ListItem\",\"position\":1,\"name\":\"Ana sayfa\",\"item\":\"https:\/\/cubukled.com\/\"},{\"@type\":\"ListItem\",\"position\":2,\"name\":\"\u0130PTAL VE \u0130ADE KO\u015eULLARI\"}]},{\"@type\":\"WebSite\",\"@id\":\"https:\/\/cubukled.com\/#website\",\"url\":\"https:\/\/cubukled.com\/\",\"name\":\"\u00c7ubuk LED\",\"description\":\"Cephe Ayd\u0131nlatma, Ayd\u0131nlatma Tasar\u0131m\u0131, D\u0131\u015f Mekan Animasyon Sistemleri, RGB DMX Cephe LED Animasyon\",\"publisher\":{\"@id\":\"https:\/\/cubukled.com\/#organization\"},\"alternateName\":\"cubukled\",\"potentialAction\":[{\"@type\":\"SearchAction\",\"target\":{\"@type\":\"EntryPoint\",\"urlTemplate\":\"https:\/\/cubukled.com\/?s={search_term_string}\"},\"query-input\":{\"@type\":\"PropertyValueSpecification\",\"valueRequired\":true,\"valueName\":\"search_term_string\"}}],\"inLanguage\":\"de\"},{\"@type\":\"Organization\",\"@id\":\"https:\/\/cubukled.com\/#organization\",\"name\":\"\u00c7ubuk LED\",\"alternateName\":\"cubukled\",\"url\":\"https:\/\/cubukled.com\/\",\"logo\":{\"@type\":\"ImageObject\",\"inLanguage\":\"de\",\"@id\":\"https:\/\/cubukled.com\/#\/schema\/logo\/image\/\",\"url\":\"https:\/\/cubukled.com\/wp-content\/uploads\/2020\/06\/cubukled-logo.jpeg\",\"contentUrl\":\"https:\/\/cubukled.com\/wp-content\/uploads\/2020\/06\/cubukled-logo.jpeg\",\"width\":1169,\"height\":669,\"caption\":\"\u00c7ubuk LED\"},\"image\":{\"@id\":\"https:\/\/cubukled.com\/#\/schema\/logo\/image\/\"},\"sameAs\":[\"https:\/\/www.facebook.com\/cubukled\",\"https:\/\/x.com\/cubukled\",\"https:\/\/tr.pinterest.com\/Cubuk_Led\/\",\"https:\/\/www.instagram.com\/cubukled\/\",\"https:\/\/www.linkedin.com\/company\/cubukled\",\"https:\/\/www.threads.net\/@cubukled\",\"https:\/\/www.youtube.com\/@cubukled\",\"https:\/\/twitter.com\/cubukled\"]}]}<\/script>\n<!-- \/ Yoast SEO plugin. -->","yoast_head_json":{"title":"Stornierungs- und R\u00fcckerstattungsbedingungen","description":"\u0130ptal ve \u0130ade Ko\u015fullar\u0131 - \u00dcr\u00fcnlerin m\u00fc\u015fterilerimizin talebi do\u011frultusunda tasarlanmaktad\u0131r. \u00d6l\u00e7\u00fc, profil rengi, Watt, \u0131\u015f\u0131k rengi ...","robots":{"index":"index","follow":"follow","max-snippet":"max-snippet:-1","max-image-preview":"max-image-preview:large","max-video-preview":"max-video-preview:-1"},"canonical":"https:\/\/cubukled.com\/de\/iptal-ve-iade-kosullari\/","og_locale":"de_DE","og_type":"article","og_title":"\u0130ptal ve \u0130ade Ko\u015fullar\u0131","og_description":"\u0130ptal ve \u0130ade Ko\u015fullar\u0131 - \u00dcr\u00fcnlerin m\u00fc\u015fterilerimizin talebi do\u011frultusunda tasarlanmaktad\u0131r. \u00d6l\u00e7\u00fc, profil rengi, Watt, \u0131\u015f\u0131k rengi ...","og_url":"https:\/\/cubukled.com\/de\/iptal-ve-iade-kosullari\/","og_site_name":"\u00c7ubuk LED","article_publisher":"https:\/\/www.facebook.com\/cubukled","article_modified_time":"2026-02-03T09:25:25+00:00","og_image":[{"width":1200,"height":675,"url":"https:\/\/cubukled.com\/wp-content\/uploads\/2024\/01\/cubukled-gorsel.jpg","type":"image\/jpeg"}],"twitter_card":"summary_large_image","twitter_site":"@cubukled","twitter_misc":{"Gesch\u00e4tzte Lesezeit":"1\u00a0Minute"},"schema":{"@context":"https:\/\/schema.org","@graph":[{"@type":"WebPage","@id":"https:\/\/cubukled.com\/iptal-ve-iade-kosullari\/","url":"https:\/\/cubukled.com\/iptal-ve-iade-kosullari\/","name":"Stornierungs- und R\u00fcckerstattungsbedingungen","isPartOf":{"@id":"https:\/\/cubukled.com\/#website"},"datePublished":"2026-02-03T09:00:19+00:00","dateModified":"2026-02-03T09:25:25+00:00","description":"\u0130ptal ve \u0130ade Ko\u015fullar\u0131 - \u00dcr\u00fcnlerin m\u00fc\u015fterilerimizin talebi do\u011frultusunda tasarlanmaktad\u0131r. \u00d6l\u00e7\u00fc, profil rengi, Watt, \u0131\u015f\u0131k rengi ...","breadcrumb":{"@id":"https:\/\/cubukled.com\/iptal-ve-iade-kosullari\/#breadcrumb"},"inLanguage":"de","potentialAction":[{"@type":"ReadAction","target":["https:\/\/cubukled.com\/iptal-ve-iade-kosullari\/"]}]},{"@type":"BreadcrumbList","@id":"https:\/\/cubukled.com\/iptal-ve-iade-kosullari\/#breadcrumb","itemListElement":[{"@type":"ListItem","position":1,"name":"Ana sayfa","item":"https:\/\/cubukled.com\/"},{"@type":"ListItem","position":2,"name":"\u0130PTAL VE \u0130ADE KO\u015eULLARI"}]},{"@type":"WebSite","@id":"https:\/\/cubukled.com\/#website","url":"https:\/\/cubukled.com\/","name":"Stab-LED","description":"Fassadenbeleuchtung, Lichtdesign, Au\u00dfenanimationssysteme, RGB DMX Fassaden-LED-Animation","publisher":{"@id":"https:\/\/cubukled.com\/#organization"},"alternateName":"cubukled","potentialAction":[{"@type":"SearchAction","target":{"@type":"EntryPoint","urlTemplate":"https:\/\/cubukled.com\/?s={search_term_string}"},"query-input":{"@type":"PropertyValueSpecification","valueRequired":true,"valueName":"search_term_string"}}],"inLanguage":"de"},{"@type":"Organization","@id":"https:\/\/cubukled.com\/#organization","name":"Stab-LED","alternateName":"cubukled","url":"https:\/\/cubukled.com\/","logo":{"@type":"ImageObject","inLanguage":"de","@id":"https:\/\/cubukled.com\/#\/schema\/logo\/image\/","url":"https:\/\/cubukled.com\/wp-content\/uploads\/2020\/06\/cubukled-logo.jpeg","contentUrl":"https:\/\/cubukled.com\/wp-content\/uploads\/2020\/06\/cubukled-logo.jpeg","width":1169,"height":669,"caption":"\u00c7ubuk LED"},"image":{"@id":"https:\/\/cubukled.com\/#\/schema\/logo\/image\/"},"sameAs":["https:\/\/www.facebook.com\/cubukled","https:\/\/x.com\/cubukled","https:\/\/tr.pinterest.com\/Cubuk_Led\/","https:\/\/www.instagram.com\/cubukled\/","https:\/\/www.linkedin.com\/company\/cubukled","https:\/\/www.threads.net\/@cubukled","https:\/\/www.youtube.com\/@cubukled","https:\/\/twitter.com\/cubukled"]}]}},"_links":{"self":[{"href":"https:\/\/cubukled.com\/de\/wp-json\/wp\/v2\/pages\/7226","targetHints":{"allow":["GET"]}}],"collection":[{"href":"https:\/\/cubukled.com\/de\/wp-json\/wp\/v2\/pages"}],"about":[{"href":"https:\/\/cubukled.com\/de\/wp-json\/wp\/v2\/types\/page"}],"author":[{"embeddable":true,"href":"https:\/\/cubukled.com\/de\/wp-json\/wp\/v2\/users\/1"}],"replies":[{"embeddable":true,"href":"https:\/\/cubukled.com\/de\/wp-json\/wp\/v2\/comments?post=7226"}],"version-history":[{"count":1,"href":"https:\/\/cubukled.com\/de\/wp-json\/wp\/v2\/pages\/7226\/revisions"}],"predecessor-version":[{"id":7228,"href":"https:\/\/cubukled.com\/de\/wp-json\/wp\/v2\/pages\/7226\/revisions\/7228"}],"wp:attachment":[{"href":"https:\/\/cubukled.com\/de\/wp-json\/wp\/v2\/media?parent=7226"}],"curies":[{"name":"wp","href":"https:\/\/api.w.org\/{rel}","templated":true}]}}