{"id":2514,"date":"2024-04-04T12:34:34","date_gmt":"2024-04-04T09:34:34","guid":{"rendered":"https:\/\/cubukled.com\/?page_id=2514"},"modified":"2025-10-10T15:03:14","modified_gmt":"2025-10-10T12:03:14","slug":"led-katalog","status":"publish","type":"page","link":"https:\/\/cubukled.com\/de\/led-katalog\/","title":{"rendered":"LED-Katalog"},"content":{"rendered":"<div data-elementor-type=\"wp-page\" data-elementor-id=\"2514\" class=\"elementor elementor-2514\">\n\t\t\t\t\t\t<section class=\"elementor-section elementor-top-section elementor-element elementor-element-28fbd983 elementor-section-boxed elementor-section-height-default elementor-section-height-default\" data-id=\"28fbd983\" data-element_type=\"section\" data-e-type=\"section\">\n\t\t\t\t\t\t<div class=\"elementor-container elementor-column-gap-default\">\n\t\t\t\t\t<div class=\"elementor-column elementor-col-100 elementor-top-column elementor-element elementor-element-18ed1ce6\" data-id=\"18ed1ce6\" data-element_type=\"column\" data-e-type=\"column\">\n\t\t\t<div class=\"elementor-widget-wrap elementor-element-populated\">\n\t\t\t\t\t\t<div class=\"elementor-element elementor-element-be69bed elementor-widget elementor-widget-heading\" data-id=\"be69bed\" data-element_type=\"widget\" data-e-type=\"widget\" data-widget_type=\"heading.default\">\n\t\t\t\t<div class=\"elementor-widget-container\">\n\t\t\t\t\t<h1 class=\"elementor-heading-title elementor-size-default\">LED-KATALOG<\/h1>\t\t\t\t<\/div>\n\t\t\t\t<\/div>\n\t\t\t\t\t<\/div>\n\t\t<\/div>\n\t\t\t\t\t<\/div>\n\t\t<\/section>\n\t\t\t\t<section class=\"elementor-section elementor-top-section elementor-element elementor-element-86fac6c elementor-section-boxed elementor-section-height-default elementor-section-height-default\" data-id=\"86fac6c\" data-element_type=\"section\" data-e-type=\"section\">\n\t\t\t\t\t\t<div class=\"elementor-container elementor-column-gap-default\">\n\t\t\t\t\t<div class=\"elementor-column elementor-col-100 elementor-top-column elementor-element elementor-element-440a7da\" data-id=\"440a7da\" data-element_type=\"column\" data-e-type=\"column\">\n\t\t\t<div class=\"elementor-widget-wrap elementor-element-populated\">\n\t\t\t\t\t\t<div class=\"elementor-element elementor-element-854b788 elementor-widget elementor-widget-text-editor\" data-id=\"854b788\" data-element_type=\"widget\" data-e-type=\"widget\" data-widget_type=\"text-editor.default\">\n\t\t\t\t<div class=\"elementor-widget-container\">\n\t\t\t\t\t\t\t\t\t<p style=\"text-align: center;\"><span style=\"color: #000000;\"><strong>Alle Kataloge finden Sie unten. Klicken Sie auf den gew\u00fcnschten Katalog.<\/strong><\/span><\/p>\t\t\t\t\t\t\t\t<\/div>\n\t\t\t\t<\/div>\n\t\t\t\t\t<\/div>\n\t\t<\/div>\n\t\t\t\t\t<\/div>\n\t\t<\/section>\n\t\t\t\t<section class=\"elementor-section elementor-top-section elementor-element elementor-element-65f76f8 elementor-section-boxed elementor-section-height-default elementor-section-height-default\" data-id=\"65f76f8\" data-element_type=\"section\" data-e-type=\"section\">\n\t\t\t\t\t\t<div class=\"elementor-container elementor-column-gap-default\">\n\t\t\t\t\t<div class=\"elementor-column elementor-col-100 elementor-top-column elementor-element elementor-element-105d5f0\" data-id=\"105d5f0\" data-element_type=\"column\" data-e-type=\"column\">\n\t\t\t<div class=\"elementor-widget-wrap elementor-element-populated\">\n\t\t\t\t\t\t<section class=\"elementor-section elementor-inner-section elementor-element elementor-element-52b4aa4 elementor-section-boxed elementor-section-height-default elementor-section-height-default\" data-id=\"52b4aa4\" data-element_type=\"section\" data-e-type=\"section\">\n\t\t\t\t\t\t<div class=\"elementor-container elementor-column-gap-default\">\n\t\t\t\t\t<div class=\"elementor-column elementor-col-25 elementor-inner-column elementor-element elementor-element-c745250\" data-id=\"c745250\" data-element_type=\"column\" data-e-type=\"column\">\n\t\t\t<div class=\"elementor-widget-wrap elementor-element-populated\">\n\t\t\t\t\t\t<div class=\"elementor-element elementor-element-15fa930 elementor-view-default elementor-widget elementor-widget-icon\" data-id=\"15fa930\" data-element_type=\"widget\" data-e-type=\"widget\" data-widget_type=\"icon.default\">\n\t\t\t\t<div class=\"elementor-widget-container\">\n\t\t\t\t\t\t\t<div class=\"elementor-icon-wrapper\">\n\t\t\t<a class=\"elementor-icon\" href=\"https:\/\/cubukled.com\/wp-content\/uploads\/2024\/04\/catalog.pdf\">\n\t\t\t<i aria-hidden=\"true\" class=\"fas fa-file-pdf\"><\/i>\t\t\t<\/a>\n\t\t<\/div>\n\t\t\t\t\t\t<\/div>\n\t\t\t\t<\/div>\n\t\t\t\t<div class=\"elementor-element elementor-element-e07fb67 elementor-align-center elementor-widget elementor-widget-button\" data-id=\"e07fb67\" data-element_type=\"widget\" data-e-type=\"widget\" data-widget_type=\"button.default\">\n\t\t\t\t<div class=\"elementor-widget-container\">\n\t\t\t\t\t\t\t\t\t<div class=\"elementor-button-wrapper\">\n\t\t\t\t\t<a class=\"elementor-button elementor-button-link elementor-size-sm\" href=\"https:\/\/cubukled.com\/wp-content\/uploads\/2024\/04\/catalog.pdf\">\n\t\t\t\t\t\t<span class=\"elementor-button-content-wrapper\">\n\t\t\t\t\t\t\t\t\t<span class=\"elementor-button-text\">Katalog aller LED-Produkte<\/span>\n\t\t\t\t\t<\/span>\n\t\t\t\t\t<\/a>\n\t\t\t\t<\/div>\n\t\t\t\t\t\t\t\t<\/div>\n\t\t\t\t<\/div>\n\t\t\t\t\t<\/div>\n\t\t<\/div>\n\t\t\t\t<div class=\"elementor-column elementor-col-25 elementor-inner-column elementor-element elementor-element-946e42b\" data-id=\"946e42b\" data-element_type=\"column\" data-e-type=\"column\">\n\t\t\t<div class=\"elementor-widget-wrap elementor-element-populated\">\n\t\t\t\t\t\t<div class=\"elementor-element elementor-element-488c347 elementor-view-default elementor-widget elementor-widget-icon\" data-id=\"488c347\" data-element_type=\"widget\" data-e-type=\"widget\" data-widget_type=\"icon.default\">\n\t\t\t\t<div class=\"elementor-widget-container\">\n\t\t\t\t\t\t\t<div class=\"elementor-icon-wrapper\">\n\t\t\t<a class=\"elementor-icon\" href=\"https:\/\/cubukled.com\/wp-content\/uploads\/2024\/04\/linear-profiles.pdf\">\n\t\t\t<i aria-hidden=\"true\" class=\"fas fa-file-pdf\"><\/i>\t\t\t<\/a>\n\t\t<\/div>\n\t\t\t\t\t\t<\/div>\n\t\t\t\t<\/div>\n\t\t\t\t<div class=\"elementor-element elementor-element-baf250c elementor-align-center elementor-widget elementor-widget-button\" data-id=\"baf250c\" data-element_type=\"widget\" data-e-type=\"widget\" data-widget_type=\"button.default\">\n\t\t\t\t<div class=\"elementor-widget-container\">\n\t\t\t\t\t\t\t\t\t<div class=\"elementor-button-wrapper\">\n\t\t\t\t\t<a class=\"elementor-button elementor-button-link elementor-size-sm\" href=\"https:\/\/cubukled.com\/wp-content\/uploads\/2024\/04\/linear-profiles.pdf\">\n\t\t\t\t\t\t<span class=\"elementor-button-content-wrapper\">\n\t\t\t\t\t\t\t\t\t<span class=\"elementor-button-text\">Lineares LED-Profil Abmessungen<\/span>\n\t\t\t\t\t<\/span>\n\t\t\t\t\t<\/a>\n\t\t\t\t<\/div>\n\t\t\t\t\t\t\t\t<\/div>\n\t\t\t\t<\/div>\n\t\t\t\t\t<\/div>\n\t\t<\/div>\n\t\t\t\t<div class=\"elementor-column elementor-col-25 elementor-inner-column elementor-element elementor-element-c4d60c6\" data-id=\"c4d60c6\" data-element_type=\"column\" data-e-type=\"column\">\n\t\t\t<div class=\"elementor-widget-wrap elementor-element-populated\">\n\t\t\t\t\t\t<div class=\"elementor-element elementor-element-e2aa1b3 elementor-view-default elementor-widget elementor-widget-icon\" data-id=\"e2aa1b3\" data-element_type=\"widget\" data-e-type=\"widget\" data-widget_type=\"icon.default\">\n\t\t\t\t<div class=\"elementor-widget-container\">\n\t\t\t\t\t\t\t<div class=\"elementor-icon-wrapper\">\n\t\t\t<a class=\"elementor-icon\" href=\"https:\/\/cubukled.com\/wp-content\/uploads\/2024\/04\/extended-bar-LED-list.pdf\">\n\t\t\t<i aria-hidden=\"true\" class=\"fas fa-file-pdf\"><\/i>\t\t\t<\/a>\n\t\t<\/div>\n\t\t\t\t\t\t<\/div>\n\t\t\t\t<\/div>\n\t\t\t\t<div class=\"elementor-element elementor-element-5958faf elementor-align-center elementor-widget elementor-widget-button\" data-id=\"5958faf\" data-element_type=\"widget\" data-e-type=\"widget\" data-widget_type=\"button.default\">\n\t\t\t\t<div class=\"elementor-widget-container\">\n\t\t\t\t\t\t\t\t\t<div class=\"elementor-button-wrapper\">\n\t\t\t\t\t<a class=\"elementor-button elementor-button-link elementor-size-sm\" href=\"https:\/\/cubukled.com\/wp-content\/uploads\/2024\/04\/extended-bar-LED-list.pdf\">\n\t\t\t\t\t\t<span class=\"elementor-button-content-wrapper\">\n\t\t\t\t\t\t\t\t\t<span class=\"elementor-button-text\">Bar LED Liste<\/span>\n\t\t\t\t\t<\/span>\n\t\t\t\t\t<\/a>\n\t\t\t\t<\/div>\n\t\t\t\t\t\t\t\t<\/div>\n\t\t\t\t<\/div>\n\t\t\t\t\t<\/div>\n\t\t<\/div>\n\t\t\t\t<div class=\"elementor-column elementor-col-25 elementor-inner-column elementor-element elementor-element-cfb0a83\" data-id=\"cfb0a83\" data-element_type=\"column\" data-e-type=\"column\">\n\t\t\t<div class=\"elementor-widget-wrap elementor-element-populated\">\n\t\t\t\t\t\t<div class=\"elementor-element elementor-element-76394a3 elementor-view-default elementor-widget elementor-widget-icon\" data-id=\"76394a3\" data-element_type=\"widget\" data-e-type=\"widget\" data-widget_type=\"icon.default\">\n\t\t\t\t<div class=\"elementor-widget-container\">\n\t\t\t\t\t\t\t<div class=\"elementor-icon-wrapper\">\n\t\t\t<a class=\"elementor-icon\" href=\"https:\/\/cubukled.com\/wp-content\/uploads\/2024\/04\/led-chandelier-catalog.pdf\">\n\t\t\t<i aria-hidden=\"true\" class=\"fas fa-file-pdf\"><\/i>\t\t\t<\/a>\n\t\t<\/div>\n\t\t\t\t\t\t<\/div>\n\t\t\t\t<\/div>\n\t\t\t\t<div class=\"elementor-element elementor-element-1f8f52f elementor-align-center elementor-widget elementor-widget-button\" data-id=\"1f8f52f\" data-element_type=\"widget\" data-e-type=\"widget\" data-widget_type=\"button.default\">\n\t\t\t\t<div class=\"elementor-widget-container\">\n\t\t\t\t\t\t\t\t\t<div class=\"elementor-button-wrapper\">\n\t\t\t\t\t<a class=\"elementor-button elementor-button-link elementor-size-sm\" href=\"https:\/\/cubukled.com\/wp-content\/uploads\/2024\/04\/led-chandelier-catalog.pdf\">\n\t\t\t\t\t\t<span class=\"elementor-button-content-wrapper\">\n\t\t\t\t\t\t\t\t\t<span class=\"elementor-button-text\">LED-Kronleuchter-Modelle<\/span>\n\t\t\t\t\t<\/span>\n\t\t\t\t\t<\/a>\n\t\t\t\t<\/div>\n\t\t\t\t\t\t\t\t<\/div>\n\t\t\t\t<\/div>\n\t\t\t\t\t<\/div>\n\t\t<\/div>\n\t\t\t\t\t<\/div>\n\t\t<\/section>\n\t\t\t\t\t<\/div>\n\t\t<\/div>\n\t\t\t\t\t<\/div>\n\t\t<\/section>\n\t\t\t\t<section class=\"elementor-section elementor-top-section elementor-element elementor-element-0729a41 elementor-section-boxed elementor-section-height-default elementor-section-height-default\" data-id=\"0729a41\" data-element_type=\"section\" data-e-type=\"section\">\n\t\t\t\t\t\t<div class=\"elementor-container elementor-column-gap-default\">\n\t\t\t\t\t<div class=\"elementor-column elementor-col-100 elementor-top-column elementor-element elementor-element-53a51cf\" data-id=\"53a51cf\" data-element_type=\"column\" data-e-type=\"column\">\n\t\t\t<div class=\"elementor-widget-wrap elementor-element-populated\">\n\t\t\t\t\t\t<div class=\"elementor-element elementor-element-72f3604 elementor-widget elementor-widget-text-editor\" data-id=\"72f3604\" data-element_type=\"widget\" data-e-type=\"widget\" data-widget_type=\"text-editor.default\">\n\t\t\t\t<div class=\"elementor-widget-container\">\n\t\t\t\t\t\t\t\t\t<blockquote>\n<p style=\"text-align: center;\"><strong style=\"color: #000000;\">Auf unserer Website finden Sie unser gesamtes LED-Sortiment, darunter LED-Lichtleisten, LED-Punktleuchten, Wandfluter, LED-Kronleuchter, lineare LED-Profile, LED-Leisten und LED-Wandleuchten. Wir bieten au\u00dferdem Lichtplanung und DMX-Anwendungen an. Unsere Kataloge finden Sie oben. <a style=\"color: #000000;\" href=\"https:\/\/cubukled.com\/de\/cubuk-led-iletisim\/\">Sie k\u00f6nnen uns f\u00fcr Ihre Fragen kontaktieren. Klicken Sie hier...<\/a><\/strong><\/p>\n<\/blockquote>\t\t\t\t\t\t\t\t<\/div>\n\t\t\t\t<\/div>\n\t\t\t\t\t<\/div>\n\t\t<\/div>\n\t\t\t\t\t<\/div>\n\t\t<\/section>\n\t\t\t\t<section class=\"elementor-section elementor-top-section elementor-element elementor-element-95e6ea6 elementor-section-boxed elementor-section-height-default elementor-section-height-default\" data-id=\"95e6ea6\" data-element_type=\"section\" data-e-type=\"section\">\n\t\t\t\t\t\t<div class=\"elementor-container elementor-column-gap-default\">\n\t\t\t\t\t<div class=\"elementor-column elementor-col-100 elementor-top-column elementor-element elementor-element-bf8e38a\" data-id=\"bf8e38a\" data-element_type=\"column\" data-e-type=\"column\">\n\t\t\t<div class=\"elementor-widget-wrap elementor-element-populated\">\n\t\t\t\t\t\t<div class=\"elementor-element elementor-element-114cd49 elementor-widget elementor-widget-image\" data-id=\"114cd49\" data-element_type=\"widget\" data-e-type=\"widget\" data-widget_type=\"image.default\">\n\t\t\t\t<div class=\"elementor-widget-container\">\n\t\t\t\t\t\t\t\t\t\t\t\t\t\t\t\t<a href=\"https:\/\/cubukled.com\/de\/led-katalog\/\">\n\t\t\t\t\t\t\t<img decoding=\"async\" width=\"300\" height=\"150\" src=\"https:\/\/cubukled.com\/wp-content\/uploads\/2024\/10\/led-catalog.jpg\" class=\"attachment-large size-large wp-image-4204\" alt=\"led katalog\" srcset=\"https:\/\/cubukled.com\/wp-content\/uploads\/2024\/10\/led-catalog.jpg 300w, https:\/\/cubukled.com\/wp-content\/uploads\/2024\/10\/led-catalog-18x9.jpg 18w\" sizes=\"(max-width: 300px) 100vw, 300px\" \/>\t\t\t\t\t\t\t\t<\/a>\n\t\t\t\t\t\t\t\t\t\t\t\t\t\t\t<\/div>\n\t\t\t\t<\/div>\n\t\t\t\t\t<\/div>\n\t\t<\/div>\n\t\t\t\t\t<\/div>\n\t\t<\/section>\n\t\t\t\t<section class=\"elementor-section elementor-top-section elementor-element elementor-element-70014a6 elementor-section-boxed elementor-section-height-default elementor-section-height-default\" data-id=\"70014a6\" data-element_type=\"section\" data-e-type=\"section\">\n\t\t\t\t\t\t<div class=\"elementor-container elementor-column-gap-default\">\n\t\t\t\t\t<div class=\"elementor-column elementor-col-100 elementor-top-column elementor-element elementor-element-24a21c2\" data-id=\"24a21c2\" data-element_type=\"column\" data-e-type=\"column\">\n\t\t\t<div class=\"elementor-widget-wrap elementor-element-populated\">\n\t\t\t\t\t\t<div class=\"elementor-element elementor-element-2fe122f elementor-widget elementor-widget-image\" data-id=\"2fe122f\" data-element_type=\"widget\" data-e-type=\"widget\" data-widget_type=\"image.default\">\n\t\t\t\t<div class=\"elementor-widget-container\">\n\t\t\t\t\t\t\t\t\t\t\t\t\t\t\t\t<a href=\"https:\/\/cubukled.com\/de\/cubuk-led-iletisim\/\">\n\t\t\t\t\t\t\t<img decoding=\"async\" width=\"300\" height=\"150\" src=\"https:\/\/cubukled.com\/wp-content\/uploads\/2024\/10\/iletisim.jpg\" class=\"attachment-large size-large wp-image-3970\" alt=\"fiyat al\" \/>\t\t\t\t\t\t\t\t<\/a>\n\t\t\t\t\t\t\t\t\t\t\t\t\t\t\t<\/div>\n\t\t\t\t<\/div>\n\t\t\t\t\t<\/div>\n\t\t<\/div>\n\t\t\t\t\t<\/div>\n\t\t<\/section>\n\t\t\t\t<\/div>","protected":false},"excerpt":{"rendered":"<p>LED KATALOG T\u00fcm kataloglar a\u015fa\u011f\u0131dad\u0131r. \u0130stedi\u011finiz birine t\u0131klay\u0131n\u0131z. T\u00fcm LED \u00dcr\u00fcnler Katalog Lineer LED Profil \u00d6l\u00e7\u00fcleri \u00c7ubuk LED Listesi LED Avize Modelleri Websitemizde ledline, dotled,&hellip;<\/p>","protected":false},"author":1,"featured_media":0,"parent":0,"menu_order":0,"comment_status":"closed","ping_status":"closed","template":"","meta":{"_joinchat":[],"footnotes":""},"class_list":["post-2514","page","type-page","status-publish","hentry"],"yoast_head":"<!-- This site is optimized with the Yoast SEO plugin v27.2 - https:\/\/yoast.com\/product\/yoast-seo-wordpress\/ -->\n<title>LED Katalog - \u00c7ubuk LED, Profil ve Di\u011fer T\u00fcm LED \u00dcr\u00fcnler<\/title>\n<meta name=\"description\" content=\"LED Katalog - \u00c7ubuk LED Listesi - LED Profil Katalo\u011fu - Wallwasher, Spot, Bah\u00e7e Armat\u00fcr\u00fc, Lineer LED, Projekt\u00f6r, Sokak Ayd\u0131nlatma, DMX, RGB...\" \/>\n<meta name=\"robots\" content=\"index, follow, max-snippet:-1, max-image-preview:large, max-video-preview:-1\" \/>\n<link rel=\"canonical\" href=\"https:\/\/cubukled.com\/de\/led-katalog\/\" \/>\n<meta property=\"og:locale\" content=\"de_DE\" \/>\n<meta property=\"og:type\" content=\"article\" \/>\n<meta property=\"og:title\" content=\"LED Katalog - \u00c7ubuk LED, Profil ve Di\u011fer T\u00fcm LED \u00dcr\u00fcnler\" \/>\n<meta property=\"og:description\" content=\"LED Katalog - \u00c7ubuk LED Listesi - LED Profil Katalo\u011fu - Wallwasher, Spot, Bah\u00e7e Armat\u00fcr\u00fc, Lineer LED, Projekt\u00f6r, Sokak Ayd\u0131nlatma, DMX, RGB...\" \/>\n<meta property=\"og:url\" content=\"https:\/\/cubukled.com\/de\/led-katalog\/\" \/>\n<meta property=\"og:site_name\" content=\"\u00c7ubuk LED\" \/>\n<meta property=\"article:publisher\" content=\"https:\/\/www.facebook.com\/cubukled\" \/>\n<meta property=\"article:modified_time\" content=\"2025-10-10T12:03:14+00:00\" \/>\n<meta property=\"og:image\" content=\"https:\/\/cubukled.com\/wp-content\/uploads\/2024\/10\/led-catalog.jpg\" \/>\n\t<meta property=\"og:image:width\" content=\"300\" \/>\n\t<meta property=\"og:image:height\" content=\"150\" \/>\n\t<meta property=\"og:image:type\" content=\"image\/jpeg\" \/>\n<meta name=\"twitter:card\" content=\"summary_large_image\" \/>\n<meta name=\"twitter:site\" content=\"@cubukled\" \/>\n<meta name=\"twitter:label1\" content=\"Gesch\u00e4tzte Lesezeit\" \/>\n\t<meta name=\"twitter:data1\" content=\"1\u00a0Minute\" \/>\n<script type=\"application\/ld+json\" class=\"yoast-schema-graph\">{\"@context\":\"https:\/\/schema.org\",\"@graph\":[{\"@type\":[\"WebPage\",\"CollectionPage\"],\"@id\":\"https:\/\/cubukled.com\/led-katalog\/\",\"url\":\"https:\/\/cubukled.com\/led-katalog\/\",\"name\":\"LED Katalog - \u00c7ubuk LED, Profil ve Di\u011fer T\u00fcm LED \u00dcr\u00fcnler\",\"isPartOf\":{\"@id\":\"https:\/\/cubukled.com\/#website\"},\"primaryImageOfPage\":{\"@id\":\"https:\/\/cubukled.com\/led-katalog\/#primaryimage\"},\"image\":{\"@id\":\"https:\/\/cubukled.com\/led-katalog\/#primaryimage\"},\"thumbnailUrl\":\"https:\/\/cubukled.com\/wp-content\/uploads\/2024\/10\/led-catalog.jpg\",\"datePublished\":\"2024-04-04T09:34:34+00:00\",\"dateModified\":\"2025-10-10T12:03:14+00:00\",\"description\":\"LED Katalog - \u00c7ubuk LED Listesi - LED Profil Katalo\u011fu - Wallwasher, Spot, Bah\u00e7e Armat\u00fcr\u00fc, Lineer LED, Projekt\u00f6r, Sokak Ayd\u0131nlatma, DMX, RGB...\",\"breadcrumb\":{\"@id\":\"https:\/\/cubukled.com\/led-katalog\/#breadcrumb\"},\"inLanguage\":\"de\"},{\"@type\":\"ImageObject\",\"inLanguage\":\"de\",\"@id\":\"https:\/\/cubukled.com\/led-katalog\/#primaryimage\",\"url\":\"https:\/\/cubukled.com\/wp-content\/uploads\/2024\/10\/led-catalog.jpg\",\"contentUrl\":\"https:\/\/cubukled.com\/wp-content\/uploads\/2024\/10\/led-catalog.jpg\"},{\"@type\":\"BreadcrumbList\",\"@id\":\"https:\/\/cubukled.com\/led-katalog\/#breadcrumb\",\"itemListElement\":[{\"@type\":\"ListItem\",\"position\":1,\"name\":\"Ana sayfa\",\"item\":\"https:\/\/cubukled.com\/\"},{\"@type\":\"ListItem\",\"position\":2,\"name\":\"LED Katalog\"}]},{\"@type\":\"WebSite\",\"@id\":\"https:\/\/cubukled.com\/#website\",\"url\":\"https:\/\/cubukled.com\/\",\"name\":\"\u00c7ubuk LED\",\"description\":\"Cephe Ayd\u0131nlatma, Ayd\u0131nlatma Tasar\u0131m\u0131, D\u0131\u015f Mekan Animasyon Sistemleri, RGB DMX Cephe LED Animasyon\",\"publisher\":{\"@id\":\"https:\/\/cubukled.com\/#organization\"},\"alternateName\":\"cubukled\",\"potentialAction\":[{\"@type\":\"SearchAction\",\"target\":{\"@type\":\"EntryPoint\",\"urlTemplate\":\"https:\/\/cubukled.com\/?s={search_term_string}\"},\"query-input\":{\"@type\":\"PropertyValueSpecification\",\"valueRequired\":true,\"valueName\":\"search_term_string\"}}],\"inLanguage\":\"de\"},{\"@type\":\"Organization\",\"@id\":\"https:\/\/cubukled.com\/#organization\",\"name\":\"\u00c7ubuk LED\",\"alternateName\":\"cubukled\",\"url\":\"https:\/\/cubukled.com\/\",\"logo\":{\"@type\":\"ImageObject\",\"inLanguage\":\"de\",\"@id\":\"https:\/\/cubukled.com\/#\/schema\/logo\/image\/\",\"url\":\"https:\/\/cubukled.com\/wp-content\/uploads\/2020\/06\/cubukled-logo.jpeg\",\"contentUrl\":\"https:\/\/cubukled.com\/wp-content\/uploads\/2020\/06\/cubukled-logo.jpeg\",\"width\":1169,\"height\":669,\"caption\":\"\u00c7ubuk LED\"},\"image\":{\"@id\":\"https:\/\/cubukled.com\/#\/schema\/logo\/image\/\"},\"sameAs\":[\"https:\/\/www.facebook.com\/cubukled\",\"https:\/\/x.com\/cubukled\",\"https:\/\/tr.pinterest.com\/Cubuk_Led\/\",\"https:\/\/www.instagram.com\/cubukled\/\",\"https:\/\/www.linkedin.com\/company\/cubukled\",\"https:\/\/www.threads.net\/@cubukled\",\"https:\/\/www.youtube.com\/@cubukled\",\"https:\/\/twitter.com\/cubukled\"]}]}<\/script>\n<!-- \/ Yoast SEO plugin. -->","yoast_head_json":{"title":"LED-Katalog - LED-Balken, Profile und alle anderen LED-Produkte","description":"LED-Katalog - Stab-LED-Liste - LED-Profilkatalog - Wallwasher, Strahler, Gartenleuchten, lineare LED, Projektoren, Stra\u00dfenbeleuchtung, DMX, RGB...","robots":{"index":"index","follow":"follow","max-snippet":"max-snippet:-1","max-image-preview":"max-image-preview:large","max-video-preview":"max-video-preview:-1"},"canonical":"https:\/\/cubukled.com\/de\/led-katalog\/","og_locale":"de_DE","og_type":"article","og_title":"LED Katalog - \u00c7ubuk LED, Profil ve Di\u011fer T\u00fcm LED \u00dcr\u00fcnler","og_description":"LED Katalog - \u00c7ubuk LED Listesi - LED Profil Katalo\u011fu - Wallwasher, Spot, Bah\u00e7e Armat\u00fcr\u00fc, Lineer LED, Projekt\u00f6r, Sokak Ayd\u0131nlatma, DMX, RGB...","og_url":"https:\/\/cubukled.com\/de\/led-katalog\/","og_site_name":"\u00c7ubuk LED","article_publisher":"https:\/\/www.facebook.com\/cubukled","article_modified_time":"2025-10-10T12:03:14+00:00","og_image":[{"width":300,"height":150,"url":"https:\/\/cubukled.com\/wp-content\/uploads\/2024\/10\/led-catalog.jpg","type":"image\/jpeg"}],"twitter_card":"summary_large_image","twitter_site":"@cubukled","twitter_misc":{"Gesch\u00e4tzte Lesezeit":"1\u00a0Minute"},"schema":{"@context":"https:\/\/schema.org","@graph":[{"@type":["WebPage","CollectionPage"],"@id":"https:\/\/cubukled.com\/led-katalog\/","url":"https:\/\/cubukled.com\/led-katalog\/","name":"LED-Katalog - LED-Balken, Profile und alle anderen LED-Produkte","isPartOf":{"@id":"https:\/\/cubukled.com\/#website"},"primaryImageOfPage":{"@id":"https:\/\/cubukled.com\/led-katalog\/#primaryimage"},"image":{"@id":"https:\/\/cubukled.com\/led-katalog\/#primaryimage"},"thumbnailUrl":"https:\/\/cubukled.com\/wp-content\/uploads\/2024\/10\/led-catalog.jpg","datePublished":"2024-04-04T09:34:34+00:00","dateModified":"2025-10-10T12:03:14+00:00","description":"LED-Katalog - Stab-LED-Liste - LED-Profilkatalog - Wallwasher, Strahler, Gartenleuchten, lineare LED, Projektoren, Stra\u00dfenbeleuchtung, DMX, RGB...","breadcrumb":{"@id":"https:\/\/cubukled.com\/led-katalog\/#breadcrumb"},"inLanguage":"de"},{"@type":"ImageObject","inLanguage":"de","@id":"https:\/\/cubukled.com\/led-katalog\/#primaryimage","url":"https:\/\/cubukled.com\/wp-content\/uploads\/2024\/10\/led-catalog.jpg","contentUrl":"https:\/\/cubukled.com\/wp-content\/uploads\/2024\/10\/led-catalog.jpg"},{"@type":"BreadcrumbList","@id":"https:\/\/cubukled.com\/led-katalog\/#breadcrumb","itemListElement":[{"@type":"ListItem","position":1,"name":"Ana sayfa","item":"https:\/\/cubukled.com\/"},{"@type":"ListItem","position":2,"name":"LED Katalog"}]},{"@type":"WebSite","@id":"https:\/\/cubukled.com\/#website","url":"https:\/\/cubukled.com\/","name":"Stab-LED","description":"Fassadenbeleuchtung, Lichtdesign, Au\u00dfenanimationssysteme, RGB DMX Fassaden-LED-Animation","publisher":{"@id":"https:\/\/cubukled.com\/#organization"},"alternateName":"cubukled","potentialAction":[{"@type":"SearchAction","target":{"@type":"EntryPoint","urlTemplate":"https:\/\/cubukled.com\/?s={search_term_string}"},"query-input":{"@type":"PropertyValueSpecification","valueRequired":true,"valueName":"search_term_string"}}],"inLanguage":"de"},{"@type":"Organization","@id":"https:\/\/cubukled.com\/#organization","name":"Stab-LED","alternateName":"cubukled","url":"https:\/\/cubukled.com\/","logo":{"@type":"ImageObject","inLanguage":"de","@id":"https:\/\/cubukled.com\/#\/schema\/logo\/image\/","url":"https:\/\/cubukled.com\/wp-content\/uploads\/2020\/06\/cubukled-logo.jpeg","contentUrl":"https:\/\/cubukled.com\/wp-content\/uploads\/2020\/06\/cubukled-logo.jpeg","width":1169,"height":669,"caption":"\u00c7ubuk LED"},"image":{"@id":"https:\/\/cubukled.com\/#\/schema\/logo\/image\/"},"sameAs":["https:\/\/www.facebook.com\/cubukled","https:\/\/x.com\/cubukled","https:\/\/tr.pinterest.com\/Cubuk_Led\/","https:\/\/www.instagram.com\/cubukled\/","https:\/\/www.linkedin.com\/company\/cubukled","https:\/\/www.threads.net\/@cubukled","https:\/\/www.youtube.com\/@cubukled","https:\/\/twitter.com\/cubukled"]}]}},"_links":{"self":[{"href":"https:\/\/cubukled.com\/de\/wp-json\/wp\/v2\/pages\/2514","targetHints":{"allow":["GET"]}}],"collection":[{"href":"https:\/\/cubukled.com\/de\/wp-json\/wp\/v2\/pages"}],"about":[{"href":"https:\/\/cubukled.com\/de\/wp-json\/wp\/v2\/types\/page"}],"author":[{"embeddable":true,"href":"https:\/\/cubukled.com\/de\/wp-json\/wp\/v2\/users\/1"}],"replies":[{"embeddable":true,"href":"https:\/\/cubukled.com\/de\/wp-json\/wp\/v2\/comments?post=2514"}],"version-history":[{"count":196,"href":"https:\/\/cubukled.com\/de\/wp-json\/wp\/v2\/pages\/2514\/revisions"}],"predecessor-version":[{"id":6202,"href":"https:\/\/cubukled.com\/de\/wp-json\/wp\/v2\/pages\/2514\/revisions\/6202"}],"wp:attachment":[{"href":"https:\/\/cubukled.com\/de\/wp-json\/wp\/v2\/media?parent=2514"}],"curies":[{"name":"wp","href":"https:\/\/api.w.org\/{rel}","templated":true}]}}