{"id":7186,"date":"2026-01-27T16:07:15","date_gmt":"2026-01-27T13:07:15","guid":{"rendered":"https:\/\/cubukled.com\/?post_type=product&#038;p=7186"},"modified":"2026-01-27T16:12:19","modified_gmt":"2026-01-27T13:12:19","slug":"lpv-20-24-guc-kaynagi","status":"publish","type":"product","link":"https:\/\/cubukled.com\/ar\/lpv-20-24-guc-kaynagi\/","title":{"rendered":"\u0645\u0632\u0648\u062f \u0627\u0644\u0637\u0627\u0642\u0629 LPV 20 24"},"content":{"rendered":"<p>\u0648\u062d\u062f\u0629 \u062a\u0632\u0648\u064a\u062f \u0627\u0644\u0637\u0627\u0642\u0629 LPV 35 24 \u0645\u0646\u062a\u062c \u062e\u0627\u0631\u062c\u064a \u062d\u0627\u0635\u0644 \u0639\u0644\u0649 \u062a\u0635\u0646\u064a\u0641 IP67 \u0645\u0646 \u0639\u0644\u0627\u0645\u0629 Mean Well \u0627\u0644\u062a\u062c\u0627\u0631\u064a\u0629. \u064a\u064f\u062e\u0631\u062c \u0647\u0630\u0627 \u0627\u0644\u0645\u062d\u0631\u0643 LED \u062c\u0647\u062f 24 \u0641\u0648\u0644\u062a. \u064a\u0648\u0641\u0631 \u0645\u062d\u0648\u0644 LED \u0645\u0646 \u0633\u0644\u0633\u0644\u0629 LPV \u0628\u0642\u062f\u0631\u0629 35 \u0648\u0627\u0637 \u062a\u064a\u0627\u0631\u064b\u0627 \u0623\u0642\u0635\u0649 \u0642\u062f\u0631\u0647 1.5 \u0623\u0645\u0628\u064a\u0631. \u064a\u0642\u0648\u0645 \u0647\u0630\u0627 \u0627\u0644\u0645\u062d\u0631\u0643 \u0628\u062a\u062d\u0648\u064a\u0644 \u0627\u0644\u062a\u064a\u0627\u0631 \u0627\u0644\u0645\u062a\u0631\u062f\u062f 220 \u0641\u0648\u0644\u062a \u0625\u0644\u0649 \u062a\u064a\u0627\u0631 \u0645\u0633\u062a\u0645\u0631 24 \u0641\u0648\u0644\u062a \u0644\u062a\u0634\u063a\u064a\u0644 \u0645\u0635\u0627\u0628\u064a\u062d LED.<\/p>\n<p><strong>\u0627\u0644\u062e\u0635\u0627\u0626\u0635 \u0627\u0644\u0643\u0647\u0631\u0628\u0627\u0626\u064a\u0629:<\/strong><\/p>\n<ul>\n<li>\u0627\u0644\u0637\u0627\u0642\u0629: 20 \u0648\u0627\u0637<\/li>\n<li>\u062c\u0647\u062f \u0627\u0644\u062e\u0631\u062c: 24 \u0641\u0648\u0644\u062a \u062a\u064a\u0627\u0631 \u0645\u0633\u062a\u0645\u0631<\/li>\n<li>\u062a\u064a\u0627\u0631 \u0627\u0644\u062e\u0631\u062c: 0.84 \u0623\u0645\u0628\u064a\u0631<\/li>\n<\/ul>\n<p><strong>\u0623\u0628\u0639\u0627\u062f:<\/strong><\/p>\n<ul>\n<li>\u0627\u0644\u0637\u0648\u0644: 118 \u0645\u0645<\/li>\n<li>\u0627\u0644\u0639\u0631\u0636: 35 \u0645\u0645<\/li>\n<li>\u0627\u0644\u0627\u0631\u062a\u0641\u0627\u0639: 26 \u0645\u0645<!--EndFragment --><\/li>\n<\/ul>\n<p><strong>\u0627\u0644\u0627\u0633\u062a\u062e\u062f\u0627\u0645:<\/strong><\/p>\n<ul>\n<li>\u0645\u0642\u0627\u0648\u0645 \u0644\u0644\u0645\u0627\u0621 \u0648\u0627\u0644\u063a\u0628\u0627\u0631 \u0628\u0645\u0639\u064a\u0627\u0631 IP67<\/li>\n<\/ul>","protected":false},"excerpt":{"rendered":"<p><em><strong>*\u0645\u0644\u062d\u0648\u0638\u0627\u062a:<\/strong>\u00a0\u064a\u062a\u0645 \u062a\u062d\u062f\u064a\u062f \u0627\u0644\u0633\u0639\u0631 \u0628\u0646\u0627\u0621\u064b \u0639\u0644\u0649 \u0627\u0644\u0645\u0634\u0631\u0648\u0639. \u0644\u0645\u0632\u064a\u062f \u0645\u0646 \u0627\u0644\u062a\u0641\u0627\u0635\u064a\u0644\u060c \u064a\u0631\u062c\u0649 \u0627\u0644\u062a\u0648\u0627\u0635\u0644 \u0645\u0639\u0646\u0627.\u00a0<a href=\"https:\/\/cubukled.com\/ar\/cubuk-led-iletisim\/\">\u064a\u0631\u062c\u0649 \u0627\u0644\u0627\u062a\u0635\u0627\u0644 \u0628\u0646\u0627.<\/a><\/em><\/p>\n<p><strong>\u0642\u0648\u0629:<\/strong> 20 \u0648\u0627\u0637<\/p>\n<p><strong>\u062c\u0647\u062f \u0627\u0644\u062e\u0631\u062c:<\/strong> 24 \u0641\u0648\u0644\u062a \u062a\u064a\u0627\u0631 \u0645\u0633\u062a\u0645\u0631<\/p>\n<p><strong>\u062a\u064a\u0627\u0631 \u0627\u0644\u062e\u0631\u062c:<\/strong> 0.84 \u0623\u0645\u0628\u064a\u0631<\/p>\n<p><strong>\u0623\u0628\u0639\u0627\u062f: <\/strong>(\u0627\u0644\u0637\u0648\u0644 \u00d7 \u0627\u0644\u0639\u0631\u0636 \u00d7 \u0627\u0644\u0627\u0631\u062a\u0641\u0627\u0639) 118 \u00d7 35 \u00d7 26 \u0645\u0645<\/p>\n<p><strong>\u0627\u0644\u0627\u0633\u062a\u062e\u062f\u0627\u0645:<\/strong> \u0641\u064a \u0627\u0644\u0647\u0648\u0627\u0621 \u0627\u0644\u0637\u0644\u0642<\/p>","protected":false},"featured_media":7187,"template":"","meta":{"_joinchat":[]},"product_brand":[],"product_cat":[3415],"product_tag":[3464,3463,3465,3478,3479,3480,3481,3482,3483],"class_list":{"0":"post-7186","1":"product","2":"type-product","3":"status-publish","4":"has-post-thumbnail","6":"product_cat-dis-mekan-led-driver","7":"product_tag-dis-mekan-guc-kaynagi","8":"product_tag-dis-mekan-led-trafo","9":"product_tag-ip67-led-trafo","10":"product_tag-lpv-20-24","11":"product_tag-mean-well-lpv-20-24","12":"product_tag-mean-well-lpv-20w-24v","13":"product_tag-meanwell-lpv-20-24","14":"product_tag-meanwell-lpv20-24","15":"product_tag-mw-lpv-20-24","17":"first","18":"instock","19":"sale","20":"taxable","21":"shipping-taxable","22":"purchasable","23":"product-type-simple","24":"customify-col"},"yoast_head":"<!-- This site is optimized with the Yoast SEO plugin v27.2 - https:\/\/yoast.com\/product\/yoast-seo-wordpress\/ -->\n<title>LPV 20 24 Mean Well - IP67 D\u0131\u015f Mekan LED Trafo<\/title>\n<meta name=\"description\" content=\"LPV 20 24 Mean Well LED driver 20w g\u00fcc\u00fcndedir. 24V DC elektrik sa\u011flar. G\u00fc\u00e7 kayna\u011f\u0131 maksimum 0,84A ak\u0131m verir. \u00d6l\u00e7\u00fcleri: 118x35x26 mm\" \/>\n<meta name=\"robots\" content=\"index, follow, max-snippet:-1, max-image-preview:large, max-video-preview:-1\" \/>\n<link rel=\"canonical\" href=\"https:\/\/cubukled.com\/ar\/lpv-20-24-guc-kaynagi\/\" \/>\n<meta property=\"og:locale\" content=\"ar_AR\" \/>\n<meta property=\"og:type\" content=\"article\" \/>\n<meta property=\"og:title\" content=\"LPV 20 24 Mean Well - IP67 D\u0131\u015f Mekan LED Trafo\" \/>\n<meta property=\"og:description\" content=\"LPV 20 24 Mean Well LED driver 20w g\u00fcc\u00fcndedir. 24V DC elektrik sa\u011flar. G\u00fc\u00e7 kayna\u011f\u0131 maksimum 0,84A ak\u0131m verir. \u00d6l\u00e7\u00fcleri: 118x35x26 mm\" \/>\n<meta property=\"og:url\" content=\"https:\/\/cubukled.com\/ar\/lpv-20-24-guc-kaynagi\/\" \/>\n<meta property=\"og:site_name\" content=\"\u00c7ubuk LED\" \/>\n<meta property=\"article:publisher\" content=\"https:\/\/www.facebook.com\/cubukled\" \/>\n<meta property=\"article:modified_time\" content=\"2026-01-27T13:12:19+00:00\" \/>\n<meta property=\"og:image\" content=\"https:\/\/cubukled.com\/wp-content\/uploads\/2026\/01\/lpv-20-24.jpg\" \/>\n\t<meta property=\"og:image:width\" content=\"600\" \/>\n\t<meta property=\"og:image:height\" content=\"600\" \/>\n\t<meta property=\"og:image:type\" content=\"image\/jpeg\" \/>\n<meta name=\"twitter:card\" content=\"summary_large_image\" \/>\n<meta name=\"twitter:site\" content=\"@cubukled\" \/>\n<meta name=\"twitter:label1\" content=\"\u0648\u0642\u062a \u0627\u0644\u0642\u0631\u0627\u0621\u0629 \u0627\u0644\u0645\u064f\u0642\u062f\u0651\u0631\" \/>\n\t<meta name=\"twitter:data1\" content=\"\u062f\u0642\u064a\u0642\u0629 \u0648\u0627\u062d\u062f\u0629\" \/>\n<script type=\"application\/ld+json\" class=\"yoast-schema-graph\">{\"@context\":\"https:\/\/schema.org\",\"@graph\":[{\"@type\":[\"WebPage\",\"ItemPage\"],\"@id\":\"https:\/\/cubukled.com\/lpv-20-24-guc-kaynagi\/\",\"url\":\"https:\/\/cubukled.com\/lpv-20-24-guc-kaynagi\/\",\"name\":\"LPV 20 24 Mean Well - IP67 D\u0131\u015f Mekan LED Trafo\",\"isPartOf\":{\"@id\":\"https:\/\/cubukled.com\/#website\"},\"primaryImageOfPage\":{\"@id\":\"https:\/\/cubukled.com\/lpv-20-24-guc-kaynagi\/#primaryimage\"},\"image\":{\"@id\":\"https:\/\/cubukled.com\/lpv-20-24-guc-kaynagi\/#primaryimage\"},\"thumbnailUrl\":\"https:\/\/cubukled.com\/wp-content\/uploads\/2026\/01\/lpv-20-24.jpg\",\"datePublished\":\"2026-01-27T13:07:15+00:00\",\"dateModified\":\"2026-01-27T13:12:19+00:00\",\"description\":\"LPV 20 24 Mean Well LED driver 20w g\u00fcc\u00fcndedir. 24V DC elektrik sa\u011flar. G\u00fc\u00e7 kayna\u011f\u0131 maksimum 0,84A ak\u0131m verir. \u00d6l\u00e7\u00fcleri: 118x35x26 mm\",\"breadcrumb\":{\"@id\":\"https:\/\/cubukled.com\/lpv-20-24-guc-kaynagi\/#breadcrumb\"},\"inLanguage\":\"ar\",\"potentialAction\":[{\"@type\":\"ReadAction\",\"target\":[\"https:\/\/cubukled.com\/lpv-20-24-guc-kaynagi\/\"]}]},{\"@type\":\"ImageObject\",\"inLanguage\":\"ar\",\"@id\":\"https:\/\/cubukled.com\/lpv-20-24-guc-kaynagi\/#primaryimage\",\"url\":\"https:\/\/cubukled.com\/wp-content\/uploads\/2026\/01\/lpv-20-24.jpg\",\"contentUrl\":\"https:\/\/cubukled.com\/wp-content\/uploads\/2026\/01\/lpv-20-24.jpg\",\"width\":600,\"height\":600,\"caption\":\"lpv 20 24\"},{\"@type\":\"BreadcrumbList\",\"@id\":\"https:\/\/cubukled.com\/lpv-20-24-guc-kaynagi\/#breadcrumb\",\"itemListElement\":[{\"@type\":\"ListItem\",\"position\":1,\"name\":\"Ana sayfa\",\"item\":\"https:\/\/cubukled.com\/\"},{\"@type\":\"ListItem\",\"position\":2,\"name\":\"Ma\u011faza\",\"item\":\"https:\/\/cubukled.com\/magaza\/\"},{\"@type\":\"ListItem\",\"position\":3,\"name\":\"LPV 20 24 G\u00fc\u00e7 Kayna\u011f\u0131\"}]},{\"@type\":\"WebSite\",\"@id\":\"https:\/\/cubukled.com\/#website\",\"url\":\"https:\/\/cubukled.com\/\",\"name\":\"\u00c7ubuk LED\",\"description\":\"Cephe Ayd\u0131nlatma, Ayd\u0131nlatma Tasar\u0131m\u0131, D\u0131\u015f Mekan Animasyon Sistemleri, RGB DMX Cephe LED Animasyon\",\"publisher\":{\"@id\":\"https:\/\/cubukled.com\/#organization\"},\"alternateName\":\"cubukled\",\"potentialAction\":[{\"@type\":\"SearchAction\",\"target\":{\"@type\":\"EntryPoint\",\"urlTemplate\":\"https:\/\/cubukled.com\/?s={search_term_string}\"},\"query-input\":{\"@type\":\"PropertyValueSpecification\",\"valueRequired\":true,\"valueName\":\"search_term_string\"}}],\"inLanguage\":\"ar\"},{\"@type\":\"Organization\",\"@id\":\"https:\/\/cubukled.com\/#organization\",\"name\":\"\u00c7ubuk LED\",\"alternateName\":\"cubukled\",\"url\":\"https:\/\/cubukled.com\/\",\"logo\":{\"@type\":\"ImageObject\",\"inLanguage\":\"ar\",\"@id\":\"https:\/\/cubukled.com\/#\/schema\/logo\/image\/\",\"url\":\"https:\/\/cubukled.com\/wp-content\/uploads\/2020\/06\/cubukled-logo.jpeg\",\"contentUrl\":\"https:\/\/cubukled.com\/wp-content\/uploads\/2020\/06\/cubukled-logo.jpeg\",\"width\":1169,\"height\":669,\"caption\":\"\u00c7ubuk LED\"},\"image\":{\"@id\":\"https:\/\/cubukled.com\/#\/schema\/logo\/image\/\"},\"sameAs\":[\"https:\/\/www.facebook.com\/cubukled\",\"https:\/\/x.com\/cubukled\",\"https:\/\/tr.pinterest.com\/Cubuk_Led\/\",\"https:\/\/www.instagram.com\/cubukled\/\",\"https:\/\/www.linkedin.com\/company\/cubukled\",\"https:\/\/www.threads.net\/@cubukled\",\"https:\/\/www.youtube.com\/@cubukled\",\"https:\/\/twitter.com\/cubukled\"]}]}<\/script>\n<!-- \/ Yoast SEO plugin. -->","yoast_head_json":{"title":"LPV 20 24 Mean Well - IP67 D\u0131\u015f Mekan LED Trafo","description":"LPV 20 24 Mean Well LED driver 20w g\u00fcc\u00fcndedir. 24V DC elektrik sa\u011flar. G\u00fc\u00e7 kayna\u011f\u0131 maksimum 0,84A ak\u0131m verir. \u00d6l\u00e7\u00fcleri: 118x35x26 mm","robots":{"index":"index","follow":"follow","max-snippet":"max-snippet:-1","max-image-preview":"max-image-preview:large","max-video-preview":"max-video-preview:-1"},"canonical":"https:\/\/cubukled.com\/ar\/lpv-20-24-guc-kaynagi\/","og_locale":"ar_AR","og_type":"article","og_title":"LPV 20 24 Mean Well - IP67 D\u0131\u015f Mekan LED Trafo","og_description":"LPV 20 24 Mean Well LED driver 20w g\u00fcc\u00fcndedir. 24V DC elektrik sa\u011flar. G\u00fc\u00e7 kayna\u011f\u0131 maksimum 0,84A ak\u0131m verir. \u00d6l\u00e7\u00fcleri: 118x35x26 mm","og_url":"https:\/\/cubukled.com\/ar\/lpv-20-24-guc-kaynagi\/","og_site_name":"\u00c7ubuk LED","article_publisher":"https:\/\/www.facebook.com\/cubukled","article_modified_time":"2026-01-27T13:12:19+00:00","og_image":[{"width":600,"height":600,"url":"https:\/\/cubukled.com\/wp-content\/uploads\/2026\/01\/lpv-20-24.jpg","type":"image\/jpeg"}],"twitter_card":"summary_large_image","twitter_site":"@cubukled","twitter_misc":{"\u0648\u0642\u062a \u0627\u0644\u0642\u0631\u0627\u0621\u0629 \u0627\u0644\u0645\u064f\u0642\u062f\u0651\u0631":"\u062f\u0642\u064a\u0642\u0629 \u0648\u0627\u062d\u062f\u0629"},"schema":{"@context":"https:\/\/schema.org","@graph":[{"@type":["WebPage","ItemPage"],"@id":"https:\/\/cubukled.com\/lpv-20-24-guc-kaynagi\/","url":"https:\/\/cubukled.com\/lpv-20-24-guc-kaynagi\/","name":"LPV 20 24 Mean Well - IP67 D\u0131\u015f Mekan LED Trafo","isPartOf":{"@id":"https:\/\/cubukled.com\/#website"},"primaryImageOfPage":{"@id":"https:\/\/cubukled.com\/lpv-20-24-guc-kaynagi\/#primaryimage"},"image":{"@id":"https:\/\/cubukled.com\/lpv-20-24-guc-kaynagi\/#primaryimage"},"thumbnailUrl":"https:\/\/cubukled.com\/wp-content\/uploads\/2026\/01\/lpv-20-24.jpg","datePublished":"2026-01-27T13:07:15+00:00","dateModified":"2026-01-27T13:12:19+00:00","description":"LPV 20 24 Mean Well LED driver 20w g\u00fcc\u00fcndedir. 24V DC elektrik sa\u011flar. G\u00fc\u00e7 kayna\u011f\u0131 maksimum 0,84A ak\u0131m verir. \u00d6l\u00e7\u00fcleri: 118x35x26 mm","breadcrumb":{"@id":"https:\/\/cubukled.com\/lpv-20-24-guc-kaynagi\/#breadcrumb"},"inLanguage":"ar","potentialAction":[{"@type":"ReadAction","target":["https:\/\/cubukled.com\/lpv-20-24-guc-kaynagi\/"]}]},{"@type":"ImageObject","inLanguage":"ar","@id":"https:\/\/cubukled.com\/lpv-20-24-guc-kaynagi\/#primaryimage","url":"https:\/\/cubukled.com\/wp-content\/uploads\/2026\/01\/lpv-20-24.jpg","contentUrl":"https:\/\/cubukled.com\/wp-content\/uploads\/2026\/01\/lpv-20-24.jpg","width":600,"height":600,"caption":"lpv 20 24"},{"@type":"BreadcrumbList","@id":"https:\/\/cubukled.com\/lpv-20-24-guc-kaynagi\/#breadcrumb","itemListElement":[{"@type":"ListItem","position":1,"name":"Ana sayfa","item":"https:\/\/cubukled.com\/"},{"@type":"ListItem","position":2,"name":"Ma\u011faza","item":"https:\/\/cubukled.com\/magaza\/"},{"@type":"ListItem","position":3,"name":"LPV 20 24 G\u00fc\u00e7 Kayna\u011f\u0131"}]},{"@type":"WebSite","@id":"https:\/\/cubukled.com\/#website","url":"https:\/\/cubukled.com\/","name":"\u0642\u0636\u064a\u0628 \u0627\u0644\u0635\u0645\u0627\u0645 \u0627\u0644\u062b\u0646\u0627\u0626\u064a \u0627\u0644\u0628\u0627\u0639\u062b \u0644\u0644\u0636\u0648\u0621","description":"\u0625\u0636\u0627\u0621\u0629 \u0627\u0644\u0648\u0627\u062c\u0647\u0627\u062a\u060c \u062a\u0635\u0645\u064a\u0645 \u0627\u0644\u0625\u0636\u0627\u0621\u0629\u060c \u0623\u0646\u0638\u0645\u0629 \u0627\u0644\u0631\u0633\u0648\u0645 \u0627\u0644\u0645\u062a\u062d\u0631\u0643\u0629 \u0627\u0644\u062e\u0627\u0631\u062c\u064a\u0629\u060c \u0631\u0633\u0648\u0645 \u0645\u062a\u062d\u0631\u0643\u0629 \u0644\u0644\u0648\u0627\u062c\u0647\u0629 RGB DMX LED \u0644\u0644\u0648\u0627\u062c\u0647\u0629","publisher":{"@id":"https:\/\/cubukled.com\/#organization"},"alternateName":"cubukled","potentialAction":[{"@type":"SearchAction","target":{"@type":"EntryPoint","urlTemplate":"https:\/\/cubukled.com\/?s={search_term_string}"},"query-input":{"@type":"PropertyValueSpecification","valueRequired":true,"valueName":"search_term_string"}}],"inLanguage":"ar"},{"@type":"Organization","@id":"https:\/\/cubukled.com\/#organization","name":"\u0642\u0636\u064a\u0628 \u0627\u0644\u0635\u0645\u0627\u0645 \u0627\u0644\u062b\u0646\u0627\u0626\u064a \u0627\u0644\u0628\u0627\u0639\u062b \u0644\u0644\u0636\u0648\u0621","alternateName":"cubukled","url":"https:\/\/cubukled.com\/","logo":{"@type":"ImageObject","inLanguage":"ar","@id":"https:\/\/cubukled.com\/#\/schema\/logo\/image\/","url":"https:\/\/cubukled.com\/wp-content\/uploads\/2020\/06\/cubukled-logo.jpeg","contentUrl":"https:\/\/cubukled.com\/wp-content\/uploads\/2020\/06\/cubukled-logo.jpeg","width":1169,"height":669,"caption":"\u00c7ubuk LED"},"image":{"@id":"https:\/\/cubukled.com\/#\/schema\/logo\/image\/"},"sameAs":["https:\/\/www.facebook.com\/cubukled","https:\/\/x.com\/cubukled","https:\/\/tr.pinterest.com\/Cubuk_Led\/","https:\/\/www.instagram.com\/cubukled\/","https:\/\/www.linkedin.com\/company\/cubukled","https:\/\/www.threads.net\/@cubukled","https:\/\/www.youtube.com\/@cubukled","https:\/\/twitter.com\/cubukled"]}]}},"_links":{"self":[{"href":"https:\/\/cubukled.com\/ar\/wp-json\/wp\/v2\/product\/7186","targetHints":{"allow":["GET"]}}],"collection":[{"href":"https:\/\/cubukled.com\/ar\/wp-json\/wp\/v2\/product"}],"about":[{"href":"https:\/\/cubukled.com\/ar\/wp-json\/wp\/v2\/types\/product"}],"wp:featuredmedia":[{"embeddable":true,"href":"https:\/\/cubukled.com\/ar\/wp-json\/wp\/v2\/media\/7187"}],"wp:attachment":[{"href":"https:\/\/cubukled.com\/ar\/wp-json\/wp\/v2\/media?parent=7186"}],"wp:term":[{"taxonomy":"product_brand","embeddable":true,"href":"https:\/\/cubukled.com\/ar\/wp-json\/wp\/v2\/product_brand?post=7186"},{"taxonomy":"product_cat","embeddable":true,"href":"https:\/\/cubukled.com\/ar\/wp-json\/wp\/v2\/product_cat?post=7186"},{"taxonomy":"product_tag","embeddable":true,"href":"https:\/\/cubukled.com\/ar\/wp-json\/wp\/v2\/product_tag?post=7186"}],"curies":[{"name":"wp","href":"https:\/\/api.w.org\/{rel}","templated":true}]}}