{"id":7070,"date":"2026-01-21T10:22:08","date_gmt":"2026-01-21T07:22:08","guid":{"rendered":"https:\/\/cubukled.com\/?post_type=product&#038;p=7070"},"modified":"2026-01-21T10:50:18","modified_gmt":"2026-01-21T07:50:18","slug":"sd-kartli-dmx512-artnet-kontrol-cihazi","status":"publish","type":"product","link":"https:\/\/cubukled.com\/ar\/sd-kartli-dmx512-artnet-kontrol-cihazi\/","title":{"rendered":"\u0648\u062d\u062f\u0629 \u062a\u062d\u0643\u0645 ARTNET DMX512 \u0645\u0632\u0648\u062f\u0629 \u0628\u0628\u0637\u0627\u0642\u0629 SD"},"content":{"rendered":"<p>\u064a\u064f\u0639\u062f\u0651 \u062c\u0647\u0627\u0632 \u0627\u0644\u062a\u062d\u0643\u0645 DMX512 ARTNET \u0627\u0644\u0645\u0632\u0648\u062f \u0628\u0628\u0637\u0627\u0642\u0629 SD \u0627\u0644\u062d\u0644 \u0627\u0644\u0623\u0645\u062b\u0644 \u0644\u0645\u0634\u0627\u0631\u064a\u0639\u0643 \u0627\u0644\u062a\u064a \u062a\u0636\u0645 8 \u0639\u0648\u0627\u0644\u0645\u060c \u062d\u064a\u062b \u0644\u0627 \u062a\u0631\u063a\u0628 \u0628\u0627\u0633\u062a\u062e\u062f\u0627\u0645 \u062c\u0647\u0627\u0632 \u0643\u0645\u0628\u064a\u0648\u062a\u0631. \u064a\u062d\u062a\u0648\u064a \u0647\u0630\u0627 \u0627\u0644\u062c\u0647\u0627\u0632 \u0639\u0644\u0649 8 \u0645\u0646\u0627\u0641\u0630\u060c \u0648\u064a\u0645\u0643\u0646\u0647 \u062a\u0634\u063a\u064a\u0644 8 \u0639\u0648\u0627\u0644\u0645 \u0641\u064a \u0622\u0646\u064d \u0648\u0627\u062d\u062f. \u0643\u0645\u0627 \u0623\u0646\u0647 \u0645\u0632\u0648\u062f \u0628\u0648\u062d\u062f\u0629 Wi-Fi\u060c \u0645\u0645\u0627 \u064a\u062a\u064a\u062d \u0644\u0643 \u0627\u0644\u0627\u062a\u0635\u0627\u0644 \u0628\u0647 \u0639\u0628\u0631 Wi-Fi \u0645\u0646 \u062c\u0647\u0627\u0632 \u0627\u0644\u0643\u0645\u0628\u064a\u0648\u062a\u0631. \u062a\u062a\u064a\u062d \u0644\u0643 \u0628\u0637\u0627\u0642\u0629 SD \u0625\u0636\u0627\u0641\u0629 \u0631\u0642\u0639\u0627\u062a \u0631\u0633\u0648\u0645 \u0645\u062a\u062d\u0631\u0643\u0629 LED. \u064a\u0642\u0648\u0645 \u062c\u0647\u0627\u0632 \u0627\u0644\u062a\u062d\u0643\u0645 DMX512 \u0627\u0644\u0645\u0632\u0648\u062f \u0628\u0628\u0637\u0627\u0642\u0629 SD \u0628\u0642\u0631\u0627\u0621\u0629 \u0648\u0645\u0639\u0627\u0644\u062c\u0629 \u0627\u0644\u0631\u0633\u0648\u0645 \u0627\u0644\u0645\u062a\u062d\u0631\u0643\u0629 \u0627\u0644\u062a\u064a \u062a\u064f\u0646\u0634\u0626\u0647\u0627 \u0645\u0646 \u0647\u0630\u0647 \u0627\u0644\u0628\u0637\u0627\u0642\u0629.<\/p>\n<figure id=\"attachment_7074\" aria-describedby=\"caption-attachment-7074\" style=\"width: 400px\" class=\"wp-caption aligncenter\"><a href=\"https:\/\/cubukled.com\/wp-content\/uploads\/2026\/01\/sd-kartli-artnet-node8-dmx.jpg\"><img fetchpriority=\"high\" decoding=\"async\" class=\"size-full wp-image-7074\" src=\"https:\/\/cubukled.com\/wp-content\/uploads\/2026\/01\/sd-kartli-artnet-node8-dmx.jpg\" alt=\"sd kartl\u0131 artnet node8 dmx\" width=\"400\" height=\"400\" srcset=\"https:\/\/cubukled.com\/wp-content\/uploads\/2026\/01\/sd-kartli-artnet-node8-dmx.jpg 400w, https:\/\/cubukled.com\/wp-content\/uploads\/2026\/01\/sd-kartli-artnet-node8-dmx-300x300.jpg 300w, https:\/\/cubukled.com\/wp-content\/uploads\/2026\/01\/sd-kartli-artnet-node8-dmx-150x150.jpg 150w, https:\/\/cubukled.com\/wp-content\/uploads\/2026\/01\/sd-kartli-artnet-node8-dmx-12x12.jpg 12w, https:\/\/cubukled.com\/wp-content\/uploads\/2026\/01\/sd-kartli-artnet-node8-dmx-100x100.jpg 100w\" sizes=\"(max-width: 400px) 100vw, 400px\" \/><\/a><figcaption id=\"caption-attachment-7074\" class=\"wp-caption-text\">\u062c\u0647\u0627\u0632 ARTNET node8 DMX \u0645\u0632\u0648\u062f \u0628\u0628\u0637\u0627\u0642\u0629 SD<\/figcaption><\/figure>\n<p><strong>\u0627\u0644\u0645\u0648\u0627\u0635\u0641\u0627\u062a \u0627\u0644\u0641\u0646\u064a\u0629<\/strong><\/p>\n<ul>\n<li>\u062a\u0628\u0644\u063a \u0633\u0639\u062a\u0647\u0627 8 \u0639\u0648\u0627\u0644\u0645.<\/li>\n<li>\u064a\u062a\u062d\u0643\u0645 \u0643\u0644 \u0645\u0646\u0641\u0630 \u0641\u064a \u0643\u0648\u0646 \u0648\u0627\u062d\u062f.<\/li>\n<li>\u0647\u0630\u0627 \u064a\u0639\u0646\u064a \u0623\u0646\u0647 \u064a\u0645\u0643\u0646\u0643 \u0627\u0644\u062a\u062d\u0643\u0645 \u0641\u064a 512 \u0642\u0646\u0627\u0629 \u0628\u0627\u0633\u062a\u062e\u062f\u0627\u0645 \u0643\u0644 \u0645\u0646\u0641\u0630.<\/li>\n<li>\u064a\u0639\u0645\u0644 \u0627\u0644\u062c\u0647\u0627\u0632 \u0628\u062c\u0647\u062f 24 \u0641\u0648\u0644\u062a \u062a\u064a\u0627\u0631 \u0645\u0633\u062a\u0645\u0631.<\/li>\n<li>\u064a\u062d\u062a\u0648\u064a \u0627\u0644\u0645\u0646\u062a\u062c \u0639\u0644\u0649 \u0648\u062d\u062f\u0629 \u0648\u0627\u064a \u0641\u0627\u064a \u0645\u062f\u0645\u062c\u0629.<\/li>\n<li>\u064a\u062d\u062a\u0648\u064a \u0639\u0644\u0649 \u0641\u062a\u062d\u0629 \u0648\u0627\u062d\u062f\u0629 \u0644\u0628\u0637\u0627\u0642\u0629 SD.<\/li>\n<\/ul>\n<p><strong>\u062d\u0633\u0627\u0628\u0627\u062a \u0645\u062b\u0627\u0644 \u0644\u0645\u0646\u062a\u062c DMX RGB:<\/strong><\/p>\n<ul>\n<li>\u0625\u0630\u0627 \u0642\u0645\u062a \u0628\u062a\u0648\u0641\u064a\u0631 \u0627\u0644\u062a\u062d\u0643\u0645 \u0641\u064a 512\/3=170 \u0628\u0643\u0633\u0644 \u0644\u0643\u0644 \u0645\u0646\u0641\u0630 \u0644\u0645\u0646\u062a\u062c RGB.<\/li>\n<li>\u0625\u0630\u0627 \u0643\u0646\u062a \u062a\u0633\u062a\u062e\u062f\u0645 \u0645\u0646\u062a\u062c\u0627\u062a DMX RGB \u0627\u0644\u062e\u0637\u064a\u0629 LED \u0630\u0627\u062a 6 \u0628\u0643\u0633\u0644\u0627\u062a \u0644\u0643\u0644 \u0645\u062a\u0631\u060c \u0641\u0647\u0630\u0627 \u064a\u0639\u0646\u064a 170\/6 = 28 \u0645\u062a\u0631\u064b\u0627 \u0644\u0643\u0644 \u0645\u0646\u0641\u0630.<\/li>\n<li>\u0628\u0627\u062e\u062a\u0635\u0627\u0631\u060c \u064a\u062a\u064a\u062d \u0644\u0643 \u0647\u0630\u0627 \u0627\u0644\u062c\u0647\u0627\u0632 \u0627\u0644\u062a\u062d\u0643\u0645 \u0641\u064a \u062d\u0648\u0627\u0644\u064a 224 \u0645\u062a\u0631\u064b\u0627 \u0645\u0646 \u0645\u0635\u0627\u0628\u064a\u062d LED \u0627\u0644\u062e\u0637\u064a\u0629 DMX RGB.<\/li>\n<\/ul>\n<p><strong>\u0645\u062b\u0627\u0644 \u0639\u0644\u0649 \u062d\u0633\u0627\u0628 \u0645\u0646\u062a\u062c DMX RGBW:<\/strong><\/p>\n<ul>\n<li>\u0625\u0630\u0627 \u0642\u0645\u062a \u0628\u062a\u0648\u0641\u064a\u0631 \u0627\u0644\u062a\u062d\u0643\u0645 \u0641\u064a 512\/4=128 \u0628\u0643\u0633\u0644 \u0644\u0643\u0644 \u0645\u0646\u0641\u0630 \u0644\u0645\u0646\u062a\u062c RGB.<\/li>\n<li>\u0625\u0630\u0627 \u0643\u0646\u062a \u062a\u0633\u062a\u062e\u062f\u0645 \u0645\u0646\u062a\u062c\u0627\u062a DMX RGB \u0627\u0644\u062e\u0637\u064a\u0629 LED \u0630\u0627\u062a 6 \u0628\u0643\u0633\u0644\u0627\u062a \u0644\u0643\u0644 \u0645\u062a\u0631\u060c \u0641\u0647\u0630\u0627 \u064a\u0639\u0646\u064a 128\/6 = 21 \u0645\u062a\u0631\u064b\u0627 \u0644\u0643\u0644 \u0645\u0646\u0641\u0630.<\/li>\n<li>\u0628\u0627\u062e\u062a\u0635\u0627\u0631\u060c \u0628\u0627\u0633\u062a\u062e\u062f\u0627\u0645 \u062c\u0647\u0627\u0632 \u0645\u0632\u0648\u062f \u0628\u0628\u0637\u0627\u0642\u0629 SD\u060c \u064a\u0645\u0643\u0646\u0643 \u0627\u0644\u062a\u062d\u0643\u0645 \u0641\u064a \u062d\u0648\u0627\u0644\u064a 168 \u0645\u062a\u0631\u064b\u0627 \u0645\u0646 \u0645\u0635\u0627\u0628\u064a\u062d LED \u0627\u0644\u062e\u0637\u064a\u0629 DMX RGBW.<\/li>\n<\/ul>\n<p>\u064a\u0645\u0643\u0646\u0643 \u0627\u0633\u062a\u062e\u062f\u0627\u0645 \u0645\u0646\u062a\u062c ARTNET \u0627\u0644\u0645\u0632\u0648\u062f \u0628\u0648\u062d\u062f\u0629 Wi-Fi \u0641\u064a \u0645\u0634\u0627\u0631\u064a\u0639 \u0625\u0636\u0627\u0621\u0629 \u0648\u0627\u062c\u0647\u0627\u062a DMX \u0627\u0644\u062f\u0627\u062e\u0644\u064a\u0629 \u0648\u0645\u0634\u0627\u0631\u064a\u0639 \u0627\u0644\u0631\u0633\u0648\u0645 \u0627\u0644\u0645\u062a\u062d\u0631\u0643\u0629 \u0628\u062a\u0642\u0646\u064a\u0629 LED. \u064a\u062a\u064a\u062d \u0644\u0643 \u0647\u0630\u0627 \u0625\u0646\u0634\u0627\u0621 \u0631\u0633\u0648\u0645 \u0645\u062a\u062d\u0631\u0643\u0629 \u0641\u064a \u0645\u0634\u0627\u0631\u064a\u0639 \u0644\u0627 \u062a\u062a\u062c\u0627\u0648\u0632 8 \u0639\u0648\u0627\u0644\u0645 \u062f\u0648\u0646 \u0627\u0644\u062d\u0627\u062c\u0629 \u0625\u0644\u0649 \u062c\u0647\u0627\u0632 \u0643\u0645\u0628\u064a\u0648\u062a\u0631 \u0623\u0648 \u0628\u0631\u0627\u0645\u062c.<\/p>","protected":false},"excerpt":{"rendered":"<p><strong>\u0628\u0631\u0648\u062a\u0648\u0643\u0648\u0644:<\/strong> DMX512<\/p>\n<p><strong>\u062c\u0647\u062f \u0627\u0644\u062a\u0634\u063a\u064a\u0644:<\/strong> 24 \u0641\u0648\u0644\u062a \u062a\u064a\u0627\u0631 \u0645\u0633\u062a\u0645\u0631<\/p>\n<p><strong>\u064a\u062a\u062d\u0643\u0645:<\/strong> 8 \u0645\u0646\u0627\u0641\u0630 \u00d7 512 \u0642\u0646\u0627\u0629<\/p>\n<p><strong>\u062a\u0648\u0627\u0635\u0644:<\/strong> \u0648\u062d\u062f\u0629 \u0648\u0627\u064a \u0641\u0627\u064a \u0648\u0627\u062d\u062f\u0629<\/p>\n<p><strong>\u0645\u062f\u062e\u0644:<\/strong> \u0641\u062a\u062d\u0629 \u0648\u0627\u062d\u062f\u0629 \u0644\u0628\u0637\u0627\u0642\u0629 SD<\/p>","protected":false},"featured_media":7071,"template":"","meta":{"_joinchat":[]},"product_brand":[],"product_cat":[3411],"product_tag":[3450],"class_list":{"0":"post-7070","1":"product","2":"type-product","3":"status-publish","4":"has-post-thumbnail","6":"product_cat-dmx-kontrol-sistemleri","7":"product_tag-dmx512-artnet-kontrol-cihazi","9":"first","10":"instock","11":"sale","12":"taxable","13":"shipping-taxable","14":"purchasable","15":"product-type-simple","16":"customify-col"},"yoast_head":"<!-- This site is optimized with the Yoast SEO plugin v27.2 - https:\/\/yoast.com\/product\/yoast-seo-wordpress\/ -->\n<title>SD Kartl\u0131 DMX512 Artnet Kontrol Cihaz\u0131 - Wi-Fi Mod\u00fcll\u00fc<\/title>\n<meta name=\"description\" content=\"SD kartl\u0131 DMX512 ARTNET kontrol cihaz\u0131 8 evren \u00e7al\u0131\u015ft\u0131r\u0131r. Yani 8 adet 512 kanal kontrol vard\u0131r. \u00dcr\u00fcnde Wi-Fi mod\u00fcl de vard\u0131r.\" \/>\n<meta name=\"robots\" content=\"index, follow, max-snippet:-1, max-image-preview:large, max-video-preview:-1\" \/>\n<link rel=\"canonical\" href=\"https:\/\/cubukled.com\/ar\/sd-kartli-dmx512-artnet-kontrol-cihazi\/\" \/>\n<meta property=\"og:locale\" content=\"ar_AR\" \/>\n<meta property=\"og:type\" content=\"article\" \/>\n<meta property=\"og:title\" content=\"SD Kartl\u0131 DMX512 Artnet Kontrol Cihaz\u0131 - Wi-Fi Mod\u00fcll\u00fc\" \/>\n<meta property=\"og:description\" content=\"SD kartl\u0131 DMX512 ARTNET kontrol cihaz\u0131 8 evren \u00e7al\u0131\u015ft\u0131r\u0131r. Yani 8 adet 512 kanal kontrol vard\u0131r. \u00dcr\u00fcnde Wi-Fi mod\u00fcl de vard\u0131r.\" \/>\n<meta property=\"og:url\" content=\"https:\/\/cubukled.com\/ar\/sd-kartli-dmx512-artnet-kontrol-cihazi\/\" \/>\n<meta property=\"og:site_name\" content=\"\u00c7ubuk LED\" \/>\n<meta property=\"article:publisher\" content=\"https:\/\/www.facebook.com\/cubukled\" \/>\n<meta property=\"article:modified_time\" content=\"2026-01-21T07:50:18+00:00\" \/>\n<meta property=\"og:image\" content=\"https:\/\/cubukled.com\/wp-content\/uploads\/2026\/01\/sd-kartli-dmx512-artnet.jpg\" \/>\n\t<meta property=\"og:image:width\" content=\"600\" \/>\n\t<meta property=\"og:image:height\" content=\"600\" \/>\n\t<meta property=\"og:image:type\" content=\"image\/jpeg\" \/>\n<meta name=\"twitter:card\" content=\"summary_large_image\" \/>\n<meta name=\"twitter:site\" content=\"@cubukled\" \/>\n<meta name=\"twitter:label1\" content=\"\u0648\u0642\u062a \u0627\u0644\u0642\u0631\u0627\u0621\u0629 \u0627\u0644\u0645\u064f\u0642\u062f\u0651\u0631\" \/>\n\t<meta name=\"twitter:data1\" content=\"\u062f\u0642\u064a\u0642\u062a\u0627\u0646\" \/>\n<script type=\"application\/ld+json\" class=\"yoast-schema-graph\">{\"@context\":\"https:\/\/schema.org\",\"@graph\":[{\"@type\":[\"WebPage\",\"ItemPage\"],\"@id\":\"https:\/\/cubukled.com\/sd-kartli-dmx512-artnet-kontrol-cihazi\/\",\"url\":\"https:\/\/cubukled.com\/sd-kartli-dmx512-artnet-kontrol-cihazi\/\",\"name\":\"SD Kartl\u0131 DMX512 Artnet Kontrol Cihaz\u0131 - Wi-Fi Mod\u00fcll\u00fc\",\"isPartOf\":{\"@id\":\"https:\/\/cubukled.com\/#website\"},\"primaryImageOfPage\":{\"@id\":\"https:\/\/cubukled.com\/sd-kartli-dmx512-artnet-kontrol-cihazi\/#primaryimage\"},\"image\":{\"@id\":\"https:\/\/cubukled.com\/sd-kartli-dmx512-artnet-kontrol-cihazi\/#primaryimage\"},\"thumbnailUrl\":\"https:\/\/cubukled.com\/wp-content\/uploads\/2026\/01\/sd-kartli-dmx512-artnet.jpg\",\"datePublished\":\"2026-01-21T07:22:08+00:00\",\"dateModified\":\"2026-01-21T07:50:18+00:00\",\"description\":\"SD kartl\u0131 DMX512 ARTNET kontrol cihaz\u0131 8 evren \u00e7al\u0131\u015ft\u0131r\u0131r. Yani 8 adet 512 kanal kontrol vard\u0131r. \u00dcr\u00fcnde Wi-Fi mod\u00fcl de vard\u0131r.\",\"breadcrumb\":{\"@id\":\"https:\/\/cubukled.com\/sd-kartli-dmx512-artnet-kontrol-cihazi\/#breadcrumb\"},\"inLanguage\":\"ar\",\"potentialAction\":[{\"@type\":\"ReadAction\",\"target\":[\"https:\/\/cubukled.com\/sd-kartli-dmx512-artnet-kontrol-cihazi\/\"]}]},{\"@type\":\"ImageObject\",\"inLanguage\":\"ar\",\"@id\":\"https:\/\/cubukled.com\/sd-kartli-dmx512-artnet-kontrol-cihazi\/#primaryimage\",\"url\":\"https:\/\/cubukled.com\/wp-content\/uploads\/2026\/01\/sd-kartli-dmx512-artnet.jpg\",\"contentUrl\":\"https:\/\/cubukled.com\/wp-content\/uploads\/2026\/01\/sd-kartli-dmx512-artnet.jpg\",\"width\":600,\"height\":600,\"caption\":\"SD kartl\u0131 DMX512 artnet\"},{\"@type\":\"BreadcrumbList\",\"@id\":\"https:\/\/cubukled.com\/sd-kartli-dmx512-artnet-kontrol-cihazi\/#breadcrumb\",\"itemListElement\":[{\"@type\":\"ListItem\",\"position\":1,\"name\":\"Ana sayfa\",\"item\":\"https:\/\/cubukled.com\/\"},{\"@type\":\"ListItem\",\"position\":2,\"name\":\"Ma\u011faza\",\"item\":\"https:\/\/cubukled.com\/magaza\/\"},{\"@type\":\"ListItem\",\"position\":3,\"name\":\"SD KARTLI DMX512 ARTNET Kontrol Cihaz\u0131\"}]},{\"@type\":\"WebSite\",\"@id\":\"https:\/\/cubukled.com\/#website\",\"url\":\"https:\/\/cubukled.com\/\",\"name\":\"\u00c7ubuk LED\",\"description\":\"Cephe Ayd\u0131nlatma, Ayd\u0131nlatma Tasar\u0131m\u0131, D\u0131\u015f Mekan Animasyon Sistemleri, RGB DMX Cephe LED Animasyon\",\"publisher\":{\"@id\":\"https:\/\/cubukled.com\/#organization\"},\"alternateName\":\"cubukled\",\"potentialAction\":[{\"@type\":\"SearchAction\",\"target\":{\"@type\":\"EntryPoint\",\"urlTemplate\":\"https:\/\/cubukled.com\/?s={search_term_string}\"},\"query-input\":{\"@type\":\"PropertyValueSpecification\",\"valueRequired\":true,\"valueName\":\"search_term_string\"}}],\"inLanguage\":\"ar\"},{\"@type\":\"Organization\",\"@id\":\"https:\/\/cubukled.com\/#organization\",\"name\":\"\u00c7ubuk LED\",\"alternateName\":\"cubukled\",\"url\":\"https:\/\/cubukled.com\/\",\"logo\":{\"@type\":\"ImageObject\",\"inLanguage\":\"ar\",\"@id\":\"https:\/\/cubukled.com\/#\/schema\/logo\/image\/\",\"url\":\"https:\/\/cubukled.com\/wp-content\/uploads\/2020\/06\/cubukled-logo.jpeg\",\"contentUrl\":\"https:\/\/cubukled.com\/wp-content\/uploads\/2020\/06\/cubukled-logo.jpeg\",\"width\":1169,\"height\":669,\"caption\":\"\u00c7ubuk LED\"},\"image\":{\"@id\":\"https:\/\/cubukled.com\/#\/schema\/logo\/image\/\"},\"sameAs\":[\"https:\/\/www.facebook.com\/cubukled\",\"https:\/\/x.com\/cubukled\",\"https:\/\/tr.pinterest.com\/Cubuk_Led\/\",\"https:\/\/www.instagram.com\/cubukled\/\",\"https:\/\/www.linkedin.com\/company\/cubukled\",\"https:\/\/www.threads.net\/@cubukled\",\"https:\/\/www.youtube.com\/@cubukled\",\"https:\/\/twitter.com\/cubukled\"]}]}<\/script>\n<!-- \/ Yoast SEO plugin. -->","yoast_head_json":{"title":"SD Kartl\u0131 DMX512 Artnet Kontrol Cihaz\u0131 - Wi-Fi Mod\u00fcll\u00fc","description":"SD kartl\u0131 DMX512 ARTNET kontrol cihaz\u0131 8 evren \u00e7al\u0131\u015ft\u0131r\u0131r. Yani 8 adet 512 kanal kontrol vard\u0131r. \u00dcr\u00fcnde Wi-Fi mod\u00fcl de vard\u0131r.","robots":{"index":"index","follow":"follow","max-snippet":"max-snippet:-1","max-image-preview":"max-image-preview:large","max-video-preview":"max-video-preview:-1"},"canonical":"https:\/\/cubukled.com\/ar\/sd-kartli-dmx512-artnet-kontrol-cihazi\/","og_locale":"ar_AR","og_type":"article","og_title":"SD Kartl\u0131 DMX512 Artnet Kontrol Cihaz\u0131 - Wi-Fi Mod\u00fcll\u00fc","og_description":"SD kartl\u0131 DMX512 ARTNET kontrol cihaz\u0131 8 evren \u00e7al\u0131\u015ft\u0131r\u0131r. Yani 8 adet 512 kanal kontrol vard\u0131r. \u00dcr\u00fcnde Wi-Fi mod\u00fcl de vard\u0131r.","og_url":"https:\/\/cubukled.com\/ar\/sd-kartli-dmx512-artnet-kontrol-cihazi\/","og_site_name":"\u00c7ubuk LED","article_publisher":"https:\/\/www.facebook.com\/cubukled","article_modified_time":"2026-01-21T07:50:18+00:00","og_image":[{"width":600,"height":600,"url":"https:\/\/cubukled.com\/wp-content\/uploads\/2026\/01\/sd-kartli-dmx512-artnet.jpg","type":"image\/jpeg"}],"twitter_card":"summary_large_image","twitter_site":"@cubukled","twitter_misc":{"\u0648\u0642\u062a \u0627\u0644\u0642\u0631\u0627\u0621\u0629 \u0627\u0644\u0645\u064f\u0642\u062f\u0651\u0631":"\u062f\u0642\u064a\u0642\u062a\u0627\u0646"},"schema":{"@context":"https:\/\/schema.org","@graph":[{"@type":["WebPage","ItemPage"],"@id":"https:\/\/cubukled.com\/sd-kartli-dmx512-artnet-kontrol-cihazi\/","url":"https:\/\/cubukled.com\/sd-kartli-dmx512-artnet-kontrol-cihazi\/","name":"SD Kartl\u0131 DMX512 Artnet Kontrol Cihaz\u0131 - Wi-Fi Mod\u00fcll\u00fc","isPartOf":{"@id":"https:\/\/cubukled.com\/#website"},"primaryImageOfPage":{"@id":"https:\/\/cubukled.com\/sd-kartli-dmx512-artnet-kontrol-cihazi\/#primaryimage"},"image":{"@id":"https:\/\/cubukled.com\/sd-kartli-dmx512-artnet-kontrol-cihazi\/#primaryimage"},"thumbnailUrl":"https:\/\/cubukled.com\/wp-content\/uploads\/2026\/01\/sd-kartli-dmx512-artnet.jpg","datePublished":"2026-01-21T07:22:08+00:00","dateModified":"2026-01-21T07:50:18+00:00","description":"SD kartl\u0131 DMX512 ARTNET kontrol cihaz\u0131 8 evren \u00e7al\u0131\u015ft\u0131r\u0131r. Yani 8 adet 512 kanal kontrol vard\u0131r. \u00dcr\u00fcnde Wi-Fi mod\u00fcl de vard\u0131r.","breadcrumb":{"@id":"https:\/\/cubukled.com\/sd-kartli-dmx512-artnet-kontrol-cihazi\/#breadcrumb"},"inLanguage":"ar","potentialAction":[{"@type":"ReadAction","target":["https:\/\/cubukled.com\/sd-kartli-dmx512-artnet-kontrol-cihazi\/"]}]},{"@type":"ImageObject","inLanguage":"ar","@id":"https:\/\/cubukled.com\/sd-kartli-dmx512-artnet-kontrol-cihazi\/#primaryimage","url":"https:\/\/cubukled.com\/wp-content\/uploads\/2026\/01\/sd-kartli-dmx512-artnet.jpg","contentUrl":"https:\/\/cubukled.com\/wp-content\/uploads\/2026\/01\/sd-kartli-dmx512-artnet.jpg","width":600,"height":600,"caption":"SD kartl\u0131 DMX512 artnet"},{"@type":"BreadcrumbList","@id":"https:\/\/cubukled.com\/sd-kartli-dmx512-artnet-kontrol-cihazi\/#breadcrumb","itemListElement":[{"@type":"ListItem","position":1,"name":"Ana sayfa","item":"https:\/\/cubukled.com\/"},{"@type":"ListItem","position":2,"name":"Ma\u011faza","item":"https:\/\/cubukled.com\/magaza\/"},{"@type":"ListItem","position":3,"name":"SD KARTLI DMX512 ARTNET Kontrol Cihaz\u0131"}]},{"@type":"WebSite","@id":"https:\/\/cubukled.com\/#website","url":"https:\/\/cubukled.com\/","name":"\u0642\u0636\u064a\u0628 \u0627\u0644\u0635\u0645\u0627\u0645 \u0627\u0644\u062b\u0646\u0627\u0626\u064a \u0627\u0644\u0628\u0627\u0639\u062b \u0644\u0644\u0636\u0648\u0621","description":"\u0625\u0636\u0627\u0621\u0629 \u0627\u0644\u0648\u0627\u062c\u0647\u0627\u062a\u060c \u062a\u0635\u0645\u064a\u0645 \u0627\u0644\u0625\u0636\u0627\u0621\u0629\u060c \u0623\u0646\u0638\u0645\u0629 \u0627\u0644\u0631\u0633\u0648\u0645 \u0627\u0644\u0645\u062a\u062d\u0631\u0643\u0629 \u0627\u0644\u062e\u0627\u0631\u062c\u064a\u0629\u060c \u0631\u0633\u0648\u0645 \u0645\u062a\u062d\u0631\u0643\u0629 \u0644\u0644\u0648\u0627\u062c\u0647\u0629 RGB DMX LED \u0644\u0644\u0648\u0627\u062c\u0647\u0629","publisher":{"@id":"https:\/\/cubukled.com\/#organization"},"alternateName":"cubukled","potentialAction":[{"@type":"SearchAction","target":{"@type":"EntryPoint","urlTemplate":"https:\/\/cubukled.com\/?s={search_term_string}"},"query-input":{"@type":"PropertyValueSpecification","valueRequired":true,"valueName":"search_term_string"}}],"inLanguage":"ar"},{"@type":"Organization","@id":"https:\/\/cubukled.com\/#organization","name":"\u0642\u0636\u064a\u0628 \u0627\u0644\u0635\u0645\u0627\u0645 \u0627\u0644\u062b\u0646\u0627\u0626\u064a \u0627\u0644\u0628\u0627\u0639\u062b \u0644\u0644\u0636\u0648\u0621","alternateName":"cubukled","url":"https:\/\/cubukled.com\/","logo":{"@type":"ImageObject","inLanguage":"ar","@id":"https:\/\/cubukled.com\/#\/schema\/logo\/image\/","url":"https:\/\/cubukled.com\/wp-content\/uploads\/2020\/06\/cubukled-logo.jpeg","contentUrl":"https:\/\/cubukled.com\/wp-content\/uploads\/2020\/06\/cubukled-logo.jpeg","width":1169,"height":669,"caption":"\u00c7ubuk LED"},"image":{"@id":"https:\/\/cubukled.com\/#\/schema\/logo\/image\/"},"sameAs":["https:\/\/www.facebook.com\/cubukled","https:\/\/x.com\/cubukled","https:\/\/tr.pinterest.com\/Cubuk_Led\/","https:\/\/www.instagram.com\/cubukled\/","https:\/\/www.linkedin.com\/company\/cubukled","https:\/\/www.threads.net\/@cubukled","https:\/\/www.youtube.com\/@cubukled","https:\/\/twitter.com\/cubukled"]}]}},"_links":{"self":[{"href":"https:\/\/cubukled.com\/ar\/wp-json\/wp\/v2\/product\/7070","targetHints":{"allow":["GET"]}}],"collection":[{"href":"https:\/\/cubukled.com\/ar\/wp-json\/wp\/v2\/product"}],"about":[{"href":"https:\/\/cubukled.com\/ar\/wp-json\/wp\/v2\/types\/product"}],"wp:featuredmedia":[{"embeddable":true,"href":"https:\/\/cubukled.com\/ar\/wp-json\/wp\/v2\/media\/7071"}],"wp:attachment":[{"href":"https:\/\/cubukled.com\/ar\/wp-json\/wp\/v2\/media?parent=7070"}],"wp:term":[{"taxonomy":"product_brand","embeddable":true,"href":"https:\/\/cubukled.com\/ar\/wp-json\/wp\/v2\/product_brand?post=7070"},{"taxonomy":"product_cat","embeddable":true,"href":"https:\/\/cubukled.com\/ar\/wp-json\/wp\/v2\/product_cat?post=7070"},{"taxonomy":"product_tag","embeddable":true,"href":"https:\/\/cubukled.com\/ar\/wp-json\/wp\/v2\/product_tag?post=7070"}],"curies":[{"name":"wp","href":"https:\/\/api.w.org\/{rel}","templated":true}]}}