{"id":6874,"date":"2026-01-07T12:02:13","date_gmt":"2026-01-07T09:02:13","guid":{"rendered":"https:\/\/cubukled.com\/?post_type=product&#038;p=6874"},"modified":"2026-01-20T10:44:42","modified_gmt":"2026-01-20T07:44:42","slug":"bar-lun-79-serit-led","status":"publish","type":"product","link":"https:\/\/cubukled.com\/ar\/bar-lun-79-serit-led\/","title":{"rendered":"\u0634\u0631\u064a\u0637 \u0625\u0636\u0627\u0621\u0629 LED BAR-LUN-79 \u2013 \u0631\u0641\u064a\u0639 \u0644\u0644\u063a\u0627\u064a\u0629 5 \u0645\u0645"},"content":{"rendered":"<p><strong>\u0634\u0631\u064a\u0637 \u0625\u0636\u0627\u0621\u0629 LED BAR-LUN-79<\/strong> \u0628\u0641\u0636\u0644 \u0639\u0631\u0636\u0647 \u0627\u0644\u0628\u0627\u0644\u063a 5 \u0645\u0645\u060c \u064a\u0648\u0641\u0631 \u0647\u0630\u0627 \u0627\u0644\u0634\u0631\u064a\u0637 \u0625\u0636\u0627\u0621\u0629 \u062f\u0642\u064a\u0642\u0629 \u0644\u0644\u063a\u0627\u064a\u0629. \u064a\u0623\u062a\u064a \u0634\u0631\u064a\u0637 LED \u0642\u064a\u0627\u0633\u064a\u0627\u064b \u0641\u064a \u0644\u0641\u0627\u0626\u0641 \u0628\u0637\u0648\u0644 5 \u0623\u0645\u062a\u0627\u0631\u060c \u0648\u064a\u062d\u062a\u0648\u064a \u0643\u0644 \u0645\u062a\u0631 \u0639\u0644\u0649 120 \u0645\u0635\u0628\u0627\u062d LED. \u064a\u064f\u0645\u0643\u0646 \u0627\u0633\u062a\u062e\u062f\u0627\u0645\u0647 \u0641\u064a \u0627\u0644\u0623\u0645\u0627\u0643\u0646 \u0627\u0644\u0645\u063a\u0644\u0642\u0629\u060c \u062d\u064a\u062b \u064a\u064f\u0645\u0643\u0646 \u062a\u062b\u0628\u064a\u062a\u0647 \u0645\u0628\u0627\u0634\u0631\u0629\u064b \u0628\u0627\u0633\u062a\u062e\u062f\u0627\u0645 \u0634\u0631\u064a\u0637 \u0644\u0627\u0635\u0642 \u0645\u0632\u062f\u0648\u062c\u060c \u0623\u0648 \u0648\u0636\u0639\u0647 \u062f\u0627\u062e\u0644 \u0625\u0637\u0627\u0631 \u0628\u0639\u0631\u0636 7 \u0645\u0645.<\/p>\n<p>\u064a\u0645\u0643\u0646\u0643 \u0627\u0633\u062a\u062e\u062f\u0627\u0645 \u0647\u0630\u0627 \u0627\u0644\u0645\u0646\u062a\u062c \u0641\u064a \u062a\u0637\u0628\u064a\u0642\u0627\u062a \u0645\u062a\u0646\u0648\u0639\u0629 \u0645\u062b\u0644 \u062e\u0632\u0627\u0626\u0646 \u0627\u0644\u0639\u0631\u0636\u060c \u0648\u0627\u0644\u0623\u062f\u0631\u0627\u062c\u060c \u0648\u0627\u0644\u0631\u0641\u0648\u0641\u060c \u0648\u0623\u0633\u0642\u0641 \u0628\u0627\u0631\u064a\u0633\u0648\u0644\u060c \u0648\u0627\u0644\u0623\u062b\u0627\u062b\u060c \u0648\u0627\u0644\u062e\u0632\u0627\u0626\u0646\u060c \u0648\u0648\u062d\u062f\u0627\u062a \u0627\u0644\u0625\u0636\u0627\u0621\u0629 \u0627\u0644\u0645\u062e\u0641\u064a\u0629. \u062a\u062a\u0648\u0641\u0631 \u0633\u0644\u0633\u0644\u0629 \u0634\u0631\u0627\u0626\u0637 LED \u0628\u0646\u0645\u0627\u0630\u062c \u0645\u062a\u0648\u0627\u0641\u0642\u0629 \u0645\u0639 \u0645\u0634\u063a\u0644\u0627\u062a LED \u0628\u062c\u0647\u062f 12 \u0641\u0648\u0644\u062a \u0623\u0648 24 \u0641\u0648\u0644\u062a \u062a\u064a\u0627\u0631 \u0645\u0633\u062a\u0645\u0631.<\/p>\n<figure id=\"attachment_6875\" aria-describedby=\"caption-attachment-6875\" style=\"width: 400px\" class=\"wp-caption aligncenter\"><a href=\"https:\/\/cubukled.com\/wp-content\/uploads\/2026\/01\/5mm-serit-led-olculeri.jpg\"><img fetchpriority=\"high\" decoding=\"async\" class=\"size-full wp-image-6875\" src=\"https:\/\/cubukled.com\/wp-content\/uploads\/2026\/01\/5mm-serit-led-olculeri.jpg\" alt=\"5mm \u015ferit led \u00f6l\u00e7\u00fcleri\" width=\"400\" height=\"200\" srcset=\"https:\/\/cubukled.com\/wp-content\/uploads\/2026\/01\/5mm-serit-led-olculeri.jpg 400w, https:\/\/cubukled.com\/wp-content\/uploads\/2026\/01\/5mm-serit-led-olculeri-300x150.jpg 300w, https:\/\/cubukled.com\/wp-content\/uploads\/2026\/01\/5mm-serit-led-olculeri-18x9.jpg 18w\" sizes=\"(max-width: 400px) 100vw, 400px\" \/><\/a><figcaption id=\"caption-attachment-6875\" class=\"wp-caption-text\">\u0623\u0628\u0639\u0627\u062f \u0634\u0631\u064a\u0637 LED 5 \u0645\u0645<\/figcaption><\/figure>\n<h2>\u0634\u0631\u064a\u0637 \u0625\u0636\u0627\u0621\u0629 LED BAR-LUN-79 \u0628\u0633\u0645\u0643 5 \u0645\u0645<\/h2>\n<p><strong>\u0634\u0631\u064a\u0637 \u0625\u0636\u0627\u0621\u0629 LED \u0628\u0637\u0648\u0644 0.5 \u0633\u0645 <\/strong>\u0628\u0627\u0644\u0646\u0633\u0628\u0629 \u0644\u0644\u0646\u0645\u0648\u0630\u062c <a href=\"https:\/\/cubukled.com\/ar\/bar-lun-79-led-profil\/\">\u0645\u0644\u0641 \u062a\u0639\u0631\u064a\u0641 LED \u0628\u0627\u0631-\u0644\u0648\u0646-79<\/a> \u064a\u0645\u0643\u0646\u0643 \u0627\u0633\u062a\u062e\u062f\u0627\u0645 \u0627\u0644\u063a\u0644\u0627\u0641 \u0627\u0644\u0628\u0644\u0627\u0633\u062a\u064a\u0643\u064a. \u0648\u0628\u0645\u0627 \u0623\u0646 \u0639\u0631\u0636 \u0627\u0644\u063a\u0644\u0627\u0641 7 \u0645\u0645\u060c \u0641\u0625\u0646 \u0627\u0644\u0633\u0643\u0629 \u0627\u0644\u062f\u0627\u062e\u0644\u064a\u0629 \u0633\u062a\u0643\u0648\u0646 \u0645\u0646\u0627\u0633\u0628\u0629 \u0644\u0634\u0631\u064a\u0637 \u0627\u0644\u0625\u0636\u0627\u0621\u0629 LED \u0647\u0630\u0627.<\/p>\n<table width=\"637\">\n<tbody>\n<tr>\n<td width=\"166\"><strong>\u0645\u0646\u062a\u062c<\/strong><\/td>\n<td width=\"206\"><strong>\u0645\u0632\u0648\u062f \u0627\u0644\u0637\u0627\u0642\u0629<\/strong><\/td>\n<td width=\"71\"><strong>\u0643\u0645\u064a\u0629 \u0627\u0644\u0635\u0645\u0627\u0645 \u0627\u0644\u062b\u0646\u0627\u0626\u064a \u0627\u0644\u0628\u0627\u0639\u062b \u0644\u0644\u0636\u0648\u0621<\/strong><\/td>\n<td width=\"130\"><strong>\u062e\u064a\u0627\u0631\u0627\u062a \u0627\u0644\u0625\u0636\u0627\u0621\u0629<\/strong><\/td>\n<td width=\"64\"><strong>\u0627\u0644\u062a\u062f\u0628\u064a\u0631<\/strong><\/td>\n<\/tr>\n<tr>\n<td>\u0634\u0631\u064a\u0637 \u0625\u0636\u0627\u0621\u0629 LED BAR-LUN-79 \u0628\u0633\u0645\u0643 5 \u0645\u0645<\/td>\n<td>\u062c\u0647\u062f \u062b\u0627\u0628\u062a 12 \u0641\u0648\u0644\u062a \u062a\u064a\u0627\u0631 \u0645\u0633\u062a\u0645\u0631 \u0623\u0648 24 \u0641\u0648\u0644\u062a \u062a\u064a\u0627\u0631 \u0645\u0633\u062a\u0645\u0631<\/td>\n<td>120 \u0642\u0637\u0639\u0629\/\u0645\u062a\u0631 2835 \u0631\u0642\u0627\u0642\u0629<\/td>\n<td>3000 \u0643\u0644\u0641\u0646\u060c 4000 \u0643\u0644\u0641\u0646\u060c 6500 \u0643\u0644\u0641\u0646<\/td>\n<td>0.5 \u0633\u0645<\/td>\n<\/tr>\n<\/tbody>\n<\/table>\n<h2>\u0643\u064a\u0641\u064a\u0629 \u0627\u062e\u062a\u064a\u0627\u0631 \u0645\u062d\u0648\u0644 LED\u061f<\/h2>\n<ul>\n<li>\u0625\u0630\u0627 \u0643\u0627\u0646 \u0627\u0644\u0645\u0646\u062a\u062c \u064a\u0639\u0645\u0644 \u0628\u062c\u0647\u062f 12 \u0641\u0648\u0644\u062a \u062a\u064a\u0627\u0631 \u0645\u0633\u062a\u0645\u0631 \u0648\u064a\u0633\u062a\u0647\u0644\u0643 9.6 \u0648\u0627\u0637\/\u0645\u062a\u0631 \u0645\u0646 \u0627\u0644\u0637\u0627\u0642\u0629\u060c \u0641\u064a\u0645\u0643\u0646\u0643 \u0627\u0633\u062a\u062e\u062f\u0627\u0645 \u0645\u0635\u062f\u0631 \u0637\u0627\u0642\u0629 \u0628\u0642\u062f\u0631\u0629 1 \u0623\u0645\u0628\u064a\u0631 \u0644\u0643\u0644 \u0645\u062a\u0631. \u0648\u0644\u0623\u0646 9.6 \u0648\u0627\u0637 \/ 12 \u0641\u0648\u0644\u062a = 800 \u0645\u0644\u0644\u064a \u0623\u0645\u0628\u064a\u0631\u060c \u064a\u062c\u0628 \u0627\u062e\u062a\u064a\u0627\u0631 \u0642\u064a\u0645\u0629 \u0623\u0639\u0644\u0649 \u0645\u0646 \u0647\u0630\u0647 \u0627\u0644\u0642\u064a\u0645\u0629. \u0648\u0644\u062a\u062c\u0646\u0628 \u0627\u0646\u062e\u0641\u0627\u0636 \u0627\u0644\u062c\u0647\u062f \u0641\u064a \u0627\u0644\u062a\u0648\u0635\u064a\u0644\u0627\u062a \u0627\u0644\u0645\u062a\u0633\u0644\u0633\u0644\u0629\u060c \u064a\u062c\u0628 \u0623\u0644\u0627 \u062a\u062a\u062c\u0627\u0648\u0632 \u0627\u0644\u0645\u0633\u0627\u0641\u0629 4 \u0623\u0645\u062a\u0627\u0631.<\/li>\n<li>\u0625\u0630\u0627 \u0643\u0627\u0646 \u0627\u0644\u0645\u0646\u062a\u062c \u064a\u0639\u0645\u0644 \u0628\u062c\u0647\u062f 24 \u0641\u0648\u0644\u062a \u062a\u064a\u0627\u0631 \u0645\u0633\u062a\u0645\u0631 \u0648\u064a\u0633\u062a\u0647\u0644\u0643 9.6 \u0648\u0627\u0637\/\u0645\u062a\u0631 \u0645\u0646 \u0627\u0644\u0637\u0627\u0642\u0629\u060c \u0641\u064a\u0645\u0643\u0646\u0643 \u0627\u0633\u062a\u062e\u062f\u0627\u0645 \u0645\u0635\u062f\u0631 \u0637\u0627\u0642\u0629 \u0628\u0642\u062f\u0631\u0629 1 \u0623\u0645\u0628\u064a\u0631 \u0644\u0643\u0644 \u0645\u062a\u0631\u064a\u0646. \u0644\u0623\u0646 9.6 \u0648\u0627\u0637 \/ 24 \u0641\u0648\u0644\u062a = 400 \u0645\u0644\u0644\u064a \u0623\u0645\u0628\u064a\u0631\u060c \u0623\u064a \u0623\u0646\u0647 \u064a\u0633\u062d\u0628 800 \u0645\u0644\u0644\u064a \u0623\u0645\u0628\u064a\u0631 \u0639\u0644\u0649 \u0627\u0645\u062a\u062f\u0627\u062f \u0645\u062a\u0631\u064a\u0646. \u0648\u0628\u0627\u0644\u062a\u0627\u0644\u064a\u060c \u0641\u0625\u0646 \u0627\u0644\u062a\u064a\u0627\u0631 \u0627\u0644\u062a\u0627\u0644\u064a \u0647\u0648 1 \u0623\u0645\u0628\u064a\u0631. \u0648\u0628\u0627\u0644\u0645\u062b\u0644\u060c \u0644\u062a\u062c\u0646\u0628 \u0627\u0646\u062e\u0641\u0627\u0636 \u0627\u0644\u062c\u0647\u062f \u0641\u064a \u0627\u0644\u062a\u0648\u0635\u064a\u0644\u0627\u062a \u0627\u0644\u0645\u062a\u0633\u0644\u0633\u0644\u0629\u060c \u064a\u062c\u0628 \u0623\u0644\u0627 \u062a\u062a\u062c\u0627\u0648\u0632 \u0627\u0644\u0645\u0633\u0627\u0641\u0629 4 \u0623\u0645\u062a\u0627\u0631.<\/li>\n<\/ul>\n<p>\u0639\u0644\u0649 \u0633\u0628\u064a\u0644 \u0627\u0644\u0645\u062b\u0627\u0644\u060c \u0644\u0646\u0641\u062a\u0631\u0636 \u0623\u0646\u0646\u0627 \u0627\u0634\u062a\u0631\u064a\u0646\u0627 \u0634\u0631\u064a\u0637 \u0625\u0636\u0627\u0621\u0629 LED \u064a\u0639\u0645\u0644 \u0628\u062c\u0647\u062f 12 \u0641\u0648\u0644\u062a \u062a\u064a\u0627\u0631 \u0645\u0633\u062a\u0645\u0631. \u0625\u0630\u0627 \u0643\u0627\u0646\u062a \u0642\u062f\u0631\u0629 \u0647\u0630\u0627 \u0627\u0644\u0634\u0631\u064a\u0637 9.6 \u0648\u0627\u0637\/\u0645\u062a\u0631\u060c \u0641\u0625\u0646 \u0627\u0633\u062a\u0647\u0644\u0627\u0643 \u0627\u0644\u0637\u0627\u0642\u0629 \u0627\u0644\u0625\u062c\u0645\u0627\u0644\u064a \u0644\u0634\u0631\u064a\u0637 \u0628\u0637\u0648\u0644 4 \u0623\u0645\u062a\u0627\u0631 \u0647\u0648 38.4 \u0648\u0627\u0637. \u0628\u062d\u0633\u0627\u0628 38.4 \u00f7 12\u060c \u0646\u062d\u0635\u0644 \u0639\u0644\u0649 3.2 \u0623\u0645\u0628\u064a\u0631. \u0647\u0630\u0627 \u064a\u0639\u0646\u064a \u0623\u0646\u0643 \u0633\u062a\u062d\u062a\u0627\u062c \u0625\u0644\u0649 \u0645\u0635\u062f\u0631 \u0637\u0627\u0642\u0629 \u0628\u0642\u062f\u0631\u0629 4 \u0623\u0645\u0628\u064a\u0631.<\/p>","protected":false},"excerpt":{"rendered":"<p><em><strong>*\u0645\u0644\u062d\u0648\u0638\u0627\u062a:<\/strong> \u064a\u062a\u0645 \u062a\u062d\u062f\u064a\u062f \u0627\u0644\u0633\u0639\u0631 \u0628\u0646\u0627\u0621\u064b \u0639\u0644\u0649 \u0627\u0644\u0645\u0634\u0631\u0648\u0639. \u0644\u0645\u0632\u064a\u062f \u0645\u0646 \u0627\u0644\u062a\u0641\u0627\u0635\u064a\u0644\u060c \u064a\u0631\u062c\u0649 \u0627\u0644\u062a\u0648\u0627\u0635\u0644 \u0645\u0639\u0646\u0627. <a href=\"https:\/\/cubukled.com\/ar\/cubuk-led-iletisim\/\">\u064a\u0631\u062c\u0649 \u0627\u0644\u0627\u062a\u0635\u0627\u0644 \u0628\u0646\u0627.<\/a><\/em><\/p>\n<p><strong>\u0645\u062f\u062e\u0644\u0627\u062a \u0627\u0644\u0637\u0627\u0642\u0629:<\/strong> 12 \u0641\u0648\u0644\u062a \u062a\u064a\u0627\u0631 \u0645\u0633\u062a\u0645\u0631 \u0623\u0648 24 \u0641\u0648\u0644\u062a \u062a\u064a\u0627\u0631 \u0645\u0633\u062a\u0645\u0631<\/p>\n<p><strong>\u062e\u064a\u0627\u0631\u0627\u062a \u0627\u0644\u0623\u0644\u0648\u0627\u0646:<\/strong> 3000 \u0643\u0644\u0641\u0646\u060c 4000 \u0643\u0644\u0641\u0646\u060c 6500 \u0643\u0644\u0641\u0646<\/p>\n<p><strong>\u0643\u0645\u064a\u0629 \u0627\u0644\u0635\u0645\u0627\u0645 \u0627\u0644\u062b\u0646\u0627\u0626\u064a \u0627\u0644\u0628\u0627\u0639\u062b \u0644\u0644\u0636\u0648\u0621:<\/strong> 120 \u0642\u0637\u0639\u0629\/\u0637\u0646 \u0645\u062a\u0631\u064a<\/p>\n<p><strong>\u0623\u0628\u0639\u0627\u062f \u062b\u0646\u0627\u0626\u064a \u0627\u0644\u0641\u064a\u0646\u064a\u0644 \u0645\u062a\u0639\u062f\u062f \u0627\u0644\u0643\u0644\u0648\u0631 \u0627\u0644\u0623\u0633\u0627\u0633\u064a:<\/strong> 5 \u0645\u0645<\/p>","protected":false},"featured_media":6866,"template":"","meta":{"_joinchat":[]},"product_brand":[],"product_cat":[109,3336],"product_tag":[2411,3179,3178,131],"class_list":{"0":"post-6874","1":"product","2":"type-product","3":"status-publish","4":"has-post-thumbnail","6":"product_cat-aydinlatma-urunleri","7":"product_cat-sabit-gerilim-serit-led","8":"product_tag-led-bar","9":"product_tag-led-bar-aydinlatma","10":"product_tag-led-bar-sp70","11":"product_tag-sp70","12":"pa_gucgirisi-12vdc","13":"pa_gucgirisi-24vdc","14":"pa_isikrengi-3000kelvin","15":"pa_isikrengi-4000kelvin","16":"pa_isikrengi-6500kelvin","17":"pa_ledmiktari-120-led","18":"pa_tabanpcbolculeri-5mm-led","20":"first","21":"instock","22":"sale","23":"taxable","24":"shipping-taxable","25":"purchasable","26":"product-type-simple","27":"customify-col","28":"product-has-gallery"},"yoast_head":"<!-- This site is optimized with the Yoast SEO plugin v27.2 - https:\/\/yoast.com\/product\/yoast-seo-wordpress\/ -->\n<title>BAR-LUN-79 \u015eerit LED 5MM<\/title>\n<meta name=\"description\" content=\"BAR-LUN-79 \u015ferit LED 5mm ince bir yap\u0131ya sahiptir. Bu \u00fcr\u00fcn\u00fc i\u00e7 mekanda zarif dekoratif uygulamalarda kullanabilirsiniz. Profil i\u00e7erisine de koyabilirsiniz.\" \/>\n<meta name=\"robots\" content=\"index, follow, max-snippet:-1, max-image-preview:large, max-video-preview:-1\" \/>\n<link rel=\"canonical\" href=\"https:\/\/cubukled.com\/ar\/bar-lun-79-serit-led\/\" \/>\n<meta property=\"og:locale\" content=\"ar_AR\" \/>\n<meta property=\"og:type\" content=\"article\" \/>\n<meta property=\"og:title\" content=\"BAR-LUN-79 \u015eerit LED 5MM\" \/>\n<meta property=\"og:description\" content=\"BAR-LUN-79 \u015ferit LED 5mm ince bir yap\u0131ya sahiptir. Bu \u00fcr\u00fcn\u00fc i\u00e7 mekanda zarif dekoratif uygulamalarda kullanabilirsiniz. Profil i\u00e7erisine de koyabilirsiniz.\" \/>\n<meta property=\"og:url\" content=\"https:\/\/cubukled.com\/ar\/bar-lun-79-serit-led\/\" \/>\n<meta property=\"og:site_name\" content=\"\u00c7ubuk LED\" \/>\n<meta property=\"article:publisher\" content=\"https:\/\/www.facebook.com\/cubukled\" \/>\n<meta property=\"article:modified_time\" content=\"2026-01-20T07:44:42+00:00\" \/>\n<meta property=\"og:image\" content=\"https:\/\/cubukled.com\/wp-content\/uploads\/2026\/01\/bar-lun-serit-led.jpg\" \/>\n\t<meta property=\"og:image:width\" content=\"1000\" \/>\n\t<meta property=\"og:image:height\" content=\"1000\" \/>\n\t<meta property=\"og:image:type\" content=\"image\/jpeg\" \/>\n<meta name=\"twitter:card\" content=\"summary_large_image\" \/>\n<meta name=\"twitter:site\" content=\"@cubukled\" \/>\n<meta name=\"twitter:label1\" content=\"\u0648\u0642\u062a \u0627\u0644\u0642\u0631\u0627\u0621\u0629 \u0627\u0644\u0645\u064f\u0642\u062f\u0651\u0631\" \/>\n\t<meta name=\"twitter:data1\" content=\"3 \u062f\u0642\u0627\u0626\u0642\" \/>\n<script type=\"application\/ld+json\" class=\"yoast-schema-graph\">{\"@context\":\"https:\/\/schema.org\",\"@graph\":[{\"@type\":[\"WebPage\",\"ItemPage\"],\"@id\":\"https:\/\/cubukled.com\/bar-lun-79-serit-led\/\",\"url\":\"https:\/\/cubukled.com\/bar-lun-79-serit-led\/\",\"name\":\"BAR-LUN-79 \u015eerit LED 5MM\",\"isPartOf\":{\"@id\":\"https:\/\/cubukled.com\/#website\"},\"primaryImageOfPage\":{\"@id\":\"https:\/\/cubukled.com\/bar-lun-79-serit-led\/#primaryimage\"},\"image\":{\"@id\":\"https:\/\/cubukled.com\/bar-lun-79-serit-led\/#primaryimage\"},\"thumbnailUrl\":\"https:\/\/cubukled.com\/wp-content\/uploads\/2026\/01\/bar-lun-serit-led.jpg\",\"datePublished\":\"2026-01-07T09:02:13+00:00\",\"dateModified\":\"2026-01-20T07:44:42+00:00\",\"description\":\"BAR-LUN-79 \u015ferit LED 5mm ince bir yap\u0131ya sahiptir. Bu \u00fcr\u00fcn\u00fc i\u00e7 mekanda zarif dekoratif uygulamalarda kullanabilirsiniz. Profil i\u00e7erisine de koyabilirsiniz.\",\"breadcrumb\":{\"@id\":\"https:\/\/cubukled.com\/bar-lun-79-serit-led\/#breadcrumb\"},\"inLanguage\":\"ar\",\"potentialAction\":[{\"@type\":\"ReadAction\",\"target\":[\"https:\/\/cubukled.com\/bar-lun-79-serit-led\/\"]}]},{\"@type\":\"ImageObject\",\"inLanguage\":\"ar\",\"@id\":\"https:\/\/cubukled.com\/bar-lun-79-serit-led\/#primaryimage\",\"url\":\"https:\/\/cubukled.com\/wp-content\/uploads\/2026\/01\/bar-lun-serit-led.jpg\",\"contentUrl\":\"https:\/\/cubukled.com\/wp-content\/uploads\/2026\/01\/bar-lun-serit-led.jpg\",\"width\":1000,\"height\":1000,\"caption\":\"BAR-LUN \u015ferit led\"},{\"@type\":\"BreadcrumbList\",\"@id\":\"https:\/\/cubukled.com\/bar-lun-79-serit-led\/#breadcrumb\",\"itemListElement\":[{\"@type\":\"ListItem\",\"position\":1,\"name\":\"Ana sayfa\",\"item\":\"https:\/\/cubukled.com\/\"},{\"@type\":\"ListItem\",\"position\":2,\"name\":\"Ma\u011faza\",\"item\":\"https:\/\/cubukled.com\/magaza\/\"},{\"@type\":\"ListItem\",\"position\":3,\"name\":\"BAR-LUN-79 \u015eerit LED &#8211; Ultra \u0130nce 5mm\"}]},{\"@type\":\"WebSite\",\"@id\":\"https:\/\/cubukled.com\/#website\",\"url\":\"https:\/\/cubukled.com\/\",\"name\":\"\u00c7ubuk LED\",\"description\":\"Cephe Ayd\u0131nlatma, Ayd\u0131nlatma Tasar\u0131m\u0131, D\u0131\u015f Mekan Animasyon Sistemleri, RGB DMX Cephe LED Animasyon\",\"publisher\":{\"@id\":\"https:\/\/cubukled.com\/#organization\"},\"alternateName\":\"cubukled\",\"potentialAction\":[{\"@type\":\"SearchAction\",\"target\":{\"@type\":\"EntryPoint\",\"urlTemplate\":\"https:\/\/cubukled.com\/?s={search_term_string}\"},\"query-input\":{\"@type\":\"PropertyValueSpecification\",\"valueRequired\":true,\"valueName\":\"search_term_string\"}}],\"inLanguage\":\"ar\"},{\"@type\":\"Organization\",\"@id\":\"https:\/\/cubukled.com\/#organization\",\"name\":\"\u00c7ubuk LED\",\"alternateName\":\"cubukled\",\"url\":\"https:\/\/cubukled.com\/\",\"logo\":{\"@type\":\"ImageObject\",\"inLanguage\":\"ar\",\"@id\":\"https:\/\/cubukled.com\/#\/schema\/logo\/image\/\",\"url\":\"https:\/\/cubukled.com\/wp-content\/uploads\/2020\/06\/cubukled-logo.jpeg\",\"contentUrl\":\"https:\/\/cubukled.com\/wp-content\/uploads\/2020\/06\/cubukled-logo.jpeg\",\"width\":1169,\"height\":669,\"caption\":\"\u00c7ubuk LED\"},\"image\":{\"@id\":\"https:\/\/cubukled.com\/#\/schema\/logo\/image\/\"},\"sameAs\":[\"https:\/\/www.facebook.com\/cubukled\",\"https:\/\/x.com\/cubukled\",\"https:\/\/tr.pinterest.com\/Cubuk_Led\/\",\"https:\/\/www.instagram.com\/cubukled\/\",\"https:\/\/www.linkedin.com\/company\/cubukled\",\"https:\/\/www.threads.net\/@cubukled\",\"https:\/\/www.youtube.com\/@cubukled\",\"https:\/\/twitter.com\/cubukled\"]}]}<\/script>\n<!-- \/ Yoast SEO plugin. -->","yoast_head_json":{"title":"\u0634\u0631\u064a\u0637 \u0625\u0636\u0627\u0621\u0629 LED BAR-LUN-79 \u0628\u0633\u0645\u0643 5 \u0645\u0645","description":"BAR-LUN-79 \u015ferit LED 5mm ince bir yap\u0131ya sahiptir. Bu \u00fcr\u00fcn\u00fc i\u00e7 mekanda zarif dekoratif uygulamalarda kullanabilirsiniz. Profil i\u00e7erisine de koyabilirsiniz.","robots":{"index":"index","follow":"follow","max-snippet":"max-snippet:-1","max-image-preview":"max-image-preview:large","max-video-preview":"max-video-preview:-1"},"canonical":"https:\/\/cubukled.com\/ar\/bar-lun-79-serit-led\/","og_locale":"ar_AR","og_type":"article","og_title":"BAR-LUN-79 \u015eerit LED 5MM","og_description":"BAR-LUN-79 \u015ferit LED 5mm ince bir yap\u0131ya sahiptir. Bu \u00fcr\u00fcn\u00fc i\u00e7 mekanda zarif dekoratif uygulamalarda kullanabilirsiniz. Profil i\u00e7erisine de koyabilirsiniz.","og_url":"https:\/\/cubukled.com\/ar\/bar-lun-79-serit-led\/","og_site_name":"\u00c7ubuk LED","article_publisher":"https:\/\/www.facebook.com\/cubukled","article_modified_time":"2026-01-20T07:44:42+00:00","og_image":[{"width":1000,"height":1000,"url":"https:\/\/cubukled.com\/wp-content\/uploads\/2026\/01\/bar-lun-serit-led.jpg","type":"image\/jpeg"}],"twitter_card":"summary_large_image","twitter_site":"@cubukled","twitter_misc":{"\u0648\u0642\u062a \u0627\u0644\u0642\u0631\u0627\u0621\u0629 \u0627\u0644\u0645\u064f\u0642\u062f\u0651\u0631":"3 \u062f\u0642\u0627\u0626\u0642"},"schema":{"@context":"https:\/\/schema.org","@graph":[{"@type":["WebPage","ItemPage"],"@id":"https:\/\/cubukled.com\/bar-lun-79-serit-led\/","url":"https:\/\/cubukled.com\/bar-lun-79-serit-led\/","name":"\u0634\u0631\u064a\u0637 \u0625\u0636\u0627\u0621\u0629 LED BAR-LUN-79 \u0628\u0633\u0645\u0643 5 \u0645\u0645","isPartOf":{"@id":"https:\/\/cubukled.com\/#website"},"primaryImageOfPage":{"@id":"https:\/\/cubukled.com\/bar-lun-79-serit-led\/#primaryimage"},"image":{"@id":"https:\/\/cubukled.com\/bar-lun-79-serit-led\/#primaryimage"},"thumbnailUrl":"https:\/\/cubukled.com\/wp-content\/uploads\/2026\/01\/bar-lun-serit-led.jpg","datePublished":"2026-01-07T09:02:13+00:00","dateModified":"2026-01-20T07:44:42+00:00","description":"BAR-LUN-79 \u015ferit LED 5mm ince bir yap\u0131ya sahiptir. Bu \u00fcr\u00fcn\u00fc i\u00e7 mekanda zarif dekoratif uygulamalarda kullanabilirsiniz. Profil i\u00e7erisine de koyabilirsiniz.","breadcrumb":{"@id":"https:\/\/cubukled.com\/bar-lun-79-serit-led\/#breadcrumb"},"inLanguage":"ar","potentialAction":[{"@type":"ReadAction","target":["https:\/\/cubukled.com\/bar-lun-79-serit-led\/"]}]},{"@type":"ImageObject","inLanguage":"ar","@id":"https:\/\/cubukled.com\/bar-lun-79-serit-led\/#primaryimage","url":"https:\/\/cubukled.com\/wp-content\/uploads\/2026\/01\/bar-lun-serit-led.jpg","contentUrl":"https:\/\/cubukled.com\/wp-content\/uploads\/2026\/01\/bar-lun-serit-led.jpg","width":1000,"height":1000,"caption":"BAR-LUN \u015ferit led"},{"@type":"BreadcrumbList","@id":"https:\/\/cubukled.com\/bar-lun-79-serit-led\/#breadcrumb","itemListElement":[{"@type":"ListItem","position":1,"name":"Ana sayfa","item":"https:\/\/cubukled.com\/"},{"@type":"ListItem","position":2,"name":"Ma\u011faza","item":"https:\/\/cubukled.com\/magaza\/"},{"@type":"ListItem","position":3,"name":"BAR-LUN-79 \u015eerit LED &#8211; Ultra \u0130nce 5mm"}]},{"@type":"WebSite","@id":"https:\/\/cubukled.com\/#website","url":"https:\/\/cubukled.com\/","name":"\u0642\u0636\u064a\u0628 \u0627\u0644\u0635\u0645\u0627\u0645 \u0627\u0644\u062b\u0646\u0627\u0626\u064a \u0627\u0644\u0628\u0627\u0639\u062b \u0644\u0644\u0636\u0648\u0621","description":"\u0625\u0636\u0627\u0621\u0629 \u0627\u0644\u0648\u0627\u062c\u0647\u0627\u062a\u060c \u062a\u0635\u0645\u064a\u0645 \u0627\u0644\u0625\u0636\u0627\u0621\u0629\u060c \u0623\u0646\u0638\u0645\u0629 \u0627\u0644\u0631\u0633\u0648\u0645 \u0627\u0644\u0645\u062a\u062d\u0631\u0643\u0629 \u0627\u0644\u062e\u0627\u0631\u062c\u064a\u0629\u060c \u0631\u0633\u0648\u0645 \u0645\u062a\u062d\u0631\u0643\u0629 \u0644\u0644\u0648\u0627\u062c\u0647\u0629 RGB DMX LED \u0644\u0644\u0648\u0627\u062c\u0647\u0629","publisher":{"@id":"https:\/\/cubukled.com\/#organization"},"alternateName":"cubukled","potentialAction":[{"@type":"SearchAction","target":{"@type":"EntryPoint","urlTemplate":"https:\/\/cubukled.com\/?s={search_term_string}"},"query-input":{"@type":"PropertyValueSpecification","valueRequired":true,"valueName":"search_term_string"}}],"inLanguage":"ar"},{"@type":"Organization","@id":"https:\/\/cubukled.com\/#organization","name":"\u0642\u0636\u064a\u0628 \u0627\u0644\u0635\u0645\u0627\u0645 \u0627\u0644\u062b\u0646\u0627\u0626\u064a \u0627\u0644\u0628\u0627\u0639\u062b \u0644\u0644\u0636\u0648\u0621","alternateName":"cubukled","url":"https:\/\/cubukled.com\/","logo":{"@type":"ImageObject","inLanguage":"ar","@id":"https:\/\/cubukled.com\/#\/schema\/logo\/image\/","url":"https:\/\/cubukled.com\/wp-content\/uploads\/2020\/06\/cubukled-logo.jpeg","contentUrl":"https:\/\/cubukled.com\/wp-content\/uploads\/2020\/06\/cubukled-logo.jpeg","width":1169,"height":669,"caption":"\u00c7ubuk LED"},"image":{"@id":"https:\/\/cubukled.com\/#\/schema\/logo\/image\/"},"sameAs":["https:\/\/www.facebook.com\/cubukled","https:\/\/x.com\/cubukled","https:\/\/tr.pinterest.com\/Cubuk_Led\/","https:\/\/www.instagram.com\/cubukled\/","https:\/\/www.linkedin.com\/company\/cubukled","https:\/\/www.threads.net\/@cubukled","https:\/\/www.youtube.com\/@cubukled","https:\/\/twitter.com\/cubukled"]}]}},"_links":{"self":[{"href":"https:\/\/cubukled.com\/ar\/wp-json\/wp\/v2\/product\/6874","targetHints":{"allow":["GET"]}}],"collection":[{"href":"https:\/\/cubukled.com\/ar\/wp-json\/wp\/v2\/product"}],"about":[{"href":"https:\/\/cubukled.com\/ar\/wp-json\/wp\/v2\/types\/product"}],"wp:featuredmedia":[{"embeddable":true,"href":"https:\/\/cubukled.com\/ar\/wp-json\/wp\/v2\/media\/6866"}],"wp:attachment":[{"href":"https:\/\/cubukled.com\/ar\/wp-json\/wp\/v2\/media?parent=6874"}],"wp:term":[{"taxonomy":"product_brand","embeddable":true,"href":"https:\/\/cubukled.com\/ar\/wp-json\/wp\/v2\/product_brand?post=6874"},{"taxonomy":"product_cat","embeddable":true,"href":"https:\/\/cubukled.com\/ar\/wp-json\/wp\/v2\/product_cat?post=6874"},{"taxonomy":"product_tag","embeddable":true,"href":"https:\/\/cubukled.com\/ar\/wp-json\/wp\/v2\/product_tag?post=6874"}],"curies":[{"name":"wp","href":"https:\/\/api.w.org\/{rel}","templated":true}]}}