{"id":6834,"date":"2026-01-07T10:38:52","date_gmt":"2026-01-07T07:38:52","guid":{"rendered":"https:\/\/cubukled.com\/?post_type=product&#038;p=6834"},"modified":"2026-01-21T11:53:43","modified_gmt":"2026-01-21T08:53:43","slug":"bar-lun-79-led-profil","status":"publish","type":"product","link":"https:\/\/cubukled.com\/ar\/bar-lun-79-led-profil\/","title":{"rendered":"\u0645\u0644\u0641 \u062a\u0639\u0631\u064a\u0641 LED BAR-LUN-79 - \u0631\u0641\u064a\u0639 \u0644\u0644\u063a\u0627\u064a\u0629 7 \u0645\u0645 \u00d7 9 \u0645\u0645"},"content":{"rendered":"<p><strong>\u0645\u0644\u0641 \u062a\u0639\u0631\u064a\u0641 LED BAR-LUN-79<\/strong> \u0645\u0635\u0646\u0648\u0639 \u0645\u0646 \u0645\u0627\u062f\u0629 \u0627\u0644\u0628\u0648\u0644\u064a \u0643\u0631\u0628\u0648\u0646\u0627\u062a\u060c \u0623\u064a \u0623\u0646\u0647 \u0639\u0628\u0627\u0631\u0629 \u0639\u0646 \u0647\u064a\u0643\u0644 \u0628\u0644\u0627\u0633\u062a\u064a\u0643\u064a \u0635\u0644\u0628 \u0645\u0632\u0648\u062f \u0628\u0625\u0636\u0627\u0621\u0629 LED. \u064a\u0645\u0643\u0646\u0643 \u062a\u0631\u0643\u064a\u0628 \u0634\u0631\u0627\u0626\u0637 LED \u0628\u0639\u0631\u0636 5 \u0645\u0645 \u0628\u062f\u0627\u062e\u0644\u0647. \u0648\u0647\u0648 \u0645\u0646\u0627\u0633\u0628 \u0644\u0644\u0639\u062f\u064a\u062f \u0645\u0646 \u0627\u0644\u062a\u0637\u0628\u064a\u0642\u0627\u062a \u0627\u0644\u062f\u0627\u062e\u0644\u064a\u0629 \u0645\u062b\u0644 \u0625\u0636\u0627\u0621\u0629 \u0627\u0644\u0631\u0641\u0648\u0641\u060c \u0648\u0625\u0636\u0627\u0621\u0629 \u0627\u0644\u0637\u0627\u0648\u0644\u0627\u062a\u060c \u0648\u0625\u0636\u0627\u0621\u0629 \u0627\u0644\u0623\u062b\u0627\u062b. \u064a\u062a\u0645\u064a\u0632 \u0628\u0633\u0645\u0643\u0647 \u0627\u0644\u0631\u0642\u064a\u0642 \u0644\u0644\u063a\u0627\u064a\u0629\u060c \u0645\u0645\u0627 \u064a\u062c\u0639\u0644\u0647 \u0644\u0627 \u064a\u0634\u063a\u0644 \u0645\u0633\u0627\u062d\u0629 \u0643\u0628\u064a\u0631\u0629\u060c \u0648\u0633\u0647\u0644 \u0627\u0644\u062a\u0631\u0643\u064a\u0628\u060c \u0648\u0639\u0627\u0644\u064a \u0627\u0644\u0623\u062f\u0627\u0621. \u0647\u064a\u0643\u0644 \u0625\u0636\u0627\u0621\u0629 LED \u0627\u0644\u0645\u0635\u0646\u0648\u0639 \u0645\u0646 \u0627\u0644\u0628\u0648\u0644\u064a \u0643\u0631\u0628\u0648\u0646\u0627\u062a \u0639\u0628\u0627\u0631\u0629 \u0639\u0646 \u0648\u062d\u062f\u0629 \u0645\u062a\u0643\u0627\u0645\u0644\u0629 \u0645\u0646 \u0642\u0637\u0639\u0629 \u0648\u0627\u062d\u062f\u0629\u060c \u0628\u062f\u0648\u0646 \u0623\u063a\u0637\u064a\u0629.<\/p>\n<h2>\u0645\u0644\u0641 \u062a\u0639\u0631\u064a\u0641 \u0645\u0635\u0628\u0627\u062d LED BAR-LUN-79: \u0635\u0646\u062f\u0648\u0642 \u0628\u0644\u0627\u0633\u062a\u064a\u0643\u064a \u0645\u0631\u0628\u0639 \u0641\u0627\u0626\u0642 \u0627\u0644\u0631\u0642\u0629<\/h2>\n<p>\u0628\u0627\u0633\u062a\u062e\u062f\u0627\u0645 \u0647\u0630\u0627 \u0627\u0644\u063a\u0644\u0627\u0641 \u0627\u0644\u0628\u0644\u0627\u0633\u062a\u064a\u0643\u064a \u0644\u0645\u0635\u0627\u0628\u064a\u062d LED\u060c \u064a\u0645\u0643\u0646\u0643 \u0625\u0646\u0634\u0627\u0621 \u0645\u0635\u0627\u0628\u064a\u062d LED \u062e\u0637\u064a\u0629 \u0631\u0641\u064a\u0639\u0629 \u0628\u0634\u0643\u0644 \u0645\u062f\u0647\u0634.<\/p>\n<h3>\u062a\u0641\u0627\u0635\u064a\u0644 \u0647\u064a\u0643\u0644 LED \u0627\u0644\u0646\u062d\u064a\u0641<\/h3>\n<ul>\n<li>\u064a\u062a\u0643\u0648\u0646 \u063a\u0644\u0627\u0641 LED \u0645\u0646 \u063a\u0644\u0627\u0641 \u0628\u0644\u0627\u0633\u062a\u064a\u0643\u064a \u0646\u0627\u0642\u0644 \u0644\u0644\u0636\u0648\u0621.<\/li>\n<li>\u0625\u0646\u0647\u0627 \u0648\u062d\u062f\u0629 \u0645\u062a\u0643\u0627\u0645\u0644\u0629. \u0643\u0645\u0627 \u0623\u0646\u0647\u0627 \u0644\u0627 \u062a\u062a\u0637\u0644\u0628 \u063a\u0637\u0627\u0621\u064b \u062c\u0627\u0646\u0628\u064a\u0627\u064b \u0623\u0648 \u0645\u0648\u0632\u0639 \u0647\u0648\u0627\u0621.<\/li>\n<li>\u0628\u0639\u062f \u062a\u0631\u0643\u064a\u0628 \u0645\u0635\u0628\u0627\u062d LED\u060c \u064a\u0645\u0643\u0646\u0643 \u0648\u0636\u0639 \u0645\u0627\u062f\u0629 \u0645\u0627\u0646\u0639\u0629 \u0644\u0644\u062a\u0633\u0631\u0628 \u0645\u0646 \u0627\u0644\u0633\u064a\u0644\u064a\u0643\u0648\u0646 \u0639\u0644\u0649 \u0627\u0644\u0623\u0637\u0631\u0627\u0641. \u0633\u064a\u062d\u0645\u064a \u0630\u0644\u0643 \u0627\u0644\u0645\u0635\u0628\u0627\u062d \u0645\u0646 \u0627\u0644\u0631\u0637\u0648\u0628\u0629 \u0648\u0627\u0644\u063a\u0628\u0627\u0631 \u0648\u0627\u0644\u0645\u0627\u0621.<\/li>\n<li>\u064a\u062d\u062a\u0648\u064a \u0627\u0644\u0647\u064a\u0643\u0644 \u0639\u0644\u0649 \u0633\u0643\u0629 \u0644\u062a\u062b\u0628\u064a\u062a \u0634\u0631\u064a\u0637 \u0627\u0644\u0625\u0636\u0627\u0621\u0629 LED\u060c \u0645\u0645\u0627 \u064a\u0644\u063a\u064a \u0627\u0644\u062d\u0627\u062c\u0629 \u0625\u0644\u0649 \u0644\u0635\u0642 \u0634\u0631\u064a\u0637 \u0627\u0644\u0625\u0636\u0627\u0621\u0629 LED \u0628\u0627\u0644\u0647\u064a\u0643\u0644.<\/li>\n<\/ul>\n<h3>\u0627\u0644\u0645\u0648\u0627\u0635\u0641\u0627\u062a \u0627\u0644\u0641\u0646\u064a\u0629<\/h3>\n<ul>\n<li>\u064a\u0645\u0643\u0646\u0643 \u0628\u0633\u0647\u0648\u0644\u0629 \u062a\u062b\u0628\u064a\u062a \u0627\u0644\u0642\u0637\u0639\u0629 \u0627\u0644\u0628\u0644\u0627\u0633\u062a\u064a\u0643\u064a\u0629 \u0639\u0644\u0649 \u0633\u0637\u062d \u0623\u0645\u0644\u0633 \u0648\u062e\u0627\u0644\u064d \u0645\u0646 \u0627\u0644\u063a\u0628\u0627\u0631 \u0628\u0627\u0633\u062a\u062e\u062f\u0627\u0645 \u0634\u0631\u064a\u0637 \u0644\u0627\u0635\u0642 \u0645\u0632\u062f\u0648\u062c \u0639\u0627\u0644\u064a \u0627\u0644\u062c\u0648\u062f\u0629. \u0623\u0648 \u064a\u0645\u0643\u0646\u0643 \u0625\u062f\u062e\u0627\u0644\u0647\u0627 \u0628\u0627\u0633\u062a\u062e\u062f\u0627\u0645 \u0645\u0627\u062f\u0629 \u0645\u0627\u0646\u0639\u0629 \u0644\u0644\u062a\u0633\u0631\u0628 \u0645\u0646 \u0627\u0644\u0633\u064a\u0644\u064a\u0643\u0648\u0646 \u0625\u0630\u0627 \u0643\u0627\u0646 \u0647\u0646\u0627\u0643 \u0642\u0646\u0627\u0629 \u0623\u0648 \u062a\u062c\u0648\u064a\u0641 \u0645\u0648\u062c\u0648\u062f \u0645\u0633\u0628\u0642\u064b\u0627.<\/li>\n<li>\u062c\u0633\u0645 \u0627\u0644\u0645\u0646\u062a\u062c \u0645\u0635\u0646\u0648\u0639 \u0645\u0646 \u0645\u0627\u062f\u0629 \u0628\u0644\u0627\u0633\u062a\u064a\u0643\u064a\u0629 \u0635\u0644\u0628\u0629 \u062a\u0639\u0645\u0644 \u0639\u0644\u0649 \u062a\u0648\u062d\u064a\u062f \u0627\u0644\u0636\u0648\u0621.<\/li>\n<li>\u0639\u0627\u062f\u0629 \u0645\u0627 \u064a\u062a\u0645 \u0634\u062d\u0646\u0647\u0627 \u0628\u0623\u0637\u0648\u0627\u0644 \u062a\u0635\u0644 \u0625\u0644\u0649 3 \u0623\u0645\u062a\u0627\u0631.<\/li>\n<li>\u064a\u0645\u0643\u0646\u0643 \u062a\u0631\u0643\u064a\u0628 \u0634\u0631\u0627\u0626\u0637 LED \u0639\u0627\u0644\u064a\u0629 \u0627\u0644\u062c\u0648\u062f\u0629 \u0628\u0642\u064a\u0627\u0633 5 \u0645\u0645\u060c 12 \u0641\u0648\u0644\u062a \u062a\u064a\u0627\u0631 \u0645\u0633\u062a\u0645\u0631 \u0623\u0648 24 \u0641\u0648\u0644\u062a \u062a\u064a\u0627\u0631 \u0645\u0633\u062a\u0645\u0631 \u0628\u0623\u0644\u0648\u0627\u0646 \u0625\u0636\u0627\u0621\u0629 3000 \u0643\u0644\u0641\u0646\u060c 4000 \u0643\u0644\u0641\u0646\u060c \u0648 6500 \u0643\u0644\u0641\u0646 \u0641\u064a \u0627\u0644\u062f\u0627\u062e\u0644.<\/li>\n<\/ul>\n<p><span style=\"font-size: 16px;\">\u064a\u0631\u062c\u0649 \u0627\u0644\u062a\u062d\u0642\u0642 \u0645\u0646 \u0627\u0644\u0645\u062e\u0632\u0648\u0646 \u0648\u0627\u0644\u0623\u0633\u0639\u0627\u0631. <\/span><a style=\"font-size: 16px;\" href=\"https:\/\/cubukled.com\/ar\/cubuk-led-iletisim\/\">\u064a\u0631\u062c\u0649 \u0627\u0644\u0627\u062a\u0635\u0627\u0644 \u0628\u0646\u0627<\/a><span style=\"font-size: 16px;\">.<\/span><\/p>","protected":false},"excerpt":{"rendered":"<p><em><strong>*\u0645\u0644\u062d\u0648\u0638\u0627\u062a:<\/strong> \u064a\u062a\u0645 \u062a\u062d\u062f\u064a\u062f \u0627\u0644\u0633\u0639\u0631 \u0628\u0646\u0627\u0621\u064b \u0639\u0644\u0649 \u0627\u0644\u0645\u0634\u0631\u0648\u0639. \u0644\u0645\u0632\u064a\u062f \u0645\u0646 \u0627\u0644\u062a\u0641\u0627\u0635\u064a\u0644\u060c \u064a\u0631\u062c\u0649 \u0627\u0644\u062a\u0648\u0627\u0635\u0644 \u0645\u0639\u0646\u0627. <a href=\"https:\/\/cubukled.com\/ar\/cubuk-led-iletisim\/\">\u064a\u0631\u062c\u0649 \u0627\u0644\u0627\u062a\u0635\u0627\u0644 \u0628\u0646\u0627.<\/a><\/em><\/p>\n<p><strong>\u0623\u0628\u0639\u0627\u062f:<\/strong> 7 \u0645\u0645 \u00d7 9 \u0645\u0645<\/p>\n<p><strong>\u0637\u0648\u0644:<\/strong> \u0627\u0644\u062d\u062f \u0627\u0644\u0623\u0642\u0635\u0649 3 \u0623\u0645\u062a\u0627\u0631<\/p>\n<p><strong>\u0627\u0644\u0627\u0633\u062a\u062e\u062f\u0627\u0645:<\/strong>\u00a0\u0627\u0644\u0635\u0645\u0627\u0645 \u0627\u0644\u062b\u0646\u0627\u0626\u064a \u0627\u0644\u0628\u0627\u0639\u062b \u0644\u0644\u0636\u0648\u0621 \u0627\u0644\u062e\u0637\u064a<\/p>\n<p><strong>\u0627\u0644\u062c\u0633\u0645:<\/strong> \u0647\u064a\u0643\u0644 \u0628\u0644\u0627\u0633\u062a\u064a\u0643\u064a\/\u0628\u0648\u0644\u064a \u0643\u0631\u0628\u0648\u0646\u0627\u062a<\/p>\n<p><strong>\u0645\u062d\u062a\u0648\u064a\u0627\u062a:<\/strong> \u0645\u0646\u062a\u062c \u0645\u0646 \u0642\u0637\u0639\u0629 \u0648\u0627\u062d\u062f\u0629 \u0645\u0632\u0648\u062f \u0628\u0645\u0646\u0641\u0630 \u0644\u0644\u0643\u0627\u0628\u0644.<\/p>","protected":false},"featured_media":6835,"template":"","meta":{"_joinchat":[]},"product_brand":[],"product_cat":[109,3409],"product_tag":[3320,3313,3314,3321,2596,3311,3319,3318,3312,3317,2654,3316,3315],"class_list":{"0":"post-6834","1":"product","2":"type-product","3":"status-publish","4":"has-post-thumbnail","6":"product_cat-aydinlatma-urunleri","7":"product_cat-plastik-led-profilleri","8":"product_tag-cekmece-aydinlatma","9":"product_tag-dolap-alti-aydinlatma","10":"product_tag-dolap-aydinlatma","11":"product_tag-dolap-ic-aydinlatma","12":"product_tag-dolap-ici-aydinlatma","13":"product_tag-ince-led","14":"product_tag-kitaplik-aydinlatma","15":"product_tag-kutuphane-aydinlatma","16":"product_tag-mobilya-aydinlatma","17":"product_tag-mutfak-aydinlatma","18":"product_tag-raf-aydinlatma","19":"product_tag-tezgah-alti-aydinlatma","20":"product_tag-tezgah-ustu-aydinlatma","22":"first","23":"instock","24":"sale","25":"taxable","26":"shipping-taxable","27":"purchasable","28":"product-type-simple","29":"customify-col","30":"product-has-gallery"},"yoast_head":"<!-- This site is optimized with the Yoast SEO plugin v27.2 - https:\/\/yoast.com\/product\/yoast-seo-wordpress\/ -->\n<title>BAR-LUN-79 LED Profil - Ultra \u0130nce 7mm x 9mm<\/title>\n<meta name=\"description\" content=\"BAR-LUN-79 LED profil polikarbon g\u00f6vdeye sahiptir. Yekpare \u015fekildedir. 5mm \u015ferit led i\u00e7in uygundur. Geni\u015flik 7mm ve y\u00fckseklik 9mm \u015feklindedir.\" \/>\n<meta name=\"robots\" content=\"index, follow, max-snippet:-1, max-image-preview:large, max-video-preview:-1\" \/>\n<link rel=\"canonical\" href=\"https:\/\/cubukled.com\/ar\/bar-lun-79-led-profil\/\" \/>\n<meta property=\"og:locale\" content=\"ar_AR\" \/>\n<meta property=\"og:type\" content=\"article\" \/>\n<meta property=\"og:title\" content=\"BAR-LUN-79 LED Profil - Ultra \u0130nce 7mm x 9mm\" \/>\n<meta property=\"og:description\" content=\"BAR-LUN-79 LED profil polikarbon g\u00f6vdeye sahiptir. Yekpare \u015fekildedir. 5mm \u015ferit led i\u00e7in uygundur. Geni\u015flik 7mm ve y\u00fckseklik 9mm \u015feklindedir.\" \/>\n<meta property=\"og:url\" content=\"https:\/\/cubukled.com\/ar\/bar-lun-79-led-profil\/\" \/>\n<meta property=\"og:site_name\" content=\"\u00c7ubuk LED\" \/>\n<meta property=\"article:publisher\" content=\"https:\/\/www.facebook.com\/cubukled\" \/>\n<meta property=\"article:modified_time\" content=\"2026-01-21T08:53:43+00:00\" \/>\n<meta property=\"og:image\" content=\"https:\/\/cubukled.com\/wp-content\/uploads\/2026\/01\/bar-lun-79-led-profil.jpg\" \/>\n\t<meta property=\"og:image:width\" content=\"1000\" \/>\n\t<meta property=\"og:image:height\" content=\"1000\" \/>\n\t<meta property=\"og:image:type\" content=\"image\/jpeg\" \/>\n<meta name=\"twitter:card\" content=\"summary_large_image\" \/>\n<meta name=\"twitter:site\" content=\"@cubukled\" \/>\n<meta name=\"twitter:label1\" content=\"\u0648\u0642\u062a \u0627\u0644\u0642\u0631\u0627\u0621\u0629 \u0627\u0644\u0645\u064f\u0642\u062f\u0651\u0631\" \/>\n\t<meta name=\"twitter:data1\" content=\"\u062f\u0642\u064a\u0642\u062a\u0627\u0646\" \/>\n<script type=\"application\/ld+json\" class=\"yoast-schema-graph\">{\"@context\":\"https:\/\/schema.org\",\"@graph\":[{\"@type\":[\"WebPage\",\"ItemPage\"],\"@id\":\"https:\/\/cubukled.com\/bar-lun-79-led-profil\/\",\"url\":\"https:\/\/cubukled.com\/bar-lun-79-led-profil\/\",\"name\":\"BAR-LUN-79 LED Profil - Ultra \u0130nce 7mm x 9mm\",\"isPartOf\":{\"@id\":\"https:\/\/cubukled.com\/#website\"},\"primaryImageOfPage\":{\"@id\":\"https:\/\/cubukled.com\/bar-lun-79-led-profil\/#primaryimage\"},\"image\":{\"@id\":\"https:\/\/cubukled.com\/bar-lun-79-led-profil\/#primaryimage\"},\"thumbnailUrl\":\"https:\/\/cubukled.com\/wp-content\/uploads\/2026\/01\/bar-lun-79-led-profil.jpg\",\"datePublished\":\"2026-01-07T07:38:52+00:00\",\"dateModified\":\"2026-01-21T08:53:43+00:00\",\"description\":\"BAR-LUN-79 LED profil polikarbon g\u00f6vdeye sahiptir. Yekpare \u015fekildedir. 5mm \u015ferit led i\u00e7in uygundur. Geni\u015flik 7mm ve y\u00fckseklik 9mm \u015feklindedir.\",\"breadcrumb\":{\"@id\":\"https:\/\/cubukled.com\/bar-lun-79-led-profil\/#breadcrumb\"},\"inLanguage\":\"ar\",\"potentialAction\":[{\"@type\":\"ReadAction\",\"target\":[\"https:\/\/cubukled.com\/bar-lun-79-led-profil\/\"]}]},{\"@type\":\"ImageObject\",\"inLanguage\":\"ar\",\"@id\":\"https:\/\/cubukled.com\/bar-lun-79-led-profil\/#primaryimage\",\"url\":\"https:\/\/cubukled.com\/wp-content\/uploads\/2026\/01\/bar-lun-79-led-profil.jpg\",\"contentUrl\":\"https:\/\/cubukled.com\/wp-content\/uploads\/2026\/01\/bar-lun-79-led-profil.jpg\",\"width\":1000,\"height\":1000,\"caption\":\"BAR-LUN-79 LED Profil\"},{\"@type\":\"BreadcrumbList\",\"@id\":\"https:\/\/cubukled.com\/bar-lun-79-led-profil\/#breadcrumb\",\"itemListElement\":[{\"@type\":\"ListItem\",\"position\":1,\"name\":\"Ana sayfa\",\"item\":\"https:\/\/cubukled.com\/\"},{\"@type\":\"ListItem\",\"position\":2,\"name\":\"Ma\u011faza\",\"item\":\"https:\/\/cubukled.com\/magaza\/\"},{\"@type\":\"ListItem\",\"position\":3,\"name\":\"BAR-LUN-79 LED Profil &#8211; Ultra \u0130nce 7mmx9mm\"}]},{\"@type\":\"WebSite\",\"@id\":\"https:\/\/cubukled.com\/#website\",\"url\":\"https:\/\/cubukled.com\/\",\"name\":\"\u00c7ubuk LED\",\"description\":\"Cephe Ayd\u0131nlatma, Ayd\u0131nlatma Tasar\u0131m\u0131, D\u0131\u015f Mekan Animasyon Sistemleri, RGB DMX Cephe LED Animasyon\",\"publisher\":{\"@id\":\"https:\/\/cubukled.com\/#organization\"},\"alternateName\":\"cubukled\",\"potentialAction\":[{\"@type\":\"SearchAction\",\"target\":{\"@type\":\"EntryPoint\",\"urlTemplate\":\"https:\/\/cubukled.com\/?s={search_term_string}\"},\"query-input\":{\"@type\":\"PropertyValueSpecification\",\"valueRequired\":true,\"valueName\":\"search_term_string\"}}],\"inLanguage\":\"ar\"},{\"@type\":\"Organization\",\"@id\":\"https:\/\/cubukled.com\/#organization\",\"name\":\"\u00c7ubuk LED\",\"alternateName\":\"cubukled\",\"url\":\"https:\/\/cubukled.com\/\",\"logo\":{\"@type\":\"ImageObject\",\"inLanguage\":\"ar\",\"@id\":\"https:\/\/cubukled.com\/#\/schema\/logo\/image\/\",\"url\":\"https:\/\/cubukled.com\/wp-content\/uploads\/2020\/06\/cubukled-logo.jpeg\",\"contentUrl\":\"https:\/\/cubukled.com\/wp-content\/uploads\/2020\/06\/cubukled-logo.jpeg\",\"width\":1169,\"height\":669,\"caption\":\"\u00c7ubuk LED\"},\"image\":{\"@id\":\"https:\/\/cubukled.com\/#\/schema\/logo\/image\/\"},\"sameAs\":[\"https:\/\/www.facebook.com\/cubukled\",\"https:\/\/x.com\/cubukled\",\"https:\/\/tr.pinterest.com\/Cubuk_Led\/\",\"https:\/\/www.instagram.com\/cubukled\/\",\"https:\/\/www.linkedin.com\/company\/cubukled\",\"https:\/\/www.threads.net\/@cubukled\",\"https:\/\/www.youtube.com\/@cubukled\",\"https:\/\/twitter.com\/cubukled\"]}]}<\/script>\n<!-- \/ Yoast SEO plugin. -->","yoast_head_json":{"title":"BAR-LUN-79 LED Profil - Ultra \u0130nce 7mm x 9mm","description":"BAR-LUN-79 LED profil polikarbon g\u00f6vdeye sahiptir. Yekpare \u015fekildedir. 5mm \u015ferit led i\u00e7in uygundur. Geni\u015flik 7mm ve y\u00fckseklik 9mm \u015feklindedir.","robots":{"index":"index","follow":"follow","max-snippet":"max-snippet:-1","max-image-preview":"max-image-preview:large","max-video-preview":"max-video-preview:-1"},"canonical":"https:\/\/cubukled.com\/ar\/bar-lun-79-led-profil\/","og_locale":"ar_AR","og_type":"article","og_title":"BAR-LUN-79 LED Profil - Ultra \u0130nce 7mm x 9mm","og_description":"BAR-LUN-79 LED profil polikarbon g\u00f6vdeye sahiptir. Yekpare \u015fekildedir. 5mm \u015ferit led i\u00e7in uygundur. Geni\u015flik 7mm ve y\u00fckseklik 9mm \u015feklindedir.","og_url":"https:\/\/cubukled.com\/ar\/bar-lun-79-led-profil\/","og_site_name":"\u00c7ubuk LED","article_publisher":"https:\/\/www.facebook.com\/cubukled","article_modified_time":"2026-01-21T08:53:43+00:00","og_image":[{"width":1000,"height":1000,"url":"https:\/\/cubukled.com\/wp-content\/uploads\/2026\/01\/bar-lun-79-led-profil.jpg","type":"image\/jpeg"}],"twitter_card":"summary_large_image","twitter_site":"@cubukled","twitter_misc":{"\u0648\u0642\u062a \u0627\u0644\u0642\u0631\u0627\u0621\u0629 \u0627\u0644\u0645\u064f\u0642\u062f\u0651\u0631":"\u062f\u0642\u064a\u0642\u062a\u0627\u0646"},"schema":{"@context":"https:\/\/schema.org","@graph":[{"@type":["WebPage","ItemPage"],"@id":"https:\/\/cubukled.com\/bar-lun-79-led-profil\/","url":"https:\/\/cubukled.com\/bar-lun-79-led-profil\/","name":"BAR-LUN-79 LED Profil - Ultra \u0130nce 7mm x 9mm","isPartOf":{"@id":"https:\/\/cubukled.com\/#website"},"primaryImageOfPage":{"@id":"https:\/\/cubukled.com\/bar-lun-79-led-profil\/#primaryimage"},"image":{"@id":"https:\/\/cubukled.com\/bar-lun-79-led-profil\/#primaryimage"},"thumbnailUrl":"https:\/\/cubukled.com\/wp-content\/uploads\/2026\/01\/bar-lun-79-led-profil.jpg","datePublished":"2026-01-07T07:38:52+00:00","dateModified":"2026-01-21T08:53:43+00:00","description":"BAR-LUN-79 LED profil polikarbon g\u00f6vdeye sahiptir. Yekpare \u015fekildedir. 5mm \u015ferit led i\u00e7in uygundur. Geni\u015flik 7mm ve y\u00fckseklik 9mm \u015feklindedir.","breadcrumb":{"@id":"https:\/\/cubukled.com\/bar-lun-79-led-profil\/#breadcrumb"},"inLanguage":"ar","potentialAction":[{"@type":"ReadAction","target":["https:\/\/cubukled.com\/bar-lun-79-led-profil\/"]}]},{"@type":"ImageObject","inLanguage":"ar","@id":"https:\/\/cubukled.com\/bar-lun-79-led-profil\/#primaryimage","url":"https:\/\/cubukled.com\/wp-content\/uploads\/2026\/01\/bar-lun-79-led-profil.jpg","contentUrl":"https:\/\/cubukled.com\/wp-content\/uploads\/2026\/01\/bar-lun-79-led-profil.jpg","width":1000,"height":1000,"caption":"BAR-LUN-79 LED Profil"},{"@type":"BreadcrumbList","@id":"https:\/\/cubukled.com\/bar-lun-79-led-profil\/#breadcrumb","itemListElement":[{"@type":"ListItem","position":1,"name":"Ana sayfa","item":"https:\/\/cubukled.com\/"},{"@type":"ListItem","position":2,"name":"Ma\u011faza","item":"https:\/\/cubukled.com\/magaza\/"},{"@type":"ListItem","position":3,"name":"BAR-LUN-79 LED Profil &#8211; Ultra \u0130nce 7mmx9mm"}]},{"@type":"WebSite","@id":"https:\/\/cubukled.com\/#website","url":"https:\/\/cubukled.com\/","name":"\u0642\u0636\u064a\u0628 \u0627\u0644\u0635\u0645\u0627\u0645 \u0627\u0644\u062b\u0646\u0627\u0626\u064a \u0627\u0644\u0628\u0627\u0639\u062b \u0644\u0644\u0636\u0648\u0621","description":"\u0625\u0636\u0627\u0621\u0629 \u0627\u0644\u0648\u0627\u062c\u0647\u0627\u062a\u060c \u062a\u0635\u0645\u064a\u0645 \u0627\u0644\u0625\u0636\u0627\u0621\u0629\u060c \u0623\u0646\u0638\u0645\u0629 \u0627\u0644\u0631\u0633\u0648\u0645 \u0627\u0644\u0645\u062a\u062d\u0631\u0643\u0629 \u0627\u0644\u062e\u0627\u0631\u062c\u064a\u0629\u060c \u0631\u0633\u0648\u0645 \u0645\u062a\u062d\u0631\u0643\u0629 \u0644\u0644\u0648\u0627\u062c\u0647\u0629 RGB DMX LED \u0644\u0644\u0648\u0627\u062c\u0647\u0629","publisher":{"@id":"https:\/\/cubukled.com\/#organization"},"alternateName":"cubukled","potentialAction":[{"@type":"SearchAction","target":{"@type":"EntryPoint","urlTemplate":"https:\/\/cubukled.com\/?s={search_term_string}"},"query-input":{"@type":"PropertyValueSpecification","valueRequired":true,"valueName":"search_term_string"}}],"inLanguage":"ar"},{"@type":"Organization","@id":"https:\/\/cubukled.com\/#organization","name":"\u0642\u0636\u064a\u0628 \u0627\u0644\u0635\u0645\u0627\u0645 \u0627\u0644\u062b\u0646\u0627\u0626\u064a \u0627\u0644\u0628\u0627\u0639\u062b \u0644\u0644\u0636\u0648\u0621","alternateName":"cubukled","url":"https:\/\/cubukled.com\/","logo":{"@type":"ImageObject","inLanguage":"ar","@id":"https:\/\/cubukled.com\/#\/schema\/logo\/image\/","url":"https:\/\/cubukled.com\/wp-content\/uploads\/2020\/06\/cubukled-logo.jpeg","contentUrl":"https:\/\/cubukled.com\/wp-content\/uploads\/2020\/06\/cubukled-logo.jpeg","width":1169,"height":669,"caption":"\u00c7ubuk LED"},"image":{"@id":"https:\/\/cubukled.com\/#\/schema\/logo\/image\/"},"sameAs":["https:\/\/www.facebook.com\/cubukled","https:\/\/x.com\/cubukled","https:\/\/tr.pinterest.com\/Cubuk_Led\/","https:\/\/www.instagram.com\/cubukled\/","https:\/\/www.linkedin.com\/company\/cubukled","https:\/\/www.threads.net\/@cubukled","https:\/\/www.youtube.com\/@cubukled","https:\/\/twitter.com\/cubukled"]}]}},"_links":{"self":[{"href":"https:\/\/cubukled.com\/ar\/wp-json\/wp\/v2\/product\/6834","targetHints":{"allow":["GET"]}}],"collection":[{"href":"https:\/\/cubukled.com\/ar\/wp-json\/wp\/v2\/product"}],"about":[{"href":"https:\/\/cubukled.com\/ar\/wp-json\/wp\/v2\/types\/product"}],"wp:featuredmedia":[{"embeddable":true,"href":"https:\/\/cubukled.com\/ar\/wp-json\/wp\/v2\/media\/6835"}],"wp:attachment":[{"href":"https:\/\/cubukled.com\/ar\/wp-json\/wp\/v2\/media?parent=6834"}],"wp:term":[{"taxonomy":"product_brand","embeddable":true,"href":"https:\/\/cubukled.com\/ar\/wp-json\/wp\/v2\/product_brand?post=6834"},{"taxonomy":"product_cat","embeddable":true,"href":"https:\/\/cubukled.com\/ar\/wp-json\/wp\/v2\/product_cat?post=6834"},{"taxonomy":"product_tag","embeddable":true,"href":"https:\/\/cubukled.com\/ar\/wp-json\/wp\/v2\/product_tag?post=6834"}],"curies":[{"name":"wp","href":"https:\/\/api.w.org\/{rel}","templated":true}]}}