{"id":4957,"date":"2025-07-25T09:33:08","date_gmt":"2025-07-25T06:33:08","guid":{"rendered":"https:\/\/cubukled.com\/?post_type=product&#038;p=4957"},"modified":"2025-09-09T11:46:54","modified_gmt":"2025-09-09T08:46:54","slug":"ln54","status":"publish","type":"product","link":"https:\/\/cubukled.com\/ar\/ln54\/","title":{"rendered":"\u0625\u0636\u0627\u0621\u0629 \u0648\u0627\u062c\u0647\u0629 LEDLine LN54"},"content":{"rendered":"<p><strong>LN54<\/strong> \u064a\u062a\u0645\u064a\u0632 \u0647\u0630\u0627 \u0627\u0644\u062a\u0635\u0645\u064a\u0645 \u0628\u063a\u0637\u0627\u0621 \u0645\u0648\u0632\u0639 \u0636\u0648\u0621 \u0645\u0633\u0637\u062d\u060c \u0648\u0647\u0648 \u0623\u0628\u0631\u0632 \u0645\u0627 \u064a\u0645\u064a\u0632\u0647. \u0635\u064f\u0645\u0645 \u0647\u0630\u0627 \u0627\u0644\u0637\u0631\u0627\u0632 \u0643\u0628\u062f\u064a\u0644 \u0644\u0644\u0623\u063a\u0637\u064a\u0629 \u0627\u0644\u0645\u0642\u0628\u0628\u0629\u060c \u0648\u064a\u062a\u0645\u064a\u0632 \u0628\u0647\u064a\u0643\u0644 \u0639\u0631\u064a\u0636. \u064a\u064f\u0646\u0627\u0633\u0628 \u0647\u0630\u0627 \u0627\u0644\u0637\u0631\u0627\u0632 \u0627\u0644\u0625\u0636\u0627\u0621\u0629 \u0627\u0644\u062e\u0627\u0631\u062c\u064a\u0629 \u0648\u0627\u0644\u062f\u0627\u062e\u0644\u064a\u0629\u060c \u062d\u064a\u062b \u064a\u0648\u0641\u0631 \u0625\u0636\u0627\u0621\u0629 \u062e\u0637\u064a\u0629 \u0628\u0641\u0636\u0644 \u0647\u064a\u0643\u0644\u0647 \u0627\u0644\u062e\u0637\u064a. \u0643\u0645\u0627 \u064a\u064f\u0642\u062f\u0645 \u062d\u0644\u0648\u0644\u0627\u064b \u0645\u062a\u0646\u0648\u0639\u0629 \u0644\u0644\u0625\u0636\u0627\u0621\u0629 \u0627\u0644\u0645\u0639\u0645\u0627\u0631\u064a\u0629. \u064a\u064f\u0645\u0643\u0646\u0646\u0627 \u062a\u0648\u0641\u064a\u0631 \u0644\u0648\u0646 \u0627\u0644\u063a\u0644\u0627\u0641 \u0648\u0641\u0642\u064b\u0627 \u0644\u0631\u0645\u0632 RAL \u0627\u0644\u0630\u064a \u062a\u062e\u062a\u0627\u0631\u0647 \u0644\u0623\u0637\u0648\u0627\u0644 \u0645\u062d\u062f\u062f\u0629. \u0648\u0628\u0630\u0644\u0643\u060c \u064a\u064f\u0639\u062f \u0637\u0631\u0627\u0632 LEDline\u060c \u0628\u062e\u064a\u0627\u0631\u0627\u062a\u0647 \u0627\u0644\u0642\u0627\u0628\u0644\u0629 \u0644\u0644\u062a\u062e\u0635\u064a\u0635\u060c \u0627\u0644\u062e\u064a\u0627\u0631 \u0627\u0644\u0623\u0645\u062b\u0644 \u0644\u0623\u064a \u0645\u0633\u0627\u062d\u0629.<\/p>\n<h2>\u0646\u0645\u0648\u0630\u062c \u0625\u0636\u0627\u0621\u0629 \u0627\u0644\u0648\u0627\u062c\u0647\u0629 LN54<\/h2>\n<p>\u064a\u062a\u0645\u064a\u0632 \u0647\u0630\u0627 \u0627\u0644\u0645\u0646\u062a\u062c \u0627\u0644\u0645\u0635\u0646\u0648\u0639 \u0645\u0646 \u0627\u0644\u0623\u0644\u0648\u0645\u0646\u064a\u0648\u0645 \u0628\u0645\u062a\u0627\u0646\u062a\u0647 \u0648\u062e\u0641\u0629 \u0648\u0632\u0646\u0647. \u0648\u0645\u0646 \u0645\u0632\u0627\u064a\u0627\u0647 \u0627\u0644\u0623\u062e\u0631\u0649 \u0642\u062f\u0631\u062a\u0647 \u0639\u0644\u0649 \u0627\u0644\u062a\u0628\u0631\u064a\u062f\u060c \u062d\u064a\u062b \u064a\u064f\u0637\u064a\u0644 \u0646\u0638\u0627\u0645 \u0627\u0644\u062a\u0628\u0631\u064a\u062f \u0627\u0644\u0637\u0628\u064a\u0639\u064a \u0639\u0645\u0631 \u0645\u0635\u0627\u0628\u064a\u062d LED. \u0625\u0636\u0627\u0641\u0629\u064b \u0625\u0644\u0649 \u0630\u0644\u0643\u060c \u062a\u0648\u062c\u062f \u0642\u0646\u0627\u0629 \u0641\u0627\u0631\u063a\u0629 \u0623\u0633\u0641\u0644 \u0647\u064a\u0643\u0644 \u0627\u0644\u0623\u0644\u0648\u0645\u0646\u064a\u0648\u0645\u060c \u0648\u0647\u064a \u0645\u0641\u064a\u062f\u0629 \u0644\u0644\u0645\u0635\u0627\u0628\u064a\u062d \u0627\u0644\u062a\u064a \u062a\u0639\u0645\u0644 \u0628\u0646\u0638\u0627\u0645 \u0627\u0644\u062a\u0634\u063a\u064a\u0644\/\u0627\u0644\u0625\u064a\u0642\u0627\u0641 \u0627\u0644\u0645\u0633\u062a\u0645\u0631 \u0639\u0646\u062f \u062a\u0648\u0635\u064a\u0644 \u0643\u0627\u0628\u0644 \u0627\u0644\u0637\u0627\u0642\u0629. <a href=\"https:\/\/cubukled.com\/ar\/dmx-aydinlatma\/\">\u0625\u0636\u0627\u0621\u0629 DMX<\/a> \u062a\u062a\u0636\u0645\u0646 \u0627\u0644\u0623\u0646\u0638\u0645\u0629 \u0623\u064a\u0636\u064b\u0627 \u0643\u0627\u0628\u0644\u0627\u062a \u0628\u064a\u0627\u0646\u0627\u062a\u060c \u0644\u0630\u0627 \u064a\u062c\u0628 \u0623\u0644\u0627 \u062a\u0643\u0648\u0646 \u0638\u0627\u0647\u0631\u0629 \u0639\u0644\u0649 \u0627\u0644\u0648\u0627\u062c\u0647\u0629. \u0648\u0628\u0641\u0636\u0644 \u0642\u0646\u0627\u0629 \u0627\u0644\u0625\u062e\u0641\u0627\u0621 \u0627\u0644\u0645\u0648\u062c\u0648\u062f\u0629 \u0623\u0633\u0641\u0644\u0647\u0627\u060c \u062a\u0628\u0642\u0649 \u0627\u0644\u0643\u0627\u0628\u0644\u0627\u062a \u0648\u0623\u0642\u0648\u0627\u0633 \u0627\u0644\u062a\u062b\u0628\u064a\u062a \u063a\u064a\u0631 \u0645\u0631\u0626\u064a\u0629.<\/p>\n<p><a href=\"https:\/\/cubukled.com\/wp-content\/uploads\/2025\/07\/lineer-led-ln54-olcu.jpg\"><img fetchpriority=\"high\" decoding=\"async\" class=\"size-full wp-image-4963 aligncenter\" src=\"https:\/\/cubukled.com\/wp-content\/uploads\/2025\/07\/lineer-led-ln54-olcu.jpg\" alt=\"ledline ln54 \u00f6l\u00e7\u00fc\" width=\"300\" height=\"300\" srcset=\"https:\/\/cubukled.com\/wp-content\/uploads\/2025\/07\/lineer-led-ln54-olcu.jpg 300w, https:\/\/cubukled.com\/wp-content\/uploads\/2025\/07\/lineer-led-ln54-olcu-150x150.jpg 150w, https:\/\/cubukled.com\/wp-content\/uploads\/2025\/07\/lineer-led-ln54-olcu-12x12.jpg 12w, https:\/\/cubukled.com\/wp-content\/uploads\/2025\/07\/lineer-led-ln54-olcu-100x100.jpg 100w\" sizes=\"(max-width: 300px) 100vw, 300px\" \/><\/a><\/p>\n<p>\u064a\u062d\u062a\u0648\u064a \u0647\u0630\u0627 \u0627\u0644\u0646\u0645\u0648\u0630\u062c\u060c \u0628\u062d\u0633\u0628 \u0644\u0648\u0646 \u0627\u0644\u0625\u0636\u0627\u0621\u0629\u060c \u0639\u0644\u0649 \u0634\u0631\u064a\u0637 \u0625\u0636\u0627\u0621\u0629 LED \u0645\u0635\u0646\u0648\u0639 \u0645\u0646 \u0627\u0644\u0623\u0644\u0648\u0645\u0646\u064a\u0648\u0645\/\u0644\u0648\u062d\u0629 \u062f\u0648\u0627\u0626\u0631 \u0645\u0637\u0628\u0648\u0639\u0629 FR4. \u062a\u064f\u0631\u062a\u0651\u0628 \u0631\u0642\u0627\u0626\u0642 LED \u0639\u0644\u0649 \u0647\u0630\u0647 \u0627\u0644\u0644\u0648\u062d\u0629 \u0636\u0645\u0646 \u062a\u0635\u0645\u064a\u0645 \u062f\u0627\u0626\u0631\u0629 \u0625\u0644\u0643\u062a\u0631\u0648\u0646\u064a\u0629. \u0648\u0644\u0625\u0636\u0627\u0621\u0629 \u0627\u0644\u0645\u0633\u0627\u062d\u0627\u062a \u0627\u0644\u062e\u0627\u0631\u062c\u064a\u0629\u060c \u0646\u0633\u062a\u062e\u062f\u0645 \u0637\u0628\u0642\u0629 \u0633\u064a\u0644\u064a\u0643\u0648\u0646 \u0644\u062d\u0645\u0627\u064a\u0629 \u0647\u0630\u0647 \u0627\u0644\u0645\u0646\u0637\u0642\u0629 \u0645\u0646 \u0627\u0644\u0645\u0627\u0621. \u0648\u0644\u0645\u0646\u0639 \u062a\u063a\u064a\u0631 \u0627\u0644\u0644\u0648\u0646\u060c \u064a\u062c\u0628 \u062a\u0637\u0628\u064a\u0642 \u0627\u0644\u0637\u0644\u0627\u0621 \u0628\u0634\u0643\u0644 \u0645\u062a\u0633\u0627\u0648\u064d \u0648\u0645\u062a\u062c\u0627\u0646\u0633. \u0646\u062d\u0642\u0642 \u0630\u0644\u0643 \u0628\u0627\u0633\u062a\u062e\u062f\u0627\u0645 \u0622\u0644\u0629 CNC \u0644\u0636\u0645\u0627\u0646 \u0635\u0628\u0651 \u0645\u062a\u0633\u0627\u0648\u064d. \u0648\u0646\u062a\u064a\u062c\u0629\u064b \u0644\u0630\u0644\u0643\u060c \u064a\u0643\u0648\u0646 \u0634\u0631\u064a\u0637 LED\u060c \u0627\u0644\u0645\u063a\u0637\u0649 \u0628\u0627\u0644\u0628\u0648\u0644\u064a\u0645\u0631\u060c \u0645\u062d\u0645\u064a\u064b\u0627 \u0645\u0646 \u0627\u0644\u0645\u0627\u0621. \u0641\u064a\u0645\u0627 \u064a\u0644\u064a \u0635\u0648\u0631\u0629 \u062a\u0648\u0636\u064a\u062d\u064a\u0629 \u0644\u0646\u0645\u0648\u0630\u062c LEDline:<\/p>\n<figure id=\"attachment_4964\" aria-describedby=\"caption-attachment-4964\" style=\"width: 300px\" class=\"wp-caption aligncenter\"><a href=\"https:\/\/cubukled.com\/wp-content\/uploads\/2025\/07\/ln54-lineer-led-modeli.jpg\"><img decoding=\"async\" class=\"wp-image-4964 size-full\" src=\"https:\/\/cubukled.com\/wp-content\/uploads\/2025\/07\/ln54-lineer-led-modeli.jpg\" alt=\"ln54 model linear led\" width=\"300\" height=\"300\" srcset=\"https:\/\/cubukled.com\/wp-content\/uploads\/2025\/07\/ln54-lineer-led-modeli.jpg 300w, https:\/\/cubukled.com\/wp-content\/uploads\/2025\/07\/ln54-lineer-led-modeli-150x150.jpg 150w, https:\/\/cubukled.com\/wp-content\/uploads\/2025\/07\/ln54-lineer-led-modeli-12x12.jpg 12w, https:\/\/cubukled.com\/wp-content\/uploads\/2025\/07\/ln54-lineer-led-modeli-100x100.jpg 100w\" sizes=\"(max-width: 300px) 100vw, 300px\" \/><\/a><figcaption id=\"caption-attachment-4964\" class=\"wp-caption-text\">\u0645\u0635\u0628\u0627\u062d LEDLine LN54 \u062a\u0634\u063a\u064a\u0644\/\u0625\u064a\u0642\u0627\u0641 3000 \u0643\u0644\u0641\u0646 6 \u0648\u0627\u0637\/\u0645\u062a\u0631<\/figcaption><\/figure>\n<p>\u064a\u062a\u0645\u064a\u0632 \u0647\u0630\u0627 \u0627\u0644\u0645\u0646\u062a\u062c \u0628\u063a\u0637\u0627\u0621 \u0645\u0646 \u0645\u0627\u062f\u0629 PMMA\u060c \u064a\u064f\u0639\u0631\u0641 \u0623\u064a\u0636\u064b\u0627 \u0628\u0627\u0633\u0645 \u0627\u0644\u0645\u0634\u062a\u062a \u0627\u0644\u0636\u0648\u0626\u064a\u060c \u0648\u0647\u0648 \u0645\u0642\u0627\u0648\u0645 \u0644\u0644\u0635\u062f\u0645\u0627\u062a. \u0643\u0645\u0627 \u064a\u062d\u0645\u064a \u0627\u0644\u063a\u0637\u0627\u0621 \u0645\u0646 \u0627\u0644\u0623\u0634\u0639\u0629 \u0641\u0648\u0642 \u0627\u0644\u0628\u0646\u0641\u0633\u062c\u064a\u0629\u060c \u0645\u0645\u0627 \u064a\u0645\u0646\u0639 \u0627\u0635\u0641\u0631\u0627\u0631\u0647 \u0628\u0641\u0639\u0644 \u0636\u0648\u0621 \u0627\u0644\u0634\u0645\u0633. \u062a\u0635\u0645\u064a\u0645\u0647 \u0627\u0644\u0645\u0633\u0637\u062d \u064a\u062c\u0639\u0644\u0647 \u062e\u064a\u0627\u0631\u064b\u0627 \u0645\u062b\u0627\u0644\u064a\u064b\u0627 \u0644\u0644\u062a\u0635\u0627\u0645\u064a\u0645 \u0627\u0644\u0645\u0639\u0645\u0627\u0631\u064a\u0629. \u064a\u0645\u0643\u0646\u0643 \u0627\u0628\u062a\u0643\u0627\u0631 \u0623\u0641\u0643\u0627\u0631 \u062f\u064a\u0643\u0648\u0631 \u0639\u0635\u0631\u064a\u0629 \u0628\u0627\u0633\u062a\u062e\u062f\u0627\u0645 \u0645\u0635\u0627\u0628\u064a\u062d LED \u0627\u0644\u062e\u0637\u064a\u0629.<\/p>\n<p>\u0641\u064a\u0645\u0627 \u064a\u0644\u064a \u062e\u064a\u0627\u0631\u0627\u062a \u0627\u0644\u062a\u0634\u063a\u064a\u0644\/\u0627\u0644\u0625\u064a\u0642\u0627\u0641 \u0627\u0644\u0645\u0633\u062a\u0645\u0631 \u0648\u0627\u0644\u0625\u0636\u0627\u0621\u0629 \u0627\u0644\u062f\u064a\u0646\u0627\u0645\u064a\u0643\u064a\u0629:<\/p>\n<ul>\n<li><strong>\u0627\u0644\u0628\u064a\u0636:<\/strong> \u0646\u0637\u0627\u0642 3000 \u0643\u0644\u0641\u0646 - 6500 \u0643\u0644\u0641\u0646\u060c,<\/li>\n<li><strong>\u0625\u0646\u0647\u0627 \u0645\u0644\u0648\u0646\u0629:<\/strong> \u0623\u062d\u0645\u0631\u060c \u0623\u062e\u0636\u0631\u060c \u0623\u0632\u0631\u0642\u060c \u0623\u0632\u0631\u0642 \u062b\u0644\u062c\u064a\u060c \u0643\u0647\u0631\u0645\u0627\u0646\u064a\u060c \u0641\u064a\u0631\u0648\u0632\u064a (\u0623\u0632\u0631\u0642 \u0645\u062e\u0636\u0631)\u060c,<\/li>\n<li><strong>\u0631\u0633\u0648\u0645 \u0645\u062a\u062d\u0631\u0643\u0629 \u0628\u062a\u0642\u0646\u064a\u0629 DMX:<\/strong> RGB\u060c \u0648\u0647\u0648 \u0636\u0648\u0621 \u0645\u062a\u062d\u0631\u0643 \u0623\u062d\u0627\u062f\u064a \u0627\u0644\u0644\u0648\u0646 \u0628\u062f\u0631\u062c\u0627\u062a \u0627\u0644\u0644\u0648\u0646 \u0627\u0644\u0623\u0628\u064a\u0636.<\/li>\n<\/ul>\n<p>\u062a\u0623\u062a\u064a \u0645\u0635\u0627\u0628\u064a\u062d LED \u0627\u0644\u062e\u0637\u064a\u0629 \u0625\u0645\u0627 \u0628\u063a\u0637\u0627\u0621 \u0645\u0646 \u0627\u0644\u0623\u0644\u0648\u0645\u0646\u064a\u0648\u0645 \u0623\u0648 \u0628\u063a\u0637\u0627\u0621 \u062c\u0627\u0646\u0628\u064a \u0645\u0639\u062a\u0645. \u0641\u064a \u0628\u0639\u0636 \u0627\u0644\u0645\u0634\u0627\u0631\u064a\u0639\u060c \u064a\u062a\u064a\u062d \u0627\u0644\u063a\u0637\u0627\u0621 \u0627\u0644\u0645\u0633\u0637\u062d \u0625\u0645\u0643\u0627\u0646\u064a\u0629 \u062a\u0631\u0643\u064a\u0628 \u0623\u0643\u062b\u0631 \u0633\u0644\u0627\u0633\u0629 \u0648\u0627\u0646\u0633\u064a\u0627\u0628\u064a\u0629 \u0639\u0644\u0649 \u0627\u0644\u0623\u0633\u0637\u062d \u0627\u0644\u0642\u0635\u064a\u0631\u0629 \u0628\u0627\u0633\u062a\u062e\u062f\u0627\u0645 \u063a\u0637\u0627\u0621 \u0645\u0646 \u0642\u0637\u0639\u0629 \u0648\u0627\u062d\u062f\u0629. \u0644\u0630\u0627\u060c \u0625\u0630\u0627 \u0643\u0646\u062a \u062a\u0631\u063a\u0628 \u0641\u064a \u0627\u0633\u062a\u062e\u062f\u0627\u0645 \u0645\u0635\u0627\u0628\u064a\u062d LED \u062e\u0637\u064a\u0629 \u0628\u063a\u0637\u0627\u0621 \u0645\u0633\u0637\u062d \u0644\u0645\u0634\u0631\u0648\u0639 \u0627\u0644\u0625\u0636\u0627\u0621\u0629 \u0627\u0644\u062e\u0627\u0635 \u0628\u0643\u060c \u062a\u0648\u0627\u0635\u0644 \u0645\u0639\u0646\u0627 \u0627\u0644\u0622\u0646. <a href=\"https:\/\/cubukled.com\/ar\/cubuk-led-iletisim\/\">\u064a\u0645\u0643\u0646\u0643\u0645 \u0627\u0644\u062a\u0648\u0627\u0635\u0644 \u0645\u0639\u0646\u0627.<\/a><\/p>","protected":false},"excerpt":{"rendered":"<p><em><strong>*\u0645\u0644\u062d\u0648\u0638\u0627\u062a:<\/strong> \u064a\u062a\u0645 \u062a\u062d\u062f\u064a\u062f \u0627\u0644\u0633\u0639\u0631 \u0628\u0646\u0627\u0621\u064b \u0639\u0644\u0649 \u0627\u0644\u0645\u0634\u0631\u0648\u0639. \u0644\u0645\u0632\u064a\u062f \u0645\u0646 \u0627\u0644\u062a\u0641\u0627\u0635\u064a\u0644\u060c \u064a\u0631\u062c\u0649 \u0627\u0644\u062a\u0648\u0627\u0635\u0644 \u0645\u0639\u0646\u0627. <a href=\"https:\/\/cubukled.com\/ar\/cubuk-led-iletisim\/\">\u064a\u0631\u062c\u0649 \u0627\u0644\u0627\u062a\u0635\u0627\u0644 \u0628\u0646\u0627.<\/a><\/em><\/p>\n<p><strong>\u0644\u0648\u0646 \u0627\u0644\u0625\u0636\u0627\u0621\u0629\/\u0627\u0644\u062a\u062d\u0643\u0645 \u0628\u0647\u0627:<\/strong> \u062a\u0634\u063a\u064a\u0644\/\u0625\u064a\u0642\u0627\u0641 \u0625\u0636\u0627\u0621\u0629 \u062b\u0627\u0628\u062a\u0629\u060c \u0631\u0633\u0648\u0645 \u0645\u062a\u062d\u0631\u0643\u0629 DMX<\/p>\n<p><strong>\u0642\u064a\u0627\u0633:<\/strong> 5.0 \u0633\u0645 \u00d7 4.0 \u0633\u0645<\/p>\n<p><strong>\u0627\u0644\u0627\u0633\u062a\u062e\u062f\u0627\u0645:<\/strong> \u0627\u0644\u0625\u0636\u0627\u0621\u0629 \u0627\u0644\u062f\u0627\u062e\u0644\u064a\u0629 \u0648\u0627\u0644\u062e\u0627\u0631\u062c\u064a\u0629<\/p>\n<p><strong>\u0627\u0644\u062c\u0633\u0645:<\/strong> \u0623\u0644\u0648\u0645\u0646\u064a\u0648\u0645<\/p>\n<p><strong>\u0645\u062f\u062e\u0644\u0627\u062a \u0627\u0644\u0637\u0627\u0642\u0629:<\/strong> \u062c\u0647\u062f \u062b\u0627\u0628\u062a\u060c 24 \u0641\u0648\u0644\u062a \u062a\u064a\u0627\u0631 \u0645\u0633\u062a\u0645\u0631<\/p>\n<p><strong>\u062a\u0634\u063a\u064a\u0644\/\u0625\u064a\u0642\u0627\u0641:<\/strong> 70 \u0645\u0635\u0628\u0627\u062d LED\/\u0645\u062a\u0631<\/p>\n<p><strong>DMX RGB:<\/strong> 6 \u0628\u0643\u0633\u0644\/\u0645\u062a\u0631\u060c 36 \u0645\u0635\u0628\u0627\u062d LED RGB\/\u0645\u062a\u0631<\/p>\n<p><strong>DMX RGBW:<\/strong> 6 \u0628\u0643\u0633\u0644\/\u0645\u062a\u0631\u060c 36 \u0645\u0635\u0628\u0627\u062d LED RGB\/\u0645\u062a\u0631 + 36 \u0645\u0635\u0628\u0627\u062d LED \u0623\u0628\u064a\u0636\/\u0645\u062a\u0631<\/p>","protected":false},"featured_media":4958,"template":"","meta":{"_joinchat":[]},"product_brand":[],"product_cat":[109,3088],"product_tag":[3093,3089,3096,3090,3097],"class_list":{"0":"post-4957","1":"product","2":"type-product","3":"status-publish","4":"has-post-thumbnail","6":"product_cat-aydinlatma-urunleri","7":"product_cat-ledline","8":"product_tag-led-lineer","9":"product_tag-ledline","10":"product_tag-ledline-ln54","11":"product_tag-lineer-led","12":"product_tag-ln54","13":"pa_gucgirisi-24vdc","14":"pa_isikrengi-3000kelvin","15":"pa_isikrengi-4000kelvin","16":"pa_isikrengi-5000kelvin","17":"pa_isikrengi-6500kelvin","18":"pa_isikrengi-amber","19":"pa_isikrengi-dmxmono","20":"pa_isikrengi-dmxrgb","21":"pa_isikrengi-dmxrgbw","22":"pa_isikrengi-dmxtunable","23":"pa_isikrengi-kirmizi","24":"pa_isikrengi-mavi","25":"pa_isikrengi-rgb","26":"pa_isikrengi-yesil","28":"first","29":"instock","30":"sale","31":"taxable","32":"shipping-taxable","33":"purchasable","34":"product-type-simple","35":"customify-col","36":"product-has-gallery"},"yoast_head":"<!-- This site is optimized with the Yoast SEO plugin v27.2 - https:\/\/yoast.com\/product\/yoast-seo-wordpress\/ -->\n<title>LN54 - Lineer LED D\u0131\u015f Cephe Ayd\u0131nlatma<\/title>\n<meta name=\"description\" content=\"LN54 LEDLine - Al\u00fcminyum kasa led profil ile linear led \u0131\u015f\u0131k formu - DMX RGB cephe ayd\u0131nlatma - Sabit \u0131\u015f\u0131k on\/off renkli ayd\u0131nlatma\" \/>\n<meta name=\"robots\" content=\"index, follow, max-snippet:-1, max-image-preview:large, max-video-preview:-1\" \/>\n<link rel=\"canonical\" href=\"https:\/\/cubukled.com\/ar\/ln54\/\" \/>\n<meta property=\"og:locale\" content=\"ar_AR\" \/>\n<meta property=\"og:type\" content=\"article\" \/>\n<meta property=\"og:title\" content=\"LN54 - Lineer LED D\u0131\u015f Cephe Ayd\u0131nlatma\" \/>\n<meta property=\"og:description\" content=\"LN54 LEDLine - Al\u00fcminyum kasa led profil ile linear led \u0131\u015f\u0131k formu - DMX RGB cephe ayd\u0131nlatma - Sabit \u0131\u015f\u0131k on\/off renkli ayd\u0131nlatma\" \/>\n<meta property=\"og:url\" content=\"https:\/\/cubukled.com\/ar\/ln54\/\" \/>\n<meta property=\"og:site_name\" content=\"\u00c7ubuk LED\" \/>\n<meta property=\"article:publisher\" content=\"https:\/\/www.facebook.com\/cubukled\" \/>\n<meta property=\"article:modified_time\" content=\"2025-09-09T08:46:54+00:00\" \/>\n<meta property=\"og:image\" content=\"https:\/\/cubukled.com\/wp-content\/uploads\/2025\/07\/ledline-ln54.jpg\" \/>\n\t<meta property=\"og:image:width\" content=\"1280\" \/>\n\t<meta property=\"og:image:height\" content=\"1280\" \/>\n\t<meta property=\"og:image:type\" content=\"image\/jpeg\" \/>\n<meta name=\"twitter:card\" content=\"summary_large_image\" \/>\n<meta name=\"twitter:site\" content=\"@cubukled\" \/>\n<meta name=\"twitter:label1\" content=\"\u0648\u0642\u062a \u0627\u0644\u0642\u0631\u0627\u0621\u0629 \u0627\u0644\u0645\u064f\u0642\u062f\u0651\u0631\" \/>\n\t<meta name=\"twitter:data1\" content=\"3 \u062f\u0642\u0627\u0626\u0642\" \/>\n<script type=\"application\/ld+json\" class=\"yoast-schema-graph\">{\"@context\":\"https:\/\/schema.org\",\"@graph\":[{\"@type\":[\"WebPage\",\"ItemPage\"],\"@id\":\"https:\/\/cubukled.com\/ln54\/\",\"url\":\"https:\/\/cubukled.com\/ln54\/\",\"name\":\"LN54 - Lineer LED D\u0131\u015f Cephe Ayd\u0131nlatma\",\"isPartOf\":{\"@id\":\"https:\/\/cubukled.com\/#website\"},\"primaryImageOfPage\":{\"@id\":\"https:\/\/cubukled.com\/ln54\/#primaryimage\"},\"image\":{\"@id\":\"https:\/\/cubukled.com\/ln54\/#primaryimage\"},\"thumbnailUrl\":\"https:\/\/cubukled.com\/wp-content\/uploads\/2025\/07\/ledline-ln54.jpg\",\"datePublished\":\"2025-07-25T06:33:08+00:00\",\"dateModified\":\"2025-09-09T08:46:54+00:00\",\"description\":\"LN54 LEDLine - Al\u00fcminyum kasa led profil ile linear led \u0131\u015f\u0131k formu - DMX RGB cephe ayd\u0131nlatma - Sabit \u0131\u015f\u0131k on\/off renkli ayd\u0131nlatma\",\"breadcrumb\":{\"@id\":\"https:\/\/cubukled.com\/ln54\/#breadcrumb\"},\"inLanguage\":\"ar\",\"potentialAction\":[{\"@type\":\"ReadAction\",\"target\":[\"https:\/\/cubukled.com\/ln54\/\"]}]},{\"@type\":\"ImageObject\",\"inLanguage\":\"ar\",\"@id\":\"https:\/\/cubukled.com\/ln54\/#primaryimage\",\"url\":\"https:\/\/cubukled.com\/wp-content\/uploads\/2025\/07\/ledline-ln54.jpg\",\"contentUrl\":\"https:\/\/cubukled.com\/wp-content\/uploads\/2025\/07\/ledline-ln54.jpg\",\"width\":1280,\"height\":1280,\"caption\":\"ln54 ledline\"},{\"@type\":\"BreadcrumbList\",\"@id\":\"https:\/\/cubukled.com\/ln54\/#breadcrumb\",\"itemListElement\":[{\"@type\":\"ListItem\",\"position\":1,\"name\":\"Ana sayfa\",\"item\":\"https:\/\/cubukled.com\/\"},{\"@type\":\"ListItem\",\"position\":2,\"name\":\"Ma\u011faza\",\"item\":\"https:\/\/cubukled.com\/magaza\/\"},{\"@type\":\"ListItem\",\"position\":3,\"name\":\"LN54 LEDLine Cephe Ayd\u0131nlatma\"}]},{\"@type\":\"WebSite\",\"@id\":\"https:\/\/cubukled.com\/#website\",\"url\":\"https:\/\/cubukled.com\/\",\"name\":\"\u00c7ubuk LED\",\"description\":\"Cephe Ayd\u0131nlatma, Ayd\u0131nlatma Tasar\u0131m\u0131, D\u0131\u015f Mekan Animasyon Sistemleri, RGB DMX Cephe LED Animasyon\",\"publisher\":{\"@id\":\"https:\/\/cubukled.com\/#organization\"},\"alternateName\":\"cubukled\",\"potentialAction\":[{\"@type\":\"SearchAction\",\"target\":{\"@type\":\"EntryPoint\",\"urlTemplate\":\"https:\/\/cubukled.com\/?s={search_term_string}\"},\"query-input\":{\"@type\":\"PropertyValueSpecification\",\"valueRequired\":true,\"valueName\":\"search_term_string\"}}],\"inLanguage\":\"ar\"},{\"@type\":\"Organization\",\"@id\":\"https:\/\/cubukled.com\/#organization\",\"name\":\"\u00c7ubuk LED\",\"alternateName\":\"cubukled\",\"url\":\"https:\/\/cubukled.com\/\",\"logo\":{\"@type\":\"ImageObject\",\"inLanguage\":\"ar\",\"@id\":\"https:\/\/cubukled.com\/#\/schema\/logo\/image\/\",\"url\":\"https:\/\/cubukled.com\/wp-content\/uploads\/2020\/06\/cubukled-logo.jpeg\",\"contentUrl\":\"https:\/\/cubukled.com\/wp-content\/uploads\/2020\/06\/cubukled-logo.jpeg\",\"width\":1169,\"height\":669,\"caption\":\"\u00c7ubuk LED\"},\"image\":{\"@id\":\"https:\/\/cubukled.com\/#\/schema\/logo\/image\/\"},\"sameAs\":[\"https:\/\/www.facebook.com\/cubukled\",\"https:\/\/x.com\/cubukled\",\"https:\/\/tr.pinterest.com\/Cubuk_Led\/\",\"https:\/\/www.instagram.com\/cubukled\/\",\"https:\/\/www.linkedin.com\/company\/cubukled\",\"https:\/\/www.threads.net\/@cubukled\",\"https:\/\/www.youtube.com\/@cubukled\",\"https:\/\/twitter.com\/cubukled\"]}]}<\/script>\n<!-- \/ Yoast SEO plugin. -->","yoast_head_json":{"title":"LN54 - Lineer LED D\u0131\u015f Cephe Ayd\u0131nlatma","description":"LN54 LEDLine - Al\u00fcminyum kasa led profil ile linear led \u0131\u015f\u0131k formu - DMX RGB cephe ayd\u0131nlatma - Sabit \u0131\u015f\u0131k on\/off renkli ayd\u0131nlatma","robots":{"index":"index","follow":"follow","max-snippet":"max-snippet:-1","max-image-preview":"max-image-preview:large","max-video-preview":"max-video-preview:-1"},"canonical":"https:\/\/cubukled.com\/ar\/ln54\/","og_locale":"ar_AR","og_type":"article","og_title":"LN54 - Lineer LED D\u0131\u015f Cephe Ayd\u0131nlatma","og_description":"LN54 LEDLine - Al\u00fcminyum kasa led profil ile linear led \u0131\u015f\u0131k formu - DMX RGB cephe ayd\u0131nlatma - Sabit \u0131\u015f\u0131k on\/off renkli ayd\u0131nlatma","og_url":"https:\/\/cubukled.com\/ar\/ln54\/","og_site_name":"\u00c7ubuk LED","article_publisher":"https:\/\/www.facebook.com\/cubukled","article_modified_time":"2025-09-09T08:46:54+00:00","og_image":[{"width":1280,"height":1280,"url":"https:\/\/cubukled.com\/wp-content\/uploads\/2025\/07\/ledline-ln54.jpg","type":"image\/jpeg"}],"twitter_card":"summary_large_image","twitter_site":"@cubukled","twitter_misc":{"\u0648\u0642\u062a \u0627\u0644\u0642\u0631\u0627\u0621\u0629 \u0627\u0644\u0645\u064f\u0642\u062f\u0651\u0631":"3 \u062f\u0642\u0627\u0626\u0642"},"schema":{"@context":"https:\/\/schema.org","@graph":[{"@type":["WebPage","ItemPage"],"@id":"https:\/\/cubukled.com\/ln54\/","url":"https:\/\/cubukled.com\/ln54\/","name":"LN54 - Lineer LED D\u0131\u015f Cephe Ayd\u0131nlatma","isPartOf":{"@id":"https:\/\/cubukled.com\/#website"},"primaryImageOfPage":{"@id":"https:\/\/cubukled.com\/ln54\/#primaryimage"},"image":{"@id":"https:\/\/cubukled.com\/ln54\/#primaryimage"},"thumbnailUrl":"https:\/\/cubukled.com\/wp-content\/uploads\/2025\/07\/ledline-ln54.jpg","datePublished":"2025-07-25T06:33:08+00:00","dateModified":"2025-09-09T08:46:54+00:00","description":"LN54 LEDLine - Al\u00fcminyum kasa led profil ile linear led \u0131\u015f\u0131k formu - DMX RGB cephe ayd\u0131nlatma - Sabit \u0131\u015f\u0131k on\/off renkli ayd\u0131nlatma","breadcrumb":{"@id":"https:\/\/cubukled.com\/ln54\/#breadcrumb"},"inLanguage":"ar","potentialAction":[{"@type":"ReadAction","target":["https:\/\/cubukled.com\/ln54\/"]}]},{"@type":"ImageObject","inLanguage":"ar","@id":"https:\/\/cubukled.com\/ln54\/#primaryimage","url":"https:\/\/cubukled.com\/wp-content\/uploads\/2025\/07\/ledline-ln54.jpg","contentUrl":"https:\/\/cubukled.com\/wp-content\/uploads\/2025\/07\/ledline-ln54.jpg","width":1280,"height":1280,"caption":"ln54 ledline"},{"@type":"BreadcrumbList","@id":"https:\/\/cubukled.com\/ln54\/#breadcrumb","itemListElement":[{"@type":"ListItem","position":1,"name":"Ana sayfa","item":"https:\/\/cubukled.com\/"},{"@type":"ListItem","position":2,"name":"Ma\u011faza","item":"https:\/\/cubukled.com\/magaza\/"},{"@type":"ListItem","position":3,"name":"LN54 LEDLine Cephe Ayd\u0131nlatma"}]},{"@type":"WebSite","@id":"https:\/\/cubukled.com\/#website","url":"https:\/\/cubukled.com\/","name":"\u0642\u0636\u064a\u0628 \u0627\u0644\u0635\u0645\u0627\u0645 \u0627\u0644\u062b\u0646\u0627\u0626\u064a \u0627\u0644\u0628\u0627\u0639\u062b \u0644\u0644\u0636\u0648\u0621","description":"\u0625\u0636\u0627\u0621\u0629 \u0627\u0644\u0648\u0627\u062c\u0647\u0627\u062a\u060c \u062a\u0635\u0645\u064a\u0645 \u0627\u0644\u0625\u0636\u0627\u0621\u0629\u060c \u0623\u0646\u0638\u0645\u0629 \u0627\u0644\u0631\u0633\u0648\u0645 \u0627\u0644\u0645\u062a\u062d\u0631\u0643\u0629 \u0627\u0644\u062e\u0627\u0631\u062c\u064a\u0629\u060c \u0631\u0633\u0648\u0645 \u0645\u062a\u062d\u0631\u0643\u0629 \u0644\u0644\u0648\u0627\u062c\u0647\u0629 RGB DMX LED \u0644\u0644\u0648\u0627\u062c\u0647\u0629","publisher":{"@id":"https:\/\/cubukled.com\/#organization"},"alternateName":"cubukled","potentialAction":[{"@type":"SearchAction","target":{"@type":"EntryPoint","urlTemplate":"https:\/\/cubukled.com\/?s={search_term_string}"},"query-input":{"@type":"PropertyValueSpecification","valueRequired":true,"valueName":"search_term_string"}}],"inLanguage":"ar"},{"@type":"Organization","@id":"https:\/\/cubukled.com\/#organization","name":"\u0642\u0636\u064a\u0628 \u0627\u0644\u0635\u0645\u0627\u0645 \u0627\u0644\u062b\u0646\u0627\u0626\u064a \u0627\u0644\u0628\u0627\u0639\u062b \u0644\u0644\u0636\u0648\u0621","alternateName":"cubukled","url":"https:\/\/cubukled.com\/","logo":{"@type":"ImageObject","inLanguage":"ar","@id":"https:\/\/cubukled.com\/#\/schema\/logo\/image\/","url":"https:\/\/cubukled.com\/wp-content\/uploads\/2020\/06\/cubukled-logo.jpeg","contentUrl":"https:\/\/cubukled.com\/wp-content\/uploads\/2020\/06\/cubukled-logo.jpeg","width":1169,"height":669,"caption":"\u00c7ubuk LED"},"image":{"@id":"https:\/\/cubukled.com\/#\/schema\/logo\/image\/"},"sameAs":["https:\/\/www.facebook.com\/cubukled","https:\/\/x.com\/cubukled","https:\/\/tr.pinterest.com\/Cubuk_Led\/","https:\/\/www.instagram.com\/cubukled\/","https:\/\/www.linkedin.com\/company\/cubukled","https:\/\/www.threads.net\/@cubukled","https:\/\/www.youtube.com\/@cubukled","https:\/\/twitter.com\/cubukled"]}]}},"_links":{"self":[{"href":"https:\/\/cubukled.com\/ar\/wp-json\/wp\/v2\/product\/4957","targetHints":{"allow":["GET"]}}],"collection":[{"href":"https:\/\/cubukled.com\/ar\/wp-json\/wp\/v2\/product"}],"about":[{"href":"https:\/\/cubukled.com\/ar\/wp-json\/wp\/v2\/types\/product"}],"wp:featuredmedia":[{"embeddable":true,"href":"https:\/\/cubukled.com\/ar\/wp-json\/wp\/v2\/media\/4958"}],"wp:attachment":[{"href":"https:\/\/cubukled.com\/ar\/wp-json\/wp\/v2\/media?parent=4957"}],"wp:term":[{"taxonomy":"product_brand","embeddable":true,"href":"https:\/\/cubukled.com\/ar\/wp-json\/wp\/v2\/product_brand?post=4957"},{"taxonomy":"product_cat","embeddable":true,"href":"https:\/\/cubukled.com\/ar\/wp-json\/wp\/v2\/product_cat?post=4957"},{"taxonomy":"product_tag","embeddable":true,"href":"https:\/\/cubukled.com\/ar\/wp-json\/wp\/v2\/product_tag?post=4957"}],"curies":[{"name":"wp","href":"https:\/\/api.w.org\/{rel}","templated":true}]}}