{"id":2100,"date":"2023-12-01T11:45:48","date_gmt":"2023-12-01T08:45:48","guid":{"rendered":"https:\/\/cubukled.com\/?post_type=product&#038;p=2100"},"modified":"2025-09-09T16:40:23","modified_gmt":"2025-09-09T13:40:23","slug":"fls","status":"publish","type":"product","link":"https:\/\/cubukled.com\/ar\/fls\/","title":{"rendered":"FLS"},"content":{"rendered":"<p><strong>\u0634\u0631\u064a\u0637 \u0625\u0636\u0627\u0621\u0629 LED<\/strong>\u00a0<strong>FLS<\/strong> \u0646\u0642\u062f\u0645 \u0647\u0630\u0647 \u0627\u0644\u0645\u0648\u062f\u064a\u0644\u0627\u062a \u0628\u062e\u064a\u0627\u0631\u0627\u062a \u0623\u0644\u0648\u0627\u0646 \u0625\u0636\u0627\u0621\u0629 \u0645\u062a\u0646\u0648\u0639\u0629. \u0627\u0644\u0645\u0646\u062a\u062c \u0645\u062b\u0627\u0644\u064a \u0644\u062a\u0637\u0628\u064a\u0642\u0627\u062a \u0627\u0644\u0623\u0633\u0642\u0641 \u0627\u0644\u0645\u0639\u0644\u0642\u0629 \u0648\u0625\u0636\u0627\u0621\u0629 \u0623\u0633\u0642\u0641 \u0627\u0644\u062c\u0628\u0633. \u0628\u0627\u0644\u0625\u0636\u0627\u0641\u0629 \u0625\u0644\u0649 \u0630\u0644\u0643\u060c \u064a\u0645\u0643\u0646\u0643 \u0627\u0633\u062a\u062e\u062f\u0627\u0645\u0647 \u0628\u0633\u0647\u0648\u0644\u0629 \u0641\u064a \u0623\u064a \u0645\u0643\u0627\u0646 \u062a\u0642\u0631\u064a\u0628\u064b\u0627\u060c \u0645\u062b\u0644 \u0627\u0644\u0625\u0636\u0627\u0621\u0629 \u0627\u0644\u0645\u062e\u0641\u064a\u0629 \u062e\u0644\u0641 \u0627\u0644\u0623\u062b\u0627\u062b \u0623\u0648 \u0627\u0644\u0637\u0627\u0648\u0644\u0627\u062a \u0623\u0648 \u0627\u0644\u062e\u0632\u0627\u0626\u0646 \u0623\u0648 \u0627\u0644\u0645\u0631\u0627\u064a\u0627.<\/p>\n<p>\u062a\u062a\u0648\u0641\u0631 \u0634\u0631\u0627\u0626\u0637 \u0625\u0636\u0627\u0621\u0629 LED \u0628\u062e\u064a\u0627\u0631\u0627\u062a \u062a\u063a\u0630\u064a\u0629 \u0643\u0647\u0631\u0628\u0627\u0626\u064a\u0629 12 \u0641\u0648\u0644\u062a \u0623\u0648 24 \u0641\u0648\u0644\u062a. \u0647\u0630\u0647 \u0627\u0644\u0641\u0648\u0644\u062a\u064a\u0627\u062a \u0634\u0627\u0626\u0639\u0629 \u0627\u0644\u0627\u0633\u062a\u062e\u062f\u0627\u0645\u060c \u0645\u0645\u0627 \u064a\u062c\u0639\u0644 \u0627\u0633\u062a\u062e\u062f\u0627\u0645\u0647\u0627 \u0633\u0647\u0644\u0627\u064b. \u062a\u062a\u0636\u0645\u0646 \u0633\u0644\u0633\u0644\u0629 FLS \u0637\u0631\u0627\u0632\u0627\u062a \u0645\u0632\u0648\u062f\u0629 \u0628\u062d\u0645\u0627\u064a\u0629 \u0645\u0646 \u0627\u0644\u062a\u064a\u0627\u0631 \u0648\u0627\u0644\u062c\u0647\u062f\u060c \u0648\u0628\u0627\u0644\u062a\u0627\u0644\u064a\u060c \u064a\u0645\u0643\u0646 \u0627\u0644\u062a\u062d\u0643\u0645 \u0628\u0633\u0647\u0648\u0644\u0629 \u0641\u064a \u062a\u0642\u0644\u0628\u0627\u062a \u0627\u0644\u062c\u0647\u062f \u063a\u064a\u0631 \u0627\u0644\u0645\u0631\u063a\u0648\u0628 \u0641\u064a\u0647\u0627\u060c \u0645\u0645\u0627 \u064a\u062d\u0645\u064a \u0627\u0644\u0645\u0646\u062a\u062c \u0645\u0646 \u0627\u0644\u062a\u0644\u0641 \u0627\u0644\u0646\u0627\u062a\u062c \u0639\u0646 \u0627\u0644\u062a\u064a\u0627\u0631 \u0627\u0644\u0643\u0647\u0631\u0628\u0627\u0626\u064a \u0623\u0648 \u062a\u0642\u0644\u0628\u0627\u062a \u0627\u0644\u062c\u0647\u062f. \u064a\u0645\u0643\u0646\u0643 \u0625\u0646\u0634\u0627\u0621 \u0645\u0634\u0627\u0631\u064a\u0639 \u0625\u0636\u0627\u0621\u0629 LED \u0645\u062a\u064a\u0646\u0629 \u0628\u0627\u0633\u062a\u062e\u062f\u0627\u0645 \u0647\u0630\u0627 \u0627\u0644\u0645\u0646\u062a\u062c.<\/p>\n<p>\u062a\u062a\u0645\u064a\u0632 \u0645\u0635\u0627\u0628\u064a\u062d FLS\u060c \u0627\u0644\u062a\u064a \u064a\u0645\u0643\u0646 \u062a\u0634\u063a\u064a\u0644\u0647\u0627 \u062f\u0627\u062e\u0644 \u0627\u0644\u0645\u0628\u0627\u0646\u064a \u062f\u0648\u0646 \u0627\u0644\u062d\u0627\u062c\u0629 \u0625\u0644\u0649 \u0637\u0644\u0627\u0621\u060c \u0628\u0627\u0642\u062a\u0635\u0627\u062f\u064a\u062a\u0647\u0627 \u0627\u0644\u0639\u0627\u0644\u064a\u0629. \u0623\u0645\u0627 \u0628\u0627\u0644\u0646\u0633\u0628\u0629 \u0644\u0644\u062a\u0631\u0643\u064a\u0628 \u0627\u0644\u062e\u0627\u0631\u062c\u064a\u060c \u0641\u0625\u0646 \u0646\u0645\u0648\u0630\u062c \u0634\u0631\u064a\u0637 LED \u0627\u0644\u0645\u0637\u0644\u064a \u0628\u0627\u0644\u0628\u0648\u0644\u064a\u0645\u0631 \u0645\u062d\u0645\u064a \u0628\u0627\u0644\u0643\u0627\u0645\u0644 \u0645\u0646 \u0627\u0644\u0645\u0627\u0621 \u0648\u0627\u0644\u0631\u0637\u0648\u0628\u0629 \u0648\u0627\u0644\u063a\u0628\u0627\u0631 \u062f\u0627\u062e\u0644 \u063a\u0644\u0627\u0641 \u0645\u0646 \u0627\u0644\u0623\u0644\u0648\u0645\u0646\u064a\u0648\u0645. \u0648\u0628\u0630\u0644\u0643\u060c \u064a\u0635\u0628\u062d \u0648\u062d\u062f\u0629 \u0625\u0636\u0627\u0621\u0629 LED \u062e\u0637\u064a\u0629 \u0645\u062a\u0643\u0627\u0645\u0644\u0629.<\/p>\n<h2>\u0634\u0631\u064a\u0637 \u0625\u0636\u0627\u0621\u0629 LED (\u0645\u0639 \u062e\u064a\u0627\u0631\u0627\u062a \u0623\u0644\u0648\u0627\u0646 \u0625\u0636\u0627\u0621\u0629 \u0645\u062a\u0646\u0648\u0639\u0629)<\/h2>\n<p><a href=\"https:\/\/cubukled.com\/ar\/\">\u0645\u0628\u064a\u0639\u0627\u062a \u0645\u0635\u0627\u0628\u064a\u062d LED \u0628\u0627\u0644\u062c\u0645\u0644\u0629<\/a> \u064a\u0645\u0643\u0646\u0643 \u0627\u0633\u062a\u062e\u062f\u0627\u0645 \u0646\u0645\u0648\u0630\u062c FLS\u060c \u0627\u0644\u0630\u064a \u062d\u0635\u0644\u062a \u0639\u0644\u064a\u0647 \u0645\u0646 \u0645\u0648\u0642\u0639 cubukled.com\u060c \u0641\u064a \u0645\u0634\u0627\u0631\u064a\u0639\u0643. \u064a\u0628\u0644\u063a \u0639\u0631\u0636 \u0644\u0648\u062d\u0629 \u0627\u0644\u062f\u0648\u0627\u0626\u0631 \u0627\u0644\u0645\u0637\u0628\u0648\u0639\u0629 (PCB) \u0627\u0644\u062e\u0627\u0635\u0629 \u0628\u0647\u0630\u0627 \u0627\u0644\u0646\u0645\u0648\u0630\u062c 1.2 \u0633\u0645 \u0648\u0637\u0648\u0644\u0647\u0627 \u0645\u062a\u0631 \u0648\u0627\u062d\u062f. \u064a\u0645\u0643\u0646\u0643 \u062a\u0634\u063a\u064a\u0644 \u0627\u0644\u0645\u0646\u062a\u062c \u0628\u062a\u0648\u0635\u064a\u0644\u0647 \u0628\u0645\u0635\u062f\u0631 \u0637\u0627\u0642\u0629 \u0639\u0628\u0631 \u0627\u0644\u0642\u0637\u0628\u064a\u0646 \u0627\u0644\u0645\u0648\u062c\u0628 \u0648\u0627\u0644\u0633\u0627\u0644\u0628 \u0641\u064a \u0643\u0644\u0627 \u0627\u0644\u0637\u0631\u0641\u064a\u0646. \u064a\u064f\u0631\u062c\u0649 \u0637\u0644\u0628 \u0645\u0639\u0644\u0648\u0645\u0627\u062a \u062d\u0648\u0644 \u0627\u0633\u062a\u0647\u0644\u0627\u0643 \u0627\u0644\u0637\u0627\u0642\u0629 (\u0628\u0627\u0644\u0648\u0627\u0637) \u0644\u0645\u0635\u062f\u0631 \u0627\u0644\u0637\u0627\u0642\u0629 \u0627\u0644\u062e\u0627\u0635 \u0628\u0643.<\/p>\n<table width=\"593\">\n<tbody>\n<tr>\n<td width=\"111\">\u0631\u0645\u0632 \u0627\u0644\u0645\u0646\u062a\u062c<\/td>\n<td width=\"192\">\u062e\u064a\u0627\u0631\u0627\u062a \u062c\u0647\u062f \u0627\u0644\u062a\u0634\u063a\u064a\u0644<\/td>\n<td width=\"75\">\u0643\u0645\u064a\u0629 \u0627\u0644\u0635\u0645\u0627\u0645 \u0627\u0644\u062b\u0646\u0627\u0626\u064a \u0627\u0644\u0628\u0627\u0639\u062b \u0644\u0644\u0636\u0648\u0621<\/td>\n<td width=\"114\">\u0641\u062a\u0631\u0629 \u0627\u0644\u0627\u0646\u0642\u0637\u0627\u0639<\/td>\n<td width=\"101\">\u0627\u0644\u062a\u062f\u0628\u064a\u0631<\/td>\n<\/tr>\n<tr>\n<td>FLS<\/td>\n<td>\u062c\u0647\u062f \u062b\u0627\u0628\u062a 12 \u0641\u0648\u0644\u062a \u062a\u064a\u0627\u0631 \u0645\u0633\u062a\u0645\u0631 \u0623\u0648 24 \u0641\u0648\u0644\u062a \u062a\u064a\u0627\u0631 \u0645\u0633\u062a\u0645\u0631<\/td>\n<td>60<\/td>\n<td>5 \u0633\u0645\u060c 10 \u0633\u0645 \u0623\u0648 20 \u0633\u0645<\/td>\n<td>12\u00d71000 \u0645\u0645<\/td>\n<\/tr>\n<\/tbody>\n<\/table>\n<p>\u064a\u062d\u062a\u0648\u064a \u0637\u0631\u0627\u0632 \u0634\u0631\u064a\u0637 \u0627\u0644\u0625\u0636\u0627\u0621\u0629 LED \u0639\u0644\u0649 60 \u0635\u0645\u0627\u0645\u064b\u0627 \u062b\u0646\u0627\u0626\u064a\u064b\u0627 \u0628\u0627\u0639\u062b\u064b\u0627 \u0644\u0644\u0636\u0648\u0621 \u0644\u0643\u0644 \u0645\u062a\u0631. \u062a\u0648\u0641\u0631 \u0633\u0644\u0633\u0644\u0629 FLS \u0639\u0627\u0644\u064a\u0629 \u0627\u0644\u0643\u0641\u0627\u0621\u0629 \u062d\u0644\u0627\u064b \u0627\u0642\u062a\u0635\u0627\u062f\u064a\u064b\u0627 \u0644\u062a\u0635\u0627\u0645\u064a\u0645 \u0627\u0644\u0625\u0636\u0627\u0621\u0629 \u0627\u0644\u0632\u062e\u0631\u0641\u064a\u0629. \u0639\u0644\u0649 \u0633\u0628\u064a\u0644 \u0627\u0644\u0645\u062b\u0627\u0644\u060c \u064a\u0645\u0643\u0646\u0643 \u062a\u0631\u0643\u064a\u0628 \u0646\u0645\u0627\u0630\u062c \u0628\u0623\u0644\u0648\u0627\u0646 \u0645\u062e\u062a\u0644\u0641\u0629 \u0639\u0644\u0649 \u0637\u0628\u0642\u0627\u062a \u0645\u062e\u062a\u0644\u0641\u0629 \u0645\u0646 \u0623\u0633\u0642\u0641 \u0627\u0644\u062c\u0628\u0633.<\/p>\n<p>\u064a\u0643\u0645\u0646 \u0627\u0644\u0627\u062e\u062a\u0644\u0627\u0641 \u0627\u0644\u0631\u0626\u064a\u0633\u064a \u0628\u064a\u0646 \u0647\u0630\u0627 \u0627\u0644\u0645\u0646\u062a\u062c \u0648\u0634\u0631\u0627\u0626\u0637 LED \u0641\u064a \u0646\u0648\u0639 \u0644\u0648\u062d\u0629 \u0627\u0644\u062f\u0648\u0627\u0626\u0631 \u0627\u0644\u0645\u0637\u0628\u0648\u0639\u0629 \u0627\u0644\u0645\u0633\u062a\u062e\u062f\u0645\u0629. \u062a\u062a\u0643\u0648\u0646 \u0634\u0631\u0627\u0626\u0637 LED \u0645\u0646 \u0645\u0643\u0648\u0646\u0627\u062a \u0625\u0644\u0643\u062a\u0631\u0648\u0646\u064a\u0629 \u0639\u062f\u064a\u062f\u0629 \u0645\u0631\u062a\u0628\u0629 \u0639\u0644\u0649 \u0644\u0648\u062d\u0629 \u062f\u0648\u0627\u0626\u0631 \u0645\u0637\u0628\u0648\u0639\u0629 \u0645\u0631\u0646\u0629. \u0623\u0645\u0627 FLS\u060c \u0641\u062a\u062a\u0643\u0648\u0646 \u0645\u0646 \u0645\u0643\u0648\u0646\u0627\u062a \u0639\u0644\u0649 \u0644\u0648\u062d\u0629 \u062f\u0648\u0627\u0626\u0631 \u0645\u0637\u0628\u0648\u0639\u0629 \u0645\u0646 \u0627\u0644\u0623\u0644\u0648\u0645\u0646\u064a\u0648\u0645. \u0644\u0630\u0627\u060c \u0641\u0647\u064a \u0641\u064a \u062c\u0648\u0647\u0631\u0647\u0627 \u0646\u0633\u062e\u0629 \u0623\u0643\u062b\u0631 \u062a\u0637\u0648\u0631\u064b\u0627 \u0648\u0645\u062a\u0627\u0646\u0629 \u0645\u0646 \u0634\u0631\u0627\u0626\u0637 LED. \u0648\u064a\u0639\u0648\u062f \u0630\u0644\u0643 \u0625\u0644\u0649 \u0623\u0646 \u0642\u0627\u0639\u062f\u0629 \u0627\u0644\u0623\u0644\u0648\u0645\u0646\u064a\u0648\u0645 \u062a\u0645\u0646\u0639 \u0645\u0635\u0627\u0628\u064a\u062d LED \u0645\u0646 \u0627\u0644\u0633\u062e\u0648\u0646\u0629 \u0627\u0644\u0632\u0627\u0626\u062f\u0629\u060c \u0645\u0645\u0627 \u064a\u0637\u064a\u0644 \u0639\u0645\u0631\u0647\u0627. \u0643\u0645\u0627 \u0623\u0646\u0647\u0627 \u0623\u0633\u0647\u0644 \u0648\u0623\u0643\u062b\u0631 \u0645\u062a\u0627\u0646\u0629 \u0641\u064a \u0627\u0644\u062a\u0631\u0643\u064a\u0628.<\/p>","protected":false},"excerpt":{"rendered":"<p><em><strong>*\u0645\u0644\u062d\u0648\u0638\u0627\u062a:<\/strong> \u064a\u062a\u0645 \u062a\u062d\u062f\u064a\u062f \u0627\u0644\u0633\u0639\u0631 \u0628\u0646\u0627\u0621\u064b \u0639\u0644\u0649 \u0627\u0644\u0645\u0634\u0631\u0648\u0639. \u0644\u0645\u0632\u064a\u062f \u0645\u0646 \u0627\u0644\u062a\u0641\u0627\u0635\u064a\u0644\u060c \u064a\u0631\u062c\u0649 \u0627\u0644\u062a\u0648\u0627\u0635\u0644 \u0645\u0639\u0646\u0627. <a href=\"https:\/\/cubukled.com\/ar\/cubuk-led-iletisim\/\">\u064a\u0631\u062c\u0649 \u0627\u0644\u0627\u062a\u0635\u0627\u0644 \u0628\u0646\u0627.<\/a><\/em><\/p>\n<p><strong>\u0645\u062f\u062e\u0644\u0627\u062a \u0627\u0644\u0637\u0627\u0642\u0629:<\/strong> 12 \u0641\u0648\u0644\u062a \u062a\u064a\u0627\u0631 \u0645\u0633\u062a\u0645\u0631 \/ 24 \u0641\u0648\u0644\u062a \u062a\u064a\u0627\u0631 \u0645\u0633\u062a\u0645\u0631<\/p>\n<p><strong>\u062e\u064a\u0627\u0631\u0627\u062a \u0627\u0644\u0623\u0644\u0648\u0627\u0646:<\/strong>\u00a02200 \u0643\u0644\u0641\u0646\u060c 2700 \u0643\u0644\u0641\u0646\u060c 3000 \u0643\u0644\u0641\u0646\u060c 4000 \u0643\u0644\u0641\u0646\u060c 5000 \u0643\u0644\u0641\u0646\u060c 6500 \u0643\u0644\u0641\u0646\u060c \u0623\u062d\u0645\u0631\u060c \u0623\u062e\u0636\u0631\u060c \u0623\u0632\u0631\u0642\u060c \u0643\u0647\u0631\u0645\u0627\u0646\u064a<\/p>\n<p><strong>\u0643\u0645\u064a\u0629 \u0627\u0644\u0635\u0645\u0627\u0645 \u0627\u0644\u062b\u0646\u0627\u0626\u064a \u0627\u0644\u0628\u0627\u0639\u062b \u0644\u0644\u0636\u0648\u0621:<\/strong> 60 \u0642\u0637\u0639\u0629\/\u0645\u062a\u0631\u060c 30 \u0642\u0637\u0639\u0629\/\u0645\u062a\u0631<\/p>\n<p><strong>\u0623\u0628\u0639\u0627\u062f \u062b\u0646\u0627\u0626\u064a \u0627\u0644\u0641\u064a\u0646\u064a\u0644 \u0645\u062a\u0639\u062f\u062f \u0627\u0644\u0643\u0644\u0648\u0631 \u0627\u0644\u0623\u0633\u0627\u0633\u064a:<\/strong> \u0623\u0644\u0648\u0645\u0646\u064a\u0648\u0645 12 \u00d7 1000 \u0645\u0645<\/p>\n<p><strong>\u0641\u062a\u0631\u0629 \u0627\u0644\u0627\u0646\u0642\u0637\u0627\u0639: <\/strong>5 \u0633\u0645\u060c 10 \u0633\u0645\u060c 20 \u0633\u0645<\/p>\n<p><strong>\u0645\u064a\u0632\u0629 \u0645\u0645\u064a\u0632\u0629:<\/strong> \u0627\u0642\u062a\u0635\u0627\u062f\u064a\u060c \u0645\u062d\u0645\u064a \u0645\u0646 \u0627\u0644\u062c\u0647\u062f \u0627\u0644\u0632\u0627\u0626\u062f\u060c \u0645\u062d\u0645\u064a \u0645\u0646 \u0627\u0644\u062a\u064a\u0627\u0631 \u0627\u0644\u0632\u0627\u0626\u062f<\/p>","protected":false},"featured_media":6078,"template":"","meta":{"_joinchat":[]},"product_brand":[],"product_cat":[109,287],"product_tag":[3181,2573,2574,2576],"class_list":{"0":"post-2100","1":"product","2":"type-product","3":"status-publish","4":"has-post-thumbnail","6":"product_cat-aydinlatma-urunleri","7":"product_cat-sabit-gerilim-cubuk-led","8":"product_tag-fls","9":"product_tag-led-cubuk","10":"product_tag-led-cubuk-aydinlatma","11":"product_tag-led-cubuk-isik","12":"pa_gucgirisi-12vdc","13":"pa_gucgirisi-24vdc","14":"pa_kesilmearaligi-10cm","15":"pa_kesilmearaligi-20cm","16":"pa_kesilmearaligi-5cm","17":"pa_ledmarka-led-markasi-cree","18":"pa_ledmarka-lumileds","19":"pa_ledmarka-nichia","20":"pa_ledmarka-osram","21":"pa_ledmarka-philips","22":"pa_ledmarka-led-markasi-samsung","23":"pa_ledmarka-led-markasi-seoul","24":"pa_ledmiktari-30-led","25":"pa_ledmiktari-60-led","26":"pa_onecikanozellik-akimkorumali","27":"pa_onecikanozellik-ekonomik","28":"pa_onecikanozellik-voltajkorumali","29":"pa_tabanpcbolculeri-1-metre-led","31":"first","32":"instock","33":"sale","34":"taxable","35":"shipping-taxable","36":"purchasable","37":"product-type-simple","38":"customify-col"},"yoast_head":"<!-- This site is optimized with the Yoast SEO plugin v27.2 - https:\/\/yoast.com\/product\/yoast-seo-wordpress\/ -->\n<title>LED \u00c7ubuk FLS Serisi<\/title>\n<meta name=\"description\" content=\"LED \u00c7ubuk FLS - 1 metre i\u00e7in 30 veya 60 adet LED - \u00c7ok say\u0131da \u0131\u015f\u0131k rengi se\u00e7enekleri - Al\u00fcminyum PCB \u00d6l\u00e7\u00fcs\u00fc:12mmx1mt - 12 Volt veya 24 Volt\" \/>\n<meta name=\"robots\" content=\"index, follow, max-snippet:-1, max-image-preview:large, max-video-preview:-1\" \/>\n<link rel=\"canonical\" href=\"https:\/\/cubukled.com\/ar\/fls\/\" \/>\n<meta property=\"og:locale\" content=\"ar_AR\" \/>\n<meta property=\"og:type\" content=\"article\" \/>\n<meta property=\"og:title\" content=\"LED \u00c7ubuk FLS Serisi\" \/>\n<meta property=\"og:description\" content=\"LED \u00c7ubuk FLS - 1 metre i\u00e7in 30 veya 60 adet LED - \u00c7ok say\u0131da \u0131\u015f\u0131k rengi se\u00e7enekleri - Al\u00fcminyum PCB \u00d6l\u00e7\u00fcs\u00fc:12mmx1mt - 12 Volt veya 24 Volt\" \/>\n<meta property=\"og:url\" content=\"https:\/\/cubukled.com\/ar\/fls\/\" \/>\n<meta property=\"og:site_name\" content=\"\u00c7ubuk LED\" \/>\n<meta property=\"article:publisher\" content=\"https:\/\/www.facebook.com\/cubukled\" \/>\n<meta property=\"article:modified_time\" content=\"2025-09-09T13:40:23+00:00\" \/>\n<meta property=\"og:image\" content=\"https:\/\/cubukled.com\/wp-content\/uploads\/2023\/12\/fls-led-cubuk.jpg\" \/>\n\t<meta property=\"og:image:width\" content=\"1000\" \/>\n\t<meta property=\"og:image:height\" content=\"1000\" \/>\n\t<meta property=\"og:image:type\" content=\"image\/jpeg\" \/>\n<meta name=\"twitter:card\" content=\"summary_large_image\" \/>\n<meta name=\"twitter:site\" content=\"@cubukled\" \/>\n<meta name=\"twitter:label1\" content=\"\u0648\u0642\u062a \u0627\u0644\u0642\u0631\u0627\u0621\u0629 \u0627\u0644\u0645\u064f\u0642\u062f\u0651\u0631\" \/>\n\t<meta name=\"twitter:data1\" content=\"3 \u062f\u0642\u0627\u0626\u0642\" \/>\n<script type=\"application\/ld+json\" class=\"yoast-schema-graph\">{\"@context\":\"https:\/\/schema.org\",\"@graph\":[{\"@type\":[\"WebPage\",\"ItemPage\"],\"@id\":\"https:\/\/cubukled.com\/fls\/\",\"url\":\"https:\/\/cubukled.com\/fls\/\",\"name\":\"LED \u00c7ubuk FLS Serisi\",\"isPartOf\":{\"@id\":\"https:\/\/cubukled.com\/#website\"},\"primaryImageOfPage\":{\"@id\":\"https:\/\/cubukled.com\/fls\/#primaryimage\"},\"image\":{\"@id\":\"https:\/\/cubukled.com\/fls\/#primaryimage\"},\"thumbnailUrl\":\"https:\/\/cubukled.com\/wp-content\/uploads\/2023\/12\/fls-led-cubuk.jpg\",\"datePublished\":\"2023-12-01T08:45:48+00:00\",\"dateModified\":\"2025-09-09T13:40:23+00:00\",\"description\":\"LED \u00c7ubuk FLS - 1 metre i\u00e7in 30 veya 60 adet LED - \u00c7ok say\u0131da \u0131\u015f\u0131k rengi se\u00e7enekleri - Al\u00fcminyum PCB \u00d6l\u00e7\u00fcs\u00fc:12mmx1mt - 12 Volt veya 24 Volt\",\"breadcrumb\":{\"@id\":\"https:\/\/cubukled.com\/fls\/#breadcrumb\"},\"inLanguage\":\"ar\",\"potentialAction\":[{\"@type\":\"ReadAction\",\"target\":[\"https:\/\/cubukled.com\/fls\/\"]}]},{\"@type\":\"ImageObject\",\"inLanguage\":\"ar\",\"@id\":\"https:\/\/cubukled.com\/fls\/#primaryimage\",\"url\":\"https:\/\/cubukled.com\/wp-content\/uploads\/2023\/12\/fls-led-cubuk.jpg\",\"contentUrl\":\"https:\/\/cubukled.com\/wp-content\/uploads\/2023\/12\/fls-led-cubuk.jpg\",\"width\":1000,\"height\":1000,\"caption\":\"FLS LED \u00c7ubuk I\u015f\u0131k\"},{\"@type\":\"BreadcrumbList\",\"@id\":\"https:\/\/cubukled.com\/fls\/#breadcrumb\",\"itemListElement\":[{\"@type\":\"ListItem\",\"position\":1,\"name\":\"Ana sayfa\",\"item\":\"https:\/\/cubukled.com\/\"},{\"@type\":\"ListItem\",\"position\":2,\"name\":\"Ma\u011faza\",\"item\":\"https:\/\/cubukled.com\/magaza\/\"},{\"@type\":\"ListItem\",\"position\":3,\"name\":\"FLS\"}]},{\"@type\":\"WebSite\",\"@id\":\"https:\/\/cubukled.com\/#website\",\"url\":\"https:\/\/cubukled.com\/\",\"name\":\"\u00c7ubuk LED\",\"description\":\"Cephe Ayd\u0131nlatma, Ayd\u0131nlatma Tasar\u0131m\u0131, D\u0131\u015f Mekan Animasyon Sistemleri, RGB DMX Cephe LED Animasyon\",\"publisher\":{\"@id\":\"https:\/\/cubukled.com\/#organization\"},\"alternateName\":\"cubukled\",\"potentialAction\":[{\"@type\":\"SearchAction\",\"target\":{\"@type\":\"EntryPoint\",\"urlTemplate\":\"https:\/\/cubukled.com\/?s={search_term_string}\"},\"query-input\":{\"@type\":\"PropertyValueSpecification\",\"valueRequired\":true,\"valueName\":\"search_term_string\"}}],\"inLanguage\":\"ar\"},{\"@type\":\"Organization\",\"@id\":\"https:\/\/cubukled.com\/#organization\",\"name\":\"\u00c7ubuk LED\",\"alternateName\":\"cubukled\",\"url\":\"https:\/\/cubukled.com\/\",\"logo\":{\"@type\":\"ImageObject\",\"inLanguage\":\"ar\",\"@id\":\"https:\/\/cubukled.com\/#\/schema\/logo\/image\/\",\"url\":\"https:\/\/cubukled.com\/wp-content\/uploads\/2020\/06\/cubukled-logo.jpeg\",\"contentUrl\":\"https:\/\/cubukled.com\/wp-content\/uploads\/2020\/06\/cubukled-logo.jpeg\",\"width\":1169,\"height\":669,\"caption\":\"\u00c7ubuk LED\"},\"image\":{\"@id\":\"https:\/\/cubukled.com\/#\/schema\/logo\/image\/\"},\"sameAs\":[\"https:\/\/www.facebook.com\/cubukled\",\"https:\/\/x.com\/cubukled\",\"https:\/\/tr.pinterest.com\/Cubuk_Led\/\",\"https:\/\/www.instagram.com\/cubukled\/\",\"https:\/\/www.linkedin.com\/company\/cubukled\",\"https:\/\/www.threads.net\/@cubukled\",\"https:\/\/www.youtube.com\/@cubukled\",\"https:\/\/twitter.com\/cubukled\"]}]}<\/script>\n<!-- \/ Yoast SEO plugin. -->","yoast_head_json":{"title":"LED \u00c7ubuk FLS Serisi","description":"LED \u00c7ubuk FLS - 1 metre i\u00e7in 30 veya 60 adet LED - \u00c7ok say\u0131da \u0131\u015f\u0131k rengi se\u00e7enekleri - Al\u00fcminyum PCB \u00d6l\u00e7\u00fcs\u00fc:12mmx1mt - 12 Volt veya 24 Volt","robots":{"index":"index","follow":"follow","max-snippet":"max-snippet:-1","max-image-preview":"max-image-preview:large","max-video-preview":"max-video-preview:-1"},"canonical":"https:\/\/cubukled.com\/ar\/fls\/","og_locale":"ar_AR","og_type":"article","og_title":"LED \u00c7ubuk FLS Serisi","og_description":"LED \u00c7ubuk FLS - 1 metre i\u00e7in 30 veya 60 adet LED - \u00c7ok say\u0131da \u0131\u015f\u0131k rengi se\u00e7enekleri - Al\u00fcminyum PCB \u00d6l\u00e7\u00fcs\u00fc:12mmx1mt - 12 Volt veya 24 Volt","og_url":"https:\/\/cubukled.com\/ar\/fls\/","og_site_name":"\u00c7ubuk LED","article_publisher":"https:\/\/www.facebook.com\/cubukled","article_modified_time":"2025-09-09T13:40:23+00:00","og_image":[{"width":1000,"height":1000,"url":"https:\/\/cubukled.com\/wp-content\/uploads\/2023\/12\/fls-led-cubuk.jpg","type":"image\/jpeg"}],"twitter_card":"summary_large_image","twitter_site":"@cubukled","twitter_misc":{"\u0648\u0642\u062a \u0627\u0644\u0642\u0631\u0627\u0621\u0629 \u0627\u0644\u0645\u064f\u0642\u062f\u0651\u0631":"3 \u062f\u0642\u0627\u0626\u0642"},"schema":{"@context":"https:\/\/schema.org","@graph":[{"@type":["WebPage","ItemPage"],"@id":"https:\/\/cubukled.com\/fls\/","url":"https:\/\/cubukled.com\/fls\/","name":"LED \u00c7ubuk FLS Serisi","isPartOf":{"@id":"https:\/\/cubukled.com\/#website"},"primaryImageOfPage":{"@id":"https:\/\/cubukled.com\/fls\/#primaryimage"},"image":{"@id":"https:\/\/cubukled.com\/fls\/#primaryimage"},"thumbnailUrl":"https:\/\/cubukled.com\/wp-content\/uploads\/2023\/12\/fls-led-cubuk.jpg","datePublished":"2023-12-01T08:45:48+00:00","dateModified":"2025-09-09T13:40:23+00:00","description":"LED \u00c7ubuk FLS - 1 metre i\u00e7in 30 veya 60 adet LED - \u00c7ok say\u0131da \u0131\u015f\u0131k rengi se\u00e7enekleri - Al\u00fcminyum PCB \u00d6l\u00e7\u00fcs\u00fc:12mmx1mt - 12 Volt veya 24 Volt","breadcrumb":{"@id":"https:\/\/cubukled.com\/fls\/#breadcrumb"},"inLanguage":"ar","potentialAction":[{"@type":"ReadAction","target":["https:\/\/cubukled.com\/fls\/"]}]},{"@type":"ImageObject","inLanguage":"ar","@id":"https:\/\/cubukled.com\/fls\/#primaryimage","url":"https:\/\/cubukled.com\/wp-content\/uploads\/2023\/12\/fls-led-cubuk.jpg","contentUrl":"https:\/\/cubukled.com\/wp-content\/uploads\/2023\/12\/fls-led-cubuk.jpg","width":1000,"height":1000,"caption":"FLS LED \u00c7ubuk I\u015f\u0131k"},{"@type":"BreadcrumbList","@id":"https:\/\/cubukled.com\/fls\/#breadcrumb","itemListElement":[{"@type":"ListItem","position":1,"name":"Ana sayfa","item":"https:\/\/cubukled.com\/"},{"@type":"ListItem","position":2,"name":"Ma\u011faza","item":"https:\/\/cubukled.com\/magaza\/"},{"@type":"ListItem","position":3,"name":"FLS"}]},{"@type":"WebSite","@id":"https:\/\/cubukled.com\/#website","url":"https:\/\/cubukled.com\/","name":"\u0642\u0636\u064a\u0628 \u0627\u0644\u0635\u0645\u0627\u0645 \u0627\u0644\u062b\u0646\u0627\u0626\u064a \u0627\u0644\u0628\u0627\u0639\u062b \u0644\u0644\u0636\u0648\u0621","description":"\u0625\u0636\u0627\u0621\u0629 \u0627\u0644\u0648\u0627\u062c\u0647\u0627\u062a\u060c \u062a\u0635\u0645\u064a\u0645 \u0627\u0644\u0625\u0636\u0627\u0621\u0629\u060c \u0623\u0646\u0638\u0645\u0629 \u0627\u0644\u0631\u0633\u0648\u0645 \u0627\u0644\u0645\u062a\u062d\u0631\u0643\u0629 \u0627\u0644\u062e\u0627\u0631\u062c\u064a\u0629\u060c \u0631\u0633\u0648\u0645 \u0645\u062a\u062d\u0631\u0643\u0629 \u0644\u0644\u0648\u0627\u062c\u0647\u0629 RGB DMX LED \u0644\u0644\u0648\u0627\u062c\u0647\u0629","publisher":{"@id":"https:\/\/cubukled.com\/#organization"},"alternateName":"cubukled","potentialAction":[{"@type":"SearchAction","target":{"@type":"EntryPoint","urlTemplate":"https:\/\/cubukled.com\/?s={search_term_string}"},"query-input":{"@type":"PropertyValueSpecification","valueRequired":true,"valueName":"search_term_string"}}],"inLanguage":"ar"},{"@type":"Organization","@id":"https:\/\/cubukled.com\/#organization","name":"\u0642\u0636\u064a\u0628 \u0627\u0644\u0635\u0645\u0627\u0645 \u0627\u0644\u062b\u0646\u0627\u0626\u064a \u0627\u0644\u0628\u0627\u0639\u062b \u0644\u0644\u0636\u0648\u0621","alternateName":"cubukled","url":"https:\/\/cubukled.com\/","logo":{"@type":"ImageObject","inLanguage":"ar","@id":"https:\/\/cubukled.com\/#\/schema\/logo\/image\/","url":"https:\/\/cubukled.com\/wp-content\/uploads\/2020\/06\/cubukled-logo.jpeg","contentUrl":"https:\/\/cubukled.com\/wp-content\/uploads\/2020\/06\/cubukled-logo.jpeg","width":1169,"height":669,"caption":"\u00c7ubuk LED"},"image":{"@id":"https:\/\/cubukled.com\/#\/schema\/logo\/image\/"},"sameAs":["https:\/\/www.facebook.com\/cubukled","https:\/\/x.com\/cubukled","https:\/\/tr.pinterest.com\/Cubuk_Led\/","https:\/\/www.instagram.com\/cubukled\/","https:\/\/www.linkedin.com\/company\/cubukled","https:\/\/www.threads.net\/@cubukled","https:\/\/www.youtube.com\/@cubukled","https:\/\/twitter.com\/cubukled"]}]}},"_links":{"self":[{"href":"https:\/\/cubukled.com\/ar\/wp-json\/wp\/v2\/product\/2100","targetHints":{"allow":["GET"]}}],"collection":[{"href":"https:\/\/cubukled.com\/ar\/wp-json\/wp\/v2\/product"}],"about":[{"href":"https:\/\/cubukled.com\/ar\/wp-json\/wp\/v2\/types\/product"}],"wp:featuredmedia":[{"embeddable":true,"href":"https:\/\/cubukled.com\/ar\/wp-json\/wp\/v2\/media\/6078"}],"wp:attachment":[{"href":"https:\/\/cubukled.com\/ar\/wp-json\/wp\/v2\/media?parent=2100"}],"wp:term":[{"taxonomy":"product_brand","embeddable":true,"href":"https:\/\/cubukled.com\/ar\/wp-json\/wp\/v2\/product_brand?post=2100"},{"taxonomy":"product_cat","embeddable":true,"href":"https:\/\/cubukled.com\/ar\/wp-json\/wp\/v2\/product_cat?post=2100"},{"taxonomy":"product_tag","embeddable":true,"href":"https:\/\/cubukled.com\/ar\/wp-json\/wp\/v2\/product_tag?post=2100"}],"curies":[{"name":"wp","href":"https:\/\/api.w.org\/{rel}","templated":true}]}}